{"id":15427,"date":"2024-12-28T21:17:31","date_gmt":"2024-12-28T20:17:31","guid":{"rendered":"https:\/\/zapateneo.net\/wordpress\/?post_type=product&#038;p=15427"},"modified":"2024-12-28T21:17:38","modified_gmt":"2024-12-28T20:17:38","slug":"el-arte-de-no-ser-gobernados-una-historia-anarquista-de-las-tierras-altas-del-sudeste-asiatico","status":"publish","type":"product","link":"https:\/\/zapateneo.net\/wordpress\/index.php\/producto\/el-arte-de-no-ser-gobernados-una-historia-anarquista-de-las-tierras-altas-del-sudeste-asiatico\/","title":{"rendered":"El arte de no ser gobernados Una historia anarquista de las tierras altas del sudeste asi\u00e1tico"},"content":{"rendered":"<p>En el territorio de las tierras altas que va desde la cordillera del Himalaya hasta Vietnam y la pen\u00ednsula de Malaca, se extiende una regi\u00f3n que James C. Scott llama Zomia. Marcada por su contraste con las llanuras fluviales de cultivo de arroz y los primeros Estados que all\u00ed se establecen, Zomia se ha desarrollado durante varios milenios como una mezcolanza de pueblos y gentes que, de forma consciente, han establecido sociedades de base igualitaria en oposici\u00f3n a las formas de dominio, servidumbre y esclavitud tan propias de las llanuras civilizadas. La principal caracter\u00edstica de estos pueblos es, seg\u00fan Scott, que son \u00abb\u00e1rbaros por dise\u00f1o\u00bb. Su organizaci\u00f3n social, el entorno monta\u00f1oso, su horticultura autosuficiente y sus pr\u00e1cticas culturales se han empleado con el fin de proteger a esos mismos pueblos de la intromisi\u00f3n y dominio de los Estados que los circundan.<\/p>\n<p>En una direcci\u00f3n as\u00ed opuesta a la historia escrita a partir de las civilizaciones agrarias, y luego de los Estados modernos, Scott nos ofrece un importante fragmento de una \u00abhistoria anarquista\u00bb de la humanidad. La novedad de este enfoque es que la historia de Zomia no se presenta como la de unos pueblos apartados y primitivos, sino como una corriente cultural y pol\u00edtica consciente, que se opone a las formas de vida estatales, y que en este caso perdura hasta tan tarde como las d\u00e9cadas finales del colonialismo. Zomia, adem\u00e1s, no se puede explicar como una excepci\u00f3n en la historia, sino seguramente como una trayectoria casi siempre reconocible justo a los lados de la larga marcha que ha llevado a los Estados a convertirse en la \u00fanica forma de vida pol\u00edtica concebible.<\/p>\n","protected":false},"excerpt":{"rendered":"<p><strong>James C. Scott<\/strong><br \/>\n9788419833266 &#8211; Traficantes de Sue\u00f1os, Katakrak &#8211; 2024 &#8211; 504 p\u00e1ginas \/orri.<\/p>\n","protected":false},"featured_media":15445,"template":"","meta":[],"product_brand":[],"product_cat":[1868,16],"product_tag":[6937,508,72],"class_list":{"0":"post-15427","1":"product","2":"type-product","3":"status-publish","4":"has-post-thumbnail","6":"product_cat-anarkismoa-anarquismo","7":"product_cat-libros","8":"product_tag-james-c-scott","9":"product_tag-katakrak","10":"product_tag-traficantes-de-suenos","12":"first","13":"instock","14":"sold-individually","15":"shipping-taxable","16":"purchasable","17":"product-type-simple"},"yoast_head":"<!-- This site is optimized with the Yoast SEO plugin v27.3 - https:\/\/yoast.com\/product\/yoast-seo-wordpress\/ -->\n<title>El arte de no ser gobernados Una historia anarquista de las tierras altas del sudeste asi\u00e1tico &#8212; Zapateneo<\/title>\n<meta name=\"robots\" content=\"index, follow, max-snippet:-1, max-image-preview:large, max-video-preview:-1\" \/>\n<link rel=\"canonical\" href=\"https:\/\/zapateneo.net\/wordpress\/index.php\/producto\/el-arte-de-no-ser-gobernados-una-historia-anarquista-de-las-tierras-altas-del-sudeste-asiatico\/\" \/>\n<meta property=\"og:locale\" content=\"es_ES\" \/>\n<meta property=\"og:type\" content=\"article\" \/>\n<meta property=\"og:title\" content=\"El arte de no ser gobernados Una historia anarquista de las tierras altas del sudeste asi\u00e1tico &#8212; Zapateneo\" \/>\n<meta property=\"og:description\" content=\"James C. Scott 9788419833266 - Traficantes de Sue\u00f1os, Katakrak - 2024 - 504 p\u00e1ginas \/orri.\" \/>\n<meta property=\"og:url\" content=\"https:\/\/zapateneo.net\/wordpress\/index.php\/producto\/el-arte-de-no-ser-gobernados-una-historia-anarquista-de-las-tierras-altas-del-sudeste-asiatico\/\" \/>\n<meta property=\"og:site_name\" content=\"Zapateneo\" \/>\n<meta property=\"article:modified_time\" content=\"2024-12-28T20:17:38+00:00\" \/>\n<meta name=\"twitter:card\" content=\"summary_large_image\" \/>\n<meta name=\"twitter:site\" content=\"@zapateneo\" \/>\n<meta name=\"twitter:label1\" content=\"Tiempo de lectura\" \/>\n\t<meta name=\"twitter:data1\" content=\"1 minuto\" \/>\n<script type=\"application\/ld+json\" class=\"yoast-schema-graph\">{\"@context\":\"https:\\\/\\\/schema.org\",\"@graph\":[{\"@type\":\"WebPage\",\"@id\":\"https:\\\/\\\/zapateneo.net\\\/wordpress\\\/index.php\\\/producto\\\/el-arte-de-no-ser-gobernados-una-historia-anarquista-de-las-tierras-altas-del-sudeste-asiatico\\\/\",\"url\":\"https:\\\/\\\/zapateneo.net\\\/wordpress\\\/index.php\\\/producto\\\/el-arte-de-no-ser-gobernados-una-historia-anarquista-de-las-tierras-altas-del-sudeste-asiatico\\\/\",\"name\":\"El arte de no ser gobernados Una historia anarquista de las tierras altas del sudeste asi\u00e1tico &#8212; Zapateneo\",\"isPartOf\":{\"@id\":\"https:\\\/\\\/zapateneo.net\\\/wordpress\\\/#website\"},\"primaryImageOfPage\":{\"@id\":\"https:\\\/\\\/zapateneo.net\\\/wordpress\\\/index.php\\\/producto\\\/el-arte-de-no-ser-gobernados-una-historia-anarquista-de-las-tierras-altas-del-sudeste-asiatico\\\/#primaryimage\"},\"image\":{\"@id\":\"https:\\\/\\\/zapateneo.net\\\/wordpress\\\/index.php\\\/producto\\\/el-arte-de-no-ser-gobernados-una-historia-anarquista-de-las-tierras-altas-del-sudeste-asiatico\\\/#primaryimage\"},\"thumbnailUrl\":\"https:\\\/\\\/zapateneo.net\\\/wordpress\\\/wp-content\\\/uploads\\\/2024\\\/12\\\/el-arte-de-no-ser-gobernados-i1n25340662.jpg\",\"datePublished\":\"2024-12-28T20:17:31+00:00\",\"dateModified\":\"2024-12-28T20:17:38+00:00\",\"breadcrumb\":{\"@id\":\"https:\\\/\\\/zapateneo.net\\\/wordpress\\\/index.php\\\/producto\\\/el-arte-de-no-ser-gobernados-una-historia-anarquista-de-las-tierras-altas-del-sudeste-asiatico\\\/#breadcrumb\"},\"inLanguage\":\"es\",\"potentialAction\":[{\"@type\":\"ReadAction\",\"target\":[\"https:\\\/\\\/zapateneo.net\\\/wordpress\\\/index.php\\\/producto\\\/el-arte-de-no-ser-gobernados-una-historia-anarquista-de-las-tierras-altas-del-sudeste-asiatico\\\/\"]}]},{\"@type\":\"ImageObject\",\"inLanguage\":\"es\",\"@id\":\"https:\\\/\\\/zapateneo.net\\\/wordpress\\\/index.php\\\/producto\\\/el-arte-de-no-ser-gobernados-una-historia-anarquista-de-las-tierras-altas-del-sudeste-asiatico\\\/#primaryimage\",\"url\":\"https:\\\/\\\/zapateneo.net\\\/wordpress\\\/wp-content\\\/uploads\\\/2024\\\/12\\\/el-arte-de-no-ser-gobernados-i1n25340662.jpg\",\"contentUrl\":\"https:\\\/\\\/zapateneo.net\\\/wordpress\\\/wp-content\\\/uploads\\\/2024\\\/12\\\/el-arte-de-no-ser-gobernados-i1n25340662.jpg\",\"width\":175,\"height\":262},{\"@type\":\"BreadcrumbList\",\"@id\":\"https:\\\/\\\/zapateneo.net\\\/wordpress\\\/index.php\\\/producto\\\/el-arte-de-no-ser-gobernados-una-historia-anarquista-de-las-tierras-altas-del-sudeste-asiatico\\\/#breadcrumb\",\"itemListElement\":[{\"@type\":\"ListItem\",\"position\":1,\"name\":\"Portada\",\"item\":\"https:\\\/\\\/zapateneo.net\\\/wordpress\\\/\"},{\"@type\":\"ListItem\",\"position\":2,\"name\":\"Tienda\",\"item\":\"https:\\\/\\\/zapateneo.net\\\/wordpress\\\/\"},{\"@type\":\"ListItem\",\"position\":3,\"name\":\"El arte de no ser gobernados Una historia anarquista de las tierras altas del sudeste asi\u00e1tico\"}]},{\"@type\":\"WebSite\",\"@id\":\"https:\\\/\\\/zapateneo.net\\\/wordpress\\\/#website\",\"url\":\"https:\\\/\\\/zapateneo.net\\\/wordpress\\\/\",\"name\":\"Zapateneo\",\"description\":\"Zapateneoaren webgunea\",\"publisher\":{\"@id\":\"https:\\\/\\\/zapateneo.net\\\/wordpress\\\/#organization\"},\"potentialAction\":[{\"@type\":\"SearchAction\",\"target\":{\"@type\":\"EntryPoint\",\"urlTemplate\":\"https:\\\/\\\/zapateneo.net\\\/wordpress\\\/?s={search_term_string}\"},\"query-input\":{\"@type\":\"PropertyValueSpecification\",\"valueRequired\":true,\"valueName\":\"search_term_string\"}}],\"inLanguage\":\"es\"},{\"@type\":\"Organization\",\"@id\":\"https:\\\/\\\/zapateneo.net\\\/wordpress\\\/#organization\",\"name\":\"Zapateneo Kultur Elkartea\",\"url\":\"https:\\\/\\\/zapateneo.net\\\/wordpress\\\/\",\"logo\":{\"@type\":\"ImageObject\",\"inLanguage\":\"es\",\"@id\":\"https:\\\/\\\/zapateneo.net\\\/wordpress\\\/#\\\/schema\\\/logo\\\/image\\\/\",\"url\":\"https:\\\/\\\/zapateneo.net\\\/wordpress\\\/wp-content\\\/uploads\\\/2021\\\/04\\\/zap-libu-kolec.jpg\",\"contentUrl\":\"https:\\\/\\\/zapateneo.net\\\/wordpress\\\/wp-content\\\/uploads\\\/2021\\\/04\\\/zap-libu-kolec.jpg\",\"width\":2234,\"height\":398,\"caption\":\"Zapateneo Kultur Elkartea\"},\"image\":{\"@id\":\"https:\\\/\\\/zapateneo.net\\\/wordpress\\\/#\\\/schema\\\/logo\\\/image\\\/\"},\"sameAs\":[\"https:\\\/\\\/x.com\\\/zapateneo\"]}]}<\/script>\n<!-- \/ Yoast SEO plugin. -->","yoast_head_json":{"title":"El arte de no ser gobernados Una historia anarquista de las tierras altas del sudeste asi\u00e1tico &#8212; Zapateneo","robots":{"index":"index","follow":"follow","max-snippet":"max-snippet:-1","max-image-preview":"max-image-preview:large","max-video-preview":"max-video-preview:-1"},"canonical":"https:\/\/zapateneo.net\/wordpress\/index.php\/producto\/el-arte-de-no-ser-gobernados-una-historia-anarquista-de-las-tierras-altas-del-sudeste-asiatico\/","og_locale":"es_ES","og_type":"article","og_title":"El arte de no ser gobernados Una historia anarquista de las tierras altas del sudeste asi\u00e1tico &#8212; Zapateneo","og_description":"James C. Scott 9788419833266 - Traficantes de Sue\u00f1os, Katakrak - 2024 - 504 p\u00e1ginas \/orri.","og_url":"https:\/\/zapateneo.net\/wordpress\/index.php\/producto\/el-arte-de-no-ser-gobernados-una-historia-anarquista-de-las-tierras-altas-del-sudeste-asiatico\/","og_site_name":"Zapateneo","article_modified_time":"2024-12-28T20:17:38+00:00","twitter_card":"summary_large_image","twitter_site":"@zapateneo","twitter_misc":{"Tiempo de lectura":"1 minuto"},"schema":{"@context":"https:\/\/schema.org","@graph":[{"@type":"WebPage","@id":"https:\/\/zapateneo.net\/wordpress\/index.php\/producto\/el-arte-de-no-ser-gobernados-una-historia-anarquista-de-las-tierras-altas-del-sudeste-asiatico\/","url":"https:\/\/zapateneo.net\/wordpress\/index.php\/producto\/el-arte-de-no-ser-gobernados-una-historia-anarquista-de-las-tierras-altas-del-sudeste-asiatico\/","name":"El arte de no ser gobernados Una historia anarquista de las tierras altas del sudeste asi\u00e1tico &#8212; Zapateneo","isPartOf":{"@id":"https:\/\/zapateneo.net\/wordpress\/#website"},"primaryImageOfPage":{"@id":"https:\/\/zapateneo.net\/wordpress\/index.php\/producto\/el-arte-de-no-ser-gobernados-una-historia-anarquista-de-las-tierras-altas-del-sudeste-asiatico\/#primaryimage"},"image":{"@id":"https:\/\/zapateneo.net\/wordpress\/index.php\/producto\/el-arte-de-no-ser-gobernados-una-historia-anarquista-de-las-tierras-altas-del-sudeste-asiatico\/#primaryimage"},"thumbnailUrl":"https:\/\/zapateneo.net\/wordpress\/wp-content\/uploads\/2024\/12\/el-arte-de-no-ser-gobernados-i1n25340662.jpg","datePublished":"2024-12-28T20:17:31+00:00","dateModified":"2024-12-28T20:17:38+00:00","breadcrumb":{"@id":"https:\/\/zapateneo.net\/wordpress\/index.php\/producto\/el-arte-de-no-ser-gobernados-una-historia-anarquista-de-las-tierras-altas-del-sudeste-asiatico\/#breadcrumb"},"inLanguage":"es","potentialAction":[{"@type":"ReadAction","target":["https:\/\/zapateneo.net\/wordpress\/index.php\/producto\/el-arte-de-no-ser-gobernados-una-historia-anarquista-de-las-tierras-altas-del-sudeste-asiatico\/"]}]},{"@type":"ImageObject","inLanguage":"es","@id":"https:\/\/zapateneo.net\/wordpress\/index.php\/producto\/el-arte-de-no-ser-gobernados-una-historia-anarquista-de-las-tierras-altas-del-sudeste-asiatico\/#primaryimage","url":"https:\/\/zapateneo.net\/wordpress\/wp-content\/uploads\/2024\/12\/el-arte-de-no-ser-gobernados-i1n25340662.jpg","contentUrl":"https:\/\/zapateneo.net\/wordpress\/wp-content\/uploads\/2024\/12\/el-arte-de-no-ser-gobernados-i1n25340662.jpg","width":175,"height":262},{"@type":"BreadcrumbList","@id":"https:\/\/zapateneo.net\/wordpress\/index.php\/producto\/el-arte-de-no-ser-gobernados-una-historia-anarquista-de-las-tierras-altas-del-sudeste-asiatico\/#breadcrumb","itemListElement":[{"@type":"ListItem","position":1,"name":"Portada","item":"https:\/\/zapateneo.net\/wordpress\/"},{"@type":"ListItem","position":2,"name":"Tienda","item":"https:\/\/zapateneo.net\/wordpress\/"},{"@type":"ListItem","position":3,"name":"El arte de no ser gobernados Una historia anarquista de las tierras altas del sudeste asi\u00e1tico"}]},{"@type":"WebSite","@id":"https:\/\/zapateneo.net\/wordpress\/#website","url":"https:\/\/zapateneo.net\/wordpress\/","name":"Zapateneo","description":"Zapateneoaren webgunea","publisher":{"@id":"https:\/\/zapateneo.net\/wordpress\/#organization"},"potentialAction":[{"@type":"SearchAction","target":{"@type":"EntryPoint","urlTemplate":"https:\/\/zapateneo.net\/wordpress\/?s={search_term_string}"},"query-input":{"@type":"PropertyValueSpecification","valueRequired":true,"valueName":"search_term_string"}}],"inLanguage":"es"},{"@type":"Organization","@id":"https:\/\/zapateneo.net\/wordpress\/#organization","name":"Zapateneo Kultur Elkartea","url":"https:\/\/zapateneo.net\/wordpress\/","logo":{"@type":"ImageObject","inLanguage":"es","@id":"https:\/\/zapateneo.net\/wordpress\/#\/schema\/logo\/image\/","url":"https:\/\/zapateneo.net\/wordpress\/wp-content\/uploads\/2021\/04\/zap-libu-kolec.jpg","contentUrl":"https:\/\/zapateneo.net\/wordpress\/wp-content\/uploads\/2021\/04\/zap-libu-kolec.jpg","width":2234,"height":398,"caption":"Zapateneo Kultur Elkartea"},"image":{"@id":"https:\/\/zapateneo.net\/wordpress\/#\/schema\/logo\/image\/"},"sameAs":["https:\/\/x.com\/zapateneo"]}]}},"_links":{"self":[{"href":"https:\/\/zapateneo.net\/wordpress\/index.php\/wp-json\/wp\/v2\/product\/15427","targetHints":{"allow":["GET"]}}],"collection":[{"href":"https:\/\/zapateneo.net\/wordpress\/index.php\/wp-json\/wp\/v2\/product"}],"about":[{"href":"https:\/\/zapateneo.net\/wordpress\/index.php\/wp-json\/wp\/v2\/types\/product"}],"wp:featuredmedia":[{"embeddable":true,"href":"https:\/\/zapateneo.net\/wordpress\/index.php\/wp-json\/wp\/v2\/media\/15445"}],"wp:attachment":[{"href":"https:\/\/zapateneo.net\/wordpress\/index.php\/wp-json\/wp\/v2\/media?parent=15427"}],"wp:term":[{"taxonomy":"product_brand","embeddable":true,"href":"https:\/\/zapateneo.net\/wordpress\/index.php\/wp-json\/wp\/v2\/product_brand?post=15427"},{"taxonomy":"product_cat","embeddable":true,"href":"https:\/\/zapateneo.net\/wordpress\/index.php\/wp-json\/wp\/v2\/product_cat?post=15427"},{"taxonomy":"product_tag","embeddable":true,"href":"https:\/\/zapateneo.net\/wordpress\/index.php\/wp-json\/wp\/v2\/product_tag?post=15427"}],"curies":[{"name":"wp","href":"https:\/\/api.w.org\/{rel}","templated":true}]}}