{"id":15426,"date":"2024-12-28T21:17:31","date_gmt":"2024-12-28T20:17:31","guid":{"rendered":"https:\/\/zapateneo.net\/wordpress\/?post_type=product&#038;p=15426"},"modified":"2024-12-28T21:17:38","modified_gmt":"2024-12-28T20:17:38","slug":"implosion-apuntes-sobre-la-cuestion-social-en-la-precariedad","status":"publish","type":"product","link":"https:\/\/zapateneo.net\/wordpress\/index.php\/producto\/implosion-apuntes-sobre-la-cuestion-social-en-la-precariedad\/","title":{"rendered":"Implosi\u00f3n Apuntes sobre la cuesti\u00f3n social en la precariedad"},"content":{"rendered":"<p>Para indagar sobre \u00abla cuesti\u00f3n social\u00bb hay que sumergirse en un lenguaje de combate. Implosi\u00f3n confronta la noci\u00f3n de \u00ablo social\u00bb como aquello a comprender para ser administrado, lo tumultuoso a contener o el conjunto de consecuencias inevitables de un modelo de socializaci\u00f3n y trabajo que produce m\u00e1rgenes y descontentos. Aqu\u00ed se propone leer lo social desde abajo, por eso se lo llama tambi\u00e9n \u00abfuerza\u00bb, \u00abmayor\u00edas populares\u00bb, \u00abvidas precarizadas y cansadas\u00bb, \u00abestados an\u00edmicos\u00bb.<br \/>\nEn este libro emerge una geometr\u00eda que es a la vez territorial, subjetiva e hist\u00f3rica. La implosi\u00f3n nos permite entender las formas actuales de los v\u00ednculos, de las violencias que los constituyen pero tambi\u00e9n de sus derivas estrat\u00e9gicas y sus superficies cotidianas. La precariedad es el fondo, o la condici\u00f3n de posibilidad de esa implosi\u00f3n. Asimismo, esta categor\u00eda es tambi\u00e9n sacudida de su status atrapa-todo para devenir fenomenolog\u00eda de gestos, tonalidades y riesgos.<\/p>\n","protected":false},"excerpt":{"rendered":"<p><strong>Leandro Barttolotta, Ignacio Gago<\/strong><br \/>\n9786316507068 &#8211; Tinta lim\u00f3n &#8211; 2024 &#8211; 120 p\u00e1ginas \/orri.<\/p>\n","protected":false},"featured_media":15444,"template":"","meta":[],"product_brand":[],"product_cat":[6934,173],"product_tag":[6936,6935,660],"class_list":{"0":"post-15426","1":"product","2":"type-product","3":"status-publish","4":"has-post-thumbnail","6":"product_cat-libros-luburuak","7":"product_cat-saiakera-ensayo","8":"product_tag-ignacio-gago","9":"product_tag-leandro-barttolotta","10":"product_tag-tinta-limon","12":"first","13":"instock","14":"sold-individually","15":"shipping-taxable","16":"purchasable","17":"product-type-simple"},"yoast_head":"<!-- This site is optimized with the Yoast SEO plugin v27.3 - https:\/\/yoast.com\/product\/yoast-seo-wordpress\/ -->\n<title>Implosi\u00f3n Apuntes sobre la cuesti\u00f3n social en la precariedad &#8212; Zapateneo<\/title>\n<meta name=\"robots\" content=\"index, follow, max-snippet:-1, max-image-preview:large, max-video-preview:-1\" \/>\n<link rel=\"canonical\" href=\"https:\/\/zapateneo.net\/wordpress\/index.php\/producto\/implosion-apuntes-sobre-la-cuestion-social-en-la-precariedad\/\" \/>\n<meta property=\"og:locale\" content=\"es_ES\" \/>\n<meta property=\"og:type\" content=\"article\" \/>\n<meta property=\"og:title\" content=\"Implosi\u00f3n Apuntes sobre la cuesti\u00f3n social en la precariedad &#8212; Zapateneo\" \/>\n<meta property=\"og:description\" content=\"Leandro Barttolotta, Ignacio Gago 9786316507068 - Tinta lim\u00f3n - 2024 - 120 p\u00e1ginas \/orri.\" \/>\n<meta property=\"og:url\" content=\"https:\/\/zapateneo.net\/wordpress\/index.php\/producto\/implosion-apuntes-sobre-la-cuestion-social-en-la-precariedad\/\" \/>\n<meta property=\"og:site_name\" content=\"Zapateneo\" \/>\n<meta property=\"article:modified_time\" content=\"2024-12-28T20:17:38+00:00\" \/>\n<meta name=\"twitter:card\" content=\"summary_large_image\" \/>\n<meta name=\"twitter:site\" content=\"@zapateneo\" \/>\n<meta name=\"twitter:label1\" content=\"Tiempo de lectura\" \/>\n\t<meta name=\"twitter:data1\" content=\"1 minuto\" \/>\n<script type=\"application\/ld+json\" class=\"yoast-schema-graph\">{\"@context\":\"https:\\\/\\\/schema.org\",\"@graph\":[{\"@type\":\"WebPage\",\"@id\":\"https:\\\/\\\/zapateneo.net\\\/wordpress\\\/index.php\\\/producto\\\/implosion-apuntes-sobre-la-cuestion-social-en-la-precariedad\\\/\",\"url\":\"https:\\\/\\\/zapateneo.net\\\/wordpress\\\/index.php\\\/producto\\\/implosion-apuntes-sobre-la-cuestion-social-en-la-precariedad\\\/\",\"name\":\"Implosi\u00f3n Apuntes sobre la cuesti\u00f3n social en la precariedad &#8212; Zapateneo\",\"isPartOf\":{\"@id\":\"https:\\\/\\\/zapateneo.net\\\/wordpress\\\/#website\"},\"primaryImageOfPage\":{\"@id\":\"https:\\\/\\\/zapateneo.net\\\/wordpress\\\/index.php\\\/producto\\\/implosion-apuntes-sobre-la-cuestion-social-en-la-precariedad\\\/#primaryimage\"},\"image\":{\"@id\":\"https:\\\/\\\/zapateneo.net\\\/wordpress\\\/index.php\\\/producto\\\/implosion-apuntes-sobre-la-cuestion-social-en-la-precariedad\\\/#primaryimage\"},\"thumbnailUrl\":\"https:\\\/\\\/zapateneo.net\\\/wordpress\\\/wp-content\\\/uploads\\\/2024\\\/12\\\/tapaimplosion_316x465_5d84f3dc-6c20-4f80-a385-782328950e8d_1800x.jpg\",\"datePublished\":\"2024-12-28T20:17:31+00:00\",\"dateModified\":\"2024-12-28T20:17:38+00:00\",\"breadcrumb\":{\"@id\":\"https:\\\/\\\/zapateneo.net\\\/wordpress\\\/index.php\\\/producto\\\/implosion-apuntes-sobre-la-cuestion-social-en-la-precariedad\\\/#breadcrumb\"},\"inLanguage\":\"es\",\"potentialAction\":[{\"@type\":\"ReadAction\",\"target\":[\"https:\\\/\\\/zapateneo.net\\\/wordpress\\\/index.php\\\/producto\\\/implosion-apuntes-sobre-la-cuestion-social-en-la-precariedad\\\/\"]}]},{\"@type\":\"ImageObject\",\"inLanguage\":\"es\",\"@id\":\"https:\\\/\\\/zapateneo.net\\\/wordpress\\\/index.php\\\/producto\\\/implosion-apuntes-sobre-la-cuestion-social-en-la-precariedad\\\/#primaryimage\",\"url\":\"https:\\\/\\\/zapateneo.net\\\/wordpress\\\/wp-content\\\/uploads\\\/2024\\\/12\\\/tapaimplosion_316x465_5d84f3dc-6c20-4f80-a385-782328950e8d_1800x.jpg\",\"contentUrl\":\"https:\\\/\\\/zapateneo.net\\\/wordpress\\\/wp-content\\\/uploads\\\/2024\\\/12\\\/tapaimplosion_316x465_5d84f3dc-6c20-4f80-a385-782328950e8d_1800x.jpg\",\"width\":271,\"height\":400},{\"@type\":\"BreadcrumbList\",\"@id\":\"https:\\\/\\\/zapateneo.net\\\/wordpress\\\/index.php\\\/producto\\\/implosion-apuntes-sobre-la-cuestion-social-en-la-precariedad\\\/#breadcrumb\",\"itemListElement\":[{\"@type\":\"ListItem\",\"position\":1,\"name\":\"Portada\",\"item\":\"https:\\\/\\\/zapateneo.net\\\/wordpress\\\/\"},{\"@type\":\"ListItem\",\"position\":2,\"name\":\"Tienda\",\"item\":\"https:\\\/\\\/zapateneo.net\\\/wordpress\\\/\"},{\"@type\":\"ListItem\",\"position\":3,\"name\":\"Implosi\u00f3n Apuntes sobre la cuesti\u00f3n social en la precariedad\"}]},{\"@type\":\"WebSite\",\"@id\":\"https:\\\/\\\/zapateneo.net\\\/wordpress\\\/#website\",\"url\":\"https:\\\/\\\/zapateneo.net\\\/wordpress\\\/\",\"name\":\"Zapateneo\",\"description\":\"Zapateneoaren webgunea\",\"publisher\":{\"@id\":\"https:\\\/\\\/zapateneo.net\\\/wordpress\\\/#organization\"},\"potentialAction\":[{\"@type\":\"SearchAction\",\"target\":{\"@type\":\"EntryPoint\",\"urlTemplate\":\"https:\\\/\\\/zapateneo.net\\\/wordpress\\\/?s={search_term_string}\"},\"query-input\":{\"@type\":\"PropertyValueSpecification\",\"valueRequired\":true,\"valueName\":\"search_term_string\"}}],\"inLanguage\":\"es\"},{\"@type\":\"Organization\",\"@id\":\"https:\\\/\\\/zapateneo.net\\\/wordpress\\\/#organization\",\"name\":\"Zapateneo Kultur Elkartea\",\"url\":\"https:\\\/\\\/zapateneo.net\\\/wordpress\\\/\",\"logo\":{\"@type\":\"ImageObject\",\"inLanguage\":\"es\",\"@id\":\"https:\\\/\\\/zapateneo.net\\\/wordpress\\\/#\\\/schema\\\/logo\\\/image\\\/\",\"url\":\"https:\\\/\\\/zapateneo.net\\\/wordpress\\\/wp-content\\\/uploads\\\/2021\\\/04\\\/zap-libu-kolec.jpg\",\"contentUrl\":\"https:\\\/\\\/zapateneo.net\\\/wordpress\\\/wp-content\\\/uploads\\\/2021\\\/04\\\/zap-libu-kolec.jpg\",\"width\":2234,\"height\":398,\"caption\":\"Zapateneo Kultur Elkartea\"},\"image\":{\"@id\":\"https:\\\/\\\/zapateneo.net\\\/wordpress\\\/#\\\/schema\\\/logo\\\/image\\\/\"},\"sameAs\":[\"https:\\\/\\\/x.com\\\/zapateneo\"]}]}<\/script>\n<!-- \/ Yoast SEO plugin. -->","yoast_head_json":{"title":"Implosi\u00f3n Apuntes sobre la cuesti\u00f3n social en la precariedad &#8212; Zapateneo","robots":{"index":"index","follow":"follow","max-snippet":"max-snippet:-1","max-image-preview":"max-image-preview:large","max-video-preview":"max-video-preview:-1"},"canonical":"https:\/\/zapateneo.net\/wordpress\/index.php\/producto\/implosion-apuntes-sobre-la-cuestion-social-en-la-precariedad\/","og_locale":"es_ES","og_type":"article","og_title":"Implosi\u00f3n Apuntes sobre la cuesti\u00f3n social en la precariedad &#8212; Zapateneo","og_description":"Leandro Barttolotta, Ignacio Gago 9786316507068 - Tinta lim\u00f3n - 2024 - 120 p\u00e1ginas \/orri.","og_url":"https:\/\/zapateneo.net\/wordpress\/index.php\/producto\/implosion-apuntes-sobre-la-cuestion-social-en-la-precariedad\/","og_site_name":"Zapateneo","article_modified_time":"2024-12-28T20:17:38+00:00","twitter_card":"summary_large_image","twitter_site":"@zapateneo","twitter_misc":{"Tiempo de lectura":"1 minuto"},"schema":{"@context":"https:\/\/schema.org","@graph":[{"@type":"WebPage","@id":"https:\/\/zapateneo.net\/wordpress\/index.php\/producto\/implosion-apuntes-sobre-la-cuestion-social-en-la-precariedad\/","url":"https:\/\/zapateneo.net\/wordpress\/index.php\/producto\/implosion-apuntes-sobre-la-cuestion-social-en-la-precariedad\/","name":"Implosi\u00f3n Apuntes sobre la cuesti\u00f3n social en la precariedad &#8212; Zapateneo","isPartOf":{"@id":"https:\/\/zapateneo.net\/wordpress\/#website"},"primaryImageOfPage":{"@id":"https:\/\/zapateneo.net\/wordpress\/index.php\/producto\/implosion-apuntes-sobre-la-cuestion-social-en-la-precariedad\/#primaryimage"},"image":{"@id":"https:\/\/zapateneo.net\/wordpress\/index.php\/producto\/implosion-apuntes-sobre-la-cuestion-social-en-la-precariedad\/#primaryimage"},"thumbnailUrl":"https:\/\/zapateneo.net\/wordpress\/wp-content\/uploads\/2024\/12\/tapaimplosion_316x465_5d84f3dc-6c20-4f80-a385-782328950e8d_1800x.jpg","datePublished":"2024-12-28T20:17:31+00:00","dateModified":"2024-12-28T20:17:38+00:00","breadcrumb":{"@id":"https:\/\/zapateneo.net\/wordpress\/index.php\/producto\/implosion-apuntes-sobre-la-cuestion-social-en-la-precariedad\/#breadcrumb"},"inLanguage":"es","potentialAction":[{"@type":"ReadAction","target":["https:\/\/zapateneo.net\/wordpress\/index.php\/producto\/implosion-apuntes-sobre-la-cuestion-social-en-la-precariedad\/"]}]},{"@type":"ImageObject","inLanguage":"es","@id":"https:\/\/zapateneo.net\/wordpress\/index.php\/producto\/implosion-apuntes-sobre-la-cuestion-social-en-la-precariedad\/#primaryimage","url":"https:\/\/zapateneo.net\/wordpress\/wp-content\/uploads\/2024\/12\/tapaimplosion_316x465_5d84f3dc-6c20-4f80-a385-782328950e8d_1800x.jpg","contentUrl":"https:\/\/zapateneo.net\/wordpress\/wp-content\/uploads\/2024\/12\/tapaimplosion_316x465_5d84f3dc-6c20-4f80-a385-782328950e8d_1800x.jpg","width":271,"height":400},{"@type":"BreadcrumbList","@id":"https:\/\/zapateneo.net\/wordpress\/index.php\/producto\/implosion-apuntes-sobre-la-cuestion-social-en-la-precariedad\/#breadcrumb","itemListElement":[{"@type":"ListItem","position":1,"name":"Portada","item":"https:\/\/zapateneo.net\/wordpress\/"},{"@type":"ListItem","position":2,"name":"Tienda","item":"https:\/\/zapateneo.net\/wordpress\/"},{"@type":"ListItem","position":3,"name":"Implosi\u00f3n Apuntes sobre la cuesti\u00f3n social en la precariedad"}]},{"@type":"WebSite","@id":"https:\/\/zapateneo.net\/wordpress\/#website","url":"https:\/\/zapateneo.net\/wordpress\/","name":"Zapateneo","description":"Zapateneoaren webgunea","publisher":{"@id":"https:\/\/zapateneo.net\/wordpress\/#organization"},"potentialAction":[{"@type":"SearchAction","target":{"@type":"EntryPoint","urlTemplate":"https:\/\/zapateneo.net\/wordpress\/?s={search_term_string}"},"query-input":{"@type":"PropertyValueSpecification","valueRequired":true,"valueName":"search_term_string"}}],"inLanguage":"es"},{"@type":"Organization","@id":"https:\/\/zapateneo.net\/wordpress\/#organization","name":"Zapateneo Kultur Elkartea","url":"https:\/\/zapateneo.net\/wordpress\/","logo":{"@type":"ImageObject","inLanguage":"es","@id":"https:\/\/zapateneo.net\/wordpress\/#\/schema\/logo\/image\/","url":"https:\/\/zapateneo.net\/wordpress\/wp-content\/uploads\/2021\/04\/zap-libu-kolec.jpg","contentUrl":"https:\/\/zapateneo.net\/wordpress\/wp-content\/uploads\/2021\/04\/zap-libu-kolec.jpg","width":2234,"height":398,"caption":"Zapateneo Kultur Elkartea"},"image":{"@id":"https:\/\/zapateneo.net\/wordpress\/#\/schema\/logo\/image\/"},"sameAs":["https:\/\/x.com\/zapateneo"]}]}},"_links":{"self":[{"href":"https:\/\/zapateneo.net\/wordpress\/index.php\/wp-json\/wp\/v2\/product\/15426","targetHints":{"allow":["GET"]}}],"collection":[{"href":"https:\/\/zapateneo.net\/wordpress\/index.php\/wp-json\/wp\/v2\/product"}],"about":[{"href":"https:\/\/zapateneo.net\/wordpress\/index.php\/wp-json\/wp\/v2\/types\/product"}],"wp:featuredmedia":[{"embeddable":true,"href":"https:\/\/zapateneo.net\/wordpress\/index.php\/wp-json\/wp\/v2\/media\/15444"}],"wp:attachment":[{"href":"https:\/\/zapateneo.net\/wordpress\/index.php\/wp-json\/wp\/v2\/media?parent=15426"}],"wp:term":[{"taxonomy":"product_brand","embeddable":true,"href":"https:\/\/zapateneo.net\/wordpress\/index.php\/wp-json\/wp\/v2\/product_brand?post=15426"},{"taxonomy":"product_cat","embeddable":true,"href":"https:\/\/zapateneo.net\/wordpress\/index.php\/wp-json\/wp\/v2\/product_cat?post=15426"},{"taxonomy":"product_tag","embeddable":true,"href":"https:\/\/zapateneo.net\/wordpress\/index.php\/wp-json\/wp\/v2\/product_tag?post=15426"}],"curies":[{"name":"wp","href":"https:\/\/api.w.org\/{rel}","templated":true}]}}