{"id":15425,"date":"2024-12-28T21:17:31","date_gmt":"2024-12-28T20:17:31","guid":{"rendered":"https:\/\/zapateneo.net\/wordpress\/?post_type=product&#038;p=15425"},"modified":"2024-12-28T21:17:38","modified_gmt":"2024-12-28T20:17:38","slug":"contra-el-mito-de-la-fuerza-viril-autodefensa-en-clave-feminista","status":"publish","type":"product","link":"https:\/\/zapateneo.net\/wordpress\/index.php\/producto\/contra-el-mito-de-la-fuerza-viril-autodefensa-en-clave-feminista\/","title":{"rendered":"Contra el mito de la fuerza viril Autodefensa en clave feminista"},"content":{"rendered":"<p>En sus talleres de autoconciencia de combate feminista y en sus clases de filosof\u00eda, Alessandra Chiricosta presta especial atenci\u00f3n a la noci\u00f3n de fuerza y, en particular, a la de fuerza de combate. Vivi\u00f3 diez a\u00f1os en Vietnam y desde joven practica y ense\u00f1a artes marciales de origen asi\u00e1tico: kung fu-wushu, jiu jitsu, muay thai, tai chi chuan.<br \/>\nLas artes marciales, el pensamiento filos\u00f3fico y los feminismos se entrecruzan en su vida y en su obra como pr\u00e1cticas de autoconciencia y de liberaci\u00f3n. As\u00ed, retoma una tradici\u00f3n que podr\u00eda remontarse, al menos, hasta el movimiento sufragista de principios de siglo XX, con sus pr\u00e1cticas de jiu jitsu japon\u00e9s como forma de defensa \u00absin armas\u00bb ante agresores armados o no.<br \/>\nTodo en pos de un conocimiento y un ejercicio de la fuerza propia que permita desafiar el orden patriarcal de forma colectiva y evitar el enfrentamiento directo. La pregunta estrat\u00e9gica, ayer y hoy, es c\u00f3mo dar el combate bajo criterios que no sean los impuestos por el enemigo.<\/p>\n","protected":false},"excerpt":{"rendered":"<p><strong>Alessandra Chiricosta<\/strong><br \/>\n9786316507051 &#8211; Tinta lim\u00f3n &#8211;  &#8211; 80 p\u00e1ginas \/orri.<\/p>\n","protected":false},"featured_media":15443,"template":"","meta":[],"product_brand":[],"product_cat":[174,16],"product_tag":[6933,660],"class_list":{"0":"post-15425","1":"product","2":"type-product","3":"status-publish","4":"has-post-thumbnail","6":"product_cat-generoak-generos","7":"product_cat-libros","8":"product_tag-alessandra-chiricosta","9":"product_tag-tinta-limon","11":"first","12":"instock","13":"sold-individually","14":"shipping-taxable","15":"purchasable","16":"product-type-simple"},"yoast_head":"<!-- This site is optimized with the Yoast SEO plugin v27.3 - https:\/\/yoast.com\/product\/yoast-seo-wordpress\/ -->\n<title>Contra el mito de la fuerza viril Autodefensa en clave feminista &#8212; Zapateneo<\/title>\n<meta name=\"robots\" content=\"index, follow, max-snippet:-1, max-image-preview:large, max-video-preview:-1\" \/>\n<link rel=\"canonical\" href=\"https:\/\/zapateneo.net\/wordpress\/index.php\/producto\/contra-el-mito-de-la-fuerza-viril-autodefensa-en-clave-feminista\/\" \/>\n<meta property=\"og:locale\" content=\"es_ES\" \/>\n<meta property=\"og:type\" content=\"article\" \/>\n<meta property=\"og:title\" content=\"Contra el mito de la fuerza viril Autodefensa en clave feminista &#8212; Zapateneo\" \/>\n<meta property=\"og:description\" content=\"Alessandra Chiricosta 9786316507051 - Tinta lim\u00f3n - - 80 p\u00e1ginas \/orri.\" \/>\n<meta property=\"og:url\" content=\"https:\/\/zapateneo.net\/wordpress\/index.php\/producto\/contra-el-mito-de-la-fuerza-viril-autodefensa-en-clave-feminista\/\" \/>\n<meta property=\"og:site_name\" content=\"Zapateneo\" \/>\n<meta property=\"article:modified_time\" content=\"2024-12-28T20:17:38+00:00\" \/>\n<meta name=\"twitter:card\" content=\"summary_large_image\" \/>\n<meta name=\"twitter:site\" content=\"@zapateneo\" \/>\n<meta name=\"twitter:label1\" content=\"Tiempo de lectura\" \/>\n\t<meta name=\"twitter:data1\" content=\"1 minuto\" \/>\n<script type=\"application\/ld+json\" class=\"yoast-schema-graph\">{\"@context\":\"https:\\\/\\\/schema.org\",\"@graph\":[{\"@type\":\"WebPage\",\"@id\":\"https:\\\/\\\/zapateneo.net\\\/wordpress\\\/index.php\\\/producto\\\/contra-el-mito-de-la-fuerza-viril-autodefensa-en-clave-feminista\\\/\",\"url\":\"https:\\\/\\\/zapateneo.net\\\/wordpress\\\/index.php\\\/producto\\\/contra-el-mito-de-la-fuerza-viril-autodefensa-en-clave-feminista\\\/\",\"name\":\"Contra el mito de la fuerza viril Autodefensa en clave feminista &#8212; Zapateneo\",\"isPartOf\":{\"@id\":\"https:\\\/\\\/zapateneo.net\\\/wordpress\\\/#website\"},\"primaryImageOfPage\":{\"@id\":\"https:\\\/\\\/zapateneo.net\\\/wordpress\\\/index.php\\\/producto\\\/contra-el-mito-de-la-fuerza-viril-autodefensa-en-clave-feminista\\\/#primaryimage\"},\"image\":{\"@id\":\"https:\\\/\\\/zapateneo.net\\\/wordpress\\\/index.php\\\/producto\\\/contra-el-mito-de-la-fuerza-viril-autodefensa-en-clave-feminista\\\/#primaryimage\"},\"thumbnailUrl\":\"https:\\\/\\\/zapateneo.net\\\/wordpress\\\/wp-content\\\/uploads\\\/2024\\\/12\\\/contra-el-mito-de-la-fuerza-viril-9786316507051-scaled-1.jpg\",\"datePublished\":\"2024-12-28T20:17:31+00:00\",\"dateModified\":\"2024-12-28T20:17:38+00:00\",\"breadcrumb\":{\"@id\":\"https:\\\/\\\/zapateneo.net\\\/wordpress\\\/index.php\\\/producto\\\/contra-el-mito-de-la-fuerza-viril-autodefensa-en-clave-feminista\\\/#breadcrumb\"},\"inLanguage\":\"es\",\"potentialAction\":[{\"@type\":\"ReadAction\",\"target\":[\"https:\\\/\\\/zapateneo.net\\\/wordpress\\\/index.php\\\/producto\\\/contra-el-mito-de-la-fuerza-viril-autodefensa-en-clave-feminista\\\/\"]}]},{\"@type\":\"ImageObject\",\"inLanguage\":\"es\",\"@id\":\"https:\\\/\\\/zapateneo.net\\\/wordpress\\\/index.php\\\/producto\\\/contra-el-mito-de-la-fuerza-viril-autodefensa-en-clave-feminista\\\/#primaryimage\",\"url\":\"https:\\\/\\\/zapateneo.net\\\/wordpress\\\/wp-content\\\/uploads\\\/2024\\\/12\\\/contra-el-mito-de-la-fuerza-viril-9786316507051-scaled-1.jpg\",\"contentUrl\":\"https:\\\/\\\/zapateneo.net\\\/wordpress\\\/wp-content\\\/uploads\\\/2024\\\/12\\\/contra-el-mito-de-la-fuerza-viril-9786316507051-scaled-1.jpg\",\"width\":261,\"height\":400},{\"@type\":\"BreadcrumbList\",\"@id\":\"https:\\\/\\\/zapateneo.net\\\/wordpress\\\/index.php\\\/producto\\\/contra-el-mito-de-la-fuerza-viril-autodefensa-en-clave-feminista\\\/#breadcrumb\",\"itemListElement\":[{\"@type\":\"ListItem\",\"position\":1,\"name\":\"Portada\",\"item\":\"https:\\\/\\\/zapateneo.net\\\/wordpress\\\/\"},{\"@type\":\"ListItem\",\"position\":2,\"name\":\"Tienda\",\"item\":\"https:\\\/\\\/zapateneo.net\\\/wordpress\\\/\"},{\"@type\":\"ListItem\",\"position\":3,\"name\":\"Contra el mito de la fuerza viril Autodefensa en clave feminista\"}]},{\"@type\":\"WebSite\",\"@id\":\"https:\\\/\\\/zapateneo.net\\\/wordpress\\\/#website\",\"url\":\"https:\\\/\\\/zapateneo.net\\\/wordpress\\\/\",\"name\":\"Zapateneo\",\"description\":\"Zapateneoaren webgunea\",\"publisher\":{\"@id\":\"https:\\\/\\\/zapateneo.net\\\/wordpress\\\/#organization\"},\"potentialAction\":[{\"@type\":\"SearchAction\",\"target\":{\"@type\":\"EntryPoint\",\"urlTemplate\":\"https:\\\/\\\/zapateneo.net\\\/wordpress\\\/?s={search_term_string}\"},\"query-input\":{\"@type\":\"PropertyValueSpecification\",\"valueRequired\":true,\"valueName\":\"search_term_string\"}}],\"inLanguage\":\"es\"},{\"@type\":\"Organization\",\"@id\":\"https:\\\/\\\/zapateneo.net\\\/wordpress\\\/#organization\",\"name\":\"Zapateneo Kultur Elkartea\",\"url\":\"https:\\\/\\\/zapateneo.net\\\/wordpress\\\/\",\"logo\":{\"@type\":\"ImageObject\",\"inLanguage\":\"es\",\"@id\":\"https:\\\/\\\/zapateneo.net\\\/wordpress\\\/#\\\/schema\\\/logo\\\/image\\\/\",\"url\":\"https:\\\/\\\/zapateneo.net\\\/wordpress\\\/wp-content\\\/uploads\\\/2021\\\/04\\\/zap-libu-kolec.jpg\",\"contentUrl\":\"https:\\\/\\\/zapateneo.net\\\/wordpress\\\/wp-content\\\/uploads\\\/2021\\\/04\\\/zap-libu-kolec.jpg\",\"width\":2234,\"height\":398,\"caption\":\"Zapateneo Kultur Elkartea\"},\"image\":{\"@id\":\"https:\\\/\\\/zapateneo.net\\\/wordpress\\\/#\\\/schema\\\/logo\\\/image\\\/\"},\"sameAs\":[\"https:\\\/\\\/x.com\\\/zapateneo\"]}]}<\/script>\n<!-- \/ Yoast SEO plugin. -->","yoast_head_json":{"title":"Contra el mito de la fuerza viril Autodefensa en clave feminista &#8212; Zapateneo","robots":{"index":"index","follow":"follow","max-snippet":"max-snippet:-1","max-image-preview":"max-image-preview:large","max-video-preview":"max-video-preview:-1"},"canonical":"https:\/\/zapateneo.net\/wordpress\/index.php\/producto\/contra-el-mito-de-la-fuerza-viril-autodefensa-en-clave-feminista\/","og_locale":"es_ES","og_type":"article","og_title":"Contra el mito de la fuerza viril Autodefensa en clave feminista &#8212; Zapateneo","og_description":"Alessandra Chiricosta 9786316507051 - Tinta lim\u00f3n - - 80 p\u00e1ginas \/orri.","og_url":"https:\/\/zapateneo.net\/wordpress\/index.php\/producto\/contra-el-mito-de-la-fuerza-viril-autodefensa-en-clave-feminista\/","og_site_name":"Zapateneo","article_modified_time":"2024-12-28T20:17:38+00:00","twitter_card":"summary_large_image","twitter_site":"@zapateneo","twitter_misc":{"Tiempo de lectura":"1 minuto"},"schema":{"@context":"https:\/\/schema.org","@graph":[{"@type":"WebPage","@id":"https:\/\/zapateneo.net\/wordpress\/index.php\/producto\/contra-el-mito-de-la-fuerza-viril-autodefensa-en-clave-feminista\/","url":"https:\/\/zapateneo.net\/wordpress\/index.php\/producto\/contra-el-mito-de-la-fuerza-viril-autodefensa-en-clave-feminista\/","name":"Contra el mito de la fuerza viril Autodefensa en clave feminista &#8212; Zapateneo","isPartOf":{"@id":"https:\/\/zapateneo.net\/wordpress\/#website"},"primaryImageOfPage":{"@id":"https:\/\/zapateneo.net\/wordpress\/index.php\/producto\/contra-el-mito-de-la-fuerza-viril-autodefensa-en-clave-feminista\/#primaryimage"},"image":{"@id":"https:\/\/zapateneo.net\/wordpress\/index.php\/producto\/contra-el-mito-de-la-fuerza-viril-autodefensa-en-clave-feminista\/#primaryimage"},"thumbnailUrl":"https:\/\/zapateneo.net\/wordpress\/wp-content\/uploads\/2024\/12\/contra-el-mito-de-la-fuerza-viril-9786316507051-scaled-1.jpg","datePublished":"2024-12-28T20:17:31+00:00","dateModified":"2024-12-28T20:17:38+00:00","breadcrumb":{"@id":"https:\/\/zapateneo.net\/wordpress\/index.php\/producto\/contra-el-mito-de-la-fuerza-viril-autodefensa-en-clave-feminista\/#breadcrumb"},"inLanguage":"es","potentialAction":[{"@type":"ReadAction","target":["https:\/\/zapateneo.net\/wordpress\/index.php\/producto\/contra-el-mito-de-la-fuerza-viril-autodefensa-en-clave-feminista\/"]}]},{"@type":"ImageObject","inLanguage":"es","@id":"https:\/\/zapateneo.net\/wordpress\/index.php\/producto\/contra-el-mito-de-la-fuerza-viril-autodefensa-en-clave-feminista\/#primaryimage","url":"https:\/\/zapateneo.net\/wordpress\/wp-content\/uploads\/2024\/12\/contra-el-mito-de-la-fuerza-viril-9786316507051-scaled-1.jpg","contentUrl":"https:\/\/zapateneo.net\/wordpress\/wp-content\/uploads\/2024\/12\/contra-el-mito-de-la-fuerza-viril-9786316507051-scaled-1.jpg","width":261,"height":400},{"@type":"BreadcrumbList","@id":"https:\/\/zapateneo.net\/wordpress\/index.php\/producto\/contra-el-mito-de-la-fuerza-viril-autodefensa-en-clave-feminista\/#breadcrumb","itemListElement":[{"@type":"ListItem","position":1,"name":"Portada","item":"https:\/\/zapateneo.net\/wordpress\/"},{"@type":"ListItem","position":2,"name":"Tienda","item":"https:\/\/zapateneo.net\/wordpress\/"},{"@type":"ListItem","position":3,"name":"Contra el mito de la fuerza viril Autodefensa en clave feminista"}]},{"@type":"WebSite","@id":"https:\/\/zapateneo.net\/wordpress\/#website","url":"https:\/\/zapateneo.net\/wordpress\/","name":"Zapateneo","description":"Zapateneoaren webgunea","publisher":{"@id":"https:\/\/zapateneo.net\/wordpress\/#organization"},"potentialAction":[{"@type":"SearchAction","target":{"@type":"EntryPoint","urlTemplate":"https:\/\/zapateneo.net\/wordpress\/?s={search_term_string}"},"query-input":{"@type":"PropertyValueSpecification","valueRequired":true,"valueName":"search_term_string"}}],"inLanguage":"es"},{"@type":"Organization","@id":"https:\/\/zapateneo.net\/wordpress\/#organization","name":"Zapateneo Kultur Elkartea","url":"https:\/\/zapateneo.net\/wordpress\/","logo":{"@type":"ImageObject","inLanguage":"es","@id":"https:\/\/zapateneo.net\/wordpress\/#\/schema\/logo\/image\/","url":"https:\/\/zapateneo.net\/wordpress\/wp-content\/uploads\/2021\/04\/zap-libu-kolec.jpg","contentUrl":"https:\/\/zapateneo.net\/wordpress\/wp-content\/uploads\/2021\/04\/zap-libu-kolec.jpg","width":2234,"height":398,"caption":"Zapateneo Kultur Elkartea"},"image":{"@id":"https:\/\/zapateneo.net\/wordpress\/#\/schema\/logo\/image\/"},"sameAs":["https:\/\/x.com\/zapateneo"]}]}},"_links":{"self":[{"href":"https:\/\/zapateneo.net\/wordpress\/index.php\/wp-json\/wp\/v2\/product\/15425","targetHints":{"allow":["GET"]}}],"collection":[{"href":"https:\/\/zapateneo.net\/wordpress\/index.php\/wp-json\/wp\/v2\/product"}],"about":[{"href":"https:\/\/zapateneo.net\/wordpress\/index.php\/wp-json\/wp\/v2\/types\/product"}],"wp:featuredmedia":[{"embeddable":true,"href":"https:\/\/zapateneo.net\/wordpress\/index.php\/wp-json\/wp\/v2\/media\/15443"}],"wp:attachment":[{"href":"https:\/\/zapateneo.net\/wordpress\/index.php\/wp-json\/wp\/v2\/media?parent=15425"}],"wp:term":[{"taxonomy":"product_brand","embeddable":true,"href":"https:\/\/zapateneo.net\/wordpress\/index.php\/wp-json\/wp\/v2\/product_brand?post=15425"},{"taxonomy":"product_cat","embeddable":true,"href":"https:\/\/zapateneo.net\/wordpress\/index.php\/wp-json\/wp\/v2\/product_cat?post=15425"},{"taxonomy":"product_tag","embeddable":true,"href":"https:\/\/zapateneo.net\/wordpress\/index.php\/wp-json\/wp\/v2\/product_tag?post=15425"}],"curies":[{"name":"wp","href":"https:\/\/api.w.org\/{rel}","templated":true}]}}