{"id":15424,"date":"2024-12-28T21:17:31","date_gmt":"2024-12-28T20:17:31","guid":{"rendered":"https:\/\/zapateneo.net\/wordpress\/?post_type=product&#038;p=15424"},"modified":"2024-12-28T21:17:37","modified_gmt":"2024-12-28T20:17:37","slug":"han-pasado-los-barbaros-la-verdad-sobre-casas-viejas","status":"publish","type":"product","link":"https:\/\/zapateneo.net\/wordpress\/index.php\/producto\/han-pasado-los-barbaros-la-verdad-sobre-casas-viejas\/","title":{"rendered":"Han pasado los b\u00e1rbaros La verdad sobre Casas Viejas"},"content":{"rendered":"<p>La matanza de Casas Viejas levant\u00f3 una enorme ola de solidaridad con las v\u00edctimas en la sociedad espa\u00f1ola, m\u00e1s all\u00e1 de su adscripci\u00f3n ideol\u00f3gica. Una de las consecuencias que tuvo fue poner de manifiesto las profundas diferencias existentes en la sociedad espa\u00f1ola, no s\u00f3lo en lo que respecta a su desigualdad econ\u00f3mica, sino tambi\u00e9n en la existencia de diferentes mundos mentales.<br \/>\nEn febrero de 1933 visitaron Casas Viejas el director del peri\u00f3dico CNT, Avelino Gonz\u00e1lez Mallada y el secretario regional, Vicente Ballester. A principios de marzo ve la luz un folleto que relata la versi\u00f3n del comit\u00e9 regional de la CNT: Han pasado los b\u00e1rbaros (la verdad sobre Casas Viejas) firmado por el Comit\u00e9 Regional, pero escrito por el propio Ballester. Este librito reproduce en edici\u00f3n facs\u00edmil el mismo con una introducci\u00f3n de Jos\u00e9 Luis Guti\u00e9rrez Molina.<br \/>\nEste libro se edita el enero de 2024, cuando se cumplen 91 a\u00f1os de la matanza de Casas Viejas y de la publicaci\u00f3n del folleto. Para la presente realizaci\u00f3n del mismo los editores han optado por componer una reconstrucci\u00f3n facsimilar del original, dada la mala calidad de la copia que se dispon\u00eda. Para ello, se ha intentado rehacer la disposici\u00f3n tipogr\u00e1fica y la diagramaci\u00f3n primitiva, as\u00ed como eliminar signaturas y huellas de su paso por bibliotecas del ejemplar. El sistema de impresi\u00f3n tambi\u00e9n es diferente, as\u00ed como la calidad del papel. Las tipograf\u00edas utilizadas son recreaciones de los tipos de plomo originales, pero en versiones actuales para la edici\u00f3n electr\u00f3nica. Se ha respetado la paginaci\u00f3n original del folleto.<\/p>\n","protected":false},"excerpt":{"rendered":"<p><strong>Vicente Ballester<\/strong><br \/>\n9788412750928 &#8211; Fundaci\u00f3n Anselmo Lorenzo &#8211; 2024 &#8211; 90 p\u00e1ginas \/orri.<\/p>\n","protected":false},"featured_media":15442,"template":"","meta":[],"product_brand":[],"product_cat":[1868,16],"product_tag":[561,6932],"class_list":{"0":"post-15424","1":"product","2":"type-product","3":"status-publish","4":"has-post-thumbnail","6":"product_cat-anarkismoa-anarquismo","7":"product_cat-libros","8":"product_tag-fundacion-anselmo-lorenzo","9":"product_tag-vicente-ballester","11":"first","12":"instock","13":"sold-individually","14":"shipping-taxable","15":"purchasable","16":"product-type-simple"},"yoast_head":"<!-- This site is optimized with the Yoast SEO plugin v27.3 - https:\/\/yoast.com\/product\/yoast-seo-wordpress\/ -->\n<title>Han pasado los b\u00e1rbaros La verdad sobre Casas Viejas &#8212; Zapateneo<\/title>\n<meta name=\"robots\" content=\"index, follow, max-snippet:-1, max-image-preview:large, max-video-preview:-1\" \/>\n<link rel=\"canonical\" href=\"https:\/\/zapateneo.net\/wordpress\/index.php\/producto\/han-pasado-los-barbaros-la-verdad-sobre-casas-viejas\/\" \/>\n<meta property=\"og:locale\" content=\"es_ES\" \/>\n<meta property=\"og:type\" content=\"article\" \/>\n<meta property=\"og:title\" content=\"Han pasado los b\u00e1rbaros La verdad sobre Casas Viejas &#8212; Zapateneo\" \/>\n<meta property=\"og:description\" content=\"Vicente Ballester 9788412750928 - Fundaci\u00f3n Anselmo Lorenzo - 2024 - 90 p\u00e1ginas \/orri.\" \/>\n<meta property=\"og:url\" content=\"https:\/\/zapateneo.net\/wordpress\/index.php\/producto\/han-pasado-los-barbaros-la-verdad-sobre-casas-viejas\/\" \/>\n<meta property=\"og:site_name\" content=\"Zapateneo\" \/>\n<meta property=\"article:modified_time\" content=\"2024-12-28T20:17:37+00:00\" \/>\n<meta name=\"twitter:card\" content=\"summary_large_image\" \/>\n<meta name=\"twitter:site\" content=\"@zapateneo\" \/>\n<meta name=\"twitter:label1\" content=\"Tiempo de lectura\" \/>\n\t<meta name=\"twitter:data1\" content=\"1 minuto\" \/>\n<script type=\"application\/ld+json\" class=\"yoast-schema-graph\">{\"@context\":\"https:\\\/\\\/schema.org\",\"@graph\":[{\"@type\":\"WebPage\",\"@id\":\"https:\\\/\\\/zapateneo.net\\\/wordpress\\\/index.php\\\/producto\\\/han-pasado-los-barbaros-la-verdad-sobre-casas-viejas\\\/\",\"url\":\"https:\\\/\\\/zapateneo.net\\\/wordpress\\\/index.php\\\/producto\\\/han-pasado-los-barbaros-la-verdad-sobre-casas-viejas\\\/\",\"name\":\"Han pasado los b\u00e1rbaros La verdad sobre Casas Viejas &#8212; Zapateneo\",\"isPartOf\":{\"@id\":\"https:\\\/\\\/zapateneo.net\\\/wordpress\\\/#website\"},\"primaryImageOfPage\":{\"@id\":\"https:\\\/\\\/zapateneo.net\\\/wordpress\\\/index.php\\\/producto\\\/han-pasado-los-barbaros-la-verdad-sobre-casas-viejas\\\/#primaryimage\"},\"image\":{\"@id\":\"https:\\\/\\\/zapateneo.net\\\/wordpress\\\/index.php\\\/producto\\\/han-pasado-los-barbaros-la-verdad-sobre-casas-viejas\\\/#primaryimage\"},\"thumbnailUrl\":\"https:\\\/\\\/zapateneo.net\\\/wordpress\\\/wp-content\\\/uploads\\\/2024\\\/12\\\/han-pasado-los-barbaros-9788412750928.jpg\",\"datePublished\":\"2024-12-28T20:17:31+00:00\",\"dateModified\":\"2024-12-28T20:17:37+00:00\",\"breadcrumb\":{\"@id\":\"https:\\\/\\\/zapateneo.net\\\/wordpress\\\/index.php\\\/producto\\\/han-pasado-los-barbaros-la-verdad-sobre-casas-viejas\\\/#breadcrumb\"},\"inLanguage\":\"es\",\"potentialAction\":[{\"@type\":\"ReadAction\",\"target\":[\"https:\\\/\\\/zapateneo.net\\\/wordpress\\\/index.php\\\/producto\\\/han-pasado-los-barbaros-la-verdad-sobre-casas-viejas\\\/\"]}]},{\"@type\":\"ImageObject\",\"inLanguage\":\"es\",\"@id\":\"https:\\\/\\\/zapateneo.net\\\/wordpress\\\/index.php\\\/producto\\\/han-pasado-los-barbaros-la-verdad-sobre-casas-viejas\\\/#primaryimage\",\"url\":\"https:\\\/\\\/zapateneo.net\\\/wordpress\\\/wp-content\\\/uploads\\\/2024\\\/12\\\/han-pasado-los-barbaros-9788412750928.jpg\",\"contentUrl\":\"https:\\\/\\\/zapateneo.net\\\/wordpress\\\/wp-content\\\/uploads\\\/2024\\\/12\\\/han-pasado-los-barbaros-9788412750928.jpg\",\"width\":298,\"height\":400},{\"@type\":\"BreadcrumbList\",\"@id\":\"https:\\\/\\\/zapateneo.net\\\/wordpress\\\/index.php\\\/producto\\\/han-pasado-los-barbaros-la-verdad-sobre-casas-viejas\\\/#breadcrumb\",\"itemListElement\":[{\"@type\":\"ListItem\",\"position\":1,\"name\":\"Portada\",\"item\":\"https:\\\/\\\/zapateneo.net\\\/wordpress\\\/\"},{\"@type\":\"ListItem\",\"position\":2,\"name\":\"Tienda\",\"item\":\"https:\\\/\\\/zapateneo.net\\\/wordpress\\\/\"},{\"@type\":\"ListItem\",\"position\":3,\"name\":\"Han pasado los b\u00e1rbaros La verdad sobre Casas Viejas\"}]},{\"@type\":\"WebSite\",\"@id\":\"https:\\\/\\\/zapateneo.net\\\/wordpress\\\/#website\",\"url\":\"https:\\\/\\\/zapateneo.net\\\/wordpress\\\/\",\"name\":\"Zapateneo\",\"description\":\"Zapateneoaren webgunea\",\"publisher\":{\"@id\":\"https:\\\/\\\/zapateneo.net\\\/wordpress\\\/#organization\"},\"potentialAction\":[{\"@type\":\"SearchAction\",\"target\":{\"@type\":\"EntryPoint\",\"urlTemplate\":\"https:\\\/\\\/zapateneo.net\\\/wordpress\\\/?s={search_term_string}\"},\"query-input\":{\"@type\":\"PropertyValueSpecification\",\"valueRequired\":true,\"valueName\":\"search_term_string\"}}],\"inLanguage\":\"es\"},{\"@type\":\"Organization\",\"@id\":\"https:\\\/\\\/zapateneo.net\\\/wordpress\\\/#organization\",\"name\":\"Zapateneo Kultur Elkartea\",\"url\":\"https:\\\/\\\/zapateneo.net\\\/wordpress\\\/\",\"logo\":{\"@type\":\"ImageObject\",\"inLanguage\":\"es\",\"@id\":\"https:\\\/\\\/zapateneo.net\\\/wordpress\\\/#\\\/schema\\\/logo\\\/image\\\/\",\"url\":\"https:\\\/\\\/zapateneo.net\\\/wordpress\\\/wp-content\\\/uploads\\\/2021\\\/04\\\/zap-libu-kolec.jpg\",\"contentUrl\":\"https:\\\/\\\/zapateneo.net\\\/wordpress\\\/wp-content\\\/uploads\\\/2021\\\/04\\\/zap-libu-kolec.jpg\",\"width\":2234,\"height\":398,\"caption\":\"Zapateneo Kultur Elkartea\"},\"image\":{\"@id\":\"https:\\\/\\\/zapateneo.net\\\/wordpress\\\/#\\\/schema\\\/logo\\\/image\\\/\"},\"sameAs\":[\"https:\\\/\\\/x.com\\\/zapateneo\"]}]}<\/script>\n<!-- \/ Yoast SEO plugin. -->","yoast_head_json":{"title":"Han pasado los b\u00e1rbaros La verdad sobre Casas Viejas &#8212; Zapateneo","robots":{"index":"index","follow":"follow","max-snippet":"max-snippet:-1","max-image-preview":"max-image-preview:large","max-video-preview":"max-video-preview:-1"},"canonical":"https:\/\/zapateneo.net\/wordpress\/index.php\/producto\/han-pasado-los-barbaros-la-verdad-sobre-casas-viejas\/","og_locale":"es_ES","og_type":"article","og_title":"Han pasado los b\u00e1rbaros La verdad sobre Casas Viejas &#8212; Zapateneo","og_description":"Vicente Ballester 9788412750928 - Fundaci\u00f3n Anselmo Lorenzo - 2024 - 90 p\u00e1ginas \/orri.","og_url":"https:\/\/zapateneo.net\/wordpress\/index.php\/producto\/han-pasado-los-barbaros-la-verdad-sobre-casas-viejas\/","og_site_name":"Zapateneo","article_modified_time":"2024-12-28T20:17:37+00:00","twitter_card":"summary_large_image","twitter_site":"@zapateneo","twitter_misc":{"Tiempo de lectura":"1 minuto"},"schema":{"@context":"https:\/\/schema.org","@graph":[{"@type":"WebPage","@id":"https:\/\/zapateneo.net\/wordpress\/index.php\/producto\/han-pasado-los-barbaros-la-verdad-sobre-casas-viejas\/","url":"https:\/\/zapateneo.net\/wordpress\/index.php\/producto\/han-pasado-los-barbaros-la-verdad-sobre-casas-viejas\/","name":"Han pasado los b\u00e1rbaros La verdad sobre Casas Viejas &#8212; Zapateneo","isPartOf":{"@id":"https:\/\/zapateneo.net\/wordpress\/#website"},"primaryImageOfPage":{"@id":"https:\/\/zapateneo.net\/wordpress\/index.php\/producto\/han-pasado-los-barbaros-la-verdad-sobre-casas-viejas\/#primaryimage"},"image":{"@id":"https:\/\/zapateneo.net\/wordpress\/index.php\/producto\/han-pasado-los-barbaros-la-verdad-sobre-casas-viejas\/#primaryimage"},"thumbnailUrl":"https:\/\/zapateneo.net\/wordpress\/wp-content\/uploads\/2024\/12\/han-pasado-los-barbaros-9788412750928.jpg","datePublished":"2024-12-28T20:17:31+00:00","dateModified":"2024-12-28T20:17:37+00:00","breadcrumb":{"@id":"https:\/\/zapateneo.net\/wordpress\/index.php\/producto\/han-pasado-los-barbaros-la-verdad-sobre-casas-viejas\/#breadcrumb"},"inLanguage":"es","potentialAction":[{"@type":"ReadAction","target":["https:\/\/zapateneo.net\/wordpress\/index.php\/producto\/han-pasado-los-barbaros-la-verdad-sobre-casas-viejas\/"]}]},{"@type":"ImageObject","inLanguage":"es","@id":"https:\/\/zapateneo.net\/wordpress\/index.php\/producto\/han-pasado-los-barbaros-la-verdad-sobre-casas-viejas\/#primaryimage","url":"https:\/\/zapateneo.net\/wordpress\/wp-content\/uploads\/2024\/12\/han-pasado-los-barbaros-9788412750928.jpg","contentUrl":"https:\/\/zapateneo.net\/wordpress\/wp-content\/uploads\/2024\/12\/han-pasado-los-barbaros-9788412750928.jpg","width":298,"height":400},{"@type":"BreadcrumbList","@id":"https:\/\/zapateneo.net\/wordpress\/index.php\/producto\/han-pasado-los-barbaros-la-verdad-sobre-casas-viejas\/#breadcrumb","itemListElement":[{"@type":"ListItem","position":1,"name":"Portada","item":"https:\/\/zapateneo.net\/wordpress\/"},{"@type":"ListItem","position":2,"name":"Tienda","item":"https:\/\/zapateneo.net\/wordpress\/"},{"@type":"ListItem","position":3,"name":"Han pasado los b\u00e1rbaros La verdad sobre Casas Viejas"}]},{"@type":"WebSite","@id":"https:\/\/zapateneo.net\/wordpress\/#website","url":"https:\/\/zapateneo.net\/wordpress\/","name":"Zapateneo","description":"Zapateneoaren webgunea","publisher":{"@id":"https:\/\/zapateneo.net\/wordpress\/#organization"},"potentialAction":[{"@type":"SearchAction","target":{"@type":"EntryPoint","urlTemplate":"https:\/\/zapateneo.net\/wordpress\/?s={search_term_string}"},"query-input":{"@type":"PropertyValueSpecification","valueRequired":true,"valueName":"search_term_string"}}],"inLanguage":"es"},{"@type":"Organization","@id":"https:\/\/zapateneo.net\/wordpress\/#organization","name":"Zapateneo Kultur Elkartea","url":"https:\/\/zapateneo.net\/wordpress\/","logo":{"@type":"ImageObject","inLanguage":"es","@id":"https:\/\/zapateneo.net\/wordpress\/#\/schema\/logo\/image\/","url":"https:\/\/zapateneo.net\/wordpress\/wp-content\/uploads\/2021\/04\/zap-libu-kolec.jpg","contentUrl":"https:\/\/zapateneo.net\/wordpress\/wp-content\/uploads\/2021\/04\/zap-libu-kolec.jpg","width":2234,"height":398,"caption":"Zapateneo Kultur Elkartea"},"image":{"@id":"https:\/\/zapateneo.net\/wordpress\/#\/schema\/logo\/image\/"},"sameAs":["https:\/\/x.com\/zapateneo"]}]}},"_links":{"self":[{"href":"https:\/\/zapateneo.net\/wordpress\/index.php\/wp-json\/wp\/v2\/product\/15424","targetHints":{"allow":["GET"]}}],"collection":[{"href":"https:\/\/zapateneo.net\/wordpress\/index.php\/wp-json\/wp\/v2\/product"}],"about":[{"href":"https:\/\/zapateneo.net\/wordpress\/index.php\/wp-json\/wp\/v2\/types\/product"}],"wp:featuredmedia":[{"embeddable":true,"href":"https:\/\/zapateneo.net\/wordpress\/index.php\/wp-json\/wp\/v2\/media\/15442"}],"wp:attachment":[{"href":"https:\/\/zapateneo.net\/wordpress\/index.php\/wp-json\/wp\/v2\/media?parent=15424"}],"wp:term":[{"taxonomy":"product_brand","embeddable":true,"href":"https:\/\/zapateneo.net\/wordpress\/index.php\/wp-json\/wp\/v2\/product_brand?post=15424"},{"taxonomy":"product_cat","embeddable":true,"href":"https:\/\/zapateneo.net\/wordpress\/index.php\/wp-json\/wp\/v2\/product_cat?post=15424"},{"taxonomy":"product_tag","embeddable":true,"href":"https:\/\/zapateneo.net\/wordpress\/index.php\/wp-json\/wp\/v2\/product_tag?post=15424"}],"curies":[{"name":"wp","href":"https:\/\/api.w.org\/{rel}","templated":true}]}}