{"id":15423,"date":"2024-12-28T21:17:30","date_gmt":"2024-12-28T20:17:30","guid":{"rendered":"https:\/\/zapateneo.net\/wordpress\/?post_type=product&#038;p=15423"},"modified":"2024-12-28T21:17:37","modified_gmt":"2024-12-28T20:17:37","slug":"moldeadoras-de-la-idea-mujeres-en-la-cultura-impresa-anarquista","status":"publish","type":"product","link":"https:\/\/zapateneo.net\/wordpress\/index.php\/producto\/moldeadoras-de-la-idea-mujeres-en-la-cultura-impresa-anarquista\/","title":{"rendered":"Moldeadoras de la Idea Mujeres en la cultura impresa anarquista"},"content":{"rendered":"<p>En el marco del importante desarrollo acad\u00e9mico de los estudios anarquistas a nivel global, ha surgido un inter\u00e9s renovado por la cultura impresa libertaria (Madrid y Soriano 2012; Souza Cunha 2018; Yeoman 2022; Ferguson 2023), base sobre la cual se desarroll\u00f3 de manera impensada el que es considerado como primer movimiento pol\u00edtico transnacional (Moya, 2009).<br \/>\nLa cultura impresa anarquista fue masiva y enciclop\u00e9dica y, en su af\u00e1n por educar al humilde, tuvo la capacidad de circular textos de muy diversa \u00edndole: literarios, cient\u00edficos, t\u00e9cnicos y, por supuesto, ideol\u00f3gicos, entre tantos otros. Con esta agitada actividad impresora y traductora, los anarquistas y las anarquistas fueron agentes pioneros y muy activos en la transferencia de saberes transnacionales. Participaron en redes de intercambio y producci\u00f3n de impresos que \u201cglobalizaron el anarquismo\u201d (Prichard, 2022; Eitel 2022) en las \u00faltimas d\u00e9cadas del siglo XIX y las primeras del siglo XX. Paralelamente, y a pesar de que el rol que las mujeres jugaron en el movimiento anarquista ha sido revisitado en los \u00faltimos cincuenta a\u00f1os (Nash 1975; Rowbotham 1992; Enckell 2010; Pezzica 2013), hay a\u00fan mucho territorio por ser explorado en lo que respecta a la manera en la que las mujeres anarquistas o cercanas al movimiento participaron en esa cultura impresa.<br \/>\nEl movimiento anarquista abord\u00f3, desde sus primeros escritos, tem\u00e1ticas ligadas a la relaci\u00f3n entre los sexos, a la familia y a la sexualidad. Muchas editoras y traductoras realizaron estas tareas con las miras puestas en ahondar en la igualdad pr\u00e1ctica y te\u00f3rica al interior y al exterior del movimiento, reclamando para las mujeres una misma educaci\u00f3n y oportunidades de participaci\u00f3n, reivindicando una id\u00e9ntica pasi\u00f3n por la libertad y pregonando que las mujeres poseen ellas tambi\u00e9n condiciones y motivos para la lucha contra el estado.<br \/>\nEste activismo impresor puede ser considerado \u201cfeminista\u201d, con todas las discusiones que acarrea la utilizaci\u00f3n del t\u00e9rmino en contextos anarquistas (Barrancos 1990 y 1996). La labor en tanto que editoras y\/o traductoras de figuras femeninas clave del anarquismo internacionalista como Louise Michel, Emma Goldman, Lucy Parsons, Soledad Gustavo o Virginia Bolten as\u00ed lo sugiere. Permite intuir la importancia de los v\u00ednculos entre mujeres, movimiento anarquista y cultura impresa. Junto a ellas, una pl\u00e9yade de mujeres anarquistas, o cercanas a los medios anarquistas, destacaron en las tareas de editar, imprimir y traducir textos, libertarios y no libertarios.<\/p>\n","protected":false},"excerpt":{"rendered":"<p><strong>vvaa<\/strong><br \/>\n9788412750935 &#8211; Fundaci\u00f3n Anselmo Lorenzo &#8211; 2024 &#8211; 128 p\u00e1ginas \/orri.<\/p>\n","protected":false},"featured_media":15441,"template":"","meta":[],"product_brand":[],"product_cat":[1868,16],"product_tag":[561],"class_list":{"0":"post-15423","1":"product","2":"type-product","3":"status-publish","4":"has-post-thumbnail","6":"product_cat-anarkismoa-anarquismo","7":"product_cat-libros","8":"product_tag-fundacion-anselmo-lorenzo","10":"first","11":"instock","12":"sold-individually","13":"shipping-taxable","14":"purchasable","15":"product-type-simple"},"yoast_head":"<!-- This site is optimized with the Yoast SEO plugin v27.3 - https:\/\/yoast.com\/product\/yoast-seo-wordpress\/ -->\n<title>Moldeadoras de la Idea Mujeres en la cultura impresa anarquista &#8212; Zapateneo<\/title>\n<meta name=\"robots\" content=\"index, follow, max-snippet:-1, max-image-preview:large, max-video-preview:-1\" \/>\n<link rel=\"canonical\" href=\"https:\/\/zapateneo.net\/wordpress\/index.php\/producto\/moldeadoras-de-la-idea-mujeres-en-la-cultura-impresa-anarquista\/\" \/>\n<meta property=\"og:locale\" content=\"es_ES\" \/>\n<meta property=\"og:type\" content=\"article\" \/>\n<meta property=\"og:title\" content=\"Moldeadoras de la Idea Mujeres en la cultura impresa anarquista &#8212; Zapateneo\" \/>\n<meta property=\"og:description\" content=\"vvaa 9788412750935 - Fundaci\u00f3n Anselmo Lorenzo - 2024 - 128 p\u00e1ginas \/orri.\" \/>\n<meta property=\"og:url\" content=\"https:\/\/zapateneo.net\/wordpress\/index.php\/producto\/moldeadoras-de-la-idea-mujeres-en-la-cultura-impresa-anarquista\/\" \/>\n<meta property=\"og:site_name\" content=\"Zapateneo\" \/>\n<meta property=\"article:modified_time\" content=\"2024-12-28T20:17:37+00:00\" \/>\n<meta name=\"twitter:card\" content=\"summary_large_image\" \/>\n<meta name=\"twitter:site\" content=\"@zapateneo\" \/>\n<meta name=\"twitter:label1\" content=\"Tiempo de lectura\" \/>\n\t<meta name=\"twitter:data1\" content=\"2 minutos\" \/>\n<script type=\"application\/ld+json\" class=\"yoast-schema-graph\">{\"@context\":\"https:\\\/\\\/schema.org\",\"@graph\":[{\"@type\":\"WebPage\",\"@id\":\"https:\\\/\\\/zapateneo.net\\\/wordpress\\\/index.php\\\/producto\\\/moldeadoras-de-la-idea-mujeres-en-la-cultura-impresa-anarquista\\\/\",\"url\":\"https:\\\/\\\/zapateneo.net\\\/wordpress\\\/index.php\\\/producto\\\/moldeadoras-de-la-idea-mujeres-en-la-cultura-impresa-anarquista\\\/\",\"name\":\"Moldeadoras de la Idea Mujeres en la cultura impresa anarquista &#8212; Zapateneo\",\"isPartOf\":{\"@id\":\"https:\\\/\\\/zapateneo.net\\\/wordpress\\\/#website\"},\"primaryImageOfPage\":{\"@id\":\"https:\\\/\\\/zapateneo.net\\\/wordpress\\\/index.php\\\/producto\\\/moldeadoras-de-la-idea-mujeres-en-la-cultura-impresa-anarquista\\\/#primaryimage\"},\"image\":{\"@id\":\"https:\\\/\\\/zapateneo.net\\\/wordpress\\\/index.php\\\/producto\\\/moldeadoras-de-la-idea-mujeres-en-la-cultura-impresa-anarquista\\\/#primaryimage\"},\"thumbnailUrl\":\"https:\\\/\\\/zapateneo.net\\\/wordpress\\\/wp-content\\\/uploads\\\/2024\\\/12\\\/978841275093.jpeg\",\"datePublished\":\"2024-12-28T20:17:30+00:00\",\"dateModified\":\"2024-12-28T20:17:37+00:00\",\"breadcrumb\":{\"@id\":\"https:\\\/\\\/zapateneo.net\\\/wordpress\\\/index.php\\\/producto\\\/moldeadoras-de-la-idea-mujeres-en-la-cultura-impresa-anarquista\\\/#breadcrumb\"},\"inLanguage\":\"es\",\"potentialAction\":[{\"@type\":\"ReadAction\",\"target\":[\"https:\\\/\\\/zapateneo.net\\\/wordpress\\\/index.php\\\/producto\\\/moldeadoras-de-la-idea-mujeres-en-la-cultura-impresa-anarquista\\\/\"]}]},{\"@type\":\"ImageObject\",\"inLanguage\":\"es\",\"@id\":\"https:\\\/\\\/zapateneo.net\\\/wordpress\\\/index.php\\\/producto\\\/moldeadoras-de-la-idea-mujeres-en-la-cultura-impresa-anarquista\\\/#primaryimage\",\"url\":\"https:\\\/\\\/zapateneo.net\\\/wordpress\\\/wp-content\\\/uploads\\\/2024\\\/12\\\/978841275093.jpeg\",\"contentUrl\":\"https:\\\/\\\/zapateneo.net\\\/wordpress\\\/wp-content\\\/uploads\\\/2024\\\/12\\\/978841275093.jpeg\",\"width\":284,\"height\":400},{\"@type\":\"BreadcrumbList\",\"@id\":\"https:\\\/\\\/zapateneo.net\\\/wordpress\\\/index.php\\\/producto\\\/moldeadoras-de-la-idea-mujeres-en-la-cultura-impresa-anarquista\\\/#breadcrumb\",\"itemListElement\":[{\"@type\":\"ListItem\",\"position\":1,\"name\":\"Portada\",\"item\":\"https:\\\/\\\/zapateneo.net\\\/wordpress\\\/\"},{\"@type\":\"ListItem\",\"position\":2,\"name\":\"Tienda\",\"item\":\"https:\\\/\\\/zapateneo.net\\\/wordpress\\\/\"},{\"@type\":\"ListItem\",\"position\":3,\"name\":\"Moldeadoras de la Idea Mujeres en la cultura impresa anarquista\"}]},{\"@type\":\"WebSite\",\"@id\":\"https:\\\/\\\/zapateneo.net\\\/wordpress\\\/#website\",\"url\":\"https:\\\/\\\/zapateneo.net\\\/wordpress\\\/\",\"name\":\"Zapateneo\",\"description\":\"Zapateneoaren webgunea\",\"publisher\":{\"@id\":\"https:\\\/\\\/zapateneo.net\\\/wordpress\\\/#organization\"},\"potentialAction\":[{\"@type\":\"SearchAction\",\"target\":{\"@type\":\"EntryPoint\",\"urlTemplate\":\"https:\\\/\\\/zapateneo.net\\\/wordpress\\\/?s={search_term_string}\"},\"query-input\":{\"@type\":\"PropertyValueSpecification\",\"valueRequired\":true,\"valueName\":\"search_term_string\"}}],\"inLanguage\":\"es\"},{\"@type\":\"Organization\",\"@id\":\"https:\\\/\\\/zapateneo.net\\\/wordpress\\\/#organization\",\"name\":\"Zapateneo Kultur Elkartea\",\"url\":\"https:\\\/\\\/zapateneo.net\\\/wordpress\\\/\",\"logo\":{\"@type\":\"ImageObject\",\"inLanguage\":\"es\",\"@id\":\"https:\\\/\\\/zapateneo.net\\\/wordpress\\\/#\\\/schema\\\/logo\\\/image\\\/\",\"url\":\"https:\\\/\\\/zapateneo.net\\\/wordpress\\\/wp-content\\\/uploads\\\/2021\\\/04\\\/zap-libu-kolec.jpg\",\"contentUrl\":\"https:\\\/\\\/zapateneo.net\\\/wordpress\\\/wp-content\\\/uploads\\\/2021\\\/04\\\/zap-libu-kolec.jpg\",\"width\":2234,\"height\":398,\"caption\":\"Zapateneo Kultur Elkartea\"},\"image\":{\"@id\":\"https:\\\/\\\/zapateneo.net\\\/wordpress\\\/#\\\/schema\\\/logo\\\/image\\\/\"},\"sameAs\":[\"https:\\\/\\\/x.com\\\/zapateneo\"]}]}<\/script>\n<!-- \/ Yoast SEO plugin. -->","yoast_head_json":{"title":"Moldeadoras de la Idea Mujeres en la cultura impresa anarquista &#8212; Zapateneo","robots":{"index":"index","follow":"follow","max-snippet":"max-snippet:-1","max-image-preview":"max-image-preview:large","max-video-preview":"max-video-preview:-1"},"canonical":"https:\/\/zapateneo.net\/wordpress\/index.php\/producto\/moldeadoras-de-la-idea-mujeres-en-la-cultura-impresa-anarquista\/","og_locale":"es_ES","og_type":"article","og_title":"Moldeadoras de la Idea Mujeres en la cultura impresa anarquista &#8212; Zapateneo","og_description":"vvaa 9788412750935 - Fundaci\u00f3n Anselmo Lorenzo - 2024 - 128 p\u00e1ginas \/orri.","og_url":"https:\/\/zapateneo.net\/wordpress\/index.php\/producto\/moldeadoras-de-la-idea-mujeres-en-la-cultura-impresa-anarquista\/","og_site_name":"Zapateneo","article_modified_time":"2024-12-28T20:17:37+00:00","twitter_card":"summary_large_image","twitter_site":"@zapateneo","twitter_misc":{"Tiempo de lectura":"2 minutos"},"schema":{"@context":"https:\/\/schema.org","@graph":[{"@type":"WebPage","@id":"https:\/\/zapateneo.net\/wordpress\/index.php\/producto\/moldeadoras-de-la-idea-mujeres-en-la-cultura-impresa-anarquista\/","url":"https:\/\/zapateneo.net\/wordpress\/index.php\/producto\/moldeadoras-de-la-idea-mujeres-en-la-cultura-impresa-anarquista\/","name":"Moldeadoras de la Idea Mujeres en la cultura impresa anarquista &#8212; Zapateneo","isPartOf":{"@id":"https:\/\/zapateneo.net\/wordpress\/#website"},"primaryImageOfPage":{"@id":"https:\/\/zapateneo.net\/wordpress\/index.php\/producto\/moldeadoras-de-la-idea-mujeres-en-la-cultura-impresa-anarquista\/#primaryimage"},"image":{"@id":"https:\/\/zapateneo.net\/wordpress\/index.php\/producto\/moldeadoras-de-la-idea-mujeres-en-la-cultura-impresa-anarquista\/#primaryimage"},"thumbnailUrl":"https:\/\/zapateneo.net\/wordpress\/wp-content\/uploads\/2024\/12\/978841275093.jpeg","datePublished":"2024-12-28T20:17:30+00:00","dateModified":"2024-12-28T20:17:37+00:00","breadcrumb":{"@id":"https:\/\/zapateneo.net\/wordpress\/index.php\/producto\/moldeadoras-de-la-idea-mujeres-en-la-cultura-impresa-anarquista\/#breadcrumb"},"inLanguage":"es","potentialAction":[{"@type":"ReadAction","target":["https:\/\/zapateneo.net\/wordpress\/index.php\/producto\/moldeadoras-de-la-idea-mujeres-en-la-cultura-impresa-anarquista\/"]}]},{"@type":"ImageObject","inLanguage":"es","@id":"https:\/\/zapateneo.net\/wordpress\/index.php\/producto\/moldeadoras-de-la-idea-mujeres-en-la-cultura-impresa-anarquista\/#primaryimage","url":"https:\/\/zapateneo.net\/wordpress\/wp-content\/uploads\/2024\/12\/978841275093.jpeg","contentUrl":"https:\/\/zapateneo.net\/wordpress\/wp-content\/uploads\/2024\/12\/978841275093.jpeg","width":284,"height":400},{"@type":"BreadcrumbList","@id":"https:\/\/zapateneo.net\/wordpress\/index.php\/producto\/moldeadoras-de-la-idea-mujeres-en-la-cultura-impresa-anarquista\/#breadcrumb","itemListElement":[{"@type":"ListItem","position":1,"name":"Portada","item":"https:\/\/zapateneo.net\/wordpress\/"},{"@type":"ListItem","position":2,"name":"Tienda","item":"https:\/\/zapateneo.net\/wordpress\/"},{"@type":"ListItem","position":3,"name":"Moldeadoras de la Idea Mujeres en la cultura impresa anarquista"}]},{"@type":"WebSite","@id":"https:\/\/zapateneo.net\/wordpress\/#website","url":"https:\/\/zapateneo.net\/wordpress\/","name":"Zapateneo","description":"Zapateneoaren webgunea","publisher":{"@id":"https:\/\/zapateneo.net\/wordpress\/#organization"},"potentialAction":[{"@type":"SearchAction","target":{"@type":"EntryPoint","urlTemplate":"https:\/\/zapateneo.net\/wordpress\/?s={search_term_string}"},"query-input":{"@type":"PropertyValueSpecification","valueRequired":true,"valueName":"search_term_string"}}],"inLanguage":"es"},{"@type":"Organization","@id":"https:\/\/zapateneo.net\/wordpress\/#organization","name":"Zapateneo Kultur Elkartea","url":"https:\/\/zapateneo.net\/wordpress\/","logo":{"@type":"ImageObject","inLanguage":"es","@id":"https:\/\/zapateneo.net\/wordpress\/#\/schema\/logo\/image\/","url":"https:\/\/zapateneo.net\/wordpress\/wp-content\/uploads\/2021\/04\/zap-libu-kolec.jpg","contentUrl":"https:\/\/zapateneo.net\/wordpress\/wp-content\/uploads\/2021\/04\/zap-libu-kolec.jpg","width":2234,"height":398,"caption":"Zapateneo Kultur Elkartea"},"image":{"@id":"https:\/\/zapateneo.net\/wordpress\/#\/schema\/logo\/image\/"},"sameAs":["https:\/\/x.com\/zapateneo"]}]}},"_links":{"self":[{"href":"https:\/\/zapateneo.net\/wordpress\/index.php\/wp-json\/wp\/v2\/product\/15423","targetHints":{"allow":["GET"]}}],"collection":[{"href":"https:\/\/zapateneo.net\/wordpress\/index.php\/wp-json\/wp\/v2\/product"}],"about":[{"href":"https:\/\/zapateneo.net\/wordpress\/index.php\/wp-json\/wp\/v2\/types\/product"}],"wp:featuredmedia":[{"embeddable":true,"href":"https:\/\/zapateneo.net\/wordpress\/index.php\/wp-json\/wp\/v2\/media\/15441"}],"wp:attachment":[{"href":"https:\/\/zapateneo.net\/wordpress\/index.php\/wp-json\/wp\/v2\/media?parent=15423"}],"wp:term":[{"taxonomy":"product_brand","embeddable":true,"href":"https:\/\/zapateneo.net\/wordpress\/index.php\/wp-json\/wp\/v2\/product_brand?post=15423"},{"taxonomy":"product_cat","embeddable":true,"href":"https:\/\/zapateneo.net\/wordpress\/index.php\/wp-json\/wp\/v2\/product_cat?post=15423"},{"taxonomy":"product_tag","embeddable":true,"href":"https:\/\/zapateneo.net\/wordpress\/index.php\/wp-json\/wp\/v2\/product_tag?post=15423"}],"curies":[{"name":"wp","href":"https:\/\/api.w.org\/{rel}","templated":true}]}}