{"id":15363,"date":"2024-11-23T09:58:48","date_gmt":"2024-11-23T08:58:48","guid":{"rendered":"https:\/\/zapateneo.net\/wordpress\/?post_type=product&#038;p=15363"},"modified":"2024-11-23T09:58:50","modified_gmt":"2024-11-23T08:58:50","slug":"entre-el-azar-y-la-necesidad","status":"publish","type":"product","link":"https:\/\/zapateneo.net\/wordpress\/index.php\/producto\/entre-el-azar-y-la-necesidad\/","title":{"rendered":"entre el azar y la necesidad"},"content":{"rendered":"<p>La vida que aqu\u00ed relato transcurri\u00f3 con frecuencia marcada por episodios trascendentales duales, que yo defino como \u00abentre el azar y la necesidad\u00bb. El azar, muchas veces favorable, y la necesidad de tener que vivir esas situaciones dif\u00edciles marcadas por mi origen familiar y social, y que determinan las vidas precarias de tantas personas. Tambi\u00e9n por la decisi\u00f3n personal de vivir \u00abal margen\u00bb durante mucho tiempo, como forma de rebeld\u00eda ante ese designio clasista de exclusi\u00f3n social.<\/p>\n<p>La vida de Daniel Pont Mart\u00edn, aqu\u00ed narrada, sirve para conocer de primera mano la memoria de un espacio social condenado a un estigma bajo cuyo signo no se ha resignado a vivir el protagonista de esta historia. Nieto de un pe\u00f3n caminero que trabaj\u00f3 en la construcci\u00f3n del ferrocarril Madrid-Burgos, hijo \u00fanico de una madre soltera trabajadora dom\u00e9stica de la casa de Isabel de Borb\u00f3n, Daniel creci\u00f3 en el Madrid del desarrollismo franquista, entre la chabola materna de Vallecas, el Bustarviejo de sus abuelas y sus t\u00edas, y la represi\u00f3n de un internado en Orihuela.<\/p>\n<p>Entre el azar y la necesidad explica la construcci\u00f3n hist\u00f3rica de un instinto de liberaci\u00f3n individual y colectivo. Desde las primeras tentativas de emancipaci\u00f3n personal respecto de la familia y del entorno de precariedad social, que lo llevar\u00edan a sus primeras experiencias carcelarias, hasta la plena toma de conciencia pol\u00edtica durante el proceso de autoorganizaci\u00f3n de los presos en la COPEL, la evoluci\u00f3n subjetiva de Daniel Pont nos explica la rebeli\u00f3n colectiva de una clase condenada en todos los sentidos. Esa que ha visto como las c\u00e1rceles del franquismo no eran abolidas, sino perfeccionadas por un nuevo r\u00e9gimen que acab\u00f3 refinando los mecanismos de destrucci\u00f3n de las personas en el sistema penitenciario.<\/p>\n<p>Midiendo escrupulosamente los aspectos espectaculares y mitificantes de toda una vida de huidas, atracos, motines y persecuciones, este libro, fruto de a\u00f1os de conversaciones con Ignacio Gonz\u00e1lez, ofrece uno de los testimonios m\u00e1s valiosos sobre la realidad bajo la alfombra de la historia oficial de la Transici\u00f3n y la supuesta democracia de los \u00faltimos cuarenta a\u00f1os. La vida de alguien que construy\u00f3 su propia libertad sin olvidar su origen y desde la conciencia y la solidaridad colectivas.<\/p>\n","protected":false},"excerpt":{"rendered":"<p><strong>Daniel Pont Martin, Ignacio Gonz\u00e1lez S\u00e1nchez<\/strong><br \/>\n9788417870386 &#8211; virus &#8211; 2024 &#8211; 272 p\u00e1ginas \/orri.<\/p>\n","protected":false},"featured_media":15365,"template":"","meta":[],"product_brand":[],"product_cat":[181,16],"product_tag":[6921,6922,57],"class_list":{"0":"post-15363","1":"product","2":"type-product","3":"status-publish","4":"has-post-thumbnail","6":"product_cat-bazterketa-soziala-eta-errepresioa-exclusion-social-y-represion","7":"product_cat-libros","8":"product_tag-daniel-pont-martin","9":"product_tag-ignacio-gonzalez-sanchez","10":"product_tag-virus","12":"first","13":"instock","14":"sold-individually","15":"shipping-taxable","16":"purchasable","17":"product-type-simple"},"yoast_head":"<!-- This site is optimized with the Yoast SEO plugin v27.3 - https:\/\/yoast.com\/product\/yoast-seo-wordpress\/ -->\n<title>entre el azar y la necesidad &#8212; Zapateneo<\/title>\n<meta name=\"robots\" content=\"index, follow, max-snippet:-1, max-image-preview:large, max-video-preview:-1\" \/>\n<link rel=\"canonical\" href=\"https:\/\/zapateneo.net\/wordpress\/index.php\/producto\/entre-el-azar-y-la-necesidad\/\" \/>\n<meta property=\"og:locale\" content=\"es_ES\" \/>\n<meta property=\"og:type\" content=\"article\" \/>\n<meta property=\"og:title\" content=\"entre el azar y la necesidad &#8212; Zapateneo\" \/>\n<meta property=\"og:description\" content=\"Daniel Pont Martin, Ignacio Gonz\u00e1lez S\u00e1nchez 9788417870386 - virus - 2024 - 272 p\u00e1ginas \/orri.\" \/>\n<meta property=\"og:url\" content=\"https:\/\/zapateneo.net\/wordpress\/index.php\/producto\/entre-el-azar-y-la-necesidad\/\" \/>\n<meta property=\"og:site_name\" content=\"Zapateneo\" \/>\n<meta property=\"article:modified_time\" content=\"2024-11-23T08:58:50+00:00\" \/>\n<meta name=\"twitter:card\" content=\"summary_large_image\" \/>\n<meta name=\"twitter:site\" content=\"@zapateneo\" \/>\n<meta name=\"twitter:label1\" content=\"Tiempo de lectura\" \/>\n\t<meta name=\"twitter:data1\" content=\"2 minutos\" \/>\n<script type=\"application\/ld+json\" class=\"yoast-schema-graph\">{\"@context\":\"https:\\\/\\\/schema.org\",\"@graph\":[{\"@type\":\"WebPage\",\"@id\":\"https:\\\/\\\/zapateneo.net\\\/wordpress\\\/index.php\\\/producto\\\/entre-el-azar-y-la-necesidad\\\/\",\"url\":\"https:\\\/\\\/zapateneo.net\\\/wordpress\\\/index.php\\\/producto\\\/entre-el-azar-y-la-necesidad\\\/\",\"name\":\"entre el azar y la necesidad &#8212; Zapateneo\",\"isPartOf\":{\"@id\":\"https:\\\/\\\/zapateneo.net\\\/wordpress\\\/#website\"},\"primaryImageOfPage\":{\"@id\":\"https:\\\/\\\/zapateneo.net\\\/wordpress\\\/index.php\\\/producto\\\/entre-el-azar-y-la-necesidad\\\/#primaryimage\"},\"image\":{\"@id\":\"https:\\\/\\\/zapateneo.net\\\/wordpress\\\/index.php\\\/producto\\\/entre-el-azar-y-la-necesidad\\\/#primaryimage\"},\"thumbnailUrl\":\"https:\\\/\\\/zapateneo.net\\\/wordpress\\\/wp-content\\\/uploads\\\/2024\\\/11\\\/9788417870386.jpg\",\"datePublished\":\"2024-11-23T08:58:48+00:00\",\"dateModified\":\"2024-11-23T08:58:50+00:00\",\"breadcrumb\":{\"@id\":\"https:\\\/\\\/zapateneo.net\\\/wordpress\\\/index.php\\\/producto\\\/entre-el-azar-y-la-necesidad\\\/#breadcrumb\"},\"inLanguage\":\"es\",\"potentialAction\":[{\"@type\":\"ReadAction\",\"target\":[\"https:\\\/\\\/zapateneo.net\\\/wordpress\\\/index.php\\\/producto\\\/entre-el-azar-y-la-necesidad\\\/\"]}]},{\"@type\":\"ImageObject\",\"inLanguage\":\"es\",\"@id\":\"https:\\\/\\\/zapateneo.net\\\/wordpress\\\/index.php\\\/producto\\\/entre-el-azar-y-la-necesidad\\\/#primaryimage\",\"url\":\"https:\\\/\\\/zapateneo.net\\\/wordpress\\\/wp-content\\\/uploads\\\/2024\\\/11\\\/9788417870386.jpg\",\"contentUrl\":\"https:\\\/\\\/zapateneo.net\\\/wordpress\\\/wp-content\\\/uploads\\\/2024\\\/11\\\/9788417870386.jpg\",\"width\":266,\"height\":400},{\"@type\":\"BreadcrumbList\",\"@id\":\"https:\\\/\\\/zapateneo.net\\\/wordpress\\\/index.php\\\/producto\\\/entre-el-azar-y-la-necesidad\\\/#breadcrumb\",\"itemListElement\":[{\"@type\":\"ListItem\",\"position\":1,\"name\":\"Portada\",\"item\":\"https:\\\/\\\/zapateneo.net\\\/wordpress\\\/\"},{\"@type\":\"ListItem\",\"position\":2,\"name\":\"Tienda\",\"item\":\"https:\\\/\\\/zapateneo.net\\\/wordpress\\\/\"},{\"@type\":\"ListItem\",\"position\":3,\"name\":\"entre el azar y la necesidad\"}]},{\"@type\":\"WebSite\",\"@id\":\"https:\\\/\\\/zapateneo.net\\\/wordpress\\\/#website\",\"url\":\"https:\\\/\\\/zapateneo.net\\\/wordpress\\\/\",\"name\":\"Zapateneo\",\"description\":\"Zapateneoaren webgunea\",\"publisher\":{\"@id\":\"https:\\\/\\\/zapateneo.net\\\/wordpress\\\/#organization\"},\"potentialAction\":[{\"@type\":\"SearchAction\",\"target\":{\"@type\":\"EntryPoint\",\"urlTemplate\":\"https:\\\/\\\/zapateneo.net\\\/wordpress\\\/?s={search_term_string}\"},\"query-input\":{\"@type\":\"PropertyValueSpecification\",\"valueRequired\":true,\"valueName\":\"search_term_string\"}}],\"inLanguage\":\"es\"},{\"@type\":\"Organization\",\"@id\":\"https:\\\/\\\/zapateneo.net\\\/wordpress\\\/#organization\",\"name\":\"Zapateneo Kultur Elkartea\",\"url\":\"https:\\\/\\\/zapateneo.net\\\/wordpress\\\/\",\"logo\":{\"@type\":\"ImageObject\",\"inLanguage\":\"es\",\"@id\":\"https:\\\/\\\/zapateneo.net\\\/wordpress\\\/#\\\/schema\\\/logo\\\/image\\\/\",\"url\":\"https:\\\/\\\/zapateneo.net\\\/wordpress\\\/wp-content\\\/uploads\\\/2021\\\/04\\\/zap-libu-kolec.jpg\",\"contentUrl\":\"https:\\\/\\\/zapateneo.net\\\/wordpress\\\/wp-content\\\/uploads\\\/2021\\\/04\\\/zap-libu-kolec.jpg\",\"width\":2234,\"height\":398,\"caption\":\"Zapateneo Kultur Elkartea\"},\"image\":{\"@id\":\"https:\\\/\\\/zapateneo.net\\\/wordpress\\\/#\\\/schema\\\/logo\\\/image\\\/\"},\"sameAs\":[\"https:\\\/\\\/x.com\\\/zapateneo\"]}]}<\/script>\n<!-- \/ Yoast SEO plugin. -->","yoast_head_json":{"title":"entre el azar y la necesidad &#8212; Zapateneo","robots":{"index":"index","follow":"follow","max-snippet":"max-snippet:-1","max-image-preview":"max-image-preview:large","max-video-preview":"max-video-preview:-1"},"canonical":"https:\/\/zapateneo.net\/wordpress\/index.php\/producto\/entre-el-azar-y-la-necesidad\/","og_locale":"es_ES","og_type":"article","og_title":"entre el azar y la necesidad &#8212; Zapateneo","og_description":"Daniel Pont Martin, Ignacio Gonz\u00e1lez S\u00e1nchez 9788417870386 - virus - 2024 - 272 p\u00e1ginas \/orri.","og_url":"https:\/\/zapateneo.net\/wordpress\/index.php\/producto\/entre-el-azar-y-la-necesidad\/","og_site_name":"Zapateneo","article_modified_time":"2024-11-23T08:58:50+00:00","twitter_card":"summary_large_image","twitter_site":"@zapateneo","twitter_misc":{"Tiempo de lectura":"2 minutos"},"schema":{"@context":"https:\/\/schema.org","@graph":[{"@type":"WebPage","@id":"https:\/\/zapateneo.net\/wordpress\/index.php\/producto\/entre-el-azar-y-la-necesidad\/","url":"https:\/\/zapateneo.net\/wordpress\/index.php\/producto\/entre-el-azar-y-la-necesidad\/","name":"entre el azar y la necesidad &#8212; Zapateneo","isPartOf":{"@id":"https:\/\/zapateneo.net\/wordpress\/#website"},"primaryImageOfPage":{"@id":"https:\/\/zapateneo.net\/wordpress\/index.php\/producto\/entre-el-azar-y-la-necesidad\/#primaryimage"},"image":{"@id":"https:\/\/zapateneo.net\/wordpress\/index.php\/producto\/entre-el-azar-y-la-necesidad\/#primaryimage"},"thumbnailUrl":"https:\/\/zapateneo.net\/wordpress\/wp-content\/uploads\/2024\/11\/9788417870386.jpg","datePublished":"2024-11-23T08:58:48+00:00","dateModified":"2024-11-23T08:58:50+00:00","breadcrumb":{"@id":"https:\/\/zapateneo.net\/wordpress\/index.php\/producto\/entre-el-azar-y-la-necesidad\/#breadcrumb"},"inLanguage":"es","potentialAction":[{"@type":"ReadAction","target":["https:\/\/zapateneo.net\/wordpress\/index.php\/producto\/entre-el-azar-y-la-necesidad\/"]}]},{"@type":"ImageObject","inLanguage":"es","@id":"https:\/\/zapateneo.net\/wordpress\/index.php\/producto\/entre-el-azar-y-la-necesidad\/#primaryimage","url":"https:\/\/zapateneo.net\/wordpress\/wp-content\/uploads\/2024\/11\/9788417870386.jpg","contentUrl":"https:\/\/zapateneo.net\/wordpress\/wp-content\/uploads\/2024\/11\/9788417870386.jpg","width":266,"height":400},{"@type":"BreadcrumbList","@id":"https:\/\/zapateneo.net\/wordpress\/index.php\/producto\/entre-el-azar-y-la-necesidad\/#breadcrumb","itemListElement":[{"@type":"ListItem","position":1,"name":"Portada","item":"https:\/\/zapateneo.net\/wordpress\/"},{"@type":"ListItem","position":2,"name":"Tienda","item":"https:\/\/zapateneo.net\/wordpress\/"},{"@type":"ListItem","position":3,"name":"entre el azar y la necesidad"}]},{"@type":"WebSite","@id":"https:\/\/zapateneo.net\/wordpress\/#website","url":"https:\/\/zapateneo.net\/wordpress\/","name":"Zapateneo","description":"Zapateneoaren webgunea","publisher":{"@id":"https:\/\/zapateneo.net\/wordpress\/#organization"},"potentialAction":[{"@type":"SearchAction","target":{"@type":"EntryPoint","urlTemplate":"https:\/\/zapateneo.net\/wordpress\/?s={search_term_string}"},"query-input":{"@type":"PropertyValueSpecification","valueRequired":true,"valueName":"search_term_string"}}],"inLanguage":"es"},{"@type":"Organization","@id":"https:\/\/zapateneo.net\/wordpress\/#organization","name":"Zapateneo Kultur Elkartea","url":"https:\/\/zapateneo.net\/wordpress\/","logo":{"@type":"ImageObject","inLanguage":"es","@id":"https:\/\/zapateneo.net\/wordpress\/#\/schema\/logo\/image\/","url":"https:\/\/zapateneo.net\/wordpress\/wp-content\/uploads\/2021\/04\/zap-libu-kolec.jpg","contentUrl":"https:\/\/zapateneo.net\/wordpress\/wp-content\/uploads\/2021\/04\/zap-libu-kolec.jpg","width":2234,"height":398,"caption":"Zapateneo Kultur Elkartea"},"image":{"@id":"https:\/\/zapateneo.net\/wordpress\/#\/schema\/logo\/image\/"},"sameAs":["https:\/\/x.com\/zapateneo"]}]}},"_links":{"self":[{"href":"https:\/\/zapateneo.net\/wordpress\/index.php\/wp-json\/wp\/v2\/product\/15363","targetHints":{"allow":["GET"]}}],"collection":[{"href":"https:\/\/zapateneo.net\/wordpress\/index.php\/wp-json\/wp\/v2\/product"}],"about":[{"href":"https:\/\/zapateneo.net\/wordpress\/index.php\/wp-json\/wp\/v2\/types\/product"}],"wp:featuredmedia":[{"embeddable":true,"href":"https:\/\/zapateneo.net\/wordpress\/index.php\/wp-json\/wp\/v2\/media\/15365"}],"wp:attachment":[{"href":"https:\/\/zapateneo.net\/wordpress\/index.php\/wp-json\/wp\/v2\/media?parent=15363"}],"wp:term":[{"taxonomy":"product_brand","embeddable":true,"href":"https:\/\/zapateneo.net\/wordpress\/index.php\/wp-json\/wp\/v2\/product_brand?post=15363"},{"taxonomy":"product_cat","embeddable":true,"href":"https:\/\/zapateneo.net\/wordpress\/index.php\/wp-json\/wp\/v2\/product_cat?post=15363"},{"taxonomy":"product_tag","embeddable":true,"href":"https:\/\/zapateneo.net\/wordpress\/index.php\/wp-json\/wp\/v2\/product_tag?post=15363"}],"curies":[{"name":"wp","href":"https:\/\/api.w.org\/{rel}","templated":true}]}}