{"id":15362,"date":"2024-11-23T09:58:47","date_gmt":"2024-11-23T08:58:47","guid":{"rendered":"https:\/\/zapateneo.net\/wordpress\/?post_type=product&#038;p=15362"},"modified":"2024-11-23T09:58:50","modified_gmt":"2024-11-23T08:58:50","slug":"la-sociedad-contra-el-estado-3a-ed","status":"publish","type":"product","link":"https:\/\/zapateneo.net\/wordpress\/index.php\/producto\/la-sociedad-contra-el-estado-3a-ed\/","title":{"rendered":"LA SOCIEDAD CONTRA EL ESTADO (3\u00aa ed.)"},"content":{"rendered":"<p>\u00abY quiz\u00e1 la soluci\u00f3n del misterio sobre el nacimiento del Estado permita esclarecer tambi\u00e9n las condiciones de posibilidad (realizables o no) de su muerte.\u00bb<\/p>\n<p>La antropolog\u00eda, a partir de una concepci\u00f3n un\u00edvoca y lineal de la historia, ha presentado las sociedades primitivas como sociedades incompletas, menos evolucionadas, por carecer de Estado; se tratar\u00eda, en definitiva, de sociedades que todav\u00eda no han alcanzado la edad adulta, a\u00fan estancadas en la infancia de la humanidad. Los prejuicios etnoc\u00e9ntricos tambi\u00e9n han llevado a afirmar que estas sociedades tienen una econom\u00eda de subsistencia \u2014es decir, que son sociedades sin mercado o sin excedentes, sociedades de la escasez\u2014 y una tecnolog\u00eda inferior, ignorando que se trata de sociedades que han desarrollado una tecnolog\u00eda suficiente para sobrevivir en condiciones \u00f3ptimas en su medio, teniendo que dedicar solo una peque\u00f1a parte de su tiempo a tareas de reproducci\u00f3n y alimentaci\u00f3n.<\/p>\n<p>En la obra de Pierre Clastres subyace una preocupaci\u00f3n de fondo: la cuesti\u00f3n del poder. Para \u00e9l, la aparici\u00f3n del Estado es el mayor accidente hist\u00f3rico. En el Estado reside el origen de la dominaci\u00f3n y la desi\u00adgualdad. A fin de conocer la ruptura que lleva a la aparici\u00f3n del Estado y a la divisi\u00f3n en clases, Clastres analiza la cuesti\u00f3n del poder entre las sociedades primitivas, sociedades para las que el poder no significa coerci\u00f3n. Su investigaci\u00f3n etnogr\u00e1fica sobre diferentes pueblos indios sudamericanos y sus estancias entre los yanomamis, los guayaqu\u00eds y los guaran\u00edes le permitieron un conocimiento profundo acerca de los m\u00faltiples mecanismos de que se han valido las sociedades aestatales para impedir la acumulaci\u00f3n de poder y de riqueza. Estas suponen, m\u00e1s que modelos a imitar, contrapuntos fundamentales frente a la l\u00f3gica empobrecedora que la hegemon\u00eda estatalista y capitalista establece sobre las sociedades humanas.<\/p>\n","protected":false},"excerpt":{"rendered":"<p><strong>PIERRE CLASTRES<\/strong><br \/>\n9788417870393 &#8211; virus &#8211; 2024 &#8211; 256 p\u00e1ginas \/orri.<\/p>\n","protected":false},"featured_media":15364,"template":"","meta":[],"product_brand":[],"product_cat":[16,173],"product_tag":[4959,57],"class_list":{"0":"post-15362","1":"product","2":"type-product","3":"status-publish","4":"has-post-thumbnail","6":"product_cat-libros","7":"product_cat-saiakera-ensayo","8":"product_tag-pierre-clastres","9":"product_tag-virus","11":"first","12":"instock","13":"sold-individually","14":"shipping-taxable","15":"purchasable","16":"product-type-simple"},"yoast_head":"<!-- This site is optimized with the Yoast SEO plugin v27.3 - https:\/\/yoast.com\/product\/yoast-seo-wordpress\/ -->\n<title>LA SOCIEDAD CONTRA EL ESTADO (3\u00aa ed.) &#8212; Zapateneo<\/title>\n<meta name=\"robots\" content=\"index, follow, max-snippet:-1, max-image-preview:large, max-video-preview:-1\" \/>\n<link rel=\"canonical\" href=\"https:\/\/zapateneo.net\/wordpress\/index.php\/producto\/la-sociedad-contra-el-estado-3a-ed\/\" \/>\n<meta property=\"og:locale\" content=\"es_ES\" \/>\n<meta property=\"og:type\" content=\"article\" \/>\n<meta property=\"og:title\" content=\"LA SOCIEDAD CONTRA EL ESTADO (3\u00aa ed.) &#8212; Zapateneo\" \/>\n<meta property=\"og:description\" content=\"PIERRE CLASTRES 9788417870393 - virus - 2024 - 256 p\u00e1ginas \/orri.\" \/>\n<meta property=\"og:url\" content=\"https:\/\/zapateneo.net\/wordpress\/index.php\/producto\/la-sociedad-contra-el-estado-3a-ed\/\" \/>\n<meta property=\"og:site_name\" content=\"Zapateneo\" \/>\n<meta property=\"article:modified_time\" content=\"2024-11-23T08:58:50+00:00\" \/>\n<meta name=\"twitter:card\" content=\"summary_large_image\" \/>\n<meta name=\"twitter:site\" content=\"@zapateneo\" \/>\n<meta name=\"twitter:label1\" content=\"Tiempo de lectura\" \/>\n\t<meta name=\"twitter:data1\" content=\"2 minutos\" \/>\n<script type=\"application\/ld+json\" class=\"yoast-schema-graph\">{\"@context\":\"https:\\\/\\\/schema.org\",\"@graph\":[{\"@type\":\"WebPage\",\"@id\":\"https:\\\/\\\/zapateneo.net\\\/wordpress\\\/index.php\\\/producto\\\/la-sociedad-contra-el-estado-3a-ed\\\/\",\"url\":\"https:\\\/\\\/zapateneo.net\\\/wordpress\\\/index.php\\\/producto\\\/la-sociedad-contra-el-estado-3a-ed\\\/\",\"name\":\"LA SOCIEDAD CONTRA EL ESTADO (3\u00aa ed.) &#8212; Zapateneo\",\"isPartOf\":{\"@id\":\"https:\\\/\\\/zapateneo.net\\\/wordpress\\\/#website\"},\"primaryImageOfPage\":{\"@id\":\"https:\\\/\\\/zapateneo.net\\\/wordpress\\\/index.php\\\/producto\\\/la-sociedad-contra-el-estado-3a-ed\\\/#primaryimage\"},\"image\":{\"@id\":\"https:\\\/\\\/zapateneo.net\\\/wordpress\\\/index.php\\\/producto\\\/la-sociedad-contra-el-estado-3a-ed\\\/#primaryimage\"},\"thumbnailUrl\":\"https:\\\/\\\/zapateneo.net\\\/wordpress\\\/wp-content\\\/uploads\\\/2024\\\/11\\\/9788417870393.jpg\",\"datePublished\":\"2024-11-23T08:58:47+00:00\",\"dateModified\":\"2024-11-23T08:58:50+00:00\",\"breadcrumb\":{\"@id\":\"https:\\\/\\\/zapateneo.net\\\/wordpress\\\/index.php\\\/producto\\\/la-sociedad-contra-el-estado-3a-ed\\\/#breadcrumb\"},\"inLanguage\":\"es\",\"potentialAction\":[{\"@type\":\"ReadAction\",\"target\":[\"https:\\\/\\\/zapateneo.net\\\/wordpress\\\/index.php\\\/producto\\\/la-sociedad-contra-el-estado-3a-ed\\\/\"]}]},{\"@type\":\"ImageObject\",\"inLanguage\":\"es\",\"@id\":\"https:\\\/\\\/zapateneo.net\\\/wordpress\\\/index.php\\\/producto\\\/la-sociedad-contra-el-estado-3a-ed\\\/#primaryimage\",\"url\":\"https:\\\/\\\/zapateneo.net\\\/wordpress\\\/wp-content\\\/uploads\\\/2024\\\/11\\\/9788417870393.jpg\",\"contentUrl\":\"https:\\\/\\\/zapateneo.net\\\/wordpress\\\/wp-content\\\/uploads\\\/2024\\\/11\\\/9788417870393.jpg\",\"width\":267,\"height\":400},{\"@type\":\"BreadcrumbList\",\"@id\":\"https:\\\/\\\/zapateneo.net\\\/wordpress\\\/index.php\\\/producto\\\/la-sociedad-contra-el-estado-3a-ed\\\/#breadcrumb\",\"itemListElement\":[{\"@type\":\"ListItem\",\"position\":1,\"name\":\"Portada\",\"item\":\"https:\\\/\\\/zapateneo.net\\\/wordpress\\\/\"},{\"@type\":\"ListItem\",\"position\":2,\"name\":\"Tienda\",\"item\":\"https:\\\/\\\/zapateneo.net\\\/wordpress\\\/\"},{\"@type\":\"ListItem\",\"position\":3,\"name\":\"LA SOCIEDAD CONTRA EL ESTADO (3\u00aa ed.)\"}]},{\"@type\":\"WebSite\",\"@id\":\"https:\\\/\\\/zapateneo.net\\\/wordpress\\\/#website\",\"url\":\"https:\\\/\\\/zapateneo.net\\\/wordpress\\\/\",\"name\":\"Zapateneo\",\"description\":\"Zapateneoaren webgunea\",\"publisher\":{\"@id\":\"https:\\\/\\\/zapateneo.net\\\/wordpress\\\/#organization\"},\"potentialAction\":[{\"@type\":\"SearchAction\",\"target\":{\"@type\":\"EntryPoint\",\"urlTemplate\":\"https:\\\/\\\/zapateneo.net\\\/wordpress\\\/?s={search_term_string}\"},\"query-input\":{\"@type\":\"PropertyValueSpecification\",\"valueRequired\":true,\"valueName\":\"search_term_string\"}}],\"inLanguage\":\"es\"},{\"@type\":\"Organization\",\"@id\":\"https:\\\/\\\/zapateneo.net\\\/wordpress\\\/#organization\",\"name\":\"Zapateneo Kultur Elkartea\",\"url\":\"https:\\\/\\\/zapateneo.net\\\/wordpress\\\/\",\"logo\":{\"@type\":\"ImageObject\",\"inLanguage\":\"es\",\"@id\":\"https:\\\/\\\/zapateneo.net\\\/wordpress\\\/#\\\/schema\\\/logo\\\/image\\\/\",\"url\":\"https:\\\/\\\/zapateneo.net\\\/wordpress\\\/wp-content\\\/uploads\\\/2021\\\/04\\\/zap-libu-kolec.jpg\",\"contentUrl\":\"https:\\\/\\\/zapateneo.net\\\/wordpress\\\/wp-content\\\/uploads\\\/2021\\\/04\\\/zap-libu-kolec.jpg\",\"width\":2234,\"height\":398,\"caption\":\"Zapateneo Kultur Elkartea\"},\"image\":{\"@id\":\"https:\\\/\\\/zapateneo.net\\\/wordpress\\\/#\\\/schema\\\/logo\\\/image\\\/\"},\"sameAs\":[\"https:\\\/\\\/x.com\\\/zapateneo\"]}]}<\/script>\n<!-- \/ Yoast SEO plugin. -->","yoast_head_json":{"title":"LA SOCIEDAD CONTRA EL ESTADO (3\u00aa ed.) &#8212; Zapateneo","robots":{"index":"index","follow":"follow","max-snippet":"max-snippet:-1","max-image-preview":"max-image-preview:large","max-video-preview":"max-video-preview:-1"},"canonical":"https:\/\/zapateneo.net\/wordpress\/index.php\/producto\/la-sociedad-contra-el-estado-3a-ed\/","og_locale":"es_ES","og_type":"article","og_title":"LA SOCIEDAD CONTRA EL ESTADO (3\u00aa ed.) &#8212; Zapateneo","og_description":"PIERRE CLASTRES 9788417870393 - virus - 2024 - 256 p\u00e1ginas \/orri.","og_url":"https:\/\/zapateneo.net\/wordpress\/index.php\/producto\/la-sociedad-contra-el-estado-3a-ed\/","og_site_name":"Zapateneo","article_modified_time":"2024-11-23T08:58:50+00:00","twitter_card":"summary_large_image","twitter_site":"@zapateneo","twitter_misc":{"Tiempo de lectura":"2 minutos"},"schema":{"@context":"https:\/\/schema.org","@graph":[{"@type":"WebPage","@id":"https:\/\/zapateneo.net\/wordpress\/index.php\/producto\/la-sociedad-contra-el-estado-3a-ed\/","url":"https:\/\/zapateneo.net\/wordpress\/index.php\/producto\/la-sociedad-contra-el-estado-3a-ed\/","name":"LA SOCIEDAD CONTRA EL ESTADO (3\u00aa ed.) &#8212; Zapateneo","isPartOf":{"@id":"https:\/\/zapateneo.net\/wordpress\/#website"},"primaryImageOfPage":{"@id":"https:\/\/zapateneo.net\/wordpress\/index.php\/producto\/la-sociedad-contra-el-estado-3a-ed\/#primaryimage"},"image":{"@id":"https:\/\/zapateneo.net\/wordpress\/index.php\/producto\/la-sociedad-contra-el-estado-3a-ed\/#primaryimage"},"thumbnailUrl":"https:\/\/zapateneo.net\/wordpress\/wp-content\/uploads\/2024\/11\/9788417870393.jpg","datePublished":"2024-11-23T08:58:47+00:00","dateModified":"2024-11-23T08:58:50+00:00","breadcrumb":{"@id":"https:\/\/zapateneo.net\/wordpress\/index.php\/producto\/la-sociedad-contra-el-estado-3a-ed\/#breadcrumb"},"inLanguage":"es","potentialAction":[{"@type":"ReadAction","target":["https:\/\/zapateneo.net\/wordpress\/index.php\/producto\/la-sociedad-contra-el-estado-3a-ed\/"]}]},{"@type":"ImageObject","inLanguage":"es","@id":"https:\/\/zapateneo.net\/wordpress\/index.php\/producto\/la-sociedad-contra-el-estado-3a-ed\/#primaryimage","url":"https:\/\/zapateneo.net\/wordpress\/wp-content\/uploads\/2024\/11\/9788417870393.jpg","contentUrl":"https:\/\/zapateneo.net\/wordpress\/wp-content\/uploads\/2024\/11\/9788417870393.jpg","width":267,"height":400},{"@type":"BreadcrumbList","@id":"https:\/\/zapateneo.net\/wordpress\/index.php\/producto\/la-sociedad-contra-el-estado-3a-ed\/#breadcrumb","itemListElement":[{"@type":"ListItem","position":1,"name":"Portada","item":"https:\/\/zapateneo.net\/wordpress\/"},{"@type":"ListItem","position":2,"name":"Tienda","item":"https:\/\/zapateneo.net\/wordpress\/"},{"@type":"ListItem","position":3,"name":"LA SOCIEDAD CONTRA EL ESTADO (3\u00aa ed.)"}]},{"@type":"WebSite","@id":"https:\/\/zapateneo.net\/wordpress\/#website","url":"https:\/\/zapateneo.net\/wordpress\/","name":"Zapateneo","description":"Zapateneoaren webgunea","publisher":{"@id":"https:\/\/zapateneo.net\/wordpress\/#organization"},"potentialAction":[{"@type":"SearchAction","target":{"@type":"EntryPoint","urlTemplate":"https:\/\/zapateneo.net\/wordpress\/?s={search_term_string}"},"query-input":{"@type":"PropertyValueSpecification","valueRequired":true,"valueName":"search_term_string"}}],"inLanguage":"es"},{"@type":"Organization","@id":"https:\/\/zapateneo.net\/wordpress\/#organization","name":"Zapateneo Kultur Elkartea","url":"https:\/\/zapateneo.net\/wordpress\/","logo":{"@type":"ImageObject","inLanguage":"es","@id":"https:\/\/zapateneo.net\/wordpress\/#\/schema\/logo\/image\/","url":"https:\/\/zapateneo.net\/wordpress\/wp-content\/uploads\/2021\/04\/zap-libu-kolec.jpg","contentUrl":"https:\/\/zapateneo.net\/wordpress\/wp-content\/uploads\/2021\/04\/zap-libu-kolec.jpg","width":2234,"height":398,"caption":"Zapateneo Kultur Elkartea"},"image":{"@id":"https:\/\/zapateneo.net\/wordpress\/#\/schema\/logo\/image\/"},"sameAs":["https:\/\/x.com\/zapateneo"]}]}},"_links":{"self":[{"href":"https:\/\/zapateneo.net\/wordpress\/index.php\/wp-json\/wp\/v2\/product\/15362","targetHints":{"allow":["GET"]}}],"collection":[{"href":"https:\/\/zapateneo.net\/wordpress\/index.php\/wp-json\/wp\/v2\/product"}],"about":[{"href":"https:\/\/zapateneo.net\/wordpress\/index.php\/wp-json\/wp\/v2\/types\/product"}],"wp:featuredmedia":[{"embeddable":true,"href":"https:\/\/zapateneo.net\/wordpress\/index.php\/wp-json\/wp\/v2\/media\/15364"}],"wp:attachment":[{"href":"https:\/\/zapateneo.net\/wordpress\/index.php\/wp-json\/wp\/v2\/media?parent=15362"}],"wp:term":[{"taxonomy":"product_brand","embeddable":true,"href":"https:\/\/zapateneo.net\/wordpress\/index.php\/wp-json\/wp\/v2\/product_brand?post=15362"},{"taxonomy":"product_cat","embeddable":true,"href":"https:\/\/zapateneo.net\/wordpress\/index.php\/wp-json\/wp\/v2\/product_cat?post=15362"},{"taxonomy":"product_tag","embeddable":true,"href":"https:\/\/zapateneo.net\/wordpress\/index.php\/wp-json\/wp\/v2\/product_tag?post=15362"}],"curies":[{"name":"wp","href":"https:\/\/api.w.org\/{rel}","templated":true}]}}