{"id":15272,"date":"2024-06-09T08:20:32","date_gmt":"2024-06-09T07:20:32","guid":{"rendered":"https:\/\/zapateneo.net\/wordpress\/?post_type=product&#038;p=15272"},"modified":"2024-06-09T08:20:41","modified_gmt":"2024-06-09T07:20:41","slug":"el-salto-n-74-cuando-los-algoritmos-te-explotan-no-te-pierdas-el-numero-de-primavera-de-la-revista","status":"publish","type":"product","link":"https:\/\/zapateneo.net\/wordpress\/index.php\/producto\/el-salto-n-74-cuando-los-algoritmos-te-explotan-no-te-pierdas-el-numero-de-primavera-de-la-revista\/","title":{"rendered":"El Salto n.74 Cuando los algoritmos te explotan: no te pierdas el n\u00famero de primavera de la revista"},"content":{"rendered":"<p>El 13 de marzo de 2004, se convocaba la primera gran movilizaci\u00f3n en Espa\u00f1a a trav\u00e9s de los tel\u00e9fonos m\u00f3viles. Los smartphones y las redes sociales tambi\u00e9n fueron clave en la organizaci\u00f3n del 15M, en las primaveras \u00e1rabes y todas las revueltas populares que ha habido desde entonces. El poder transformador de las nuevas tecnolog\u00edas resulta abrumador. Tambi\u00e9n su poder para llevar la explotaci\u00f3n y la alienaci\u00f3n laboral hasta fronteras desconocidas hasta ahora, tema al que dedicamos la portada de El Salto 74.<\/p>\n<p>Desde Amazon a Glovo, pasando por plataformas dedicadas a los cuidados o la limpieza, desde la moderaci\u00f3n de contenidos a trabajos de freelance o el transporte de pasajeros, los algoritmos dise\u00f1ados por las empresas deciden contrataciones y despidos, la asignaci\u00f3n de tareas, los ritmos de trabajo, as\u00ed como sanciones y advertencias por falta de rendimiento. Todo con un objetivo: llevar la producci\u00f3n humana hasta el m\u00e1ximo de su rendimiento, como si fueran m\u00e1quinas desechables. Por eso el lema de los trabajadores de Amazon es \u201cNo somos robots\u201d y tambi\u00e9n es el t\u00edtulo del Panorama de este n\u00famero, escrito por el periodista Mart\u00edn C\u00faneo.<\/p>\n","protected":false},"excerpt":{"rendered":"<p><strong>Colectivo El Salto<\/strong><br \/>\n8423793616074 &#8211; El Salto &#8211; 2024 &#8211; 98 p\u00e1ginas \/orri.<\/p>\n","protected":false},"featured_media":15285,"template":"","meta":[],"product_brand":[],"product_cat":[184,164],"product_tag":[4609,6158],"class_list":{"0":"post-15272","1":"product","2":"type-product","3":"status-publish","4":"has-post-thumbnail","6":"product_cat-komunikazioa-comunicacion","7":"product_cat-revistas-aldizkariak","8":"product_tag-colectivo-el-salto","9":"product_tag-el-salto","11":"first","12":"onbackorder","13":"sold-individually","14":"shipping-taxable","15":"purchasable","16":"product-type-simple"},"yoast_head":"<!-- This site is optimized with the Yoast SEO plugin v27.3 - https:\/\/yoast.com\/product\/yoast-seo-wordpress\/ -->\n<title>El Salto n.74 Cuando los algoritmos te explotan: no te pierdas el n\u00famero de primavera de la revista &#8212; Zapateneo<\/title>\n<meta name=\"robots\" content=\"index, follow, max-snippet:-1, max-image-preview:large, max-video-preview:-1\" \/>\n<link rel=\"canonical\" href=\"https:\/\/zapateneo.net\/wordpress\/index.php\/producto\/el-salto-n-74-cuando-los-algoritmos-te-explotan-no-te-pierdas-el-numero-de-primavera-de-la-revista\/\" \/>\n<meta property=\"og:locale\" content=\"es_ES\" \/>\n<meta property=\"og:type\" content=\"article\" \/>\n<meta property=\"og:title\" content=\"El Salto n.74 Cuando los algoritmos te explotan: no te pierdas el n\u00famero de primavera de la revista &#8212; Zapateneo\" \/>\n<meta property=\"og:description\" content=\"Colectivo El Salto 8423793616074 - El Salto - 2024 - 98 p\u00e1ginas \/orri.\" \/>\n<meta property=\"og:url\" content=\"https:\/\/zapateneo.net\/wordpress\/index.php\/producto\/el-salto-n-74-cuando-los-algoritmos-te-explotan-no-te-pierdas-el-numero-de-primavera-de-la-revista\/\" \/>\n<meta property=\"og:site_name\" content=\"Zapateneo\" \/>\n<meta property=\"article:modified_time\" content=\"2024-06-09T07:20:41+00:00\" \/>\n<meta name=\"twitter:card\" content=\"summary_large_image\" \/>\n<meta name=\"twitter:site\" content=\"@zapateneo\" \/>\n<meta name=\"twitter:label1\" content=\"Tiempo de lectura\" \/>\n\t<meta name=\"twitter:data1\" content=\"1 minuto\" \/>\n<script type=\"application\/ld+json\" class=\"yoast-schema-graph\">{\"@context\":\"https:\\\/\\\/schema.org\",\"@graph\":[{\"@type\":\"WebPage\",\"@id\":\"https:\\\/\\\/zapateneo.net\\\/wordpress\\\/index.php\\\/producto\\\/el-salto-n-74-cuando-los-algoritmos-te-explotan-no-te-pierdas-el-numero-de-primavera-de-la-revista\\\/\",\"url\":\"https:\\\/\\\/zapateneo.net\\\/wordpress\\\/index.php\\\/producto\\\/el-salto-n-74-cuando-los-algoritmos-te-explotan-no-te-pierdas-el-numero-de-primavera-de-la-revista\\\/\",\"name\":\"El Salto n.74 Cuando los algoritmos te explotan: no te pierdas el n\u00famero de primavera de la revista &#8212; Zapateneo\",\"isPartOf\":{\"@id\":\"https:\\\/\\\/zapateneo.net\\\/wordpress\\\/#website\"},\"primaryImageOfPage\":{\"@id\":\"https:\\\/\\\/zapateneo.net\\\/wordpress\\\/index.php\\\/producto\\\/el-salto-n-74-cuando-los-algoritmos-te-explotan-no-te-pierdas-el-numero-de-primavera-de-la-revista\\\/#primaryimage\"},\"image\":{\"@id\":\"https:\\\/\\\/zapateneo.net\\\/wordpress\\\/index.php\\\/producto\\\/el-salto-n-74-cuando-los-algoritmos-te-explotan-no-te-pierdas-el-numero-de-primavera-de-la-revista\\\/#primaryimage\"},\"thumbnailUrl\":\"https:\\\/\\\/zapateneo.net\\\/wordpress\\\/wp-content\\\/uploads\\\/2024\\\/06\\\/post_artculo.jpg\",\"datePublished\":\"2024-06-09T07:20:32+00:00\",\"dateModified\":\"2024-06-09T07:20:41+00:00\",\"breadcrumb\":{\"@id\":\"https:\\\/\\\/zapateneo.net\\\/wordpress\\\/index.php\\\/producto\\\/el-salto-n-74-cuando-los-algoritmos-te-explotan-no-te-pierdas-el-numero-de-primavera-de-la-revista\\\/#breadcrumb\"},\"inLanguage\":\"es\",\"potentialAction\":[{\"@type\":\"ReadAction\",\"target\":[\"https:\\\/\\\/zapateneo.net\\\/wordpress\\\/index.php\\\/producto\\\/el-salto-n-74-cuando-los-algoritmos-te-explotan-no-te-pierdas-el-numero-de-primavera-de-la-revista\\\/\"]}]},{\"@type\":\"ImageObject\",\"inLanguage\":\"es\",\"@id\":\"https:\\\/\\\/zapateneo.net\\\/wordpress\\\/index.php\\\/producto\\\/el-salto-n-74-cuando-los-algoritmos-te-explotan-no-te-pierdas-el-numero-de-primavera-de-la-revista\\\/#primaryimage\",\"url\":\"https:\\\/\\\/zapateneo.net\\\/wordpress\\\/wp-content\\\/uploads\\\/2024\\\/06\\\/post_artculo.jpg\",\"contentUrl\":\"https:\\\/\\\/zapateneo.net\\\/wordpress\\\/wp-content\\\/uploads\\\/2024\\\/06\\\/post_artculo.jpg\",\"width\":400,\"height\":234},{\"@type\":\"BreadcrumbList\",\"@id\":\"https:\\\/\\\/zapateneo.net\\\/wordpress\\\/index.php\\\/producto\\\/el-salto-n-74-cuando-los-algoritmos-te-explotan-no-te-pierdas-el-numero-de-primavera-de-la-revista\\\/#breadcrumb\",\"itemListElement\":[{\"@type\":\"ListItem\",\"position\":1,\"name\":\"Portada\",\"item\":\"https:\\\/\\\/zapateneo.net\\\/wordpress\\\/\"},{\"@type\":\"ListItem\",\"position\":2,\"name\":\"Tienda\",\"item\":\"https:\\\/\\\/zapateneo.net\\\/wordpress\\\/\"},{\"@type\":\"ListItem\",\"position\":3,\"name\":\"El Salto n.74 Cuando los algoritmos te explotan: no te pierdas el n\u00famero de primavera de la revista\"}]},{\"@type\":\"WebSite\",\"@id\":\"https:\\\/\\\/zapateneo.net\\\/wordpress\\\/#website\",\"url\":\"https:\\\/\\\/zapateneo.net\\\/wordpress\\\/\",\"name\":\"Zapateneo\",\"description\":\"Zapateneoaren webgunea\",\"publisher\":{\"@id\":\"https:\\\/\\\/zapateneo.net\\\/wordpress\\\/#organization\"},\"potentialAction\":[{\"@type\":\"SearchAction\",\"target\":{\"@type\":\"EntryPoint\",\"urlTemplate\":\"https:\\\/\\\/zapateneo.net\\\/wordpress\\\/?s={search_term_string}\"},\"query-input\":{\"@type\":\"PropertyValueSpecification\",\"valueRequired\":true,\"valueName\":\"search_term_string\"}}],\"inLanguage\":\"es\"},{\"@type\":\"Organization\",\"@id\":\"https:\\\/\\\/zapateneo.net\\\/wordpress\\\/#organization\",\"name\":\"Zapateneo Kultur Elkartea\",\"url\":\"https:\\\/\\\/zapateneo.net\\\/wordpress\\\/\",\"logo\":{\"@type\":\"ImageObject\",\"inLanguage\":\"es\",\"@id\":\"https:\\\/\\\/zapateneo.net\\\/wordpress\\\/#\\\/schema\\\/logo\\\/image\\\/\",\"url\":\"https:\\\/\\\/zapateneo.net\\\/wordpress\\\/wp-content\\\/uploads\\\/2021\\\/04\\\/zap-libu-kolec.jpg\",\"contentUrl\":\"https:\\\/\\\/zapateneo.net\\\/wordpress\\\/wp-content\\\/uploads\\\/2021\\\/04\\\/zap-libu-kolec.jpg\",\"width\":2234,\"height\":398,\"caption\":\"Zapateneo Kultur Elkartea\"},\"image\":{\"@id\":\"https:\\\/\\\/zapateneo.net\\\/wordpress\\\/#\\\/schema\\\/logo\\\/image\\\/\"},\"sameAs\":[\"https:\\\/\\\/x.com\\\/zapateneo\"]}]}<\/script>\n<!-- \/ Yoast SEO plugin. -->","yoast_head_json":{"title":"El Salto n.74 Cuando los algoritmos te explotan: no te pierdas el n\u00famero de primavera de la revista &#8212; Zapateneo","robots":{"index":"index","follow":"follow","max-snippet":"max-snippet:-1","max-image-preview":"max-image-preview:large","max-video-preview":"max-video-preview:-1"},"canonical":"https:\/\/zapateneo.net\/wordpress\/index.php\/producto\/el-salto-n-74-cuando-los-algoritmos-te-explotan-no-te-pierdas-el-numero-de-primavera-de-la-revista\/","og_locale":"es_ES","og_type":"article","og_title":"El Salto n.74 Cuando los algoritmos te explotan: no te pierdas el n\u00famero de primavera de la revista &#8212; Zapateneo","og_description":"Colectivo El Salto 8423793616074 - El Salto - 2024 - 98 p\u00e1ginas \/orri.","og_url":"https:\/\/zapateneo.net\/wordpress\/index.php\/producto\/el-salto-n-74-cuando-los-algoritmos-te-explotan-no-te-pierdas-el-numero-de-primavera-de-la-revista\/","og_site_name":"Zapateneo","article_modified_time":"2024-06-09T07:20:41+00:00","twitter_card":"summary_large_image","twitter_site":"@zapateneo","twitter_misc":{"Tiempo de lectura":"1 minuto"},"schema":{"@context":"https:\/\/schema.org","@graph":[{"@type":"WebPage","@id":"https:\/\/zapateneo.net\/wordpress\/index.php\/producto\/el-salto-n-74-cuando-los-algoritmos-te-explotan-no-te-pierdas-el-numero-de-primavera-de-la-revista\/","url":"https:\/\/zapateneo.net\/wordpress\/index.php\/producto\/el-salto-n-74-cuando-los-algoritmos-te-explotan-no-te-pierdas-el-numero-de-primavera-de-la-revista\/","name":"El Salto n.74 Cuando los algoritmos te explotan: no te pierdas el n\u00famero de primavera de la revista &#8212; Zapateneo","isPartOf":{"@id":"https:\/\/zapateneo.net\/wordpress\/#website"},"primaryImageOfPage":{"@id":"https:\/\/zapateneo.net\/wordpress\/index.php\/producto\/el-salto-n-74-cuando-los-algoritmos-te-explotan-no-te-pierdas-el-numero-de-primavera-de-la-revista\/#primaryimage"},"image":{"@id":"https:\/\/zapateneo.net\/wordpress\/index.php\/producto\/el-salto-n-74-cuando-los-algoritmos-te-explotan-no-te-pierdas-el-numero-de-primavera-de-la-revista\/#primaryimage"},"thumbnailUrl":"https:\/\/zapateneo.net\/wordpress\/wp-content\/uploads\/2024\/06\/post_artculo.jpg","datePublished":"2024-06-09T07:20:32+00:00","dateModified":"2024-06-09T07:20:41+00:00","breadcrumb":{"@id":"https:\/\/zapateneo.net\/wordpress\/index.php\/producto\/el-salto-n-74-cuando-los-algoritmos-te-explotan-no-te-pierdas-el-numero-de-primavera-de-la-revista\/#breadcrumb"},"inLanguage":"es","potentialAction":[{"@type":"ReadAction","target":["https:\/\/zapateneo.net\/wordpress\/index.php\/producto\/el-salto-n-74-cuando-los-algoritmos-te-explotan-no-te-pierdas-el-numero-de-primavera-de-la-revista\/"]}]},{"@type":"ImageObject","inLanguage":"es","@id":"https:\/\/zapateneo.net\/wordpress\/index.php\/producto\/el-salto-n-74-cuando-los-algoritmos-te-explotan-no-te-pierdas-el-numero-de-primavera-de-la-revista\/#primaryimage","url":"https:\/\/zapateneo.net\/wordpress\/wp-content\/uploads\/2024\/06\/post_artculo.jpg","contentUrl":"https:\/\/zapateneo.net\/wordpress\/wp-content\/uploads\/2024\/06\/post_artculo.jpg","width":400,"height":234},{"@type":"BreadcrumbList","@id":"https:\/\/zapateneo.net\/wordpress\/index.php\/producto\/el-salto-n-74-cuando-los-algoritmos-te-explotan-no-te-pierdas-el-numero-de-primavera-de-la-revista\/#breadcrumb","itemListElement":[{"@type":"ListItem","position":1,"name":"Portada","item":"https:\/\/zapateneo.net\/wordpress\/"},{"@type":"ListItem","position":2,"name":"Tienda","item":"https:\/\/zapateneo.net\/wordpress\/"},{"@type":"ListItem","position":3,"name":"El Salto n.74 Cuando los algoritmos te explotan: no te pierdas el n\u00famero de primavera de la revista"}]},{"@type":"WebSite","@id":"https:\/\/zapateneo.net\/wordpress\/#website","url":"https:\/\/zapateneo.net\/wordpress\/","name":"Zapateneo","description":"Zapateneoaren webgunea","publisher":{"@id":"https:\/\/zapateneo.net\/wordpress\/#organization"},"potentialAction":[{"@type":"SearchAction","target":{"@type":"EntryPoint","urlTemplate":"https:\/\/zapateneo.net\/wordpress\/?s={search_term_string}"},"query-input":{"@type":"PropertyValueSpecification","valueRequired":true,"valueName":"search_term_string"}}],"inLanguage":"es"},{"@type":"Organization","@id":"https:\/\/zapateneo.net\/wordpress\/#organization","name":"Zapateneo Kultur Elkartea","url":"https:\/\/zapateneo.net\/wordpress\/","logo":{"@type":"ImageObject","inLanguage":"es","@id":"https:\/\/zapateneo.net\/wordpress\/#\/schema\/logo\/image\/","url":"https:\/\/zapateneo.net\/wordpress\/wp-content\/uploads\/2021\/04\/zap-libu-kolec.jpg","contentUrl":"https:\/\/zapateneo.net\/wordpress\/wp-content\/uploads\/2021\/04\/zap-libu-kolec.jpg","width":2234,"height":398,"caption":"Zapateneo Kultur Elkartea"},"image":{"@id":"https:\/\/zapateneo.net\/wordpress\/#\/schema\/logo\/image\/"},"sameAs":["https:\/\/x.com\/zapateneo"]}]}},"_links":{"self":[{"href":"https:\/\/zapateneo.net\/wordpress\/index.php\/wp-json\/wp\/v2\/product\/15272","targetHints":{"allow":["GET"]}}],"collection":[{"href":"https:\/\/zapateneo.net\/wordpress\/index.php\/wp-json\/wp\/v2\/product"}],"about":[{"href":"https:\/\/zapateneo.net\/wordpress\/index.php\/wp-json\/wp\/v2\/types\/product"}],"wp:featuredmedia":[{"embeddable":true,"href":"https:\/\/zapateneo.net\/wordpress\/index.php\/wp-json\/wp\/v2\/media\/15285"}],"wp:attachment":[{"href":"https:\/\/zapateneo.net\/wordpress\/index.php\/wp-json\/wp\/v2\/media?parent=15272"}],"wp:term":[{"taxonomy":"product_brand","embeddable":true,"href":"https:\/\/zapateneo.net\/wordpress\/index.php\/wp-json\/wp\/v2\/product_brand?post=15272"},{"taxonomy":"product_cat","embeddable":true,"href":"https:\/\/zapateneo.net\/wordpress\/index.php\/wp-json\/wp\/v2\/product_cat?post=15272"},{"taxonomy":"product_tag","embeddable":true,"href":"https:\/\/zapateneo.net\/wordpress\/index.php\/wp-json\/wp\/v2\/product_tag?post=15272"}],"curies":[{"name":"wp","href":"https:\/\/api.w.org\/{rel}","templated":true}]}}