{"id":15268,"date":"2024-06-09T08:20:31","date_gmt":"2024-06-09T07:20:31","guid":{"rendered":"https:\/\/zapateneo.net\/wordpress\/?post_type=product&#038;p=15268"},"modified":"2024-06-09T08:20:38","modified_gmt":"2024-06-09T07:20:38","slug":"pecadoras-genenalogia-de-la-cultura-del-castigo-y-las-prisiones-de-mujeres","status":"publish","type":"product","link":"https:\/\/zapateneo.net\/wordpress\/index.php\/producto\/pecadoras-genenalogia-de-la-cultura-del-castigo-y-las-prisiones-de-mujeres\/","title":{"rendered":"pecadoras. genenalog\u00eda de la cultura del castigo y las prisiones de mujeres"},"content":{"rendered":"<p>Autor\/a: Sol Abej\u00f3n<\/p>\n<p>Idioma: Castellano<\/p>\n<p>Col\u00b7lecci\u00f3: Re-Memorant<\/p>\n<p>ISBN: 978-84-18283-70-3<\/p>\n<p>Format: 14x21cm<\/p>\n<p>P\u00e0gines: 320<\/p>\n<p>Preu: 19,00\u20ac<\/p>\n<p>Compra\u2019l online<\/p>\n<p>Compra\u2019l a llibreries<br \/>\nResum:<br \/>\nPecadoras. Genealog\u00eda de la cultura del castigo y las prisiones de mujeres<\/p>\n<p>Con esta investigaci\u00f3n in\u00e9dita de la Casa de las Egipc\u00edaques de Barcelona, la autora nos revela c\u00f3mo la privaci\u00f3n de libertad como pena principal no ser\u00eda un invento del siglo XVIII, tal como penalistas, historiadores y soci\u00f3logos argumentaron. M\u00e1s bien, sus ra\u00edces se hallan en las pr\u00e1cticas de la ortodoxia cristiana europea del siglo XIII.<\/p>\n<p>Sol Abej\u00f3n nos sumerge en la dolorosa herida que dejaron los dispositivos de castigo mis\u00f3ginos sobre los cuerpos de las mujeres y las presas, por su mera condici\u00f3n de mujeres y por delitos sexuados desde los \u00faltimos siglos medievales hasta el siglo XIX. El castigo hacia ellas pasa del hogar, bajo la autoridad exclusiva del pater familias, a la instituci\u00f3n carcelaria, dibujando un mapa de encierro de mujeres complejo. La autora nos invita a viajar a trav\u00e9s de este mapa compuesto de las historias y conexiones entre las Casas de Arrepentidas, Casas Galera y Casas de las Egipc\u00edaques, y su adaptaci\u00f3n al dispositivo colonial en Abya Yala.<\/p>\n<p>Estas son las historias de lo que nos hicieron, de c\u00f3mo nos encerraron y castigaron por no adaptarnos a sus normas morales, a sus injustos c\u00e1nones, a su normatividad sexual y familiar. Recuperar estas experiencias penitenciarias significa hacer un ejercicio de herstoria. Restituir las narrativas del dolor para reparar el olvido y el trauma transgeneracional.<\/p>\n","protected":false},"excerpt":{"rendered":"<p><strong>sol abejon<\/strong><br \/>\n9788418283703 &#8211; descontrol &#8211; 2024 &#8211; 320 p\u00e1ginas \/orri.<\/p>\n","protected":false},"featured_media":15281,"template":"","meta":[],"product_brand":[],"product_cat":[181,16],"product_tag":[53,6916],"class_list":{"0":"post-15268","1":"product","2":"type-product","3":"status-publish","4":"has-post-thumbnail","6":"product_cat-bazterketa-soziala-eta-errepresioa-exclusion-social-y-represion","7":"product_cat-libros","8":"product_tag-descontrol","9":"product_tag-sol-abejon","11":"first","12":"instock","13":"sold-individually","14":"shipping-taxable","15":"purchasable","16":"product-type-simple"},"yoast_head":"<!-- This site is optimized with the Yoast SEO plugin v27.3 - https:\/\/yoast.com\/product\/yoast-seo-wordpress\/ -->\n<title>pecadoras. genenalog\u00eda de la cultura del castigo y las prisiones de mujeres &#8212; Zapateneo<\/title>\n<meta name=\"robots\" content=\"index, follow, max-snippet:-1, max-image-preview:large, max-video-preview:-1\" \/>\n<link rel=\"canonical\" href=\"https:\/\/zapateneo.net\/wordpress\/index.php\/producto\/pecadoras-genenalogia-de-la-cultura-del-castigo-y-las-prisiones-de-mujeres\/\" \/>\n<meta property=\"og:locale\" content=\"es_ES\" \/>\n<meta property=\"og:type\" content=\"article\" \/>\n<meta property=\"og:title\" content=\"pecadoras. genenalog\u00eda de la cultura del castigo y las prisiones de mujeres &#8212; Zapateneo\" \/>\n<meta property=\"og:description\" content=\"sol abejon 9788418283703 - descontrol - 2024 - 320 p\u00e1ginas \/orri.\" \/>\n<meta property=\"og:url\" content=\"https:\/\/zapateneo.net\/wordpress\/index.php\/producto\/pecadoras-genenalogia-de-la-cultura-del-castigo-y-las-prisiones-de-mujeres\/\" \/>\n<meta property=\"og:site_name\" content=\"Zapateneo\" \/>\n<meta property=\"article:modified_time\" content=\"2024-06-09T07:20:38+00:00\" \/>\n<meta name=\"twitter:card\" content=\"summary_large_image\" \/>\n<meta name=\"twitter:site\" content=\"@zapateneo\" \/>\n<meta name=\"twitter:label1\" content=\"Tiempo de lectura\" \/>\n\t<meta name=\"twitter:data1\" content=\"1 minuto\" \/>\n<script type=\"application\/ld+json\" class=\"yoast-schema-graph\">{\"@context\":\"https:\\\/\\\/schema.org\",\"@graph\":[{\"@type\":\"WebPage\",\"@id\":\"https:\\\/\\\/zapateneo.net\\\/wordpress\\\/index.php\\\/producto\\\/pecadoras-genenalogia-de-la-cultura-del-castigo-y-las-prisiones-de-mujeres\\\/\",\"url\":\"https:\\\/\\\/zapateneo.net\\\/wordpress\\\/index.php\\\/producto\\\/pecadoras-genenalogia-de-la-cultura-del-castigo-y-las-prisiones-de-mujeres\\\/\",\"name\":\"pecadoras. genenalog\u00eda de la cultura del castigo y las prisiones de mujeres &#8212; Zapateneo\",\"isPartOf\":{\"@id\":\"https:\\\/\\\/zapateneo.net\\\/wordpress\\\/#website\"},\"primaryImageOfPage\":{\"@id\":\"https:\\\/\\\/zapateneo.net\\\/wordpress\\\/index.php\\\/producto\\\/pecadoras-genenalogia-de-la-cultura-del-castigo-y-las-prisiones-de-mujeres\\\/#primaryimage\"},\"image\":{\"@id\":\"https:\\\/\\\/zapateneo.net\\\/wordpress\\\/index.php\\\/producto\\\/pecadoras-genenalogia-de-la-cultura-del-castigo-y-las-prisiones-de-mujeres\\\/#primaryimage\"},\"thumbnailUrl\":\"https:\\\/\\\/zapateneo.net\\\/wordpress\\\/wp-content\\\/uploads\\\/2024\\\/06\\\/pecadoras-txalaparta-eus.jpg\",\"datePublished\":\"2024-06-09T07:20:31+00:00\",\"dateModified\":\"2024-06-09T07:20:38+00:00\",\"breadcrumb\":{\"@id\":\"https:\\\/\\\/zapateneo.net\\\/wordpress\\\/index.php\\\/producto\\\/pecadoras-genenalogia-de-la-cultura-del-castigo-y-las-prisiones-de-mujeres\\\/#breadcrumb\"},\"inLanguage\":\"es\",\"potentialAction\":[{\"@type\":\"ReadAction\",\"target\":[\"https:\\\/\\\/zapateneo.net\\\/wordpress\\\/index.php\\\/producto\\\/pecadoras-genenalogia-de-la-cultura-del-castigo-y-las-prisiones-de-mujeres\\\/\"]}]},{\"@type\":\"ImageObject\",\"inLanguage\":\"es\",\"@id\":\"https:\\\/\\\/zapateneo.net\\\/wordpress\\\/index.php\\\/producto\\\/pecadoras-genenalogia-de-la-cultura-del-castigo-y-las-prisiones-de-mujeres\\\/#primaryimage\",\"url\":\"https:\\\/\\\/zapateneo.net\\\/wordpress\\\/wp-content\\\/uploads\\\/2024\\\/06\\\/pecadoras-txalaparta-eus.jpg\",\"contentUrl\":\"https:\\\/\\\/zapateneo.net\\\/wordpress\\\/wp-content\\\/uploads\\\/2024\\\/06\\\/pecadoras-txalaparta-eus.jpg\",\"width\":266,\"height\":400},{\"@type\":\"BreadcrumbList\",\"@id\":\"https:\\\/\\\/zapateneo.net\\\/wordpress\\\/index.php\\\/producto\\\/pecadoras-genenalogia-de-la-cultura-del-castigo-y-las-prisiones-de-mujeres\\\/#breadcrumb\",\"itemListElement\":[{\"@type\":\"ListItem\",\"position\":1,\"name\":\"Portada\",\"item\":\"https:\\\/\\\/zapateneo.net\\\/wordpress\\\/\"},{\"@type\":\"ListItem\",\"position\":2,\"name\":\"Tienda\",\"item\":\"https:\\\/\\\/zapateneo.net\\\/wordpress\\\/\"},{\"@type\":\"ListItem\",\"position\":3,\"name\":\"pecadoras. genenalog\u00eda de la cultura del castigo y las prisiones de mujeres\"}]},{\"@type\":\"WebSite\",\"@id\":\"https:\\\/\\\/zapateneo.net\\\/wordpress\\\/#website\",\"url\":\"https:\\\/\\\/zapateneo.net\\\/wordpress\\\/\",\"name\":\"Zapateneo\",\"description\":\"Zapateneoaren webgunea\",\"publisher\":{\"@id\":\"https:\\\/\\\/zapateneo.net\\\/wordpress\\\/#organization\"},\"potentialAction\":[{\"@type\":\"SearchAction\",\"target\":{\"@type\":\"EntryPoint\",\"urlTemplate\":\"https:\\\/\\\/zapateneo.net\\\/wordpress\\\/?s={search_term_string}\"},\"query-input\":{\"@type\":\"PropertyValueSpecification\",\"valueRequired\":true,\"valueName\":\"search_term_string\"}}],\"inLanguage\":\"es\"},{\"@type\":\"Organization\",\"@id\":\"https:\\\/\\\/zapateneo.net\\\/wordpress\\\/#organization\",\"name\":\"Zapateneo Kultur Elkartea\",\"url\":\"https:\\\/\\\/zapateneo.net\\\/wordpress\\\/\",\"logo\":{\"@type\":\"ImageObject\",\"inLanguage\":\"es\",\"@id\":\"https:\\\/\\\/zapateneo.net\\\/wordpress\\\/#\\\/schema\\\/logo\\\/image\\\/\",\"url\":\"https:\\\/\\\/zapateneo.net\\\/wordpress\\\/wp-content\\\/uploads\\\/2021\\\/04\\\/zap-libu-kolec.jpg\",\"contentUrl\":\"https:\\\/\\\/zapateneo.net\\\/wordpress\\\/wp-content\\\/uploads\\\/2021\\\/04\\\/zap-libu-kolec.jpg\",\"width\":2234,\"height\":398,\"caption\":\"Zapateneo Kultur Elkartea\"},\"image\":{\"@id\":\"https:\\\/\\\/zapateneo.net\\\/wordpress\\\/#\\\/schema\\\/logo\\\/image\\\/\"},\"sameAs\":[\"https:\\\/\\\/x.com\\\/zapateneo\"]}]}<\/script>\n<!-- \/ Yoast SEO plugin. -->","yoast_head_json":{"title":"pecadoras. genenalog\u00eda de la cultura del castigo y las prisiones de mujeres &#8212; Zapateneo","robots":{"index":"index","follow":"follow","max-snippet":"max-snippet:-1","max-image-preview":"max-image-preview:large","max-video-preview":"max-video-preview:-1"},"canonical":"https:\/\/zapateneo.net\/wordpress\/index.php\/producto\/pecadoras-genenalogia-de-la-cultura-del-castigo-y-las-prisiones-de-mujeres\/","og_locale":"es_ES","og_type":"article","og_title":"pecadoras. genenalog\u00eda de la cultura del castigo y las prisiones de mujeres &#8212; Zapateneo","og_description":"sol abejon 9788418283703 - descontrol - 2024 - 320 p\u00e1ginas \/orri.","og_url":"https:\/\/zapateneo.net\/wordpress\/index.php\/producto\/pecadoras-genenalogia-de-la-cultura-del-castigo-y-las-prisiones-de-mujeres\/","og_site_name":"Zapateneo","article_modified_time":"2024-06-09T07:20:38+00:00","twitter_card":"summary_large_image","twitter_site":"@zapateneo","twitter_misc":{"Tiempo de lectura":"1 minuto"},"schema":{"@context":"https:\/\/schema.org","@graph":[{"@type":"WebPage","@id":"https:\/\/zapateneo.net\/wordpress\/index.php\/producto\/pecadoras-genenalogia-de-la-cultura-del-castigo-y-las-prisiones-de-mujeres\/","url":"https:\/\/zapateneo.net\/wordpress\/index.php\/producto\/pecadoras-genenalogia-de-la-cultura-del-castigo-y-las-prisiones-de-mujeres\/","name":"pecadoras. genenalog\u00eda de la cultura del castigo y las prisiones de mujeres &#8212; Zapateneo","isPartOf":{"@id":"https:\/\/zapateneo.net\/wordpress\/#website"},"primaryImageOfPage":{"@id":"https:\/\/zapateneo.net\/wordpress\/index.php\/producto\/pecadoras-genenalogia-de-la-cultura-del-castigo-y-las-prisiones-de-mujeres\/#primaryimage"},"image":{"@id":"https:\/\/zapateneo.net\/wordpress\/index.php\/producto\/pecadoras-genenalogia-de-la-cultura-del-castigo-y-las-prisiones-de-mujeres\/#primaryimage"},"thumbnailUrl":"https:\/\/zapateneo.net\/wordpress\/wp-content\/uploads\/2024\/06\/pecadoras-txalaparta-eus.jpg","datePublished":"2024-06-09T07:20:31+00:00","dateModified":"2024-06-09T07:20:38+00:00","breadcrumb":{"@id":"https:\/\/zapateneo.net\/wordpress\/index.php\/producto\/pecadoras-genenalogia-de-la-cultura-del-castigo-y-las-prisiones-de-mujeres\/#breadcrumb"},"inLanguage":"es","potentialAction":[{"@type":"ReadAction","target":["https:\/\/zapateneo.net\/wordpress\/index.php\/producto\/pecadoras-genenalogia-de-la-cultura-del-castigo-y-las-prisiones-de-mujeres\/"]}]},{"@type":"ImageObject","inLanguage":"es","@id":"https:\/\/zapateneo.net\/wordpress\/index.php\/producto\/pecadoras-genenalogia-de-la-cultura-del-castigo-y-las-prisiones-de-mujeres\/#primaryimage","url":"https:\/\/zapateneo.net\/wordpress\/wp-content\/uploads\/2024\/06\/pecadoras-txalaparta-eus.jpg","contentUrl":"https:\/\/zapateneo.net\/wordpress\/wp-content\/uploads\/2024\/06\/pecadoras-txalaparta-eus.jpg","width":266,"height":400},{"@type":"BreadcrumbList","@id":"https:\/\/zapateneo.net\/wordpress\/index.php\/producto\/pecadoras-genenalogia-de-la-cultura-del-castigo-y-las-prisiones-de-mujeres\/#breadcrumb","itemListElement":[{"@type":"ListItem","position":1,"name":"Portada","item":"https:\/\/zapateneo.net\/wordpress\/"},{"@type":"ListItem","position":2,"name":"Tienda","item":"https:\/\/zapateneo.net\/wordpress\/"},{"@type":"ListItem","position":3,"name":"pecadoras. genenalog\u00eda de la cultura del castigo y las prisiones de mujeres"}]},{"@type":"WebSite","@id":"https:\/\/zapateneo.net\/wordpress\/#website","url":"https:\/\/zapateneo.net\/wordpress\/","name":"Zapateneo","description":"Zapateneoaren webgunea","publisher":{"@id":"https:\/\/zapateneo.net\/wordpress\/#organization"},"potentialAction":[{"@type":"SearchAction","target":{"@type":"EntryPoint","urlTemplate":"https:\/\/zapateneo.net\/wordpress\/?s={search_term_string}"},"query-input":{"@type":"PropertyValueSpecification","valueRequired":true,"valueName":"search_term_string"}}],"inLanguage":"es"},{"@type":"Organization","@id":"https:\/\/zapateneo.net\/wordpress\/#organization","name":"Zapateneo Kultur Elkartea","url":"https:\/\/zapateneo.net\/wordpress\/","logo":{"@type":"ImageObject","inLanguage":"es","@id":"https:\/\/zapateneo.net\/wordpress\/#\/schema\/logo\/image\/","url":"https:\/\/zapateneo.net\/wordpress\/wp-content\/uploads\/2021\/04\/zap-libu-kolec.jpg","contentUrl":"https:\/\/zapateneo.net\/wordpress\/wp-content\/uploads\/2021\/04\/zap-libu-kolec.jpg","width":2234,"height":398,"caption":"Zapateneo Kultur Elkartea"},"image":{"@id":"https:\/\/zapateneo.net\/wordpress\/#\/schema\/logo\/image\/"},"sameAs":["https:\/\/x.com\/zapateneo"]}]}},"_links":{"self":[{"href":"https:\/\/zapateneo.net\/wordpress\/index.php\/wp-json\/wp\/v2\/product\/15268","targetHints":{"allow":["GET"]}}],"collection":[{"href":"https:\/\/zapateneo.net\/wordpress\/index.php\/wp-json\/wp\/v2\/product"}],"about":[{"href":"https:\/\/zapateneo.net\/wordpress\/index.php\/wp-json\/wp\/v2\/types\/product"}],"wp:featuredmedia":[{"embeddable":true,"href":"https:\/\/zapateneo.net\/wordpress\/index.php\/wp-json\/wp\/v2\/media\/15281"}],"wp:attachment":[{"href":"https:\/\/zapateneo.net\/wordpress\/index.php\/wp-json\/wp\/v2\/media?parent=15268"}],"wp:term":[{"taxonomy":"product_brand","embeddable":true,"href":"https:\/\/zapateneo.net\/wordpress\/index.php\/wp-json\/wp\/v2\/product_brand?post=15268"},{"taxonomy":"product_cat","embeddable":true,"href":"https:\/\/zapateneo.net\/wordpress\/index.php\/wp-json\/wp\/v2\/product_cat?post=15268"},{"taxonomy":"product_tag","embeddable":true,"href":"https:\/\/zapateneo.net\/wordpress\/index.php\/wp-json\/wp\/v2\/product_tag?post=15268"}],"curies":[{"name":"wp","href":"https:\/\/api.w.org\/{rel}","templated":true}]}}