{"id":15266,"date":"2024-06-09T08:20:30","date_gmt":"2024-06-09T07:20:30","guid":{"rendered":"https:\/\/zapateneo.net\/wordpress\/?post_type=product&#038;p=15266"},"modified":"2024-06-09T08:20:37","modified_gmt":"2024-06-09T07:20:37","slug":"plomo-y-olvido-milicianos-en-el-frente-de-gipuzkoa","status":"publish","type":"product","link":"https:\/\/zapateneo.net\/wordpress\/index.php\/producto\/plomo-y-olvido-milicianos-en-el-frente-de-gipuzkoa\/","title":{"rendered":"plomo y olvido. Milicianos en el frente de Gipuzkoa"},"content":{"rendered":"<p>Milicianos como los anarquistas de la CNT, socialistas, comunistas o de cualquier otra ideolog\u00eda pol\u00edtica o sindical, obreros que combatieron y murieron en estos montes. Milicianos sin homenajes, sin placas, sin monumentos ni columbarios, algunos an\u00f3nimos y otros con nombre, apellidos, procedencia y familia. Incontables horas invertidas, viajes a los archivos a los que hemos podido acceder, m\u00e1s de 40 kil\u00f3metros cuadrados recorriendo los caminos andados por los milicianos durante el oto\u00f1o del 1936. Durante nuestro transitar, hemos podido comprobar el celo con el que los investigadores guardan su informaci\u00f3n, hemos entendido que\u2026 la guerra no ha terminado.<\/p>\n<p>Tratamos de hacer nuestra peque\u00f1a aportaci\u00f3n haciendo un ejercicio de memoria. No sabemos si de memoria hist\u00f3rica o de memoria obligada, los nombres no se entierran en las cunetas. Hemos tratado de entender el desarrollo de la defensa de las posiciones de este frente, trabajando desde la documentaci\u00f3n encontrada durante nuestra investigaci\u00f3n y de un trabajo de campo. Intentando definir la participaci\u00f3n de las diferentes compa\u00f1\u00edas y batallones, situar los lugares de combate donde sin duda alguna hoy d\u00eda queden numerosos milicianos enterrados en trincheras y fosas. Que estas personas y pasajes y lugares no caigan en el olvido.<\/p>\n","protected":false},"excerpt":{"rendered":"<p><strong>Grupo de Trabajo de Memoria Hist\u00f3rica<\/strong><br \/>\n9788412750911 &#8211; Fundaci\u00f3n Anselmo Lorenzo &#8211; 2024 &#8211; 128 p\u00e1ginas \/orri.<\/p>\n","protected":false},"featured_media":15279,"template":"","meta":[],"product_brand":[],"product_cat":[185,16],"product_tag":[561,6913],"class_list":{"0":"post-15266","1":"product","2":"type-product","3":"status-publish","4":"has-post-thumbnail","6":"product_cat-historia","7":"product_cat-libros","8":"product_tag-fundacion-anselmo-lorenzo","9":"product_tag-grupo-de-trabajo-de-memoria-historica","11":"first","12":"instock","13":"sold-individually","14":"shipping-taxable","15":"purchasable","16":"product-type-simple"},"yoast_head":"<!-- This site is optimized with the Yoast SEO plugin v27.3 - https:\/\/yoast.com\/product\/yoast-seo-wordpress\/ -->\n<title>plomo y olvido. Milicianos en el frente de Gipuzkoa &#8212; Zapateneo<\/title>\n<meta name=\"robots\" content=\"index, follow, max-snippet:-1, max-image-preview:large, max-video-preview:-1\" \/>\n<link rel=\"canonical\" href=\"https:\/\/zapateneo.net\/wordpress\/index.php\/producto\/plomo-y-olvido-milicianos-en-el-frente-de-gipuzkoa\/\" \/>\n<meta property=\"og:locale\" content=\"es_ES\" \/>\n<meta property=\"og:type\" content=\"article\" \/>\n<meta property=\"og:title\" content=\"plomo y olvido. Milicianos en el frente de Gipuzkoa &#8212; Zapateneo\" \/>\n<meta property=\"og:description\" content=\"Grupo de Trabajo de Memoria Hist\u00f3rica 9788412750911 - Fundaci\u00f3n Anselmo Lorenzo - 2024 - 128 p\u00e1ginas \/orri.\" \/>\n<meta property=\"og:url\" content=\"https:\/\/zapateneo.net\/wordpress\/index.php\/producto\/plomo-y-olvido-milicianos-en-el-frente-de-gipuzkoa\/\" \/>\n<meta property=\"og:site_name\" content=\"Zapateneo\" \/>\n<meta property=\"article:modified_time\" content=\"2024-06-09T07:20:37+00:00\" \/>\n<meta name=\"twitter:card\" content=\"summary_large_image\" \/>\n<meta name=\"twitter:site\" content=\"@zapateneo\" \/>\n<meta name=\"twitter:label1\" content=\"Tiempo de lectura\" \/>\n\t<meta name=\"twitter:data1\" content=\"1 minuto\" \/>\n<script type=\"application\/ld+json\" class=\"yoast-schema-graph\">{\"@context\":\"https:\\\/\\\/schema.org\",\"@graph\":[{\"@type\":\"WebPage\",\"@id\":\"https:\\\/\\\/zapateneo.net\\\/wordpress\\\/index.php\\\/producto\\\/plomo-y-olvido-milicianos-en-el-frente-de-gipuzkoa\\\/\",\"url\":\"https:\\\/\\\/zapateneo.net\\\/wordpress\\\/index.php\\\/producto\\\/plomo-y-olvido-milicianos-en-el-frente-de-gipuzkoa\\\/\",\"name\":\"plomo y olvido. Milicianos en el frente de Gipuzkoa &#8212; Zapateneo\",\"isPartOf\":{\"@id\":\"https:\\\/\\\/zapateneo.net\\\/wordpress\\\/#website\"},\"primaryImageOfPage\":{\"@id\":\"https:\\\/\\\/zapateneo.net\\\/wordpress\\\/index.php\\\/producto\\\/plomo-y-olvido-milicianos-en-el-frente-de-gipuzkoa\\\/#primaryimage\"},\"image\":{\"@id\":\"https:\\\/\\\/zapateneo.net\\\/wordpress\\\/index.php\\\/producto\\\/plomo-y-olvido-milicianos-en-el-frente-de-gipuzkoa\\\/#primaryimage\"},\"thumbnailUrl\":\"https:\\\/\\\/zapateneo.net\\\/wordpress\\\/wp-content\\\/uploads\\\/2024\\\/06\\\/plomo-y-olvido-9788412750911.jpg\",\"datePublished\":\"2024-06-09T07:20:30+00:00\",\"dateModified\":\"2024-06-09T07:20:37+00:00\",\"breadcrumb\":{\"@id\":\"https:\\\/\\\/zapateneo.net\\\/wordpress\\\/index.php\\\/producto\\\/plomo-y-olvido-milicianos-en-el-frente-de-gipuzkoa\\\/#breadcrumb\"},\"inLanguage\":\"es\",\"potentialAction\":[{\"@type\":\"ReadAction\",\"target\":[\"https:\\\/\\\/zapateneo.net\\\/wordpress\\\/index.php\\\/producto\\\/plomo-y-olvido-milicianos-en-el-frente-de-gipuzkoa\\\/\"]}]},{\"@type\":\"ImageObject\",\"inLanguage\":\"es\",\"@id\":\"https:\\\/\\\/zapateneo.net\\\/wordpress\\\/index.php\\\/producto\\\/plomo-y-olvido-milicianos-en-el-frente-de-gipuzkoa\\\/#primaryimage\",\"url\":\"https:\\\/\\\/zapateneo.net\\\/wordpress\\\/wp-content\\\/uploads\\\/2024\\\/06\\\/plomo-y-olvido-9788412750911.jpg\",\"contentUrl\":\"https:\\\/\\\/zapateneo.net\\\/wordpress\\\/wp-content\\\/uploads\\\/2024\\\/06\\\/plomo-y-olvido-9788412750911.jpg\",\"width\":263,\"height\":400},{\"@type\":\"BreadcrumbList\",\"@id\":\"https:\\\/\\\/zapateneo.net\\\/wordpress\\\/index.php\\\/producto\\\/plomo-y-olvido-milicianos-en-el-frente-de-gipuzkoa\\\/#breadcrumb\",\"itemListElement\":[{\"@type\":\"ListItem\",\"position\":1,\"name\":\"Portada\",\"item\":\"https:\\\/\\\/zapateneo.net\\\/wordpress\\\/\"},{\"@type\":\"ListItem\",\"position\":2,\"name\":\"Tienda\",\"item\":\"https:\\\/\\\/zapateneo.net\\\/wordpress\\\/\"},{\"@type\":\"ListItem\",\"position\":3,\"name\":\"plomo y olvido. Milicianos en el frente de Gipuzkoa\"}]},{\"@type\":\"WebSite\",\"@id\":\"https:\\\/\\\/zapateneo.net\\\/wordpress\\\/#website\",\"url\":\"https:\\\/\\\/zapateneo.net\\\/wordpress\\\/\",\"name\":\"Zapateneo\",\"description\":\"Zapateneoaren webgunea\",\"publisher\":{\"@id\":\"https:\\\/\\\/zapateneo.net\\\/wordpress\\\/#organization\"},\"potentialAction\":[{\"@type\":\"SearchAction\",\"target\":{\"@type\":\"EntryPoint\",\"urlTemplate\":\"https:\\\/\\\/zapateneo.net\\\/wordpress\\\/?s={search_term_string}\"},\"query-input\":{\"@type\":\"PropertyValueSpecification\",\"valueRequired\":true,\"valueName\":\"search_term_string\"}}],\"inLanguage\":\"es\"},{\"@type\":\"Organization\",\"@id\":\"https:\\\/\\\/zapateneo.net\\\/wordpress\\\/#organization\",\"name\":\"Zapateneo Kultur Elkartea\",\"url\":\"https:\\\/\\\/zapateneo.net\\\/wordpress\\\/\",\"logo\":{\"@type\":\"ImageObject\",\"inLanguage\":\"es\",\"@id\":\"https:\\\/\\\/zapateneo.net\\\/wordpress\\\/#\\\/schema\\\/logo\\\/image\\\/\",\"url\":\"https:\\\/\\\/zapateneo.net\\\/wordpress\\\/wp-content\\\/uploads\\\/2021\\\/04\\\/zap-libu-kolec.jpg\",\"contentUrl\":\"https:\\\/\\\/zapateneo.net\\\/wordpress\\\/wp-content\\\/uploads\\\/2021\\\/04\\\/zap-libu-kolec.jpg\",\"width\":2234,\"height\":398,\"caption\":\"Zapateneo Kultur Elkartea\"},\"image\":{\"@id\":\"https:\\\/\\\/zapateneo.net\\\/wordpress\\\/#\\\/schema\\\/logo\\\/image\\\/\"},\"sameAs\":[\"https:\\\/\\\/x.com\\\/zapateneo\"]}]}<\/script>\n<!-- \/ Yoast SEO plugin. -->","yoast_head_json":{"title":"plomo y olvido. Milicianos en el frente de Gipuzkoa &#8212; Zapateneo","robots":{"index":"index","follow":"follow","max-snippet":"max-snippet:-1","max-image-preview":"max-image-preview:large","max-video-preview":"max-video-preview:-1"},"canonical":"https:\/\/zapateneo.net\/wordpress\/index.php\/producto\/plomo-y-olvido-milicianos-en-el-frente-de-gipuzkoa\/","og_locale":"es_ES","og_type":"article","og_title":"plomo y olvido. Milicianos en el frente de Gipuzkoa &#8212; Zapateneo","og_description":"Grupo de Trabajo de Memoria Hist\u00f3rica 9788412750911 - Fundaci\u00f3n Anselmo Lorenzo - 2024 - 128 p\u00e1ginas \/orri.","og_url":"https:\/\/zapateneo.net\/wordpress\/index.php\/producto\/plomo-y-olvido-milicianos-en-el-frente-de-gipuzkoa\/","og_site_name":"Zapateneo","article_modified_time":"2024-06-09T07:20:37+00:00","twitter_card":"summary_large_image","twitter_site":"@zapateneo","twitter_misc":{"Tiempo de lectura":"1 minuto"},"schema":{"@context":"https:\/\/schema.org","@graph":[{"@type":"WebPage","@id":"https:\/\/zapateneo.net\/wordpress\/index.php\/producto\/plomo-y-olvido-milicianos-en-el-frente-de-gipuzkoa\/","url":"https:\/\/zapateneo.net\/wordpress\/index.php\/producto\/plomo-y-olvido-milicianos-en-el-frente-de-gipuzkoa\/","name":"plomo y olvido. Milicianos en el frente de Gipuzkoa &#8212; Zapateneo","isPartOf":{"@id":"https:\/\/zapateneo.net\/wordpress\/#website"},"primaryImageOfPage":{"@id":"https:\/\/zapateneo.net\/wordpress\/index.php\/producto\/plomo-y-olvido-milicianos-en-el-frente-de-gipuzkoa\/#primaryimage"},"image":{"@id":"https:\/\/zapateneo.net\/wordpress\/index.php\/producto\/plomo-y-olvido-milicianos-en-el-frente-de-gipuzkoa\/#primaryimage"},"thumbnailUrl":"https:\/\/zapateneo.net\/wordpress\/wp-content\/uploads\/2024\/06\/plomo-y-olvido-9788412750911.jpg","datePublished":"2024-06-09T07:20:30+00:00","dateModified":"2024-06-09T07:20:37+00:00","breadcrumb":{"@id":"https:\/\/zapateneo.net\/wordpress\/index.php\/producto\/plomo-y-olvido-milicianos-en-el-frente-de-gipuzkoa\/#breadcrumb"},"inLanguage":"es","potentialAction":[{"@type":"ReadAction","target":["https:\/\/zapateneo.net\/wordpress\/index.php\/producto\/plomo-y-olvido-milicianos-en-el-frente-de-gipuzkoa\/"]}]},{"@type":"ImageObject","inLanguage":"es","@id":"https:\/\/zapateneo.net\/wordpress\/index.php\/producto\/plomo-y-olvido-milicianos-en-el-frente-de-gipuzkoa\/#primaryimage","url":"https:\/\/zapateneo.net\/wordpress\/wp-content\/uploads\/2024\/06\/plomo-y-olvido-9788412750911.jpg","contentUrl":"https:\/\/zapateneo.net\/wordpress\/wp-content\/uploads\/2024\/06\/plomo-y-olvido-9788412750911.jpg","width":263,"height":400},{"@type":"BreadcrumbList","@id":"https:\/\/zapateneo.net\/wordpress\/index.php\/producto\/plomo-y-olvido-milicianos-en-el-frente-de-gipuzkoa\/#breadcrumb","itemListElement":[{"@type":"ListItem","position":1,"name":"Portada","item":"https:\/\/zapateneo.net\/wordpress\/"},{"@type":"ListItem","position":2,"name":"Tienda","item":"https:\/\/zapateneo.net\/wordpress\/"},{"@type":"ListItem","position":3,"name":"plomo y olvido. Milicianos en el frente de Gipuzkoa"}]},{"@type":"WebSite","@id":"https:\/\/zapateneo.net\/wordpress\/#website","url":"https:\/\/zapateneo.net\/wordpress\/","name":"Zapateneo","description":"Zapateneoaren webgunea","publisher":{"@id":"https:\/\/zapateneo.net\/wordpress\/#organization"},"potentialAction":[{"@type":"SearchAction","target":{"@type":"EntryPoint","urlTemplate":"https:\/\/zapateneo.net\/wordpress\/?s={search_term_string}"},"query-input":{"@type":"PropertyValueSpecification","valueRequired":true,"valueName":"search_term_string"}}],"inLanguage":"es"},{"@type":"Organization","@id":"https:\/\/zapateneo.net\/wordpress\/#organization","name":"Zapateneo Kultur Elkartea","url":"https:\/\/zapateneo.net\/wordpress\/","logo":{"@type":"ImageObject","inLanguage":"es","@id":"https:\/\/zapateneo.net\/wordpress\/#\/schema\/logo\/image\/","url":"https:\/\/zapateneo.net\/wordpress\/wp-content\/uploads\/2021\/04\/zap-libu-kolec.jpg","contentUrl":"https:\/\/zapateneo.net\/wordpress\/wp-content\/uploads\/2021\/04\/zap-libu-kolec.jpg","width":2234,"height":398,"caption":"Zapateneo Kultur Elkartea"},"image":{"@id":"https:\/\/zapateneo.net\/wordpress\/#\/schema\/logo\/image\/"},"sameAs":["https:\/\/x.com\/zapateneo"]}]}},"_links":{"self":[{"href":"https:\/\/zapateneo.net\/wordpress\/index.php\/wp-json\/wp\/v2\/product\/15266","targetHints":{"allow":["GET"]}}],"collection":[{"href":"https:\/\/zapateneo.net\/wordpress\/index.php\/wp-json\/wp\/v2\/product"}],"about":[{"href":"https:\/\/zapateneo.net\/wordpress\/index.php\/wp-json\/wp\/v2\/types\/product"}],"wp:featuredmedia":[{"embeddable":true,"href":"https:\/\/zapateneo.net\/wordpress\/index.php\/wp-json\/wp\/v2\/media\/15279"}],"wp:attachment":[{"href":"https:\/\/zapateneo.net\/wordpress\/index.php\/wp-json\/wp\/v2\/media?parent=15266"}],"wp:term":[{"taxonomy":"product_brand","embeddable":true,"href":"https:\/\/zapateneo.net\/wordpress\/index.php\/wp-json\/wp\/v2\/product_brand?post=15266"},{"taxonomy":"product_cat","embeddable":true,"href":"https:\/\/zapateneo.net\/wordpress\/index.php\/wp-json\/wp\/v2\/product_cat?post=15266"},{"taxonomy":"product_tag","embeddable":true,"href":"https:\/\/zapateneo.net\/wordpress\/index.php\/wp-json\/wp\/v2\/product_tag?post=15266"}],"curies":[{"name":"wp","href":"https:\/\/api.w.org\/{rel}","templated":true}]}}