{"id":15265,"date":"2024-06-09T08:20:30","date_gmt":"2024-06-09T07:20:30","guid":{"rendered":"https:\/\/zapateneo.net\/wordpress\/?post_type=product&#038;p=15265"},"modified":"2024-06-09T08:20:36","modified_gmt":"2024-06-09T07:20:36","slug":"sexo-o-lo-insoportable","status":"publish","type":"product","link":"https:\/\/zapateneo.net\/wordpress\/index.php\/producto\/sexo-o-lo-insoportable\/","title":{"rendered":"sexo o lo insoportable"},"content":{"rendered":"<p>Sexo, o lo Insoportable (2014), adopta la forma de una conversaci\u00f3n entre Berlant y Edelman que evoluciona a lo largo de sus cap\u00edtulos. El sexo es para esta autora y autor un lugar desde el que explorar \u201cla escena de la relacionalidad\u201d centr\u00e1ndose en la \u201cnegatividad que puede hacerla tan perturbadora\u201d. El sexo es as\u00ed una met\u00e1fora del deshacer: a trav\u00e9s de su intensa relaci\u00f3n con el otro, la \u201csoberan\u00eda fantasm\u00e1tica del sujeto\u201d se desintegra, el yo (temporalmente) se disipa.<\/p>\n<p>Exploran sus implicaciones a trav\u00e9s de un di\u00e1logo que les compromete a lidiar con la negatividad, la no soberan\u00eda y la relaci\u00f3n social no s\u00f3lo como conceptos abstractos, sino tambi\u00e9n como la sustancia y la condici\u00f3n de nuestras respuestas \u2013y nuestras responsabilidades\u2013 mutuas. Pero, adem\u00e1s, ofrecen un relato intenso y muy perspicaz de las interacciones entre dos sujetos que quiz\u00e1 podr\u00eda aplicarse fruct\u00edferamente a la comprensi\u00f3n de los encuentros en las organizaciones militantes. Muestran algunas de las complejidades de la relacionalidad: es violenta, placentera, productiva, un escenario de fantas\u00eda y desconocimiento, todo esto y m\u00e1s.<\/p>\n<p>A\u00f1adimos en esta edici\u00f3n el op\u00fasculo Deseo\/Amor, de Lauren Berlant, publicado poco antes (2012). Se trata de un ensayo introductorio, no escrito para especialistas, y que gira en torno a lo que los te\u00f3ricos han escrito sobre el deseo y el amor. Pero tambi\u00e9n es una pieza de pensamiento agudamente desarrollada que persigue qu\u00e9 m\u00e1s puede significar tener una fantas\u00eda. Para explicar algunas cosas sobre el deseo y el amor, Berlant ni siquiera intenta pretender captar su estructura esencial. Escenas de agresi\u00f3n y ternura, trauma y placer, de control y no-soberan\u00eda nos llevan a identificarnos (con) la actividad del deseo y el amor, rastrear su movimiento y trazar las marcas que dejan en las personas y en el mundo en el que circulan.<\/p>\n<p>En suma, no hay manera de captar definitivamente el deseo. Esta es la raz\u00f3n por la que el pensamiento cr\u00edtico sobre lo que es el deseo se convierte casi inevitablemente en pensamiento te\u00f3rico sobre el pensamiento mismo.<\/p>\n<p>Lauren Berlant (1957-2021) ha centrado su trabajo en el estudio de las fantas\u00edas ideol\u00f3gicas de progreso y bienestar existentes en la sociedad estadounidense. De George W. Bush a Trump, de Clinton a Obama, la investigaci\u00f3n de Berlant ha avanzado de forma paralela a los crecientes procesos de precarizaci\u00f3n y empobrecimiento del debate pol\u00edtico en la esfera p\u00fablica nacional. Fue catedr\u00e1tica de ingl\u00e9s en la Universidad de Chicago. Es autora de Desire\/Love, Cruel Optimism, The Female Complaint, The Queen of America Goes to Washington City: Essays on Sex and Citizenship, The Anatomy of National Fantasy: Hawthorne, Utopia, and Everyday Life y, con Lee Edelman, Sex, or the Unbearable. Es editora de los libros Intimacy, Compassion: The Culture and Politics of an Emotion y, con Lisa Duggan, Our Monica, Ourselves: The Clinton Affair and National Interest. Tiene un blog en supervalentthought.com<\/p>\n<p>Lee Edelman (1953-) es un cr\u00edtico literario y acad\u00e9mico estadounidense. Se gradu\u00f3 con una licenciatura en Artes de la Universidad Northwestern y obtuvo el m\u00e1ster y el doctorado de la Universidad de Yale. Es profesor de ingl\u00e9s en la Universidad de Tufts. Edelman comenz\u00f3 su carrera acad\u00e9mica como estudioso de la poes\u00eda estadounidense del siglo XX. Desde entonces, ha colaborado en el desarrollo, difusi\u00f3n y replanteamiento de la teor\u00eda queer. Su trabajo actual explora las intersecciones de la sexualidad, la teor\u00eda ret\u00f3rica, la pol\u00edtica cultural y el cine. Ocupa el cargo de Profesor Fletcher de Literatura Inglesa y se ha desempe\u00f1ado como presidente del Departamento de Ingl\u00e9s. Obtuvo reconocimiento internacional por sus libros sobre teor\u00eda queer, postestructuralismo, teor\u00eda psicoanal\u00edtica y estudios culturales. Es autor de varios libros: Transmemberment of Song: Hart Crane&#8217;s Anatomies of Rhetoric and Desire; Homographesis: Essays in Gay Literary and Cultural Theory; No Future: Queer Theory and the Death Drive. El trabajo de Edelman ha polemizado contra la \u201cnegatividad queer\u201d presente en Cruising Utopia de Jos\u00e9 Esteban Mu\u00f1oz.<\/p>\n","protected":false},"excerpt":{"rendered":"<p><strong>Lauren Berlant, Lee Edelman<\/strong><br \/>\n9788485209651 &#8211; irrecuperables &#8211; 2024 &#8211; 350 p\u00e1ginas \/orri.<\/p>\n","protected":false},"featured_media":15278,"template":"","meta":[],"product_brand":[],"product_cat":[16,173],"product_tag":[2960,6911,6912],"class_list":{"0":"post-15265","1":"product","2":"type-product","3":"status-publish","4":"has-post-thumbnail","6":"product_cat-libros","7":"product_cat-saiakera-ensayo","8":"product_tag-irrecuperables","9":"product_tag-lauren-berlant","10":"product_tag-lee-edelman","12":"first","13":"instock","14":"sold-individually","15":"shipping-taxable","16":"purchasable","17":"product-type-simple"},"yoast_head":"<!-- This site is optimized with the Yoast SEO plugin v27.3 - https:\/\/yoast.com\/product\/yoast-seo-wordpress\/ -->\n<title>sexo o lo insoportable &#8212; Zapateneo<\/title>\n<meta name=\"robots\" content=\"index, follow, max-snippet:-1, max-image-preview:large, max-video-preview:-1\" \/>\n<link rel=\"canonical\" href=\"https:\/\/zapateneo.net\/wordpress\/index.php\/producto\/sexo-o-lo-insoportable\/\" \/>\n<meta property=\"og:locale\" content=\"es_ES\" \/>\n<meta property=\"og:type\" content=\"article\" \/>\n<meta property=\"og:title\" content=\"sexo o lo insoportable &#8212; Zapateneo\" \/>\n<meta property=\"og:description\" content=\"Lauren Berlant, Lee Edelman 9788485209651 - irrecuperables - 2024 - 350 p\u00e1ginas \/orri.\" \/>\n<meta property=\"og:url\" content=\"https:\/\/zapateneo.net\/wordpress\/index.php\/producto\/sexo-o-lo-insoportable\/\" \/>\n<meta property=\"og:site_name\" content=\"Zapateneo\" \/>\n<meta property=\"article:modified_time\" content=\"2024-06-09T07:20:36+00:00\" \/>\n<meta name=\"twitter:card\" content=\"summary_large_image\" \/>\n<meta name=\"twitter:site\" content=\"@zapateneo\" \/>\n<meta name=\"twitter:label1\" content=\"Tiempo de lectura\" \/>\n\t<meta name=\"twitter:data1\" content=\"4 minutos\" \/>\n<script type=\"application\/ld+json\" class=\"yoast-schema-graph\">{\"@context\":\"https:\\\/\\\/schema.org\",\"@graph\":[{\"@type\":\"WebPage\",\"@id\":\"https:\\\/\\\/zapateneo.net\\\/wordpress\\\/index.php\\\/producto\\\/sexo-o-lo-insoportable\\\/\",\"url\":\"https:\\\/\\\/zapateneo.net\\\/wordpress\\\/index.php\\\/producto\\\/sexo-o-lo-insoportable\\\/\",\"name\":\"sexo o lo insoportable &#8212; Zapateneo\",\"isPartOf\":{\"@id\":\"https:\\\/\\\/zapateneo.net\\\/wordpress\\\/#website\"},\"primaryImageOfPage\":{\"@id\":\"https:\\\/\\\/zapateneo.net\\\/wordpress\\\/index.php\\\/producto\\\/sexo-o-lo-insoportable\\\/#primaryimage\"},\"image\":{\"@id\":\"https:\\\/\\\/zapateneo.net\\\/wordpress\\\/index.php\\\/producto\\\/sexo-o-lo-insoportable\\\/#primaryimage\"},\"thumbnailUrl\":\"https:\\\/\\\/zapateneo.net\\\/wordpress\\\/wp-content\\\/uploads\\\/2024\\\/06\\\/sexo-o-lo-insoportable-9788485209651.jpg\",\"datePublished\":\"2024-06-09T07:20:30+00:00\",\"dateModified\":\"2024-06-09T07:20:36+00:00\",\"breadcrumb\":{\"@id\":\"https:\\\/\\\/zapateneo.net\\\/wordpress\\\/index.php\\\/producto\\\/sexo-o-lo-insoportable\\\/#breadcrumb\"},\"inLanguage\":\"es\",\"potentialAction\":[{\"@type\":\"ReadAction\",\"target\":[\"https:\\\/\\\/zapateneo.net\\\/wordpress\\\/index.php\\\/producto\\\/sexo-o-lo-insoportable\\\/\"]}]},{\"@type\":\"ImageObject\",\"inLanguage\":\"es\",\"@id\":\"https:\\\/\\\/zapateneo.net\\\/wordpress\\\/index.php\\\/producto\\\/sexo-o-lo-insoportable\\\/#primaryimage\",\"url\":\"https:\\\/\\\/zapateneo.net\\\/wordpress\\\/wp-content\\\/uploads\\\/2024\\\/06\\\/sexo-o-lo-insoportable-9788485209651.jpg\",\"contentUrl\":\"https:\\\/\\\/zapateneo.net\\\/wordpress\\\/wp-content\\\/uploads\\\/2024\\\/06\\\/sexo-o-lo-insoportable-9788485209651.jpg\",\"width\":300,\"height\":400},{\"@type\":\"BreadcrumbList\",\"@id\":\"https:\\\/\\\/zapateneo.net\\\/wordpress\\\/index.php\\\/producto\\\/sexo-o-lo-insoportable\\\/#breadcrumb\",\"itemListElement\":[{\"@type\":\"ListItem\",\"position\":1,\"name\":\"Portada\",\"item\":\"https:\\\/\\\/zapateneo.net\\\/wordpress\\\/\"},{\"@type\":\"ListItem\",\"position\":2,\"name\":\"Tienda\",\"item\":\"https:\\\/\\\/zapateneo.net\\\/wordpress\\\/\"},{\"@type\":\"ListItem\",\"position\":3,\"name\":\"sexo o lo insoportable\"}]},{\"@type\":\"WebSite\",\"@id\":\"https:\\\/\\\/zapateneo.net\\\/wordpress\\\/#website\",\"url\":\"https:\\\/\\\/zapateneo.net\\\/wordpress\\\/\",\"name\":\"Zapateneo\",\"description\":\"Zapateneoaren webgunea\",\"publisher\":{\"@id\":\"https:\\\/\\\/zapateneo.net\\\/wordpress\\\/#organization\"},\"potentialAction\":[{\"@type\":\"SearchAction\",\"target\":{\"@type\":\"EntryPoint\",\"urlTemplate\":\"https:\\\/\\\/zapateneo.net\\\/wordpress\\\/?s={search_term_string}\"},\"query-input\":{\"@type\":\"PropertyValueSpecification\",\"valueRequired\":true,\"valueName\":\"search_term_string\"}}],\"inLanguage\":\"es\"},{\"@type\":\"Organization\",\"@id\":\"https:\\\/\\\/zapateneo.net\\\/wordpress\\\/#organization\",\"name\":\"Zapateneo Kultur Elkartea\",\"url\":\"https:\\\/\\\/zapateneo.net\\\/wordpress\\\/\",\"logo\":{\"@type\":\"ImageObject\",\"inLanguage\":\"es\",\"@id\":\"https:\\\/\\\/zapateneo.net\\\/wordpress\\\/#\\\/schema\\\/logo\\\/image\\\/\",\"url\":\"https:\\\/\\\/zapateneo.net\\\/wordpress\\\/wp-content\\\/uploads\\\/2021\\\/04\\\/zap-libu-kolec.jpg\",\"contentUrl\":\"https:\\\/\\\/zapateneo.net\\\/wordpress\\\/wp-content\\\/uploads\\\/2021\\\/04\\\/zap-libu-kolec.jpg\",\"width\":2234,\"height\":398,\"caption\":\"Zapateneo Kultur Elkartea\"},\"image\":{\"@id\":\"https:\\\/\\\/zapateneo.net\\\/wordpress\\\/#\\\/schema\\\/logo\\\/image\\\/\"},\"sameAs\":[\"https:\\\/\\\/x.com\\\/zapateneo\"]}]}<\/script>\n<!-- \/ Yoast SEO plugin. -->","yoast_head_json":{"title":"sexo o lo insoportable &#8212; Zapateneo","robots":{"index":"index","follow":"follow","max-snippet":"max-snippet:-1","max-image-preview":"max-image-preview:large","max-video-preview":"max-video-preview:-1"},"canonical":"https:\/\/zapateneo.net\/wordpress\/index.php\/producto\/sexo-o-lo-insoportable\/","og_locale":"es_ES","og_type":"article","og_title":"sexo o lo insoportable &#8212; Zapateneo","og_description":"Lauren Berlant, Lee Edelman 9788485209651 - irrecuperables - 2024 - 350 p\u00e1ginas \/orri.","og_url":"https:\/\/zapateneo.net\/wordpress\/index.php\/producto\/sexo-o-lo-insoportable\/","og_site_name":"Zapateneo","article_modified_time":"2024-06-09T07:20:36+00:00","twitter_card":"summary_large_image","twitter_site":"@zapateneo","twitter_misc":{"Tiempo de lectura":"4 minutos"},"schema":{"@context":"https:\/\/schema.org","@graph":[{"@type":"WebPage","@id":"https:\/\/zapateneo.net\/wordpress\/index.php\/producto\/sexo-o-lo-insoportable\/","url":"https:\/\/zapateneo.net\/wordpress\/index.php\/producto\/sexo-o-lo-insoportable\/","name":"sexo o lo insoportable &#8212; Zapateneo","isPartOf":{"@id":"https:\/\/zapateneo.net\/wordpress\/#website"},"primaryImageOfPage":{"@id":"https:\/\/zapateneo.net\/wordpress\/index.php\/producto\/sexo-o-lo-insoportable\/#primaryimage"},"image":{"@id":"https:\/\/zapateneo.net\/wordpress\/index.php\/producto\/sexo-o-lo-insoportable\/#primaryimage"},"thumbnailUrl":"https:\/\/zapateneo.net\/wordpress\/wp-content\/uploads\/2024\/06\/sexo-o-lo-insoportable-9788485209651.jpg","datePublished":"2024-06-09T07:20:30+00:00","dateModified":"2024-06-09T07:20:36+00:00","breadcrumb":{"@id":"https:\/\/zapateneo.net\/wordpress\/index.php\/producto\/sexo-o-lo-insoportable\/#breadcrumb"},"inLanguage":"es","potentialAction":[{"@type":"ReadAction","target":["https:\/\/zapateneo.net\/wordpress\/index.php\/producto\/sexo-o-lo-insoportable\/"]}]},{"@type":"ImageObject","inLanguage":"es","@id":"https:\/\/zapateneo.net\/wordpress\/index.php\/producto\/sexo-o-lo-insoportable\/#primaryimage","url":"https:\/\/zapateneo.net\/wordpress\/wp-content\/uploads\/2024\/06\/sexo-o-lo-insoportable-9788485209651.jpg","contentUrl":"https:\/\/zapateneo.net\/wordpress\/wp-content\/uploads\/2024\/06\/sexo-o-lo-insoportable-9788485209651.jpg","width":300,"height":400},{"@type":"BreadcrumbList","@id":"https:\/\/zapateneo.net\/wordpress\/index.php\/producto\/sexo-o-lo-insoportable\/#breadcrumb","itemListElement":[{"@type":"ListItem","position":1,"name":"Portada","item":"https:\/\/zapateneo.net\/wordpress\/"},{"@type":"ListItem","position":2,"name":"Tienda","item":"https:\/\/zapateneo.net\/wordpress\/"},{"@type":"ListItem","position":3,"name":"sexo o lo insoportable"}]},{"@type":"WebSite","@id":"https:\/\/zapateneo.net\/wordpress\/#website","url":"https:\/\/zapateneo.net\/wordpress\/","name":"Zapateneo","description":"Zapateneoaren webgunea","publisher":{"@id":"https:\/\/zapateneo.net\/wordpress\/#organization"},"potentialAction":[{"@type":"SearchAction","target":{"@type":"EntryPoint","urlTemplate":"https:\/\/zapateneo.net\/wordpress\/?s={search_term_string}"},"query-input":{"@type":"PropertyValueSpecification","valueRequired":true,"valueName":"search_term_string"}}],"inLanguage":"es"},{"@type":"Organization","@id":"https:\/\/zapateneo.net\/wordpress\/#organization","name":"Zapateneo Kultur Elkartea","url":"https:\/\/zapateneo.net\/wordpress\/","logo":{"@type":"ImageObject","inLanguage":"es","@id":"https:\/\/zapateneo.net\/wordpress\/#\/schema\/logo\/image\/","url":"https:\/\/zapateneo.net\/wordpress\/wp-content\/uploads\/2021\/04\/zap-libu-kolec.jpg","contentUrl":"https:\/\/zapateneo.net\/wordpress\/wp-content\/uploads\/2021\/04\/zap-libu-kolec.jpg","width":2234,"height":398,"caption":"Zapateneo Kultur Elkartea"},"image":{"@id":"https:\/\/zapateneo.net\/wordpress\/#\/schema\/logo\/image\/"},"sameAs":["https:\/\/x.com\/zapateneo"]}]}},"_links":{"self":[{"href":"https:\/\/zapateneo.net\/wordpress\/index.php\/wp-json\/wp\/v2\/product\/15265","targetHints":{"allow":["GET"]}}],"collection":[{"href":"https:\/\/zapateneo.net\/wordpress\/index.php\/wp-json\/wp\/v2\/product"}],"about":[{"href":"https:\/\/zapateneo.net\/wordpress\/index.php\/wp-json\/wp\/v2\/types\/product"}],"wp:featuredmedia":[{"embeddable":true,"href":"https:\/\/zapateneo.net\/wordpress\/index.php\/wp-json\/wp\/v2\/media\/15278"}],"wp:attachment":[{"href":"https:\/\/zapateneo.net\/wordpress\/index.php\/wp-json\/wp\/v2\/media?parent=15265"}],"wp:term":[{"taxonomy":"product_brand","embeddable":true,"href":"https:\/\/zapateneo.net\/wordpress\/index.php\/wp-json\/wp\/v2\/product_brand?post=15265"},{"taxonomy":"product_cat","embeddable":true,"href":"https:\/\/zapateneo.net\/wordpress\/index.php\/wp-json\/wp\/v2\/product_cat?post=15265"},{"taxonomy":"product_tag","embeddable":true,"href":"https:\/\/zapateneo.net\/wordpress\/index.php\/wp-json\/wp\/v2\/product_tag?post=15265"}],"curies":[{"name":"wp","href":"https:\/\/api.w.org\/{rel}","templated":true}]}}