{"id":15263,"date":"2024-06-09T08:20:29","date_gmt":"2024-06-09T07:20:29","guid":{"rendered":"https:\/\/zapateneo.net\/wordpress\/?post_type=product&#038;p=15263"},"modified":"2024-06-09T08:20:35","modified_gmt":"2024-06-09T07:20:35","slug":"esbozo-de-una-critica-a-la-teoria-y-practica-leninistas","status":"publish","type":"product","link":"https:\/\/zapateneo.net\/wordpress\/index.php\/producto\/esbozo-de-una-critica-a-la-teoria-y-practica-leninistas\/","title":{"rendered":"esbozo de una cr\u00edtica a la teor\u00eda y pr\u00e1ctica leninistas"},"content":{"rendered":"<p>El punto de partida de este trabajo lo constituye el reconocimiento del fracaso de la Revoluci\u00f3n Rusa, y su objetivo es tratar de comprender este fracaso. Partimos por lo tanto de un hecho que podemos enunciar de la siguiente manera: la Revoluci\u00f3n de Octubre, a trav\u00e9s de un proceso largo y dram\u00e1tico, se clausur\u00f3 en una sociedad basada en nuevas formas de explotaci\u00f3n. [&#8230;] Sin exagerar podemos decir que este fracaso del proyecto socialista en su sustancia libertaria y de autoliberaci\u00f3n, fue conocido desde siempre; incluso desde antes de la revoluci\u00f3n hubo quienes advirtieron, como Rosa Luxemburgo, que a partir de las premisas te\u00f3ricas con las cuales se estaba construyendo la organizaci\u00f3n revolucionaria rusa se iba necesariamente a concluir en una dictadura; y no por cierto en una dictadura de los explotados sobre los explotadores, sino de los dirigentes de la organizaci\u00f3n revolucionaria y de esta misma organizaci\u00f3n sobre las masas populares. [&#8230;] Hay decisiones que la historia metamorfosea produciendo resultados que no estaban en la mente de quienes las tomaron; de no ser as\u00ed la historia ser\u00eda trasl\u00facida. No se trata, por tanto, de juzgar intenciones. Y esto debe quedar claro: nuestro objetivo no es seguir el itinerario de los sujetos, sino el de las fuerzas, y cuando nos referimos a sujetos en realidad nos estamos refiriendo a estos como formas de esas fuerzas. Seguramente nadie quiso, entre los dirigentes bolcheviques, el fracaso de la revoluci\u00f3n, pero ese no es el problema; el problema es indagar por qu\u00e9 se tomaron medidas que inevitablemente llevaban al fracaso y cu\u00e1les fueron las ideas que fundaban te\u00f3ricamente dichas medidas; vale decir, para expresarnos de una manera paradojal, qu\u00e9 teor\u00eda fue la que fund\u00f3 el fracaso del socialismo.<\/p>\n<p>Oscar del Barco (1928) se ha desempe\u00f1ado como docente, investigador, editor y traductor. Adem\u00e1s de ensayos filos\u00f3ficos y pol\u00edticos, ha publicado textos narrativos y varios libros de poes\u00eda. Fue militante del Partido Comunista Argentino hasta su expulsi\u00f3n en 1963. Fue miembro fundador de la revista y editorial Pasado y Presente. Durante su exilio mexicano (1976-1983) trabaj\u00f3 en la Universidad Aut\u00f3noma de Puebla, donde fue profesor y editor de una colecci\u00f3n de libros sobre marxismo y teor\u00eda pol\u00edtica. Luego de su regreso a la Argentina, dio clases en la Universidad Nacional de C\u00f3rdoba y fund\u00f3 la revista de filosof\u00eda Nombres. A la sombra de su infatigable labor te\u00f3rica y po\u00e9tica, lleva adelante \u2013desde hace por lo menos tres d\u00e9cadas\u2013 una voluminosa obra pl\u00e1stica.<\/p>\n<p>Edici\u00f3n a cargo de Pablo S. Lovizio<br \/>\nIntroducci\u00f3n de Luis Ignacio Garc\u00eda<\/p>\n","protected":false},"excerpt":{"rendered":"<p><strong>Oscar Del Barco<\/strong><br \/>\n9788412683332 &#8211; tercero includio &#8211; 2024 &#8211; 202 p\u00e1ginas \/orri.<\/p>\n","protected":false},"featured_media":15276,"template":"","meta":[],"product_brand":[],"product_cat":[16,173],"product_tag":[5614,6909],"class_list":{"0":"post-15263","1":"product","2":"type-product","3":"status-publish","4":"has-post-thumbnail","6":"product_cat-libros","7":"product_cat-saiakera-ensayo","8":"product_tag-oscar-del-barco","9":"product_tag-tercero-includio","11":"first","12":"instock","13":"sold-individually","14":"shipping-taxable","15":"purchasable","16":"product-type-simple"},"yoast_head":"<!-- This site is optimized with the Yoast SEO plugin v27.3 - https:\/\/yoast.com\/product\/yoast-seo-wordpress\/ -->\n<title>esbozo de una cr\u00edtica a la teor\u00eda y pr\u00e1ctica leninistas &#8212; Zapateneo<\/title>\n<meta name=\"robots\" content=\"index, follow, max-snippet:-1, max-image-preview:large, max-video-preview:-1\" \/>\n<link rel=\"canonical\" href=\"https:\/\/zapateneo.net\/wordpress\/index.php\/producto\/esbozo-de-una-critica-a-la-teoria-y-practica-leninistas\/\" \/>\n<meta property=\"og:locale\" content=\"es_ES\" \/>\n<meta property=\"og:type\" content=\"article\" \/>\n<meta property=\"og:title\" content=\"esbozo de una cr\u00edtica a la teor\u00eda y pr\u00e1ctica leninistas &#8212; Zapateneo\" \/>\n<meta property=\"og:description\" content=\"Oscar Del Barco 9788412683332 - tercero includio - 2024 - 202 p\u00e1ginas \/orri.\" \/>\n<meta property=\"og:url\" content=\"https:\/\/zapateneo.net\/wordpress\/index.php\/producto\/esbozo-de-una-critica-a-la-teoria-y-practica-leninistas\/\" \/>\n<meta property=\"og:site_name\" content=\"Zapateneo\" \/>\n<meta property=\"article:modified_time\" content=\"2024-06-09T07:20:35+00:00\" \/>\n<meta name=\"twitter:card\" content=\"summary_large_image\" \/>\n<meta name=\"twitter:site\" content=\"@zapateneo\" \/>\n<meta name=\"twitter:label1\" content=\"Tiempo de lectura\" \/>\n\t<meta name=\"twitter:data1\" content=\"2 minutos\" \/>\n<script type=\"application\/ld+json\" class=\"yoast-schema-graph\">{\"@context\":\"https:\\\/\\\/schema.org\",\"@graph\":[{\"@type\":\"WebPage\",\"@id\":\"https:\\\/\\\/zapateneo.net\\\/wordpress\\\/index.php\\\/producto\\\/esbozo-de-una-critica-a-la-teoria-y-practica-leninistas\\\/\",\"url\":\"https:\\\/\\\/zapateneo.net\\\/wordpress\\\/index.php\\\/producto\\\/esbozo-de-una-critica-a-la-teoria-y-practica-leninistas\\\/\",\"name\":\"esbozo de una cr\u00edtica a la teor\u00eda y pr\u00e1ctica leninistas &#8212; Zapateneo\",\"isPartOf\":{\"@id\":\"https:\\\/\\\/zapateneo.net\\\/wordpress\\\/#website\"},\"primaryImageOfPage\":{\"@id\":\"https:\\\/\\\/zapateneo.net\\\/wordpress\\\/index.php\\\/producto\\\/esbozo-de-una-critica-a-la-teoria-y-practica-leninistas\\\/#primaryimage\"},\"image\":{\"@id\":\"https:\\\/\\\/zapateneo.net\\\/wordpress\\\/index.php\\\/producto\\\/esbozo-de-una-critica-a-la-teoria-y-practica-leninistas\\\/#primaryimage\"},\"thumbnailUrl\":\"https:\\\/\\\/zapateneo.net\\\/wordpress\\\/wp-content\\\/uploads\\\/2024\\\/06\\\/esbozo-de-una-critica-de-la-teoria-y-practica-leninista-9788412683332.jpg\",\"datePublished\":\"2024-06-09T07:20:29+00:00\",\"dateModified\":\"2024-06-09T07:20:35+00:00\",\"breadcrumb\":{\"@id\":\"https:\\\/\\\/zapateneo.net\\\/wordpress\\\/index.php\\\/producto\\\/esbozo-de-una-critica-a-la-teoria-y-practica-leninistas\\\/#breadcrumb\"},\"inLanguage\":\"es\",\"potentialAction\":[{\"@type\":\"ReadAction\",\"target\":[\"https:\\\/\\\/zapateneo.net\\\/wordpress\\\/index.php\\\/producto\\\/esbozo-de-una-critica-a-la-teoria-y-practica-leninistas\\\/\"]}]},{\"@type\":\"ImageObject\",\"inLanguage\":\"es\",\"@id\":\"https:\\\/\\\/zapateneo.net\\\/wordpress\\\/index.php\\\/producto\\\/esbozo-de-una-critica-a-la-teoria-y-practica-leninistas\\\/#primaryimage\",\"url\":\"https:\\\/\\\/zapateneo.net\\\/wordpress\\\/wp-content\\\/uploads\\\/2024\\\/06\\\/esbozo-de-una-critica-de-la-teoria-y-practica-leninista-9788412683332.jpg\",\"contentUrl\":\"https:\\\/\\\/zapateneo.net\\\/wordpress\\\/wp-content\\\/uploads\\\/2024\\\/06\\\/esbozo-de-una-critica-de-la-teoria-y-practica-leninista-9788412683332.jpg\",\"width\":266,\"height\":400},{\"@type\":\"BreadcrumbList\",\"@id\":\"https:\\\/\\\/zapateneo.net\\\/wordpress\\\/index.php\\\/producto\\\/esbozo-de-una-critica-a-la-teoria-y-practica-leninistas\\\/#breadcrumb\",\"itemListElement\":[{\"@type\":\"ListItem\",\"position\":1,\"name\":\"Portada\",\"item\":\"https:\\\/\\\/zapateneo.net\\\/wordpress\\\/\"},{\"@type\":\"ListItem\",\"position\":2,\"name\":\"Tienda\",\"item\":\"https:\\\/\\\/zapateneo.net\\\/wordpress\\\/\"},{\"@type\":\"ListItem\",\"position\":3,\"name\":\"esbozo de una cr\u00edtica a la teor\u00eda y pr\u00e1ctica leninistas\"}]},{\"@type\":\"WebSite\",\"@id\":\"https:\\\/\\\/zapateneo.net\\\/wordpress\\\/#website\",\"url\":\"https:\\\/\\\/zapateneo.net\\\/wordpress\\\/\",\"name\":\"Zapateneo\",\"description\":\"Zapateneoaren webgunea\",\"publisher\":{\"@id\":\"https:\\\/\\\/zapateneo.net\\\/wordpress\\\/#organization\"},\"potentialAction\":[{\"@type\":\"SearchAction\",\"target\":{\"@type\":\"EntryPoint\",\"urlTemplate\":\"https:\\\/\\\/zapateneo.net\\\/wordpress\\\/?s={search_term_string}\"},\"query-input\":{\"@type\":\"PropertyValueSpecification\",\"valueRequired\":true,\"valueName\":\"search_term_string\"}}],\"inLanguage\":\"es\"},{\"@type\":\"Organization\",\"@id\":\"https:\\\/\\\/zapateneo.net\\\/wordpress\\\/#organization\",\"name\":\"Zapateneo Kultur Elkartea\",\"url\":\"https:\\\/\\\/zapateneo.net\\\/wordpress\\\/\",\"logo\":{\"@type\":\"ImageObject\",\"inLanguage\":\"es\",\"@id\":\"https:\\\/\\\/zapateneo.net\\\/wordpress\\\/#\\\/schema\\\/logo\\\/image\\\/\",\"url\":\"https:\\\/\\\/zapateneo.net\\\/wordpress\\\/wp-content\\\/uploads\\\/2021\\\/04\\\/zap-libu-kolec.jpg\",\"contentUrl\":\"https:\\\/\\\/zapateneo.net\\\/wordpress\\\/wp-content\\\/uploads\\\/2021\\\/04\\\/zap-libu-kolec.jpg\",\"width\":2234,\"height\":398,\"caption\":\"Zapateneo Kultur Elkartea\"},\"image\":{\"@id\":\"https:\\\/\\\/zapateneo.net\\\/wordpress\\\/#\\\/schema\\\/logo\\\/image\\\/\"},\"sameAs\":[\"https:\\\/\\\/x.com\\\/zapateneo\"]}]}<\/script>\n<!-- \/ Yoast SEO plugin. -->","yoast_head_json":{"title":"esbozo de una cr\u00edtica a la teor\u00eda y pr\u00e1ctica leninistas &#8212; Zapateneo","robots":{"index":"index","follow":"follow","max-snippet":"max-snippet:-1","max-image-preview":"max-image-preview:large","max-video-preview":"max-video-preview:-1"},"canonical":"https:\/\/zapateneo.net\/wordpress\/index.php\/producto\/esbozo-de-una-critica-a-la-teoria-y-practica-leninistas\/","og_locale":"es_ES","og_type":"article","og_title":"esbozo de una cr\u00edtica a la teor\u00eda y pr\u00e1ctica leninistas &#8212; Zapateneo","og_description":"Oscar Del Barco 9788412683332 - tercero includio - 2024 - 202 p\u00e1ginas \/orri.","og_url":"https:\/\/zapateneo.net\/wordpress\/index.php\/producto\/esbozo-de-una-critica-a-la-teoria-y-practica-leninistas\/","og_site_name":"Zapateneo","article_modified_time":"2024-06-09T07:20:35+00:00","twitter_card":"summary_large_image","twitter_site":"@zapateneo","twitter_misc":{"Tiempo de lectura":"2 minutos"},"schema":{"@context":"https:\/\/schema.org","@graph":[{"@type":"WebPage","@id":"https:\/\/zapateneo.net\/wordpress\/index.php\/producto\/esbozo-de-una-critica-a-la-teoria-y-practica-leninistas\/","url":"https:\/\/zapateneo.net\/wordpress\/index.php\/producto\/esbozo-de-una-critica-a-la-teoria-y-practica-leninistas\/","name":"esbozo de una cr\u00edtica a la teor\u00eda y pr\u00e1ctica leninistas &#8212; Zapateneo","isPartOf":{"@id":"https:\/\/zapateneo.net\/wordpress\/#website"},"primaryImageOfPage":{"@id":"https:\/\/zapateneo.net\/wordpress\/index.php\/producto\/esbozo-de-una-critica-a-la-teoria-y-practica-leninistas\/#primaryimage"},"image":{"@id":"https:\/\/zapateneo.net\/wordpress\/index.php\/producto\/esbozo-de-una-critica-a-la-teoria-y-practica-leninistas\/#primaryimage"},"thumbnailUrl":"https:\/\/zapateneo.net\/wordpress\/wp-content\/uploads\/2024\/06\/esbozo-de-una-critica-de-la-teoria-y-practica-leninista-9788412683332.jpg","datePublished":"2024-06-09T07:20:29+00:00","dateModified":"2024-06-09T07:20:35+00:00","breadcrumb":{"@id":"https:\/\/zapateneo.net\/wordpress\/index.php\/producto\/esbozo-de-una-critica-a-la-teoria-y-practica-leninistas\/#breadcrumb"},"inLanguage":"es","potentialAction":[{"@type":"ReadAction","target":["https:\/\/zapateneo.net\/wordpress\/index.php\/producto\/esbozo-de-una-critica-a-la-teoria-y-practica-leninistas\/"]}]},{"@type":"ImageObject","inLanguage":"es","@id":"https:\/\/zapateneo.net\/wordpress\/index.php\/producto\/esbozo-de-una-critica-a-la-teoria-y-practica-leninistas\/#primaryimage","url":"https:\/\/zapateneo.net\/wordpress\/wp-content\/uploads\/2024\/06\/esbozo-de-una-critica-de-la-teoria-y-practica-leninista-9788412683332.jpg","contentUrl":"https:\/\/zapateneo.net\/wordpress\/wp-content\/uploads\/2024\/06\/esbozo-de-una-critica-de-la-teoria-y-practica-leninista-9788412683332.jpg","width":266,"height":400},{"@type":"BreadcrumbList","@id":"https:\/\/zapateneo.net\/wordpress\/index.php\/producto\/esbozo-de-una-critica-a-la-teoria-y-practica-leninistas\/#breadcrumb","itemListElement":[{"@type":"ListItem","position":1,"name":"Portada","item":"https:\/\/zapateneo.net\/wordpress\/"},{"@type":"ListItem","position":2,"name":"Tienda","item":"https:\/\/zapateneo.net\/wordpress\/"},{"@type":"ListItem","position":3,"name":"esbozo de una cr\u00edtica a la teor\u00eda y pr\u00e1ctica leninistas"}]},{"@type":"WebSite","@id":"https:\/\/zapateneo.net\/wordpress\/#website","url":"https:\/\/zapateneo.net\/wordpress\/","name":"Zapateneo","description":"Zapateneoaren webgunea","publisher":{"@id":"https:\/\/zapateneo.net\/wordpress\/#organization"},"potentialAction":[{"@type":"SearchAction","target":{"@type":"EntryPoint","urlTemplate":"https:\/\/zapateneo.net\/wordpress\/?s={search_term_string}"},"query-input":{"@type":"PropertyValueSpecification","valueRequired":true,"valueName":"search_term_string"}}],"inLanguage":"es"},{"@type":"Organization","@id":"https:\/\/zapateneo.net\/wordpress\/#organization","name":"Zapateneo Kultur Elkartea","url":"https:\/\/zapateneo.net\/wordpress\/","logo":{"@type":"ImageObject","inLanguage":"es","@id":"https:\/\/zapateneo.net\/wordpress\/#\/schema\/logo\/image\/","url":"https:\/\/zapateneo.net\/wordpress\/wp-content\/uploads\/2021\/04\/zap-libu-kolec.jpg","contentUrl":"https:\/\/zapateneo.net\/wordpress\/wp-content\/uploads\/2021\/04\/zap-libu-kolec.jpg","width":2234,"height":398,"caption":"Zapateneo Kultur Elkartea"},"image":{"@id":"https:\/\/zapateneo.net\/wordpress\/#\/schema\/logo\/image\/"},"sameAs":["https:\/\/x.com\/zapateneo"]}]}},"_links":{"self":[{"href":"https:\/\/zapateneo.net\/wordpress\/index.php\/wp-json\/wp\/v2\/product\/15263","targetHints":{"allow":["GET"]}}],"collection":[{"href":"https:\/\/zapateneo.net\/wordpress\/index.php\/wp-json\/wp\/v2\/product"}],"about":[{"href":"https:\/\/zapateneo.net\/wordpress\/index.php\/wp-json\/wp\/v2\/types\/product"}],"wp:featuredmedia":[{"embeddable":true,"href":"https:\/\/zapateneo.net\/wordpress\/index.php\/wp-json\/wp\/v2\/media\/15276"}],"wp:attachment":[{"href":"https:\/\/zapateneo.net\/wordpress\/index.php\/wp-json\/wp\/v2\/media?parent=15263"}],"wp:term":[{"taxonomy":"product_brand","embeddable":true,"href":"https:\/\/zapateneo.net\/wordpress\/index.php\/wp-json\/wp\/v2\/product_brand?post=15263"},{"taxonomy":"product_cat","embeddable":true,"href":"https:\/\/zapateneo.net\/wordpress\/index.php\/wp-json\/wp\/v2\/product_cat?post=15263"},{"taxonomy":"product_tag","embeddable":true,"href":"https:\/\/zapateneo.net\/wordpress\/index.php\/wp-json\/wp\/v2\/product_tag?post=15263"}],"curies":[{"name":"wp","href":"https:\/\/api.w.org\/{rel}","templated":true}]}}