{"id":15227,"date":"2024-04-04T17:57:32","date_gmt":"2024-04-04T16:57:32","guid":{"rendered":"https:\/\/zapateneo.net\/wordpress\/?post_type=product&#038;p=15227"},"modified":"2024-04-04T17:57:35","modified_gmt":"2024-04-04T16:57:35","slug":"habia-del-verbo-a-ver-diario-del-instituto","status":"publish","type":"product","link":"https:\/\/zapateneo.net\/wordpress\/index.php\/producto\/habia-del-verbo-a-ver-diario-del-instituto\/","title":{"rendered":"Hab\u00eda del verbo a ver Diario del instituto"},"content":{"rendered":"<p>Hab\u00eda del verbo a ver, de \u00c1njel Mar\u00eda Fern\u00e1ndez, es un retrato de las aulas de muchos institutos espa\u00f1oles, y quiz\u00e1 sea el texto m\u00e1s demoledor, a la par que cari\u00f1oso, que se ha escrito sobre el sistema educativo p\u00fablico actual.<\/p>\n<p>\u00c1njel (o \u00c1ngel) Mar\u00eda Fern\u00e1ndez es un profesor que escribe y un escritor que ense\u00f1a en institutos de secundaria. En Hab\u00eda del verbo a ver cuenta, con pesar, humor y tremenda honestidad, el d\u00eda a d\u00eda en las aulas, su particular trato con los alumnos y con el oficio docente. Jornada a jornada, desmenuza las distintas complicaciones a las que se enfrenta y los desvelos \u00edntimos y contradicciones que la profesi\u00f3n y el contacto con los adolescentes le provocan no solo dentro, sino tambi\u00e9n fuera del centro escolar.<\/p>\n<p>Hay en este relato cotidiano violentas discusiones con alumnos, conflictos a veces irresolubles, desencuentros, expulsiones, pero tambi\u00e9n conversaciones entra\u00f1ables y disparatadas, di\u00e1logos intensos y muy divertidos, bromas, expresiones de cari\u00f1o, amor y odio por un oficio y por todas las personas que lo conforman. Hab\u00eda del verbo a ver no es, por tanto, un libro de ficci\u00f3n, aunque se haga uso de la misma para ocultar los verdaderos nombres de los chavales y de los compa\u00f1eros de trabajo: Zeta, Zailo y Zoilo, Delicias, el tr\u00edo Par-Lan-China, la alumna Melapela, Mafalda, Pastora\u2026 Estamos por igual ante un ejercicio documental y literario, ante una muestra contundente de vida y ante su amuleto protector:<\/p>\n<p>\u00abPara tratar de exorcizar demonios, para mostrar al respetable lo que vivimos en las clases, para dejar testimonio, en fin, de nuestros d\u00edas en el instituto y tambi\u00e9n para encontrar razones que me permitieran continuar con mi empleo y mi sueldo, comenc\u00e9 a escribir este diario.<\/p>\n<p>\u00bbCasi al instante advert\u00ed que cuanto m\u00e1s desgraciado fuera en mi trabajo, mejor ser\u00eda el libro\u00bb.<\/p>\n","protected":false},"excerpt":{"rendered":"<p><strong>\u00c1ngel M\u00aa Fern\u00e1ndez \/ \u00c1njel Mar\u00eda Fern\u00e1ndez<\/strong><br \/>\n9788418998492 &#8211; Pepitas de calabaza &#8211; 2023 &#8211; 168 p\u00e1ginas \/orri.<\/p>\n","protected":false},"featured_media":15235,"template":"","meta":[],"product_brand":[],"product_cat":[186,16],"product_tag":[6903,47],"class_list":{"0":"post-15227","1":"product","2":"type-product","3":"status-publish","4":"has-post-thumbnail","6":"product_cat-hezkuntza-educacion","7":"product_cat-libros","8":"product_tag-angel-ma-fernandez-anjel-maria-fernandez","9":"product_tag-pepitas-de-calabaza","11":"first","12":"instock","13":"sold-individually","14":"shipping-taxable","15":"purchasable","16":"product-type-simple"},"yoast_head":"<!-- This site is optimized with the Yoast SEO plugin v27.3 - https:\/\/yoast.com\/product\/yoast-seo-wordpress\/ -->\n<title>Hab\u00eda del verbo a ver Diario del instituto &#8212; Zapateneo<\/title>\n<meta name=\"robots\" content=\"index, follow, max-snippet:-1, max-image-preview:large, max-video-preview:-1\" \/>\n<link rel=\"canonical\" href=\"https:\/\/zapateneo.net\/wordpress\/index.php\/producto\/habia-del-verbo-a-ver-diario-del-instituto\/\" \/>\n<meta property=\"og:locale\" content=\"es_ES\" \/>\n<meta property=\"og:type\" content=\"article\" \/>\n<meta property=\"og:title\" content=\"Hab\u00eda del verbo a ver Diario del instituto &#8212; Zapateneo\" \/>\n<meta property=\"og:description\" content=\"\u00c1ngel M\u00aa Fern\u00e1ndez \/ \u00c1njel Mar\u00eda Fern\u00e1ndez 9788418998492 - Pepitas de calabaza - 2023 - 168 p\u00e1ginas \/orri.\" \/>\n<meta property=\"og:url\" content=\"https:\/\/zapateneo.net\/wordpress\/index.php\/producto\/habia-del-verbo-a-ver-diario-del-instituto\/\" \/>\n<meta property=\"og:site_name\" content=\"Zapateneo\" \/>\n<meta property=\"article:modified_time\" content=\"2024-04-04T16:57:35+00:00\" \/>\n<meta name=\"twitter:card\" content=\"summary_large_image\" \/>\n<meta name=\"twitter:site\" content=\"@zapateneo\" \/>\n<meta name=\"twitter:label1\" content=\"Tiempo de lectura\" \/>\n\t<meta name=\"twitter:data1\" content=\"2 minutos\" \/>\n<script type=\"application\/ld+json\" class=\"yoast-schema-graph\">{\"@context\":\"https:\\\/\\\/schema.org\",\"@graph\":[{\"@type\":\"WebPage\",\"@id\":\"https:\\\/\\\/zapateneo.net\\\/wordpress\\\/index.php\\\/producto\\\/habia-del-verbo-a-ver-diario-del-instituto\\\/\",\"url\":\"https:\\\/\\\/zapateneo.net\\\/wordpress\\\/index.php\\\/producto\\\/habia-del-verbo-a-ver-diario-del-instituto\\\/\",\"name\":\"Hab\u00eda del verbo a ver Diario del instituto &#8212; Zapateneo\",\"isPartOf\":{\"@id\":\"https:\\\/\\\/zapateneo.net\\\/wordpress\\\/#website\"},\"primaryImageOfPage\":{\"@id\":\"https:\\\/\\\/zapateneo.net\\\/wordpress\\\/index.php\\\/producto\\\/habia-del-verbo-a-ver-diario-del-instituto\\\/#primaryimage\"},\"image\":{\"@id\":\"https:\\\/\\\/zapateneo.net\\\/wordpress\\\/index.php\\\/producto\\\/habia-del-verbo-a-ver-diario-del-instituto\\\/#primaryimage\"},\"thumbnailUrl\":\"https:\\\/\\\/zapateneo.net\\\/wordpress\\\/wp-content\\\/uploads\\\/2024\\\/04\\\/2_habia_segundaed.jpg\",\"datePublished\":\"2024-04-04T16:57:32+00:00\",\"dateModified\":\"2024-04-04T16:57:35+00:00\",\"breadcrumb\":{\"@id\":\"https:\\\/\\\/zapateneo.net\\\/wordpress\\\/index.php\\\/producto\\\/habia-del-verbo-a-ver-diario-del-instituto\\\/#breadcrumb\"},\"inLanguage\":\"es\",\"potentialAction\":[{\"@type\":\"ReadAction\",\"target\":[\"https:\\\/\\\/zapateneo.net\\\/wordpress\\\/index.php\\\/producto\\\/habia-del-verbo-a-ver-diario-del-instituto\\\/\"]}]},{\"@type\":\"ImageObject\",\"inLanguage\":\"es\",\"@id\":\"https:\\\/\\\/zapateneo.net\\\/wordpress\\\/index.php\\\/producto\\\/habia-del-verbo-a-ver-diario-del-instituto\\\/#primaryimage\",\"url\":\"https:\\\/\\\/zapateneo.net\\\/wordpress\\\/wp-content\\\/uploads\\\/2024\\\/04\\\/2_habia_segundaed.jpg\",\"contentUrl\":\"https:\\\/\\\/zapateneo.net\\\/wordpress\\\/wp-content\\\/uploads\\\/2024\\\/04\\\/2_habia_segundaed.jpg\",\"width\":181,\"height\":250},{\"@type\":\"BreadcrumbList\",\"@id\":\"https:\\\/\\\/zapateneo.net\\\/wordpress\\\/index.php\\\/producto\\\/habia-del-verbo-a-ver-diario-del-instituto\\\/#breadcrumb\",\"itemListElement\":[{\"@type\":\"ListItem\",\"position\":1,\"name\":\"Portada\",\"item\":\"https:\\\/\\\/zapateneo.net\\\/wordpress\\\/\"},{\"@type\":\"ListItem\",\"position\":2,\"name\":\"Tienda\",\"item\":\"https:\\\/\\\/zapateneo.net\\\/wordpress\\\/\"},{\"@type\":\"ListItem\",\"position\":3,\"name\":\"Hab\u00eda del verbo a ver Diario del instituto\"}]},{\"@type\":\"WebSite\",\"@id\":\"https:\\\/\\\/zapateneo.net\\\/wordpress\\\/#website\",\"url\":\"https:\\\/\\\/zapateneo.net\\\/wordpress\\\/\",\"name\":\"Zapateneo\",\"description\":\"Zapateneoaren webgunea\",\"publisher\":{\"@id\":\"https:\\\/\\\/zapateneo.net\\\/wordpress\\\/#organization\"},\"potentialAction\":[{\"@type\":\"SearchAction\",\"target\":{\"@type\":\"EntryPoint\",\"urlTemplate\":\"https:\\\/\\\/zapateneo.net\\\/wordpress\\\/?s={search_term_string}\"},\"query-input\":{\"@type\":\"PropertyValueSpecification\",\"valueRequired\":true,\"valueName\":\"search_term_string\"}}],\"inLanguage\":\"es\"},{\"@type\":\"Organization\",\"@id\":\"https:\\\/\\\/zapateneo.net\\\/wordpress\\\/#organization\",\"name\":\"Zapateneo Kultur Elkartea\",\"url\":\"https:\\\/\\\/zapateneo.net\\\/wordpress\\\/\",\"logo\":{\"@type\":\"ImageObject\",\"inLanguage\":\"es\",\"@id\":\"https:\\\/\\\/zapateneo.net\\\/wordpress\\\/#\\\/schema\\\/logo\\\/image\\\/\",\"url\":\"https:\\\/\\\/zapateneo.net\\\/wordpress\\\/wp-content\\\/uploads\\\/2021\\\/04\\\/zap-libu-kolec.jpg\",\"contentUrl\":\"https:\\\/\\\/zapateneo.net\\\/wordpress\\\/wp-content\\\/uploads\\\/2021\\\/04\\\/zap-libu-kolec.jpg\",\"width\":2234,\"height\":398,\"caption\":\"Zapateneo Kultur Elkartea\"},\"image\":{\"@id\":\"https:\\\/\\\/zapateneo.net\\\/wordpress\\\/#\\\/schema\\\/logo\\\/image\\\/\"},\"sameAs\":[\"https:\\\/\\\/x.com\\\/zapateneo\"]}]}<\/script>\n<!-- \/ Yoast SEO plugin. -->","yoast_head_json":{"title":"Hab\u00eda del verbo a ver Diario del instituto &#8212; Zapateneo","robots":{"index":"index","follow":"follow","max-snippet":"max-snippet:-1","max-image-preview":"max-image-preview:large","max-video-preview":"max-video-preview:-1"},"canonical":"https:\/\/zapateneo.net\/wordpress\/index.php\/producto\/habia-del-verbo-a-ver-diario-del-instituto\/","og_locale":"es_ES","og_type":"article","og_title":"Hab\u00eda del verbo a ver Diario del instituto &#8212; Zapateneo","og_description":"\u00c1ngel M\u00aa Fern\u00e1ndez \/ \u00c1njel Mar\u00eda Fern\u00e1ndez 9788418998492 - Pepitas de calabaza - 2023 - 168 p\u00e1ginas \/orri.","og_url":"https:\/\/zapateneo.net\/wordpress\/index.php\/producto\/habia-del-verbo-a-ver-diario-del-instituto\/","og_site_name":"Zapateneo","article_modified_time":"2024-04-04T16:57:35+00:00","twitter_card":"summary_large_image","twitter_site":"@zapateneo","twitter_misc":{"Tiempo de lectura":"2 minutos"},"schema":{"@context":"https:\/\/schema.org","@graph":[{"@type":"WebPage","@id":"https:\/\/zapateneo.net\/wordpress\/index.php\/producto\/habia-del-verbo-a-ver-diario-del-instituto\/","url":"https:\/\/zapateneo.net\/wordpress\/index.php\/producto\/habia-del-verbo-a-ver-diario-del-instituto\/","name":"Hab\u00eda del verbo a ver Diario del instituto &#8212; Zapateneo","isPartOf":{"@id":"https:\/\/zapateneo.net\/wordpress\/#website"},"primaryImageOfPage":{"@id":"https:\/\/zapateneo.net\/wordpress\/index.php\/producto\/habia-del-verbo-a-ver-diario-del-instituto\/#primaryimage"},"image":{"@id":"https:\/\/zapateneo.net\/wordpress\/index.php\/producto\/habia-del-verbo-a-ver-diario-del-instituto\/#primaryimage"},"thumbnailUrl":"https:\/\/zapateneo.net\/wordpress\/wp-content\/uploads\/2024\/04\/2_habia_segundaed.jpg","datePublished":"2024-04-04T16:57:32+00:00","dateModified":"2024-04-04T16:57:35+00:00","breadcrumb":{"@id":"https:\/\/zapateneo.net\/wordpress\/index.php\/producto\/habia-del-verbo-a-ver-diario-del-instituto\/#breadcrumb"},"inLanguage":"es","potentialAction":[{"@type":"ReadAction","target":["https:\/\/zapateneo.net\/wordpress\/index.php\/producto\/habia-del-verbo-a-ver-diario-del-instituto\/"]}]},{"@type":"ImageObject","inLanguage":"es","@id":"https:\/\/zapateneo.net\/wordpress\/index.php\/producto\/habia-del-verbo-a-ver-diario-del-instituto\/#primaryimage","url":"https:\/\/zapateneo.net\/wordpress\/wp-content\/uploads\/2024\/04\/2_habia_segundaed.jpg","contentUrl":"https:\/\/zapateneo.net\/wordpress\/wp-content\/uploads\/2024\/04\/2_habia_segundaed.jpg","width":181,"height":250},{"@type":"BreadcrumbList","@id":"https:\/\/zapateneo.net\/wordpress\/index.php\/producto\/habia-del-verbo-a-ver-diario-del-instituto\/#breadcrumb","itemListElement":[{"@type":"ListItem","position":1,"name":"Portada","item":"https:\/\/zapateneo.net\/wordpress\/"},{"@type":"ListItem","position":2,"name":"Tienda","item":"https:\/\/zapateneo.net\/wordpress\/"},{"@type":"ListItem","position":3,"name":"Hab\u00eda del verbo a ver Diario del instituto"}]},{"@type":"WebSite","@id":"https:\/\/zapateneo.net\/wordpress\/#website","url":"https:\/\/zapateneo.net\/wordpress\/","name":"Zapateneo","description":"Zapateneoaren webgunea","publisher":{"@id":"https:\/\/zapateneo.net\/wordpress\/#organization"},"potentialAction":[{"@type":"SearchAction","target":{"@type":"EntryPoint","urlTemplate":"https:\/\/zapateneo.net\/wordpress\/?s={search_term_string}"},"query-input":{"@type":"PropertyValueSpecification","valueRequired":true,"valueName":"search_term_string"}}],"inLanguage":"es"},{"@type":"Organization","@id":"https:\/\/zapateneo.net\/wordpress\/#organization","name":"Zapateneo Kultur Elkartea","url":"https:\/\/zapateneo.net\/wordpress\/","logo":{"@type":"ImageObject","inLanguage":"es","@id":"https:\/\/zapateneo.net\/wordpress\/#\/schema\/logo\/image\/","url":"https:\/\/zapateneo.net\/wordpress\/wp-content\/uploads\/2021\/04\/zap-libu-kolec.jpg","contentUrl":"https:\/\/zapateneo.net\/wordpress\/wp-content\/uploads\/2021\/04\/zap-libu-kolec.jpg","width":2234,"height":398,"caption":"Zapateneo Kultur Elkartea"},"image":{"@id":"https:\/\/zapateneo.net\/wordpress\/#\/schema\/logo\/image\/"},"sameAs":["https:\/\/x.com\/zapateneo"]}]}},"_links":{"self":[{"href":"https:\/\/zapateneo.net\/wordpress\/index.php\/wp-json\/wp\/v2\/product\/15227","targetHints":{"allow":["GET"]}}],"collection":[{"href":"https:\/\/zapateneo.net\/wordpress\/index.php\/wp-json\/wp\/v2\/product"}],"about":[{"href":"https:\/\/zapateneo.net\/wordpress\/index.php\/wp-json\/wp\/v2\/types\/product"}],"wp:featuredmedia":[{"embeddable":true,"href":"https:\/\/zapateneo.net\/wordpress\/index.php\/wp-json\/wp\/v2\/media\/15235"}],"wp:attachment":[{"href":"https:\/\/zapateneo.net\/wordpress\/index.php\/wp-json\/wp\/v2\/media?parent=15227"}],"wp:term":[{"taxonomy":"product_brand","embeddable":true,"href":"https:\/\/zapateneo.net\/wordpress\/index.php\/wp-json\/wp\/v2\/product_brand?post=15227"},{"taxonomy":"product_cat","embeddable":true,"href":"https:\/\/zapateneo.net\/wordpress\/index.php\/wp-json\/wp\/v2\/product_cat?post=15227"},{"taxonomy":"product_tag","embeddable":true,"href":"https:\/\/zapateneo.net\/wordpress\/index.php\/wp-json\/wp\/v2\/product_tag?post=15227"}],"curies":[{"name":"wp","href":"https:\/\/api.w.org\/{rel}","templated":true}]}}