{"id":15190,"date":"2024-02-29T19:30:02","date_gmt":"2024-02-29T18:30:02","guid":{"rendered":"https:\/\/zapateneo.net\/wordpress\/?post_type=product&#038;p=15190"},"modified":"2024-02-29T19:30:04","modified_gmt":"2024-02-29T18:30:04","slug":"el-poder-una-bestia-magnifica-sobre-el-poder-la-prision-y-la-vida","status":"publish","type":"product","link":"https:\/\/zapateneo.net\/wordpress\/index.php\/producto\/el-poder-una-bestia-magnifica-sobre-el-poder-la-prision-y-la-vida\/","title":{"rendered":"El poder, una bestia magn\u00edfica Sobre el poder, la prisi\u00f3n y la vida"},"content":{"rendered":"<p>A trav\u00e9s de entrevistas, conferencias e intervenciones en su mayor parte in\u00e9ditas o inaccesibles en espa\u00f1ol, este volumen esclarece las circunstancias pol\u00edticas y las preocupaciones personales que est\u00e1n en el origen de los libros y de los cursos del autor, y permite situarlos en el marco de una elaboraci\u00f3n te\u00f3rica en constante mutaci\u00f3n. En estos escritos s\u00f3lo en apariencia \u00ablaterales\u00bb, Foucault relaciona con claridad de s\u00edntesis los saberes y las luchas: as\u00ed, por ejemplo, revisa la funci\u00f3n de la polic\u00eda, las interpretaciones del terrorismo y de la violencia pol\u00edtica, la din\u00e1mica de los nacionalismos, la medicalizaci\u00f3n de la sociedad, la situaci\u00f3n de las instituciones penitenciarias.<\/p>\n<p>De estos textos surge un Foucault muchas veces coloquial, que articula sus ideas en el cruce entre la erudici\u00f3n y esa cotidianidad que se desprende de los programas televisivos, de la lectura de los diarios o de los sucesos puntuales en los que ha decidido intervenir. El criterio de selecci\u00f3n de los textos aqu\u00ed reunidos incorpora los nuevos horizontes de lectura abiertos por los trabajos de Foucault recientemente publicados. En este sentido, el presente volumen busca funcionar como un puente entre sus cursos y sus libros, as\u00ed como entre sus investigaciones y la actualidad. El poder, una bestia magn\u00edfica inicia una serie abierta, que contribuir\u00e1 sin duda a una mejor comprensi\u00f3n del pensamiento foucaultiano.<\/p>\n<p>Michel Foucault (Poitiers, 1926 &#8211; Par\u00eds, 1984) fue una de las figuras m\u00e1s destacadas del pensamiento del siglo XX. Fil\u00f3sofo, historiador y psic\u00f3logo, admit\u00eda, sin embargo, como \u00fanica denominaci\u00f3n la de arque\u00f3logo, en su empe\u00f1o por explicar la cultura desde lo m\u00e1s profundo. Su vida acad\u00e9mica e intelectual estuvo asociada a un permanente compromiso frente a las exclusiones y discriminaciones de la sociedad que le toc\u00f3 vivir (presos, enfermos mentales, homosexuales, inmigrantes&#8230;). Se form\u00f3 inicialmente en las fuentes marxistas y fenomenol\u00f3gicas \u2014simpatiz\u00f3, influido por Louis Althusser con el Partido Comunista Franc\u00e9s\u2014, y posteriormente se acerc\u00f3 a Nietzsche, Bachelard, Bataille o Sade. En 1946 ingresa en la \u00c9cole Normale Sup\u00e9rieure de Par\u00eds. Obtiene su licenciatura en Filosof\u00eda en 1948; entre sus profesores de esa \u00e9poca destaca Merlau-Ponty y entre sus conocidos Pierre Bourdieu y Jean Paul Sartre. En 1949 Focault obtiene el diploma en Estudios Superiores de Filosof\u00eda y termina la carrera de psicolog\u00eda; m\u00e1s tarde impartir\u00eda esta disciplina en la Escuela Normal Superior; entre sus alumnos estaba Derrida. Entre los a\u00f1os 1955 y 1958 ense\u00f1\u00f3 en la universidad de Upsala. A finales de la d\u00e9cada de 1960 se dedic\u00f3 al estudio de Freud, Lacan y Piaget. En 1966 se traslada a T\u00fanez, desde donde volver\u00e1 a Par\u00eds atra\u00eddo por el movimiento de Mayo del 68. En 1970 fue elegido para ocupar la c\u00e1tedra de Historia de los sistemas de pensamiento en el Coll\u00e8ge de France. En 1971 particip\u00f3 en la formaci\u00f3n del Groupe d&#8217;information sur les prisons. Muri\u00f3 de sida el 25 de junio de 1984.<\/p>\n","protected":false},"excerpt":{"rendered":"<p><strong>Michel Foucault<\/strong><br \/>\n9788432320859 &#8211; SIGLO XXI &#8211; 2023 &#8211; 288 p\u00e1ginas \/orri.<\/p>\n","protected":false},"featured_media":15193,"template":"","meta":[],"product_brand":[],"product_cat":[181,16],"product_tag":[5099,423],"class_list":{"0":"post-15190","1":"product","2":"type-product","3":"status-publish","4":"has-post-thumbnail","6":"product_cat-bazterketa-soziala-eta-errepresioa-exclusion-social-y-represion","7":"product_cat-libros","8":"product_tag-michel-foucault","9":"product_tag-siglo-xxi","11":"first","12":"instock","13":"sold-individually","14":"shipping-taxable","15":"purchasable","16":"product-type-simple"},"yoast_head":"<!-- This site is optimized with the Yoast SEO plugin v27.3 - https:\/\/yoast.com\/product\/yoast-seo-wordpress\/ -->\n<title>El poder, una bestia magn\u00edfica Sobre el poder, la prisi\u00f3n y la vida &#8212; Zapateneo<\/title>\n<meta name=\"robots\" content=\"index, follow, max-snippet:-1, max-image-preview:large, max-video-preview:-1\" \/>\n<link rel=\"canonical\" href=\"https:\/\/zapateneo.net\/wordpress\/index.php\/producto\/el-poder-una-bestia-magnifica-sobre-el-poder-la-prision-y-la-vida\/\" \/>\n<meta property=\"og:locale\" content=\"es_ES\" \/>\n<meta property=\"og:type\" content=\"article\" \/>\n<meta property=\"og:title\" content=\"El poder, una bestia magn\u00edfica Sobre el poder, la prisi\u00f3n y la vida &#8212; Zapateneo\" \/>\n<meta property=\"og:description\" content=\"Michel Foucault 9788432320859 - SIGLO XXI - 2023 - 288 p\u00e1ginas \/orri.\" \/>\n<meta property=\"og:url\" content=\"https:\/\/zapateneo.net\/wordpress\/index.php\/producto\/el-poder-una-bestia-magnifica-sobre-el-poder-la-prision-y-la-vida\/\" \/>\n<meta property=\"og:site_name\" content=\"Zapateneo\" \/>\n<meta property=\"article:modified_time\" content=\"2024-02-29T18:30:04+00:00\" \/>\n<meta name=\"twitter:card\" content=\"summary_large_image\" \/>\n<meta name=\"twitter:site\" content=\"@zapateneo\" \/>\n<meta name=\"twitter:label1\" content=\"Tiempo de lectura\" \/>\n\t<meta name=\"twitter:data1\" content=\"3 minutos\" \/>\n<script type=\"application\/ld+json\" class=\"yoast-schema-graph\">{\"@context\":\"https:\\\/\\\/schema.org\",\"@graph\":[{\"@type\":\"WebPage\",\"@id\":\"https:\\\/\\\/zapateneo.net\\\/wordpress\\\/index.php\\\/producto\\\/el-poder-una-bestia-magnifica-sobre-el-poder-la-prision-y-la-vida\\\/\",\"url\":\"https:\\\/\\\/zapateneo.net\\\/wordpress\\\/index.php\\\/producto\\\/el-poder-una-bestia-magnifica-sobre-el-poder-la-prision-y-la-vida\\\/\",\"name\":\"El poder, una bestia magn\u00edfica Sobre el poder, la prisi\u00f3n y la vida &#8212; Zapateneo\",\"isPartOf\":{\"@id\":\"https:\\\/\\\/zapateneo.net\\\/wordpress\\\/#website\"},\"primaryImageOfPage\":{\"@id\":\"https:\\\/\\\/zapateneo.net\\\/wordpress\\\/index.php\\\/producto\\\/el-poder-una-bestia-magnifica-sobre-el-poder-la-prision-y-la-vida\\\/#primaryimage\"},\"image\":{\"@id\":\"https:\\\/\\\/zapateneo.net\\\/wordpress\\\/index.php\\\/producto\\\/el-poder-una-bestia-magnifica-sobre-el-poder-la-prision-y-la-vida\\\/#primaryimage\"},\"thumbnailUrl\":\"https:\\\/\\\/zapateneo.net\\\/wordpress\\\/wp-content\\\/uploads\\\/2024\\\/02\\\/el-poder-una-bestia-magnifica-9788432320859.jpg\",\"datePublished\":\"2024-02-29T18:30:02+00:00\",\"dateModified\":\"2024-02-29T18:30:04+00:00\",\"breadcrumb\":{\"@id\":\"https:\\\/\\\/zapateneo.net\\\/wordpress\\\/index.php\\\/producto\\\/el-poder-una-bestia-magnifica-sobre-el-poder-la-prision-y-la-vida\\\/#breadcrumb\"},\"inLanguage\":\"es\",\"potentialAction\":[{\"@type\":\"ReadAction\",\"target\":[\"https:\\\/\\\/zapateneo.net\\\/wordpress\\\/index.php\\\/producto\\\/el-poder-una-bestia-magnifica-sobre-el-poder-la-prision-y-la-vida\\\/\"]}]},{\"@type\":\"ImageObject\",\"inLanguage\":\"es\",\"@id\":\"https:\\\/\\\/zapateneo.net\\\/wordpress\\\/index.php\\\/producto\\\/el-poder-una-bestia-magnifica-sobre-el-poder-la-prision-y-la-vida\\\/#primaryimage\",\"url\":\"https:\\\/\\\/zapateneo.net\\\/wordpress\\\/wp-content\\\/uploads\\\/2024\\\/02\\\/el-poder-una-bestia-magnifica-9788432320859.jpg\",\"contentUrl\":\"https:\\\/\\\/zapateneo.net\\\/wordpress\\\/wp-content\\\/uploads\\\/2024\\\/02\\\/el-poder-una-bestia-magnifica-9788432320859.jpg\",\"width\":267,\"height\":400},{\"@type\":\"BreadcrumbList\",\"@id\":\"https:\\\/\\\/zapateneo.net\\\/wordpress\\\/index.php\\\/producto\\\/el-poder-una-bestia-magnifica-sobre-el-poder-la-prision-y-la-vida\\\/#breadcrumb\",\"itemListElement\":[{\"@type\":\"ListItem\",\"position\":1,\"name\":\"Portada\",\"item\":\"https:\\\/\\\/zapateneo.net\\\/wordpress\\\/\"},{\"@type\":\"ListItem\",\"position\":2,\"name\":\"Tienda\",\"item\":\"https:\\\/\\\/zapateneo.net\\\/wordpress\\\/\"},{\"@type\":\"ListItem\",\"position\":3,\"name\":\"El poder, una bestia magn\u00edfica Sobre el poder, la prisi\u00f3n y la vida\"}]},{\"@type\":\"WebSite\",\"@id\":\"https:\\\/\\\/zapateneo.net\\\/wordpress\\\/#website\",\"url\":\"https:\\\/\\\/zapateneo.net\\\/wordpress\\\/\",\"name\":\"Zapateneo\",\"description\":\"Zapateneoaren webgunea\",\"publisher\":{\"@id\":\"https:\\\/\\\/zapateneo.net\\\/wordpress\\\/#organization\"},\"potentialAction\":[{\"@type\":\"SearchAction\",\"target\":{\"@type\":\"EntryPoint\",\"urlTemplate\":\"https:\\\/\\\/zapateneo.net\\\/wordpress\\\/?s={search_term_string}\"},\"query-input\":{\"@type\":\"PropertyValueSpecification\",\"valueRequired\":true,\"valueName\":\"search_term_string\"}}],\"inLanguage\":\"es\"},{\"@type\":\"Organization\",\"@id\":\"https:\\\/\\\/zapateneo.net\\\/wordpress\\\/#organization\",\"name\":\"Zapateneo Kultur Elkartea\",\"url\":\"https:\\\/\\\/zapateneo.net\\\/wordpress\\\/\",\"logo\":{\"@type\":\"ImageObject\",\"inLanguage\":\"es\",\"@id\":\"https:\\\/\\\/zapateneo.net\\\/wordpress\\\/#\\\/schema\\\/logo\\\/image\\\/\",\"url\":\"https:\\\/\\\/zapateneo.net\\\/wordpress\\\/wp-content\\\/uploads\\\/2021\\\/04\\\/zap-libu-kolec.jpg\",\"contentUrl\":\"https:\\\/\\\/zapateneo.net\\\/wordpress\\\/wp-content\\\/uploads\\\/2021\\\/04\\\/zap-libu-kolec.jpg\",\"width\":2234,\"height\":398,\"caption\":\"Zapateneo Kultur Elkartea\"},\"image\":{\"@id\":\"https:\\\/\\\/zapateneo.net\\\/wordpress\\\/#\\\/schema\\\/logo\\\/image\\\/\"},\"sameAs\":[\"https:\\\/\\\/x.com\\\/zapateneo\"]}]}<\/script>\n<!-- \/ Yoast SEO plugin. -->","yoast_head_json":{"title":"El poder, una bestia magn\u00edfica Sobre el poder, la prisi\u00f3n y la vida &#8212; Zapateneo","robots":{"index":"index","follow":"follow","max-snippet":"max-snippet:-1","max-image-preview":"max-image-preview:large","max-video-preview":"max-video-preview:-1"},"canonical":"https:\/\/zapateneo.net\/wordpress\/index.php\/producto\/el-poder-una-bestia-magnifica-sobre-el-poder-la-prision-y-la-vida\/","og_locale":"es_ES","og_type":"article","og_title":"El poder, una bestia magn\u00edfica Sobre el poder, la prisi\u00f3n y la vida &#8212; Zapateneo","og_description":"Michel Foucault 9788432320859 - SIGLO XXI - 2023 - 288 p\u00e1ginas \/orri.","og_url":"https:\/\/zapateneo.net\/wordpress\/index.php\/producto\/el-poder-una-bestia-magnifica-sobre-el-poder-la-prision-y-la-vida\/","og_site_name":"Zapateneo","article_modified_time":"2024-02-29T18:30:04+00:00","twitter_card":"summary_large_image","twitter_site":"@zapateneo","twitter_misc":{"Tiempo de lectura":"3 minutos"},"schema":{"@context":"https:\/\/schema.org","@graph":[{"@type":"WebPage","@id":"https:\/\/zapateneo.net\/wordpress\/index.php\/producto\/el-poder-una-bestia-magnifica-sobre-el-poder-la-prision-y-la-vida\/","url":"https:\/\/zapateneo.net\/wordpress\/index.php\/producto\/el-poder-una-bestia-magnifica-sobre-el-poder-la-prision-y-la-vida\/","name":"El poder, una bestia magn\u00edfica Sobre el poder, la prisi\u00f3n y la vida &#8212; Zapateneo","isPartOf":{"@id":"https:\/\/zapateneo.net\/wordpress\/#website"},"primaryImageOfPage":{"@id":"https:\/\/zapateneo.net\/wordpress\/index.php\/producto\/el-poder-una-bestia-magnifica-sobre-el-poder-la-prision-y-la-vida\/#primaryimage"},"image":{"@id":"https:\/\/zapateneo.net\/wordpress\/index.php\/producto\/el-poder-una-bestia-magnifica-sobre-el-poder-la-prision-y-la-vida\/#primaryimage"},"thumbnailUrl":"https:\/\/zapateneo.net\/wordpress\/wp-content\/uploads\/2024\/02\/el-poder-una-bestia-magnifica-9788432320859.jpg","datePublished":"2024-02-29T18:30:02+00:00","dateModified":"2024-02-29T18:30:04+00:00","breadcrumb":{"@id":"https:\/\/zapateneo.net\/wordpress\/index.php\/producto\/el-poder-una-bestia-magnifica-sobre-el-poder-la-prision-y-la-vida\/#breadcrumb"},"inLanguage":"es","potentialAction":[{"@type":"ReadAction","target":["https:\/\/zapateneo.net\/wordpress\/index.php\/producto\/el-poder-una-bestia-magnifica-sobre-el-poder-la-prision-y-la-vida\/"]}]},{"@type":"ImageObject","inLanguage":"es","@id":"https:\/\/zapateneo.net\/wordpress\/index.php\/producto\/el-poder-una-bestia-magnifica-sobre-el-poder-la-prision-y-la-vida\/#primaryimage","url":"https:\/\/zapateneo.net\/wordpress\/wp-content\/uploads\/2024\/02\/el-poder-una-bestia-magnifica-9788432320859.jpg","contentUrl":"https:\/\/zapateneo.net\/wordpress\/wp-content\/uploads\/2024\/02\/el-poder-una-bestia-magnifica-9788432320859.jpg","width":267,"height":400},{"@type":"BreadcrumbList","@id":"https:\/\/zapateneo.net\/wordpress\/index.php\/producto\/el-poder-una-bestia-magnifica-sobre-el-poder-la-prision-y-la-vida\/#breadcrumb","itemListElement":[{"@type":"ListItem","position":1,"name":"Portada","item":"https:\/\/zapateneo.net\/wordpress\/"},{"@type":"ListItem","position":2,"name":"Tienda","item":"https:\/\/zapateneo.net\/wordpress\/"},{"@type":"ListItem","position":3,"name":"El poder, una bestia magn\u00edfica Sobre el poder, la prisi\u00f3n y la vida"}]},{"@type":"WebSite","@id":"https:\/\/zapateneo.net\/wordpress\/#website","url":"https:\/\/zapateneo.net\/wordpress\/","name":"Zapateneo","description":"Zapateneoaren webgunea","publisher":{"@id":"https:\/\/zapateneo.net\/wordpress\/#organization"},"potentialAction":[{"@type":"SearchAction","target":{"@type":"EntryPoint","urlTemplate":"https:\/\/zapateneo.net\/wordpress\/?s={search_term_string}"},"query-input":{"@type":"PropertyValueSpecification","valueRequired":true,"valueName":"search_term_string"}}],"inLanguage":"es"},{"@type":"Organization","@id":"https:\/\/zapateneo.net\/wordpress\/#organization","name":"Zapateneo Kultur Elkartea","url":"https:\/\/zapateneo.net\/wordpress\/","logo":{"@type":"ImageObject","inLanguage":"es","@id":"https:\/\/zapateneo.net\/wordpress\/#\/schema\/logo\/image\/","url":"https:\/\/zapateneo.net\/wordpress\/wp-content\/uploads\/2021\/04\/zap-libu-kolec.jpg","contentUrl":"https:\/\/zapateneo.net\/wordpress\/wp-content\/uploads\/2021\/04\/zap-libu-kolec.jpg","width":2234,"height":398,"caption":"Zapateneo Kultur Elkartea"},"image":{"@id":"https:\/\/zapateneo.net\/wordpress\/#\/schema\/logo\/image\/"},"sameAs":["https:\/\/x.com\/zapateneo"]}]}},"_links":{"self":[{"href":"https:\/\/zapateneo.net\/wordpress\/index.php\/wp-json\/wp\/v2\/product\/15190","targetHints":{"allow":["GET"]}}],"collection":[{"href":"https:\/\/zapateneo.net\/wordpress\/index.php\/wp-json\/wp\/v2\/product"}],"about":[{"href":"https:\/\/zapateneo.net\/wordpress\/index.php\/wp-json\/wp\/v2\/types\/product"}],"wp:featuredmedia":[{"embeddable":true,"href":"https:\/\/zapateneo.net\/wordpress\/index.php\/wp-json\/wp\/v2\/media\/15193"}],"wp:attachment":[{"href":"https:\/\/zapateneo.net\/wordpress\/index.php\/wp-json\/wp\/v2\/media?parent=15190"}],"wp:term":[{"taxonomy":"product_brand","embeddable":true,"href":"https:\/\/zapateneo.net\/wordpress\/index.php\/wp-json\/wp\/v2\/product_brand?post=15190"},{"taxonomy":"product_cat","embeddable":true,"href":"https:\/\/zapateneo.net\/wordpress\/index.php\/wp-json\/wp\/v2\/product_cat?post=15190"},{"taxonomy":"product_tag","embeddable":true,"href":"https:\/\/zapateneo.net\/wordpress\/index.php\/wp-json\/wp\/v2\/product_tag?post=15190"}],"curies":[{"name":"wp","href":"https:\/\/api.w.org\/{rel}","templated":true}]}}