{"id":15138,"date":"2024-02-11T19:08:20","date_gmt":"2024-02-11T18:08:20","guid":{"rendered":"https:\/\/zapateneo.net\/wordpress\/?post_type=product&#038;p=15138"},"modified":"2024-02-11T19:08:39","modified_gmt":"2024-02-11T18:08:39","slug":"calla-y-olvida-violencias-conflicto-vasco-y-la-escucha-vulnerable-como-propuesta-feminista","status":"publish","type":"product","link":"https:\/\/zapateneo.net\/wordpress\/index.php\/producto\/calla-y-olvida-violencias-conflicto-vasco-y-la-escucha-vulnerable-como-propuesta-feminista\/","title":{"rendered":"Calla y olvida Violencias, conflicto vasco y la escucha vulnerable como propuesta feminista"},"content":{"rendered":"<p>\u00abEtarra \u2014le llamaban a Axun. Carcelero \u2014le dec\u00edan al marido de Mari Carmen. Asesina \u2014a Luisa. Espa\u00f1ola \u2014le insultaban a Jimena\u00bb. Cuatro pinceladas para dar inicio a un texto atrevido, inc\u00f3modo y transformador en su propuesta. Trabajo de investigaci\u00f3n etnogr\u00e1fica, mirada feminista. Relatos an\u00f3malos sobre el conflicto armado vasco, en los que se enuncian violencias invisibilizadas, y donde los encuentros desestabilizan la homogeneidad y los estereotipos del enemigo, rompiendo las divisiones establecidas. Calla y olvida recoge experiencias de mujeres que quiebran el silencio, reivindican la memoria y el reconocimiento en actos de resistencia, frente al mandato del callar y olvidar.<\/p>\n<p>Andrea Garc\u00eda Gonz\u00e1lez (Madrid, 1979) Licenciada en Periodismo y en Antropolog\u00eda Social y Cultural por la Universidad Complutense de Madrid, se adentr\u00f3 en los dilemas y encuentros del proceso de reconciliaci\u00f3n en Irlanda del Norte durante sus estudios posteriores en la Universidad de Queen&#8217;s (Belfast). En su tesis doctoral, analiz\u00f3 el proceso sociopol\u00edtico que sucedi\u00f3 al alto el fuego de ETA. Vinculada a movimientos sociales y colectivos feministas, su trabajo acad\u00e9mico est\u00e1 atravesado por la experiencia activista. Tambi\u00e9n ha formado parte de la cooperativa de comunicaci\u00f3n feminista Pandora Mirabilia. Su inter\u00e9s por indagar en las din\u00e1micas sociales y pol\u00edticas que permiten desplazar las violencias la ha llevado a Colombia, donde actualmente desarrolla sus investigaciones. Es coautora del libro La coeducaci\u00f3n en la escuela del siglo XXI (Catarata, 2011), as\u00ed como de Calla y olvida, publicado en 2023 por Katakrak.<\/p>\n<p>Pr\u00f3logo Joseba Zulaika<br \/>\nEp\u00edlogo Mari Luz Esteban<\/p>\n","protected":false},"excerpt":{"rendered":"<p><strong>Andrea Garc\u00eda Gonz\u00e1lez<\/strong><br \/>\n9788416946884 &#8211; katakrak &#8211; 2023 &#8211; 188 p\u00e1ginas \/orri.<\/p>\n","protected":false},"featured_media":15156,"template":"","meta":[],"product_brand":[],"product_cat":[16,175],"product_tag":[6899,508],"class_list":{"0":"post-15138","1":"product","2":"type-product","3":"status-publish","4":"has-post-thumbnail","6":"product_cat-libros","7":"product_cat-nazio-arazoa-cuestion-nacional","8":"product_tag-andrea-garcia-gonzalez","9":"product_tag-katakrak","11":"first","12":"instock","13":"sold-individually","14":"shipping-taxable","15":"purchasable","16":"product-type-simple"},"yoast_head":"<!-- This site is optimized with the Yoast SEO plugin v27.3 - https:\/\/yoast.com\/product\/yoast-seo-wordpress\/ -->\n<title>Calla y olvida Violencias, conflicto vasco y la escucha vulnerable como propuesta feminista &#8212; Zapateneo<\/title>\n<meta name=\"robots\" content=\"index, follow, max-snippet:-1, max-image-preview:large, max-video-preview:-1\" \/>\n<link rel=\"canonical\" href=\"https:\/\/zapateneo.net\/wordpress\/index.php\/producto\/calla-y-olvida-violencias-conflicto-vasco-y-la-escucha-vulnerable-como-propuesta-feminista\/\" \/>\n<meta property=\"og:locale\" content=\"es_ES\" \/>\n<meta property=\"og:type\" content=\"article\" \/>\n<meta property=\"og:title\" content=\"Calla y olvida Violencias, conflicto vasco y la escucha vulnerable como propuesta feminista &#8212; Zapateneo\" \/>\n<meta property=\"og:description\" content=\"Andrea Garc\u00eda Gonz\u00e1lez 9788416946884 - katakrak - 2023 - 188 p\u00e1ginas \/orri.\" \/>\n<meta property=\"og:url\" content=\"https:\/\/zapateneo.net\/wordpress\/index.php\/producto\/calla-y-olvida-violencias-conflicto-vasco-y-la-escucha-vulnerable-como-propuesta-feminista\/\" \/>\n<meta property=\"og:site_name\" content=\"Zapateneo\" \/>\n<meta property=\"article:modified_time\" content=\"2024-02-11T18:08:39+00:00\" \/>\n<meta name=\"twitter:card\" content=\"summary_large_image\" \/>\n<meta name=\"twitter:site\" content=\"@zapateneo\" \/>\n<meta name=\"twitter:label1\" content=\"Tiempo de lectura\" \/>\n\t<meta name=\"twitter:data1\" content=\"1 minuto\" \/>\n<script type=\"application\/ld+json\" class=\"yoast-schema-graph\">{\"@context\":\"https:\\\/\\\/schema.org\",\"@graph\":[{\"@type\":\"WebPage\",\"@id\":\"https:\\\/\\\/zapateneo.net\\\/wordpress\\\/index.php\\\/producto\\\/calla-y-olvida-violencias-conflicto-vasco-y-la-escucha-vulnerable-como-propuesta-feminista\\\/\",\"url\":\"https:\\\/\\\/zapateneo.net\\\/wordpress\\\/index.php\\\/producto\\\/calla-y-olvida-violencias-conflicto-vasco-y-la-escucha-vulnerable-como-propuesta-feminista\\\/\",\"name\":\"Calla y olvida Violencias, conflicto vasco y la escucha vulnerable como propuesta feminista &#8212; Zapateneo\",\"isPartOf\":{\"@id\":\"https:\\\/\\\/zapateneo.net\\\/wordpress\\\/#website\"},\"primaryImageOfPage\":{\"@id\":\"https:\\\/\\\/zapateneo.net\\\/wordpress\\\/index.php\\\/producto\\\/calla-y-olvida-violencias-conflicto-vasco-y-la-escucha-vulnerable-como-propuesta-feminista\\\/#primaryimage\"},\"image\":{\"@id\":\"https:\\\/\\\/zapateneo.net\\\/wordpress\\\/index.php\\\/producto\\\/calla-y-olvida-violencias-conflicto-vasco-y-la-escucha-vulnerable-como-propuesta-feminista\\\/#primaryimage\"},\"thumbnailUrl\":\"https:\\\/\\\/zapateneo.net\\\/wordpress\\\/wp-content\\\/uploads\\\/2024\\\/02\\\/calla-y-olvida-9788416946884.jpg\",\"datePublished\":\"2024-02-11T18:08:20+00:00\",\"dateModified\":\"2024-02-11T18:08:39+00:00\",\"breadcrumb\":{\"@id\":\"https:\\\/\\\/zapateneo.net\\\/wordpress\\\/index.php\\\/producto\\\/calla-y-olvida-violencias-conflicto-vasco-y-la-escucha-vulnerable-como-propuesta-feminista\\\/#breadcrumb\"},\"inLanguage\":\"es\",\"potentialAction\":[{\"@type\":\"ReadAction\",\"target\":[\"https:\\\/\\\/zapateneo.net\\\/wordpress\\\/index.php\\\/producto\\\/calla-y-olvida-violencias-conflicto-vasco-y-la-escucha-vulnerable-como-propuesta-feminista\\\/\"]}]},{\"@type\":\"ImageObject\",\"inLanguage\":\"es\",\"@id\":\"https:\\\/\\\/zapateneo.net\\\/wordpress\\\/index.php\\\/producto\\\/calla-y-olvida-violencias-conflicto-vasco-y-la-escucha-vulnerable-como-propuesta-feminista\\\/#primaryimage\",\"url\":\"https:\\\/\\\/zapateneo.net\\\/wordpress\\\/wp-content\\\/uploads\\\/2024\\\/02\\\/calla-y-olvida-9788416946884.jpg\",\"contentUrl\":\"https:\\\/\\\/zapateneo.net\\\/wordpress\\\/wp-content\\\/uploads\\\/2024\\\/02\\\/calla-y-olvida-9788416946884.jpg\",\"width\":268,\"height\":400},{\"@type\":\"BreadcrumbList\",\"@id\":\"https:\\\/\\\/zapateneo.net\\\/wordpress\\\/index.php\\\/producto\\\/calla-y-olvida-violencias-conflicto-vasco-y-la-escucha-vulnerable-como-propuesta-feminista\\\/#breadcrumb\",\"itemListElement\":[{\"@type\":\"ListItem\",\"position\":1,\"name\":\"Portada\",\"item\":\"https:\\\/\\\/zapateneo.net\\\/wordpress\\\/\"},{\"@type\":\"ListItem\",\"position\":2,\"name\":\"Tienda\",\"item\":\"https:\\\/\\\/zapateneo.net\\\/wordpress\\\/\"},{\"@type\":\"ListItem\",\"position\":3,\"name\":\"Calla y olvida Violencias, conflicto vasco y la escucha vulnerable como propuesta feminista\"}]},{\"@type\":\"WebSite\",\"@id\":\"https:\\\/\\\/zapateneo.net\\\/wordpress\\\/#website\",\"url\":\"https:\\\/\\\/zapateneo.net\\\/wordpress\\\/\",\"name\":\"Zapateneo\",\"description\":\"Zapateneoaren webgunea\",\"publisher\":{\"@id\":\"https:\\\/\\\/zapateneo.net\\\/wordpress\\\/#organization\"},\"potentialAction\":[{\"@type\":\"SearchAction\",\"target\":{\"@type\":\"EntryPoint\",\"urlTemplate\":\"https:\\\/\\\/zapateneo.net\\\/wordpress\\\/?s={search_term_string}\"},\"query-input\":{\"@type\":\"PropertyValueSpecification\",\"valueRequired\":true,\"valueName\":\"search_term_string\"}}],\"inLanguage\":\"es\"},{\"@type\":\"Organization\",\"@id\":\"https:\\\/\\\/zapateneo.net\\\/wordpress\\\/#organization\",\"name\":\"Zapateneo Kultur Elkartea\",\"url\":\"https:\\\/\\\/zapateneo.net\\\/wordpress\\\/\",\"logo\":{\"@type\":\"ImageObject\",\"inLanguage\":\"es\",\"@id\":\"https:\\\/\\\/zapateneo.net\\\/wordpress\\\/#\\\/schema\\\/logo\\\/image\\\/\",\"url\":\"https:\\\/\\\/zapateneo.net\\\/wordpress\\\/wp-content\\\/uploads\\\/2021\\\/04\\\/zap-libu-kolec.jpg\",\"contentUrl\":\"https:\\\/\\\/zapateneo.net\\\/wordpress\\\/wp-content\\\/uploads\\\/2021\\\/04\\\/zap-libu-kolec.jpg\",\"width\":2234,\"height\":398,\"caption\":\"Zapateneo Kultur Elkartea\"},\"image\":{\"@id\":\"https:\\\/\\\/zapateneo.net\\\/wordpress\\\/#\\\/schema\\\/logo\\\/image\\\/\"},\"sameAs\":[\"https:\\\/\\\/x.com\\\/zapateneo\"]}]}<\/script>\n<!-- \/ Yoast SEO plugin. -->","yoast_head_json":{"title":"Calla y olvida Violencias, conflicto vasco y la escucha vulnerable como propuesta feminista &#8212; Zapateneo","robots":{"index":"index","follow":"follow","max-snippet":"max-snippet:-1","max-image-preview":"max-image-preview:large","max-video-preview":"max-video-preview:-1"},"canonical":"https:\/\/zapateneo.net\/wordpress\/index.php\/producto\/calla-y-olvida-violencias-conflicto-vasco-y-la-escucha-vulnerable-como-propuesta-feminista\/","og_locale":"es_ES","og_type":"article","og_title":"Calla y olvida Violencias, conflicto vasco y la escucha vulnerable como propuesta feminista &#8212; Zapateneo","og_description":"Andrea Garc\u00eda Gonz\u00e1lez 9788416946884 - katakrak - 2023 - 188 p\u00e1ginas \/orri.","og_url":"https:\/\/zapateneo.net\/wordpress\/index.php\/producto\/calla-y-olvida-violencias-conflicto-vasco-y-la-escucha-vulnerable-como-propuesta-feminista\/","og_site_name":"Zapateneo","article_modified_time":"2024-02-11T18:08:39+00:00","twitter_card":"summary_large_image","twitter_site":"@zapateneo","twitter_misc":{"Tiempo de lectura":"1 minuto"},"schema":{"@context":"https:\/\/schema.org","@graph":[{"@type":"WebPage","@id":"https:\/\/zapateneo.net\/wordpress\/index.php\/producto\/calla-y-olvida-violencias-conflicto-vasco-y-la-escucha-vulnerable-como-propuesta-feminista\/","url":"https:\/\/zapateneo.net\/wordpress\/index.php\/producto\/calla-y-olvida-violencias-conflicto-vasco-y-la-escucha-vulnerable-como-propuesta-feminista\/","name":"Calla y olvida Violencias, conflicto vasco y la escucha vulnerable como propuesta feminista &#8212; Zapateneo","isPartOf":{"@id":"https:\/\/zapateneo.net\/wordpress\/#website"},"primaryImageOfPage":{"@id":"https:\/\/zapateneo.net\/wordpress\/index.php\/producto\/calla-y-olvida-violencias-conflicto-vasco-y-la-escucha-vulnerable-como-propuesta-feminista\/#primaryimage"},"image":{"@id":"https:\/\/zapateneo.net\/wordpress\/index.php\/producto\/calla-y-olvida-violencias-conflicto-vasco-y-la-escucha-vulnerable-como-propuesta-feminista\/#primaryimage"},"thumbnailUrl":"https:\/\/zapateneo.net\/wordpress\/wp-content\/uploads\/2024\/02\/calla-y-olvida-9788416946884.jpg","datePublished":"2024-02-11T18:08:20+00:00","dateModified":"2024-02-11T18:08:39+00:00","breadcrumb":{"@id":"https:\/\/zapateneo.net\/wordpress\/index.php\/producto\/calla-y-olvida-violencias-conflicto-vasco-y-la-escucha-vulnerable-como-propuesta-feminista\/#breadcrumb"},"inLanguage":"es","potentialAction":[{"@type":"ReadAction","target":["https:\/\/zapateneo.net\/wordpress\/index.php\/producto\/calla-y-olvida-violencias-conflicto-vasco-y-la-escucha-vulnerable-como-propuesta-feminista\/"]}]},{"@type":"ImageObject","inLanguage":"es","@id":"https:\/\/zapateneo.net\/wordpress\/index.php\/producto\/calla-y-olvida-violencias-conflicto-vasco-y-la-escucha-vulnerable-como-propuesta-feminista\/#primaryimage","url":"https:\/\/zapateneo.net\/wordpress\/wp-content\/uploads\/2024\/02\/calla-y-olvida-9788416946884.jpg","contentUrl":"https:\/\/zapateneo.net\/wordpress\/wp-content\/uploads\/2024\/02\/calla-y-olvida-9788416946884.jpg","width":268,"height":400},{"@type":"BreadcrumbList","@id":"https:\/\/zapateneo.net\/wordpress\/index.php\/producto\/calla-y-olvida-violencias-conflicto-vasco-y-la-escucha-vulnerable-como-propuesta-feminista\/#breadcrumb","itemListElement":[{"@type":"ListItem","position":1,"name":"Portada","item":"https:\/\/zapateneo.net\/wordpress\/"},{"@type":"ListItem","position":2,"name":"Tienda","item":"https:\/\/zapateneo.net\/wordpress\/"},{"@type":"ListItem","position":3,"name":"Calla y olvida Violencias, conflicto vasco y la escucha vulnerable como propuesta feminista"}]},{"@type":"WebSite","@id":"https:\/\/zapateneo.net\/wordpress\/#website","url":"https:\/\/zapateneo.net\/wordpress\/","name":"Zapateneo","description":"Zapateneoaren webgunea","publisher":{"@id":"https:\/\/zapateneo.net\/wordpress\/#organization"},"potentialAction":[{"@type":"SearchAction","target":{"@type":"EntryPoint","urlTemplate":"https:\/\/zapateneo.net\/wordpress\/?s={search_term_string}"},"query-input":{"@type":"PropertyValueSpecification","valueRequired":true,"valueName":"search_term_string"}}],"inLanguage":"es"},{"@type":"Organization","@id":"https:\/\/zapateneo.net\/wordpress\/#organization","name":"Zapateneo Kultur Elkartea","url":"https:\/\/zapateneo.net\/wordpress\/","logo":{"@type":"ImageObject","inLanguage":"es","@id":"https:\/\/zapateneo.net\/wordpress\/#\/schema\/logo\/image\/","url":"https:\/\/zapateneo.net\/wordpress\/wp-content\/uploads\/2021\/04\/zap-libu-kolec.jpg","contentUrl":"https:\/\/zapateneo.net\/wordpress\/wp-content\/uploads\/2021\/04\/zap-libu-kolec.jpg","width":2234,"height":398,"caption":"Zapateneo Kultur Elkartea"},"image":{"@id":"https:\/\/zapateneo.net\/wordpress\/#\/schema\/logo\/image\/"},"sameAs":["https:\/\/x.com\/zapateneo"]}]}},"_links":{"self":[{"href":"https:\/\/zapateneo.net\/wordpress\/index.php\/wp-json\/wp\/v2\/product\/15138","targetHints":{"allow":["GET"]}}],"collection":[{"href":"https:\/\/zapateneo.net\/wordpress\/index.php\/wp-json\/wp\/v2\/product"}],"about":[{"href":"https:\/\/zapateneo.net\/wordpress\/index.php\/wp-json\/wp\/v2\/types\/product"}],"wp:featuredmedia":[{"embeddable":true,"href":"https:\/\/zapateneo.net\/wordpress\/index.php\/wp-json\/wp\/v2\/media\/15156"}],"wp:attachment":[{"href":"https:\/\/zapateneo.net\/wordpress\/index.php\/wp-json\/wp\/v2\/media?parent=15138"}],"wp:term":[{"taxonomy":"product_brand","embeddable":true,"href":"https:\/\/zapateneo.net\/wordpress\/index.php\/wp-json\/wp\/v2\/product_brand?post=15138"},{"taxonomy":"product_cat","embeddable":true,"href":"https:\/\/zapateneo.net\/wordpress\/index.php\/wp-json\/wp\/v2\/product_cat?post=15138"},{"taxonomy":"product_tag","embeddable":true,"href":"https:\/\/zapateneo.net\/wordpress\/index.php\/wp-json\/wp\/v2\/product_tag?post=15138"}],"curies":[{"name":"wp","href":"https:\/\/api.w.org\/{rel}","templated":true}]}}