{"id":15135,"date":"2024-02-11T19:08:19","date_gmt":"2024-02-11T18:08:19","guid":{"rendered":"https:\/\/zapateneo.net\/wordpress\/?post_type=product&#038;p=15135"},"modified":"2024-02-11T19:08:35","modified_gmt":"2024-02-11T18:08:35","slug":"servidumbre-maquinica-punitivismo-trabajo-y-espacios-de-encierro-nueva-edicion","status":"publish","type":"product","link":"https:\/\/zapateneo.net\/wordpress\/index.php\/producto\/servidumbre-maquinica-punitivismo-trabajo-y-espacios-de-encierro-nueva-edicion\/","title":{"rendered":"Servidumbre maqu\u00ednica Punitivismo, trabajo y espacios de encierro (nueva edici\u00f3n)"},"content":{"rendered":"<p>\u00bfQu\u00e9 es estar encerrado, dentro o fuera, privado de libertad en estos tiempos de pandemia y confinamiento? \u00bfQu\u00e9 supone tener un salario, un trabajo &#8216;digno&#8217;? \u00bfSon las exigencias punitivistas (\u00abque los encarcelen\u00bb) una consigna que los movimientos sociales como los feminismos pueden enarbolar? En este demoledor ensayo de estilo directo y franco, la reflexi\u00f3n sobre la c\u00e1rcel y su funci\u00f3n social permite a la pol\u00e9mica, provocadora y multifac\u00e9tica L. Silvestri interpelar e impugnar el pensamiento progre y sus inconsistencias.<\/p>\n<p>\u00abAs\u00ed como nos acomodamos a lo intolerable, analizar las condiciones que han llevado a alguien a realizar lo que se realiza, lo que podr\u00eda haber hecho quien lee estas letras si estuviera en la misma circunstancia, eso pas\u00f3 de moda, porque \u00ablo personal es pol\u00edtico\u00bb ahora quiere decir que el Estado, materno, y su polic\u00eda del cuidado, te protege con perspectiva de g\u00e9nero de los males del mundo\u00bb.<\/p>\n<p>\u00abSe reserva en nuestro pensamiento el destino del encarcelamiento a personas malas, malhechores, gente que hace mal y por ende merece ser sustra\u00edda y retirada de la poblaci\u00f3n civil, donde todo funciona arm\u00f3nicamente, y donde nadie hace mal, y donde la presencia de los malhechores podr\u00eda redundar en contagio o la ruptura de esa paz civil que se debe defender a como d\u00e9 lugar. Nada de cuestionar la existencia y necesidad de la prisi\u00f3n, de cuestionar la existencia del trabajo y de la tipificaci\u00f3n estigmatizante y la patologizaci\u00f3n, nada de objetar el pacto social que cree que el \u00fanico individuo deseable es aquel que baja la cabeza y en medio de una pandemia y sin chistar sale a poner el cuerpo a la econom\u00eda es decir a los problemas de las personas con yate y casa de veraneo.\u00bb<\/p>\n<p>\u00abEn los \u00faltimos a\u00f1os previos al comienzo de la pandemia estuve analizando de manera concomitante, tres ejes que no son usualmente abordados juntos, pero que a m\u00ed me parece interesante pensarlos en su conjunto y de cuyo an\u00e1lisis surge este libro, a saber: los espacios de encierro; los espacios de encierro \u201ca cielo abierto\u201d; el trabajo como modalidad de control. Buena parte de lo que se refleja en los cap\u00edtulos que componen este t\u00edtulo proceden de ese per\u00edodo con miras a una lectura anticapitalista que influya estas tres posturas. El trabajo no solamente como actividad, sino tambi\u00e9n como un organizador de quienes son seres humanos y qui\u00e9nes no, y por ende, quienes vale la pena o son susceptibles como personas de ser mantenidas sobre este mundo, y quienes pueden ser descartadas como bien se deja ver en el desarrollo tanatopol\u00edtico capacitista de esta pandemia organizada en torno a la supervivencia del m\u00e1s joven, sano y apto.\u00bb<\/p>\n<p>Servidumbre maqu\u00ednica es una compilaci\u00f3n de textos donde la escritora Leonor Silvestri conjura los males de esta \u00e9poca que se percibe apocal\u00edptica. Se abre con una sentencia de Nietzsche: No hay hechos morales. Hay interpretaciones morales de los hechos. Es un mantra.<\/p>\n","protected":false},"excerpt":{"rendered":"<p><strong>Leonor Silvestri<\/strong><br \/>\n9789200087790 &#8211; Queen Ludd &#8211; 2022 &#8211; 104 p\u00e1ginas \/orri.<\/p>\n","protected":false},"featured_media":15153,"template":"","meta":[],"product_brand":[],"product_cat":[181,16],"product_tag":[5945,4426],"class_list":{"0":"post-15135","1":"product","2":"type-product","3":"status-publish","4":"has-post-thumbnail","6":"product_cat-bazterketa-soziala-eta-errepresioa-exclusion-social-y-represion","7":"product_cat-libros","8":"product_tag-leonor-silvestri","9":"product_tag-queen-ludd","11":"first","12":"instock","13":"sold-individually","14":"shipping-taxable","15":"purchasable","16":"product-type-simple"},"yoast_head":"<!-- This site is optimized with the Yoast SEO plugin v27.3 - https:\/\/yoast.com\/product\/yoast-seo-wordpress\/ -->\n<title>Servidumbre maqu\u00ednica Punitivismo, trabajo y espacios de encierro (nueva edici\u00f3n) &#8212; Zapateneo<\/title>\n<meta name=\"robots\" content=\"index, follow, max-snippet:-1, max-image-preview:large, max-video-preview:-1\" \/>\n<link rel=\"canonical\" href=\"https:\/\/zapateneo.net\/wordpress\/index.php\/producto\/servidumbre-maquinica-punitivismo-trabajo-y-espacios-de-encierro-nueva-edicion\/\" \/>\n<meta property=\"og:locale\" content=\"es_ES\" \/>\n<meta property=\"og:type\" content=\"article\" \/>\n<meta property=\"og:title\" content=\"Servidumbre maqu\u00ednica Punitivismo, trabajo y espacios de encierro (nueva edici\u00f3n) &#8212; Zapateneo\" \/>\n<meta property=\"og:description\" content=\"Leonor Silvestri 9789200087790 - Queen Ludd - 2022 - 104 p\u00e1ginas \/orri.\" \/>\n<meta property=\"og:url\" content=\"https:\/\/zapateneo.net\/wordpress\/index.php\/producto\/servidumbre-maquinica-punitivismo-trabajo-y-espacios-de-encierro-nueva-edicion\/\" \/>\n<meta property=\"og:site_name\" content=\"Zapateneo\" \/>\n<meta property=\"article:modified_time\" content=\"2024-02-11T18:08:35+00:00\" \/>\n<meta name=\"twitter:card\" content=\"summary_large_image\" \/>\n<meta name=\"twitter:site\" content=\"@zapateneo\" \/>\n<meta name=\"twitter:label1\" content=\"Tiempo de lectura\" \/>\n\t<meta name=\"twitter:data1\" content=\"3 minutos\" \/>\n<script type=\"application\/ld+json\" class=\"yoast-schema-graph\">{\"@context\":\"https:\\\/\\\/schema.org\",\"@graph\":[{\"@type\":\"WebPage\",\"@id\":\"https:\\\/\\\/zapateneo.net\\\/wordpress\\\/index.php\\\/producto\\\/servidumbre-maquinica-punitivismo-trabajo-y-espacios-de-encierro-nueva-edicion\\\/\",\"url\":\"https:\\\/\\\/zapateneo.net\\\/wordpress\\\/index.php\\\/producto\\\/servidumbre-maquinica-punitivismo-trabajo-y-espacios-de-encierro-nueva-edicion\\\/\",\"name\":\"Servidumbre maqu\u00ednica Punitivismo, trabajo y espacios de encierro (nueva edici\u00f3n) &#8212; Zapateneo\",\"isPartOf\":{\"@id\":\"https:\\\/\\\/zapateneo.net\\\/wordpress\\\/#website\"},\"primaryImageOfPage\":{\"@id\":\"https:\\\/\\\/zapateneo.net\\\/wordpress\\\/index.php\\\/producto\\\/servidumbre-maquinica-punitivismo-trabajo-y-espacios-de-encierro-nueva-edicion\\\/#primaryimage\"},\"image\":{\"@id\":\"https:\\\/\\\/zapateneo.net\\\/wordpress\\\/index.php\\\/producto\\\/servidumbre-maquinica-punitivismo-trabajo-y-espacios-de-encierro-nueva-edicion\\\/#primaryimage\"},\"thumbnailUrl\":\"https:\\\/\\\/zapateneo.net\\\/wordpress\\\/wp-content\\\/uploads\\\/2024\\\/02\\\/servidumbre-maquinica-2ed-9789200087790.png\",\"datePublished\":\"2024-02-11T18:08:19+00:00\",\"dateModified\":\"2024-02-11T18:08:35+00:00\",\"breadcrumb\":{\"@id\":\"https:\\\/\\\/zapateneo.net\\\/wordpress\\\/index.php\\\/producto\\\/servidumbre-maquinica-punitivismo-trabajo-y-espacios-de-encierro-nueva-edicion\\\/#breadcrumb\"},\"inLanguage\":\"es\",\"potentialAction\":[{\"@type\":\"ReadAction\",\"target\":[\"https:\\\/\\\/zapateneo.net\\\/wordpress\\\/index.php\\\/producto\\\/servidumbre-maquinica-punitivismo-trabajo-y-espacios-de-encierro-nueva-edicion\\\/\"]}]},{\"@type\":\"ImageObject\",\"inLanguage\":\"es\",\"@id\":\"https:\\\/\\\/zapateneo.net\\\/wordpress\\\/index.php\\\/producto\\\/servidumbre-maquinica-punitivismo-trabajo-y-espacios-de-encierro-nueva-edicion\\\/#primaryimage\",\"url\":\"https:\\\/\\\/zapateneo.net\\\/wordpress\\\/wp-content\\\/uploads\\\/2024\\\/02\\\/servidumbre-maquinica-2ed-9789200087790.png\",\"contentUrl\":\"https:\\\/\\\/zapateneo.net\\\/wordpress\\\/wp-content\\\/uploads\\\/2024\\\/02\\\/servidumbre-maquinica-2ed-9789200087790.png\",\"width\":255,\"height\":400},{\"@type\":\"BreadcrumbList\",\"@id\":\"https:\\\/\\\/zapateneo.net\\\/wordpress\\\/index.php\\\/producto\\\/servidumbre-maquinica-punitivismo-trabajo-y-espacios-de-encierro-nueva-edicion\\\/#breadcrumb\",\"itemListElement\":[{\"@type\":\"ListItem\",\"position\":1,\"name\":\"Portada\",\"item\":\"https:\\\/\\\/zapateneo.net\\\/wordpress\\\/\"},{\"@type\":\"ListItem\",\"position\":2,\"name\":\"Tienda\",\"item\":\"https:\\\/\\\/zapateneo.net\\\/wordpress\\\/\"},{\"@type\":\"ListItem\",\"position\":3,\"name\":\"Servidumbre maqu\u00ednica Punitivismo, trabajo y espacios de encierro (nueva edici\u00f3n)\"}]},{\"@type\":\"WebSite\",\"@id\":\"https:\\\/\\\/zapateneo.net\\\/wordpress\\\/#website\",\"url\":\"https:\\\/\\\/zapateneo.net\\\/wordpress\\\/\",\"name\":\"Zapateneo\",\"description\":\"Zapateneoaren webgunea\",\"publisher\":{\"@id\":\"https:\\\/\\\/zapateneo.net\\\/wordpress\\\/#organization\"},\"potentialAction\":[{\"@type\":\"SearchAction\",\"target\":{\"@type\":\"EntryPoint\",\"urlTemplate\":\"https:\\\/\\\/zapateneo.net\\\/wordpress\\\/?s={search_term_string}\"},\"query-input\":{\"@type\":\"PropertyValueSpecification\",\"valueRequired\":true,\"valueName\":\"search_term_string\"}}],\"inLanguage\":\"es\"},{\"@type\":\"Organization\",\"@id\":\"https:\\\/\\\/zapateneo.net\\\/wordpress\\\/#organization\",\"name\":\"Zapateneo Kultur Elkartea\",\"url\":\"https:\\\/\\\/zapateneo.net\\\/wordpress\\\/\",\"logo\":{\"@type\":\"ImageObject\",\"inLanguage\":\"es\",\"@id\":\"https:\\\/\\\/zapateneo.net\\\/wordpress\\\/#\\\/schema\\\/logo\\\/image\\\/\",\"url\":\"https:\\\/\\\/zapateneo.net\\\/wordpress\\\/wp-content\\\/uploads\\\/2021\\\/04\\\/zap-libu-kolec.jpg\",\"contentUrl\":\"https:\\\/\\\/zapateneo.net\\\/wordpress\\\/wp-content\\\/uploads\\\/2021\\\/04\\\/zap-libu-kolec.jpg\",\"width\":2234,\"height\":398,\"caption\":\"Zapateneo Kultur Elkartea\"},\"image\":{\"@id\":\"https:\\\/\\\/zapateneo.net\\\/wordpress\\\/#\\\/schema\\\/logo\\\/image\\\/\"},\"sameAs\":[\"https:\\\/\\\/x.com\\\/zapateneo\"]}]}<\/script>\n<!-- \/ Yoast SEO plugin. -->","yoast_head_json":{"title":"Servidumbre maqu\u00ednica Punitivismo, trabajo y espacios de encierro (nueva edici\u00f3n) &#8212; Zapateneo","robots":{"index":"index","follow":"follow","max-snippet":"max-snippet:-1","max-image-preview":"max-image-preview:large","max-video-preview":"max-video-preview:-1"},"canonical":"https:\/\/zapateneo.net\/wordpress\/index.php\/producto\/servidumbre-maquinica-punitivismo-trabajo-y-espacios-de-encierro-nueva-edicion\/","og_locale":"es_ES","og_type":"article","og_title":"Servidumbre maqu\u00ednica Punitivismo, trabajo y espacios de encierro (nueva edici\u00f3n) &#8212; Zapateneo","og_description":"Leonor Silvestri 9789200087790 - Queen Ludd - 2022 - 104 p\u00e1ginas \/orri.","og_url":"https:\/\/zapateneo.net\/wordpress\/index.php\/producto\/servidumbre-maquinica-punitivismo-trabajo-y-espacios-de-encierro-nueva-edicion\/","og_site_name":"Zapateneo","article_modified_time":"2024-02-11T18:08:35+00:00","twitter_card":"summary_large_image","twitter_site":"@zapateneo","twitter_misc":{"Tiempo de lectura":"3 minutos"},"schema":{"@context":"https:\/\/schema.org","@graph":[{"@type":"WebPage","@id":"https:\/\/zapateneo.net\/wordpress\/index.php\/producto\/servidumbre-maquinica-punitivismo-trabajo-y-espacios-de-encierro-nueva-edicion\/","url":"https:\/\/zapateneo.net\/wordpress\/index.php\/producto\/servidumbre-maquinica-punitivismo-trabajo-y-espacios-de-encierro-nueva-edicion\/","name":"Servidumbre maqu\u00ednica Punitivismo, trabajo y espacios de encierro (nueva edici\u00f3n) &#8212; Zapateneo","isPartOf":{"@id":"https:\/\/zapateneo.net\/wordpress\/#website"},"primaryImageOfPage":{"@id":"https:\/\/zapateneo.net\/wordpress\/index.php\/producto\/servidumbre-maquinica-punitivismo-trabajo-y-espacios-de-encierro-nueva-edicion\/#primaryimage"},"image":{"@id":"https:\/\/zapateneo.net\/wordpress\/index.php\/producto\/servidumbre-maquinica-punitivismo-trabajo-y-espacios-de-encierro-nueva-edicion\/#primaryimage"},"thumbnailUrl":"https:\/\/zapateneo.net\/wordpress\/wp-content\/uploads\/2024\/02\/servidumbre-maquinica-2ed-9789200087790.png","datePublished":"2024-02-11T18:08:19+00:00","dateModified":"2024-02-11T18:08:35+00:00","breadcrumb":{"@id":"https:\/\/zapateneo.net\/wordpress\/index.php\/producto\/servidumbre-maquinica-punitivismo-trabajo-y-espacios-de-encierro-nueva-edicion\/#breadcrumb"},"inLanguage":"es","potentialAction":[{"@type":"ReadAction","target":["https:\/\/zapateneo.net\/wordpress\/index.php\/producto\/servidumbre-maquinica-punitivismo-trabajo-y-espacios-de-encierro-nueva-edicion\/"]}]},{"@type":"ImageObject","inLanguage":"es","@id":"https:\/\/zapateneo.net\/wordpress\/index.php\/producto\/servidumbre-maquinica-punitivismo-trabajo-y-espacios-de-encierro-nueva-edicion\/#primaryimage","url":"https:\/\/zapateneo.net\/wordpress\/wp-content\/uploads\/2024\/02\/servidumbre-maquinica-2ed-9789200087790.png","contentUrl":"https:\/\/zapateneo.net\/wordpress\/wp-content\/uploads\/2024\/02\/servidumbre-maquinica-2ed-9789200087790.png","width":255,"height":400},{"@type":"BreadcrumbList","@id":"https:\/\/zapateneo.net\/wordpress\/index.php\/producto\/servidumbre-maquinica-punitivismo-trabajo-y-espacios-de-encierro-nueva-edicion\/#breadcrumb","itemListElement":[{"@type":"ListItem","position":1,"name":"Portada","item":"https:\/\/zapateneo.net\/wordpress\/"},{"@type":"ListItem","position":2,"name":"Tienda","item":"https:\/\/zapateneo.net\/wordpress\/"},{"@type":"ListItem","position":3,"name":"Servidumbre maqu\u00ednica Punitivismo, trabajo y espacios de encierro (nueva edici\u00f3n)"}]},{"@type":"WebSite","@id":"https:\/\/zapateneo.net\/wordpress\/#website","url":"https:\/\/zapateneo.net\/wordpress\/","name":"Zapateneo","description":"Zapateneoaren webgunea","publisher":{"@id":"https:\/\/zapateneo.net\/wordpress\/#organization"},"potentialAction":[{"@type":"SearchAction","target":{"@type":"EntryPoint","urlTemplate":"https:\/\/zapateneo.net\/wordpress\/?s={search_term_string}"},"query-input":{"@type":"PropertyValueSpecification","valueRequired":true,"valueName":"search_term_string"}}],"inLanguage":"es"},{"@type":"Organization","@id":"https:\/\/zapateneo.net\/wordpress\/#organization","name":"Zapateneo Kultur Elkartea","url":"https:\/\/zapateneo.net\/wordpress\/","logo":{"@type":"ImageObject","inLanguage":"es","@id":"https:\/\/zapateneo.net\/wordpress\/#\/schema\/logo\/image\/","url":"https:\/\/zapateneo.net\/wordpress\/wp-content\/uploads\/2021\/04\/zap-libu-kolec.jpg","contentUrl":"https:\/\/zapateneo.net\/wordpress\/wp-content\/uploads\/2021\/04\/zap-libu-kolec.jpg","width":2234,"height":398,"caption":"Zapateneo Kultur Elkartea"},"image":{"@id":"https:\/\/zapateneo.net\/wordpress\/#\/schema\/logo\/image\/"},"sameAs":["https:\/\/x.com\/zapateneo"]}]}},"_links":{"self":[{"href":"https:\/\/zapateneo.net\/wordpress\/index.php\/wp-json\/wp\/v2\/product\/15135","targetHints":{"allow":["GET"]}}],"collection":[{"href":"https:\/\/zapateneo.net\/wordpress\/index.php\/wp-json\/wp\/v2\/product"}],"about":[{"href":"https:\/\/zapateneo.net\/wordpress\/index.php\/wp-json\/wp\/v2\/types\/product"}],"wp:featuredmedia":[{"embeddable":true,"href":"https:\/\/zapateneo.net\/wordpress\/index.php\/wp-json\/wp\/v2\/media\/15153"}],"wp:attachment":[{"href":"https:\/\/zapateneo.net\/wordpress\/index.php\/wp-json\/wp\/v2\/media?parent=15135"}],"wp:term":[{"taxonomy":"product_brand","embeddable":true,"href":"https:\/\/zapateneo.net\/wordpress\/index.php\/wp-json\/wp\/v2\/product_brand?post=15135"},{"taxonomy":"product_cat","embeddable":true,"href":"https:\/\/zapateneo.net\/wordpress\/index.php\/wp-json\/wp\/v2\/product_cat?post=15135"},{"taxonomy":"product_tag","embeddable":true,"href":"https:\/\/zapateneo.net\/wordpress\/index.php\/wp-json\/wp\/v2\/product_tag?post=15135"}],"curies":[{"name":"wp","href":"https:\/\/api.w.org\/{rel}","templated":true}]}}