{"id":15134,"date":"2024-02-11T19:08:19","date_gmt":"2024-02-11T18:08:19","guid":{"rendered":"https:\/\/zapateneo.net\/wordpress\/?post_type=product&#038;p=15134"},"modified":"2024-02-11T19:08:34","modified_gmt":"2024-02-11T18:08:34","slug":"tratado-del-saber-vivir-para-uso-de-la-jovenes-generaciones","status":"publish","type":"product","link":"https:\/\/zapateneo.net\/wordpress\/index.php\/producto\/tratado-del-saber-vivir-para-uso-de-la-jovenes-generaciones\/","title":{"rendered":"Tratado del saber vivir para uso de la j\u00f3venes generaciones"},"content":{"rendered":"<p>Esta es una obra clave del pensamiento revolucionario. Se public\u00f3 a la vez que La sociedad del espect\u00e1culo, y pronto ambas se convirtieron en los elementos te\u00f3rico-pol\u00edticos que articularon la mirada y las experiencias de Mayo del 68 y el situacionismo. En ella se trazan perspectivas para un cambio radical en la vida: desarrollo libre de la individualidad y de una organizaci\u00f3n social basada en la cooperaci\u00f3n, la autonom\u00eda y la autogesti\u00f3n.<\/p>\n<p>Vaneigem impulsa al lector a desafiar los roles sociales en los que se le encuadra: estudiante, joven, ciudadano, mujer, hijo, trabajador&#8230; Los roles mantienen al individuo alejado permanentemente de su verdadero ser. Aceptar un rol es asumir algo de poder en el juego social, pero tambi\u00e9n aceptar la sumisi\u00f3n. Escrito bajo las influencias de Spinoza, Fourier, Marx, Nietzsche y Lefebvre, este tratado desarrolla la cr\u00edtica situacionista a la alienaci\u00f3n en la sociedad de consumo, en la que somos esclavos sin amo frente a un Poder cada vez m\u00e1s eficiente gracias a la cibern\u00e9tica. La gente se limita a consumir y sobrevivir: es el instinto de muerte descubierto por Freud y Reich. Para Vaneigem, la vida cotidiana est\u00e1 empobrecida y ha sido reducida; vivimos un nuevo tipo de miseria y vaciamiento existencial, que se extiende no ya solo al trabajo, tambi\u00e9n al ocio, el descanso y el placer, falseando las relaciones personales. Como resultado, los sujetos sufren una fragmentaci\u00f3n y la mutilaci\u00f3n de sus vidas. El tratado le da especial importancia al trabajo asalariado, como forma m\u00e1s brutal de domesticaci\u00f3n.<\/p>\n<p>Vaneigem destroza el racionalismo ilustrado del hombre occidental, pero tambi\u00e9n cr\u00edtica a la izquierda cobarde. A quienes se conforman con el Estado del Bienestar habr\u00e1 que recordarles que \u201cquienes hacen a medias la revoluci\u00f3n no hacen m\u00e1s que cavarse la tumba\u201d. Por otra parte, aquellos que hablan de revoluci\u00f3n sin referirse a la vida cotidiana, sin comprender lo que hay de subversivo en el amor, tienen un cad\u00e1ver en la boca. Una de las armas para renovar el mundo es el lenguaje -en todas sus variantes-, que debe aventurarse en el terreno de la poes\u00eda, la comunicaci\u00f3n abierta y lo sensual para enfrentarse al imperio de lo cuantitativo y del c\u00e1lculo -com\u00fan al capitalismo y al estalinismo-. De nada sirve el sacrificio y la militancia si niegan la libertad, que es la esencia de la revoluci\u00f3n.<\/p>\n<p>En la segunda parte del libro, Vaneigem explora las posibilidades. Habla de invertir la perspectiva: dejar de ver con los ojos de la comunidad alienada, de la ideolog\u00eda, de la familia, de los dem\u00e1s. Hay que recuperar la creatividad y la espontaneidad. Es espont\u00e1neo aquello que no surge de una obligaci\u00f3n interiorizada en el subconsciente y que adem\u00e1s escapa del dominio de la abstracci\u00f3n. Por ello, es necesario reestructurar el subconsciente -como propon\u00eda el surrealismo- para potenciar la subjetividad (emociones, pasiones, deseos, goces). El arte, el juego, la diversi\u00f3n, la amistad y lo er\u00f3tico se despliegan en la pasi\u00f3n creadora, n\u00facleo central de lo revolucionario. Esta nueva edici\u00f3n revisada incluye un op\u00fasculo del autor, Banalidades de base, donde se definen una serie de conceptos sobre la Internacional Situacionista, y una larga entrevista a Vaneigem en la que realiza un repaso sobre su obra.<\/p>\n","protected":false},"excerpt":{"rendered":"<p><strong>Raoul Vaneigem<\/strong><br \/>\n9788485209538 &#8211; Irrecuperables &#8211; 2023 &#8211; 326 p\u00e1ginas \/orri.<\/p>\n","protected":false},"featured_media":15152,"template":"","meta":[],"product_brand":[],"product_cat":[16,173],"product_tag":[2960,5238],"class_list":{"0":"post-15134","1":"product","2":"type-product","3":"status-publish","4":"has-post-thumbnail","6":"product_cat-libros","7":"product_cat-saiakera-ensayo","8":"product_tag-irrecuperables","9":"product_tag-raoul-vaneigem","11":"first","12":"instock","13":"sold-individually","14":"shipping-taxable","15":"purchasable","16":"product-type-simple"},"yoast_head":"<!-- This site is optimized with the Yoast SEO plugin v27.3 - https:\/\/yoast.com\/product\/yoast-seo-wordpress\/ -->\n<title>Tratado del saber vivir para uso de la j\u00f3venes generaciones &#8212; Zapateneo<\/title>\n<meta name=\"robots\" content=\"index, follow, max-snippet:-1, max-image-preview:large, max-video-preview:-1\" \/>\n<link rel=\"canonical\" href=\"https:\/\/zapateneo.net\/wordpress\/index.php\/producto\/tratado-del-saber-vivir-para-uso-de-la-jovenes-generaciones\/\" \/>\n<meta property=\"og:locale\" content=\"es_ES\" \/>\n<meta property=\"og:type\" content=\"article\" \/>\n<meta property=\"og:title\" content=\"Tratado del saber vivir para uso de la j\u00f3venes generaciones &#8212; Zapateneo\" \/>\n<meta property=\"og:description\" content=\"Raoul Vaneigem 9788485209538 - Irrecuperables - 2023 - 326 p\u00e1ginas \/orri.\" \/>\n<meta property=\"og:url\" content=\"https:\/\/zapateneo.net\/wordpress\/index.php\/producto\/tratado-del-saber-vivir-para-uso-de-la-jovenes-generaciones\/\" \/>\n<meta property=\"og:site_name\" content=\"Zapateneo\" \/>\n<meta property=\"article:modified_time\" content=\"2024-02-11T18:08:34+00:00\" \/>\n<meta name=\"twitter:card\" content=\"summary_large_image\" \/>\n<meta name=\"twitter:site\" content=\"@zapateneo\" \/>\n<meta name=\"twitter:label1\" content=\"Tiempo de lectura\" \/>\n\t<meta name=\"twitter:data1\" content=\"3 minutos\" \/>\n<script type=\"application\/ld+json\" class=\"yoast-schema-graph\">{\"@context\":\"https:\\\/\\\/schema.org\",\"@graph\":[{\"@type\":\"WebPage\",\"@id\":\"https:\\\/\\\/zapateneo.net\\\/wordpress\\\/index.php\\\/producto\\\/tratado-del-saber-vivir-para-uso-de-la-jovenes-generaciones\\\/\",\"url\":\"https:\\\/\\\/zapateneo.net\\\/wordpress\\\/index.php\\\/producto\\\/tratado-del-saber-vivir-para-uso-de-la-jovenes-generaciones\\\/\",\"name\":\"Tratado del saber vivir para uso de la j\u00f3venes generaciones &#8212; Zapateneo\",\"isPartOf\":{\"@id\":\"https:\\\/\\\/zapateneo.net\\\/wordpress\\\/#website\"},\"primaryImageOfPage\":{\"@id\":\"https:\\\/\\\/zapateneo.net\\\/wordpress\\\/index.php\\\/producto\\\/tratado-del-saber-vivir-para-uso-de-la-jovenes-generaciones\\\/#primaryimage\"},\"image\":{\"@id\":\"https:\\\/\\\/zapateneo.net\\\/wordpress\\\/index.php\\\/producto\\\/tratado-del-saber-vivir-para-uso-de-la-jovenes-generaciones\\\/#primaryimage\"},\"thumbnailUrl\":\"https:\\\/\\\/zapateneo.net\\\/wordpress\\\/wp-content\\\/uploads\\\/2024\\\/02\\\/tratado-del-saber-vivir-para-uso-de-la-jovenes-generaciones-9788485209538.png\",\"datePublished\":\"2024-02-11T18:08:19+00:00\",\"dateModified\":\"2024-02-11T18:08:34+00:00\",\"breadcrumb\":{\"@id\":\"https:\\\/\\\/zapateneo.net\\\/wordpress\\\/index.php\\\/producto\\\/tratado-del-saber-vivir-para-uso-de-la-jovenes-generaciones\\\/#breadcrumb\"},\"inLanguage\":\"es\",\"potentialAction\":[{\"@type\":\"ReadAction\",\"target\":[\"https:\\\/\\\/zapateneo.net\\\/wordpress\\\/index.php\\\/producto\\\/tratado-del-saber-vivir-para-uso-de-la-jovenes-generaciones\\\/\"]}]},{\"@type\":\"ImageObject\",\"inLanguage\":\"es\",\"@id\":\"https:\\\/\\\/zapateneo.net\\\/wordpress\\\/index.php\\\/producto\\\/tratado-del-saber-vivir-para-uso-de-la-jovenes-generaciones\\\/#primaryimage\",\"url\":\"https:\\\/\\\/zapateneo.net\\\/wordpress\\\/wp-content\\\/uploads\\\/2024\\\/02\\\/tratado-del-saber-vivir-para-uso-de-la-jovenes-generaciones-9788485209538.png\",\"contentUrl\":\"https:\\\/\\\/zapateneo.net\\\/wordpress\\\/wp-content\\\/uploads\\\/2024\\\/02\\\/tratado-del-saber-vivir-para-uso-de-la-jovenes-generaciones-9788485209538.png\",\"width\":286,\"height\":400},{\"@type\":\"BreadcrumbList\",\"@id\":\"https:\\\/\\\/zapateneo.net\\\/wordpress\\\/index.php\\\/producto\\\/tratado-del-saber-vivir-para-uso-de-la-jovenes-generaciones\\\/#breadcrumb\",\"itemListElement\":[{\"@type\":\"ListItem\",\"position\":1,\"name\":\"Portada\",\"item\":\"https:\\\/\\\/zapateneo.net\\\/wordpress\\\/\"},{\"@type\":\"ListItem\",\"position\":2,\"name\":\"Tienda\",\"item\":\"https:\\\/\\\/zapateneo.net\\\/wordpress\\\/\"},{\"@type\":\"ListItem\",\"position\":3,\"name\":\"Tratado del saber vivir para uso de la j\u00f3venes generaciones\"}]},{\"@type\":\"WebSite\",\"@id\":\"https:\\\/\\\/zapateneo.net\\\/wordpress\\\/#website\",\"url\":\"https:\\\/\\\/zapateneo.net\\\/wordpress\\\/\",\"name\":\"Zapateneo\",\"description\":\"Zapateneoaren webgunea\",\"publisher\":{\"@id\":\"https:\\\/\\\/zapateneo.net\\\/wordpress\\\/#organization\"},\"potentialAction\":[{\"@type\":\"SearchAction\",\"target\":{\"@type\":\"EntryPoint\",\"urlTemplate\":\"https:\\\/\\\/zapateneo.net\\\/wordpress\\\/?s={search_term_string}\"},\"query-input\":{\"@type\":\"PropertyValueSpecification\",\"valueRequired\":true,\"valueName\":\"search_term_string\"}}],\"inLanguage\":\"es\"},{\"@type\":\"Organization\",\"@id\":\"https:\\\/\\\/zapateneo.net\\\/wordpress\\\/#organization\",\"name\":\"Zapateneo Kultur Elkartea\",\"url\":\"https:\\\/\\\/zapateneo.net\\\/wordpress\\\/\",\"logo\":{\"@type\":\"ImageObject\",\"inLanguage\":\"es\",\"@id\":\"https:\\\/\\\/zapateneo.net\\\/wordpress\\\/#\\\/schema\\\/logo\\\/image\\\/\",\"url\":\"https:\\\/\\\/zapateneo.net\\\/wordpress\\\/wp-content\\\/uploads\\\/2021\\\/04\\\/zap-libu-kolec.jpg\",\"contentUrl\":\"https:\\\/\\\/zapateneo.net\\\/wordpress\\\/wp-content\\\/uploads\\\/2021\\\/04\\\/zap-libu-kolec.jpg\",\"width\":2234,\"height\":398,\"caption\":\"Zapateneo Kultur Elkartea\"},\"image\":{\"@id\":\"https:\\\/\\\/zapateneo.net\\\/wordpress\\\/#\\\/schema\\\/logo\\\/image\\\/\"},\"sameAs\":[\"https:\\\/\\\/x.com\\\/zapateneo\"]}]}<\/script>\n<!-- \/ Yoast SEO plugin. -->","yoast_head_json":{"title":"Tratado del saber vivir para uso de la j\u00f3venes generaciones &#8212; Zapateneo","robots":{"index":"index","follow":"follow","max-snippet":"max-snippet:-1","max-image-preview":"max-image-preview:large","max-video-preview":"max-video-preview:-1"},"canonical":"https:\/\/zapateneo.net\/wordpress\/index.php\/producto\/tratado-del-saber-vivir-para-uso-de-la-jovenes-generaciones\/","og_locale":"es_ES","og_type":"article","og_title":"Tratado del saber vivir para uso de la j\u00f3venes generaciones &#8212; Zapateneo","og_description":"Raoul Vaneigem 9788485209538 - Irrecuperables - 2023 - 326 p\u00e1ginas \/orri.","og_url":"https:\/\/zapateneo.net\/wordpress\/index.php\/producto\/tratado-del-saber-vivir-para-uso-de-la-jovenes-generaciones\/","og_site_name":"Zapateneo","article_modified_time":"2024-02-11T18:08:34+00:00","twitter_card":"summary_large_image","twitter_site":"@zapateneo","twitter_misc":{"Tiempo de lectura":"3 minutos"},"schema":{"@context":"https:\/\/schema.org","@graph":[{"@type":"WebPage","@id":"https:\/\/zapateneo.net\/wordpress\/index.php\/producto\/tratado-del-saber-vivir-para-uso-de-la-jovenes-generaciones\/","url":"https:\/\/zapateneo.net\/wordpress\/index.php\/producto\/tratado-del-saber-vivir-para-uso-de-la-jovenes-generaciones\/","name":"Tratado del saber vivir para uso de la j\u00f3venes generaciones &#8212; Zapateneo","isPartOf":{"@id":"https:\/\/zapateneo.net\/wordpress\/#website"},"primaryImageOfPage":{"@id":"https:\/\/zapateneo.net\/wordpress\/index.php\/producto\/tratado-del-saber-vivir-para-uso-de-la-jovenes-generaciones\/#primaryimage"},"image":{"@id":"https:\/\/zapateneo.net\/wordpress\/index.php\/producto\/tratado-del-saber-vivir-para-uso-de-la-jovenes-generaciones\/#primaryimage"},"thumbnailUrl":"https:\/\/zapateneo.net\/wordpress\/wp-content\/uploads\/2024\/02\/tratado-del-saber-vivir-para-uso-de-la-jovenes-generaciones-9788485209538.png","datePublished":"2024-02-11T18:08:19+00:00","dateModified":"2024-02-11T18:08:34+00:00","breadcrumb":{"@id":"https:\/\/zapateneo.net\/wordpress\/index.php\/producto\/tratado-del-saber-vivir-para-uso-de-la-jovenes-generaciones\/#breadcrumb"},"inLanguage":"es","potentialAction":[{"@type":"ReadAction","target":["https:\/\/zapateneo.net\/wordpress\/index.php\/producto\/tratado-del-saber-vivir-para-uso-de-la-jovenes-generaciones\/"]}]},{"@type":"ImageObject","inLanguage":"es","@id":"https:\/\/zapateneo.net\/wordpress\/index.php\/producto\/tratado-del-saber-vivir-para-uso-de-la-jovenes-generaciones\/#primaryimage","url":"https:\/\/zapateneo.net\/wordpress\/wp-content\/uploads\/2024\/02\/tratado-del-saber-vivir-para-uso-de-la-jovenes-generaciones-9788485209538.png","contentUrl":"https:\/\/zapateneo.net\/wordpress\/wp-content\/uploads\/2024\/02\/tratado-del-saber-vivir-para-uso-de-la-jovenes-generaciones-9788485209538.png","width":286,"height":400},{"@type":"BreadcrumbList","@id":"https:\/\/zapateneo.net\/wordpress\/index.php\/producto\/tratado-del-saber-vivir-para-uso-de-la-jovenes-generaciones\/#breadcrumb","itemListElement":[{"@type":"ListItem","position":1,"name":"Portada","item":"https:\/\/zapateneo.net\/wordpress\/"},{"@type":"ListItem","position":2,"name":"Tienda","item":"https:\/\/zapateneo.net\/wordpress\/"},{"@type":"ListItem","position":3,"name":"Tratado del saber vivir para uso de la j\u00f3venes generaciones"}]},{"@type":"WebSite","@id":"https:\/\/zapateneo.net\/wordpress\/#website","url":"https:\/\/zapateneo.net\/wordpress\/","name":"Zapateneo","description":"Zapateneoaren webgunea","publisher":{"@id":"https:\/\/zapateneo.net\/wordpress\/#organization"},"potentialAction":[{"@type":"SearchAction","target":{"@type":"EntryPoint","urlTemplate":"https:\/\/zapateneo.net\/wordpress\/?s={search_term_string}"},"query-input":{"@type":"PropertyValueSpecification","valueRequired":true,"valueName":"search_term_string"}}],"inLanguage":"es"},{"@type":"Organization","@id":"https:\/\/zapateneo.net\/wordpress\/#organization","name":"Zapateneo Kultur Elkartea","url":"https:\/\/zapateneo.net\/wordpress\/","logo":{"@type":"ImageObject","inLanguage":"es","@id":"https:\/\/zapateneo.net\/wordpress\/#\/schema\/logo\/image\/","url":"https:\/\/zapateneo.net\/wordpress\/wp-content\/uploads\/2021\/04\/zap-libu-kolec.jpg","contentUrl":"https:\/\/zapateneo.net\/wordpress\/wp-content\/uploads\/2021\/04\/zap-libu-kolec.jpg","width":2234,"height":398,"caption":"Zapateneo Kultur Elkartea"},"image":{"@id":"https:\/\/zapateneo.net\/wordpress\/#\/schema\/logo\/image\/"},"sameAs":["https:\/\/x.com\/zapateneo"]}]}},"_links":{"self":[{"href":"https:\/\/zapateneo.net\/wordpress\/index.php\/wp-json\/wp\/v2\/product\/15134","targetHints":{"allow":["GET"]}}],"collection":[{"href":"https:\/\/zapateneo.net\/wordpress\/index.php\/wp-json\/wp\/v2\/product"}],"about":[{"href":"https:\/\/zapateneo.net\/wordpress\/index.php\/wp-json\/wp\/v2\/types\/product"}],"wp:featuredmedia":[{"embeddable":true,"href":"https:\/\/zapateneo.net\/wordpress\/index.php\/wp-json\/wp\/v2\/media\/15152"}],"wp:attachment":[{"href":"https:\/\/zapateneo.net\/wordpress\/index.php\/wp-json\/wp\/v2\/media?parent=15134"}],"wp:term":[{"taxonomy":"product_brand","embeddable":true,"href":"https:\/\/zapateneo.net\/wordpress\/index.php\/wp-json\/wp\/v2\/product_brand?post=15134"},{"taxonomy":"product_cat","embeddable":true,"href":"https:\/\/zapateneo.net\/wordpress\/index.php\/wp-json\/wp\/v2\/product_cat?post=15134"},{"taxonomy":"product_tag","embeddable":true,"href":"https:\/\/zapateneo.net\/wordpress\/index.php\/wp-json\/wp\/v2\/product_tag?post=15134"}],"curies":[{"name":"wp","href":"https:\/\/api.w.org\/{rel}","templated":true}]}}