{"id":15133,"date":"2024-02-11T19:08:18","date_gmt":"2024-02-11T18:08:18","guid":{"rendered":"https:\/\/zapateneo.net\/wordpress\/?post_type=product&#038;p=15133"},"modified":"2024-02-11T19:08:33","modified_gmt":"2024-02-11T18:08:33","slug":"la-resistencia-civil-palestina-a-la-ocupacion-sionista-1917-2023","status":"publish","type":"product","link":"https:\/\/zapateneo.net\/wordpress\/index.php\/producto\/la-resistencia-civil-palestina-a-la-ocupacion-sionista-1917-2023\/","title":{"rendered":"La resistencia civil palestina a la ocupaci\u00f3n sionista (1917-2023)"},"content":{"rendered":"<p>Este libro es un manual para entender el conflicto palestino-israel\u00ed, principalmente en sus claves hist\u00f3ricas pero tambi\u00e9n en sus claves sociol\u00f3gicas, geopol\u00edticas y, por su puesto, humanitarias. Tras un prefacio en el que se cuentan las circunstancias en las que hace unos a\u00f1os se escribi\u00f3 el texto y unos necesarios mapas para ubicar geogr\u00e1ficamente la zona, se presenta una introducci\u00f3n que avanza buena parte del contexto hist\u00f3rico y que ayuda a resolver muchas de las dudas m\u00e1s comunes sobre el conflicto.<\/p>\n<p>Luego el grueso del libro va desgranando cada una de las etapas transcurridas en la zona, siempre haciendo hincapi\u00e9 en las diferentes formas de resistencia noviolenta palestina, hasta llegar al Genocidio de Gaza en 2023. Se a\u00f1ade un cap\u00edtulo sobre derechos humanos previo al conflicto, y varios anexos: uno con una cronolog\u00eda, otro con un glosario y finalmente otro sobre las claves geopol\u00edticas del \u00faltimo a\u00f1o, que enmarcan el ataque de Israel a Gaza como el culmen de un proceso de apropiaci\u00f3n que se produce en un momento determinado.<\/p>\n","protected":false},"excerpt":{"rendered":"<p><strong>Jes\u00fas Casta\u00f1ar P\u00e9rez<\/strong><br \/>\n9788412799811 &#8211; Revolussia &#8211; 2023 &#8211; 214 p\u00e1ginas \/orri.<\/p>\n","protected":false},"featured_media":15151,"template":"","meta":[],"product_brand":[],"product_cat":[179,16],"product_tag":[6896,451],"class_list":{"0":"post-15133","1":"product","2":"type-product","3":"status-publish","4":"has-post-thumbnail","6":"product_cat-internazionalismoa-internacionalismo","7":"product_cat-libros","8":"product_tag-jesus-castanar-perez","9":"product_tag-revolussia","11":"first","12":"instock","13":"sold-individually","14":"shipping-taxable","15":"purchasable","16":"product-type-simple"},"yoast_head":"<!-- This site is optimized with the Yoast SEO plugin v27.3 - https:\/\/yoast.com\/product\/yoast-seo-wordpress\/ -->\n<title>La resistencia civil palestina a la ocupaci\u00f3n sionista (1917-2023) &#8212; Zapateneo<\/title>\n<meta name=\"robots\" content=\"index, follow, max-snippet:-1, max-image-preview:large, max-video-preview:-1\" \/>\n<link rel=\"canonical\" href=\"https:\/\/zapateneo.net\/wordpress\/index.php\/producto\/la-resistencia-civil-palestina-a-la-ocupacion-sionista-1917-2023\/\" \/>\n<meta property=\"og:locale\" content=\"es_ES\" \/>\n<meta property=\"og:type\" content=\"article\" \/>\n<meta property=\"og:title\" content=\"La resistencia civil palestina a la ocupaci\u00f3n sionista (1917-2023) &#8212; Zapateneo\" \/>\n<meta property=\"og:description\" content=\"Jes\u00fas Casta\u00f1ar P\u00e9rez 9788412799811 - Revolussia - 2023 - 214 p\u00e1ginas \/orri.\" \/>\n<meta property=\"og:url\" content=\"https:\/\/zapateneo.net\/wordpress\/index.php\/producto\/la-resistencia-civil-palestina-a-la-ocupacion-sionista-1917-2023\/\" \/>\n<meta property=\"og:site_name\" content=\"Zapateneo\" \/>\n<meta property=\"article:modified_time\" content=\"2024-02-11T18:08:33+00:00\" \/>\n<meta name=\"twitter:card\" content=\"summary_large_image\" \/>\n<meta name=\"twitter:site\" content=\"@zapateneo\" \/>\n<meta name=\"twitter:label1\" content=\"Tiempo de lectura\" \/>\n\t<meta name=\"twitter:data1\" content=\"1 minuto\" \/>\n<script type=\"application\/ld+json\" class=\"yoast-schema-graph\">{\"@context\":\"https:\\\/\\\/schema.org\",\"@graph\":[{\"@type\":\"WebPage\",\"@id\":\"https:\\\/\\\/zapateneo.net\\\/wordpress\\\/index.php\\\/producto\\\/la-resistencia-civil-palestina-a-la-ocupacion-sionista-1917-2023\\\/\",\"url\":\"https:\\\/\\\/zapateneo.net\\\/wordpress\\\/index.php\\\/producto\\\/la-resistencia-civil-palestina-a-la-ocupacion-sionista-1917-2023\\\/\",\"name\":\"La resistencia civil palestina a la ocupaci\u00f3n sionista (1917-2023) &#8212; Zapateneo\",\"isPartOf\":{\"@id\":\"https:\\\/\\\/zapateneo.net\\\/wordpress\\\/#website\"},\"primaryImageOfPage\":{\"@id\":\"https:\\\/\\\/zapateneo.net\\\/wordpress\\\/index.php\\\/producto\\\/la-resistencia-civil-palestina-a-la-ocupacion-sionista-1917-2023\\\/#primaryimage\"},\"image\":{\"@id\":\"https:\\\/\\\/zapateneo.net\\\/wordpress\\\/index.php\\\/producto\\\/la-resistencia-civil-palestina-a-la-ocupacion-sionista-1917-2023\\\/#primaryimage\"},\"thumbnailUrl\":\"https:\\\/\\\/zapateneo.net\\\/wordpress\\\/wp-content\\\/uploads\\\/2024\\\/02\\\/la-resistencia-civil-palestina-a-la-ocupacion-sionista-9788412799811.jpg\",\"datePublished\":\"2024-02-11T18:08:18+00:00\",\"dateModified\":\"2024-02-11T18:08:33+00:00\",\"breadcrumb\":{\"@id\":\"https:\\\/\\\/zapateneo.net\\\/wordpress\\\/index.php\\\/producto\\\/la-resistencia-civil-palestina-a-la-ocupacion-sionista-1917-2023\\\/#breadcrumb\"},\"inLanguage\":\"es\",\"potentialAction\":[{\"@type\":\"ReadAction\",\"target\":[\"https:\\\/\\\/zapateneo.net\\\/wordpress\\\/index.php\\\/producto\\\/la-resistencia-civil-palestina-a-la-ocupacion-sionista-1917-2023\\\/\"]}]},{\"@type\":\"ImageObject\",\"inLanguage\":\"es\",\"@id\":\"https:\\\/\\\/zapateneo.net\\\/wordpress\\\/index.php\\\/producto\\\/la-resistencia-civil-palestina-a-la-ocupacion-sionista-1917-2023\\\/#primaryimage\",\"url\":\"https:\\\/\\\/zapateneo.net\\\/wordpress\\\/wp-content\\\/uploads\\\/2024\\\/02\\\/la-resistencia-civil-palestina-a-la-ocupacion-sionista-9788412799811.jpg\",\"contentUrl\":\"https:\\\/\\\/zapateneo.net\\\/wordpress\\\/wp-content\\\/uploads\\\/2024\\\/02\\\/la-resistencia-civil-palestina-a-la-ocupacion-sionista-9788412799811.jpg\",\"width\":294,\"height\":400},{\"@type\":\"BreadcrumbList\",\"@id\":\"https:\\\/\\\/zapateneo.net\\\/wordpress\\\/index.php\\\/producto\\\/la-resistencia-civil-palestina-a-la-ocupacion-sionista-1917-2023\\\/#breadcrumb\",\"itemListElement\":[{\"@type\":\"ListItem\",\"position\":1,\"name\":\"Portada\",\"item\":\"https:\\\/\\\/zapateneo.net\\\/wordpress\\\/\"},{\"@type\":\"ListItem\",\"position\":2,\"name\":\"Tienda\",\"item\":\"https:\\\/\\\/zapateneo.net\\\/wordpress\\\/\"},{\"@type\":\"ListItem\",\"position\":3,\"name\":\"La resistencia civil palestina a la ocupaci\u00f3n sionista (1917-2023)\"}]},{\"@type\":\"WebSite\",\"@id\":\"https:\\\/\\\/zapateneo.net\\\/wordpress\\\/#website\",\"url\":\"https:\\\/\\\/zapateneo.net\\\/wordpress\\\/\",\"name\":\"Zapateneo\",\"description\":\"Zapateneoaren webgunea\",\"publisher\":{\"@id\":\"https:\\\/\\\/zapateneo.net\\\/wordpress\\\/#organization\"},\"potentialAction\":[{\"@type\":\"SearchAction\",\"target\":{\"@type\":\"EntryPoint\",\"urlTemplate\":\"https:\\\/\\\/zapateneo.net\\\/wordpress\\\/?s={search_term_string}\"},\"query-input\":{\"@type\":\"PropertyValueSpecification\",\"valueRequired\":true,\"valueName\":\"search_term_string\"}}],\"inLanguage\":\"es\"},{\"@type\":\"Organization\",\"@id\":\"https:\\\/\\\/zapateneo.net\\\/wordpress\\\/#organization\",\"name\":\"Zapateneo Kultur Elkartea\",\"url\":\"https:\\\/\\\/zapateneo.net\\\/wordpress\\\/\",\"logo\":{\"@type\":\"ImageObject\",\"inLanguage\":\"es\",\"@id\":\"https:\\\/\\\/zapateneo.net\\\/wordpress\\\/#\\\/schema\\\/logo\\\/image\\\/\",\"url\":\"https:\\\/\\\/zapateneo.net\\\/wordpress\\\/wp-content\\\/uploads\\\/2021\\\/04\\\/zap-libu-kolec.jpg\",\"contentUrl\":\"https:\\\/\\\/zapateneo.net\\\/wordpress\\\/wp-content\\\/uploads\\\/2021\\\/04\\\/zap-libu-kolec.jpg\",\"width\":2234,\"height\":398,\"caption\":\"Zapateneo Kultur Elkartea\"},\"image\":{\"@id\":\"https:\\\/\\\/zapateneo.net\\\/wordpress\\\/#\\\/schema\\\/logo\\\/image\\\/\"},\"sameAs\":[\"https:\\\/\\\/x.com\\\/zapateneo\"]}]}<\/script>\n<!-- \/ Yoast SEO plugin. -->","yoast_head_json":{"title":"La resistencia civil palestina a la ocupaci\u00f3n sionista (1917-2023) &#8212; Zapateneo","robots":{"index":"index","follow":"follow","max-snippet":"max-snippet:-1","max-image-preview":"max-image-preview:large","max-video-preview":"max-video-preview:-1"},"canonical":"https:\/\/zapateneo.net\/wordpress\/index.php\/producto\/la-resistencia-civil-palestina-a-la-ocupacion-sionista-1917-2023\/","og_locale":"es_ES","og_type":"article","og_title":"La resistencia civil palestina a la ocupaci\u00f3n sionista (1917-2023) &#8212; Zapateneo","og_description":"Jes\u00fas Casta\u00f1ar P\u00e9rez 9788412799811 - Revolussia - 2023 - 214 p\u00e1ginas \/orri.","og_url":"https:\/\/zapateneo.net\/wordpress\/index.php\/producto\/la-resistencia-civil-palestina-a-la-ocupacion-sionista-1917-2023\/","og_site_name":"Zapateneo","article_modified_time":"2024-02-11T18:08:33+00:00","twitter_card":"summary_large_image","twitter_site":"@zapateneo","twitter_misc":{"Tiempo de lectura":"1 minuto"},"schema":{"@context":"https:\/\/schema.org","@graph":[{"@type":"WebPage","@id":"https:\/\/zapateneo.net\/wordpress\/index.php\/producto\/la-resistencia-civil-palestina-a-la-ocupacion-sionista-1917-2023\/","url":"https:\/\/zapateneo.net\/wordpress\/index.php\/producto\/la-resistencia-civil-palestina-a-la-ocupacion-sionista-1917-2023\/","name":"La resistencia civil palestina a la ocupaci\u00f3n sionista (1917-2023) &#8212; Zapateneo","isPartOf":{"@id":"https:\/\/zapateneo.net\/wordpress\/#website"},"primaryImageOfPage":{"@id":"https:\/\/zapateneo.net\/wordpress\/index.php\/producto\/la-resistencia-civil-palestina-a-la-ocupacion-sionista-1917-2023\/#primaryimage"},"image":{"@id":"https:\/\/zapateneo.net\/wordpress\/index.php\/producto\/la-resistencia-civil-palestina-a-la-ocupacion-sionista-1917-2023\/#primaryimage"},"thumbnailUrl":"https:\/\/zapateneo.net\/wordpress\/wp-content\/uploads\/2024\/02\/la-resistencia-civil-palestina-a-la-ocupacion-sionista-9788412799811.jpg","datePublished":"2024-02-11T18:08:18+00:00","dateModified":"2024-02-11T18:08:33+00:00","breadcrumb":{"@id":"https:\/\/zapateneo.net\/wordpress\/index.php\/producto\/la-resistencia-civil-palestina-a-la-ocupacion-sionista-1917-2023\/#breadcrumb"},"inLanguage":"es","potentialAction":[{"@type":"ReadAction","target":["https:\/\/zapateneo.net\/wordpress\/index.php\/producto\/la-resistencia-civil-palestina-a-la-ocupacion-sionista-1917-2023\/"]}]},{"@type":"ImageObject","inLanguage":"es","@id":"https:\/\/zapateneo.net\/wordpress\/index.php\/producto\/la-resistencia-civil-palestina-a-la-ocupacion-sionista-1917-2023\/#primaryimage","url":"https:\/\/zapateneo.net\/wordpress\/wp-content\/uploads\/2024\/02\/la-resistencia-civil-palestina-a-la-ocupacion-sionista-9788412799811.jpg","contentUrl":"https:\/\/zapateneo.net\/wordpress\/wp-content\/uploads\/2024\/02\/la-resistencia-civil-palestina-a-la-ocupacion-sionista-9788412799811.jpg","width":294,"height":400},{"@type":"BreadcrumbList","@id":"https:\/\/zapateneo.net\/wordpress\/index.php\/producto\/la-resistencia-civil-palestina-a-la-ocupacion-sionista-1917-2023\/#breadcrumb","itemListElement":[{"@type":"ListItem","position":1,"name":"Portada","item":"https:\/\/zapateneo.net\/wordpress\/"},{"@type":"ListItem","position":2,"name":"Tienda","item":"https:\/\/zapateneo.net\/wordpress\/"},{"@type":"ListItem","position":3,"name":"La resistencia civil palestina a la ocupaci\u00f3n sionista (1917-2023)"}]},{"@type":"WebSite","@id":"https:\/\/zapateneo.net\/wordpress\/#website","url":"https:\/\/zapateneo.net\/wordpress\/","name":"Zapateneo","description":"Zapateneoaren webgunea","publisher":{"@id":"https:\/\/zapateneo.net\/wordpress\/#organization"},"potentialAction":[{"@type":"SearchAction","target":{"@type":"EntryPoint","urlTemplate":"https:\/\/zapateneo.net\/wordpress\/?s={search_term_string}"},"query-input":{"@type":"PropertyValueSpecification","valueRequired":true,"valueName":"search_term_string"}}],"inLanguage":"es"},{"@type":"Organization","@id":"https:\/\/zapateneo.net\/wordpress\/#organization","name":"Zapateneo Kultur Elkartea","url":"https:\/\/zapateneo.net\/wordpress\/","logo":{"@type":"ImageObject","inLanguage":"es","@id":"https:\/\/zapateneo.net\/wordpress\/#\/schema\/logo\/image\/","url":"https:\/\/zapateneo.net\/wordpress\/wp-content\/uploads\/2021\/04\/zap-libu-kolec.jpg","contentUrl":"https:\/\/zapateneo.net\/wordpress\/wp-content\/uploads\/2021\/04\/zap-libu-kolec.jpg","width":2234,"height":398,"caption":"Zapateneo Kultur Elkartea"},"image":{"@id":"https:\/\/zapateneo.net\/wordpress\/#\/schema\/logo\/image\/"},"sameAs":["https:\/\/x.com\/zapateneo"]}]}},"_links":{"self":[{"href":"https:\/\/zapateneo.net\/wordpress\/index.php\/wp-json\/wp\/v2\/product\/15133","targetHints":{"allow":["GET"]}}],"collection":[{"href":"https:\/\/zapateneo.net\/wordpress\/index.php\/wp-json\/wp\/v2\/product"}],"about":[{"href":"https:\/\/zapateneo.net\/wordpress\/index.php\/wp-json\/wp\/v2\/types\/product"}],"wp:featuredmedia":[{"embeddable":true,"href":"https:\/\/zapateneo.net\/wordpress\/index.php\/wp-json\/wp\/v2\/media\/15151"}],"wp:attachment":[{"href":"https:\/\/zapateneo.net\/wordpress\/index.php\/wp-json\/wp\/v2\/media?parent=15133"}],"wp:term":[{"taxonomy":"product_brand","embeddable":true,"href":"https:\/\/zapateneo.net\/wordpress\/index.php\/wp-json\/wp\/v2\/product_brand?post=15133"},{"taxonomy":"product_cat","embeddable":true,"href":"https:\/\/zapateneo.net\/wordpress\/index.php\/wp-json\/wp\/v2\/product_cat?post=15133"},{"taxonomy":"product_tag","embeddable":true,"href":"https:\/\/zapateneo.net\/wordpress\/index.php\/wp-json\/wp\/v2\/product_tag?post=15133"}],"curies":[{"name":"wp","href":"https:\/\/api.w.org\/{rel}","templated":true}]}}