{"id":15129,"date":"2024-02-11T19:08:17","date_gmt":"2024-02-11T18:08:17","guid":{"rendered":"https:\/\/zapateneo.net\/wordpress\/?post_type=product&#038;p=15129"},"modified":"2024-02-11T19:08:29","modified_gmt":"2024-02-11T18:08:29","slug":"aprendizaje-basado-en-proyectos-un-aprendizaje-basura-para-el-proletariado","status":"publish","type":"product","link":"https:\/\/zapateneo.net\/wordpress\/index.php\/producto\/aprendizaje-basado-en-proyectos-un-aprendizaje-basura-para-el-proletariado\/","title":{"rendered":"Aprendizaje basado en proyectos Un aprendizaje basura para el proletariado"},"content":{"rendered":"<p>La en\u00e9sima revoluci\u00f3n educativa tiene como fin la producci\u00f3n del ciudadano emprendedor que, voluntariamente, se someta a las exigencias del mercado neoliberal; ese hombre del siglo XXI que entiende su vida como un proyecto de inversi\u00f3n que reformula y precariza a demanda de la econom\u00eda. Aniquilada la ciudadan\u00eda en favor del emprendimiento, la escuela ha de ser reconvertida en un mero mecanismo de inserci\u00f3n laboral donde el \u00absaber\u00bb como fin en s\u00ed mismo carece de sentido. Pero la reconversi\u00f3n de la instituci\u00f3n escolar en una f\u00e1brica de formaci\u00f3n basura no puede realizarse a la luz del d\u00eda. Semejante destrucci\u00f3n cultural requiere la introducci\u00f3n de discursos y metodolog\u00edas que, con un lenguaje biensonante, se presentan como necesarios y urgentes.<\/p>\n<p>Este es el motivo de la implantaci\u00f3n masiva del Aprendizaje Basado en Proyectos y su promoci\u00f3n como la panacea definitiva para los males ancestrales de la escuela. Es el caballo de Troya que posibilita la rendici\u00f3n definitiva de la escuela al capital bajo el camuflaje de una pr\u00e1ctica democr\u00e1tica y modernizadora. Es la gran mentira de nuestra realidad educativa.<\/p>\n<p>Olga Garc\u00eda Fern\u00e1ndez es licenciada en Filosof\u00eda por la Universidad Complutense de Madrid. Profesora de Ense\u00f1anza Secundaria desde 2006, es coautora de Escuela o Barbarie. Entre el neoliberalismo salvaje y el delirio de la izquierda (Akal, 2017), La escuela vaciada: la ense\u00f1anza en la \u00e9poca pospand\u00e9mica (2020) y La educaci\u00f3n cancelada (2022). Es codirectora, junto a Enrique Galindo Ferr\u00e1ndez, de la colecci\u00f3n de Educaci\u00f3n de Ediciones Akal.<\/p>\n<p>Enrique Galindo Ferr\u00e1ndez es licenciado en Filosof\u00eda por la Universidad Complutense de Madrid. Profesor de Ense\u00f1anza Secundaria desde 2004, es coautor de Escuela o Barbarie. Entre el neoliberalismo salvaje y el delirio de la izquierda (Akal, 2017), La escuela vaciada: la ense\u00f1anza en la \u00e9poca pospand\u00e9mica (2020) y La educaci\u00f3n cancelada (2022). Es codirector, junto a Olga Garc\u00eda Fern\u00e1ndez, de la colecci\u00f3n de Educaci\u00f3n de Ediciones Akal.<\/p>\n","protected":false},"excerpt":{"rendered":"<p><strong>Olga Garc\u00eda Fern\u00e1ndez, Enrique Galindo Ferr\u00e1ndez<\/strong><br \/>\n9788446054801 &#8211; AKAL &#8211; 2024 &#8211; 192 p\u00e1ginas \/orri.<\/p>\n","protected":false},"featured_media":15147,"template":"","meta":[],"product_brand":[],"product_cat":[186,16],"product_tag":[437,6894,6893],"class_list":{"0":"post-15129","1":"product","2":"type-product","3":"status-publish","4":"has-post-thumbnail","6":"product_cat-hezkuntza-educacion","7":"product_cat-libros","8":"product_tag-akal","9":"product_tag-enrique-galindo-ferrandez","10":"product_tag-olga-garcia-fernandez","12":"first","13":"onbackorder","14":"sold-individually","15":"shipping-taxable","16":"purchasable","17":"product-type-simple"},"yoast_head":"<!-- This site is optimized with the Yoast SEO plugin v27.3 - https:\/\/yoast.com\/product\/yoast-seo-wordpress\/ -->\n<title>Aprendizaje basado en proyectos Un aprendizaje basura para el proletariado &#8212; Zapateneo<\/title>\n<meta name=\"robots\" content=\"index, follow, max-snippet:-1, max-image-preview:large, max-video-preview:-1\" \/>\n<link rel=\"canonical\" href=\"https:\/\/zapateneo.net\/wordpress\/index.php\/producto\/aprendizaje-basado-en-proyectos-un-aprendizaje-basura-para-el-proletariado\/\" \/>\n<meta property=\"og:locale\" content=\"es_ES\" \/>\n<meta property=\"og:type\" content=\"article\" \/>\n<meta property=\"og:title\" content=\"Aprendizaje basado en proyectos Un aprendizaje basura para el proletariado &#8212; Zapateneo\" \/>\n<meta property=\"og:description\" content=\"Olga Garc\u00eda Fern\u00e1ndez, Enrique Galindo Ferr\u00e1ndez 9788446054801 - AKAL - 2024 - 192 p\u00e1ginas \/orri.\" \/>\n<meta property=\"og:url\" content=\"https:\/\/zapateneo.net\/wordpress\/index.php\/producto\/aprendizaje-basado-en-proyectos-un-aprendizaje-basura-para-el-proletariado\/\" \/>\n<meta property=\"og:site_name\" content=\"Zapateneo\" \/>\n<meta property=\"article:modified_time\" content=\"2024-02-11T18:08:29+00:00\" \/>\n<meta name=\"twitter:card\" content=\"summary_large_image\" \/>\n<meta name=\"twitter:site\" content=\"@zapateneo\" \/>\n<meta name=\"twitter:label1\" content=\"Tiempo de lectura\" \/>\n\t<meta name=\"twitter:data1\" content=\"2 minutos\" \/>\n<script type=\"application\/ld+json\" class=\"yoast-schema-graph\">{\"@context\":\"https:\\\/\\\/schema.org\",\"@graph\":[{\"@type\":\"WebPage\",\"@id\":\"https:\\\/\\\/zapateneo.net\\\/wordpress\\\/index.php\\\/producto\\\/aprendizaje-basado-en-proyectos-un-aprendizaje-basura-para-el-proletariado\\\/\",\"url\":\"https:\\\/\\\/zapateneo.net\\\/wordpress\\\/index.php\\\/producto\\\/aprendizaje-basado-en-proyectos-un-aprendizaje-basura-para-el-proletariado\\\/\",\"name\":\"Aprendizaje basado en proyectos Un aprendizaje basura para el proletariado &#8212; Zapateneo\",\"isPartOf\":{\"@id\":\"https:\\\/\\\/zapateneo.net\\\/wordpress\\\/#website\"},\"primaryImageOfPage\":{\"@id\":\"https:\\\/\\\/zapateneo.net\\\/wordpress\\\/index.php\\\/producto\\\/aprendizaje-basado-en-proyectos-un-aprendizaje-basura-para-el-proletariado\\\/#primaryimage\"},\"image\":{\"@id\":\"https:\\\/\\\/zapateneo.net\\\/wordpress\\\/index.php\\\/producto\\\/aprendizaje-basado-en-proyectos-un-aprendizaje-basura-para-el-proletariado\\\/#primaryimage\"},\"thumbnailUrl\":\"https:\\\/\\\/zapateneo.net\\\/wordpress\\\/wp-content\\\/uploads\\\/2024\\\/02\\\/aprendizaje-basado-en-proyectos-9788446054801.jpg\",\"datePublished\":\"2024-02-11T18:08:17+00:00\",\"dateModified\":\"2024-02-11T18:08:29+00:00\",\"breadcrumb\":{\"@id\":\"https:\\\/\\\/zapateneo.net\\\/wordpress\\\/index.php\\\/producto\\\/aprendizaje-basado-en-proyectos-un-aprendizaje-basura-para-el-proletariado\\\/#breadcrumb\"},\"inLanguage\":\"es\",\"potentialAction\":[{\"@type\":\"ReadAction\",\"target\":[\"https:\\\/\\\/zapateneo.net\\\/wordpress\\\/index.php\\\/producto\\\/aprendizaje-basado-en-proyectos-un-aprendizaje-basura-para-el-proletariado\\\/\"]}]},{\"@type\":\"ImageObject\",\"inLanguage\":\"es\",\"@id\":\"https:\\\/\\\/zapateneo.net\\\/wordpress\\\/index.php\\\/producto\\\/aprendizaje-basado-en-proyectos-un-aprendizaje-basura-para-el-proletariado\\\/#primaryimage\",\"url\":\"https:\\\/\\\/zapateneo.net\\\/wordpress\\\/wp-content\\\/uploads\\\/2024\\\/02\\\/aprendizaje-basado-en-proyectos-9788446054801.jpg\",\"contentUrl\":\"https:\\\/\\\/zapateneo.net\\\/wordpress\\\/wp-content\\\/uploads\\\/2024\\\/02\\\/aprendizaje-basado-en-proyectos-9788446054801.jpg\",\"width\":258,\"height\":400},{\"@type\":\"BreadcrumbList\",\"@id\":\"https:\\\/\\\/zapateneo.net\\\/wordpress\\\/index.php\\\/producto\\\/aprendizaje-basado-en-proyectos-un-aprendizaje-basura-para-el-proletariado\\\/#breadcrumb\",\"itemListElement\":[{\"@type\":\"ListItem\",\"position\":1,\"name\":\"Portada\",\"item\":\"https:\\\/\\\/zapateneo.net\\\/wordpress\\\/\"},{\"@type\":\"ListItem\",\"position\":2,\"name\":\"Tienda\",\"item\":\"https:\\\/\\\/zapateneo.net\\\/wordpress\\\/\"},{\"@type\":\"ListItem\",\"position\":3,\"name\":\"Aprendizaje basado en proyectos Un aprendizaje basura para el proletariado\"}]},{\"@type\":\"WebSite\",\"@id\":\"https:\\\/\\\/zapateneo.net\\\/wordpress\\\/#website\",\"url\":\"https:\\\/\\\/zapateneo.net\\\/wordpress\\\/\",\"name\":\"Zapateneo\",\"description\":\"Zapateneoaren webgunea\",\"publisher\":{\"@id\":\"https:\\\/\\\/zapateneo.net\\\/wordpress\\\/#organization\"},\"potentialAction\":[{\"@type\":\"SearchAction\",\"target\":{\"@type\":\"EntryPoint\",\"urlTemplate\":\"https:\\\/\\\/zapateneo.net\\\/wordpress\\\/?s={search_term_string}\"},\"query-input\":{\"@type\":\"PropertyValueSpecification\",\"valueRequired\":true,\"valueName\":\"search_term_string\"}}],\"inLanguage\":\"es\"},{\"@type\":\"Organization\",\"@id\":\"https:\\\/\\\/zapateneo.net\\\/wordpress\\\/#organization\",\"name\":\"Zapateneo Kultur Elkartea\",\"url\":\"https:\\\/\\\/zapateneo.net\\\/wordpress\\\/\",\"logo\":{\"@type\":\"ImageObject\",\"inLanguage\":\"es\",\"@id\":\"https:\\\/\\\/zapateneo.net\\\/wordpress\\\/#\\\/schema\\\/logo\\\/image\\\/\",\"url\":\"https:\\\/\\\/zapateneo.net\\\/wordpress\\\/wp-content\\\/uploads\\\/2021\\\/04\\\/zap-libu-kolec.jpg\",\"contentUrl\":\"https:\\\/\\\/zapateneo.net\\\/wordpress\\\/wp-content\\\/uploads\\\/2021\\\/04\\\/zap-libu-kolec.jpg\",\"width\":2234,\"height\":398,\"caption\":\"Zapateneo Kultur Elkartea\"},\"image\":{\"@id\":\"https:\\\/\\\/zapateneo.net\\\/wordpress\\\/#\\\/schema\\\/logo\\\/image\\\/\"},\"sameAs\":[\"https:\\\/\\\/x.com\\\/zapateneo\"]}]}<\/script>\n<!-- \/ Yoast SEO plugin. -->","yoast_head_json":{"title":"Aprendizaje basado en proyectos Un aprendizaje basura para el proletariado &#8212; Zapateneo","robots":{"index":"index","follow":"follow","max-snippet":"max-snippet:-1","max-image-preview":"max-image-preview:large","max-video-preview":"max-video-preview:-1"},"canonical":"https:\/\/zapateneo.net\/wordpress\/index.php\/producto\/aprendizaje-basado-en-proyectos-un-aprendizaje-basura-para-el-proletariado\/","og_locale":"es_ES","og_type":"article","og_title":"Aprendizaje basado en proyectos Un aprendizaje basura para el proletariado &#8212; Zapateneo","og_description":"Olga Garc\u00eda Fern\u00e1ndez, Enrique Galindo Ferr\u00e1ndez 9788446054801 - AKAL - 2024 - 192 p\u00e1ginas \/orri.","og_url":"https:\/\/zapateneo.net\/wordpress\/index.php\/producto\/aprendizaje-basado-en-proyectos-un-aprendizaje-basura-para-el-proletariado\/","og_site_name":"Zapateneo","article_modified_time":"2024-02-11T18:08:29+00:00","twitter_card":"summary_large_image","twitter_site":"@zapateneo","twitter_misc":{"Tiempo de lectura":"2 minutos"},"schema":{"@context":"https:\/\/schema.org","@graph":[{"@type":"WebPage","@id":"https:\/\/zapateneo.net\/wordpress\/index.php\/producto\/aprendizaje-basado-en-proyectos-un-aprendizaje-basura-para-el-proletariado\/","url":"https:\/\/zapateneo.net\/wordpress\/index.php\/producto\/aprendizaje-basado-en-proyectos-un-aprendizaje-basura-para-el-proletariado\/","name":"Aprendizaje basado en proyectos Un aprendizaje basura para el proletariado &#8212; Zapateneo","isPartOf":{"@id":"https:\/\/zapateneo.net\/wordpress\/#website"},"primaryImageOfPage":{"@id":"https:\/\/zapateneo.net\/wordpress\/index.php\/producto\/aprendizaje-basado-en-proyectos-un-aprendizaje-basura-para-el-proletariado\/#primaryimage"},"image":{"@id":"https:\/\/zapateneo.net\/wordpress\/index.php\/producto\/aprendizaje-basado-en-proyectos-un-aprendizaje-basura-para-el-proletariado\/#primaryimage"},"thumbnailUrl":"https:\/\/zapateneo.net\/wordpress\/wp-content\/uploads\/2024\/02\/aprendizaje-basado-en-proyectos-9788446054801.jpg","datePublished":"2024-02-11T18:08:17+00:00","dateModified":"2024-02-11T18:08:29+00:00","breadcrumb":{"@id":"https:\/\/zapateneo.net\/wordpress\/index.php\/producto\/aprendizaje-basado-en-proyectos-un-aprendizaje-basura-para-el-proletariado\/#breadcrumb"},"inLanguage":"es","potentialAction":[{"@type":"ReadAction","target":["https:\/\/zapateneo.net\/wordpress\/index.php\/producto\/aprendizaje-basado-en-proyectos-un-aprendizaje-basura-para-el-proletariado\/"]}]},{"@type":"ImageObject","inLanguage":"es","@id":"https:\/\/zapateneo.net\/wordpress\/index.php\/producto\/aprendizaje-basado-en-proyectos-un-aprendizaje-basura-para-el-proletariado\/#primaryimage","url":"https:\/\/zapateneo.net\/wordpress\/wp-content\/uploads\/2024\/02\/aprendizaje-basado-en-proyectos-9788446054801.jpg","contentUrl":"https:\/\/zapateneo.net\/wordpress\/wp-content\/uploads\/2024\/02\/aprendizaje-basado-en-proyectos-9788446054801.jpg","width":258,"height":400},{"@type":"BreadcrumbList","@id":"https:\/\/zapateneo.net\/wordpress\/index.php\/producto\/aprendizaje-basado-en-proyectos-un-aprendizaje-basura-para-el-proletariado\/#breadcrumb","itemListElement":[{"@type":"ListItem","position":1,"name":"Portada","item":"https:\/\/zapateneo.net\/wordpress\/"},{"@type":"ListItem","position":2,"name":"Tienda","item":"https:\/\/zapateneo.net\/wordpress\/"},{"@type":"ListItem","position":3,"name":"Aprendizaje basado en proyectos Un aprendizaje basura para el proletariado"}]},{"@type":"WebSite","@id":"https:\/\/zapateneo.net\/wordpress\/#website","url":"https:\/\/zapateneo.net\/wordpress\/","name":"Zapateneo","description":"Zapateneoaren webgunea","publisher":{"@id":"https:\/\/zapateneo.net\/wordpress\/#organization"},"potentialAction":[{"@type":"SearchAction","target":{"@type":"EntryPoint","urlTemplate":"https:\/\/zapateneo.net\/wordpress\/?s={search_term_string}"},"query-input":{"@type":"PropertyValueSpecification","valueRequired":true,"valueName":"search_term_string"}}],"inLanguage":"es"},{"@type":"Organization","@id":"https:\/\/zapateneo.net\/wordpress\/#organization","name":"Zapateneo Kultur Elkartea","url":"https:\/\/zapateneo.net\/wordpress\/","logo":{"@type":"ImageObject","inLanguage":"es","@id":"https:\/\/zapateneo.net\/wordpress\/#\/schema\/logo\/image\/","url":"https:\/\/zapateneo.net\/wordpress\/wp-content\/uploads\/2021\/04\/zap-libu-kolec.jpg","contentUrl":"https:\/\/zapateneo.net\/wordpress\/wp-content\/uploads\/2021\/04\/zap-libu-kolec.jpg","width":2234,"height":398,"caption":"Zapateneo Kultur Elkartea"},"image":{"@id":"https:\/\/zapateneo.net\/wordpress\/#\/schema\/logo\/image\/"},"sameAs":["https:\/\/x.com\/zapateneo"]}]}},"_links":{"self":[{"href":"https:\/\/zapateneo.net\/wordpress\/index.php\/wp-json\/wp\/v2\/product\/15129","targetHints":{"allow":["GET"]}}],"collection":[{"href":"https:\/\/zapateneo.net\/wordpress\/index.php\/wp-json\/wp\/v2\/product"}],"about":[{"href":"https:\/\/zapateneo.net\/wordpress\/index.php\/wp-json\/wp\/v2\/types\/product"}],"wp:featuredmedia":[{"embeddable":true,"href":"https:\/\/zapateneo.net\/wordpress\/index.php\/wp-json\/wp\/v2\/media\/15147"}],"wp:attachment":[{"href":"https:\/\/zapateneo.net\/wordpress\/index.php\/wp-json\/wp\/v2\/media?parent=15129"}],"wp:term":[{"taxonomy":"product_brand","embeddable":true,"href":"https:\/\/zapateneo.net\/wordpress\/index.php\/wp-json\/wp\/v2\/product_brand?post=15129"},{"taxonomy":"product_cat","embeddable":true,"href":"https:\/\/zapateneo.net\/wordpress\/index.php\/wp-json\/wp\/v2\/product_cat?post=15129"},{"taxonomy":"product_tag","embeddable":true,"href":"https:\/\/zapateneo.net\/wordpress\/index.php\/wp-json\/wp\/v2\/product_tag?post=15129"}],"curies":[{"name":"wp","href":"https:\/\/api.w.org\/{rel}","templated":true}]}}