{"id":15106,"date":"2023-12-26T18:31:17","date_gmt":"2023-12-26T17:31:17","guid":{"rendered":"https:\/\/zapateneo.net\/wordpress\/?post_type=product&#038;p=15106"},"modified":"2023-12-26T18:31:24","modified_gmt":"2023-12-26T17:31:24","slug":"la-revolucion-neolitica-origenes-del-estado-el-patriarcado-y-la-desigualdad-social","status":"publish","type":"product","link":"https:\/\/zapateneo.net\/wordpress\/index.php\/producto\/la-revolucion-neolitica-origenes-del-estado-el-patriarcado-y-la-desigualdad-social\/","title":{"rendered":"La Revoluci\u00f3n neol\u00edtica Or\u00edgenes del Estado, el patriarcado y la desigualdad social"},"content":{"rendered":"<p>Este libro analiza el surgimiento de fen\u00f3menos como la agricultura, el dinero, la prostituci\u00f3n, la propiedad privada, los ej\u00e9rcitos, la escritura, las ciudades, los templos, la embarcaci\u00f3n a vela, el esclavismo, la ganader\u00eda, el patriarcado, la familia nuclear, el derecho, la rueda o el trabajo por cuenta ajena, configurando, siempre ante el advenimiento del Estado, una enmara\u00f1ada madeja de la que al tirar de cualquiera de sus hilos es entrevista la conexi\u00f3n de una serie de acontecimientos que transformaron radicalmente el destino del ser humano.<\/p>\n<p>Hacia el 3500 antes de nuestra era, aparecen los primeros signos de la formaci\u00f3n del Estado en el Creciente F\u00e9rtil; m\u00e1s concretamente, en Mesopotamia, nombre que significa \u00abentre r\u00edos\u00bb por referirse a una regi\u00f3n ubicada entre los r\u00edos Tigris, \u00c9ufrates, Gih\u00f3n y Pish\u00f3n que corresponde con el actual Iraq. El Estado, artefacto mort\u00edfero y subyugador de voluntades, fue ideado principalmente para la guerra y la recaudaci\u00f3n de impuestos, infundiendo el terror en los corazones de los primeros pobladores que, incapaces de ofrecer una resistencia consciente y organizada, presenciaron su aparici\u00f3n. Desde su origen, el Estado fue una asociaci\u00f3n inextricable entre el poder constituido y la casta sacerdotal, imbricados de tal forma que la poblaci\u00f3n subyugada no imagin\u00f3 siquiera una resistencia colectiva ante un matrimonio de conveniencia que se atribu\u00eda la gesti\u00f3n de las terror\u00edficas fuerzas sobrenaturales. Con su poder organizaba el trabajo, establec\u00eda el curso de la econom\u00eda y obligaba a tributar en favor de una \u00e9lite gracias a las primeras acumulaciones de bienes que reportaron la invenci\u00f3n de la agricultura y la ganader\u00eda. El nacimiento del Estado, asistido por un grup\u00fasculo de naturaleza belicosa e intenci\u00f3n expoliadora, supuso una verdadera involuci\u00f3n de las relaciones sociales y humanas, inaugurando una v\u00eda ulteriormente hegem\u00f3nica dentro del abanico de posibilidades con las que contaba el genio del homo sapiens. Aun imponi\u00e9ndose frecuentemente por la fuerza, la emergencia del Estado no fue un camino exclusivo en la historia naciente de los seres humanos, existiendo constancia de otras importantes formas de organizaci\u00f3n social sin evidencias arqueol\u00f3gicas de jerarqu\u00edas o templos, de mandos o guerras, basadas en la igualdad y la armon\u00eda de los pueblos con su entorno natural.<\/p>\n","protected":false},"excerpt":{"rendered":"<p><strong>libro<\/strong><br \/>\n9788494688645 &#8211; La rosa negra &#8211; 2018 &#8211; 140 p\u00e1ginas \/orri.<\/p>\n","protected":false},"featured_media":15114,"template":"","meta":[],"product_brand":[],"product_cat":[185,16],"product_tag":[2058,6885],"class_list":{"0":"post-15106","1":"product","2":"type-product","3":"status-publish","4":"has-post-thumbnail","6":"product_cat-historia","7":"product_cat-libros","8":"product_tag-la-rosa-negra","9":"product_tag-libro","11":"first","12":"instock","13":"sold-individually","14":"shipping-taxable","15":"purchasable","16":"product-type-simple"},"yoast_head":"<!-- This site is optimized with the Yoast SEO plugin v27.3 - https:\/\/yoast.com\/product\/yoast-seo-wordpress\/ -->\n<title>La Revoluci\u00f3n neol\u00edtica Or\u00edgenes del Estado, el patriarcado y la desigualdad social &#8212; Zapateneo<\/title>\n<meta name=\"robots\" content=\"index, follow, max-snippet:-1, max-image-preview:large, max-video-preview:-1\" \/>\n<link rel=\"canonical\" href=\"https:\/\/zapateneo.net\/wordpress\/index.php\/producto\/la-revolucion-neolitica-origenes-del-estado-el-patriarcado-y-la-desigualdad-social\/\" \/>\n<meta property=\"og:locale\" content=\"es_ES\" \/>\n<meta property=\"og:type\" content=\"article\" \/>\n<meta property=\"og:title\" content=\"La Revoluci\u00f3n neol\u00edtica Or\u00edgenes del Estado, el patriarcado y la desigualdad social &#8212; Zapateneo\" \/>\n<meta property=\"og:description\" content=\"libro 9788494688645 - La rosa negra - 2018 - 140 p\u00e1ginas \/orri.\" \/>\n<meta property=\"og:url\" content=\"https:\/\/zapateneo.net\/wordpress\/index.php\/producto\/la-revolucion-neolitica-origenes-del-estado-el-patriarcado-y-la-desigualdad-social\/\" \/>\n<meta property=\"og:site_name\" content=\"Zapateneo\" \/>\n<meta property=\"article:modified_time\" content=\"2023-12-26T17:31:24+00:00\" \/>\n<meta name=\"twitter:card\" content=\"summary_large_image\" \/>\n<meta name=\"twitter:site\" content=\"@zapateneo\" \/>\n<meta name=\"twitter:label1\" content=\"Tiempo de lectura\" \/>\n\t<meta name=\"twitter:data1\" content=\"2 minutos\" \/>\n<script type=\"application\/ld+json\" class=\"yoast-schema-graph\">{\"@context\":\"https:\\\/\\\/schema.org\",\"@graph\":[{\"@type\":\"WebPage\",\"@id\":\"https:\\\/\\\/zapateneo.net\\\/wordpress\\\/index.php\\\/producto\\\/la-revolucion-neolitica-origenes-del-estado-el-patriarcado-y-la-desigualdad-social\\\/\",\"url\":\"https:\\\/\\\/zapateneo.net\\\/wordpress\\\/index.php\\\/producto\\\/la-revolucion-neolitica-origenes-del-estado-el-patriarcado-y-la-desigualdad-social\\\/\",\"name\":\"La Revoluci\u00f3n neol\u00edtica Or\u00edgenes del Estado, el patriarcado y la desigualdad social &#8212; Zapateneo\",\"isPartOf\":{\"@id\":\"https:\\\/\\\/zapateneo.net\\\/wordpress\\\/#website\"},\"primaryImageOfPage\":{\"@id\":\"https:\\\/\\\/zapateneo.net\\\/wordpress\\\/index.php\\\/producto\\\/la-revolucion-neolitica-origenes-del-estado-el-patriarcado-y-la-desigualdad-social\\\/#primaryimage\"},\"image\":{\"@id\":\"https:\\\/\\\/zapateneo.net\\\/wordpress\\\/index.php\\\/producto\\\/la-revolucion-neolitica-origenes-del-estado-el-patriarcado-y-la-desigualdad-social\\\/#primaryimage\"},\"thumbnailUrl\":\"https:\\\/\\\/zapateneo.net\\\/wordpress\\\/wp-content\\\/uploads\\\/2023\\\/12\\\/images.jpeg\",\"datePublished\":\"2023-12-26T17:31:17+00:00\",\"dateModified\":\"2023-12-26T17:31:24+00:00\",\"breadcrumb\":{\"@id\":\"https:\\\/\\\/zapateneo.net\\\/wordpress\\\/index.php\\\/producto\\\/la-revolucion-neolitica-origenes-del-estado-el-patriarcado-y-la-desigualdad-social\\\/#breadcrumb\"},\"inLanguage\":\"es\",\"potentialAction\":[{\"@type\":\"ReadAction\",\"target\":[\"https:\\\/\\\/zapateneo.net\\\/wordpress\\\/index.php\\\/producto\\\/la-revolucion-neolitica-origenes-del-estado-el-patriarcado-y-la-desigualdad-social\\\/\"]}]},{\"@type\":\"ImageObject\",\"inLanguage\":\"es\",\"@id\":\"https:\\\/\\\/zapateneo.net\\\/wordpress\\\/index.php\\\/producto\\\/la-revolucion-neolitica-origenes-del-estado-el-patriarcado-y-la-desigualdad-social\\\/#primaryimage\",\"url\":\"https:\\\/\\\/zapateneo.net\\\/wordpress\\\/wp-content\\\/uploads\\\/2023\\\/12\\\/images.jpeg\",\"contentUrl\":\"https:\\\/\\\/zapateneo.net\\\/wordpress\\\/wp-content\\\/uploads\\\/2023\\\/12\\\/images.jpeg\",\"width\":225,\"height\":225},{\"@type\":\"BreadcrumbList\",\"@id\":\"https:\\\/\\\/zapateneo.net\\\/wordpress\\\/index.php\\\/producto\\\/la-revolucion-neolitica-origenes-del-estado-el-patriarcado-y-la-desigualdad-social\\\/#breadcrumb\",\"itemListElement\":[{\"@type\":\"ListItem\",\"position\":1,\"name\":\"Portada\",\"item\":\"https:\\\/\\\/zapateneo.net\\\/wordpress\\\/\"},{\"@type\":\"ListItem\",\"position\":2,\"name\":\"Tienda\",\"item\":\"https:\\\/\\\/zapateneo.net\\\/wordpress\\\/\"},{\"@type\":\"ListItem\",\"position\":3,\"name\":\"La Revoluci\u00f3n neol\u00edtica Or\u00edgenes del Estado, el patriarcado y la desigualdad social\"}]},{\"@type\":\"WebSite\",\"@id\":\"https:\\\/\\\/zapateneo.net\\\/wordpress\\\/#website\",\"url\":\"https:\\\/\\\/zapateneo.net\\\/wordpress\\\/\",\"name\":\"Zapateneo\",\"description\":\"Zapateneoaren webgunea\",\"publisher\":{\"@id\":\"https:\\\/\\\/zapateneo.net\\\/wordpress\\\/#organization\"},\"potentialAction\":[{\"@type\":\"SearchAction\",\"target\":{\"@type\":\"EntryPoint\",\"urlTemplate\":\"https:\\\/\\\/zapateneo.net\\\/wordpress\\\/?s={search_term_string}\"},\"query-input\":{\"@type\":\"PropertyValueSpecification\",\"valueRequired\":true,\"valueName\":\"search_term_string\"}}],\"inLanguage\":\"es\"},{\"@type\":\"Organization\",\"@id\":\"https:\\\/\\\/zapateneo.net\\\/wordpress\\\/#organization\",\"name\":\"Zapateneo Kultur Elkartea\",\"url\":\"https:\\\/\\\/zapateneo.net\\\/wordpress\\\/\",\"logo\":{\"@type\":\"ImageObject\",\"inLanguage\":\"es\",\"@id\":\"https:\\\/\\\/zapateneo.net\\\/wordpress\\\/#\\\/schema\\\/logo\\\/image\\\/\",\"url\":\"https:\\\/\\\/zapateneo.net\\\/wordpress\\\/wp-content\\\/uploads\\\/2021\\\/04\\\/zap-libu-kolec.jpg\",\"contentUrl\":\"https:\\\/\\\/zapateneo.net\\\/wordpress\\\/wp-content\\\/uploads\\\/2021\\\/04\\\/zap-libu-kolec.jpg\",\"width\":2234,\"height\":398,\"caption\":\"Zapateneo Kultur Elkartea\"},\"image\":{\"@id\":\"https:\\\/\\\/zapateneo.net\\\/wordpress\\\/#\\\/schema\\\/logo\\\/image\\\/\"},\"sameAs\":[\"https:\\\/\\\/x.com\\\/zapateneo\"]}]}<\/script>\n<!-- \/ Yoast SEO plugin. -->","yoast_head_json":{"title":"La Revoluci\u00f3n neol\u00edtica Or\u00edgenes del Estado, el patriarcado y la desigualdad social &#8212; Zapateneo","robots":{"index":"index","follow":"follow","max-snippet":"max-snippet:-1","max-image-preview":"max-image-preview:large","max-video-preview":"max-video-preview:-1"},"canonical":"https:\/\/zapateneo.net\/wordpress\/index.php\/producto\/la-revolucion-neolitica-origenes-del-estado-el-patriarcado-y-la-desigualdad-social\/","og_locale":"es_ES","og_type":"article","og_title":"La Revoluci\u00f3n neol\u00edtica Or\u00edgenes del Estado, el patriarcado y la desigualdad social &#8212; Zapateneo","og_description":"libro 9788494688645 - La rosa negra - 2018 - 140 p\u00e1ginas \/orri.","og_url":"https:\/\/zapateneo.net\/wordpress\/index.php\/producto\/la-revolucion-neolitica-origenes-del-estado-el-patriarcado-y-la-desigualdad-social\/","og_site_name":"Zapateneo","article_modified_time":"2023-12-26T17:31:24+00:00","twitter_card":"summary_large_image","twitter_site":"@zapateneo","twitter_misc":{"Tiempo de lectura":"2 minutos"},"schema":{"@context":"https:\/\/schema.org","@graph":[{"@type":"WebPage","@id":"https:\/\/zapateneo.net\/wordpress\/index.php\/producto\/la-revolucion-neolitica-origenes-del-estado-el-patriarcado-y-la-desigualdad-social\/","url":"https:\/\/zapateneo.net\/wordpress\/index.php\/producto\/la-revolucion-neolitica-origenes-del-estado-el-patriarcado-y-la-desigualdad-social\/","name":"La Revoluci\u00f3n neol\u00edtica Or\u00edgenes del Estado, el patriarcado y la desigualdad social &#8212; Zapateneo","isPartOf":{"@id":"https:\/\/zapateneo.net\/wordpress\/#website"},"primaryImageOfPage":{"@id":"https:\/\/zapateneo.net\/wordpress\/index.php\/producto\/la-revolucion-neolitica-origenes-del-estado-el-patriarcado-y-la-desigualdad-social\/#primaryimage"},"image":{"@id":"https:\/\/zapateneo.net\/wordpress\/index.php\/producto\/la-revolucion-neolitica-origenes-del-estado-el-patriarcado-y-la-desigualdad-social\/#primaryimage"},"thumbnailUrl":"https:\/\/zapateneo.net\/wordpress\/wp-content\/uploads\/2023\/12\/images.jpeg","datePublished":"2023-12-26T17:31:17+00:00","dateModified":"2023-12-26T17:31:24+00:00","breadcrumb":{"@id":"https:\/\/zapateneo.net\/wordpress\/index.php\/producto\/la-revolucion-neolitica-origenes-del-estado-el-patriarcado-y-la-desigualdad-social\/#breadcrumb"},"inLanguage":"es","potentialAction":[{"@type":"ReadAction","target":["https:\/\/zapateneo.net\/wordpress\/index.php\/producto\/la-revolucion-neolitica-origenes-del-estado-el-patriarcado-y-la-desigualdad-social\/"]}]},{"@type":"ImageObject","inLanguage":"es","@id":"https:\/\/zapateneo.net\/wordpress\/index.php\/producto\/la-revolucion-neolitica-origenes-del-estado-el-patriarcado-y-la-desigualdad-social\/#primaryimage","url":"https:\/\/zapateneo.net\/wordpress\/wp-content\/uploads\/2023\/12\/images.jpeg","contentUrl":"https:\/\/zapateneo.net\/wordpress\/wp-content\/uploads\/2023\/12\/images.jpeg","width":225,"height":225},{"@type":"BreadcrumbList","@id":"https:\/\/zapateneo.net\/wordpress\/index.php\/producto\/la-revolucion-neolitica-origenes-del-estado-el-patriarcado-y-la-desigualdad-social\/#breadcrumb","itemListElement":[{"@type":"ListItem","position":1,"name":"Portada","item":"https:\/\/zapateneo.net\/wordpress\/"},{"@type":"ListItem","position":2,"name":"Tienda","item":"https:\/\/zapateneo.net\/wordpress\/"},{"@type":"ListItem","position":3,"name":"La Revoluci\u00f3n neol\u00edtica Or\u00edgenes del Estado, el patriarcado y la desigualdad social"}]},{"@type":"WebSite","@id":"https:\/\/zapateneo.net\/wordpress\/#website","url":"https:\/\/zapateneo.net\/wordpress\/","name":"Zapateneo","description":"Zapateneoaren webgunea","publisher":{"@id":"https:\/\/zapateneo.net\/wordpress\/#organization"},"potentialAction":[{"@type":"SearchAction","target":{"@type":"EntryPoint","urlTemplate":"https:\/\/zapateneo.net\/wordpress\/?s={search_term_string}"},"query-input":{"@type":"PropertyValueSpecification","valueRequired":true,"valueName":"search_term_string"}}],"inLanguage":"es"},{"@type":"Organization","@id":"https:\/\/zapateneo.net\/wordpress\/#organization","name":"Zapateneo Kultur Elkartea","url":"https:\/\/zapateneo.net\/wordpress\/","logo":{"@type":"ImageObject","inLanguage":"es","@id":"https:\/\/zapateneo.net\/wordpress\/#\/schema\/logo\/image\/","url":"https:\/\/zapateneo.net\/wordpress\/wp-content\/uploads\/2021\/04\/zap-libu-kolec.jpg","contentUrl":"https:\/\/zapateneo.net\/wordpress\/wp-content\/uploads\/2021\/04\/zap-libu-kolec.jpg","width":2234,"height":398,"caption":"Zapateneo Kultur Elkartea"},"image":{"@id":"https:\/\/zapateneo.net\/wordpress\/#\/schema\/logo\/image\/"},"sameAs":["https:\/\/x.com\/zapateneo"]}]}},"_links":{"self":[{"href":"https:\/\/zapateneo.net\/wordpress\/index.php\/wp-json\/wp\/v2\/product\/15106","targetHints":{"allow":["GET"]}}],"collection":[{"href":"https:\/\/zapateneo.net\/wordpress\/index.php\/wp-json\/wp\/v2\/product"}],"about":[{"href":"https:\/\/zapateneo.net\/wordpress\/index.php\/wp-json\/wp\/v2\/types\/product"}],"wp:featuredmedia":[{"embeddable":true,"href":"https:\/\/zapateneo.net\/wordpress\/index.php\/wp-json\/wp\/v2\/media\/15114"}],"wp:attachment":[{"href":"https:\/\/zapateneo.net\/wordpress\/index.php\/wp-json\/wp\/v2\/media?parent=15106"}],"wp:term":[{"taxonomy":"product_brand","embeddable":true,"href":"https:\/\/zapateneo.net\/wordpress\/index.php\/wp-json\/wp\/v2\/product_brand?post=15106"},{"taxonomy":"product_cat","embeddable":true,"href":"https:\/\/zapateneo.net\/wordpress\/index.php\/wp-json\/wp\/v2\/product_cat?post=15106"},{"taxonomy":"product_tag","embeddable":true,"href":"https:\/\/zapateneo.net\/wordpress\/index.php\/wp-json\/wp\/v2\/product_tag?post=15106"}],"curies":[{"name":"wp","href":"https:\/\/api.w.org\/{rel}","templated":true}]}}