{"id":15105,"date":"2023-12-26T18:31:16","date_gmt":"2023-12-26T17:31:16","guid":{"rendered":"https:\/\/zapateneo.net\/wordpress\/?post_type=product&#038;p=15105"},"modified":"2023-12-26T18:31:23","modified_gmt":"2023-12-26T17:31:23","slug":"manchuria-la-revolucion-olvidada-tres-anos-de-comuna-libertaria-impulsada-por-el-anarquismo-corean","status":"publish","type":"product","link":"https:\/\/zapateneo.net\/wordpress\/index.php\/producto\/manchuria-la-revolucion-olvidada-tres-anos-de-comuna-libertaria-impulsada-por-el-anarquismo-corean\/","title":{"rendered":"Manchuria, la revoluci\u00f3n olvidada. Tres a\u00f1os de comuna libertaria impulsada por el anarquismo corean"},"content":{"rendered":"<p>Manchuria, amplia zona de monta\u00f1as, llanuras y humedales al noreste de Asia, ha sido siempre un territorio en disputa. Grandes potencias como Rusia, China o Jap\u00f3n han librado guerras y conflictos por su control. En medio de esas luchas, se llev\u00f3 a cabo una revoluci\u00f3n anarquista que figura entre las tres m\u00e1s importantes de la historia, junto con la de Espa\u00f1a en 1936 y Ucrania en 1918.<\/p>\n<p>A nivel de extensi\u00f3n, el territorio liberado represent\u00f3 una superf\u00edcie de unos 200.000 km2 (casi la mitad del actual territorio del Estado espa\u00f1ol), la poblaci\u00f3n implicada fue de entre dos y tres millones de personas y su duraci\u00f3n fue de 3 a\u00f1os.<\/p>\n<p>Esta obra es una primera aproximaci\u00f3n a esa experiencia y pretende rescatar la memoria y vivencias de la comuna libertaria que el anarquismo coreano impuls\u00f3 en Manchuria desde 1929 hasta 1932. Sus implementaciones pr\u00e1cticas y su resistencia contra los imperialismos japon\u00e9s y sovi\u00e9tico nos aportan, desde la distancia, importantes aprendizajes.<\/p>\n<p>Rescatemos del olvido la revoluci\u00f3n de Manchuria.<\/p>\n","protected":false},"excerpt":{"rendered":"<p><strong>Emilio Crisi<\/strong><br \/>\n9788418283611 &#8211; descontrol &#8211; 2023 &#8211; 151 p\u00e1ginas \/orri.<\/p>\n","protected":false},"featured_media":15113,"template":"","meta":[],"product_brand":[],"product_cat":[185,16],"product_tag":[53,6884],"class_list":{"0":"post-15105","1":"product","2":"type-product","3":"status-publish","4":"has-post-thumbnail","6":"product_cat-historia","7":"product_cat-libros","8":"product_tag-descontrol","9":"product_tag-emilio-crisi","11":"first","12":"instock","13":"sold-individually","14":"shipping-taxable","15":"purchasable","16":"product-type-simple"},"yoast_head":"<!-- This site is optimized with the Yoast SEO plugin v27.3 - https:\/\/yoast.com\/product\/yoast-seo-wordpress\/ -->\n<title>Manchuria, la revoluci\u00f3n olvidada. Tres a\u00f1os de comuna libertaria impulsada por el anarquismo corean &#8212; Zapateneo<\/title>\n<meta name=\"robots\" content=\"index, follow, max-snippet:-1, max-image-preview:large, max-video-preview:-1\" \/>\n<link rel=\"canonical\" href=\"https:\/\/zapateneo.net\/wordpress\/index.php\/producto\/manchuria-la-revolucion-olvidada-tres-anos-de-comuna-libertaria-impulsada-por-el-anarquismo-corean\/\" \/>\n<meta property=\"og:locale\" content=\"es_ES\" \/>\n<meta property=\"og:type\" content=\"article\" \/>\n<meta property=\"og:title\" content=\"Manchuria, la revoluci\u00f3n olvidada. Tres a\u00f1os de comuna libertaria impulsada por el anarquismo corean &#8212; Zapateneo\" \/>\n<meta property=\"og:description\" content=\"Emilio Crisi 9788418283611 - descontrol - 2023 - 151 p\u00e1ginas \/orri.\" \/>\n<meta property=\"og:url\" content=\"https:\/\/zapateneo.net\/wordpress\/index.php\/producto\/manchuria-la-revolucion-olvidada-tres-anos-de-comuna-libertaria-impulsada-por-el-anarquismo-corean\/\" \/>\n<meta property=\"og:site_name\" content=\"Zapateneo\" \/>\n<meta property=\"article:modified_time\" content=\"2023-12-26T17:31:23+00:00\" \/>\n<meta name=\"twitter:card\" content=\"summary_large_image\" \/>\n<meta name=\"twitter:site\" content=\"@zapateneo\" \/>\n<meta name=\"twitter:label1\" content=\"Tiempo de lectura\" \/>\n\t<meta name=\"twitter:data1\" content=\"1 minuto\" \/>\n<script type=\"application\/ld+json\" class=\"yoast-schema-graph\">{\"@context\":\"https:\\\/\\\/schema.org\",\"@graph\":[{\"@type\":\"WebPage\",\"@id\":\"https:\\\/\\\/zapateneo.net\\\/wordpress\\\/index.php\\\/producto\\\/manchuria-la-revolucion-olvidada-tres-anos-de-comuna-libertaria-impulsada-por-el-anarquismo-corean\\\/\",\"url\":\"https:\\\/\\\/zapateneo.net\\\/wordpress\\\/index.php\\\/producto\\\/manchuria-la-revolucion-olvidada-tres-anos-de-comuna-libertaria-impulsada-por-el-anarquismo-corean\\\/\",\"name\":\"Manchuria, la revoluci\u00f3n olvidada. Tres a\u00f1os de comuna libertaria impulsada por el anarquismo corean &#8212; Zapateneo\",\"isPartOf\":{\"@id\":\"https:\\\/\\\/zapateneo.net\\\/wordpress\\\/#website\"},\"primaryImageOfPage\":{\"@id\":\"https:\\\/\\\/zapateneo.net\\\/wordpress\\\/index.php\\\/producto\\\/manchuria-la-revolucion-olvidada-tres-anos-de-comuna-libertaria-impulsada-por-el-anarquismo-corean\\\/#primaryimage\"},\"image\":{\"@id\":\"https:\\\/\\\/zapateneo.net\\\/wordpress\\\/index.php\\\/producto\\\/manchuria-la-revolucion-olvidada-tres-anos-de-comuna-libertaria-impulsada-por-el-anarquismo-corean\\\/#primaryimage\"},\"thumbnailUrl\":\"https:\\\/\\\/zapateneo.net\\\/wordpress\\\/wp-content\\\/uploads\\\/2023\\\/12\\\/manchuria_portada-plana.jpg\",\"datePublished\":\"2023-12-26T17:31:16+00:00\",\"dateModified\":\"2023-12-26T17:31:23+00:00\",\"breadcrumb\":{\"@id\":\"https:\\\/\\\/zapateneo.net\\\/wordpress\\\/index.php\\\/producto\\\/manchuria-la-revolucion-olvidada-tres-anos-de-comuna-libertaria-impulsada-por-el-anarquismo-corean\\\/#breadcrumb\"},\"inLanguage\":\"es\",\"potentialAction\":[{\"@type\":\"ReadAction\",\"target\":[\"https:\\\/\\\/zapateneo.net\\\/wordpress\\\/index.php\\\/producto\\\/manchuria-la-revolucion-olvidada-tres-anos-de-comuna-libertaria-impulsada-por-el-anarquismo-corean\\\/\"]}]},{\"@type\":\"ImageObject\",\"inLanguage\":\"es\",\"@id\":\"https:\\\/\\\/zapateneo.net\\\/wordpress\\\/index.php\\\/producto\\\/manchuria-la-revolucion-olvidada-tres-anos-de-comuna-libertaria-impulsada-por-el-anarquismo-corean\\\/#primaryimage\",\"url\":\"https:\\\/\\\/zapateneo.net\\\/wordpress\\\/wp-content\\\/uploads\\\/2023\\\/12\\\/manchuria_portada-plana.jpg\",\"contentUrl\":\"https:\\\/\\\/zapateneo.net\\\/wordpress\\\/wp-content\\\/uploads\\\/2023\\\/12\\\/manchuria_portada-plana.jpg\",\"width\":269,\"height\":400},{\"@type\":\"BreadcrumbList\",\"@id\":\"https:\\\/\\\/zapateneo.net\\\/wordpress\\\/index.php\\\/producto\\\/manchuria-la-revolucion-olvidada-tres-anos-de-comuna-libertaria-impulsada-por-el-anarquismo-corean\\\/#breadcrumb\",\"itemListElement\":[{\"@type\":\"ListItem\",\"position\":1,\"name\":\"Portada\",\"item\":\"https:\\\/\\\/zapateneo.net\\\/wordpress\\\/\"},{\"@type\":\"ListItem\",\"position\":2,\"name\":\"Tienda\",\"item\":\"https:\\\/\\\/zapateneo.net\\\/wordpress\\\/\"},{\"@type\":\"ListItem\",\"position\":3,\"name\":\"Manchuria, la revoluci\u00f3n olvidada. Tres a\u00f1os de comuna libertaria impulsada por el anarquismo corean\"}]},{\"@type\":\"WebSite\",\"@id\":\"https:\\\/\\\/zapateneo.net\\\/wordpress\\\/#website\",\"url\":\"https:\\\/\\\/zapateneo.net\\\/wordpress\\\/\",\"name\":\"Zapateneo\",\"description\":\"Zapateneoaren webgunea\",\"publisher\":{\"@id\":\"https:\\\/\\\/zapateneo.net\\\/wordpress\\\/#organization\"},\"potentialAction\":[{\"@type\":\"SearchAction\",\"target\":{\"@type\":\"EntryPoint\",\"urlTemplate\":\"https:\\\/\\\/zapateneo.net\\\/wordpress\\\/?s={search_term_string}\"},\"query-input\":{\"@type\":\"PropertyValueSpecification\",\"valueRequired\":true,\"valueName\":\"search_term_string\"}}],\"inLanguage\":\"es\"},{\"@type\":\"Organization\",\"@id\":\"https:\\\/\\\/zapateneo.net\\\/wordpress\\\/#organization\",\"name\":\"Zapateneo Kultur Elkartea\",\"url\":\"https:\\\/\\\/zapateneo.net\\\/wordpress\\\/\",\"logo\":{\"@type\":\"ImageObject\",\"inLanguage\":\"es\",\"@id\":\"https:\\\/\\\/zapateneo.net\\\/wordpress\\\/#\\\/schema\\\/logo\\\/image\\\/\",\"url\":\"https:\\\/\\\/zapateneo.net\\\/wordpress\\\/wp-content\\\/uploads\\\/2021\\\/04\\\/zap-libu-kolec.jpg\",\"contentUrl\":\"https:\\\/\\\/zapateneo.net\\\/wordpress\\\/wp-content\\\/uploads\\\/2021\\\/04\\\/zap-libu-kolec.jpg\",\"width\":2234,\"height\":398,\"caption\":\"Zapateneo Kultur Elkartea\"},\"image\":{\"@id\":\"https:\\\/\\\/zapateneo.net\\\/wordpress\\\/#\\\/schema\\\/logo\\\/image\\\/\"},\"sameAs\":[\"https:\\\/\\\/x.com\\\/zapateneo\"]}]}<\/script>\n<!-- \/ Yoast SEO plugin. -->","yoast_head_json":{"title":"Manchuria, la revoluci\u00f3n olvidada. Tres a\u00f1os de comuna libertaria impulsada por el anarquismo corean &#8212; Zapateneo","robots":{"index":"index","follow":"follow","max-snippet":"max-snippet:-1","max-image-preview":"max-image-preview:large","max-video-preview":"max-video-preview:-1"},"canonical":"https:\/\/zapateneo.net\/wordpress\/index.php\/producto\/manchuria-la-revolucion-olvidada-tres-anos-de-comuna-libertaria-impulsada-por-el-anarquismo-corean\/","og_locale":"es_ES","og_type":"article","og_title":"Manchuria, la revoluci\u00f3n olvidada. Tres a\u00f1os de comuna libertaria impulsada por el anarquismo corean &#8212; Zapateneo","og_description":"Emilio Crisi 9788418283611 - descontrol - 2023 - 151 p\u00e1ginas \/orri.","og_url":"https:\/\/zapateneo.net\/wordpress\/index.php\/producto\/manchuria-la-revolucion-olvidada-tres-anos-de-comuna-libertaria-impulsada-por-el-anarquismo-corean\/","og_site_name":"Zapateneo","article_modified_time":"2023-12-26T17:31:23+00:00","twitter_card":"summary_large_image","twitter_site":"@zapateneo","twitter_misc":{"Tiempo de lectura":"1 minuto"},"schema":{"@context":"https:\/\/schema.org","@graph":[{"@type":"WebPage","@id":"https:\/\/zapateneo.net\/wordpress\/index.php\/producto\/manchuria-la-revolucion-olvidada-tres-anos-de-comuna-libertaria-impulsada-por-el-anarquismo-corean\/","url":"https:\/\/zapateneo.net\/wordpress\/index.php\/producto\/manchuria-la-revolucion-olvidada-tres-anos-de-comuna-libertaria-impulsada-por-el-anarquismo-corean\/","name":"Manchuria, la revoluci\u00f3n olvidada. Tres a\u00f1os de comuna libertaria impulsada por el anarquismo corean &#8212; Zapateneo","isPartOf":{"@id":"https:\/\/zapateneo.net\/wordpress\/#website"},"primaryImageOfPage":{"@id":"https:\/\/zapateneo.net\/wordpress\/index.php\/producto\/manchuria-la-revolucion-olvidada-tres-anos-de-comuna-libertaria-impulsada-por-el-anarquismo-corean\/#primaryimage"},"image":{"@id":"https:\/\/zapateneo.net\/wordpress\/index.php\/producto\/manchuria-la-revolucion-olvidada-tres-anos-de-comuna-libertaria-impulsada-por-el-anarquismo-corean\/#primaryimage"},"thumbnailUrl":"https:\/\/zapateneo.net\/wordpress\/wp-content\/uploads\/2023\/12\/manchuria_portada-plana.jpg","datePublished":"2023-12-26T17:31:16+00:00","dateModified":"2023-12-26T17:31:23+00:00","breadcrumb":{"@id":"https:\/\/zapateneo.net\/wordpress\/index.php\/producto\/manchuria-la-revolucion-olvidada-tres-anos-de-comuna-libertaria-impulsada-por-el-anarquismo-corean\/#breadcrumb"},"inLanguage":"es","potentialAction":[{"@type":"ReadAction","target":["https:\/\/zapateneo.net\/wordpress\/index.php\/producto\/manchuria-la-revolucion-olvidada-tres-anos-de-comuna-libertaria-impulsada-por-el-anarquismo-corean\/"]}]},{"@type":"ImageObject","inLanguage":"es","@id":"https:\/\/zapateneo.net\/wordpress\/index.php\/producto\/manchuria-la-revolucion-olvidada-tres-anos-de-comuna-libertaria-impulsada-por-el-anarquismo-corean\/#primaryimage","url":"https:\/\/zapateneo.net\/wordpress\/wp-content\/uploads\/2023\/12\/manchuria_portada-plana.jpg","contentUrl":"https:\/\/zapateneo.net\/wordpress\/wp-content\/uploads\/2023\/12\/manchuria_portada-plana.jpg","width":269,"height":400},{"@type":"BreadcrumbList","@id":"https:\/\/zapateneo.net\/wordpress\/index.php\/producto\/manchuria-la-revolucion-olvidada-tres-anos-de-comuna-libertaria-impulsada-por-el-anarquismo-corean\/#breadcrumb","itemListElement":[{"@type":"ListItem","position":1,"name":"Portada","item":"https:\/\/zapateneo.net\/wordpress\/"},{"@type":"ListItem","position":2,"name":"Tienda","item":"https:\/\/zapateneo.net\/wordpress\/"},{"@type":"ListItem","position":3,"name":"Manchuria, la revoluci\u00f3n olvidada. Tres a\u00f1os de comuna libertaria impulsada por el anarquismo corean"}]},{"@type":"WebSite","@id":"https:\/\/zapateneo.net\/wordpress\/#website","url":"https:\/\/zapateneo.net\/wordpress\/","name":"Zapateneo","description":"Zapateneoaren webgunea","publisher":{"@id":"https:\/\/zapateneo.net\/wordpress\/#organization"},"potentialAction":[{"@type":"SearchAction","target":{"@type":"EntryPoint","urlTemplate":"https:\/\/zapateneo.net\/wordpress\/?s={search_term_string}"},"query-input":{"@type":"PropertyValueSpecification","valueRequired":true,"valueName":"search_term_string"}}],"inLanguage":"es"},{"@type":"Organization","@id":"https:\/\/zapateneo.net\/wordpress\/#organization","name":"Zapateneo Kultur Elkartea","url":"https:\/\/zapateneo.net\/wordpress\/","logo":{"@type":"ImageObject","inLanguage":"es","@id":"https:\/\/zapateneo.net\/wordpress\/#\/schema\/logo\/image\/","url":"https:\/\/zapateneo.net\/wordpress\/wp-content\/uploads\/2021\/04\/zap-libu-kolec.jpg","contentUrl":"https:\/\/zapateneo.net\/wordpress\/wp-content\/uploads\/2021\/04\/zap-libu-kolec.jpg","width":2234,"height":398,"caption":"Zapateneo Kultur Elkartea"},"image":{"@id":"https:\/\/zapateneo.net\/wordpress\/#\/schema\/logo\/image\/"},"sameAs":["https:\/\/x.com\/zapateneo"]}]}},"_links":{"self":[{"href":"https:\/\/zapateneo.net\/wordpress\/index.php\/wp-json\/wp\/v2\/product\/15105","targetHints":{"allow":["GET"]}}],"collection":[{"href":"https:\/\/zapateneo.net\/wordpress\/index.php\/wp-json\/wp\/v2\/product"}],"about":[{"href":"https:\/\/zapateneo.net\/wordpress\/index.php\/wp-json\/wp\/v2\/types\/product"}],"wp:featuredmedia":[{"embeddable":true,"href":"https:\/\/zapateneo.net\/wordpress\/index.php\/wp-json\/wp\/v2\/media\/15113"}],"wp:attachment":[{"href":"https:\/\/zapateneo.net\/wordpress\/index.php\/wp-json\/wp\/v2\/media?parent=15105"}],"wp:term":[{"taxonomy":"product_brand","embeddable":true,"href":"https:\/\/zapateneo.net\/wordpress\/index.php\/wp-json\/wp\/v2\/product_brand?post=15105"},{"taxonomy":"product_cat","embeddable":true,"href":"https:\/\/zapateneo.net\/wordpress\/index.php\/wp-json\/wp\/v2\/product_cat?post=15105"},{"taxonomy":"product_tag","embeddable":true,"href":"https:\/\/zapateneo.net\/wordpress\/index.php\/wp-json\/wp\/v2\/product_tag?post=15105"}],"curies":[{"name":"wp","href":"https:\/\/api.w.org\/{rel}","templated":true}]}}