{"id":15047,"date":"2023-12-14T18:37:22","date_gmt":"2023-12-14T17:37:22","guid":{"rendered":"https:\/\/zapateneo.net\/wordpress\/?post_type=product&#038;p=15047"},"modified":"2023-12-14T18:37:35","modified_gmt":"2023-12-14T17:37:35","slug":"ruptura-y-reparacion-de-la-maquina-escritos-desde-un-cuerpo-lisiado","status":"publish","type":"product","link":"https:\/\/zapateneo.net\/wordpress\/index.php\/producto\/ruptura-y-reparacion-de-la-maquina-escritos-desde-un-cuerpo-lisiado\/","title":{"rendered":"RUPTURA Y REPARACI\u00d3N DE LA M\u00c1QUINA \u2013 Escritos desde un cuerpo lisiado"},"content":{"rendered":"<p>Los cuerpos discas como m\u00e1quinas rotas, como m\u00e1quinas que se rebelan contra el sistema productivo, unas m\u00e1quinas que se ponen en huelga y no quieren ni ser\u00e1n arregladas.<br \/>\nRuptura y separaci\u00f3n de la m\u00e1quina, escritos desde un cuerpo lisiado es una selecci\u00f3n de textos sobre los cuerpos discapacitados, sobre mi cuerpo lisiado, sobre la forma en la que los cuerpos se discapacitan, c\u00f3mo esto se fuis\u00f3n con lo queer y qu\u00e9 estrategias creamos para sobrevivir a ella desde la ternura radical.<\/p>\n","protected":false},"excerpt":{"rendered":"<p><strong>Itxi Guerra<\/strong><br \/>\n9788409539024 &#8211; Trinchera &#8211; 2023 &#8211; 128 p\u00e1ginas \/orri.<\/p>\n","protected":false},"featured_media":15069,"template":"","meta":[],"product_brand":[],"product_cat":[174,16],"product_tag":[5608,6863],"class_list":{"0":"post-15047","1":"product","2":"type-product","3":"status-publish","4":"has-post-thumbnail","6":"product_cat-generoak-generos","7":"product_cat-libros","8":"product_tag-itxi-guerra","9":"product_tag-trinchera","11":"first","12":"instock","13":"sold-individually","14":"shipping-taxable","15":"purchasable","16":"product-type-simple"},"yoast_head":"<!-- This site is optimized with the Yoast SEO plugin v27.3 - https:\/\/yoast.com\/product\/yoast-seo-wordpress\/ -->\n<title>RUPTURA Y REPARACI\u00d3N DE LA M\u00c1QUINA \u2013 Escritos desde un cuerpo lisiado &#8212; Zapateneo<\/title>\n<meta name=\"robots\" content=\"index, follow, max-snippet:-1, max-image-preview:large, max-video-preview:-1\" \/>\n<link rel=\"canonical\" href=\"https:\/\/zapateneo.net\/wordpress\/index.php\/producto\/ruptura-y-reparacion-de-la-maquina-escritos-desde-un-cuerpo-lisiado\/\" \/>\n<meta property=\"og:locale\" content=\"es_ES\" \/>\n<meta property=\"og:type\" content=\"article\" \/>\n<meta property=\"og:title\" content=\"RUPTURA Y REPARACI\u00d3N DE LA M\u00c1QUINA \u2013 Escritos desde un cuerpo lisiado &#8212; Zapateneo\" \/>\n<meta property=\"og:description\" content=\"Itxi Guerra 9788409539024 - Trinchera - 2023 - 128 p\u00e1ginas \/orri.\" \/>\n<meta property=\"og:url\" content=\"https:\/\/zapateneo.net\/wordpress\/index.php\/producto\/ruptura-y-reparacion-de-la-maquina-escritos-desde-un-cuerpo-lisiado\/\" \/>\n<meta property=\"og:site_name\" content=\"Zapateneo\" \/>\n<meta property=\"article:modified_time\" content=\"2023-12-14T17:37:35+00:00\" \/>\n<meta name=\"twitter:card\" content=\"summary_large_image\" \/>\n<meta name=\"twitter:site\" content=\"@zapateneo\" \/>\n<script type=\"application\/ld+json\" class=\"yoast-schema-graph\">{\"@context\":\"https:\\\/\\\/schema.org\",\"@graph\":[{\"@type\":\"WebPage\",\"@id\":\"https:\\\/\\\/zapateneo.net\\\/wordpress\\\/index.php\\\/producto\\\/ruptura-y-reparacion-de-la-maquina-escritos-desde-un-cuerpo-lisiado\\\/\",\"url\":\"https:\\\/\\\/zapateneo.net\\\/wordpress\\\/index.php\\\/producto\\\/ruptura-y-reparacion-de-la-maquina-escritos-desde-un-cuerpo-lisiado\\\/\",\"name\":\"RUPTURA Y REPARACI\u00d3N DE LA M\u00c1QUINA \u2013 Escritos desde un cuerpo lisiado &#8212; Zapateneo\",\"isPartOf\":{\"@id\":\"https:\\\/\\\/zapateneo.net\\\/wordpress\\\/#website\"},\"primaryImageOfPage\":{\"@id\":\"https:\\\/\\\/zapateneo.net\\\/wordpress\\\/index.php\\\/producto\\\/ruptura-y-reparacion-de-la-maquina-escritos-desde-un-cuerpo-lisiado\\\/#primaryimage\"},\"image\":{\"@id\":\"https:\\\/\\\/zapateneo.net\\\/wordpress\\\/index.php\\\/producto\\\/ruptura-y-reparacion-de-la-maquina-escritos-desde-un-cuerpo-lisiado\\\/#primaryimage\"},\"thumbnailUrl\":\"https:\\\/\\\/zapateneo.net\\\/wordpress\\\/wp-content\\\/uploads\\\/2023\\\/12\\\/img-20231115-wa0003-e1700069115692.jpg\",\"datePublished\":\"2023-12-14T17:37:22+00:00\",\"dateModified\":\"2023-12-14T17:37:35+00:00\",\"breadcrumb\":{\"@id\":\"https:\\\/\\\/zapateneo.net\\\/wordpress\\\/index.php\\\/producto\\\/ruptura-y-reparacion-de-la-maquina-escritos-desde-un-cuerpo-lisiado\\\/#breadcrumb\"},\"inLanguage\":\"es\",\"potentialAction\":[{\"@type\":\"ReadAction\",\"target\":[\"https:\\\/\\\/zapateneo.net\\\/wordpress\\\/index.php\\\/producto\\\/ruptura-y-reparacion-de-la-maquina-escritos-desde-un-cuerpo-lisiado\\\/\"]}]},{\"@type\":\"ImageObject\",\"inLanguage\":\"es\",\"@id\":\"https:\\\/\\\/zapateneo.net\\\/wordpress\\\/index.php\\\/producto\\\/ruptura-y-reparacion-de-la-maquina-escritos-desde-un-cuerpo-lisiado\\\/#primaryimage\",\"url\":\"https:\\\/\\\/zapateneo.net\\\/wordpress\\\/wp-content\\\/uploads\\\/2023\\\/12\\\/img-20231115-wa0003-e1700069115692.jpg\",\"contentUrl\":\"https:\\\/\\\/zapateneo.net\\\/wordpress\\\/wp-content\\\/uploads\\\/2023\\\/12\\\/img-20231115-wa0003-e1700069115692.jpg\",\"width\":151,\"height\":219},{\"@type\":\"BreadcrumbList\",\"@id\":\"https:\\\/\\\/zapateneo.net\\\/wordpress\\\/index.php\\\/producto\\\/ruptura-y-reparacion-de-la-maquina-escritos-desde-un-cuerpo-lisiado\\\/#breadcrumb\",\"itemListElement\":[{\"@type\":\"ListItem\",\"position\":1,\"name\":\"Portada\",\"item\":\"https:\\\/\\\/zapateneo.net\\\/wordpress\\\/\"},{\"@type\":\"ListItem\",\"position\":2,\"name\":\"Tienda\",\"item\":\"https:\\\/\\\/zapateneo.net\\\/wordpress\\\/\"},{\"@type\":\"ListItem\",\"position\":3,\"name\":\"RUPTURA Y REPARACI\u00d3N DE LA M\u00c1QUINA \u2013 Escritos desde un cuerpo lisiado\"}]},{\"@type\":\"WebSite\",\"@id\":\"https:\\\/\\\/zapateneo.net\\\/wordpress\\\/#website\",\"url\":\"https:\\\/\\\/zapateneo.net\\\/wordpress\\\/\",\"name\":\"Zapateneo\",\"description\":\"Zapateneoaren webgunea\",\"publisher\":{\"@id\":\"https:\\\/\\\/zapateneo.net\\\/wordpress\\\/#organization\"},\"potentialAction\":[{\"@type\":\"SearchAction\",\"target\":{\"@type\":\"EntryPoint\",\"urlTemplate\":\"https:\\\/\\\/zapateneo.net\\\/wordpress\\\/?s={search_term_string}\"},\"query-input\":{\"@type\":\"PropertyValueSpecification\",\"valueRequired\":true,\"valueName\":\"search_term_string\"}}],\"inLanguage\":\"es\"},{\"@type\":\"Organization\",\"@id\":\"https:\\\/\\\/zapateneo.net\\\/wordpress\\\/#organization\",\"name\":\"Zapateneo Kultur Elkartea\",\"url\":\"https:\\\/\\\/zapateneo.net\\\/wordpress\\\/\",\"logo\":{\"@type\":\"ImageObject\",\"inLanguage\":\"es\",\"@id\":\"https:\\\/\\\/zapateneo.net\\\/wordpress\\\/#\\\/schema\\\/logo\\\/image\\\/\",\"url\":\"https:\\\/\\\/zapateneo.net\\\/wordpress\\\/wp-content\\\/uploads\\\/2021\\\/04\\\/zap-libu-kolec.jpg\",\"contentUrl\":\"https:\\\/\\\/zapateneo.net\\\/wordpress\\\/wp-content\\\/uploads\\\/2021\\\/04\\\/zap-libu-kolec.jpg\",\"width\":2234,\"height\":398,\"caption\":\"Zapateneo Kultur Elkartea\"},\"image\":{\"@id\":\"https:\\\/\\\/zapateneo.net\\\/wordpress\\\/#\\\/schema\\\/logo\\\/image\\\/\"},\"sameAs\":[\"https:\\\/\\\/x.com\\\/zapateneo\"]}]}<\/script>\n<!-- \/ Yoast SEO plugin. -->","yoast_head_json":{"title":"RUPTURA Y REPARACI\u00d3N DE LA M\u00c1QUINA \u2013 Escritos desde un cuerpo lisiado &#8212; Zapateneo","robots":{"index":"index","follow":"follow","max-snippet":"max-snippet:-1","max-image-preview":"max-image-preview:large","max-video-preview":"max-video-preview:-1"},"canonical":"https:\/\/zapateneo.net\/wordpress\/index.php\/producto\/ruptura-y-reparacion-de-la-maquina-escritos-desde-un-cuerpo-lisiado\/","og_locale":"es_ES","og_type":"article","og_title":"RUPTURA Y REPARACI\u00d3N DE LA M\u00c1QUINA \u2013 Escritos desde un cuerpo lisiado &#8212; Zapateneo","og_description":"Itxi Guerra 9788409539024 - Trinchera - 2023 - 128 p\u00e1ginas \/orri.","og_url":"https:\/\/zapateneo.net\/wordpress\/index.php\/producto\/ruptura-y-reparacion-de-la-maquina-escritos-desde-un-cuerpo-lisiado\/","og_site_name":"Zapateneo","article_modified_time":"2023-12-14T17:37:35+00:00","twitter_card":"summary_large_image","twitter_site":"@zapateneo","schema":{"@context":"https:\/\/schema.org","@graph":[{"@type":"WebPage","@id":"https:\/\/zapateneo.net\/wordpress\/index.php\/producto\/ruptura-y-reparacion-de-la-maquina-escritos-desde-un-cuerpo-lisiado\/","url":"https:\/\/zapateneo.net\/wordpress\/index.php\/producto\/ruptura-y-reparacion-de-la-maquina-escritos-desde-un-cuerpo-lisiado\/","name":"RUPTURA Y REPARACI\u00d3N DE LA M\u00c1QUINA \u2013 Escritos desde un cuerpo lisiado &#8212; Zapateneo","isPartOf":{"@id":"https:\/\/zapateneo.net\/wordpress\/#website"},"primaryImageOfPage":{"@id":"https:\/\/zapateneo.net\/wordpress\/index.php\/producto\/ruptura-y-reparacion-de-la-maquina-escritos-desde-un-cuerpo-lisiado\/#primaryimage"},"image":{"@id":"https:\/\/zapateneo.net\/wordpress\/index.php\/producto\/ruptura-y-reparacion-de-la-maquina-escritos-desde-un-cuerpo-lisiado\/#primaryimage"},"thumbnailUrl":"https:\/\/zapateneo.net\/wordpress\/wp-content\/uploads\/2023\/12\/img-20231115-wa0003-e1700069115692.jpg","datePublished":"2023-12-14T17:37:22+00:00","dateModified":"2023-12-14T17:37:35+00:00","breadcrumb":{"@id":"https:\/\/zapateneo.net\/wordpress\/index.php\/producto\/ruptura-y-reparacion-de-la-maquina-escritos-desde-un-cuerpo-lisiado\/#breadcrumb"},"inLanguage":"es","potentialAction":[{"@type":"ReadAction","target":["https:\/\/zapateneo.net\/wordpress\/index.php\/producto\/ruptura-y-reparacion-de-la-maquina-escritos-desde-un-cuerpo-lisiado\/"]}]},{"@type":"ImageObject","inLanguage":"es","@id":"https:\/\/zapateneo.net\/wordpress\/index.php\/producto\/ruptura-y-reparacion-de-la-maquina-escritos-desde-un-cuerpo-lisiado\/#primaryimage","url":"https:\/\/zapateneo.net\/wordpress\/wp-content\/uploads\/2023\/12\/img-20231115-wa0003-e1700069115692.jpg","contentUrl":"https:\/\/zapateneo.net\/wordpress\/wp-content\/uploads\/2023\/12\/img-20231115-wa0003-e1700069115692.jpg","width":151,"height":219},{"@type":"BreadcrumbList","@id":"https:\/\/zapateneo.net\/wordpress\/index.php\/producto\/ruptura-y-reparacion-de-la-maquina-escritos-desde-un-cuerpo-lisiado\/#breadcrumb","itemListElement":[{"@type":"ListItem","position":1,"name":"Portada","item":"https:\/\/zapateneo.net\/wordpress\/"},{"@type":"ListItem","position":2,"name":"Tienda","item":"https:\/\/zapateneo.net\/wordpress\/"},{"@type":"ListItem","position":3,"name":"RUPTURA Y REPARACI\u00d3N DE LA M\u00c1QUINA \u2013 Escritos desde un cuerpo lisiado"}]},{"@type":"WebSite","@id":"https:\/\/zapateneo.net\/wordpress\/#website","url":"https:\/\/zapateneo.net\/wordpress\/","name":"Zapateneo","description":"Zapateneoaren webgunea","publisher":{"@id":"https:\/\/zapateneo.net\/wordpress\/#organization"},"potentialAction":[{"@type":"SearchAction","target":{"@type":"EntryPoint","urlTemplate":"https:\/\/zapateneo.net\/wordpress\/?s={search_term_string}"},"query-input":{"@type":"PropertyValueSpecification","valueRequired":true,"valueName":"search_term_string"}}],"inLanguage":"es"},{"@type":"Organization","@id":"https:\/\/zapateneo.net\/wordpress\/#organization","name":"Zapateneo Kultur Elkartea","url":"https:\/\/zapateneo.net\/wordpress\/","logo":{"@type":"ImageObject","inLanguage":"es","@id":"https:\/\/zapateneo.net\/wordpress\/#\/schema\/logo\/image\/","url":"https:\/\/zapateneo.net\/wordpress\/wp-content\/uploads\/2021\/04\/zap-libu-kolec.jpg","contentUrl":"https:\/\/zapateneo.net\/wordpress\/wp-content\/uploads\/2021\/04\/zap-libu-kolec.jpg","width":2234,"height":398,"caption":"Zapateneo Kultur Elkartea"},"image":{"@id":"https:\/\/zapateneo.net\/wordpress\/#\/schema\/logo\/image\/"},"sameAs":["https:\/\/x.com\/zapateneo"]}]}},"_links":{"self":[{"href":"https:\/\/zapateneo.net\/wordpress\/index.php\/wp-json\/wp\/v2\/product\/15047","targetHints":{"allow":["GET"]}}],"collection":[{"href":"https:\/\/zapateneo.net\/wordpress\/index.php\/wp-json\/wp\/v2\/product"}],"about":[{"href":"https:\/\/zapateneo.net\/wordpress\/index.php\/wp-json\/wp\/v2\/types\/product"}],"wp:featuredmedia":[{"embeddable":true,"href":"https:\/\/zapateneo.net\/wordpress\/index.php\/wp-json\/wp\/v2\/media\/15069"}],"wp:attachment":[{"href":"https:\/\/zapateneo.net\/wordpress\/index.php\/wp-json\/wp\/v2\/media?parent=15047"}],"wp:term":[{"taxonomy":"product_brand","embeddable":true,"href":"https:\/\/zapateneo.net\/wordpress\/index.php\/wp-json\/wp\/v2\/product_brand?post=15047"},{"taxonomy":"product_cat","embeddable":true,"href":"https:\/\/zapateneo.net\/wordpress\/index.php\/wp-json\/wp\/v2\/product_cat?post=15047"},{"taxonomy":"product_tag","embeddable":true,"href":"https:\/\/zapateneo.net\/wordpress\/index.php\/wp-json\/wp\/v2\/product_tag?post=15047"}],"curies":[{"name":"wp","href":"https:\/\/api.w.org\/{rel}","templated":true}]}}