{"id":15042,"date":"2023-12-14T18:37:20","date_gmt":"2023-12-14T17:37:20","guid":{"rendered":"https:\/\/zapateneo.net\/wordpress\/?post_type=product&#038;p=15042"},"modified":"2023-12-14T18:37:31","modified_gmt":"2023-12-14T17:37:31","slug":"protofeminismos-sexo-violencia-y-lenguaje-inapropiado-en-la-mitologia-grecolatina","status":"publish","type":"product","link":"https:\/\/zapateneo.net\/wordpress\/index.php\/producto\/protofeminismos-sexo-violencia-y-lenguaje-inapropiado-en-la-mitologia-grecolatina\/","title":{"rendered":"PROTOFEMINISMOS, SEXO, VIOLENCIA Y LENGUAJE INAPROPIADO EN LA MITOLOG\u00cdA GRECOLATINA"},"content":{"rendered":"<p>La mayor parte de los textos en este libro cuyo t\u00edtulo no s\u00f3lo es un disparate (el feminismo no existe en el mundo antiguo y punto&#8230;), sino una provocaci\u00f3n (pero sin el estudio de obras como Medea de Eur\u00edpides no podr\u00eda haber arribado a las conclusiones y desarrollos posteriores, por ejemplo, para realizar las cr\u00edticas al mundo moderno contempor\u00e1neo que en la actualidad me encuentran) tal vez no correspondan a mis marcos te\u00f3ricos, mis paradigmas epist\u00e9micos, mis formas de pensar y vivir actuales, no obstante, gracias al conocimiento de la literatura cl\u00e1sica, se me hizo palpable la contingencia del mundo y la historia, donde el fin del heterocapitalismo no s\u00f3lo es posible, sino ineluctable. Ni la literatura latina ni la griega les pertenecen a las rancias elites en cuyas manos se encuentran hoy. El lat\u00edn y el griego son para todo el mundo, detr\u00e1s de las historias no ense\u00f1adas en los claustros acad\u00e9micos, se encuentran tanto las mujeres escitas como una relectura insoslayable de figuras como Cassandra, Ant\u00edgona, Andr\u00f3maca o Pen\u00e9lope que nos permite entender que tal vez no todo tiempo pasado fue mejor, pero que la creencia de que hoy estamos mejor que antes es una mentira que se sostiene en los mitos de la modernidad (avance, ciencia, progreso, capitalismo) para perpetuar el exterminio lato sensu.<\/p>\n","protected":false},"excerpt":{"rendered":"<p><strong>ILVESTRI, LEONOR<\/strong><br \/>\n978988889689 &#8211; Queen Ludd &#8211; 2023 &#8211; 278 p\u00e1ginas \/orri.<\/p>\n","protected":false},"featured_media":15064,"template":"","meta":[],"product_brand":[],"product_cat":[174,16],"product_tag":[6859,6860,4426],"class_list":{"0":"post-15042","1":"product","2":"type-product","3":"status-publish","4":"has-post-thumbnail","6":"product_cat-generoak-generos","7":"product_cat-libros","8":"product_tag-ilvestri","9":"product_tag-leonor","10":"product_tag-queen-ludd","12":"first","13":"instock","14":"sold-individually","15":"shipping-taxable","16":"purchasable","17":"product-type-simple"},"yoast_head":"<!-- This site is optimized with the Yoast SEO plugin v27.3 - https:\/\/yoast.com\/product\/yoast-seo-wordpress\/ -->\n<title>PROTOFEMINISMOS, SEXO, VIOLENCIA Y LENGUAJE INAPROPIADO EN LA MITOLOG\u00cdA GRECOLATINA &#8212; Zapateneo<\/title>\n<meta name=\"robots\" content=\"index, follow, max-snippet:-1, max-image-preview:large, max-video-preview:-1\" \/>\n<link rel=\"canonical\" href=\"https:\/\/zapateneo.net\/wordpress\/index.php\/producto\/protofeminismos-sexo-violencia-y-lenguaje-inapropiado-en-la-mitologia-grecolatina\/\" \/>\n<meta property=\"og:locale\" content=\"es_ES\" \/>\n<meta property=\"og:type\" content=\"article\" \/>\n<meta property=\"og:title\" content=\"PROTOFEMINISMOS, SEXO, VIOLENCIA Y LENGUAJE INAPROPIADO EN LA MITOLOG\u00cdA GRECOLATINA &#8212; Zapateneo\" \/>\n<meta property=\"og:description\" content=\"ILVESTRI, LEONOR 978988889689 - Queen Ludd - 2023 - 278 p\u00e1ginas \/orri.\" \/>\n<meta property=\"og:url\" content=\"https:\/\/zapateneo.net\/wordpress\/index.php\/producto\/protofeminismos-sexo-violencia-y-lenguaje-inapropiado-en-la-mitologia-grecolatina\/\" \/>\n<meta property=\"og:site_name\" content=\"Zapateneo\" \/>\n<meta property=\"article:modified_time\" content=\"2023-12-14T17:37:31+00:00\" \/>\n<meta name=\"twitter:card\" content=\"summary_large_image\" \/>\n<meta name=\"twitter:site\" content=\"@zapateneo\" \/>\n<meta name=\"twitter:label1\" content=\"Tiempo de lectura\" \/>\n\t<meta name=\"twitter:data1\" content=\"1 minuto\" \/>\n<script type=\"application\/ld+json\" class=\"yoast-schema-graph\">{\"@context\":\"https:\\\/\\\/schema.org\",\"@graph\":[{\"@type\":\"WebPage\",\"@id\":\"https:\\\/\\\/zapateneo.net\\\/wordpress\\\/index.php\\\/producto\\\/protofeminismos-sexo-violencia-y-lenguaje-inapropiado-en-la-mitologia-grecolatina\\\/\",\"url\":\"https:\\\/\\\/zapateneo.net\\\/wordpress\\\/index.php\\\/producto\\\/protofeminismos-sexo-violencia-y-lenguaje-inapropiado-en-la-mitologia-grecolatina\\\/\",\"name\":\"PROTOFEMINISMOS, SEXO, VIOLENCIA Y LENGUAJE INAPROPIADO EN LA MITOLOG\u00cdA GRECOLATINA &#8212; Zapateneo\",\"isPartOf\":{\"@id\":\"https:\\\/\\\/zapateneo.net\\\/wordpress\\\/#website\"},\"primaryImageOfPage\":{\"@id\":\"https:\\\/\\\/zapateneo.net\\\/wordpress\\\/index.php\\\/producto\\\/protofeminismos-sexo-violencia-y-lenguaje-inapropiado-en-la-mitologia-grecolatina\\\/#primaryimage\"},\"image\":{\"@id\":\"https:\\\/\\\/zapateneo.net\\\/wordpress\\\/index.php\\\/producto\\\/protofeminismos-sexo-violencia-y-lenguaje-inapropiado-en-la-mitologia-grecolatina\\\/#primaryimage\"},\"thumbnailUrl\":\"https:\\\/\\\/zapateneo.net\\\/wordpress\\\/wp-content\\\/uploads\\\/2023\\\/12\\\/9789878889689.gif\",\"datePublished\":\"2023-12-14T17:37:20+00:00\",\"dateModified\":\"2023-12-14T17:37:31+00:00\",\"breadcrumb\":{\"@id\":\"https:\\\/\\\/zapateneo.net\\\/wordpress\\\/index.php\\\/producto\\\/protofeminismos-sexo-violencia-y-lenguaje-inapropiado-en-la-mitologia-grecolatina\\\/#breadcrumb\"},\"inLanguage\":\"es\",\"potentialAction\":[{\"@type\":\"ReadAction\",\"target\":[\"https:\\\/\\\/zapateneo.net\\\/wordpress\\\/index.php\\\/producto\\\/protofeminismos-sexo-violencia-y-lenguaje-inapropiado-en-la-mitologia-grecolatina\\\/\"]}]},{\"@type\":\"ImageObject\",\"inLanguage\":\"es\",\"@id\":\"https:\\\/\\\/zapateneo.net\\\/wordpress\\\/index.php\\\/producto\\\/protofeminismos-sexo-violencia-y-lenguaje-inapropiado-en-la-mitologia-grecolatina\\\/#primaryimage\",\"url\":\"https:\\\/\\\/zapateneo.net\\\/wordpress\\\/wp-content\\\/uploads\\\/2023\\\/12\\\/9789878889689.gif\",\"contentUrl\":\"https:\\\/\\\/zapateneo.net\\\/wordpress\\\/wp-content\\\/uploads\\\/2023\\\/12\\\/9789878889689.gif\",\"width\":240,\"height\":349},{\"@type\":\"BreadcrumbList\",\"@id\":\"https:\\\/\\\/zapateneo.net\\\/wordpress\\\/index.php\\\/producto\\\/protofeminismos-sexo-violencia-y-lenguaje-inapropiado-en-la-mitologia-grecolatina\\\/#breadcrumb\",\"itemListElement\":[{\"@type\":\"ListItem\",\"position\":1,\"name\":\"Portada\",\"item\":\"https:\\\/\\\/zapateneo.net\\\/wordpress\\\/\"},{\"@type\":\"ListItem\",\"position\":2,\"name\":\"Tienda\",\"item\":\"https:\\\/\\\/zapateneo.net\\\/wordpress\\\/\"},{\"@type\":\"ListItem\",\"position\":3,\"name\":\"PROTOFEMINISMOS, SEXO, VIOLENCIA Y LENGUAJE INAPROPIADO EN LA MITOLOG\u00cdA GRECOLATINA\"}]},{\"@type\":\"WebSite\",\"@id\":\"https:\\\/\\\/zapateneo.net\\\/wordpress\\\/#website\",\"url\":\"https:\\\/\\\/zapateneo.net\\\/wordpress\\\/\",\"name\":\"Zapateneo\",\"description\":\"Zapateneoaren webgunea\",\"publisher\":{\"@id\":\"https:\\\/\\\/zapateneo.net\\\/wordpress\\\/#organization\"},\"potentialAction\":[{\"@type\":\"SearchAction\",\"target\":{\"@type\":\"EntryPoint\",\"urlTemplate\":\"https:\\\/\\\/zapateneo.net\\\/wordpress\\\/?s={search_term_string}\"},\"query-input\":{\"@type\":\"PropertyValueSpecification\",\"valueRequired\":true,\"valueName\":\"search_term_string\"}}],\"inLanguage\":\"es\"},{\"@type\":\"Organization\",\"@id\":\"https:\\\/\\\/zapateneo.net\\\/wordpress\\\/#organization\",\"name\":\"Zapateneo Kultur Elkartea\",\"url\":\"https:\\\/\\\/zapateneo.net\\\/wordpress\\\/\",\"logo\":{\"@type\":\"ImageObject\",\"inLanguage\":\"es\",\"@id\":\"https:\\\/\\\/zapateneo.net\\\/wordpress\\\/#\\\/schema\\\/logo\\\/image\\\/\",\"url\":\"https:\\\/\\\/zapateneo.net\\\/wordpress\\\/wp-content\\\/uploads\\\/2021\\\/04\\\/zap-libu-kolec.jpg\",\"contentUrl\":\"https:\\\/\\\/zapateneo.net\\\/wordpress\\\/wp-content\\\/uploads\\\/2021\\\/04\\\/zap-libu-kolec.jpg\",\"width\":2234,\"height\":398,\"caption\":\"Zapateneo Kultur Elkartea\"},\"image\":{\"@id\":\"https:\\\/\\\/zapateneo.net\\\/wordpress\\\/#\\\/schema\\\/logo\\\/image\\\/\"},\"sameAs\":[\"https:\\\/\\\/x.com\\\/zapateneo\"]}]}<\/script>\n<!-- \/ Yoast SEO plugin. -->","yoast_head_json":{"title":"PROTOFEMINISMOS, SEXO, VIOLENCIA Y LENGUAJE INAPROPIADO EN LA MITOLOG\u00cdA GRECOLATINA &#8212; Zapateneo","robots":{"index":"index","follow":"follow","max-snippet":"max-snippet:-1","max-image-preview":"max-image-preview:large","max-video-preview":"max-video-preview:-1"},"canonical":"https:\/\/zapateneo.net\/wordpress\/index.php\/producto\/protofeminismos-sexo-violencia-y-lenguaje-inapropiado-en-la-mitologia-grecolatina\/","og_locale":"es_ES","og_type":"article","og_title":"PROTOFEMINISMOS, SEXO, VIOLENCIA Y LENGUAJE INAPROPIADO EN LA MITOLOG\u00cdA GRECOLATINA &#8212; Zapateneo","og_description":"ILVESTRI, LEONOR 978988889689 - Queen Ludd - 2023 - 278 p\u00e1ginas \/orri.","og_url":"https:\/\/zapateneo.net\/wordpress\/index.php\/producto\/protofeminismos-sexo-violencia-y-lenguaje-inapropiado-en-la-mitologia-grecolatina\/","og_site_name":"Zapateneo","article_modified_time":"2023-12-14T17:37:31+00:00","twitter_card":"summary_large_image","twitter_site":"@zapateneo","twitter_misc":{"Tiempo de lectura":"1 minuto"},"schema":{"@context":"https:\/\/schema.org","@graph":[{"@type":"WebPage","@id":"https:\/\/zapateneo.net\/wordpress\/index.php\/producto\/protofeminismos-sexo-violencia-y-lenguaje-inapropiado-en-la-mitologia-grecolatina\/","url":"https:\/\/zapateneo.net\/wordpress\/index.php\/producto\/protofeminismos-sexo-violencia-y-lenguaje-inapropiado-en-la-mitologia-grecolatina\/","name":"PROTOFEMINISMOS, SEXO, VIOLENCIA Y LENGUAJE INAPROPIADO EN LA MITOLOG\u00cdA GRECOLATINA &#8212; Zapateneo","isPartOf":{"@id":"https:\/\/zapateneo.net\/wordpress\/#website"},"primaryImageOfPage":{"@id":"https:\/\/zapateneo.net\/wordpress\/index.php\/producto\/protofeminismos-sexo-violencia-y-lenguaje-inapropiado-en-la-mitologia-grecolatina\/#primaryimage"},"image":{"@id":"https:\/\/zapateneo.net\/wordpress\/index.php\/producto\/protofeminismos-sexo-violencia-y-lenguaje-inapropiado-en-la-mitologia-grecolatina\/#primaryimage"},"thumbnailUrl":"https:\/\/zapateneo.net\/wordpress\/wp-content\/uploads\/2023\/12\/9789878889689.gif","datePublished":"2023-12-14T17:37:20+00:00","dateModified":"2023-12-14T17:37:31+00:00","breadcrumb":{"@id":"https:\/\/zapateneo.net\/wordpress\/index.php\/producto\/protofeminismos-sexo-violencia-y-lenguaje-inapropiado-en-la-mitologia-grecolatina\/#breadcrumb"},"inLanguage":"es","potentialAction":[{"@type":"ReadAction","target":["https:\/\/zapateneo.net\/wordpress\/index.php\/producto\/protofeminismos-sexo-violencia-y-lenguaje-inapropiado-en-la-mitologia-grecolatina\/"]}]},{"@type":"ImageObject","inLanguage":"es","@id":"https:\/\/zapateneo.net\/wordpress\/index.php\/producto\/protofeminismos-sexo-violencia-y-lenguaje-inapropiado-en-la-mitologia-grecolatina\/#primaryimage","url":"https:\/\/zapateneo.net\/wordpress\/wp-content\/uploads\/2023\/12\/9789878889689.gif","contentUrl":"https:\/\/zapateneo.net\/wordpress\/wp-content\/uploads\/2023\/12\/9789878889689.gif","width":240,"height":349},{"@type":"BreadcrumbList","@id":"https:\/\/zapateneo.net\/wordpress\/index.php\/producto\/protofeminismos-sexo-violencia-y-lenguaje-inapropiado-en-la-mitologia-grecolatina\/#breadcrumb","itemListElement":[{"@type":"ListItem","position":1,"name":"Portada","item":"https:\/\/zapateneo.net\/wordpress\/"},{"@type":"ListItem","position":2,"name":"Tienda","item":"https:\/\/zapateneo.net\/wordpress\/"},{"@type":"ListItem","position":3,"name":"PROTOFEMINISMOS, SEXO, VIOLENCIA Y LENGUAJE INAPROPIADO EN LA MITOLOG\u00cdA GRECOLATINA"}]},{"@type":"WebSite","@id":"https:\/\/zapateneo.net\/wordpress\/#website","url":"https:\/\/zapateneo.net\/wordpress\/","name":"Zapateneo","description":"Zapateneoaren webgunea","publisher":{"@id":"https:\/\/zapateneo.net\/wordpress\/#organization"},"potentialAction":[{"@type":"SearchAction","target":{"@type":"EntryPoint","urlTemplate":"https:\/\/zapateneo.net\/wordpress\/?s={search_term_string}"},"query-input":{"@type":"PropertyValueSpecification","valueRequired":true,"valueName":"search_term_string"}}],"inLanguage":"es"},{"@type":"Organization","@id":"https:\/\/zapateneo.net\/wordpress\/#organization","name":"Zapateneo Kultur Elkartea","url":"https:\/\/zapateneo.net\/wordpress\/","logo":{"@type":"ImageObject","inLanguage":"es","@id":"https:\/\/zapateneo.net\/wordpress\/#\/schema\/logo\/image\/","url":"https:\/\/zapateneo.net\/wordpress\/wp-content\/uploads\/2021\/04\/zap-libu-kolec.jpg","contentUrl":"https:\/\/zapateneo.net\/wordpress\/wp-content\/uploads\/2021\/04\/zap-libu-kolec.jpg","width":2234,"height":398,"caption":"Zapateneo Kultur Elkartea"},"image":{"@id":"https:\/\/zapateneo.net\/wordpress\/#\/schema\/logo\/image\/"},"sameAs":["https:\/\/x.com\/zapateneo"]}]}},"_links":{"self":[{"href":"https:\/\/zapateneo.net\/wordpress\/index.php\/wp-json\/wp\/v2\/product\/15042","targetHints":{"allow":["GET"]}}],"collection":[{"href":"https:\/\/zapateneo.net\/wordpress\/index.php\/wp-json\/wp\/v2\/product"}],"about":[{"href":"https:\/\/zapateneo.net\/wordpress\/index.php\/wp-json\/wp\/v2\/types\/product"}],"wp:featuredmedia":[{"embeddable":true,"href":"https:\/\/zapateneo.net\/wordpress\/index.php\/wp-json\/wp\/v2\/media\/15064"}],"wp:attachment":[{"href":"https:\/\/zapateneo.net\/wordpress\/index.php\/wp-json\/wp\/v2\/media?parent=15042"}],"wp:term":[{"taxonomy":"product_brand","embeddable":true,"href":"https:\/\/zapateneo.net\/wordpress\/index.php\/wp-json\/wp\/v2\/product_brand?post=15042"},{"taxonomy":"product_cat","embeddable":true,"href":"https:\/\/zapateneo.net\/wordpress\/index.php\/wp-json\/wp\/v2\/product_cat?post=15042"},{"taxonomy":"product_tag","embeddable":true,"href":"https:\/\/zapateneo.net\/wordpress\/index.php\/wp-json\/wp\/v2\/product_tag?post=15042"}],"curies":[{"name":"wp","href":"https:\/\/api.w.org\/{rel}","templated":true}]}}