{"id":15036,"date":"2023-12-14T18:37:18","date_gmt":"2023-12-14T17:37:18","guid":{"rendered":"https:\/\/zapateneo.net\/wordpress\/?post_type=product&#038;p=15036"},"modified":"2023-12-14T18:37:27","modified_gmt":"2023-12-14T17:37:27","slug":"odas-a-la-comida-y-otros-placeres-elementales","status":"publish","type":"product","link":"https:\/\/zapateneo.net\/wordpress\/index.php\/producto\/odas-a-la-comida-y-otros-placeres-elementales\/","title":{"rendered":"Odas a la comida y otros placeres elementales"},"content":{"rendered":"<p>\u00abAm\u00e9rica, de un grano \/ de ma\u00edz te elevaste \/ hasta llenar \/ de tierras espaciosas \/ el espumoso \/ oc\u00e9ano. \/ Fue un grano de ma\u00edz tu geograf\u00eda.\u00bb  Pablo Neruda<\/p>\n<p>Esta edici\u00f3n re\u00fane una veintena de odas en las que el Premio Nobel Pablo Neruda homenajea a la comida y otros placeres elementales vinculados con el arte y el acto de comer. El poeta chileno hace poes\u00eda de la vida cotidiana y celebra la naturaleza y sus m\u00faltiples virtudes, a la vez que nos permite indagar en su identidad latinoamericana y repensar la relaci\u00f3n hist\u00f3rica entre Espa\u00f1a y Am\u00e9rica Latina. Las estampas de Javier Zabala, Premio Nacional de Ilustraci\u00f3n y artista de recurrente presencia en el cat\u00e1logo de Libros del Zorro Rojo, acompa\u00f1an este original poemario.<\/p>\n<p>En Odas a la comida y otros placeres elementales late un homenaje a Am\u00e9rica y una profunda reflexi\u00f3n acerca de su conquista y colonizaci\u00f3n. Como escribe Neruda en su \u00abOda a la papa\u00bb: \u00abpero cuando a las piedras de Castilla \/ regresaron \/ los pobres capitanes derrotados, \/ levantaron en las manos sangrientas \/ no una copa de oro, \/ sino la papa \/ de Chilo\u00e9 marino\u00bb.<\/p>\n<p>El presente volumen, ideal, tambi\u00e9n, para los amantes de la comida y la cocina, recoge algunas de las composiciones escritas en sus cuatro libros de odas entre entre 1954 y 1959, en las que Neruda enaltece los elementos sencillos que encontramos en nuestra mesa: desde frutas y hortalizas hasta ali\u00f1os, productos como el pan y el vino, e incluso utensilios como el plato y la cuchara.<\/p>\n<p>\u00abPablo Neruda fue un poeta deslumbrado por el mundo y sus materias, por sus colores, sus aromas, sus texturas, sus sensaciones y sabores. Su poes\u00eda es sensorial y directa. Nace de la absorci\u00f3n f\u00edsica del mundo, de paladear la comida\u00bb, escribe en el pr\u00f3logo Dar\u00edo Oses, editor de las memorias del autor y exdirector de la Biblioteca de la Fundaci\u00f3n Pablo Neruda.<\/p>\n<p>Con un lenguaje vanguardista y pict\u00f3rico \u00fanico, Javier Zabala, uno de los m\u00e1ximos exponentes de la ilustraci\u00f3n en Espa\u00f1a, consigue evocar el universo del poeta en unas estampas nada convencionales. Sus ilustraciones trabajan \u2014mediante la variedad del color y t\u00e9cnicas tan diversas como la acuarela, la tinta, la pintura acr\u00edlica, el collage y la estampaci\u00f3n\u2014 los matices de los elementos descriptos por Neruda.<\/p>\n","protected":false},"excerpt":{"rendered":"<p><strong>Pablo Neruda<\/strong><br \/>\n9788412340068 &#8211; Libros del Zorro Rojo &#8211; 2023 &#8211; 96 p\u00e1ginas \/orri.<\/p>\n","protected":false},"featured_media":15058,"template":"","meta":[],"product_brand":[],"product_cat":[16,4063],"product_tag":[6845,6850],"class_list":{"0":"post-15036","1":"product","2":"type-product","3":"status-publish","4":"has-post-thumbnail","6":"product_cat-libros","7":"product_cat-olerkigintza-poesia","8":"product_tag-libros-del-zorro-rojo","9":"product_tag-pablo-neruda","11":"first","12":"instock","13":"sold-individually","14":"shipping-taxable","15":"purchasable","16":"product-type-simple"},"yoast_head":"<!-- This site is optimized with the Yoast SEO plugin v27.3 - https:\/\/yoast.com\/product\/yoast-seo-wordpress\/ -->\n<title>Odas a la comida y otros placeres elementales &#8212; Zapateneo<\/title>\n<meta name=\"robots\" content=\"index, follow, max-snippet:-1, max-image-preview:large, max-video-preview:-1\" \/>\n<link rel=\"canonical\" href=\"https:\/\/zapateneo.net\/wordpress\/index.php\/producto\/odas-a-la-comida-y-otros-placeres-elementales\/\" \/>\n<meta property=\"og:locale\" content=\"es_ES\" \/>\n<meta property=\"og:type\" content=\"article\" \/>\n<meta property=\"og:title\" content=\"Odas a la comida y otros placeres elementales &#8212; Zapateneo\" \/>\n<meta property=\"og:description\" content=\"Pablo Neruda 9788412340068 - Libros del Zorro Rojo - 2023 - 96 p\u00e1ginas \/orri.\" \/>\n<meta property=\"og:url\" content=\"https:\/\/zapateneo.net\/wordpress\/index.php\/producto\/odas-a-la-comida-y-otros-placeres-elementales\/\" \/>\n<meta property=\"og:site_name\" content=\"Zapateneo\" \/>\n<meta property=\"article:modified_time\" content=\"2023-12-14T17:37:27+00:00\" \/>\n<meta name=\"twitter:card\" content=\"summary_large_image\" \/>\n<meta name=\"twitter:site\" content=\"@zapateneo\" \/>\n<meta name=\"twitter:label1\" content=\"Tiempo de lectura\" \/>\n\t<meta name=\"twitter:data1\" content=\"2 minutos\" \/>\n<script type=\"application\/ld+json\" class=\"yoast-schema-graph\">{\"@context\":\"https:\\\/\\\/schema.org\",\"@graph\":[{\"@type\":\"WebPage\",\"@id\":\"https:\\\/\\\/zapateneo.net\\\/wordpress\\\/index.php\\\/producto\\\/odas-a-la-comida-y-otros-placeres-elementales\\\/\",\"url\":\"https:\\\/\\\/zapateneo.net\\\/wordpress\\\/index.php\\\/producto\\\/odas-a-la-comida-y-otros-placeres-elementales\\\/\",\"name\":\"Odas a la comida y otros placeres elementales &#8212; Zapateneo\",\"isPartOf\":{\"@id\":\"https:\\\/\\\/zapateneo.net\\\/wordpress\\\/#website\"},\"primaryImageOfPage\":{\"@id\":\"https:\\\/\\\/zapateneo.net\\\/wordpress\\\/index.php\\\/producto\\\/odas-a-la-comida-y-otros-placeres-elementales\\\/#primaryimage\"},\"image\":{\"@id\":\"https:\\\/\\\/zapateneo.net\\\/wordpress\\\/index.php\\\/producto\\\/odas-a-la-comida-y-otros-placeres-elementales\\\/#primaryimage\"},\"thumbnailUrl\":\"https:\\\/\\\/zapateneo.net\\\/wordpress\\\/wp-content\\\/uploads\\\/2023\\\/12\\\/cover_odas-a-la-comida-web.jpg\",\"datePublished\":\"2023-12-14T17:37:18+00:00\",\"dateModified\":\"2023-12-14T17:37:27+00:00\",\"breadcrumb\":{\"@id\":\"https:\\\/\\\/zapateneo.net\\\/wordpress\\\/index.php\\\/producto\\\/odas-a-la-comida-y-otros-placeres-elementales\\\/#breadcrumb\"},\"inLanguage\":\"es\",\"potentialAction\":[{\"@type\":\"ReadAction\",\"target\":[\"https:\\\/\\\/zapateneo.net\\\/wordpress\\\/index.php\\\/producto\\\/odas-a-la-comida-y-otros-placeres-elementales\\\/\"]}]},{\"@type\":\"ImageObject\",\"inLanguage\":\"es\",\"@id\":\"https:\\\/\\\/zapateneo.net\\\/wordpress\\\/index.php\\\/producto\\\/odas-a-la-comida-y-otros-placeres-elementales\\\/#primaryimage\",\"url\":\"https:\\\/\\\/zapateneo.net\\\/wordpress\\\/wp-content\\\/uploads\\\/2023\\\/12\\\/cover_odas-a-la-comida-web.jpg\",\"contentUrl\":\"https:\\\/\\\/zapateneo.net\\\/wordpress\\\/wp-content\\\/uploads\\\/2023\\\/12\\\/cover_odas-a-la-comida-web.jpg\",\"width\":241,\"height\":400},{\"@type\":\"BreadcrumbList\",\"@id\":\"https:\\\/\\\/zapateneo.net\\\/wordpress\\\/index.php\\\/producto\\\/odas-a-la-comida-y-otros-placeres-elementales\\\/#breadcrumb\",\"itemListElement\":[{\"@type\":\"ListItem\",\"position\":1,\"name\":\"Portada\",\"item\":\"https:\\\/\\\/zapateneo.net\\\/wordpress\\\/\"},{\"@type\":\"ListItem\",\"position\":2,\"name\":\"Tienda\",\"item\":\"https:\\\/\\\/zapateneo.net\\\/wordpress\\\/\"},{\"@type\":\"ListItem\",\"position\":3,\"name\":\"Odas a la comida y otros placeres elementales\"}]},{\"@type\":\"WebSite\",\"@id\":\"https:\\\/\\\/zapateneo.net\\\/wordpress\\\/#website\",\"url\":\"https:\\\/\\\/zapateneo.net\\\/wordpress\\\/\",\"name\":\"Zapateneo\",\"description\":\"Zapateneoaren webgunea\",\"publisher\":{\"@id\":\"https:\\\/\\\/zapateneo.net\\\/wordpress\\\/#organization\"},\"potentialAction\":[{\"@type\":\"SearchAction\",\"target\":{\"@type\":\"EntryPoint\",\"urlTemplate\":\"https:\\\/\\\/zapateneo.net\\\/wordpress\\\/?s={search_term_string}\"},\"query-input\":{\"@type\":\"PropertyValueSpecification\",\"valueRequired\":true,\"valueName\":\"search_term_string\"}}],\"inLanguage\":\"es\"},{\"@type\":\"Organization\",\"@id\":\"https:\\\/\\\/zapateneo.net\\\/wordpress\\\/#organization\",\"name\":\"Zapateneo Kultur Elkartea\",\"url\":\"https:\\\/\\\/zapateneo.net\\\/wordpress\\\/\",\"logo\":{\"@type\":\"ImageObject\",\"inLanguage\":\"es\",\"@id\":\"https:\\\/\\\/zapateneo.net\\\/wordpress\\\/#\\\/schema\\\/logo\\\/image\\\/\",\"url\":\"https:\\\/\\\/zapateneo.net\\\/wordpress\\\/wp-content\\\/uploads\\\/2021\\\/04\\\/zap-libu-kolec.jpg\",\"contentUrl\":\"https:\\\/\\\/zapateneo.net\\\/wordpress\\\/wp-content\\\/uploads\\\/2021\\\/04\\\/zap-libu-kolec.jpg\",\"width\":2234,\"height\":398,\"caption\":\"Zapateneo Kultur Elkartea\"},\"image\":{\"@id\":\"https:\\\/\\\/zapateneo.net\\\/wordpress\\\/#\\\/schema\\\/logo\\\/image\\\/\"},\"sameAs\":[\"https:\\\/\\\/x.com\\\/zapateneo\"]}]}<\/script>\n<!-- \/ Yoast SEO plugin. -->","yoast_head_json":{"title":"Odas a la comida y otros placeres elementales &#8212; Zapateneo","robots":{"index":"index","follow":"follow","max-snippet":"max-snippet:-1","max-image-preview":"max-image-preview:large","max-video-preview":"max-video-preview:-1"},"canonical":"https:\/\/zapateneo.net\/wordpress\/index.php\/producto\/odas-a-la-comida-y-otros-placeres-elementales\/","og_locale":"es_ES","og_type":"article","og_title":"Odas a la comida y otros placeres elementales &#8212; Zapateneo","og_description":"Pablo Neruda 9788412340068 - Libros del Zorro Rojo - 2023 - 96 p\u00e1ginas \/orri.","og_url":"https:\/\/zapateneo.net\/wordpress\/index.php\/producto\/odas-a-la-comida-y-otros-placeres-elementales\/","og_site_name":"Zapateneo","article_modified_time":"2023-12-14T17:37:27+00:00","twitter_card":"summary_large_image","twitter_site":"@zapateneo","twitter_misc":{"Tiempo de lectura":"2 minutos"},"schema":{"@context":"https:\/\/schema.org","@graph":[{"@type":"WebPage","@id":"https:\/\/zapateneo.net\/wordpress\/index.php\/producto\/odas-a-la-comida-y-otros-placeres-elementales\/","url":"https:\/\/zapateneo.net\/wordpress\/index.php\/producto\/odas-a-la-comida-y-otros-placeres-elementales\/","name":"Odas a la comida y otros placeres elementales &#8212; Zapateneo","isPartOf":{"@id":"https:\/\/zapateneo.net\/wordpress\/#website"},"primaryImageOfPage":{"@id":"https:\/\/zapateneo.net\/wordpress\/index.php\/producto\/odas-a-la-comida-y-otros-placeres-elementales\/#primaryimage"},"image":{"@id":"https:\/\/zapateneo.net\/wordpress\/index.php\/producto\/odas-a-la-comida-y-otros-placeres-elementales\/#primaryimage"},"thumbnailUrl":"https:\/\/zapateneo.net\/wordpress\/wp-content\/uploads\/2023\/12\/cover_odas-a-la-comida-web.jpg","datePublished":"2023-12-14T17:37:18+00:00","dateModified":"2023-12-14T17:37:27+00:00","breadcrumb":{"@id":"https:\/\/zapateneo.net\/wordpress\/index.php\/producto\/odas-a-la-comida-y-otros-placeres-elementales\/#breadcrumb"},"inLanguage":"es","potentialAction":[{"@type":"ReadAction","target":["https:\/\/zapateneo.net\/wordpress\/index.php\/producto\/odas-a-la-comida-y-otros-placeres-elementales\/"]}]},{"@type":"ImageObject","inLanguage":"es","@id":"https:\/\/zapateneo.net\/wordpress\/index.php\/producto\/odas-a-la-comida-y-otros-placeres-elementales\/#primaryimage","url":"https:\/\/zapateneo.net\/wordpress\/wp-content\/uploads\/2023\/12\/cover_odas-a-la-comida-web.jpg","contentUrl":"https:\/\/zapateneo.net\/wordpress\/wp-content\/uploads\/2023\/12\/cover_odas-a-la-comida-web.jpg","width":241,"height":400},{"@type":"BreadcrumbList","@id":"https:\/\/zapateneo.net\/wordpress\/index.php\/producto\/odas-a-la-comida-y-otros-placeres-elementales\/#breadcrumb","itemListElement":[{"@type":"ListItem","position":1,"name":"Portada","item":"https:\/\/zapateneo.net\/wordpress\/"},{"@type":"ListItem","position":2,"name":"Tienda","item":"https:\/\/zapateneo.net\/wordpress\/"},{"@type":"ListItem","position":3,"name":"Odas a la comida y otros placeres elementales"}]},{"@type":"WebSite","@id":"https:\/\/zapateneo.net\/wordpress\/#website","url":"https:\/\/zapateneo.net\/wordpress\/","name":"Zapateneo","description":"Zapateneoaren webgunea","publisher":{"@id":"https:\/\/zapateneo.net\/wordpress\/#organization"},"potentialAction":[{"@type":"SearchAction","target":{"@type":"EntryPoint","urlTemplate":"https:\/\/zapateneo.net\/wordpress\/?s={search_term_string}"},"query-input":{"@type":"PropertyValueSpecification","valueRequired":true,"valueName":"search_term_string"}}],"inLanguage":"es"},{"@type":"Organization","@id":"https:\/\/zapateneo.net\/wordpress\/#organization","name":"Zapateneo Kultur Elkartea","url":"https:\/\/zapateneo.net\/wordpress\/","logo":{"@type":"ImageObject","inLanguage":"es","@id":"https:\/\/zapateneo.net\/wordpress\/#\/schema\/logo\/image\/","url":"https:\/\/zapateneo.net\/wordpress\/wp-content\/uploads\/2021\/04\/zap-libu-kolec.jpg","contentUrl":"https:\/\/zapateneo.net\/wordpress\/wp-content\/uploads\/2021\/04\/zap-libu-kolec.jpg","width":2234,"height":398,"caption":"Zapateneo Kultur Elkartea"},"image":{"@id":"https:\/\/zapateneo.net\/wordpress\/#\/schema\/logo\/image\/"},"sameAs":["https:\/\/x.com\/zapateneo"]}]}},"_links":{"self":[{"href":"https:\/\/zapateneo.net\/wordpress\/index.php\/wp-json\/wp\/v2\/product\/15036","targetHints":{"allow":["GET"]}}],"collection":[{"href":"https:\/\/zapateneo.net\/wordpress\/index.php\/wp-json\/wp\/v2\/product"}],"about":[{"href":"https:\/\/zapateneo.net\/wordpress\/index.php\/wp-json\/wp\/v2\/types\/product"}],"wp:featuredmedia":[{"embeddable":true,"href":"https:\/\/zapateneo.net\/wordpress\/index.php\/wp-json\/wp\/v2\/media\/15058"}],"wp:attachment":[{"href":"https:\/\/zapateneo.net\/wordpress\/index.php\/wp-json\/wp\/v2\/media?parent=15036"}],"wp:term":[{"taxonomy":"product_brand","embeddable":true,"href":"https:\/\/zapateneo.net\/wordpress\/index.php\/wp-json\/wp\/v2\/product_brand?post=15036"},{"taxonomy":"product_cat","embeddable":true,"href":"https:\/\/zapateneo.net\/wordpress\/index.php\/wp-json\/wp\/v2\/product_cat?post=15036"},{"taxonomy":"product_tag","embeddable":true,"href":"https:\/\/zapateneo.net\/wordpress\/index.php\/wp-json\/wp\/v2\/product_tag?post=15036"}],"curies":[{"name":"wp","href":"https:\/\/api.w.org\/{rel}","templated":true}]}}