{"id":15019,"date":"2023-10-23T16:51:33","date_gmt":"2023-10-23T15:51:33","guid":{"rendered":"https:\/\/zapateneo.net\/wordpress\/?post_type=product&#038;p=15019"},"modified":"2023-12-09T19:32:35","modified_gmt":"2023-12-09T18:32:35","slug":"teoria-del-cine","status":"publish","type":"product","link":"https:\/\/zapateneo.net\/wordpress\/index.php\/producto\/teoria-del-cine\/","title":{"rendered":"Teor\u00eda del cine"},"content":{"rendered":"<p>Nota introductoria<\/p>\n<p>Siegfried Kracauer (1889-1966)<\/p>\n<p>Siegfried Kracauer nace en Fr\u00e1ncfort del Meno en una familia de la peque\u00f1a burgues\u00eda jud\u00eda. Estudia arquitectura e ingenier\u00eda y trabaja de arquitecto hasta 1920 cuando decide dedicarse a la escritura. Al estallido de la Primera Guerra Mundial se alista como voluntario en Munich. Entre los a\u00f1os 1921 y 1933 trabaja para el peri\u00f3dico liberal de izquierdas Frankfurter Zeitung, junto a Walter Benjamin y Ernst Bloch. Estudia con Georg Simmel, al que dedicar\u00e1 una monograf\u00eda: Una contribuci\u00f3n a la interpretaci\u00f3n de la vida intelectual de nuestra \u00e9poca, y mantiene una fuerte relaci\u00f3n con Theodor Adorno y con Leo L\u00f6wenthal.<\/p>\n<p>A partir de 1925, influenciado por los escritos de Marx, avanza una cr\u00edtica social materialista, y critica los intentos (Max Scheler) de reconstruir la imagen del mundo destruida por la secularizaci\u00f3n, en un trabajo de desmitologizaci\u00f3n que incluye tambi\u00e9n al capitalismo en su desarrollo cotidiano. En 1927 recoge un conjunto de art\u00edculos en El ornamento de la masa.<\/p>\n<p>En 1930 se traslada a Berl\u00edn y publica su obra Los empleados. Un aspecto de la Alemania m\u00e1s reciente. Aut\u00e9ntico trabajo sociol\u00f3gico, que tiene buena aceptaci\u00f3n entre los cr\u00edticos de la Escuela de Fr\u00e1ncfort. Kracauer observa este ej\u00e9rcito de asalariados intercambiables entre s\u00ed, que no se reconocen como obreros pero con los que comparten el mismo destino, y cuyas necesidades modificaban la vida p\u00fablica de Berl\u00edn \u2013su punto de mira- donde era m\u00e1s extensa la situaci\u00f3n de los empleados.<\/p>\n<p>&nbsp;<\/p>\n<p>Tras el incendio del Reichstag (1933) junto a su esposa Lili Ehrenreich abandona Alemania y se exilia en Par\u00eds. En 1941 emigra a EE.UU. donde escribir\u00e1, ya en ingl\u00e9s, su obra m\u00e1s importante. En 1947 escribe De Caligari a Hitler. Una historia psicol\u00f3gica del cine alem\u00e1n. En 1960 publica su extensa obra Teor\u00eda del cine. La redenci\u00f3n de la realidad f\u00edsica. Dos obras imprescindibles sobre el cine alem\u00e1n y sobre el cine. En 1966, el a\u00f1o de su muerte, deja inacabada una teor\u00eda de la historia, History. The last Tihngs Before the Last, cr\u00edtica del discurso hist\u00f3rico de la reconstrucci\u00f3n ideol\u00f3gica, dogm\u00e1tica, ya hecha, del pasado.<\/p>\n<p>Publicamos a continuaci\u00f3n un fragmento de su importante obra, Teoria del cine.<\/p>\n<p>Siegfried Kracauer 1889 Frankfort del Meno &#8211; 1966 New York.<\/p>\n","protected":false},"excerpt":{"rendered":"<p><strong>Sigfried Kracauer<\/strong><br \/>\n202310270001 &#8211; ETC &#8211; 2023 &#8211; 19 p\u00e1ginas \/orri.<\/p>\n","protected":false},"featured_media":15030,"template":"","meta":[],"product_brand":[],"product_cat":[183,166],"product_tag":[1924,6834],"class_list":{"0":"post-15019","1":"product","2":"type-product","3":"status-publish","4":"has-post-thumbnail","6":"product_cat-kultur-adierazpenak-expresiones-culturales","7":"product_cat-panfletos-panfletoak","8":"product_tag-etc","9":"product_tag-sigfried-kracauer","11":"first","12":"instock","13":"sold-individually","14":"shipping-taxable","15":"purchasable","16":"product-type-simple"},"yoast_head":"<!-- This site is optimized with the Yoast SEO plugin v27.3 - https:\/\/yoast.com\/product\/yoast-seo-wordpress\/ -->\n<title>Teor\u00eda del cine &#8212; Zapateneo<\/title>\n<meta name=\"robots\" content=\"index, follow, max-snippet:-1, max-image-preview:large, max-video-preview:-1\" \/>\n<link rel=\"canonical\" href=\"https:\/\/zapateneo.net\/wordpress\/index.php\/producto\/teoria-del-cine\/\" \/>\n<meta property=\"og:locale\" content=\"es_ES\" \/>\n<meta property=\"og:type\" content=\"article\" \/>\n<meta property=\"og:title\" content=\"Teor\u00eda del cine &#8212; Zapateneo\" \/>\n<meta property=\"og:description\" content=\"Sigfried Kracauer 202310270001 - ETC - 2023 - 19 p\u00e1ginas \/orri.\" \/>\n<meta property=\"og:url\" content=\"https:\/\/zapateneo.net\/wordpress\/index.php\/producto\/teoria-del-cine\/\" \/>\n<meta property=\"og:site_name\" content=\"Zapateneo\" \/>\n<meta property=\"article:modified_time\" content=\"2023-12-09T18:32:35+00:00\" \/>\n<meta property=\"og:image\" content=\"https:\/\/zapateneo.net\/wordpress\/wp-content\/uploads\/2023\/10\/20231205_174204-scaled.jpg\" \/>\n\t<meta property=\"og:image:width\" content=\"1920\" \/>\n\t<meta property=\"og:image:height\" content=\"2560\" \/>\n\t<meta property=\"og:image:type\" content=\"image\/jpeg\" \/>\n<meta name=\"twitter:card\" content=\"summary_large_image\" \/>\n<meta name=\"twitter:site\" content=\"@zapateneo\" \/>\n<meta name=\"twitter:label1\" content=\"Tiempo de lectura\" \/>\n\t<meta name=\"twitter:data1\" content=\"2 minutos\" \/>\n<script type=\"application\/ld+json\" class=\"yoast-schema-graph\">{\"@context\":\"https:\\\/\\\/schema.org\",\"@graph\":[{\"@type\":\"WebPage\",\"@id\":\"https:\\\/\\\/zapateneo.net\\\/wordpress\\\/index.php\\\/producto\\\/teoria-del-cine\\\/\",\"url\":\"https:\\\/\\\/zapateneo.net\\\/wordpress\\\/index.php\\\/producto\\\/teoria-del-cine\\\/\",\"name\":\"Teor\u00eda del cine &#8212; Zapateneo\",\"isPartOf\":{\"@id\":\"https:\\\/\\\/zapateneo.net\\\/wordpress\\\/#website\"},\"primaryImageOfPage\":{\"@id\":\"https:\\\/\\\/zapateneo.net\\\/wordpress\\\/index.php\\\/producto\\\/teoria-del-cine\\\/#primaryimage\"},\"image\":{\"@id\":\"https:\\\/\\\/zapateneo.net\\\/wordpress\\\/index.php\\\/producto\\\/teoria-del-cine\\\/#primaryimage\"},\"thumbnailUrl\":\"https:\\\/\\\/zapateneo.net\\\/wordpress\\\/wp-content\\\/uploads\\\/2023\\\/10\\\/20231205_174204-scaled.jpg\",\"datePublished\":\"2023-10-23T15:51:33+00:00\",\"dateModified\":\"2023-12-09T18:32:35+00:00\",\"breadcrumb\":{\"@id\":\"https:\\\/\\\/zapateneo.net\\\/wordpress\\\/index.php\\\/producto\\\/teoria-del-cine\\\/#breadcrumb\"},\"inLanguage\":\"es\",\"potentialAction\":[{\"@type\":\"ReadAction\",\"target\":[\"https:\\\/\\\/zapateneo.net\\\/wordpress\\\/index.php\\\/producto\\\/teoria-del-cine\\\/\"]}]},{\"@type\":\"ImageObject\",\"inLanguage\":\"es\",\"@id\":\"https:\\\/\\\/zapateneo.net\\\/wordpress\\\/index.php\\\/producto\\\/teoria-del-cine\\\/#primaryimage\",\"url\":\"https:\\\/\\\/zapateneo.net\\\/wordpress\\\/wp-content\\\/uploads\\\/2023\\\/10\\\/20231205_174204-scaled.jpg\",\"contentUrl\":\"https:\\\/\\\/zapateneo.net\\\/wordpress\\\/wp-content\\\/uploads\\\/2023\\\/10\\\/20231205_174204-scaled.jpg\",\"width\":1920,\"height\":2560},{\"@type\":\"BreadcrumbList\",\"@id\":\"https:\\\/\\\/zapateneo.net\\\/wordpress\\\/index.php\\\/producto\\\/teoria-del-cine\\\/#breadcrumb\",\"itemListElement\":[{\"@type\":\"ListItem\",\"position\":1,\"name\":\"Portada\",\"item\":\"https:\\\/\\\/zapateneo.net\\\/wordpress\\\/\"},{\"@type\":\"ListItem\",\"position\":2,\"name\":\"Tienda\",\"item\":\"https:\\\/\\\/zapateneo.net\\\/wordpress\\\/\"},{\"@type\":\"ListItem\",\"position\":3,\"name\":\"Teor\u00eda del cine\"}]},{\"@type\":\"WebSite\",\"@id\":\"https:\\\/\\\/zapateneo.net\\\/wordpress\\\/#website\",\"url\":\"https:\\\/\\\/zapateneo.net\\\/wordpress\\\/\",\"name\":\"Zapateneo\",\"description\":\"Zapateneoaren webgunea\",\"publisher\":{\"@id\":\"https:\\\/\\\/zapateneo.net\\\/wordpress\\\/#organization\"},\"potentialAction\":[{\"@type\":\"SearchAction\",\"target\":{\"@type\":\"EntryPoint\",\"urlTemplate\":\"https:\\\/\\\/zapateneo.net\\\/wordpress\\\/?s={search_term_string}\"},\"query-input\":{\"@type\":\"PropertyValueSpecification\",\"valueRequired\":true,\"valueName\":\"search_term_string\"}}],\"inLanguage\":\"es\"},{\"@type\":\"Organization\",\"@id\":\"https:\\\/\\\/zapateneo.net\\\/wordpress\\\/#organization\",\"name\":\"Zapateneo Kultur Elkartea\",\"url\":\"https:\\\/\\\/zapateneo.net\\\/wordpress\\\/\",\"logo\":{\"@type\":\"ImageObject\",\"inLanguage\":\"es\",\"@id\":\"https:\\\/\\\/zapateneo.net\\\/wordpress\\\/#\\\/schema\\\/logo\\\/image\\\/\",\"url\":\"https:\\\/\\\/zapateneo.net\\\/wordpress\\\/wp-content\\\/uploads\\\/2021\\\/04\\\/zap-libu-kolec.jpg\",\"contentUrl\":\"https:\\\/\\\/zapateneo.net\\\/wordpress\\\/wp-content\\\/uploads\\\/2021\\\/04\\\/zap-libu-kolec.jpg\",\"width\":2234,\"height\":398,\"caption\":\"Zapateneo Kultur Elkartea\"},\"image\":{\"@id\":\"https:\\\/\\\/zapateneo.net\\\/wordpress\\\/#\\\/schema\\\/logo\\\/image\\\/\"},\"sameAs\":[\"https:\\\/\\\/x.com\\\/zapateneo\"]}]}<\/script>\n<!-- \/ Yoast SEO plugin. -->","yoast_head_json":{"title":"Teor\u00eda del cine &#8212; Zapateneo","robots":{"index":"index","follow":"follow","max-snippet":"max-snippet:-1","max-image-preview":"max-image-preview:large","max-video-preview":"max-video-preview:-1"},"canonical":"https:\/\/zapateneo.net\/wordpress\/index.php\/producto\/teoria-del-cine\/","og_locale":"es_ES","og_type":"article","og_title":"Teor\u00eda del cine &#8212; Zapateneo","og_description":"Sigfried Kracauer 202310270001 - ETC - 2023 - 19 p\u00e1ginas \/orri.","og_url":"https:\/\/zapateneo.net\/wordpress\/index.php\/producto\/teoria-del-cine\/","og_site_name":"Zapateneo","article_modified_time":"2023-12-09T18:32:35+00:00","og_image":[{"width":1920,"height":2560,"url":"https:\/\/zapateneo.net\/wordpress\/wp-content\/uploads\/2023\/10\/20231205_174204-scaled.jpg","type":"image\/jpeg"}],"twitter_card":"summary_large_image","twitter_site":"@zapateneo","twitter_misc":{"Tiempo de lectura":"2 minutos"},"schema":{"@context":"https:\/\/schema.org","@graph":[{"@type":"WebPage","@id":"https:\/\/zapateneo.net\/wordpress\/index.php\/producto\/teoria-del-cine\/","url":"https:\/\/zapateneo.net\/wordpress\/index.php\/producto\/teoria-del-cine\/","name":"Teor\u00eda del cine &#8212; Zapateneo","isPartOf":{"@id":"https:\/\/zapateneo.net\/wordpress\/#website"},"primaryImageOfPage":{"@id":"https:\/\/zapateneo.net\/wordpress\/index.php\/producto\/teoria-del-cine\/#primaryimage"},"image":{"@id":"https:\/\/zapateneo.net\/wordpress\/index.php\/producto\/teoria-del-cine\/#primaryimage"},"thumbnailUrl":"https:\/\/zapateneo.net\/wordpress\/wp-content\/uploads\/2023\/10\/20231205_174204-scaled.jpg","datePublished":"2023-10-23T15:51:33+00:00","dateModified":"2023-12-09T18:32:35+00:00","breadcrumb":{"@id":"https:\/\/zapateneo.net\/wordpress\/index.php\/producto\/teoria-del-cine\/#breadcrumb"},"inLanguage":"es","potentialAction":[{"@type":"ReadAction","target":["https:\/\/zapateneo.net\/wordpress\/index.php\/producto\/teoria-del-cine\/"]}]},{"@type":"ImageObject","inLanguage":"es","@id":"https:\/\/zapateneo.net\/wordpress\/index.php\/producto\/teoria-del-cine\/#primaryimage","url":"https:\/\/zapateneo.net\/wordpress\/wp-content\/uploads\/2023\/10\/20231205_174204-scaled.jpg","contentUrl":"https:\/\/zapateneo.net\/wordpress\/wp-content\/uploads\/2023\/10\/20231205_174204-scaled.jpg","width":1920,"height":2560},{"@type":"BreadcrumbList","@id":"https:\/\/zapateneo.net\/wordpress\/index.php\/producto\/teoria-del-cine\/#breadcrumb","itemListElement":[{"@type":"ListItem","position":1,"name":"Portada","item":"https:\/\/zapateneo.net\/wordpress\/"},{"@type":"ListItem","position":2,"name":"Tienda","item":"https:\/\/zapateneo.net\/wordpress\/"},{"@type":"ListItem","position":3,"name":"Teor\u00eda del cine"}]},{"@type":"WebSite","@id":"https:\/\/zapateneo.net\/wordpress\/#website","url":"https:\/\/zapateneo.net\/wordpress\/","name":"Zapateneo","description":"Zapateneoaren webgunea","publisher":{"@id":"https:\/\/zapateneo.net\/wordpress\/#organization"},"potentialAction":[{"@type":"SearchAction","target":{"@type":"EntryPoint","urlTemplate":"https:\/\/zapateneo.net\/wordpress\/?s={search_term_string}"},"query-input":{"@type":"PropertyValueSpecification","valueRequired":true,"valueName":"search_term_string"}}],"inLanguage":"es"},{"@type":"Organization","@id":"https:\/\/zapateneo.net\/wordpress\/#organization","name":"Zapateneo Kultur Elkartea","url":"https:\/\/zapateneo.net\/wordpress\/","logo":{"@type":"ImageObject","inLanguage":"es","@id":"https:\/\/zapateneo.net\/wordpress\/#\/schema\/logo\/image\/","url":"https:\/\/zapateneo.net\/wordpress\/wp-content\/uploads\/2021\/04\/zap-libu-kolec.jpg","contentUrl":"https:\/\/zapateneo.net\/wordpress\/wp-content\/uploads\/2021\/04\/zap-libu-kolec.jpg","width":2234,"height":398,"caption":"Zapateneo Kultur Elkartea"},"image":{"@id":"https:\/\/zapateneo.net\/wordpress\/#\/schema\/logo\/image\/"},"sameAs":["https:\/\/x.com\/zapateneo"]}]}},"_links":{"self":[{"href":"https:\/\/zapateneo.net\/wordpress\/index.php\/wp-json\/wp\/v2\/product\/15019","targetHints":{"allow":["GET"]}}],"collection":[{"href":"https:\/\/zapateneo.net\/wordpress\/index.php\/wp-json\/wp\/v2\/product"}],"about":[{"href":"https:\/\/zapateneo.net\/wordpress\/index.php\/wp-json\/wp\/v2\/types\/product"}],"wp:featuredmedia":[{"embeddable":true,"href":"https:\/\/zapateneo.net\/wordpress\/index.php\/wp-json\/wp\/v2\/media\/15030"}],"wp:attachment":[{"href":"https:\/\/zapateneo.net\/wordpress\/index.php\/wp-json\/wp\/v2\/media?parent=15019"}],"wp:term":[{"taxonomy":"product_brand","embeddable":true,"href":"https:\/\/zapateneo.net\/wordpress\/index.php\/wp-json\/wp\/v2\/product_brand?post=15019"},{"taxonomy":"product_cat","embeddable":true,"href":"https:\/\/zapateneo.net\/wordpress\/index.php\/wp-json\/wp\/v2\/product_cat?post=15019"},{"taxonomy":"product_tag","embeddable":true,"href":"https:\/\/zapateneo.net\/wordpress\/index.php\/wp-json\/wp\/v2\/product_tag?post=15019"}],"curies":[{"name":"wp","href":"https:\/\/api.w.org\/{rel}","templated":true}]}}