{"id":14957,"date":"2023-10-05T16:15:02","date_gmt":"2023-10-05T15:15:02","guid":{"rendered":"https:\/\/zapateneo.net\/wordpress\/?post_type=product&#038;p=14957"},"modified":"2023-10-05T16:15:08","modified_gmt":"2023-10-05T15:15:08","slug":"cuestion-de-clase-de-la-critica-de-la-sociologia-a-la-accion-politica-revolucionaria","status":"publish","type":"product","link":"https:\/\/zapateneo.net\/wordpress\/index.php\/producto\/cuestion-de-clase-de-la-critica-de-la-sociologia-a-la-accion-politica-revolucionaria\/","title":{"rendered":"Cuesti\u00f3n de clase De la cr\u00edtica de la sociolog\u00eda a la acci\u00f3n pol\u00edtica revolucionaria"},"content":{"rendered":"<p>Un libro que recoge las contribuciones m\u00e1s relevantes para el regreso de las clases sociales al debate p\u00fablico.<\/p>\n<p>Tras su violenta expulsi\u00f3n de los planes de estudio, las clases sociales est\u00e1n pugnando, cada vez con m\u00e1s \u00e9xito, por recuperar el lugar que le corresponde en la discusi\u00f3n p\u00fablica. Se est\u00e1n convirtiendo en un tema de obligada reflexi\u00f3n tanto para militantes pol\u00edticos como para cient\u00edficos sociales. Este libro tiene por objetivo preparar el terreno para este regreso al debate p\u00fablico. Para ello, recoge las m\u00e1s importantes contribuciones abordando tanto sus presupuestos como sus implicaciones pol\u00edticas; desde las diferentes tradiciones de pensamiento que han enfrentado el problema hasta los muy diversos asuntos que han tenido protagonismo en relaci\u00f3n a las clases. Pero la cartograf\u00eda y recorrido que se traza no se hace de un modo \u00fanicamente descriptivo, sino cr\u00edtico. El texto aspira a ofrecer un enfoque materialista, fuertemente inspirado en la obra tard\u00eda de Marx, que permita superar las complicaciones que han ido manifest\u00e1ndose a lo largo de la historia de la noci\u00f3n de clase.  De otro modo ser\u00eda dif\u00edcil, si es que no imposible, pensar a futuro las clases como actores.<\/p>\n<p>El libro cuenta con tres partes. Una primera destinada a esclarecer la noci\u00f3n de clase social, en la que se discute con diferentes aproximaciones de corte sociol\u00f3gico sobre qu\u00e9 es una clase y qu\u00e9 m\u00e9todo aplicar para su identificaci\u00f3n. Una segunda dedicada a abordar diferentes pol\u00e9micas en relaci\u00f3n a las clases, del \u00abprecariado\u00bb a la \u00ab\u00e9lite gobernante\u00bb pasando por las \u00abclases medias\u00bb. Por \u00faltimo, la tercera parte aborda las dimensiones m\u00e1s pol\u00edticas del problema, aquellas que hist\u00f3ricamente involucran la condici\u00f3n de ciudadan\u00eda.<\/p>\n","protected":false},"excerpt":{"rendered":"<p><strong>Jes\u00fas Rodr\u00edguez Rojo<\/strong><br \/>\n9788419160447 &#8211; Bellaterra &#8211; 2023 &#8211; 276 p\u00e1ginas \/orri.<\/p>\n","protected":false},"featured_media":14969,"template":"","meta":[],"product_brand":[],"product_cat":[15],"product_tag":[92,6820],"class_list":{"0":"post-14957","1":"product","2":"type-product","3":"status-publish","4":"has-post-thumbnail","6":"product_cat-otros-bestelakoak","7":"product_tag-bellaterra","8":"product_tag-jesus-rodriguez-rojo","10":"first","11":"instock","12":"sold-individually","13":"shipping-taxable","14":"purchasable","15":"product-type-simple"},"yoast_head":"<!-- This site is optimized with the Yoast SEO plugin v27.3 - https:\/\/yoast.com\/product\/yoast-seo-wordpress\/ -->\n<title>Cuesti\u00f3n de clase De la cr\u00edtica de la sociolog\u00eda a la acci\u00f3n pol\u00edtica revolucionaria &#8212; Zapateneo<\/title>\n<meta name=\"robots\" content=\"index, follow, max-snippet:-1, max-image-preview:large, max-video-preview:-1\" \/>\n<link rel=\"canonical\" href=\"https:\/\/zapateneo.net\/wordpress\/index.php\/producto\/cuestion-de-clase-de-la-critica-de-la-sociologia-a-la-accion-politica-revolucionaria\/\" \/>\n<meta property=\"og:locale\" content=\"es_ES\" \/>\n<meta property=\"og:type\" content=\"article\" \/>\n<meta property=\"og:title\" content=\"Cuesti\u00f3n de clase De la cr\u00edtica de la sociolog\u00eda a la acci\u00f3n pol\u00edtica revolucionaria &#8212; Zapateneo\" \/>\n<meta property=\"og:description\" content=\"Jes\u00fas Rodr\u00edguez Rojo 9788419160447 - Bellaterra - 2023 - 276 p\u00e1ginas \/orri.\" \/>\n<meta property=\"og:url\" content=\"https:\/\/zapateneo.net\/wordpress\/index.php\/producto\/cuestion-de-clase-de-la-critica-de-la-sociologia-a-la-accion-politica-revolucionaria\/\" \/>\n<meta property=\"og:site_name\" content=\"Zapateneo\" \/>\n<meta property=\"article:modified_time\" content=\"2023-10-05T15:15:08+00:00\" \/>\n<meta name=\"twitter:card\" content=\"summary_large_image\" \/>\n<meta name=\"twitter:site\" content=\"@zapateneo\" \/>\n<meta name=\"twitter:label1\" content=\"Tiempo de lectura\" \/>\n\t<meta name=\"twitter:data1\" content=\"2 minutos\" \/>\n<script type=\"application\/ld+json\" class=\"yoast-schema-graph\">{\"@context\":\"https:\\\/\\\/schema.org\",\"@graph\":[{\"@type\":\"WebPage\",\"@id\":\"https:\\\/\\\/zapateneo.net\\\/wordpress\\\/index.php\\\/producto\\\/cuestion-de-clase-de-la-critica-de-la-sociologia-a-la-accion-politica-revolucionaria\\\/\",\"url\":\"https:\\\/\\\/zapateneo.net\\\/wordpress\\\/index.php\\\/producto\\\/cuestion-de-clase-de-la-critica-de-la-sociologia-a-la-accion-politica-revolucionaria\\\/\",\"name\":\"Cuesti\u00f3n de clase De la cr\u00edtica de la sociolog\u00eda a la acci\u00f3n pol\u00edtica revolucionaria &#8212; Zapateneo\",\"isPartOf\":{\"@id\":\"https:\\\/\\\/zapateneo.net\\\/wordpress\\\/#website\"},\"primaryImageOfPage\":{\"@id\":\"https:\\\/\\\/zapateneo.net\\\/wordpress\\\/index.php\\\/producto\\\/cuestion-de-clase-de-la-critica-de-la-sociologia-a-la-accion-politica-revolucionaria\\\/#primaryimage\"},\"image\":{\"@id\":\"https:\\\/\\\/zapateneo.net\\\/wordpress\\\/index.php\\\/producto\\\/cuestion-de-clase-de-la-critica-de-la-sociologia-a-la-accion-politica-revolucionaria\\\/#primaryimage\"},\"thumbnailUrl\":\"https:\\\/\\\/zapateneo.net\\\/wordpress\\\/wp-content\\\/uploads\\\/2023\\\/10\\\/cuestion-de-clase-bellaterra.jpg\",\"datePublished\":\"2023-10-05T15:15:02+00:00\",\"dateModified\":\"2023-10-05T15:15:08+00:00\",\"breadcrumb\":{\"@id\":\"https:\\\/\\\/zapateneo.net\\\/wordpress\\\/index.php\\\/producto\\\/cuestion-de-clase-de-la-critica-de-la-sociologia-a-la-accion-politica-revolucionaria\\\/#breadcrumb\"},\"inLanguage\":\"es\",\"potentialAction\":[{\"@type\":\"ReadAction\",\"target\":[\"https:\\\/\\\/zapateneo.net\\\/wordpress\\\/index.php\\\/producto\\\/cuestion-de-clase-de-la-critica-de-la-sociologia-a-la-accion-politica-revolucionaria\\\/\"]}]},{\"@type\":\"ImageObject\",\"inLanguage\":\"es\",\"@id\":\"https:\\\/\\\/zapateneo.net\\\/wordpress\\\/index.php\\\/producto\\\/cuestion-de-clase-de-la-critica-de-la-sociologia-a-la-accion-politica-revolucionaria\\\/#primaryimage\",\"url\":\"https:\\\/\\\/zapateneo.net\\\/wordpress\\\/wp-content\\\/uploads\\\/2023\\\/10\\\/cuestion-de-clase-bellaterra.jpg\",\"contentUrl\":\"https:\\\/\\\/zapateneo.net\\\/wordpress\\\/wp-content\\\/uploads\\\/2023\\\/10\\\/cuestion-de-clase-bellaterra.jpg\",\"width\":261,\"height\":400},{\"@type\":\"BreadcrumbList\",\"@id\":\"https:\\\/\\\/zapateneo.net\\\/wordpress\\\/index.php\\\/producto\\\/cuestion-de-clase-de-la-critica-de-la-sociologia-a-la-accion-politica-revolucionaria\\\/#breadcrumb\",\"itemListElement\":[{\"@type\":\"ListItem\",\"position\":1,\"name\":\"Portada\",\"item\":\"https:\\\/\\\/zapateneo.net\\\/wordpress\\\/\"},{\"@type\":\"ListItem\",\"position\":2,\"name\":\"Tienda\",\"item\":\"https:\\\/\\\/zapateneo.net\\\/wordpress\\\/\"},{\"@type\":\"ListItem\",\"position\":3,\"name\":\"Cuesti\u00f3n de clase De la cr\u00edtica de la sociolog\u00eda a la acci\u00f3n pol\u00edtica revolucionaria\"}]},{\"@type\":\"WebSite\",\"@id\":\"https:\\\/\\\/zapateneo.net\\\/wordpress\\\/#website\",\"url\":\"https:\\\/\\\/zapateneo.net\\\/wordpress\\\/\",\"name\":\"Zapateneo\",\"description\":\"Zapateneoaren webgunea\",\"publisher\":{\"@id\":\"https:\\\/\\\/zapateneo.net\\\/wordpress\\\/#organization\"},\"potentialAction\":[{\"@type\":\"SearchAction\",\"target\":{\"@type\":\"EntryPoint\",\"urlTemplate\":\"https:\\\/\\\/zapateneo.net\\\/wordpress\\\/?s={search_term_string}\"},\"query-input\":{\"@type\":\"PropertyValueSpecification\",\"valueRequired\":true,\"valueName\":\"search_term_string\"}}],\"inLanguage\":\"es\"},{\"@type\":\"Organization\",\"@id\":\"https:\\\/\\\/zapateneo.net\\\/wordpress\\\/#organization\",\"name\":\"Zapateneo Kultur Elkartea\",\"url\":\"https:\\\/\\\/zapateneo.net\\\/wordpress\\\/\",\"logo\":{\"@type\":\"ImageObject\",\"inLanguage\":\"es\",\"@id\":\"https:\\\/\\\/zapateneo.net\\\/wordpress\\\/#\\\/schema\\\/logo\\\/image\\\/\",\"url\":\"https:\\\/\\\/zapateneo.net\\\/wordpress\\\/wp-content\\\/uploads\\\/2021\\\/04\\\/zap-libu-kolec.jpg\",\"contentUrl\":\"https:\\\/\\\/zapateneo.net\\\/wordpress\\\/wp-content\\\/uploads\\\/2021\\\/04\\\/zap-libu-kolec.jpg\",\"width\":2234,\"height\":398,\"caption\":\"Zapateneo Kultur Elkartea\"},\"image\":{\"@id\":\"https:\\\/\\\/zapateneo.net\\\/wordpress\\\/#\\\/schema\\\/logo\\\/image\\\/\"},\"sameAs\":[\"https:\\\/\\\/x.com\\\/zapateneo\"]}]}<\/script>\n<!-- \/ Yoast SEO plugin. -->","yoast_head_json":{"title":"Cuesti\u00f3n de clase De la cr\u00edtica de la sociolog\u00eda a la acci\u00f3n pol\u00edtica revolucionaria &#8212; Zapateneo","robots":{"index":"index","follow":"follow","max-snippet":"max-snippet:-1","max-image-preview":"max-image-preview:large","max-video-preview":"max-video-preview:-1"},"canonical":"https:\/\/zapateneo.net\/wordpress\/index.php\/producto\/cuestion-de-clase-de-la-critica-de-la-sociologia-a-la-accion-politica-revolucionaria\/","og_locale":"es_ES","og_type":"article","og_title":"Cuesti\u00f3n de clase De la cr\u00edtica de la sociolog\u00eda a la acci\u00f3n pol\u00edtica revolucionaria &#8212; Zapateneo","og_description":"Jes\u00fas Rodr\u00edguez Rojo 9788419160447 - Bellaterra - 2023 - 276 p\u00e1ginas \/orri.","og_url":"https:\/\/zapateneo.net\/wordpress\/index.php\/producto\/cuestion-de-clase-de-la-critica-de-la-sociologia-a-la-accion-politica-revolucionaria\/","og_site_name":"Zapateneo","article_modified_time":"2023-10-05T15:15:08+00:00","twitter_card":"summary_large_image","twitter_site":"@zapateneo","twitter_misc":{"Tiempo de lectura":"2 minutos"},"schema":{"@context":"https:\/\/schema.org","@graph":[{"@type":"WebPage","@id":"https:\/\/zapateneo.net\/wordpress\/index.php\/producto\/cuestion-de-clase-de-la-critica-de-la-sociologia-a-la-accion-politica-revolucionaria\/","url":"https:\/\/zapateneo.net\/wordpress\/index.php\/producto\/cuestion-de-clase-de-la-critica-de-la-sociologia-a-la-accion-politica-revolucionaria\/","name":"Cuesti\u00f3n de clase De la cr\u00edtica de la sociolog\u00eda a la acci\u00f3n pol\u00edtica revolucionaria &#8212; Zapateneo","isPartOf":{"@id":"https:\/\/zapateneo.net\/wordpress\/#website"},"primaryImageOfPage":{"@id":"https:\/\/zapateneo.net\/wordpress\/index.php\/producto\/cuestion-de-clase-de-la-critica-de-la-sociologia-a-la-accion-politica-revolucionaria\/#primaryimage"},"image":{"@id":"https:\/\/zapateneo.net\/wordpress\/index.php\/producto\/cuestion-de-clase-de-la-critica-de-la-sociologia-a-la-accion-politica-revolucionaria\/#primaryimage"},"thumbnailUrl":"https:\/\/zapateneo.net\/wordpress\/wp-content\/uploads\/2023\/10\/cuestion-de-clase-bellaterra.jpg","datePublished":"2023-10-05T15:15:02+00:00","dateModified":"2023-10-05T15:15:08+00:00","breadcrumb":{"@id":"https:\/\/zapateneo.net\/wordpress\/index.php\/producto\/cuestion-de-clase-de-la-critica-de-la-sociologia-a-la-accion-politica-revolucionaria\/#breadcrumb"},"inLanguage":"es","potentialAction":[{"@type":"ReadAction","target":["https:\/\/zapateneo.net\/wordpress\/index.php\/producto\/cuestion-de-clase-de-la-critica-de-la-sociologia-a-la-accion-politica-revolucionaria\/"]}]},{"@type":"ImageObject","inLanguage":"es","@id":"https:\/\/zapateneo.net\/wordpress\/index.php\/producto\/cuestion-de-clase-de-la-critica-de-la-sociologia-a-la-accion-politica-revolucionaria\/#primaryimage","url":"https:\/\/zapateneo.net\/wordpress\/wp-content\/uploads\/2023\/10\/cuestion-de-clase-bellaterra.jpg","contentUrl":"https:\/\/zapateneo.net\/wordpress\/wp-content\/uploads\/2023\/10\/cuestion-de-clase-bellaterra.jpg","width":261,"height":400},{"@type":"BreadcrumbList","@id":"https:\/\/zapateneo.net\/wordpress\/index.php\/producto\/cuestion-de-clase-de-la-critica-de-la-sociologia-a-la-accion-politica-revolucionaria\/#breadcrumb","itemListElement":[{"@type":"ListItem","position":1,"name":"Portada","item":"https:\/\/zapateneo.net\/wordpress\/"},{"@type":"ListItem","position":2,"name":"Tienda","item":"https:\/\/zapateneo.net\/wordpress\/"},{"@type":"ListItem","position":3,"name":"Cuesti\u00f3n de clase De la cr\u00edtica de la sociolog\u00eda a la acci\u00f3n pol\u00edtica revolucionaria"}]},{"@type":"WebSite","@id":"https:\/\/zapateneo.net\/wordpress\/#website","url":"https:\/\/zapateneo.net\/wordpress\/","name":"Zapateneo","description":"Zapateneoaren webgunea","publisher":{"@id":"https:\/\/zapateneo.net\/wordpress\/#organization"},"potentialAction":[{"@type":"SearchAction","target":{"@type":"EntryPoint","urlTemplate":"https:\/\/zapateneo.net\/wordpress\/?s={search_term_string}"},"query-input":{"@type":"PropertyValueSpecification","valueRequired":true,"valueName":"search_term_string"}}],"inLanguage":"es"},{"@type":"Organization","@id":"https:\/\/zapateneo.net\/wordpress\/#organization","name":"Zapateneo Kultur Elkartea","url":"https:\/\/zapateneo.net\/wordpress\/","logo":{"@type":"ImageObject","inLanguage":"es","@id":"https:\/\/zapateneo.net\/wordpress\/#\/schema\/logo\/image\/","url":"https:\/\/zapateneo.net\/wordpress\/wp-content\/uploads\/2021\/04\/zap-libu-kolec.jpg","contentUrl":"https:\/\/zapateneo.net\/wordpress\/wp-content\/uploads\/2021\/04\/zap-libu-kolec.jpg","width":2234,"height":398,"caption":"Zapateneo Kultur Elkartea"},"image":{"@id":"https:\/\/zapateneo.net\/wordpress\/#\/schema\/logo\/image\/"},"sameAs":["https:\/\/x.com\/zapateneo"]}]}},"_links":{"self":[{"href":"https:\/\/zapateneo.net\/wordpress\/index.php\/wp-json\/wp\/v2\/product\/14957","targetHints":{"allow":["GET"]}}],"collection":[{"href":"https:\/\/zapateneo.net\/wordpress\/index.php\/wp-json\/wp\/v2\/product"}],"about":[{"href":"https:\/\/zapateneo.net\/wordpress\/index.php\/wp-json\/wp\/v2\/types\/product"}],"wp:featuredmedia":[{"embeddable":true,"href":"https:\/\/zapateneo.net\/wordpress\/index.php\/wp-json\/wp\/v2\/media\/14969"}],"wp:attachment":[{"href":"https:\/\/zapateneo.net\/wordpress\/index.php\/wp-json\/wp\/v2\/media?parent=14957"}],"wp:term":[{"taxonomy":"product_brand","embeddable":true,"href":"https:\/\/zapateneo.net\/wordpress\/index.php\/wp-json\/wp\/v2\/product_brand?post=14957"},{"taxonomy":"product_cat","embeddable":true,"href":"https:\/\/zapateneo.net\/wordpress\/index.php\/wp-json\/wp\/v2\/product_cat?post=14957"},{"taxonomy":"product_tag","embeddable":true,"href":"https:\/\/zapateneo.net\/wordpress\/index.php\/wp-json\/wp\/v2\/product_tag?post=14957"}],"curies":[{"name":"wp","href":"https:\/\/api.w.org\/{rel}","templated":true}]}}