{"id":14954,"date":"2023-10-05T16:15:01","date_gmt":"2023-10-05T15:15:01","guid":{"rendered":"https:\/\/zapateneo.net\/wordpress\/?post_type=product&#038;p=14954"},"modified":"2023-10-05T16:15:06","modified_gmt":"2023-10-05T15:15:06","slug":"biorregiones-de-la-globalizacion-imposible-a-las-redes-territoriales-ecosostenibles","status":"publish","type":"product","link":"https:\/\/zapateneo.net\/wordpress\/index.php\/producto\/biorregiones-de-la-globalizacion-imposible-a-las-redes-territoriales-ecosostenibles\/","title":{"rendered":"BIORREGIONES De la globalizaci\u00f3n imposible a las redes territoriales ecosostenibles"},"content":{"rendered":"<p>Las m\u00faltiples crisis sociales que convergen con el desbordamiento de los l\u00edmites biof\u00edsicos del planeta nos garantizan que se van a producir cambios profundos en las formas en que se organiza la vida en com\u00fan, afectando potencialmente al conjunto de instituciones sociales, pol\u00edticas, econ\u00f3micas y culturales. La biorregi\u00f3n emerge como la unidad de complejidad m\u00ednima necesaria para planificar las transiciones ecosociales.<\/p>\n<p>Estos territorios est\u00e1n definidos por caracter\u00edsticas geogr\u00e1ficas y l\u00edmites naturales humanamente reconocibles, integrados en redes cooperativas que persiguen una autosuficiencia conectada. Son, entonces, el soporte territorial b\u00e1sico desde el que dise\u00f1ar estrategias orientadas a la autonom\u00eda energ\u00e9tica, alimentaria y econ\u00f3mica, preservando la integridad de los ecosistemas e incorporando atributos democr\u00e1ticos, participativos y de justicia social. Una noci\u00f3n que apela a la reorganizaci\u00f3n radical de las relaciones sociedad-territorionaturaleza, y que nos invita a imaginar, dise\u00f1ar y materializar nuevas formas de organizar las econom\u00edas y de habitar los territorios, conforme a normas, t\u00e9cnicas, pr\u00e1cticas y econom\u00edas para la vida.<\/p>\n<p>Este libro tiene como finalidad profundizar en el pensamiento biorregional, as\u00ed como tender un puente y establecer complicidades con otras agendas como el municipalismo y la agroecolog\u00eda, el ecourbanismo y el urbanismo feminista, las econom\u00edas transformadoras o el ecofeminismo.<\/p>\n<p>Nerea Mor\u00e1n Alonso es profesora de urbanismo en la Universidad Polit\u00e9cnica de Madrid. Jos\u00e9 Luis Fdez. Casadevante \u00abKois\u00bb es soci\u00f3logo y socio de la cooperativa Gar\u00faa. Fernando Prats es arquitecto urbanista, experto en urbanismo sostenible y transici\u00f3n ecosocial. Agust\u00edn Hern\u00e1ndez Aja es catedr\u00e1tico de urbanismo de la Universidad Polit\u00e9cnica de Madrid.<\/p>\n<p>Forman parte del Foro Transiciones, un \u00abthink tank\u00bb ecol\u00f3gico y transdisciplinar, impulsado por CONAMA y FUHEM para elaborar y divulgar contenidos en torno al cambio de \u00e9poca y el colapso de los recursos, ecosistemas y ciclos naturales que sustentan la vida, con el objetivo de impulsar un acuerdo social de transici\u00f3n a un estadio de equilibrio entre biocapacidad del planeta y bienestar, en una sociedad m\u00e1s justa y democr\u00e1tica.<\/p>\n","protected":false},"excerpt":{"rendered":"<p><strong>vvaa<\/strong><br \/>\n9788419778277 &#8211; Editorial Icaria &#8211; 2023 &#8211; 274 p\u00e1ginas \/orri.<\/p>\n","protected":false},"featured_media":14966,"template":"","meta":[],"product_brand":[],"product_cat":[15],"product_tag":[6779],"class_list":{"0":"post-14954","1":"product","2":"type-product","3":"status-publish","4":"has-post-thumbnail","6":"product_cat-otros-bestelakoak","7":"product_tag-editorial-icaria","9":"first","10":"instock","11":"sold-individually","12":"shipping-taxable","13":"purchasable","14":"product-type-simple"},"yoast_head":"<!-- This site is optimized with the Yoast SEO plugin v27.3 - https:\/\/yoast.com\/product\/yoast-seo-wordpress\/ -->\n<title>BIORREGIONES De la globalizaci\u00f3n imposible a las redes territoriales ecosostenibles &#8212; Zapateneo<\/title>\n<meta name=\"robots\" content=\"index, follow, max-snippet:-1, max-image-preview:large, max-video-preview:-1\" \/>\n<link rel=\"canonical\" href=\"https:\/\/zapateneo.net\/wordpress\/index.php\/producto\/biorregiones-de-la-globalizacion-imposible-a-las-redes-territoriales-ecosostenibles\/\" \/>\n<meta property=\"og:locale\" content=\"es_ES\" \/>\n<meta property=\"og:type\" content=\"article\" \/>\n<meta property=\"og:title\" content=\"BIORREGIONES De la globalizaci\u00f3n imposible a las redes territoriales ecosostenibles &#8212; Zapateneo\" \/>\n<meta property=\"og:description\" content=\"vvaa 9788419778277 - Editorial Icaria - 2023 - 274 p\u00e1ginas \/orri.\" \/>\n<meta property=\"og:url\" content=\"https:\/\/zapateneo.net\/wordpress\/index.php\/producto\/biorregiones-de-la-globalizacion-imposible-a-las-redes-territoriales-ecosostenibles\/\" \/>\n<meta property=\"og:site_name\" content=\"Zapateneo\" \/>\n<meta property=\"article:modified_time\" content=\"2023-10-05T15:15:06+00:00\" \/>\n<meta name=\"twitter:card\" content=\"summary_large_image\" \/>\n<meta name=\"twitter:site\" content=\"@zapateneo\" \/>\n<meta name=\"twitter:label1\" content=\"Tiempo de lectura\" \/>\n\t<meta name=\"twitter:data1\" content=\"2 minutos\" \/>\n<script type=\"application\/ld+json\" class=\"yoast-schema-graph\">{\"@context\":\"https:\\\/\\\/schema.org\",\"@graph\":[{\"@type\":\"WebPage\",\"@id\":\"https:\\\/\\\/zapateneo.net\\\/wordpress\\\/index.php\\\/producto\\\/biorregiones-de-la-globalizacion-imposible-a-las-redes-territoriales-ecosostenibles\\\/\",\"url\":\"https:\\\/\\\/zapateneo.net\\\/wordpress\\\/index.php\\\/producto\\\/biorregiones-de-la-globalizacion-imposible-a-las-redes-territoriales-ecosostenibles\\\/\",\"name\":\"BIORREGIONES De la globalizaci\u00f3n imposible a las redes territoriales ecosostenibles &#8212; Zapateneo\",\"isPartOf\":{\"@id\":\"https:\\\/\\\/zapateneo.net\\\/wordpress\\\/#website\"},\"primaryImageOfPage\":{\"@id\":\"https:\\\/\\\/zapateneo.net\\\/wordpress\\\/index.php\\\/producto\\\/biorregiones-de-la-globalizacion-imposible-a-las-redes-territoriales-ecosostenibles\\\/#primaryimage\"},\"image\":{\"@id\":\"https:\\\/\\\/zapateneo.net\\\/wordpress\\\/index.php\\\/producto\\\/biorregiones-de-la-globalizacion-imposible-a-las-redes-territoriales-ecosostenibles\\\/#primaryimage\"},\"thumbnailUrl\":\"https:\\\/\\\/zapateneo.net\\\/wordpress\\\/wp-content\\\/uploads\\\/2023\\\/10\\\/biorregiones-txalaparta-eus.jpg\",\"datePublished\":\"2023-10-05T15:15:01+00:00\",\"dateModified\":\"2023-10-05T15:15:06+00:00\",\"breadcrumb\":{\"@id\":\"https:\\\/\\\/zapateneo.net\\\/wordpress\\\/index.php\\\/producto\\\/biorregiones-de-la-globalizacion-imposible-a-las-redes-territoriales-ecosostenibles\\\/#breadcrumb\"},\"inLanguage\":\"es\",\"potentialAction\":[{\"@type\":\"ReadAction\",\"target\":[\"https:\\\/\\\/zapateneo.net\\\/wordpress\\\/index.php\\\/producto\\\/biorregiones-de-la-globalizacion-imposible-a-las-redes-territoriales-ecosostenibles\\\/\"]}]},{\"@type\":\"ImageObject\",\"inLanguage\":\"es\",\"@id\":\"https:\\\/\\\/zapateneo.net\\\/wordpress\\\/index.php\\\/producto\\\/biorregiones-de-la-globalizacion-imposible-a-las-redes-territoriales-ecosostenibles\\\/#primaryimage\",\"url\":\"https:\\\/\\\/zapateneo.net\\\/wordpress\\\/wp-content\\\/uploads\\\/2023\\\/10\\\/biorregiones-txalaparta-eus.jpg\",\"contentUrl\":\"https:\\\/\\\/zapateneo.net\\\/wordpress\\\/wp-content\\\/uploads\\\/2023\\\/10\\\/biorregiones-txalaparta-eus.jpg\",\"width\":248,\"height\":400},{\"@type\":\"BreadcrumbList\",\"@id\":\"https:\\\/\\\/zapateneo.net\\\/wordpress\\\/index.php\\\/producto\\\/biorregiones-de-la-globalizacion-imposible-a-las-redes-territoriales-ecosostenibles\\\/#breadcrumb\",\"itemListElement\":[{\"@type\":\"ListItem\",\"position\":1,\"name\":\"Portada\",\"item\":\"https:\\\/\\\/zapateneo.net\\\/wordpress\\\/\"},{\"@type\":\"ListItem\",\"position\":2,\"name\":\"Tienda\",\"item\":\"https:\\\/\\\/zapateneo.net\\\/wordpress\\\/\"},{\"@type\":\"ListItem\",\"position\":3,\"name\":\"BIORREGIONES De la globalizaci\u00f3n imposible a las redes territoriales ecosostenibles\"}]},{\"@type\":\"WebSite\",\"@id\":\"https:\\\/\\\/zapateneo.net\\\/wordpress\\\/#website\",\"url\":\"https:\\\/\\\/zapateneo.net\\\/wordpress\\\/\",\"name\":\"Zapateneo\",\"description\":\"Zapateneoaren webgunea\",\"publisher\":{\"@id\":\"https:\\\/\\\/zapateneo.net\\\/wordpress\\\/#organization\"},\"potentialAction\":[{\"@type\":\"SearchAction\",\"target\":{\"@type\":\"EntryPoint\",\"urlTemplate\":\"https:\\\/\\\/zapateneo.net\\\/wordpress\\\/?s={search_term_string}\"},\"query-input\":{\"@type\":\"PropertyValueSpecification\",\"valueRequired\":true,\"valueName\":\"search_term_string\"}}],\"inLanguage\":\"es\"},{\"@type\":\"Organization\",\"@id\":\"https:\\\/\\\/zapateneo.net\\\/wordpress\\\/#organization\",\"name\":\"Zapateneo Kultur Elkartea\",\"url\":\"https:\\\/\\\/zapateneo.net\\\/wordpress\\\/\",\"logo\":{\"@type\":\"ImageObject\",\"inLanguage\":\"es\",\"@id\":\"https:\\\/\\\/zapateneo.net\\\/wordpress\\\/#\\\/schema\\\/logo\\\/image\\\/\",\"url\":\"https:\\\/\\\/zapateneo.net\\\/wordpress\\\/wp-content\\\/uploads\\\/2021\\\/04\\\/zap-libu-kolec.jpg\",\"contentUrl\":\"https:\\\/\\\/zapateneo.net\\\/wordpress\\\/wp-content\\\/uploads\\\/2021\\\/04\\\/zap-libu-kolec.jpg\",\"width\":2234,\"height\":398,\"caption\":\"Zapateneo Kultur Elkartea\"},\"image\":{\"@id\":\"https:\\\/\\\/zapateneo.net\\\/wordpress\\\/#\\\/schema\\\/logo\\\/image\\\/\"},\"sameAs\":[\"https:\\\/\\\/x.com\\\/zapateneo\"]}]}<\/script>\n<!-- \/ Yoast SEO plugin. -->","yoast_head_json":{"title":"BIORREGIONES De la globalizaci\u00f3n imposible a las redes territoriales ecosostenibles &#8212; Zapateneo","robots":{"index":"index","follow":"follow","max-snippet":"max-snippet:-1","max-image-preview":"max-image-preview:large","max-video-preview":"max-video-preview:-1"},"canonical":"https:\/\/zapateneo.net\/wordpress\/index.php\/producto\/biorregiones-de-la-globalizacion-imposible-a-las-redes-territoriales-ecosostenibles\/","og_locale":"es_ES","og_type":"article","og_title":"BIORREGIONES De la globalizaci\u00f3n imposible a las redes territoriales ecosostenibles &#8212; Zapateneo","og_description":"vvaa 9788419778277 - Editorial Icaria - 2023 - 274 p\u00e1ginas \/orri.","og_url":"https:\/\/zapateneo.net\/wordpress\/index.php\/producto\/biorregiones-de-la-globalizacion-imposible-a-las-redes-territoriales-ecosostenibles\/","og_site_name":"Zapateneo","article_modified_time":"2023-10-05T15:15:06+00:00","twitter_card":"summary_large_image","twitter_site":"@zapateneo","twitter_misc":{"Tiempo de lectura":"2 minutos"},"schema":{"@context":"https:\/\/schema.org","@graph":[{"@type":"WebPage","@id":"https:\/\/zapateneo.net\/wordpress\/index.php\/producto\/biorregiones-de-la-globalizacion-imposible-a-las-redes-territoriales-ecosostenibles\/","url":"https:\/\/zapateneo.net\/wordpress\/index.php\/producto\/biorregiones-de-la-globalizacion-imposible-a-las-redes-territoriales-ecosostenibles\/","name":"BIORREGIONES De la globalizaci\u00f3n imposible a las redes territoriales ecosostenibles &#8212; Zapateneo","isPartOf":{"@id":"https:\/\/zapateneo.net\/wordpress\/#website"},"primaryImageOfPage":{"@id":"https:\/\/zapateneo.net\/wordpress\/index.php\/producto\/biorregiones-de-la-globalizacion-imposible-a-las-redes-territoriales-ecosostenibles\/#primaryimage"},"image":{"@id":"https:\/\/zapateneo.net\/wordpress\/index.php\/producto\/biorregiones-de-la-globalizacion-imposible-a-las-redes-territoriales-ecosostenibles\/#primaryimage"},"thumbnailUrl":"https:\/\/zapateneo.net\/wordpress\/wp-content\/uploads\/2023\/10\/biorregiones-txalaparta-eus.jpg","datePublished":"2023-10-05T15:15:01+00:00","dateModified":"2023-10-05T15:15:06+00:00","breadcrumb":{"@id":"https:\/\/zapateneo.net\/wordpress\/index.php\/producto\/biorregiones-de-la-globalizacion-imposible-a-las-redes-territoriales-ecosostenibles\/#breadcrumb"},"inLanguage":"es","potentialAction":[{"@type":"ReadAction","target":["https:\/\/zapateneo.net\/wordpress\/index.php\/producto\/biorregiones-de-la-globalizacion-imposible-a-las-redes-territoriales-ecosostenibles\/"]}]},{"@type":"ImageObject","inLanguage":"es","@id":"https:\/\/zapateneo.net\/wordpress\/index.php\/producto\/biorregiones-de-la-globalizacion-imposible-a-las-redes-territoriales-ecosostenibles\/#primaryimage","url":"https:\/\/zapateneo.net\/wordpress\/wp-content\/uploads\/2023\/10\/biorregiones-txalaparta-eus.jpg","contentUrl":"https:\/\/zapateneo.net\/wordpress\/wp-content\/uploads\/2023\/10\/biorregiones-txalaparta-eus.jpg","width":248,"height":400},{"@type":"BreadcrumbList","@id":"https:\/\/zapateneo.net\/wordpress\/index.php\/producto\/biorregiones-de-la-globalizacion-imposible-a-las-redes-territoriales-ecosostenibles\/#breadcrumb","itemListElement":[{"@type":"ListItem","position":1,"name":"Portada","item":"https:\/\/zapateneo.net\/wordpress\/"},{"@type":"ListItem","position":2,"name":"Tienda","item":"https:\/\/zapateneo.net\/wordpress\/"},{"@type":"ListItem","position":3,"name":"BIORREGIONES De la globalizaci\u00f3n imposible a las redes territoriales ecosostenibles"}]},{"@type":"WebSite","@id":"https:\/\/zapateneo.net\/wordpress\/#website","url":"https:\/\/zapateneo.net\/wordpress\/","name":"Zapateneo","description":"Zapateneoaren webgunea","publisher":{"@id":"https:\/\/zapateneo.net\/wordpress\/#organization"},"potentialAction":[{"@type":"SearchAction","target":{"@type":"EntryPoint","urlTemplate":"https:\/\/zapateneo.net\/wordpress\/?s={search_term_string}"},"query-input":{"@type":"PropertyValueSpecification","valueRequired":true,"valueName":"search_term_string"}}],"inLanguage":"es"},{"@type":"Organization","@id":"https:\/\/zapateneo.net\/wordpress\/#organization","name":"Zapateneo Kultur Elkartea","url":"https:\/\/zapateneo.net\/wordpress\/","logo":{"@type":"ImageObject","inLanguage":"es","@id":"https:\/\/zapateneo.net\/wordpress\/#\/schema\/logo\/image\/","url":"https:\/\/zapateneo.net\/wordpress\/wp-content\/uploads\/2021\/04\/zap-libu-kolec.jpg","contentUrl":"https:\/\/zapateneo.net\/wordpress\/wp-content\/uploads\/2021\/04\/zap-libu-kolec.jpg","width":2234,"height":398,"caption":"Zapateneo Kultur Elkartea"},"image":{"@id":"https:\/\/zapateneo.net\/wordpress\/#\/schema\/logo\/image\/"},"sameAs":["https:\/\/x.com\/zapateneo"]}]}},"_links":{"self":[{"href":"https:\/\/zapateneo.net\/wordpress\/index.php\/wp-json\/wp\/v2\/product\/14954","targetHints":{"allow":["GET"]}}],"collection":[{"href":"https:\/\/zapateneo.net\/wordpress\/index.php\/wp-json\/wp\/v2\/product"}],"about":[{"href":"https:\/\/zapateneo.net\/wordpress\/index.php\/wp-json\/wp\/v2\/types\/product"}],"wp:featuredmedia":[{"embeddable":true,"href":"https:\/\/zapateneo.net\/wordpress\/index.php\/wp-json\/wp\/v2\/media\/14966"}],"wp:attachment":[{"href":"https:\/\/zapateneo.net\/wordpress\/index.php\/wp-json\/wp\/v2\/media?parent=14954"}],"wp:term":[{"taxonomy":"product_brand","embeddable":true,"href":"https:\/\/zapateneo.net\/wordpress\/index.php\/wp-json\/wp\/v2\/product_brand?post=14954"},{"taxonomy":"product_cat","embeddable":true,"href":"https:\/\/zapateneo.net\/wordpress\/index.php\/wp-json\/wp\/v2\/product_cat?post=14954"},{"taxonomy":"product_tag","embeddable":true,"href":"https:\/\/zapateneo.net\/wordpress\/index.php\/wp-json\/wp\/v2\/product_tag?post=14954"}],"curies":[{"name":"wp","href":"https:\/\/api.w.org\/{rel}","templated":true}]}}