{"id":14953,"date":"2023-10-05T16:15:01","date_gmt":"2023-10-05T15:15:01","guid":{"rendered":"https:\/\/zapateneo.net\/wordpress\/?post_type=product&#038;p=14953"},"modified":"2023-10-05T16:15:06","modified_gmt":"2023-10-05T15:15:06","slug":"solidaridad-economica-buenos-vivires-y-descolonialidad-del-poder-aproximaciones-desde-mexico","status":"publish","type":"product","link":"https:\/\/zapateneo.net\/wordpress\/index.php\/producto\/solidaridad-economica-buenos-vivires-y-descolonialidad-del-poder-aproximaciones-desde-mexico\/","title":{"rendered":"Solidaridad econ\u00f3mica, buenos vivires y descolonialidad del poder. Aproximaciones desde M\u00e9xico"},"content":{"rendered":"<p>Sabemos bien poco de M\u00e9xico y a\u00fan menos de su econom\u00eda solidaria. Este libro pretende cubrir este vac\u00edo. Nos impulsan a ello la revoluci\u00f3n zapatista de 1910, la insurgencia de Chiapas de 1994 y la riqueza y vitalidad de las solidaridades econ\u00f3micas que se dan en este pa\u00eds. A partir de cinco cap\u00edtulos dedicados a las aproximaciones te\u00f3ricas, en los que sobresalen los conceptos de Buen vivir, la descolonialidad del poder, del feminismo, de la reciprocidad y de la visi\u00f3n ind\u00edgena y de otros cinco que tratan de experiencias concretas, esta publicaci\u00f3n quiere interesar a todos los que se sienten atra\u00eddos por la econom\u00eda solidaria y muy especialmente por su desarrollo actual en Am\u00e9rica Latina y m\u00e1s espec\u00edficamente en M\u00e9xico. La globalizaci\u00f3n del capital obliga a plantear la globalizaci\u00f3n de la solidaridad. En este sentido, esta obra contribuye a dar un primer paso para mejorar el conocimiento de las diferentes realidades y pensamientos y establecer di\u00e1logos con ellos.<\/p>\n","protected":false},"excerpt":{"rendered":"<p><strong>Dania L\u00f3pez-C\u00f3rdova y Boris Mara\u00f1\u00f3n-Pimentel<\/strong><br \/>\n9788419778376 &#8211; Editorial Icaria &#8211; 2023 &#8211; 314 p\u00e1ginas \/orri.<\/p>\n","protected":false},"featured_media":14965,"template":"","meta":[],"product_brand":[],"product_cat":[15],"product_tag":[6818,6779],"class_list":{"0":"post-14953","1":"product","2":"type-product","3":"status-publish","4":"has-post-thumbnail","6":"product_cat-otros-bestelakoak","7":"product_tag-dania-lopez-cordova-y-boris-maranon-pimentel","8":"product_tag-editorial-icaria","10":"first","11":"instock","12":"sold-individually","13":"shipping-taxable","14":"purchasable","15":"product-type-simple"},"yoast_head":"<!-- This site is optimized with the Yoast SEO plugin v27.3 - https:\/\/yoast.com\/product\/yoast-seo-wordpress\/ -->\n<title>Solidaridad econ\u00f3mica, buenos vivires y descolonialidad del poder. Aproximaciones desde M\u00e9xico &#8212; Zapateneo<\/title>\n<meta name=\"robots\" content=\"index, follow, max-snippet:-1, max-image-preview:large, max-video-preview:-1\" \/>\n<link rel=\"canonical\" href=\"https:\/\/zapateneo.net\/wordpress\/index.php\/producto\/solidaridad-economica-buenos-vivires-y-descolonialidad-del-poder-aproximaciones-desde-mexico\/\" \/>\n<meta property=\"og:locale\" content=\"es_ES\" \/>\n<meta property=\"og:type\" content=\"article\" \/>\n<meta property=\"og:title\" content=\"Solidaridad econ\u00f3mica, buenos vivires y descolonialidad del poder. Aproximaciones desde M\u00e9xico &#8212; Zapateneo\" \/>\n<meta property=\"og:description\" content=\"Dania L\u00f3pez-C\u00f3rdova y Boris Mara\u00f1\u00f3n-Pimentel 9788419778376 - Editorial Icaria - 2023 - 314 p\u00e1ginas \/orri.\" \/>\n<meta property=\"og:url\" content=\"https:\/\/zapateneo.net\/wordpress\/index.php\/producto\/solidaridad-economica-buenos-vivires-y-descolonialidad-del-poder-aproximaciones-desde-mexico\/\" \/>\n<meta property=\"og:site_name\" content=\"Zapateneo\" \/>\n<meta property=\"article:modified_time\" content=\"2023-10-05T15:15:06+00:00\" \/>\n<meta name=\"twitter:card\" content=\"summary_large_image\" \/>\n<meta name=\"twitter:site\" content=\"@zapateneo\" \/>\n<meta name=\"twitter:label1\" content=\"Tiempo de lectura\" \/>\n\t<meta name=\"twitter:data1\" content=\"1 minuto\" \/>\n<script type=\"application\/ld+json\" class=\"yoast-schema-graph\">{\"@context\":\"https:\\\/\\\/schema.org\",\"@graph\":[{\"@type\":\"WebPage\",\"@id\":\"https:\\\/\\\/zapateneo.net\\\/wordpress\\\/index.php\\\/producto\\\/solidaridad-economica-buenos-vivires-y-descolonialidad-del-poder-aproximaciones-desde-mexico\\\/\",\"url\":\"https:\\\/\\\/zapateneo.net\\\/wordpress\\\/index.php\\\/producto\\\/solidaridad-economica-buenos-vivires-y-descolonialidad-del-poder-aproximaciones-desde-mexico\\\/\",\"name\":\"Solidaridad econ\u00f3mica, buenos vivires y descolonialidad del poder. Aproximaciones desde M\u00e9xico &#8212; Zapateneo\",\"isPartOf\":{\"@id\":\"https:\\\/\\\/zapateneo.net\\\/wordpress\\\/#website\"},\"primaryImageOfPage\":{\"@id\":\"https:\\\/\\\/zapateneo.net\\\/wordpress\\\/index.php\\\/producto\\\/solidaridad-economica-buenos-vivires-y-descolonialidad-del-poder-aproximaciones-desde-mexico\\\/#primaryimage\"},\"image\":{\"@id\":\"https:\\\/\\\/zapateneo.net\\\/wordpress\\\/index.php\\\/producto\\\/solidaridad-economica-buenos-vivires-y-descolonialidad-del-poder-aproximaciones-desde-mexico\\\/#primaryimage\"},\"thumbnailUrl\":\"https:\\\/\\\/zapateneo.net\\\/wordpress\\\/wp-content\\\/uploads\\\/2023\\\/10\\\/solidaridad-economica-buenos-vivires-y-descolonialidad-del-poder-aproximaciones-desde-mexico.jpg\",\"datePublished\":\"2023-10-05T15:15:01+00:00\",\"dateModified\":\"2023-10-05T15:15:06+00:00\",\"breadcrumb\":{\"@id\":\"https:\\\/\\\/zapateneo.net\\\/wordpress\\\/index.php\\\/producto\\\/solidaridad-economica-buenos-vivires-y-descolonialidad-del-poder-aproximaciones-desde-mexico\\\/#breadcrumb\"},\"inLanguage\":\"es\",\"potentialAction\":[{\"@type\":\"ReadAction\",\"target\":[\"https:\\\/\\\/zapateneo.net\\\/wordpress\\\/index.php\\\/producto\\\/solidaridad-economica-buenos-vivires-y-descolonialidad-del-poder-aproximaciones-desde-mexico\\\/\"]}]},{\"@type\":\"ImageObject\",\"inLanguage\":\"es\",\"@id\":\"https:\\\/\\\/zapateneo.net\\\/wordpress\\\/index.php\\\/producto\\\/solidaridad-economica-buenos-vivires-y-descolonialidad-del-poder-aproximaciones-desde-mexico\\\/#primaryimage\",\"url\":\"https:\\\/\\\/zapateneo.net\\\/wordpress\\\/wp-content\\\/uploads\\\/2023\\\/10\\\/solidaridad-economica-buenos-vivires-y-descolonialidad-del-poder-aproximaciones-desde-mexico.jpg\",\"contentUrl\":\"https:\\\/\\\/zapateneo.net\\\/wordpress\\\/wp-content\\\/uploads\\\/2023\\\/10\\\/solidaridad-economica-buenos-vivires-y-descolonialidad-del-poder-aproximaciones-desde-mexico.jpg\",\"width\":358,\"height\":400},{\"@type\":\"BreadcrumbList\",\"@id\":\"https:\\\/\\\/zapateneo.net\\\/wordpress\\\/index.php\\\/producto\\\/solidaridad-economica-buenos-vivires-y-descolonialidad-del-poder-aproximaciones-desde-mexico\\\/#breadcrumb\",\"itemListElement\":[{\"@type\":\"ListItem\",\"position\":1,\"name\":\"Portada\",\"item\":\"https:\\\/\\\/zapateneo.net\\\/wordpress\\\/\"},{\"@type\":\"ListItem\",\"position\":2,\"name\":\"Tienda\",\"item\":\"https:\\\/\\\/zapateneo.net\\\/wordpress\\\/\"},{\"@type\":\"ListItem\",\"position\":3,\"name\":\"Solidaridad econ\u00f3mica, buenos vivires y descolonialidad del poder. Aproximaciones desde M\u00e9xico\"}]},{\"@type\":\"WebSite\",\"@id\":\"https:\\\/\\\/zapateneo.net\\\/wordpress\\\/#website\",\"url\":\"https:\\\/\\\/zapateneo.net\\\/wordpress\\\/\",\"name\":\"Zapateneo\",\"description\":\"Zapateneoaren webgunea\",\"publisher\":{\"@id\":\"https:\\\/\\\/zapateneo.net\\\/wordpress\\\/#organization\"},\"potentialAction\":[{\"@type\":\"SearchAction\",\"target\":{\"@type\":\"EntryPoint\",\"urlTemplate\":\"https:\\\/\\\/zapateneo.net\\\/wordpress\\\/?s={search_term_string}\"},\"query-input\":{\"@type\":\"PropertyValueSpecification\",\"valueRequired\":true,\"valueName\":\"search_term_string\"}}],\"inLanguage\":\"es\"},{\"@type\":\"Organization\",\"@id\":\"https:\\\/\\\/zapateneo.net\\\/wordpress\\\/#organization\",\"name\":\"Zapateneo Kultur Elkartea\",\"url\":\"https:\\\/\\\/zapateneo.net\\\/wordpress\\\/\",\"logo\":{\"@type\":\"ImageObject\",\"inLanguage\":\"es\",\"@id\":\"https:\\\/\\\/zapateneo.net\\\/wordpress\\\/#\\\/schema\\\/logo\\\/image\\\/\",\"url\":\"https:\\\/\\\/zapateneo.net\\\/wordpress\\\/wp-content\\\/uploads\\\/2021\\\/04\\\/zap-libu-kolec.jpg\",\"contentUrl\":\"https:\\\/\\\/zapateneo.net\\\/wordpress\\\/wp-content\\\/uploads\\\/2021\\\/04\\\/zap-libu-kolec.jpg\",\"width\":2234,\"height\":398,\"caption\":\"Zapateneo Kultur Elkartea\"},\"image\":{\"@id\":\"https:\\\/\\\/zapateneo.net\\\/wordpress\\\/#\\\/schema\\\/logo\\\/image\\\/\"},\"sameAs\":[\"https:\\\/\\\/x.com\\\/zapateneo\"]}]}<\/script>\n<!-- \/ Yoast SEO plugin. -->","yoast_head_json":{"title":"Solidaridad econ\u00f3mica, buenos vivires y descolonialidad del poder. Aproximaciones desde M\u00e9xico &#8212; Zapateneo","robots":{"index":"index","follow":"follow","max-snippet":"max-snippet:-1","max-image-preview":"max-image-preview:large","max-video-preview":"max-video-preview:-1"},"canonical":"https:\/\/zapateneo.net\/wordpress\/index.php\/producto\/solidaridad-economica-buenos-vivires-y-descolonialidad-del-poder-aproximaciones-desde-mexico\/","og_locale":"es_ES","og_type":"article","og_title":"Solidaridad econ\u00f3mica, buenos vivires y descolonialidad del poder. Aproximaciones desde M\u00e9xico &#8212; Zapateneo","og_description":"Dania L\u00f3pez-C\u00f3rdova y Boris Mara\u00f1\u00f3n-Pimentel 9788419778376 - Editorial Icaria - 2023 - 314 p\u00e1ginas \/orri.","og_url":"https:\/\/zapateneo.net\/wordpress\/index.php\/producto\/solidaridad-economica-buenos-vivires-y-descolonialidad-del-poder-aproximaciones-desde-mexico\/","og_site_name":"Zapateneo","article_modified_time":"2023-10-05T15:15:06+00:00","twitter_card":"summary_large_image","twitter_site":"@zapateneo","twitter_misc":{"Tiempo de lectura":"1 minuto"},"schema":{"@context":"https:\/\/schema.org","@graph":[{"@type":"WebPage","@id":"https:\/\/zapateneo.net\/wordpress\/index.php\/producto\/solidaridad-economica-buenos-vivires-y-descolonialidad-del-poder-aproximaciones-desde-mexico\/","url":"https:\/\/zapateneo.net\/wordpress\/index.php\/producto\/solidaridad-economica-buenos-vivires-y-descolonialidad-del-poder-aproximaciones-desde-mexico\/","name":"Solidaridad econ\u00f3mica, buenos vivires y descolonialidad del poder. Aproximaciones desde M\u00e9xico &#8212; Zapateneo","isPartOf":{"@id":"https:\/\/zapateneo.net\/wordpress\/#website"},"primaryImageOfPage":{"@id":"https:\/\/zapateneo.net\/wordpress\/index.php\/producto\/solidaridad-economica-buenos-vivires-y-descolonialidad-del-poder-aproximaciones-desde-mexico\/#primaryimage"},"image":{"@id":"https:\/\/zapateneo.net\/wordpress\/index.php\/producto\/solidaridad-economica-buenos-vivires-y-descolonialidad-del-poder-aproximaciones-desde-mexico\/#primaryimage"},"thumbnailUrl":"https:\/\/zapateneo.net\/wordpress\/wp-content\/uploads\/2023\/10\/solidaridad-economica-buenos-vivires-y-descolonialidad-del-poder-aproximaciones-desde-mexico.jpg","datePublished":"2023-10-05T15:15:01+00:00","dateModified":"2023-10-05T15:15:06+00:00","breadcrumb":{"@id":"https:\/\/zapateneo.net\/wordpress\/index.php\/producto\/solidaridad-economica-buenos-vivires-y-descolonialidad-del-poder-aproximaciones-desde-mexico\/#breadcrumb"},"inLanguage":"es","potentialAction":[{"@type":"ReadAction","target":["https:\/\/zapateneo.net\/wordpress\/index.php\/producto\/solidaridad-economica-buenos-vivires-y-descolonialidad-del-poder-aproximaciones-desde-mexico\/"]}]},{"@type":"ImageObject","inLanguage":"es","@id":"https:\/\/zapateneo.net\/wordpress\/index.php\/producto\/solidaridad-economica-buenos-vivires-y-descolonialidad-del-poder-aproximaciones-desde-mexico\/#primaryimage","url":"https:\/\/zapateneo.net\/wordpress\/wp-content\/uploads\/2023\/10\/solidaridad-economica-buenos-vivires-y-descolonialidad-del-poder-aproximaciones-desde-mexico.jpg","contentUrl":"https:\/\/zapateneo.net\/wordpress\/wp-content\/uploads\/2023\/10\/solidaridad-economica-buenos-vivires-y-descolonialidad-del-poder-aproximaciones-desde-mexico.jpg","width":358,"height":400},{"@type":"BreadcrumbList","@id":"https:\/\/zapateneo.net\/wordpress\/index.php\/producto\/solidaridad-economica-buenos-vivires-y-descolonialidad-del-poder-aproximaciones-desde-mexico\/#breadcrumb","itemListElement":[{"@type":"ListItem","position":1,"name":"Portada","item":"https:\/\/zapateneo.net\/wordpress\/"},{"@type":"ListItem","position":2,"name":"Tienda","item":"https:\/\/zapateneo.net\/wordpress\/"},{"@type":"ListItem","position":3,"name":"Solidaridad econ\u00f3mica, buenos vivires y descolonialidad del poder. Aproximaciones desde M\u00e9xico"}]},{"@type":"WebSite","@id":"https:\/\/zapateneo.net\/wordpress\/#website","url":"https:\/\/zapateneo.net\/wordpress\/","name":"Zapateneo","description":"Zapateneoaren webgunea","publisher":{"@id":"https:\/\/zapateneo.net\/wordpress\/#organization"},"potentialAction":[{"@type":"SearchAction","target":{"@type":"EntryPoint","urlTemplate":"https:\/\/zapateneo.net\/wordpress\/?s={search_term_string}"},"query-input":{"@type":"PropertyValueSpecification","valueRequired":true,"valueName":"search_term_string"}}],"inLanguage":"es"},{"@type":"Organization","@id":"https:\/\/zapateneo.net\/wordpress\/#organization","name":"Zapateneo Kultur Elkartea","url":"https:\/\/zapateneo.net\/wordpress\/","logo":{"@type":"ImageObject","inLanguage":"es","@id":"https:\/\/zapateneo.net\/wordpress\/#\/schema\/logo\/image\/","url":"https:\/\/zapateneo.net\/wordpress\/wp-content\/uploads\/2021\/04\/zap-libu-kolec.jpg","contentUrl":"https:\/\/zapateneo.net\/wordpress\/wp-content\/uploads\/2021\/04\/zap-libu-kolec.jpg","width":2234,"height":398,"caption":"Zapateneo Kultur Elkartea"},"image":{"@id":"https:\/\/zapateneo.net\/wordpress\/#\/schema\/logo\/image\/"},"sameAs":["https:\/\/x.com\/zapateneo"]}]}},"_links":{"self":[{"href":"https:\/\/zapateneo.net\/wordpress\/index.php\/wp-json\/wp\/v2\/product\/14953","targetHints":{"allow":["GET"]}}],"collection":[{"href":"https:\/\/zapateneo.net\/wordpress\/index.php\/wp-json\/wp\/v2\/product"}],"about":[{"href":"https:\/\/zapateneo.net\/wordpress\/index.php\/wp-json\/wp\/v2\/types\/product"}],"wp:featuredmedia":[{"embeddable":true,"href":"https:\/\/zapateneo.net\/wordpress\/index.php\/wp-json\/wp\/v2\/media\/14965"}],"wp:attachment":[{"href":"https:\/\/zapateneo.net\/wordpress\/index.php\/wp-json\/wp\/v2\/media?parent=14953"}],"wp:term":[{"taxonomy":"product_brand","embeddable":true,"href":"https:\/\/zapateneo.net\/wordpress\/index.php\/wp-json\/wp\/v2\/product_brand?post=14953"},{"taxonomy":"product_cat","embeddable":true,"href":"https:\/\/zapateneo.net\/wordpress\/index.php\/wp-json\/wp\/v2\/product_cat?post=14953"},{"taxonomy":"product_tag","embeddable":true,"href":"https:\/\/zapateneo.net\/wordpress\/index.php\/wp-json\/wp\/v2\/product_tag?post=14953"}],"curies":[{"name":"wp","href":"https:\/\/api.w.org\/{rel}","templated":true}]}}