{"id":14951,"date":"2023-10-05T16:15:00","date_gmt":"2023-10-05T15:15:00","guid":{"rendered":"https:\/\/zapateneo.net\/wordpress\/?post_type=product&#038;p=14951"},"modified":"2023-10-05T16:15:04","modified_gmt":"2023-10-05T15:15:04","slug":"puta-feminista-historias-de-una-trabajadora-sexual","status":"publish","type":"product","link":"https:\/\/zapateneo.net\/wordpress\/index.php\/producto\/puta-feminista-historias-de-una-trabajadora-sexual\/","title":{"rendered":"PUTA FEMINISTA Historias de una trabajadora sexual"},"content":{"rendered":"<p>Somos las que quisieron ocultar debajo de la alfombra. Somos aquellas en las que se han depositado todas las miserias. Somos ese insulto.\u00bb<\/p>\n<p>As\u00ed empieza este libro, que explica en primera persona la verdadera historia de una trabajadora sexual, no la de los relatos sensacionalistas medi\u00e1ticos, ni la de las instituciones del Estado o de la industria del rescate.<\/p>\n<p>Frente a la construcci\u00f3n de estereotipos cosificadores de las mujeres que ejercen la prostituci\u00f3n, este relato autobiogr\u00e1fico de Georgina Orellano pone de relieve la complejidad de la relaci\u00f3n entre libertad, opresi\u00f3n y derechos, desde la vivencia de una mujer de clase obrera que \u00abno pod\u00eda elegir: optaba\u00bb. Desde ese lugar, Orellano traza con una tremenda capacidad narrativa el trayecto vital que la llev\u00f3 a considerar el trabajo sexual como su oficio, a legitimarlo y legitimarse en \u00e9l, batallando contra las diferentes capas del estigma y de la doble moral social.<\/p>\n<p>M\u00e1s all\u00e1 de su car\u00e1cter de testimonio personal, Puta feminista es un libro profundamente reflexivo, en el que la consigna de que \u00ablo personal es pol\u00edtico\u00bb toma un significado especialmente relevante. Cuestiones como la legalidad y la ilegalidad en relaci\u00f3n con los derechos, la aut\u00e9ntica relaci\u00f3n con los clientes, las l\u00f3gicas punitivistas y redentoras en el seno del feminismo, la autoorganizaci\u00f3n y el apoyo mutuo en actividades social y jur\u00eddicamente invisibilizadas\u2026 aparecen aqu\u00ed con una luz especialmente potente en la que el pensamiento est\u00e1 repleto de pr\u00e1ctica y, sobre todo, de calle.<\/p>\n<p>georgina-orellano<\/p>\n<p>Georgina Orellano (Mor\u00f3n, 1986) Trabajadora sexual desde los diecinueve a\u00f1os, se ha convertido en una de las referentes internacionales en la lucha por los derechos de las mujeres que ejercen prostituci\u00f3n. Hija de una familia de clase obrera de la localidad de Mor\u00f3n (Buenos Aires), pas\u00f3 por diferentes experiencias laborales hasta que opt\u00f3 por el trabajo sexual de calle como oficio. Sus primeros contactos con activistas de AMMAR Sindicato de Trabajadorxs Sexuales en la Argentina, integrada como secci\u00f3n de la CTA (Central de Trabajadores y Trabajadoras de la Argentina), se dan en 2010 para confrontar el acoso por parte de un cliente en el barrio de Villa del Parque. Ese mismo a\u00f1o es elegida delegada de esa zona en la organizaci\u00f3n y comienza su militancia activa. Cuatro a\u00f1os despu\u00e9s y de manera inesperada, durante los debates del Plenario Nacional de AMMAR en Buenos Aires, es propuesta como secretaria general, despu\u00e9s de que se manifestaran numerosas cr\u00edticas a la direcci\u00f3n de entonces. Elegida para el cargo en 2014, con veintisiete a\u00f1os, Georgina Orellano se convirti\u00f3 a partir de ese momento en una de las voces m\u00e1s potentes y s\u00f3lidas del feminismo proderechos a escala internacional.<\/p>\n","protected":false},"excerpt":{"rendered":"<p><strong>Georgina Orellano<\/strong><br \/>\n9788417870270 &#8211; VIRUS &#8211; 2023 &#8211; 220 p\u00e1ginas \/orri.<\/p>\n","protected":false},"featured_media":14963,"template":"","meta":[],"product_brand":[],"product_cat":[15],"product_tag":[6815,57],"class_list":{"0":"post-14951","1":"product","2":"type-product","3":"status-publish","4":"has-post-thumbnail","6":"product_cat-otros-bestelakoak","7":"product_tag-georgina-orellano","8":"product_tag-virus","10":"first","11":"instock","12":"sold-individually","13":"shipping-taxable","14":"purchasable","15":"product-type-simple"},"yoast_head":"<!-- This site is optimized with the Yoast SEO plugin v27.3 - https:\/\/yoast.com\/product\/yoast-seo-wordpress\/ -->\n<title>PUTA FEMINISTA Historias de una trabajadora sexual &#8212; Zapateneo<\/title>\n<meta name=\"robots\" content=\"index, follow, max-snippet:-1, max-image-preview:large, max-video-preview:-1\" \/>\n<link rel=\"canonical\" href=\"https:\/\/zapateneo.net\/wordpress\/index.php\/producto\/puta-feminista-historias-de-una-trabajadora-sexual\/\" \/>\n<meta property=\"og:locale\" content=\"es_ES\" \/>\n<meta property=\"og:type\" content=\"article\" \/>\n<meta property=\"og:title\" content=\"PUTA FEMINISTA Historias de una trabajadora sexual &#8212; Zapateneo\" \/>\n<meta property=\"og:description\" content=\"Georgina Orellano 9788417870270 - VIRUS - 2023 - 220 p\u00e1ginas \/orri.\" \/>\n<meta property=\"og:url\" content=\"https:\/\/zapateneo.net\/wordpress\/index.php\/producto\/puta-feminista-historias-de-una-trabajadora-sexual\/\" \/>\n<meta property=\"og:site_name\" content=\"Zapateneo\" \/>\n<meta property=\"article:modified_time\" content=\"2023-10-05T15:15:04+00:00\" \/>\n<meta name=\"twitter:card\" content=\"summary_large_image\" \/>\n<meta name=\"twitter:site\" content=\"@zapateneo\" \/>\n<meta name=\"twitter:label1\" content=\"Tiempo de lectura\" \/>\n\t<meta name=\"twitter:data1\" content=\"2 minutos\" \/>\n<script type=\"application\/ld+json\" class=\"yoast-schema-graph\">{\"@context\":\"https:\\\/\\\/schema.org\",\"@graph\":[{\"@type\":\"WebPage\",\"@id\":\"https:\\\/\\\/zapateneo.net\\\/wordpress\\\/index.php\\\/producto\\\/puta-feminista-historias-de-una-trabajadora-sexual\\\/\",\"url\":\"https:\\\/\\\/zapateneo.net\\\/wordpress\\\/index.php\\\/producto\\\/puta-feminista-historias-de-una-trabajadora-sexual\\\/\",\"name\":\"PUTA FEMINISTA Historias de una trabajadora sexual &#8212; Zapateneo\",\"isPartOf\":{\"@id\":\"https:\\\/\\\/zapateneo.net\\\/wordpress\\\/#website\"},\"primaryImageOfPage\":{\"@id\":\"https:\\\/\\\/zapateneo.net\\\/wordpress\\\/index.php\\\/producto\\\/puta-feminista-historias-de-una-trabajadora-sexual\\\/#primaryimage\"},\"image\":{\"@id\":\"https:\\\/\\\/zapateneo.net\\\/wordpress\\\/index.php\\\/producto\\\/puta-feminista-historias-de-una-trabajadora-sexual\\\/#primaryimage\"},\"thumbnailUrl\":\"https:\\\/\\\/zapateneo.net\\\/wordpress\\\/wp-content\\\/uploads\\\/2023\\\/10\\\/puta-feminista-9788417870270.jpg\",\"datePublished\":\"2023-10-05T15:15:00+00:00\",\"dateModified\":\"2023-10-05T15:15:04+00:00\",\"breadcrumb\":{\"@id\":\"https:\\\/\\\/zapateneo.net\\\/wordpress\\\/index.php\\\/producto\\\/puta-feminista-historias-de-una-trabajadora-sexual\\\/#breadcrumb\"},\"inLanguage\":\"es\",\"potentialAction\":[{\"@type\":\"ReadAction\",\"target\":[\"https:\\\/\\\/zapateneo.net\\\/wordpress\\\/index.php\\\/producto\\\/puta-feminista-historias-de-una-trabajadora-sexual\\\/\"]}]},{\"@type\":\"ImageObject\",\"inLanguage\":\"es\",\"@id\":\"https:\\\/\\\/zapateneo.net\\\/wordpress\\\/index.php\\\/producto\\\/puta-feminista-historias-de-una-trabajadora-sexual\\\/#primaryimage\",\"url\":\"https:\\\/\\\/zapateneo.net\\\/wordpress\\\/wp-content\\\/uploads\\\/2023\\\/10\\\/puta-feminista-9788417870270.jpg\",\"contentUrl\":\"https:\\\/\\\/zapateneo.net\\\/wordpress\\\/wp-content\\\/uploads\\\/2023\\\/10\\\/puta-feminista-9788417870270.jpg\",\"width\":266,\"height\":400},{\"@type\":\"BreadcrumbList\",\"@id\":\"https:\\\/\\\/zapateneo.net\\\/wordpress\\\/index.php\\\/producto\\\/puta-feminista-historias-de-una-trabajadora-sexual\\\/#breadcrumb\",\"itemListElement\":[{\"@type\":\"ListItem\",\"position\":1,\"name\":\"Portada\",\"item\":\"https:\\\/\\\/zapateneo.net\\\/wordpress\\\/\"},{\"@type\":\"ListItem\",\"position\":2,\"name\":\"Tienda\",\"item\":\"https:\\\/\\\/zapateneo.net\\\/wordpress\\\/\"},{\"@type\":\"ListItem\",\"position\":3,\"name\":\"PUTA FEMINISTA Historias de una trabajadora sexual\"}]},{\"@type\":\"WebSite\",\"@id\":\"https:\\\/\\\/zapateneo.net\\\/wordpress\\\/#website\",\"url\":\"https:\\\/\\\/zapateneo.net\\\/wordpress\\\/\",\"name\":\"Zapateneo\",\"description\":\"Zapateneoaren webgunea\",\"publisher\":{\"@id\":\"https:\\\/\\\/zapateneo.net\\\/wordpress\\\/#organization\"},\"potentialAction\":[{\"@type\":\"SearchAction\",\"target\":{\"@type\":\"EntryPoint\",\"urlTemplate\":\"https:\\\/\\\/zapateneo.net\\\/wordpress\\\/?s={search_term_string}\"},\"query-input\":{\"@type\":\"PropertyValueSpecification\",\"valueRequired\":true,\"valueName\":\"search_term_string\"}}],\"inLanguage\":\"es\"},{\"@type\":\"Organization\",\"@id\":\"https:\\\/\\\/zapateneo.net\\\/wordpress\\\/#organization\",\"name\":\"Zapateneo Kultur Elkartea\",\"url\":\"https:\\\/\\\/zapateneo.net\\\/wordpress\\\/\",\"logo\":{\"@type\":\"ImageObject\",\"inLanguage\":\"es\",\"@id\":\"https:\\\/\\\/zapateneo.net\\\/wordpress\\\/#\\\/schema\\\/logo\\\/image\\\/\",\"url\":\"https:\\\/\\\/zapateneo.net\\\/wordpress\\\/wp-content\\\/uploads\\\/2021\\\/04\\\/zap-libu-kolec.jpg\",\"contentUrl\":\"https:\\\/\\\/zapateneo.net\\\/wordpress\\\/wp-content\\\/uploads\\\/2021\\\/04\\\/zap-libu-kolec.jpg\",\"width\":2234,\"height\":398,\"caption\":\"Zapateneo Kultur Elkartea\"},\"image\":{\"@id\":\"https:\\\/\\\/zapateneo.net\\\/wordpress\\\/#\\\/schema\\\/logo\\\/image\\\/\"},\"sameAs\":[\"https:\\\/\\\/x.com\\\/zapateneo\"]}]}<\/script>\n<!-- \/ Yoast SEO plugin. -->","yoast_head_json":{"title":"PUTA FEMINISTA Historias de una trabajadora sexual &#8212; Zapateneo","robots":{"index":"index","follow":"follow","max-snippet":"max-snippet:-1","max-image-preview":"max-image-preview:large","max-video-preview":"max-video-preview:-1"},"canonical":"https:\/\/zapateneo.net\/wordpress\/index.php\/producto\/puta-feminista-historias-de-una-trabajadora-sexual\/","og_locale":"es_ES","og_type":"article","og_title":"PUTA FEMINISTA Historias de una trabajadora sexual &#8212; Zapateneo","og_description":"Georgina Orellano 9788417870270 - VIRUS - 2023 - 220 p\u00e1ginas \/orri.","og_url":"https:\/\/zapateneo.net\/wordpress\/index.php\/producto\/puta-feminista-historias-de-una-trabajadora-sexual\/","og_site_name":"Zapateneo","article_modified_time":"2023-10-05T15:15:04+00:00","twitter_card":"summary_large_image","twitter_site":"@zapateneo","twitter_misc":{"Tiempo de lectura":"2 minutos"},"schema":{"@context":"https:\/\/schema.org","@graph":[{"@type":"WebPage","@id":"https:\/\/zapateneo.net\/wordpress\/index.php\/producto\/puta-feminista-historias-de-una-trabajadora-sexual\/","url":"https:\/\/zapateneo.net\/wordpress\/index.php\/producto\/puta-feminista-historias-de-una-trabajadora-sexual\/","name":"PUTA FEMINISTA Historias de una trabajadora sexual &#8212; Zapateneo","isPartOf":{"@id":"https:\/\/zapateneo.net\/wordpress\/#website"},"primaryImageOfPage":{"@id":"https:\/\/zapateneo.net\/wordpress\/index.php\/producto\/puta-feminista-historias-de-una-trabajadora-sexual\/#primaryimage"},"image":{"@id":"https:\/\/zapateneo.net\/wordpress\/index.php\/producto\/puta-feminista-historias-de-una-trabajadora-sexual\/#primaryimage"},"thumbnailUrl":"https:\/\/zapateneo.net\/wordpress\/wp-content\/uploads\/2023\/10\/puta-feminista-9788417870270.jpg","datePublished":"2023-10-05T15:15:00+00:00","dateModified":"2023-10-05T15:15:04+00:00","breadcrumb":{"@id":"https:\/\/zapateneo.net\/wordpress\/index.php\/producto\/puta-feminista-historias-de-una-trabajadora-sexual\/#breadcrumb"},"inLanguage":"es","potentialAction":[{"@type":"ReadAction","target":["https:\/\/zapateneo.net\/wordpress\/index.php\/producto\/puta-feminista-historias-de-una-trabajadora-sexual\/"]}]},{"@type":"ImageObject","inLanguage":"es","@id":"https:\/\/zapateneo.net\/wordpress\/index.php\/producto\/puta-feminista-historias-de-una-trabajadora-sexual\/#primaryimage","url":"https:\/\/zapateneo.net\/wordpress\/wp-content\/uploads\/2023\/10\/puta-feminista-9788417870270.jpg","contentUrl":"https:\/\/zapateneo.net\/wordpress\/wp-content\/uploads\/2023\/10\/puta-feminista-9788417870270.jpg","width":266,"height":400},{"@type":"BreadcrumbList","@id":"https:\/\/zapateneo.net\/wordpress\/index.php\/producto\/puta-feminista-historias-de-una-trabajadora-sexual\/#breadcrumb","itemListElement":[{"@type":"ListItem","position":1,"name":"Portada","item":"https:\/\/zapateneo.net\/wordpress\/"},{"@type":"ListItem","position":2,"name":"Tienda","item":"https:\/\/zapateneo.net\/wordpress\/"},{"@type":"ListItem","position":3,"name":"PUTA FEMINISTA Historias de una trabajadora sexual"}]},{"@type":"WebSite","@id":"https:\/\/zapateneo.net\/wordpress\/#website","url":"https:\/\/zapateneo.net\/wordpress\/","name":"Zapateneo","description":"Zapateneoaren webgunea","publisher":{"@id":"https:\/\/zapateneo.net\/wordpress\/#organization"},"potentialAction":[{"@type":"SearchAction","target":{"@type":"EntryPoint","urlTemplate":"https:\/\/zapateneo.net\/wordpress\/?s={search_term_string}"},"query-input":{"@type":"PropertyValueSpecification","valueRequired":true,"valueName":"search_term_string"}}],"inLanguage":"es"},{"@type":"Organization","@id":"https:\/\/zapateneo.net\/wordpress\/#organization","name":"Zapateneo Kultur Elkartea","url":"https:\/\/zapateneo.net\/wordpress\/","logo":{"@type":"ImageObject","inLanguage":"es","@id":"https:\/\/zapateneo.net\/wordpress\/#\/schema\/logo\/image\/","url":"https:\/\/zapateneo.net\/wordpress\/wp-content\/uploads\/2021\/04\/zap-libu-kolec.jpg","contentUrl":"https:\/\/zapateneo.net\/wordpress\/wp-content\/uploads\/2021\/04\/zap-libu-kolec.jpg","width":2234,"height":398,"caption":"Zapateneo Kultur Elkartea"},"image":{"@id":"https:\/\/zapateneo.net\/wordpress\/#\/schema\/logo\/image\/"},"sameAs":["https:\/\/x.com\/zapateneo"]}]}},"_links":{"self":[{"href":"https:\/\/zapateneo.net\/wordpress\/index.php\/wp-json\/wp\/v2\/product\/14951","targetHints":{"allow":["GET"]}}],"collection":[{"href":"https:\/\/zapateneo.net\/wordpress\/index.php\/wp-json\/wp\/v2\/product"}],"about":[{"href":"https:\/\/zapateneo.net\/wordpress\/index.php\/wp-json\/wp\/v2\/types\/product"}],"wp:featuredmedia":[{"embeddable":true,"href":"https:\/\/zapateneo.net\/wordpress\/index.php\/wp-json\/wp\/v2\/media\/14963"}],"wp:attachment":[{"href":"https:\/\/zapateneo.net\/wordpress\/index.php\/wp-json\/wp\/v2\/media?parent=14951"}],"wp:term":[{"taxonomy":"product_brand","embeddable":true,"href":"https:\/\/zapateneo.net\/wordpress\/index.php\/wp-json\/wp\/v2\/product_brand?post=14951"},{"taxonomy":"product_cat","embeddable":true,"href":"https:\/\/zapateneo.net\/wordpress\/index.php\/wp-json\/wp\/v2\/product_cat?post=14951"},{"taxonomy":"product_tag","embeddable":true,"href":"https:\/\/zapateneo.net\/wordpress\/index.php\/wp-json\/wp\/v2\/product_tag?post=14951"}],"curies":[{"name":"wp","href":"https:\/\/api.w.org\/{rel}","templated":true}]}}