{"id":14912,"date":"2023-09-28T16:16:13","date_gmt":"2023-09-28T15:16:13","guid":{"rendered":"https:\/\/zapateneo.net\/wordpress\/?post_type=product&#038;p=14912"},"modified":"2023-09-28T16:16:32","modified_gmt":"2023-09-28T15:16:32","slug":"resistencias-locas-y-resistencias-queer-un-encuentro-en-la-subjetividad-para-la-practica-politica","status":"publish","type":"product","link":"https:\/\/zapateneo.net\/wordpress\/index.php\/producto\/resistencias-locas-y-resistencias-queer-un-encuentro-en-la-subjetividad-para-la-practica-politica\/","title":{"rendered":"RESISTENCIAS LOCAS Y RESISTENCIAS QUEER Un encuentro en la subjetividad para la pr\u00e1ctica pol\u00edtica"},"content":{"rendered":"<p>La construcci\u00f3n desviada de nuestra subjetividad tiene consecuencias sociopol\u00edticas. El objetivo de esta pulguita es retratar alianzas te\u00f3ricas entre las afiliaciones subjetivo-pol\u00edticas queer y loke, recorriendo cada concepto y buscando en sus cartograf\u00edas los puntos comunes. Aqu\u00ed se defiende la alianza pol\u00edtica interseccional entre los movimientos queer y loke.<\/p>\n<p>Se introduce la constituci\u00f3n en la locura de las disidencias sexo-gen\u00e9rico-sexuales, se se\u00f1ala el lado sist\u00e9mico-estructural de las experiencias que conocemos como \u201cenfermedad mental\u201d y su funci\u00f3n dentro del saber-poder psiqui\u00e1trico. Se explora la abyecci\u00f3n como territorio conocido para les queer y para les lokes. Y se sugiere que la locura puede significar en s\u00ed misma una forma de disidencia con respecto de la norma sexo-g\u00e9nero-sexualidad.<\/p>\n","protected":false},"excerpt":{"rendered":"<p><strong>Lola del Gallego Noval<\/strong><br \/>\n9788409509003 &#8211; Imperdible &#8211; 2023 &#8211; 64 p\u00e1ginas \/orri.<\/p>\n","protected":false},"featured_media":14940,"template":"","meta":[],"product_brand":[],"product_cat":[15],"product_tag":[2035,6813],"class_list":{"0":"post-14912","1":"product","2":"type-product","3":"status-publish","4":"has-post-thumbnail","6":"product_cat-otros-bestelakoak","7":"product_tag-imperdible","8":"product_tag-lola-del-gallego-noval","10":"first","11":"instock","12":"sold-individually","13":"shipping-taxable","14":"purchasable","15":"product-type-simple"},"yoast_head":"<!-- This site is optimized with the Yoast SEO plugin v27.3 - https:\/\/yoast.com\/product\/yoast-seo-wordpress\/ -->\n<title>RESISTENCIAS LOCAS Y RESISTENCIAS QUEER Un encuentro en la subjetividad para la pr\u00e1ctica pol\u00edtica &#8212; Zapateneo<\/title>\n<meta name=\"robots\" content=\"index, follow, max-snippet:-1, max-image-preview:large, max-video-preview:-1\" \/>\n<link rel=\"canonical\" href=\"https:\/\/zapateneo.net\/wordpress\/index.php\/producto\/resistencias-locas-y-resistencias-queer-un-encuentro-en-la-subjetividad-para-la-practica-politica\/\" \/>\n<meta property=\"og:locale\" content=\"es_ES\" \/>\n<meta property=\"og:type\" content=\"article\" \/>\n<meta property=\"og:title\" content=\"RESISTENCIAS LOCAS Y RESISTENCIAS QUEER Un encuentro en la subjetividad para la pr\u00e1ctica pol\u00edtica &#8212; Zapateneo\" \/>\n<meta property=\"og:description\" content=\"Lola del Gallego Noval 9788409509003 - Imperdible - 2023 - 64 p\u00e1ginas \/orri.\" \/>\n<meta property=\"og:url\" content=\"https:\/\/zapateneo.net\/wordpress\/index.php\/producto\/resistencias-locas-y-resistencias-queer-un-encuentro-en-la-subjetividad-para-la-practica-politica\/\" \/>\n<meta property=\"og:site_name\" content=\"Zapateneo\" \/>\n<meta property=\"article:modified_time\" content=\"2023-09-28T15:16:32+00:00\" \/>\n<meta name=\"twitter:card\" content=\"summary_large_image\" \/>\n<meta name=\"twitter:site\" content=\"@zapateneo\" \/>\n<meta name=\"twitter:label1\" content=\"Tiempo de lectura\" \/>\n\t<meta name=\"twitter:data1\" content=\"1 minuto\" \/>\n<script type=\"application\/ld+json\" class=\"yoast-schema-graph\">{\"@context\":\"https:\\\/\\\/schema.org\",\"@graph\":[{\"@type\":\"WebPage\",\"@id\":\"https:\\\/\\\/zapateneo.net\\\/wordpress\\\/index.php\\\/producto\\\/resistencias-locas-y-resistencias-queer-un-encuentro-en-la-subjetividad-para-la-practica-politica\\\/\",\"url\":\"https:\\\/\\\/zapateneo.net\\\/wordpress\\\/index.php\\\/producto\\\/resistencias-locas-y-resistencias-queer-un-encuentro-en-la-subjetividad-para-la-practica-politica\\\/\",\"name\":\"RESISTENCIAS LOCAS Y RESISTENCIAS QUEER Un encuentro en la subjetividad para la pr\u00e1ctica pol\u00edtica &#8212; Zapateneo\",\"isPartOf\":{\"@id\":\"https:\\\/\\\/zapateneo.net\\\/wordpress\\\/#website\"},\"primaryImageOfPage\":{\"@id\":\"https:\\\/\\\/zapateneo.net\\\/wordpress\\\/index.php\\\/producto\\\/resistencias-locas-y-resistencias-queer-un-encuentro-en-la-subjetividad-para-la-practica-politica\\\/#primaryimage\"},\"image\":{\"@id\":\"https:\\\/\\\/zapateneo.net\\\/wordpress\\\/index.php\\\/producto\\\/resistencias-locas-y-resistencias-queer-un-encuentro-en-la-subjetividad-para-la-practica-politica\\\/#primaryimage\"},\"thumbnailUrl\":\"https:\\\/\\\/zapateneo.net\\\/wordpress\\\/wp-content\\\/uploads\\\/2023\\\/09\\\/resistencias-locas-y-resistencias-queer-9788409509003.jpg\",\"datePublished\":\"2023-09-28T15:16:13+00:00\",\"dateModified\":\"2023-09-28T15:16:32+00:00\",\"breadcrumb\":{\"@id\":\"https:\\\/\\\/zapateneo.net\\\/wordpress\\\/index.php\\\/producto\\\/resistencias-locas-y-resistencias-queer-un-encuentro-en-la-subjetividad-para-la-practica-politica\\\/#breadcrumb\"},\"inLanguage\":\"es\",\"potentialAction\":[{\"@type\":\"ReadAction\",\"target\":[\"https:\\\/\\\/zapateneo.net\\\/wordpress\\\/index.php\\\/producto\\\/resistencias-locas-y-resistencias-queer-un-encuentro-en-la-subjetividad-para-la-practica-politica\\\/\"]}]},{\"@type\":\"ImageObject\",\"inLanguage\":\"es\",\"@id\":\"https:\\\/\\\/zapateneo.net\\\/wordpress\\\/index.php\\\/producto\\\/resistencias-locas-y-resistencias-queer-un-encuentro-en-la-subjetividad-para-la-practica-politica\\\/#primaryimage\",\"url\":\"https:\\\/\\\/zapateneo.net\\\/wordpress\\\/wp-content\\\/uploads\\\/2023\\\/09\\\/resistencias-locas-y-resistencias-queer-9788409509003.jpg\",\"contentUrl\":\"https:\\\/\\\/zapateneo.net\\\/wordpress\\\/wp-content\\\/uploads\\\/2023\\\/09\\\/resistencias-locas-y-resistencias-queer-9788409509003.jpg\",\"width\":283,\"height\":400},{\"@type\":\"BreadcrumbList\",\"@id\":\"https:\\\/\\\/zapateneo.net\\\/wordpress\\\/index.php\\\/producto\\\/resistencias-locas-y-resistencias-queer-un-encuentro-en-la-subjetividad-para-la-practica-politica\\\/#breadcrumb\",\"itemListElement\":[{\"@type\":\"ListItem\",\"position\":1,\"name\":\"Portada\",\"item\":\"https:\\\/\\\/zapateneo.net\\\/wordpress\\\/\"},{\"@type\":\"ListItem\",\"position\":2,\"name\":\"Tienda\",\"item\":\"https:\\\/\\\/zapateneo.net\\\/wordpress\\\/\"},{\"@type\":\"ListItem\",\"position\":3,\"name\":\"RESISTENCIAS LOCAS Y RESISTENCIAS QUEER Un encuentro en la subjetividad para la pr\u00e1ctica pol\u00edtica\"}]},{\"@type\":\"WebSite\",\"@id\":\"https:\\\/\\\/zapateneo.net\\\/wordpress\\\/#website\",\"url\":\"https:\\\/\\\/zapateneo.net\\\/wordpress\\\/\",\"name\":\"Zapateneo\",\"description\":\"Zapateneoaren webgunea\",\"publisher\":{\"@id\":\"https:\\\/\\\/zapateneo.net\\\/wordpress\\\/#organization\"},\"potentialAction\":[{\"@type\":\"SearchAction\",\"target\":{\"@type\":\"EntryPoint\",\"urlTemplate\":\"https:\\\/\\\/zapateneo.net\\\/wordpress\\\/?s={search_term_string}\"},\"query-input\":{\"@type\":\"PropertyValueSpecification\",\"valueRequired\":true,\"valueName\":\"search_term_string\"}}],\"inLanguage\":\"es\"},{\"@type\":\"Organization\",\"@id\":\"https:\\\/\\\/zapateneo.net\\\/wordpress\\\/#organization\",\"name\":\"Zapateneo Kultur Elkartea\",\"url\":\"https:\\\/\\\/zapateneo.net\\\/wordpress\\\/\",\"logo\":{\"@type\":\"ImageObject\",\"inLanguage\":\"es\",\"@id\":\"https:\\\/\\\/zapateneo.net\\\/wordpress\\\/#\\\/schema\\\/logo\\\/image\\\/\",\"url\":\"https:\\\/\\\/zapateneo.net\\\/wordpress\\\/wp-content\\\/uploads\\\/2021\\\/04\\\/zap-libu-kolec.jpg\",\"contentUrl\":\"https:\\\/\\\/zapateneo.net\\\/wordpress\\\/wp-content\\\/uploads\\\/2021\\\/04\\\/zap-libu-kolec.jpg\",\"width\":2234,\"height\":398,\"caption\":\"Zapateneo Kultur Elkartea\"},\"image\":{\"@id\":\"https:\\\/\\\/zapateneo.net\\\/wordpress\\\/#\\\/schema\\\/logo\\\/image\\\/\"},\"sameAs\":[\"https:\\\/\\\/x.com\\\/zapateneo\"]}]}<\/script>\n<!-- \/ Yoast SEO plugin. -->","yoast_head_json":{"title":"RESISTENCIAS LOCAS Y RESISTENCIAS QUEER Un encuentro en la subjetividad para la pr\u00e1ctica pol\u00edtica &#8212; Zapateneo","robots":{"index":"index","follow":"follow","max-snippet":"max-snippet:-1","max-image-preview":"max-image-preview:large","max-video-preview":"max-video-preview:-1"},"canonical":"https:\/\/zapateneo.net\/wordpress\/index.php\/producto\/resistencias-locas-y-resistencias-queer-un-encuentro-en-la-subjetividad-para-la-practica-politica\/","og_locale":"es_ES","og_type":"article","og_title":"RESISTENCIAS LOCAS Y RESISTENCIAS QUEER Un encuentro en la subjetividad para la pr\u00e1ctica pol\u00edtica &#8212; Zapateneo","og_description":"Lola del Gallego Noval 9788409509003 - Imperdible - 2023 - 64 p\u00e1ginas \/orri.","og_url":"https:\/\/zapateneo.net\/wordpress\/index.php\/producto\/resistencias-locas-y-resistencias-queer-un-encuentro-en-la-subjetividad-para-la-practica-politica\/","og_site_name":"Zapateneo","article_modified_time":"2023-09-28T15:16:32+00:00","twitter_card":"summary_large_image","twitter_site":"@zapateneo","twitter_misc":{"Tiempo de lectura":"1 minuto"},"schema":{"@context":"https:\/\/schema.org","@graph":[{"@type":"WebPage","@id":"https:\/\/zapateneo.net\/wordpress\/index.php\/producto\/resistencias-locas-y-resistencias-queer-un-encuentro-en-la-subjetividad-para-la-practica-politica\/","url":"https:\/\/zapateneo.net\/wordpress\/index.php\/producto\/resistencias-locas-y-resistencias-queer-un-encuentro-en-la-subjetividad-para-la-practica-politica\/","name":"RESISTENCIAS LOCAS Y RESISTENCIAS QUEER Un encuentro en la subjetividad para la pr\u00e1ctica pol\u00edtica &#8212; Zapateneo","isPartOf":{"@id":"https:\/\/zapateneo.net\/wordpress\/#website"},"primaryImageOfPage":{"@id":"https:\/\/zapateneo.net\/wordpress\/index.php\/producto\/resistencias-locas-y-resistencias-queer-un-encuentro-en-la-subjetividad-para-la-practica-politica\/#primaryimage"},"image":{"@id":"https:\/\/zapateneo.net\/wordpress\/index.php\/producto\/resistencias-locas-y-resistencias-queer-un-encuentro-en-la-subjetividad-para-la-practica-politica\/#primaryimage"},"thumbnailUrl":"https:\/\/zapateneo.net\/wordpress\/wp-content\/uploads\/2023\/09\/resistencias-locas-y-resistencias-queer-9788409509003.jpg","datePublished":"2023-09-28T15:16:13+00:00","dateModified":"2023-09-28T15:16:32+00:00","breadcrumb":{"@id":"https:\/\/zapateneo.net\/wordpress\/index.php\/producto\/resistencias-locas-y-resistencias-queer-un-encuentro-en-la-subjetividad-para-la-practica-politica\/#breadcrumb"},"inLanguage":"es","potentialAction":[{"@type":"ReadAction","target":["https:\/\/zapateneo.net\/wordpress\/index.php\/producto\/resistencias-locas-y-resistencias-queer-un-encuentro-en-la-subjetividad-para-la-practica-politica\/"]}]},{"@type":"ImageObject","inLanguage":"es","@id":"https:\/\/zapateneo.net\/wordpress\/index.php\/producto\/resistencias-locas-y-resistencias-queer-un-encuentro-en-la-subjetividad-para-la-practica-politica\/#primaryimage","url":"https:\/\/zapateneo.net\/wordpress\/wp-content\/uploads\/2023\/09\/resistencias-locas-y-resistencias-queer-9788409509003.jpg","contentUrl":"https:\/\/zapateneo.net\/wordpress\/wp-content\/uploads\/2023\/09\/resistencias-locas-y-resistencias-queer-9788409509003.jpg","width":283,"height":400},{"@type":"BreadcrumbList","@id":"https:\/\/zapateneo.net\/wordpress\/index.php\/producto\/resistencias-locas-y-resistencias-queer-un-encuentro-en-la-subjetividad-para-la-practica-politica\/#breadcrumb","itemListElement":[{"@type":"ListItem","position":1,"name":"Portada","item":"https:\/\/zapateneo.net\/wordpress\/"},{"@type":"ListItem","position":2,"name":"Tienda","item":"https:\/\/zapateneo.net\/wordpress\/"},{"@type":"ListItem","position":3,"name":"RESISTENCIAS LOCAS Y RESISTENCIAS QUEER Un encuentro en la subjetividad para la pr\u00e1ctica pol\u00edtica"}]},{"@type":"WebSite","@id":"https:\/\/zapateneo.net\/wordpress\/#website","url":"https:\/\/zapateneo.net\/wordpress\/","name":"Zapateneo","description":"Zapateneoaren webgunea","publisher":{"@id":"https:\/\/zapateneo.net\/wordpress\/#organization"},"potentialAction":[{"@type":"SearchAction","target":{"@type":"EntryPoint","urlTemplate":"https:\/\/zapateneo.net\/wordpress\/?s={search_term_string}"},"query-input":{"@type":"PropertyValueSpecification","valueRequired":true,"valueName":"search_term_string"}}],"inLanguage":"es"},{"@type":"Organization","@id":"https:\/\/zapateneo.net\/wordpress\/#organization","name":"Zapateneo Kultur Elkartea","url":"https:\/\/zapateneo.net\/wordpress\/","logo":{"@type":"ImageObject","inLanguage":"es","@id":"https:\/\/zapateneo.net\/wordpress\/#\/schema\/logo\/image\/","url":"https:\/\/zapateneo.net\/wordpress\/wp-content\/uploads\/2021\/04\/zap-libu-kolec.jpg","contentUrl":"https:\/\/zapateneo.net\/wordpress\/wp-content\/uploads\/2021\/04\/zap-libu-kolec.jpg","width":2234,"height":398,"caption":"Zapateneo Kultur Elkartea"},"image":{"@id":"https:\/\/zapateneo.net\/wordpress\/#\/schema\/logo\/image\/"},"sameAs":["https:\/\/x.com\/zapateneo"]}]}},"_links":{"self":[{"href":"https:\/\/zapateneo.net\/wordpress\/index.php\/wp-json\/wp\/v2\/product\/14912","targetHints":{"allow":["GET"]}}],"collection":[{"href":"https:\/\/zapateneo.net\/wordpress\/index.php\/wp-json\/wp\/v2\/product"}],"about":[{"href":"https:\/\/zapateneo.net\/wordpress\/index.php\/wp-json\/wp\/v2\/types\/product"}],"wp:featuredmedia":[{"embeddable":true,"href":"https:\/\/zapateneo.net\/wordpress\/index.php\/wp-json\/wp\/v2\/media\/14940"}],"wp:attachment":[{"href":"https:\/\/zapateneo.net\/wordpress\/index.php\/wp-json\/wp\/v2\/media?parent=14912"}],"wp:term":[{"taxonomy":"product_brand","embeddable":true,"href":"https:\/\/zapateneo.net\/wordpress\/index.php\/wp-json\/wp\/v2\/product_brand?post=14912"},{"taxonomy":"product_cat","embeddable":true,"href":"https:\/\/zapateneo.net\/wordpress\/index.php\/wp-json\/wp\/v2\/product_cat?post=14912"},{"taxonomy":"product_tag","embeddable":true,"href":"https:\/\/zapateneo.net\/wordpress\/index.php\/wp-json\/wp\/v2\/product_tag?post=14912"}],"curies":[{"name":"wp","href":"https:\/\/api.w.org\/{rel}","templated":true}]}}