{"id":14911,"date":"2023-09-28T16:16:13","date_gmt":"2023-09-28T15:16:13","guid":{"rendered":"https:\/\/zapateneo.net\/wordpress\/?post_type=product&#038;p=14911"},"modified":"2023-09-28T16:16:31","modified_gmt":"2023-09-28T15:16:31","slug":"la-carcel-no-castiga-el-delito-castiga-la-pobreza-y-la-rebeldia","status":"publish","type":"product","link":"https:\/\/zapateneo.net\/wordpress\/index.php\/producto\/la-carcel-no-castiga-el-delito-castiga-la-pobreza-y-la-rebeldia\/","title":{"rendered":"LA C\u00c1RCEL NO CASTIGA EL DELITO Castiga la pobreza y la rebeld\u00eda"},"content":{"rendered":"<p>Pastora nos traslada en estas p\u00e1ginas al infierno carcelario, a las cloacas del estado de la mano de su hijo Xos\u00e9 Tarr\u00edo, 14 a\u00f1os encerrado, 12 en los m\u00f3dulos FIES, la c\u00e1rcel dentro de la c\u00e1rcel, el infierno dentro del infierno. Desgarrador testimonio de una madre ingobernable y de su lucha infatigable por arrancar a su hijo de las garras del presidio.<\/p>\n<p>Aqu\u00ed nos narra todas las vejaciones que tuvo que sufrir su hijo en carne propia por ser pobre y rebelarse ante las injusticias, unido a todo lo que tuvo que ver, o\u00edr y soportar de todas las aberraciones que cometieron contra Tarr\u00edo. Una guerra desigual que no mermara ni un \u00e1pice las energ\u00edas para mantener intacta su dignidad.<\/p>\n<p>\u00abLa c\u00e1rcel solo fue hecha para los pobres. Todo lo que le estorba a la sociedad y toda persona rebelde acaba ah\u00ed, pero a un rico no lo ver\u00e9is nunca, a lo mejor un mes o dos, y no en las condiciones en que est\u00e1n nuestros familiares. A mi que no me digan que existe la justicia, porque para la gente pobre no hay\u00bb.<\/p>\n<p>\u00abNo podemos cerrar los ojos a toda esta brutalidad. Que donde haya una injusticia, tenemos que estar ah\u00ed para gritar, que no tenemos que tener miedo. Debemos seguir luchando\u00bb. Si eres persona de buen coraz\u00f3n, lo que aqu\u00ed nos cuenta Pastora no te dejar\u00e1 indiferente.<\/p>\n","protected":false},"excerpt":{"rendered":"<p><strong>Pastora Gonz\u00e1lez Vieites<\/strong><br \/>\n9788409513482 &#8211; Imperdible &#8211; 2023 &#8211; 64 p\u00e1ginas \/orri.<\/p>\n","protected":false},"featured_media":14939,"template":"","meta":[],"product_brand":[],"product_cat":[15],"product_tag":[2035,6812],"class_list":{"0":"post-14911","1":"product","2":"type-product","3":"status-publish","4":"has-post-thumbnail","6":"product_cat-otros-bestelakoak","7":"product_tag-imperdible","8":"product_tag-pastora-gonzalez-vieites","10":"first","11":"instock","12":"sold-individually","13":"shipping-taxable","14":"purchasable","15":"product-type-simple"},"yoast_head":"<!-- This site is optimized with the Yoast SEO plugin v27.3 - https:\/\/yoast.com\/product\/yoast-seo-wordpress\/ -->\n<title>LA C\u00c1RCEL NO CASTIGA EL DELITO Castiga la pobreza y la rebeld\u00eda &#8212; Zapateneo<\/title>\n<meta name=\"robots\" content=\"index, follow, max-snippet:-1, max-image-preview:large, max-video-preview:-1\" \/>\n<link rel=\"canonical\" href=\"https:\/\/zapateneo.net\/wordpress\/index.php\/producto\/la-carcel-no-castiga-el-delito-castiga-la-pobreza-y-la-rebeldia\/\" \/>\n<meta property=\"og:locale\" content=\"es_ES\" \/>\n<meta property=\"og:type\" content=\"article\" \/>\n<meta property=\"og:title\" content=\"LA C\u00c1RCEL NO CASTIGA EL DELITO Castiga la pobreza y la rebeld\u00eda &#8212; Zapateneo\" \/>\n<meta property=\"og:description\" content=\"Pastora Gonz\u00e1lez Vieites 9788409513482 - Imperdible - 2023 - 64 p\u00e1ginas \/orri.\" \/>\n<meta property=\"og:url\" content=\"https:\/\/zapateneo.net\/wordpress\/index.php\/producto\/la-carcel-no-castiga-el-delito-castiga-la-pobreza-y-la-rebeldia\/\" \/>\n<meta property=\"og:site_name\" content=\"Zapateneo\" \/>\n<meta property=\"article:modified_time\" content=\"2023-09-28T15:16:31+00:00\" \/>\n<meta name=\"twitter:card\" content=\"summary_large_image\" \/>\n<meta name=\"twitter:site\" content=\"@zapateneo\" \/>\n<meta name=\"twitter:label1\" content=\"Tiempo de lectura\" \/>\n\t<meta name=\"twitter:data1\" content=\"1 minuto\" \/>\n<script type=\"application\/ld+json\" class=\"yoast-schema-graph\">{\"@context\":\"https:\\\/\\\/schema.org\",\"@graph\":[{\"@type\":\"WebPage\",\"@id\":\"https:\\\/\\\/zapateneo.net\\\/wordpress\\\/index.php\\\/producto\\\/la-carcel-no-castiga-el-delito-castiga-la-pobreza-y-la-rebeldia\\\/\",\"url\":\"https:\\\/\\\/zapateneo.net\\\/wordpress\\\/index.php\\\/producto\\\/la-carcel-no-castiga-el-delito-castiga-la-pobreza-y-la-rebeldia\\\/\",\"name\":\"LA C\u00c1RCEL NO CASTIGA EL DELITO Castiga la pobreza y la rebeld\u00eda &#8212; Zapateneo\",\"isPartOf\":{\"@id\":\"https:\\\/\\\/zapateneo.net\\\/wordpress\\\/#website\"},\"primaryImageOfPage\":{\"@id\":\"https:\\\/\\\/zapateneo.net\\\/wordpress\\\/index.php\\\/producto\\\/la-carcel-no-castiga-el-delito-castiga-la-pobreza-y-la-rebeldia\\\/#primaryimage\"},\"image\":{\"@id\":\"https:\\\/\\\/zapateneo.net\\\/wordpress\\\/index.php\\\/producto\\\/la-carcel-no-castiga-el-delito-castiga-la-pobreza-y-la-rebeldia\\\/#primaryimage\"},\"thumbnailUrl\":\"https:\\\/\\\/zapateneo.net\\\/wordpress\\\/wp-content\\\/uploads\\\/2023\\\/09\\\/la-carcel-no-castiga-el-delito-9788409513482.jpg\",\"datePublished\":\"2023-09-28T15:16:13+00:00\",\"dateModified\":\"2023-09-28T15:16:31+00:00\",\"breadcrumb\":{\"@id\":\"https:\\\/\\\/zapateneo.net\\\/wordpress\\\/index.php\\\/producto\\\/la-carcel-no-castiga-el-delito-castiga-la-pobreza-y-la-rebeldia\\\/#breadcrumb\"},\"inLanguage\":\"es\",\"potentialAction\":[{\"@type\":\"ReadAction\",\"target\":[\"https:\\\/\\\/zapateneo.net\\\/wordpress\\\/index.php\\\/producto\\\/la-carcel-no-castiga-el-delito-castiga-la-pobreza-y-la-rebeldia\\\/\"]}]},{\"@type\":\"ImageObject\",\"inLanguage\":\"es\",\"@id\":\"https:\\\/\\\/zapateneo.net\\\/wordpress\\\/index.php\\\/producto\\\/la-carcel-no-castiga-el-delito-castiga-la-pobreza-y-la-rebeldia\\\/#primaryimage\",\"url\":\"https:\\\/\\\/zapateneo.net\\\/wordpress\\\/wp-content\\\/uploads\\\/2023\\\/09\\\/la-carcel-no-castiga-el-delito-9788409513482.jpg\",\"contentUrl\":\"https:\\\/\\\/zapateneo.net\\\/wordpress\\\/wp-content\\\/uploads\\\/2023\\\/09\\\/la-carcel-no-castiga-el-delito-9788409513482.jpg\",\"width\":279,\"height\":400},{\"@type\":\"BreadcrumbList\",\"@id\":\"https:\\\/\\\/zapateneo.net\\\/wordpress\\\/index.php\\\/producto\\\/la-carcel-no-castiga-el-delito-castiga-la-pobreza-y-la-rebeldia\\\/#breadcrumb\",\"itemListElement\":[{\"@type\":\"ListItem\",\"position\":1,\"name\":\"Portada\",\"item\":\"https:\\\/\\\/zapateneo.net\\\/wordpress\\\/\"},{\"@type\":\"ListItem\",\"position\":2,\"name\":\"Tienda\",\"item\":\"https:\\\/\\\/zapateneo.net\\\/wordpress\\\/\"},{\"@type\":\"ListItem\",\"position\":3,\"name\":\"LA C\u00c1RCEL NO CASTIGA EL DELITO Castiga la pobreza y la rebeld\u00eda\"}]},{\"@type\":\"WebSite\",\"@id\":\"https:\\\/\\\/zapateneo.net\\\/wordpress\\\/#website\",\"url\":\"https:\\\/\\\/zapateneo.net\\\/wordpress\\\/\",\"name\":\"Zapateneo\",\"description\":\"Zapateneoaren webgunea\",\"publisher\":{\"@id\":\"https:\\\/\\\/zapateneo.net\\\/wordpress\\\/#organization\"},\"potentialAction\":[{\"@type\":\"SearchAction\",\"target\":{\"@type\":\"EntryPoint\",\"urlTemplate\":\"https:\\\/\\\/zapateneo.net\\\/wordpress\\\/?s={search_term_string}\"},\"query-input\":{\"@type\":\"PropertyValueSpecification\",\"valueRequired\":true,\"valueName\":\"search_term_string\"}}],\"inLanguage\":\"es\"},{\"@type\":\"Organization\",\"@id\":\"https:\\\/\\\/zapateneo.net\\\/wordpress\\\/#organization\",\"name\":\"Zapateneo Kultur Elkartea\",\"url\":\"https:\\\/\\\/zapateneo.net\\\/wordpress\\\/\",\"logo\":{\"@type\":\"ImageObject\",\"inLanguage\":\"es\",\"@id\":\"https:\\\/\\\/zapateneo.net\\\/wordpress\\\/#\\\/schema\\\/logo\\\/image\\\/\",\"url\":\"https:\\\/\\\/zapateneo.net\\\/wordpress\\\/wp-content\\\/uploads\\\/2021\\\/04\\\/zap-libu-kolec.jpg\",\"contentUrl\":\"https:\\\/\\\/zapateneo.net\\\/wordpress\\\/wp-content\\\/uploads\\\/2021\\\/04\\\/zap-libu-kolec.jpg\",\"width\":2234,\"height\":398,\"caption\":\"Zapateneo Kultur Elkartea\"},\"image\":{\"@id\":\"https:\\\/\\\/zapateneo.net\\\/wordpress\\\/#\\\/schema\\\/logo\\\/image\\\/\"},\"sameAs\":[\"https:\\\/\\\/x.com\\\/zapateneo\"]}]}<\/script>\n<!-- \/ Yoast SEO plugin. -->","yoast_head_json":{"title":"LA C\u00c1RCEL NO CASTIGA EL DELITO Castiga la pobreza y la rebeld\u00eda &#8212; Zapateneo","robots":{"index":"index","follow":"follow","max-snippet":"max-snippet:-1","max-image-preview":"max-image-preview:large","max-video-preview":"max-video-preview:-1"},"canonical":"https:\/\/zapateneo.net\/wordpress\/index.php\/producto\/la-carcel-no-castiga-el-delito-castiga-la-pobreza-y-la-rebeldia\/","og_locale":"es_ES","og_type":"article","og_title":"LA C\u00c1RCEL NO CASTIGA EL DELITO Castiga la pobreza y la rebeld\u00eda &#8212; Zapateneo","og_description":"Pastora Gonz\u00e1lez Vieites 9788409513482 - Imperdible - 2023 - 64 p\u00e1ginas \/orri.","og_url":"https:\/\/zapateneo.net\/wordpress\/index.php\/producto\/la-carcel-no-castiga-el-delito-castiga-la-pobreza-y-la-rebeldia\/","og_site_name":"Zapateneo","article_modified_time":"2023-09-28T15:16:31+00:00","twitter_card":"summary_large_image","twitter_site":"@zapateneo","twitter_misc":{"Tiempo de lectura":"1 minuto"},"schema":{"@context":"https:\/\/schema.org","@graph":[{"@type":"WebPage","@id":"https:\/\/zapateneo.net\/wordpress\/index.php\/producto\/la-carcel-no-castiga-el-delito-castiga-la-pobreza-y-la-rebeldia\/","url":"https:\/\/zapateneo.net\/wordpress\/index.php\/producto\/la-carcel-no-castiga-el-delito-castiga-la-pobreza-y-la-rebeldia\/","name":"LA C\u00c1RCEL NO CASTIGA EL DELITO Castiga la pobreza y la rebeld\u00eda &#8212; Zapateneo","isPartOf":{"@id":"https:\/\/zapateneo.net\/wordpress\/#website"},"primaryImageOfPage":{"@id":"https:\/\/zapateneo.net\/wordpress\/index.php\/producto\/la-carcel-no-castiga-el-delito-castiga-la-pobreza-y-la-rebeldia\/#primaryimage"},"image":{"@id":"https:\/\/zapateneo.net\/wordpress\/index.php\/producto\/la-carcel-no-castiga-el-delito-castiga-la-pobreza-y-la-rebeldia\/#primaryimage"},"thumbnailUrl":"https:\/\/zapateneo.net\/wordpress\/wp-content\/uploads\/2023\/09\/la-carcel-no-castiga-el-delito-9788409513482.jpg","datePublished":"2023-09-28T15:16:13+00:00","dateModified":"2023-09-28T15:16:31+00:00","breadcrumb":{"@id":"https:\/\/zapateneo.net\/wordpress\/index.php\/producto\/la-carcel-no-castiga-el-delito-castiga-la-pobreza-y-la-rebeldia\/#breadcrumb"},"inLanguage":"es","potentialAction":[{"@type":"ReadAction","target":["https:\/\/zapateneo.net\/wordpress\/index.php\/producto\/la-carcel-no-castiga-el-delito-castiga-la-pobreza-y-la-rebeldia\/"]}]},{"@type":"ImageObject","inLanguage":"es","@id":"https:\/\/zapateneo.net\/wordpress\/index.php\/producto\/la-carcel-no-castiga-el-delito-castiga-la-pobreza-y-la-rebeldia\/#primaryimage","url":"https:\/\/zapateneo.net\/wordpress\/wp-content\/uploads\/2023\/09\/la-carcel-no-castiga-el-delito-9788409513482.jpg","contentUrl":"https:\/\/zapateneo.net\/wordpress\/wp-content\/uploads\/2023\/09\/la-carcel-no-castiga-el-delito-9788409513482.jpg","width":279,"height":400},{"@type":"BreadcrumbList","@id":"https:\/\/zapateneo.net\/wordpress\/index.php\/producto\/la-carcel-no-castiga-el-delito-castiga-la-pobreza-y-la-rebeldia\/#breadcrumb","itemListElement":[{"@type":"ListItem","position":1,"name":"Portada","item":"https:\/\/zapateneo.net\/wordpress\/"},{"@type":"ListItem","position":2,"name":"Tienda","item":"https:\/\/zapateneo.net\/wordpress\/"},{"@type":"ListItem","position":3,"name":"LA C\u00c1RCEL NO CASTIGA EL DELITO Castiga la pobreza y la rebeld\u00eda"}]},{"@type":"WebSite","@id":"https:\/\/zapateneo.net\/wordpress\/#website","url":"https:\/\/zapateneo.net\/wordpress\/","name":"Zapateneo","description":"Zapateneoaren webgunea","publisher":{"@id":"https:\/\/zapateneo.net\/wordpress\/#organization"},"potentialAction":[{"@type":"SearchAction","target":{"@type":"EntryPoint","urlTemplate":"https:\/\/zapateneo.net\/wordpress\/?s={search_term_string}"},"query-input":{"@type":"PropertyValueSpecification","valueRequired":true,"valueName":"search_term_string"}}],"inLanguage":"es"},{"@type":"Organization","@id":"https:\/\/zapateneo.net\/wordpress\/#organization","name":"Zapateneo Kultur Elkartea","url":"https:\/\/zapateneo.net\/wordpress\/","logo":{"@type":"ImageObject","inLanguage":"es","@id":"https:\/\/zapateneo.net\/wordpress\/#\/schema\/logo\/image\/","url":"https:\/\/zapateneo.net\/wordpress\/wp-content\/uploads\/2021\/04\/zap-libu-kolec.jpg","contentUrl":"https:\/\/zapateneo.net\/wordpress\/wp-content\/uploads\/2021\/04\/zap-libu-kolec.jpg","width":2234,"height":398,"caption":"Zapateneo Kultur Elkartea"},"image":{"@id":"https:\/\/zapateneo.net\/wordpress\/#\/schema\/logo\/image\/"},"sameAs":["https:\/\/x.com\/zapateneo"]}]}},"_links":{"self":[{"href":"https:\/\/zapateneo.net\/wordpress\/index.php\/wp-json\/wp\/v2\/product\/14911","targetHints":{"allow":["GET"]}}],"collection":[{"href":"https:\/\/zapateneo.net\/wordpress\/index.php\/wp-json\/wp\/v2\/product"}],"about":[{"href":"https:\/\/zapateneo.net\/wordpress\/index.php\/wp-json\/wp\/v2\/types\/product"}],"wp:featuredmedia":[{"embeddable":true,"href":"https:\/\/zapateneo.net\/wordpress\/index.php\/wp-json\/wp\/v2\/media\/14939"}],"wp:attachment":[{"href":"https:\/\/zapateneo.net\/wordpress\/index.php\/wp-json\/wp\/v2\/media?parent=14911"}],"wp:term":[{"taxonomy":"product_brand","embeddable":true,"href":"https:\/\/zapateneo.net\/wordpress\/index.php\/wp-json\/wp\/v2\/product_brand?post=14911"},{"taxonomy":"product_cat","embeddable":true,"href":"https:\/\/zapateneo.net\/wordpress\/index.php\/wp-json\/wp\/v2\/product_cat?post=14911"},{"taxonomy":"product_tag","embeddable":true,"href":"https:\/\/zapateneo.net\/wordpress\/index.php\/wp-json\/wp\/v2\/product_tag?post=14911"}],"curies":[{"name":"wp","href":"https:\/\/api.w.org\/{rel}","templated":true}]}}