{"id":14908,"date":"2023-09-28T16:16:12","date_gmt":"2023-09-28T15:16:12","guid":{"rendered":"https:\/\/zapateneo.net\/wordpress\/?post_type=product&#038;p=14908"},"modified":"2023-09-28T16:16:29","modified_gmt":"2023-09-28T15:16:29","slug":"madrid-rojo-y-negro-con-imagenes-ineditas","status":"publish","type":"product","link":"https:\/\/zapateneo.net\/wordpress\/index.php\/producto\/madrid-rojo-y-negro-con-imagenes-ineditas\/","title":{"rendered":"MADRID ROJO Y NEGRO Con im\u00e1genes in\u00e9ditas"},"content":{"rendered":"<p>Eduardo de Guzm\u00e1n nos adentra en el Madrid que asombr\u00f3 al mundo y fue el orgullo de la Espa\u00f1a antifascista. Con su magistral estilo, con el tono levantado de quien escribe un reportaje de trinchera, viviendo y luchando junto al vecindario de Madrid, documenta d\u00eda a d\u00eda la contestaci\u00f3n obrera al golpe de Estado fascista (18 de julio de 1936), el asalto al cuartel de la Monta\u00f1a, el arrojo de las Milicias, que ser\u00e1n la base del Ej\u00e9rcito Popular.<\/p>\n<p>Cada p\u00e1gina vibra al ritmo del combate para liberar Madrid y las tierras de Castilla de la barbarie nacional-italo-germana, ya a las puertas de la ciudad en ese noviembre hist\u00f3rico cuya defensale cost\u00f3 la vida a Durruti. Describe c\u00f3mo se organiza la resistencia y las columnas madrile\u00f1as, irradiadas por los sindicatos, ateneos, casas del pueblo, radios, organizaciones, barriadas obreras&#8230; Transmite el coraje del Madrid confederal y popular que vence a costa de la vida de su mejor militancia, una muralla de corazones.<\/p>\n<p>Gran parte del Gobierno republicano huye a Valencia. Y solos, con el apoyo solidario de los pueblos de Espa\u00f1a, del voluntariado y de las Brigadas Internacionales, demostraron su arrojo para luchar por la libertad y la revoluci\u00f3n social. En pie de guerra, como un acantilado de la resistencia, los aut\u00e9nticos salvadores de Madrid fueron las gentes trabajadoras.<\/p>\n<p>Se incluye un homenaje in\u00e9dito al periodismo (escrito y gr\u00e1fico) de combate en los frentes de Madrid. Se jugaban la vida para informar y hacer llegar la prensa a las trincheras. Un buen n\u00famero muri\u00f3 luchando y otro tanto en los campos de concentraci\u00f3n y en el exilio.<\/p>\n<p>Contiene 130 dibujos y fotograf\u00edas, la mayor\u00eda in\u00e9ditas<\/p>\n","protected":false},"excerpt":{"rendered":"<p><strong>Eduardo De Guzm\u00e1n Espinosa<\/strong><br \/>\n9788412646405 &#8211; La linterna Sorda &#8211; 2023 &#8211; 240 p\u00e1ginas \/orri.<\/p>\n","protected":false},"featured_media":14936,"template":"","meta":[],"product_brand":[],"product_cat":[15],"product_tag":[6810,128],"class_list":{"0":"post-14908","1":"product","2":"type-product","3":"status-publish","4":"has-post-thumbnail","6":"product_cat-otros-bestelakoak","7":"product_tag-eduardo-de-guzman-espinosa","8":"product_tag-la-linterna-sorda","10":"first","11":"instock","12":"sold-individually","13":"shipping-taxable","14":"purchasable","15":"product-type-simple"},"yoast_head":"<!-- This site is optimized with the Yoast SEO plugin v27.3 - https:\/\/yoast.com\/product\/yoast-seo-wordpress\/ -->\n<title>MADRID ROJO Y NEGRO Con im\u00e1genes in\u00e9ditas &#8212; Zapateneo<\/title>\n<meta name=\"robots\" content=\"index, follow, max-snippet:-1, max-image-preview:large, max-video-preview:-1\" \/>\n<link rel=\"canonical\" href=\"https:\/\/zapateneo.net\/wordpress\/index.php\/producto\/madrid-rojo-y-negro-con-imagenes-ineditas\/\" \/>\n<meta property=\"og:locale\" content=\"es_ES\" \/>\n<meta property=\"og:type\" content=\"article\" \/>\n<meta property=\"og:title\" content=\"MADRID ROJO Y NEGRO Con im\u00e1genes in\u00e9ditas &#8212; Zapateneo\" \/>\n<meta property=\"og:description\" content=\"Eduardo De Guzm\u00e1n Espinosa 9788412646405 - La linterna Sorda - 2023 - 240 p\u00e1ginas \/orri.\" \/>\n<meta property=\"og:url\" content=\"https:\/\/zapateneo.net\/wordpress\/index.php\/producto\/madrid-rojo-y-negro-con-imagenes-ineditas\/\" \/>\n<meta property=\"og:site_name\" content=\"Zapateneo\" \/>\n<meta property=\"article:modified_time\" content=\"2023-09-28T15:16:29+00:00\" \/>\n<meta name=\"twitter:card\" content=\"summary_large_image\" \/>\n<meta name=\"twitter:site\" content=\"@zapateneo\" \/>\n<meta name=\"twitter:label1\" content=\"Tiempo de lectura\" \/>\n\t<meta name=\"twitter:data1\" content=\"1 minuto\" \/>\n<script type=\"application\/ld+json\" class=\"yoast-schema-graph\">{\"@context\":\"https:\\\/\\\/schema.org\",\"@graph\":[{\"@type\":\"WebPage\",\"@id\":\"https:\\\/\\\/zapateneo.net\\\/wordpress\\\/index.php\\\/producto\\\/madrid-rojo-y-negro-con-imagenes-ineditas\\\/\",\"url\":\"https:\\\/\\\/zapateneo.net\\\/wordpress\\\/index.php\\\/producto\\\/madrid-rojo-y-negro-con-imagenes-ineditas\\\/\",\"name\":\"MADRID ROJO Y NEGRO Con im\u00e1genes in\u00e9ditas &#8212; Zapateneo\",\"isPartOf\":{\"@id\":\"https:\\\/\\\/zapateneo.net\\\/wordpress\\\/#website\"},\"primaryImageOfPage\":{\"@id\":\"https:\\\/\\\/zapateneo.net\\\/wordpress\\\/index.php\\\/producto\\\/madrid-rojo-y-negro-con-imagenes-ineditas\\\/#primaryimage\"},\"image\":{\"@id\":\"https:\\\/\\\/zapateneo.net\\\/wordpress\\\/index.php\\\/producto\\\/madrid-rojo-y-negro-con-imagenes-ineditas\\\/#primaryimage\"},\"thumbnailUrl\":\"https:\\\/\\\/zapateneo.net\\\/wordpress\\\/wp-content\\\/uploads\\\/2023\\\/09\\\/madrid-rojo-y-negro-9788412646405.jpg\",\"datePublished\":\"2023-09-28T15:16:12+00:00\",\"dateModified\":\"2023-09-28T15:16:29+00:00\",\"breadcrumb\":{\"@id\":\"https:\\\/\\\/zapateneo.net\\\/wordpress\\\/index.php\\\/producto\\\/madrid-rojo-y-negro-con-imagenes-ineditas\\\/#breadcrumb\"},\"inLanguage\":\"es\",\"potentialAction\":[{\"@type\":\"ReadAction\",\"target\":[\"https:\\\/\\\/zapateneo.net\\\/wordpress\\\/index.php\\\/producto\\\/madrid-rojo-y-negro-con-imagenes-ineditas\\\/\"]}]},{\"@type\":\"ImageObject\",\"inLanguage\":\"es\",\"@id\":\"https:\\\/\\\/zapateneo.net\\\/wordpress\\\/index.php\\\/producto\\\/madrid-rojo-y-negro-con-imagenes-ineditas\\\/#primaryimage\",\"url\":\"https:\\\/\\\/zapateneo.net\\\/wordpress\\\/wp-content\\\/uploads\\\/2023\\\/09\\\/madrid-rojo-y-negro-9788412646405.jpg\",\"contentUrl\":\"https:\\\/\\\/zapateneo.net\\\/wordpress\\\/wp-content\\\/uploads\\\/2023\\\/09\\\/madrid-rojo-y-negro-9788412646405.jpg\",\"width\":301,\"height\":400},{\"@type\":\"BreadcrumbList\",\"@id\":\"https:\\\/\\\/zapateneo.net\\\/wordpress\\\/index.php\\\/producto\\\/madrid-rojo-y-negro-con-imagenes-ineditas\\\/#breadcrumb\",\"itemListElement\":[{\"@type\":\"ListItem\",\"position\":1,\"name\":\"Portada\",\"item\":\"https:\\\/\\\/zapateneo.net\\\/wordpress\\\/\"},{\"@type\":\"ListItem\",\"position\":2,\"name\":\"Tienda\",\"item\":\"https:\\\/\\\/zapateneo.net\\\/wordpress\\\/\"},{\"@type\":\"ListItem\",\"position\":3,\"name\":\"MADRID ROJO Y NEGRO Con im\u00e1genes in\u00e9ditas\"}]},{\"@type\":\"WebSite\",\"@id\":\"https:\\\/\\\/zapateneo.net\\\/wordpress\\\/#website\",\"url\":\"https:\\\/\\\/zapateneo.net\\\/wordpress\\\/\",\"name\":\"Zapateneo\",\"description\":\"Zapateneoaren webgunea\",\"publisher\":{\"@id\":\"https:\\\/\\\/zapateneo.net\\\/wordpress\\\/#organization\"},\"potentialAction\":[{\"@type\":\"SearchAction\",\"target\":{\"@type\":\"EntryPoint\",\"urlTemplate\":\"https:\\\/\\\/zapateneo.net\\\/wordpress\\\/?s={search_term_string}\"},\"query-input\":{\"@type\":\"PropertyValueSpecification\",\"valueRequired\":true,\"valueName\":\"search_term_string\"}}],\"inLanguage\":\"es\"},{\"@type\":\"Organization\",\"@id\":\"https:\\\/\\\/zapateneo.net\\\/wordpress\\\/#organization\",\"name\":\"Zapateneo Kultur Elkartea\",\"url\":\"https:\\\/\\\/zapateneo.net\\\/wordpress\\\/\",\"logo\":{\"@type\":\"ImageObject\",\"inLanguage\":\"es\",\"@id\":\"https:\\\/\\\/zapateneo.net\\\/wordpress\\\/#\\\/schema\\\/logo\\\/image\\\/\",\"url\":\"https:\\\/\\\/zapateneo.net\\\/wordpress\\\/wp-content\\\/uploads\\\/2021\\\/04\\\/zap-libu-kolec.jpg\",\"contentUrl\":\"https:\\\/\\\/zapateneo.net\\\/wordpress\\\/wp-content\\\/uploads\\\/2021\\\/04\\\/zap-libu-kolec.jpg\",\"width\":2234,\"height\":398,\"caption\":\"Zapateneo Kultur Elkartea\"},\"image\":{\"@id\":\"https:\\\/\\\/zapateneo.net\\\/wordpress\\\/#\\\/schema\\\/logo\\\/image\\\/\"},\"sameAs\":[\"https:\\\/\\\/x.com\\\/zapateneo\"]}]}<\/script>\n<!-- \/ Yoast SEO plugin. -->","yoast_head_json":{"title":"MADRID ROJO Y NEGRO Con im\u00e1genes in\u00e9ditas &#8212; Zapateneo","robots":{"index":"index","follow":"follow","max-snippet":"max-snippet:-1","max-image-preview":"max-image-preview:large","max-video-preview":"max-video-preview:-1"},"canonical":"https:\/\/zapateneo.net\/wordpress\/index.php\/producto\/madrid-rojo-y-negro-con-imagenes-ineditas\/","og_locale":"es_ES","og_type":"article","og_title":"MADRID ROJO Y NEGRO Con im\u00e1genes in\u00e9ditas &#8212; Zapateneo","og_description":"Eduardo De Guzm\u00e1n Espinosa 9788412646405 - La linterna Sorda - 2023 - 240 p\u00e1ginas \/orri.","og_url":"https:\/\/zapateneo.net\/wordpress\/index.php\/producto\/madrid-rojo-y-negro-con-imagenes-ineditas\/","og_site_name":"Zapateneo","article_modified_time":"2023-09-28T15:16:29+00:00","twitter_card":"summary_large_image","twitter_site":"@zapateneo","twitter_misc":{"Tiempo de lectura":"1 minuto"},"schema":{"@context":"https:\/\/schema.org","@graph":[{"@type":"WebPage","@id":"https:\/\/zapateneo.net\/wordpress\/index.php\/producto\/madrid-rojo-y-negro-con-imagenes-ineditas\/","url":"https:\/\/zapateneo.net\/wordpress\/index.php\/producto\/madrid-rojo-y-negro-con-imagenes-ineditas\/","name":"MADRID ROJO Y NEGRO Con im\u00e1genes in\u00e9ditas &#8212; Zapateneo","isPartOf":{"@id":"https:\/\/zapateneo.net\/wordpress\/#website"},"primaryImageOfPage":{"@id":"https:\/\/zapateneo.net\/wordpress\/index.php\/producto\/madrid-rojo-y-negro-con-imagenes-ineditas\/#primaryimage"},"image":{"@id":"https:\/\/zapateneo.net\/wordpress\/index.php\/producto\/madrid-rojo-y-negro-con-imagenes-ineditas\/#primaryimage"},"thumbnailUrl":"https:\/\/zapateneo.net\/wordpress\/wp-content\/uploads\/2023\/09\/madrid-rojo-y-negro-9788412646405.jpg","datePublished":"2023-09-28T15:16:12+00:00","dateModified":"2023-09-28T15:16:29+00:00","breadcrumb":{"@id":"https:\/\/zapateneo.net\/wordpress\/index.php\/producto\/madrid-rojo-y-negro-con-imagenes-ineditas\/#breadcrumb"},"inLanguage":"es","potentialAction":[{"@type":"ReadAction","target":["https:\/\/zapateneo.net\/wordpress\/index.php\/producto\/madrid-rojo-y-negro-con-imagenes-ineditas\/"]}]},{"@type":"ImageObject","inLanguage":"es","@id":"https:\/\/zapateneo.net\/wordpress\/index.php\/producto\/madrid-rojo-y-negro-con-imagenes-ineditas\/#primaryimage","url":"https:\/\/zapateneo.net\/wordpress\/wp-content\/uploads\/2023\/09\/madrid-rojo-y-negro-9788412646405.jpg","contentUrl":"https:\/\/zapateneo.net\/wordpress\/wp-content\/uploads\/2023\/09\/madrid-rojo-y-negro-9788412646405.jpg","width":301,"height":400},{"@type":"BreadcrumbList","@id":"https:\/\/zapateneo.net\/wordpress\/index.php\/producto\/madrid-rojo-y-negro-con-imagenes-ineditas\/#breadcrumb","itemListElement":[{"@type":"ListItem","position":1,"name":"Portada","item":"https:\/\/zapateneo.net\/wordpress\/"},{"@type":"ListItem","position":2,"name":"Tienda","item":"https:\/\/zapateneo.net\/wordpress\/"},{"@type":"ListItem","position":3,"name":"MADRID ROJO Y NEGRO Con im\u00e1genes in\u00e9ditas"}]},{"@type":"WebSite","@id":"https:\/\/zapateneo.net\/wordpress\/#website","url":"https:\/\/zapateneo.net\/wordpress\/","name":"Zapateneo","description":"Zapateneoaren webgunea","publisher":{"@id":"https:\/\/zapateneo.net\/wordpress\/#organization"},"potentialAction":[{"@type":"SearchAction","target":{"@type":"EntryPoint","urlTemplate":"https:\/\/zapateneo.net\/wordpress\/?s={search_term_string}"},"query-input":{"@type":"PropertyValueSpecification","valueRequired":true,"valueName":"search_term_string"}}],"inLanguage":"es"},{"@type":"Organization","@id":"https:\/\/zapateneo.net\/wordpress\/#organization","name":"Zapateneo Kultur Elkartea","url":"https:\/\/zapateneo.net\/wordpress\/","logo":{"@type":"ImageObject","inLanguage":"es","@id":"https:\/\/zapateneo.net\/wordpress\/#\/schema\/logo\/image\/","url":"https:\/\/zapateneo.net\/wordpress\/wp-content\/uploads\/2021\/04\/zap-libu-kolec.jpg","contentUrl":"https:\/\/zapateneo.net\/wordpress\/wp-content\/uploads\/2021\/04\/zap-libu-kolec.jpg","width":2234,"height":398,"caption":"Zapateneo Kultur Elkartea"},"image":{"@id":"https:\/\/zapateneo.net\/wordpress\/#\/schema\/logo\/image\/"},"sameAs":["https:\/\/x.com\/zapateneo"]}]}},"_links":{"self":[{"href":"https:\/\/zapateneo.net\/wordpress\/index.php\/wp-json\/wp\/v2\/product\/14908","targetHints":{"allow":["GET"]}}],"collection":[{"href":"https:\/\/zapateneo.net\/wordpress\/index.php\/wp-json\/wp\/v2\/product"}],"about":[{"href":"https:\/\/zapateneo.net\/wordpress\/index.php\/wp-json\/wp\/v2\/types\/product"}],"wp:featuredmedia":[{"embeddable":true,"href":"https:\/\/zapateneo.net\/wordpress\/index.php\/wp-json\/wp\/v2\/media\/14936"}],"wp:attachment":[{"href":"https:\/\/zapateneo.net\/wordpress\/index.php\/wp-json\/wp\/v2\/media?parent=14908"}],"wp:term":[{"taxonomy":"product_brand","embeddable":true,"href":"https:\/\/zapateneo.net\/wordpress\/index.php\/wp-json\/wp\/v2\/product_brand?post=14908"},{"taxonomy":"product_cat","embeddable":true,"href":"https:\/\/zapateneo.net\/wordpress\/index.php\/wp-json\/wp\/v2\/product_cat?post=14908"},{"taxonomy":"product_tag","embeddable":true,"href":"https:\/\/zapateneo.net\/wordpress\/index.php\/wp-json\/wp\/v2\/product_tag?post=14908"}],"curies":[{"name":"wp","href":"https:\/\/api.w.org\/{rel}","templated":true}]}}