{"id":14907,"date":"2023-09-28T16:16:12","date_gmt":"2023-09-28T15:16:12","guid":{"rendered":"https:\/\/zapateneo.net\/wordpress\/?post_type=product&#038;p=14907"},"modified":"2023-09-28T16:16:29","modified_gmt":"2023-09-28T15:16:29","slug":"padre-manana-me-van-a-dar-muerte","status":"publish","type":"product","link":"https:\/\/zapateneo.net\/wordpress\/index.php\/producto\/padre-manana-me-van-a-dar-muerte\/","title":{"rendered":"PADRE, MA\u00d1ANA ME VAN A DAR MUERTE"},"content":{"rendered":"<p>Como en Pedro P\u00e1ramo, la breve y \u00fanica novela que catapult\u00f3 al mexicano Juan Rulfo a la fama universal, el relato de Rafael Flores Montenegro (argentino exiliado) es en realidad un di\u00e1logo de m\u00faltiples voces fantasmales que escuchamos como un murmullo que va y viene en diferentes tiempos superpuestos, voces de ultratumba que hablan sin dramatismo y sin producir miedo.<\/p>\n<p>Un di\u00e1logo a modo de susurros que percibe un hombre innominado que, d\u00e9cadas despu\u00e9s, compra la casa en ruinas donde vivieron Francisco, sus hijos y Serapia, con el prop\u00f3sito de repararla e instalarse lejos del bullicio de Madrid, encontrando para su sorpresa que el lugar est\u00e1 lleno de presencias de los ausentes. En esa casa abandonada donde las \u201cparedes son muros silenciosos, pero elocuentes\u201d, el hombre no s\u00f3lo escucha esas voces sino adem\u00e1s descubre las cartas olvidadas y otros papeles secretos de la familia. Igual que el sudamericano llegado de Madrid para reconstruir la casa, escuchamos una multitud de voces a lo largo de la novela.<\/p>\n<p>Francisco y sus hijos, los derrotados y los silenciados, hablan entre ellos y nos hablan desde el tiempo de la eternidad, esa misma eternidad que Dem\u00f3filo mencionaba en su \u00faltima carta al padre antes de ser fusilado contra el muro del cementerio: \u00abPadre, adi\u00f3s, hasta la eternidad. \u00a1Adi\u00f3s!\u00bb.<\/p>\n<p>El nombre Dem\u00f3filo significa etimol\u00f3gicamente \u2018amante del pueblo\u2019 y este relato es tambi\u00e9n un acto de amor hacia aquellas gentes an\u00f3nimas que se levantaron en defensa de la Rep\u00fablica y de un mundo diferente hasta entonces impensable.<\/p>\n","protected":false},"excerpt":{"rendered":"<p><strong>Rafael Flores Montenegro<\/strong><br \/>\n9788412646412 &#8211; La linterna Sorda &#8211; 2023 &#8211; 128 p\u00e1ginas \/orri.<\/p>\n","protected":false},"featured_media":14935,"template":"","meta":[],"product_brand":[],"product_cat":[15],"product_tag":[128,6809],"class_list":{"0":"post-14907","1":"product","2":"type-product","3":"status-publish","4":"has-post-thumbnail","6":"product_cat-otros-bestelakoak","7":"product_tag-la-linterna-sorda","8":"product_tag-rafael-flores-montenegro","10":"first","11":"instock","12":"sold-individually","13":"shipping-taxable","14":"purchasable","15":"product-type-simple"},"yoast_head":"<!-- This site is optimized with the Yoast SEO plugin v27.3 - https:\/\/yoast.com\/product\/yoast-seo-wordpress\/ -->\n<title>PADRE, MA\u00d1ANA ME VAN A DAR MUERTE &#8212; Zapateneo<\/title>\n<meta name=\"robots\" content=\"index, follow, max-snippet:-1, max-image-preview:large, max-video-preview:-1\" \/>\n<link rel=\"canonical\" href=\"https:\/\/zapateneo.net\/wordpress\/index.php\/producto\/padre-manana-me-van-a-dar-muerte\/\" \/>\n<meta property=\"og:locale\" content=\"es_ES\" \/>\n<meta property=\"og:type\" content=\"article\" \/>\n<meta property=\"og:title\" content=\"PADRE, MA\u00d1ANA ME VAN A DAR MUERTE &#8212; Zapateneo\" \/>\n<meta property=\"og:description\" content=\"Rafael Flores Montenegro 9788412646412 - La linterna Sorda - 2023 - 128 p\u00e1ginas \/orri.\" \/>\n<meta property=\"og:url\" content=\"https:\/\/zapateneo.net\/wordpress\/index.php\/producto\/padre-manana-me-van-a-dar-muerte\/\" \/>\n<meta property=\"og:site_name\" content=\"Zapateneo\" \/>\n<meta property=\"article:modified_time\" content=\"2023-09-28T15:16:29+00:00\" \/>\n<meta name=\"twitter:card\" content=\"summary_large_image\" \/>\n<meta name=\"twitter:site\" content=\"@zapateneo\" \/>\n<meta name=\"twitter:label1\" content=\"Tiempo de lectura\" \/>\n\t<meta name=\"twitter:data1\" content=\"1 minuto\" \/>\n<script type=\"application\/ld+json\" class=\"yoast-schema-graph\">{\"@context\":\"https:\\\/\\\/schema.org\",\"@graph\":[{\"@type\":\"WebPage\",\"@id\":\"https:\\\/\\\/zapateneo.net\\\/wordpress\\\/index.php\\\/producto\\\/padre-manana-me-van-a-dar-muerte\\\/\",\"url\":\"https:\\\/\\\/zapateneo.net\\\/wordpress\\\/index.php\\\/producto\\\/padre-manana-me-van-a-dar-muerte\\\/\",\"name\":\"PADRE, MA\u00d1ANA ME VAN A DAR MUERTE &#8212; Zapateneo\",\"isPartOf\":{\"@id\":\"https:\\\/\\\/zapateneo.net\\\/wordpress\\\/#website\"},\"primaryImageOfPage\":{\"@id\":\"https:\\\/\\\/zapateneo.net\\\/wordpress\\\/index.php\\\/producto\\\/padre-manana-me-van-a-dar-muerte\\\/#primaryimage\"},\"image\":{\"@id\":\"https:\\\/\\\/zapateneo.net\\\/wordpress\\\/index.php\\\/producto\\\/padre-manana-me-van-a-dar-muerte\\\/#primaryimage\"},\"thumbnailUrl\":\"https:\\\/\\\/zapateneo.net\\\/wordpress\\\/wp-content\\\/uploads\\\/2023\\\/09\\\/padre-manana-me-van-a-dar-muerte-9788412646412.jpg\",\"datePublished\":\"2023-09-28T15:16:12+00:00\",\"dateModified\":\"2023-09-28T15:16:29+00:00\",\"breadcrumb\":{\"@id\":\"https:\\\/\\\/zapateneo.net\\\/wordpress\\\/index.php\\\/producto\\\/padre-manana-me-van-a-dar-muerte\\\/#breadcrumb\"},\"inLanguage\":\"es\",\"potentialAction\":[{\"@type\":\"ReadAction\",\"target\":[\"https:\\\/\\\/zapateneo.net\\\/wordpress\\\/index.php\\\/producto\\\/padre-manana-me-van-a-dar-muerte\\\/\"]}]},{\"@type\":\"ImageObject\",\"inLanguage\":\"es\",\"@id\":\"https:\\\/\\\/zapateneo.net\\\/wordpress\\\/index.php\\\/producto\\\/padre-manana-me-van-a-dar-muerte\\\/#primaryimage\",\"url\":\"https:\\\/\\\/zapateneo.net\\\/wordpress\\\/wp-content\\\/uploads\\\/2023\\\/09\\\/padre-manana-me-van-a-dar-muerte-9788412646412.jpg\",\"contentUrl\":\"https:\\\/\\\/zapateneo.net\\\/wordpress\\\/wp-content\\\/uploads\\\/2023\\\/09\\\/padre-manana-me-van-a-dar-muerte-9788412646412.jpg\",\"width\":292,\"height\":400},{\"@type\":\"BreadcrumbList\",\"@id\":\"https:\\\/\\\/zapateneo.net\\\/wordpress\\\/index.php\\\/producto\\\/padre-manana-me-van-a-dar-muerte\\\/#breadcrumb\",\"itemListElement\":[{\"@type\":\"ListItem\",\"position\":1,\"name\":\"Portada\",\"item\":\"https:\\\/\\\/zapateneo.net\\\/wordpress\\\/\"},{\"@type\":\"ListItem\",\"position\":2,\"name\":\"Tienda\",\"item\":\"https:\\\/\\\/zapateneo.net\\\/wordpress\\\/\"},{\"@type\":\"ListItem\",\"position\":3,\"name\":\"PADRE, MA\u00d1ANA ME VAN A DAR MUERTE\"}]},{\"@type\":\"WebSite\",\"@id\":\"https:\\\/\\\/zapateneo.net\\\/wordpress\\\/#website\",\"url\":\"https:\\\/\\\/zapateneo.net\\\/wordpress\\\/\",\"name\":\"Zapateneo\",\"description\":\"Zapateneoaren webgunea\",\"publisher\":{\"@id\":\"https:\\\/\\\/zapateneo.net\\\/wordpress\\\/#organization\"},\"potentialAction\":[{\"@type\":\"SearchAction\",\"target\":{\"@type\":\"EntryPoint\",\"urlTemplate\":\"https:\\\/\\\/zapateneo.net\\\/wordpress\\\/?s={search_term_string}\"},\"query-input\":{\"@type\":\"PropertyValueSpecification\",\"valueRequired\":true,\"valueName\":\"search_term_string\"}}],\"inLanguage\":\"es\"},{\"@type\":\"Organization\",\"@id\":\"https:\\\/\\\/zapateneo.net\\\/wordpress\\\/#organization\",\"name\":\"Zapateneo Kultur Elkartea\",\"url\":\"https:\\\/\\\/zapateneo.net\\\/wordpress\\\/\",\"logo\":{\"@type\":\"ImageObject\",\"inLanguage\":\"es\",\"@id\":\"https:\\\/\\\/zapateneo.net\\\/wordpress\\\/#\\\/schema\\\/logo\\\/image\\\/\",\"url\":\"https:\\\/\\\/zapateneo.net\\\/wordpress\\\/wp-content\\\/uploads\\\/2021\\\/04\\\/zap-libu-kolec.jpg\",\"contentUrl\":\"https:\\\/\\\/zapateneo.net\\\/wordpress\\\/wp-content\\\/uploads\\\/2021\\\/04\\\/zap-libu-kolec.jpg\",\"width\":2234,\"height\":398,\"caption\":\"Zapateneo Kultur Elkartea\"},\"image\":{\"@id\":\"https:\\\/\\\/zapateneo.net\\\/wordpress\\\/#\\\/schema\\\/logo\\\/image\\\/\"},\"sameAs\":[\"https:\\\/\\\/x.com\\\/zapateneo\"]}]}<\/script>\n<!-- \/ Yoast SEO plugin. -->","yoast_head_json":{"title":"PADRE, MA\u00d1ANA ME VAN A DAR MUERTE &#8212; Zapateneo","robots":{"index":"index","follow":"follow","max-snippet":"max-snippet:-1","max-image-preview":"max-image-preview:large","max-video-preview":"max-video-preview:-1"},"canonical":"https:\/\/zapateneo.net\/wordpress\/index.php\/producto\/padre-manana-me-van-a-dar-muerte\/","og_locale":"es_ES","og_type":"article","og_title":"PADRE, MA\u00d1ANA ME VAN A DAR MUERTE &#8212; Zapateneo","og_description":"Rafael Flores Montenegro 9788412646412 - La linterna Sorda - 2023 - 128 p\u00e1ginas \/orri.","og_url":"https:\/\/zapateneo.net\/wordpress\/index.php\/producto\/padre-manana-me-van-a-dar-muerte\/","og_site_name":"Zapateneo","article_modified_time":"2023-09-28T15:16:29+00:00","twitter_card":"summary_large_image","twitter_site":"@zapateneo","twitter_misc":{"Tiempo de lectura":"1 minuto"},"schema":{"@context":"https:\/\/schema.org","@graph":[{"@type":"WebPage","@id":"https:\/\/zapateneo.net\/wordpress\/index.php\/producto\/padre-manana-me-van-a-dar-muerte\/","url":"https:\/\/zapateneo.net\/wordpress\/index.php\/producto\/padre-manana-me-van-a-dar-muerte\/","name":"PADRE, MA\u00d1ANA ME VAN A DAR MUERTE &#8212; Zapateneo","isPartOf":{"@id":"https:\/\/zapateneo.net\/wordpress\/#website"},"primaryImageOfPage":{"@id":"https:\/\/zapateneo.net\/wordpress\/index.php\/producto\/padre-manana-me-van-a-dar-muerte\/#primaryimage"},"image":{"@id":"https:\/\/zapateneo.net\/wordpress\/index.php\/producto\/padre-manana-me-van-a-dar-muerte\/#primaryimage"},"thumbnailUrl":"https:\/\/zapateneo.net\/wordpress\/wp-content\/uploads\/2023\/09\/padre-manana-me-van-a-dar-muerte-9788412646412.jpg","datePublished":"2023-09-28T15:16:12+00:00","dateModified":"2023-09-28T15:16:29+00:00","breadcrumb":{"@id":"https:\/\/zapateneo.net\/wordpress\/index.php\/producto\/padre-manana-me-van-a-dar-muerte\/#breadcrumb"},"inLanguage":"es","potentialAction":[{"@type":"ReadAction","target":["https:\/\/zapateneo.net\/wordpress\/index.php\/producto\/padre-manana-me-van-a-dar-muerte\/"]}]},{"@type":"ImageObject","inLanguage":"es","@id":"https:\/\/zapateneo.net\/wordpress\/index.php\/producto\/padre-manana-me-van-a-dar-muerte\/#primaryimage","url":"https:\/\/zapateneo.net\/wordpress\/wp-content\/uploads\/2023\/09\/padre-manana-me-van-a-dar-muerte-9788412646412.jpg","contentUrl":"https:\/\/zapateneo.net\/wordpress\/wp-content\/uploads\/2023\/09\/padre-manana-me-van-a-dar-muerte-9788412646412.jpg","width":292,"height":400},{"@type":"BreadcrumbList","@id":"https:\/\/zapateneo.net\/wordpress\/index.php\/producto\/padre-manana-me-van-a-dar-muerte\/#breadcrumb","itemListElement":[{"@type":"ListItem","position":1,"name":"Portada","item":"https:\/\/zapateneo.net\/wordpress\/"},{"@type":"ListItem","position":2,"name":"Tienda","item":"https:\/\/zapateneo.net\/wordpress\/"},{"@type":"ListItem","position":3,"name":"PADRE, MA\u00d1ANA ME VAN A DAR MUERTE"}]},{"@type":"WebSite","@id":"https:\/\/zapateneo.net\/wordpress\/#website","url":"https:\/\/zapateneo.net\/wordpress\/","name":"Zapateneo","description":"Zapateneoaren webgunea","publisher":{"@id":"https:\/\/zapateneo.net\/wordpress\/#organization"},"potentialAction":[{"@type":"SearchAction","target":{"@type":"EntryPoint","urlTemplate":"https:\/\/zapateneo.net\/wordpress\/?s={search_term_string}"},"query-input":{"@type":"PropertyValueSpecification","valueRequired":true,"valueName":"search_term_string"}}],"inLanguage":"es"},{"@type":"Organization","@id":"https:\/\/zapateneo.net\/wordpress\/#organization","name":"Zapateneo Kultur Elkartea","url":"https:\/\/zapateneo.net\/wordpress\/","logo":{"@type":"ImageObject","inLanguage":"es","@id":"https:\/\/zapateneo.net\/wordpress\/#\/schema\/logo\/image\/","url":"https:\/\/zapateneo.net\/wordpress\/wp-content\/uploads\/2021\/04\/zap-libu-kolec.jpg","contentUrl":"https:\/\/zapateneo.net\/wordpress\/wp-content\/uploads\/2021\/04\/zap-libu-kolec.jpg","width":2234,"height":398,"caption":"Zapateneo Kultur Elkartea"},"image":{"@id":"https:\/\/zapateneo.net\/wordpress\/#\/schema\/logo\/image\/"},"sameAs":["https:\/\/x.com\/zapateneo"]}]}},"_links":{"self":[{"href":"https:\/\/zapateneo.net\/wordpress\/index.php\/wp-json\/wp\/v2\/product\/14907","targetHints":{"allow":["GET"]}}],"collection":[{"href":"https:\/\/zapateneo.net\/wordpress\/index.php\/wp-json\/wp\/v2\/product"}],"about":[{"href":"https:\/\/zapateneo.net\/wordpress\/index.php\/wp-json\/wp\/v2\/types\/product"}],"wp:featuredmedia":[{"embeddable":true,"href":"https:\/\/zapateneo.net\/wordpress\/index.php\/wp-json\/wp\/v2\/media\/14935"}],"wp:attachment":[{"href":"https:\/\/zapateneo.net\/wordpress\/index.php\/wp-json\/wp\/v2\/media?parent=14907"}],"wp:term":[{"taxonomy":"product_brand","embeddable":true,"href":"https:\/\/zapateneo.net\/wordpress\/index.php\/wp-json\/wp\/v2\/product_brand?post=14907"},{"taxonomy":"product_cat","embeddable":true,"href":"https:\/\/zapateneo.net\/wordpress\/index.php\/wp-json\/wp\/v2\/product_cat?post=14907"},{"taxonomy":"product_tag","embeddable":true,"href":"https:\/\/zapateneo.net\/wordpress\/index.php\/wp-json\/wp\/v2\/product_tag?post=14907"}],"curies":[{"name":"wp","href":"https:\/\/api.w.org\/{rel}","templated":true}]}}