{"id":14903,"date":"2023-09-28T16:16:11","date_gmt":"2023-09-28T15:16:11","guid":{"rendered":"https:\/\/zapateneo.net\/wordpress\/?post_type=product&#038;p=14903"},"modified":"2023-09-28T16:16:27","modified_gmt":"2023-09-28T15:16:27","slug":"pechos-en-busca-de-una-liberacion","status":"publish","type":"product","link":"https:\/\/zapateneo.net\/wordpress\/index.php\/producto\/pechos-en-busca-de-una-liberacion\/","title":{"rendered":"PECHOS En busca de una liberaci\u00f3n"},"content":{"rendered":"<p>Representar, pensar y conversar sobre los pechos, sobre su experiencia vivida, sobre una parte del cuerpo que condensa tanto de nuestro imaginario pol\u00edtico y social. Tirando de inocencia podr\u00eda sorprendernos que los pechos sigan recibiendo todav\u00eda tantos tab\u00fas, fantasmas, estereotipos, obligaciones sociales&#8230;<\/p>\n<p>Los pechos femeninos saturan el imaginario y, sin nunca confesarlo, son el eje de mil representaciones interesadas, que participan en objetualizarlos y reprimirlos, dej\u00e1ndolos al margen de una din\u00e1mica de liberaci\u00f3n que s\u00ed parece haber llegado a otras partes del cuerpo. Camille Froidevaux-Metterie apostar\u00e1 aqu\u00ed por sacarlos del ocultamiento, conversar abiertamente sobre ellos, retratarlos, pensarlos.<\/p>\n<p>Desde la experiencia directa de una cuarentena de mujeres, desde los 5 hasta casi los 80 a\u00f1os, revisitaremos la corporeidad de nuestra existencia, su inalienable materialidad, su sorprendente variabilidad, tanto entre diferentes personas como en un solo cuerpo a lo largo del tiempo. Desafiaremos aqu\u00ed cualquier prohibici\u00f3n de mostrar y hablar de tetas, pezones y areolas. Tetas como rostros que \u00abcondensan el conjunto de la experiencia vivida de lo femenino\u00bb, pechos como un paisaje desde el que reconstruir nuestra historia de sometimiento y desde el que forjar tambi\u00e9n una historia colectiva de liberaci\u00f3n.<\/p>\n<p>Camille Froidevaux-Metterie (Par\u00eds, 1968): Fil\u00f3sofa y profesora de ciencias pol\u00edticas, a cargo tambi\u00e9n de la secci\u00f3n de igualdad y diversidad en la universidad de Reims Champagne-Ardenne. Centra sus investigaciones en las transformaciones instigadas por las conquistas feministas, que aborda bajo una perspectiva fenomenol\u00f3gica que sit\u00faa el cuerpo en el centro de la reflexi\u00f3n. Su \u00abfeminismo encarnado\u00bb y su particular forma de combinar la primera persona con una pluralidad de voces puede rastrearse en su extensa obra, de la que destacaremos los ensayos La R\u00e9volution du f\u00e9minin (Gallimard, 2015 y Folio Essais, 2020), Le Corps des femmes: la bataille de l\u2019intime (Philosophie magazine \u00c9diteur, 2018) y Un corps \u00e0 soi (Seuil, 2021). Al tiempo que se publicaba la primera traducci\u00f3n en castellano de sus obras, ve\u00eda la luz en Francia su primera novela, Pleine et douce (Sabine Wespieser \u00e9d., 2023).<\/p>\n","protected":false},"excerpt":{"rendered":"<p><strong>Camille Froidevaux-Metterie<\/strong><br \/>\n9788416227624 &#8211; Oveja roja &#8211; 2023 &#8211; 192 p\u00e1ginas \/orri.<\/p>\n","protected":false},"featured_media":14931,"template":"","meta":[],"product_brand":[],"product_cat":[15],"product_tag":[6803,6804],"class_list":{"0":"post-14903","1":"product","2":"type-product","3":"status-publish","4":"has-post-thumbnail","6":"product_cat-otros-bestelakoak","7":"product_tag-camille-froidevaux-metterie","8":"product_tag-oveja-roja","10":"first","11":"instock","12":"sold-individually","13":"shipping-taxable","14":"purchasable","15":"product-type-simple"},"yoast_head":"<!-- This site is optimized with the Yoast SEO plugin v27.3 - https:\/\/yoast.com\/product\/yoast-seo-wordpress\/ -->\n<title>PECHOS En busca de una liberaci\u00f3n &#8212; Zapateneo<\/title>\n<meta name=\"robots\" content=\"index, follow, max-snippet:-1, max-image-preview:large, max-video-preview:-1\" \/>\n<link rel=\"canonical\" href=\"https:\/\/zapateneo.net\/wordpress\/index.php\/producto\/pechos-en-busca-de-una-liberacion\/\" \/>\n<meta property=\"og:locale\" content=\"es_ES\" \/>\n<meta property=\"og:type\" content=\"article\" \/>\n<meta property=\"og:title\" content=\"PECHOS En busca de una liberaci\u00f3n &#8212; Zapateneo\" \/>\n<meta property=\"og:description\" content=\"Camille Froidevaux-Metterie 9788416227624 - Oveja roja - 2023 - 192 p\u00e1ginas \/orri.\" \/>\n<meta property=\"og:url\" content=\"https:\/\/zapateneo.net\/wordpress\/index.php\/producto\/pechos-en-busca-de-una-liberacion\/\" \/>\n<meta property=\"og:site_name\" content=\"Zapateneo\" \/>\n<meta property=\"article:modified_time\" content=\"2023-09-28T15:16:27+00:00\" \/>\n<meta name=\"twitter:card\" content=\"summary_large_image\" \/>\n<meta name=\"twitter:site\" content=\"@zapateneo\" \/>\n<meta name=\"twitter:label1\" content=\"Tiempo de lectura\" \/>\n\t<meta name=\"twitter:data1\" content=\"2 minutos\" \/>\n<script type=\"application\/ld+json\" class=\"yoast-schema-graph\">{\"@context\":\"https:\\\/\\\/schema.org\",\"@graph\":[{\"@type\":\"WebPage\",\"@id\":\"https:\\\/\\\/zapateneo.net\\\/wordpress\\\/index.php\\\/producto\\\/pechos-en-busca-de-una-liberacion\\\/\",\"url\":\"https:\\\/\\\/zapateneo.net\\\/wordpress\\\/index.php\\\/producto\\\/pechos-en-busca-de-una-liberacion\\\/\",\"name\":\"PECHOS En busca de una liberaci\u00f3n &#8212; Zapateneo\",\"isPartOf\":{\"@id\":\"https:\\\/\\\/zapateneo.net\\\/wordpress\\\/#website\"},\"primaryImageOfPage\":{\"@id\":\"https:\\\/\\\/zapateneo.net\\\/wordpress\\\/index.php\\\/producto\\\/pechos-en-busca-de-una-liberacion\\\/#primaryimage\"},\"image\":{\"@id\":\"https:\\\/\\\/zapateneo.net\\\/wordpress\\\/index.php\\\/producto\\\/pechos-en-busca-de-una-liberacion\\\/#primaryimage\"},\"thumbnailUrl\":\"https:\\\/\\\/zapateneo.net\\\/wordpress\\\/wp-content\\\/uploads\\\/2023\\\/09\\\/9788416227624.jpeg\",\"datePublished\":\"2023-09-28T15:16:11+00:00\",\"dateModified\":\"2023-09-28T15:16:27+00:00\",\"breadcrumb\":{\"@id\":\"https:\\\/\\\/zapateneo.net\\\/wordpress\\\/index.php\\\/producto\\\/pechos-en-busca-de-una-liberacion\\\/#breadcrumb\"},\"inLanguage\":\"es\",\"potentialAction\":[{\"@type\":\"ReadAction\",\"target\":[\"https:\\\/\\\/zapateneo.net\\\/wordpress\\\/index.php\\\/producto\\\/pechos-en-busca-de-una-liberacion\\\/\"]}]},{\"@type\":\"ImageObject\",\"inLanguage\":\"es\",\"@id\":\"https:\\\/\\\/zapateneo.net\\\/wordpress\\\/index.php\\\/producto\\\/pechos-en-busca-de-una-liberacion\\\/#primaryimage\",\"url\":\"https:\\\/\\\/zapateneo.net\\\/wordpress\\\/wp-content\\\/uploads\\\/2023\\\/09\\\/9788416227624.jpeg\",\"contentUrl\":\"https:\\\/\\\/zapateneo.net\\\/wordpress\\\/wp-content\\\/uploads\\\/2023\\\/09\\\/9788416227624.jpeg\",\"width\":250,\"height\":400},{\"@type\":\"BreadcrumbList\",\"@id\":\"https:\\\/\\\/zapateneo.net\\\/wordpress\\\/index.php\\\/producto\\\/pechos-en-busca-de-una-liberacion\\\/#breadcrumb\",\"itemListElement\":[{\"@type\":\"ListItem\",\"position\":1,\"name\":\"Portada\",\"item\":\"https:\\\/\\\/zapateneo.net\\\/wordpress\\\/\"},{\"@type\":\"ListItem\",\"position\":2,\"name\":\"Tienda\",\"item\":\"https:\\\/\\\/zapateneo.net\\\/wordpress\\\/\"},{\"@type\":\"ListItem\",\"position\":3,\"name\":\"PECHOS En busca de una liberaci\u00f3n\"}]},{\"@type\":\"WebSite\",\"@id\":\"https:\\\/\\\/zapateneo.net\\\/wordpress\\\/#website\",\"url\":\"https:\\\/\\\/zapateneo.net\\\/wordpress\\\/\",\"name\":\"Zapateneo\",\"description\":\"Zapateneoaren webgunea\",\"publisher\":{\"@id\":\"https:\\\/\\\/zapateneo.net\\\/wordpress\\\/#organization\"},\"potentialAction\":[{\"@type\":\"SearchAction\",\"target\":{\"@type\":\"EntryPoint\",\"urlTemplate\":\"https:\\\/\\\/zapateneo.net\\\/wordpress\\\/?s={search_term_string}\"},\"query-input\":{\"@type\":\"PropertyValueSpecification\",\"valueRequired\":true,\"valueName\":\"search_term_string\"}}],\"inLanguage\":\"es\"},{\"@type\":\"Organization\",\"@id\":\"https:\\\/\\\/zapateneo.net\\\/wordpress\\\/#organization\",\"name\":\"Zapateneo Kultur Elkartea\",\"url\":\"https:\\\/\\\/zapateneo.net\\\/wordpress\\\/\",\"logo\":{\"@type\":\"ImageObject\",\"inLanguage\":\"es\",\"@id\":\"https:\\\/\\\/zapateneo.net\\\/wordpress\\\/#\\\/schema\\\/logo\\\/image\\\/\",\"url\":\"https:\\\/\\\/zapateneo.net\\\/wordpress\\\/wp-content\\\/uploads\\\/2021\\\/04\\\/zap-libu-kolec.jpg\",\"contentUrl\":\"https:\\\/\\\/zapateneo.net\\\/wordpress\\\/wp-content\\\/uploads\\\/2021\\\/04\\\/zap-libu-kolec.jpg\",\"width\":2234,\"height\":398,\"caption\":\"Zapateneo Kultur Elkartea\"},\"image\":{\"@id\":\"https:\\\/\\\/zapateneo.net\\\/wordpress\\\/#\\\/schema\\\/logo\\\/image\\\/\"},\"sameAs\":[\"https:\\\/\\\/x.com\\\/zapateneo\"]}]}<\/script>\n<!-- \/ Yoast SEO plugin. -->","yoast_head_json":{"title":"PECHOS En busca de una liberaci\u00f3n &#8212; Zapateneo","robots":{"index":"index","follow":"follow","max-snippet":"max-snippet:-1","max-image-preview":"max-image-preview:large","max-video-preview":"max-video-preview:-1"},"canonical":"https:\/\/zapateneo.net\/wordpress\/index.php\/producto\/pechos-en-busca-de-una-liberacion\/","og_locale":"es_ES","og_type":"article","og_title":"PECHOS En busca de una liberaci\u00f3n &#8212; Zapateneo","og_description":"Camille Froidevaux-Metterie 9788416227624 - Oveja roja - 2023 - 192 p\u00e1ginas \/orri.","og_url":"https:\/\/zapateneo.net\/wordpress\/index.php\/producto\/pechos-en-busca-de-una-liberacion\/","og_site_name":"Zapateneo","article_modified_time":"2023-09-28T15:16:27+00:00","twitter_card":"summary_large_image","twitter_site":"@zapateneo","twitter_misc":{"Tiempo de lectura":"2 minutos"},"schema":{"@context":"https:\/\/schema.org","@graph":[{"@type":"WebPage","@id":"https:\/\/zapateneo.net\/wordpress\/index.php\/producto\/pechos-en-busca-de-una-liberacion\/","url":"https:\/\/zapateneo.net\/wordpress\/index.php\/producto\/pechos-en-busca-de-una-liberacion\/","name":"PECHOS En busca de una liberaci\u00f3n &#8212; Zapateneo","isPartOf":{"@id":"https:\/\/zapateneo.net\/wordpress\/#website"},"primaryImageOfPage":{"@id":"https:\/\/zapateneo.net\/wordpress\/index.php\/producto\/pechos-en-busca-de-una-liberacion\/#primaryimage"},"image":{"@id":"https:\/\/zapateneo.net\/wordpress\/index.php\/producto\/pechos-en-busca-de-una-liberacion\/#primaryimage"},"thumbnailUrl":"https:\/\/zapateneo.net\/wordpress\/wp-content\/uploads\/2023\/09\/9788416227624.jpeg","datePublished":"2023-09-28T15:16:11+00:00","dateModified":"2023-09-28T15:16:27+00:00","breadcrumb":{"@id":"https:\/\/zapateneo.net\/wordpress\/index.php\/producto\/pechos-en-busca-de-una-liberacion\/#breadcrumb"},"inLanguage":"es","potentialAction":[{"@type":"ReadAction","target":["https:\/\/zapateneo.net\/wordpress\/index.php\/producto\/pechos-en-busca-de-una-liberacion\/"]}]},{"@type":"ImageObject","inLanguage":"es","@id":"https:\/\/zapateneo.net\/wordpress\/index.php\/producto\/pechos-en-busca-de-una-liberacion\/#primaryimage","url":"https:\/\/zapateneo.net\/wordpress\/wp-content\/uploads\/2023\/09\/9788416227624.jpeg","contentUrl":"https:\/\/zapateneo.net\/wordpress\/wp-content\/uploads\/2023\/09\/9788416227624.jpeg","width":250,"height":400},{"@type":"BreadcrumbList","@id":"https:\/\/zapateneo.net\/wordpress\/index.php\/producto\/pechos-en-busca-de-una-liberacion\/#breadcrumb","itemListElement":[{"@type":"ListItem","position":1,"name":"Portada","item":"https:\/\/zapateneo.net\/wordpress\/"},{"@type":"ListItem","position":2,"name":"Tienda","item":"https:\/\/zapateneo.net\/wordpress\/"},{"@type":"ListItem","position":3,"name":"PECHOS En busca de una liberaci\u00f3n"}]},{"@type":"WebSite","@id":"https:\/\/zapateneo.net\/wordpress\/#website","url":"https:\/\/zapateneo.net\/wordpress\/","name":"Zapateneo","description":"Zapateneoaren webgunea","publisher":{"@id":"https:\/\/zapateneo.net\/wordpress\/#organization"},"potentialAction":[{"@type":"SearchAction","target":{"@type":"EntryPoint","urlTemplate":"https:\/\/zapateneo.net\/wordpress\/?s={search_term_string}"},"query-input":{"@type":"PropertyValueSpecification","valueRequired":true,"valueName":"search_term_string"}}],"inLanguage":"es"},{"@type":"Organization","@id":"https:\/\/zapateneo.net\/wordpress\/#organization","name":"Zapateneo Kultur Elkartea","url":"https:\/\/zapateneo.net\/wordpress\/","logo":{"@type":"ImageObject","inLanguage":"es","@id":"https:\/\/zapateneo.net\/wordpress\/#\/schema\/logo\/image\/","url":"https:\/\/zapateneo.net\/wordpress\/wp-content\/uploads\/2021\/04\/zap-libu-kolec.jpg","contentUrl":"https:\/\/zapateneo.net\/wordpress\/wp-content\/uploads\/2021\/04\/zap-libu-kolec.jpg","width":2234,"height":398,"caption":"Zapateneo Kultur Elkartea"},"image":{"@id":"https:\/\/zapateneo.net\/wordpress\/#\/schema\/logo\/image\/"},"sameAs":["https:\/\/x.com\/zapateneo"]}]}},"_links":{"self":[{"href":"https:\/\/zapateneo.net\/wordpress\/index.php\/wp-json\/wp\/v2\/product\/14903","targetHints":{"allow":["GET"]}}],"collection":[{"href":"https:\/\/zapateneo.net\/wordpress\/index.php\/wp-json\/wp\/v2\/product"}],"about":[{"href":"https:\/\/zapateneo.net\/wordpress\/index.php\/wp-json\/wp\/v2\/types\/product"}],"wp:featuredmedia":[{"embeddable":true,"href":"https:\/\/zapateneo.net\/wordpress\/index.php\/wp-json\/wp\/v2\/media\/14931"}],"wp:attachment":[{"href":"https:\/\/zapateneo.net\/wordpress\/index.php\/wp-json\/wp\/v2\/media?parent=14903"}],"wp:term":[{"taxonomy":"product_brand","embeddable":true,"href":"https:\/\/zapateneo.net\/wordpress\/index.php\/wp-json\/wp\/v2\/product_brand?post=14903"},{"taxonomy":"product_cat","embeddable":true,"href":"https:\/\/zapateneo.net\/wordpress\/index.php\/wp-json\/wp\/v2\/product_cat?post=14903"},{"taxonomy":"product_tag","embeddable":true,"href":"https:\/\/zapateneo.net\/wordpress\/index.php\/wp-json\/wp\/v2\/product_tag?post=14903"}],"curies":[{"name":"wp","href":"https:\/\/api.w.org\/{rel}","templated":true}]}}