{"id":14898,"date":"2023-09-28T16:16:10","date_gmt":"2023-09-28T15:16:10","guid":{"rendered":"https:\/\/zapateneo.net\/wordpress\/?post_type=product&#038;p=14898"},"modified":"2023-09-28T16:16:24","modified_gmt":"2023-09-28T15:16:24","slug":"suburbia-el-libro-ilustrado-del-erotismo-lo-prohibido-y-la-molicie-en-espana","status":"publish","type":"product","link":"https:\/\/zapateneo.net\/wordpress\/index.php\/producto\/suburbia-el-libro-ilustrado-del-erotismo-lo-prohibido-y-la-molicie-en-espana\/","title":{"rendered":"SUBURBIA El libro ilustrado del erotismo, lo prohibido y la molicie en espa\u00f1a"},"content":{"rendered":"<p>Un espectacular recorrido ilustrado por nuestros mundos m\u00e1s oscuros y \u00abdepravados\u00bb, desde la sicalipsis de fin de siglo hasta la brutalidad de la transici\u00f3n, cuando los quioscos se llenaron de chicas con esv\u00e1sticas y cuero negro. Edici\u00f3n de Servando Rocha<\/p>\n<p>Esta es la incre\u00edble y fascinante historia de nuestra Espa\u00f1a m\u00e1s subterr\u00e1nea y amante de la coca\u00edna o la morfina \u2013los llamados entonces \u00abvenenos euf\u00f3ricos\u00bb\u2013, que durante a\u00f1os se vend\u00edan libremente e inundaban cabarets, antros y esquinas. Las mujeres tomaban la noche, ese espacio donde siempre se despliega lo prohibido, adoptando maneras de ser libres y sin permiso de nadie, en una Santa Trinidad de sexo, drogas y cupl\u00e9, mientras la \u00abgente de orden\u00bb miraba con espanto lo que suced\u00eda en las calles. Exist\u00eda un pa\u00eds moralizante y otro muy distinto, nuestra Suburbia, la secreta Naci\u00f3n de la Molicie, aquella otra abandonada con alegr\u00eda y gran dedicaci\u00f3n al vicio y el placer.<\/p>\n<p>Nuestra \u00abtormenta inmoral\u00bb fue imparable. Se editaban centenares de libros y revistas, algunas clandestinas, que pasaban a formar parte de \u00abbibliotecas infernales\u00bb, esos libros secretos por indecorosos o directamente prohibidos de bibliotecas, tanto p\u00fablicas como privadas, en ocasiones pasquines y mal editados, que se vend\u00edan por cuatro duros y contra los que se crearon brigadas policiales antipornograf\u00eda. El m\u00e1s misterioso y, para muchos, infame de aquellos autores fue \u00c1ngel Mart\u00edn de Lucenay, un falso sex\u00f3logo que no se parec\u00eda a ninguno y cuya habilidad era vender erotismo, en ocasiones extremo e hilarante, bajo la coartada de la divulgaci\u00f3n m\u00e9dica, higi\u00e9nica y sexual.<\/p>\n<p>Sus libros, repletos de chicas pinch\u00e1ndose o fumando opio, cr\u00f3nicas sobre extra\u00f1os cultos y un aluvi\u00f3n de fotograf\u00edas reales de nuestros bajos fondos, eran eso mismo: spanish pulp. Baratos, accesibles para todos. Pura exploitation. En solo cuatro a\u00f1os (1932-1936), aquel rey absoluto de la sordidez del sexo, la noche y los bajos fondos, inund\u00f3 el mercado con casi un centenar de libros que inclu\u00edan sexo salvaje, sado o bestialismo.<\/p>\n<p>Suburbia. El gran libro ilustrado del erotismo, lo prohibido y la molicie en Espa\u00f1a, editado por el escritor Servando Rocha, es un espectacular recorrido ilustrado por nuestros mundos m\u00e1s oscuros y \u00abdepravados\u00bb, desde la sicalipsis de fin de siglo hasta la brutalidad de la transici\u00f3n, cuando los quioscos se llenaron de chicas con esv\u00e1sticas y cuero negro.<\/p>\n<p>Edici\u00f3n de Servando Rocha<\/p>\n","protected":false},"excerpt":{"rendered":"<p><strong>Servando Rocha (ed.)<\/strong><br \/>\n9788412693614 &#8211; La felguera &#8211; 2023 &#8211; 432 p\u00e1ginas \/orri.<\/p>\n","protected":false},"featured_media":14926,"template":"","meta":[],"product_brand":[],"product_cat":[15],"product_tag":[582,6798],"class_list":{"0":"post-14898","1":"product","2":"type-product","3":"status-publish","4":"has-post-thumbnail","6":"product_cat-otros-bestelakoak","7":"product_tag-la-felguera","8":"product_tag-servando-rocha-ed","10":"first","11":"instock","12":"sold-individually","13":"shipping-taxable","14":"purchasable","15":"product-type-simple"},"yoast_head":"<!-- This site is optimized with the Yoast SEO plugin v27.3 - https:\/\/yoast.com\/product\/yoast-seo-wordpress\/ -->\n<title>SUBURBIA El libro ilustrado del erotismo, lo prohibido y la molicie en espa\u00f1a &#8212; Zapateneo<\/title>\n<meta name=\"robots\" content=\"index, follow, max-snippet:-1, max-image-preview:large, max-video-preview:-1\" \/>\n<link rel=\"canonical\" href=\"https:\/\/zapateneo.net\/wordpress\/index.php\/producto\/suburbia-el-libro-ilustrado-del-erotismo-lo-prohibido-y-la-molicie-en-espana\/\" \/>\n<meta property=\"og:locale\" content=\"es_ES\" \/>\n<meta property=\"og:type\" content=\"article\" \/>\n<meta property=\"og:title\" content=\"SUBURBIA El libro ilustrado del erotismo, lo prohibido y la molicie en espa\u00f1a &#8212; Zapateneo\" \/>\n<meta property=\"og:description\" content=\"Servando Rocha (ed.) 9788412693614 - La felguera - 2023 - 432 p\u00e1ginas \/orri.\" \/>\n<meta property=\"og:url\" content=\"https:\/\/zapateneo.net\/wordpress\/index.php\/producto\/suburbia-el-libro-ilustrado-del-erotismo-lo-prohibido-y-la-molicie-en-espana\/\" \/>\n<meta property=\"og:site_name\" content=\"Zapateneo\" \/>\n<meta property=\"article:modified_time\" content=\"2023-09-28T15:16:24+00:00\" \/>\n<meta name=\"twitter:card\" content=\"summary_large_image\" \/>\n<meta name=\"twitter:site\" content=\"@zapateneo\" \/>\n<meta name=\"twitter:label1\" content=\"Tiempo de lectura\" \/>\n\t<meta name=\"twitter:data1\" content=\"2 minutos\" \/>\n<script type=\"application\/ld+json\" class=\"yoast-schema-graph\">{\"@context\":\"https:\\\/\\\/schema.org\",\"@graph\":[{\"@type\":\"WebPage\",\"@id\":\"https:\\\/\\\/zapateneo.net\\\/wordpress\\\/index.php\\\/producto\\\/suburbia-el-libro-ilustrado-del-erotismo-lo-prohibido-y-la-molicie-en-espana\\\/\",\"url\":\"https:\\\/\\\/zapateneo.net\\\/wordpress\\\/index.php\\\/producto\\\/suburbia-el-libro-ilustrado-del-erotismo-lo-prohibido-y-la-molicie-en-espana\\\/\",\"name\":\"SUBURBIA El libro ilustrado del erotismo, lo prohibido y la molicie en espa\u00f1a &#8212; Zapateneo\",\"isPartOf\":{\"@id\":\"https:\\\/\\\/zapateneo.net\\\/wordpress\\\/#website\"},\"primaryImageOfPage\":{\"@id\":\"https:\\\/\\\/zapateneo.net\\\/wordpress\\\/index.php\\\/producto\\\/suburbia-el-libro-ilustrado-del-erotismo-lo-prohibido-y-la-molicie-en-espana\\\/#primaryimage\"},\"image\":{\"@id\":\"https:\\\/\\\/zapateneo.net\\\/wordpress\\\/index.php\\\/producto\\\/suburbia-el-libro-ilustrado-del-erotismo-lo-prohibido-y-la-molicie-en-espana\\\/#primaryimage\"},\"thumbnailUrl\":\"https:\\\/\\\/zapateneo.net\\\/wordpress\\\/wp-content\\\/uploads\\\/2023\\\/09\\\/suburbia-9788412693614.jpg\",\"datePublished\":\"2023-09-28T15:16:10+00:00\",\"dateModified\":\"2023-09-28T15:16:24+00:00\",\"breadcrumb\":{\"@id\":\"https:\\\/\\\/zapateneo.net\\\/wordpress\\\/index.php\\\/producto\\\/suburbia-el-libro-ilustrado-del-erotismo-lo-prohibido-y-la-molicie-en-espana\\\/#breadcrumb\"},\"inLanguage\":\"es\",\"potentialAction\":[{\"@type\":\"ReadAction\",\"target\":[\"https:\\\/\\\/zapateneo.net\\\/wordpress\\\/index.php\\\/producto\\\/suburbia-el-libro-ilustrado-del-erotismo-lo-prohibido-y-la-molicie-en-espana\\\/\"]}]},{\"@type\":\"ImageObject\",\"inLanguage\":\"es\",\"@id\":\"https:\\\/\\\/zapateneo.net\\\/wordpress\\\/index.php\\\/producto\\\/suburbia-el-libro-ilustrado-del-erotismo-lo-prohibido-y-la-molicie-en-espana\\\/#primaryimage\",\"url\":\"https:\\\/\\\/zapateneo.net\\\/wordpress\\\/wp-content\\\/uploads\\\/2023\\\/09\\\/suburbia-9788412693614.jpg\",\"contentUrl\":\"https:\\\/\\\/zapateneo.net\\\/wordpress\\\/wp-content\\\/uploads\\\/2023\\\/09\\\/suburbia-9788412693614.jpg\",\"width\":275,\"height\":400},{\"@type\":\"BreadcrumbList\",\"@id\":\"https:\\\/\\\/zapateneo.net\\\/wordpress\\\/index.php\\\/producto\\\/suburbia-el-libro-ilustrado-del-erotismo-lo-prohibido-y-la-molicie-en-espana\\\/#breadcrumb\",\"itemListElement\":[{\"@type\":\"ListItem\",\"position\":1,\"name\":\"Portada\",\"item\":\"https:\\\/\\\/zapateneo.net\\\/wordpress\\\/\"},{\"@type\":\"ListItem\",\"position\":2,\"name\":\"Tienda\",\"item\":\"https:\\\/\\\/zapateneo.net\\\/wordpress\\\/\"},{\"@type\":\"ListItem\",\"position\":3,\"name\":\"SUBURBIA El libro ilustrado del erotismo, lo prohibido y la molicie en espa\u00f1a\"}]},{\"@type\":\"WebSite\",\"@id\":\"https:\\\/\\\/zapateneo.net\\\/wordpress\\\/#website\",\"url\":\"https:\\\/\\\/zapateneo.net\\\/wordpress\\\/\",\"name\":\"Zapateneo\",\"description\":\"Zapateneoaren webgunea\",\"publisher\":{\"@id\":\"https:\\\/\\\/zapateneo.net\\\/wordpress\\\/#organization\"},\"potentialAction\":[{\"@type\":\"SearchAction\",\"target\":{\"@type\":\"EntryPoint\",\"urlTemplate\":\"https:\\\/\\\/zapateneo.net\\\/wordpress\\\/?s={search_term_string}\"},\"query-input\":{\"@type\":\"PropertyValueSpecification\",\"valueRequired\":true,\"valueName\":\"search_term_string\"}}],\"inLanguage\":\"es\"},{\"@type\":\"Organization\",\"@id\":\"https:\\\/\\\/zapateneo.net\\\/wordpress\\\/#organization\",\"name\":\"Zapateneo Kultur Elkartea\",\"url\":\"https:\\\/\\\/zapateneo.net\\\/wordpress\\\/\",\"logo\":{\"@type\":\"ImageObject\",\"inLanguage\":\"es\",\"@id\":\"https:\\\/\\\/zapateneo.net\\\/wordpress\\\/#\\\/schema\\\/logo\\\/image\\\/\",\"url\":\"https:\\\/\\\/zapateneo.net\\\/wordpress\\\/wp-content\\\/uploads\\\/2021\\\/04\\\/zap-libu-kolec.jpg\",\"contentUrl\":\"https:\\\/\\\/zapateneo.net\\\/wordpress\\\/wp-content\\\/uploads\\\/2021\\\/04\\\/zap-libu-kolec.jpg\",\"width\":2234,\"height\":398,\"caption\":\"Zapateneo Kultur Elkartea\"},\"image\":{\"@id\":\"https:\\\/\\\/zapateneo.net\\\/wordpress\\\/#\\\/schema\\\/logo\\\/image\\\/\"},\"sameAs\":[\"https:\\\/\\\/x.com\\\/zapateneo\"]}]}<\/script>\n<!-- \/ Yoast SEO plugin. -->","yoast_head_json":{"title":"SUBURBIA El libro ilustrado del erotismo, lo prohibido y la molicie en espa\u00f1a &#8212; Zapateneo","robots":{"index":"index","follow":"follow","max-snippet":"max-snippet:-1","max-image-preview":"max-image-preview:large","max-video-preview":"max-video-preview:-1"},"canonical":"https:\/\/zapateneo.net\/wordpress\/index.php\/producto\/suburbia-el-libro-ilustrado-del-erotismo-lo-prohibido-y-la-molicie-en-espana\/","og_locale":"es_ES","og_type":"article","og_title":"SUBURBIA El libro ilustrado del erotismo, lo prohibido y la molicie en espa\u00f1a &#8212; Zapateneo","og_description":"Servando Rocha (ed.) 9788412693614 - La felguera - 2023 - 432 p\u00e1ginas \/orri.","og_url":"https:\/\/zapateneo.net\/wordpress\/index.php\/producto\/suburbia-el-libro-ilustrado-del-erotismo-lo-prohibido-y-la-molicie-en-espana\/","og_site_name":"Zapateneo","article_modified_time":"2023-09-28T15:16:24+00:00","twitter_card":"summary_large_image","twitter_site":"@zapateneo","twitter_misc":{"Tiempo de lectura":"2 minutos"},"schema":{"@context":"https:\/\/schema.org","@graph":[{"@type":"WebPage","@id":"https:\/\/zapateneo.net\/wordpress\/index.php\/producto\/suburbia-el-libro-ilustrado-del-erotismo-lo-prohibido-y-la-molicie-en-espana\/","url":"https:\/\/zapateneo.net\/wordpress\/index.php\/producto\/suburbia-el-libro-ilustrado-del-erotismo-lo-prohibido-y-la-molicie-en-espana\/","name":"SUBURBIA El libro ilustrado del erotismo, lo prohibido y la molicie en espa\u00f1a &#8212; Zapateneo","isPartOf":{"@id":"https:\/\/zapateneo.net\/wordpress\/#website"},"primaryImageOfPage":{"@id":"https:\/\/zapateneo.net\/wordpress\/index.php\/producto\/suburbia-el-libro-ilustrado-del-erotismo-lo-prohibido-y-la-molicie-en-espana\/#primaryimage"},"image":{"@id":"https:\/\/zapateneo.net\/wordpress\/index.php\/producto\/suburbia-el-libro-ilustrado-del-erotismo-lo-prohibido-y-la-molicie-en-espana\/#primaryimage"},"thumbnailUrl":"https:\/\/zapateneo.net\/wordpress\/wp-content\/uploads\/2023\/09\/suburbia-9788412693614.jpg","datePublished":"2023-09-28T15:16:10+00:00","dateModified":"2023-09-28T15:16:24+00:00","breadcrumb":{"@id":"https:\/\/zapateneo.net\/wordpress\/index.php\/producto\/suburbia-el-libro-ilustrado-del-erotismo-lo-prohibido-y-la-molicie-en-espana\/#breadcrumb"},"inLanguage":"es","potentialAction":[{"@type":"ReadAction","target":["https:\/\/zapateneo.net\/wordpress\/index.php\/producto\/suburbia-el-libro-ilustrado-del-erotismo-lo-prohibido-y-la-molicie-en-espana\/"]}]},{"@type":"ImageObject","inLanguage":"es","@id":"https:\/\/zapateneo.net\/wordpress\/index.php\/producto\/suburbia-el-libro-ilustrado-del-erotismo-lo-prohibido-y-la-molicie-en-espana\/#primaryimage","url":"https:\/\/zapateneo.net\/wordpress\/wp-content\/uploads\/2023\/09\/suburbia-9788412693614.jpg","contentUrl":"https:\/\/zapateneo.net\/wordpress\/wp-content\/uploads\/2023\/09\/suburbia-9788412693614.jpg","width":275,"height":400},{"@type":"BreadcrumbList","@id":"https:\/\/zapateneo.net\/wordpress\/index.php\/producto\/suburbia-el-libro-ilustrado-del-erotismo-lo-prohibido-y-la-molicie-en-espana\/#breadcrumb","itemListElement":[{"@type":"ListItem","position":1,"name":"Portada","item":"https:\/\/zapateneo.net\/wordpress\/"},{"@type":"ListItem","position":2,"name":"Tienda","item":"https:\/\/zapateneo.net\/wordpress\/"},{"@type":"ListItem","position":3,"name":"SUBURBIA El libro ilustrado del erotismo, lo prohibido y la molicie en espa\u00f1a"}]},{"@type":"WebSite","@id":"https:\/\/zapateneo.net\/wordpress\/#website","url":"https:\/\/zapateneo.net\/wordpress\/","name":"Zapateneo","description":"Zapateneoaren webgunea","publisher":{"@id":"https:\/\/zapateneo.net\/wordpress\/#organization"},"potentialAction":[{"@type":"SearchAction","target":{"@type":"EntryPoint","urlTemplate":"https:\/\/zapateneo.net\/wordpress\/?s={search_term_string}"},"query-input":{"@type":"PropertyValueSpecification","valueRequired":true,"valueName":"search_term_string"}}],"inLanguage":"es"},{"@type":"Organization","@id":"https:\/\/zapateneo.net\/wordpress\/#organization","name":"Zapateneo Kultur Elkartea","url":"https:\/\/zapateneo.net\/wordpress\/","logo":{"@type":"ImageObject","inLanguage":"es","@id":"https:\/\/zapateneo.net\/wordpress\/#\/schema\/logo\/image\/","url":"https:\/\/zapateneo.net\/wordpress\/wp-content\/uploads\/2021\/04\/zap-libu-kolec.jpg","contentUrl":"https:\/\/zapateneo.net\/wordpress\/wp-content\/uploads\/2021\/04\/zap-libu-kolec.jpg","width":2234,"height":398,"caption":"Zapateneo Kultur Elkartea"},"image":{"@id":"https:\/\/zapateneo.net\/wordpress\/#\/schema\/logo\/image\/"},"sameAs":["https:\/\/x.com\/zapateneo"]}]}},"_links":{"self":[{"href":"https:\/\/zapateneo.net\/wordpress\/index.php\/wp-json\/wp\/v2\/product\/14898","targetHints":{"allow":["GET"]}}],"collection":[{"href":"https:\/\/zapateneo.net\/wordpress\/index.php\/wp-json\/wp\/v2\/product"}],"about":[{"href":"https:\/\/zapateneo.net\/wordpress\/index.php\/wp-json\/wp\/v2\/types\/product"}],"wp:featuredmedia":[{"embeddable":true,"href":"https:\/\/zapateneo.net\/wordpress\/index.php\/wp-json\/wp\/v2\/media\/14926"}],"wp:attachment":[{"href":"https:\/\/zapateneo.net\/wordpress\/index.php\/wp-json\/wp\/v2\/media?parent=14898"}],"wp:term":[{"taxonomy":"product_brand","embeddable":true,"href":"https:\/\/zapateneo.net\/wordpress\/index.php\/wp-json\/wp\/v2\/product_brand?post=14898"},{"taxonomy":"product_cat","embeddable":true,"href":"https:\/\/zapateneo.net\/wordpress\/index.php\/wp-json\/wp\/v2\/product_cat?post=14898"},{"taxonomy":"product_tag","embeddable":true,"href":"https:\/\/zapateneo.net\/wordpress\/index.php\/wp-json\/wp\/v2\/product_tag?post=14898"}],"curies":[{"name":"wp","href":"https:\/\/api.w.org\/{rel}","templated":true}]}}