{"id":14897,"date":"2023-09-28T16:16:09","date_gmt":"2023-09-28T15:16:09","guid":{"rendered":"https:\/\/zapateneo.net\/wordpress\/?post_type=product&#038;p=14897"},"modified":"2023-09-28T16:16:23","modified_gmt":"2023-09-28T15:16:23","slug":"la-banda-negra-a-sangre-y-fuego-en-barcelona","status":"publish","type":"product","link":"https:\/\/zapateneo.net\/wordpress\/index.php\/producto\/la-banda-negra-a-sangre-y-fuego-en-barcelona\/","title":{"rendered":"LA BANDA NEGRA A sangre y fuego en Barcelona"},"content":{"rendered":"<p>Entre 1918 y 1923 Barcelona, convertida en una especie de Par\u00eds en miniatura que asist\u00eda a la incesante llegada de vedettes, sicarios y contrabandistas de toda Europa, vivi\u00f3 una batalla sanguinaria y feroz entre los mejores pistoleros anarquistas y el \u00abterrorismo blanco\u00bb de la patronal, el llamado Sindicato Libre, apoyado por las autoridades y la polic\u00eda \u00aboficial\u00bb.<\/p>\n<p>Cada semana, entre explosiones, atentados, emboscadas y tiroteos, aumentaba el recuento de v\u00edctimas mortales, aunque la situaci\u00f3n se convirti\u00f3 en verdadera guerra callejera con la aparici\u00f3n de un aventurero, estafador, esp\u00eda \u2013que trabaj\u00f3 indistintamente para Francia o Alemania y lleg\u00f3 a estar implicado en la revelaci\u00f3n de los secretos de la m\u00e1quina de cifrar y descifrar mensajes Enigma\u2013 y falso bar\u00f3n K\u00f6nig. Este, desde una oficina en pleno centro y bajo la tapadera de una inexistente agencia de detectives, reclut\u00f3 entre los bajos fondos un peque\u00f1o ej\u00e9rcito formado por matones, confidentes y criminales profesionales.<\/p>\n<p>Aquel batall\u00f3n del hampa se conocer\u00eda como La Banda Negra y se dedicar\u00eda a cometer numerosos cr\u00edmenes contra anarquistas y l\u00edderes obreros. Tras su desaparici\u00f3n, mientras sus miembros eran perseguidos y, en muchos casos, liquidados por grupos de acci\u00f3n libertarios que preparaban una insurrecci\u00f3n armada en todo el pa\u00eds, su estilo fue imitado por los terroristas del llamado Sindicato Libre.<\/p>\n<p>La Banda Negra. A sangre y fuego en Barcelona es la historia de aquella peligrosa organizaci\u00f3n y su l\u00edder, el infame falso bar\u00f3n, y tambi\u00e9n una antolog\u00eda de la literatura de aquellos \u00aba\u00f1os de plomo\u00bb del pistolerismo, que alcanz\u00f3 unos niveles de violencia, martirologio y gansterismo in\u00e9ditos, contada por sus propios protagonistas, como comisarios de polic\u00eda, fundadores de aquellos grupos terroristas o escritores derechistas, y por quienes mejor han desentra\u00f1ado aquel mundo siniestro y extremo protagonizado por personajes que eran aut\u00e9ntico true crime y puro follet\u00edn con olor a p\u00f3lvora y dinamita.<\/p>\n","protected":false},"excerpt":{"rendered":"<p><strong>vvaa<\/strong><br \/>\n9788412693621 &#8211; La felguera &#8211; 2023 &#8211; 256 p\u00e1ginas \/orri.<\/p>\n","protected":false},"featured_media":14925,"template":"","meta":[],"product_brand":[],"product_cat":[15],"product_tag":[582],"class_list":{"0":"post-14897","1":"product","2":"type-product","3":"status-publish","4":"has-post-thumbnail","6":"product_cat-otros-bestelakoak","7":"product_tag-la-felguera","9":"first","10":"instock","11":"sold-individually","12":"shipping-taxable","13":"purchasable","14":"product-type-simple"},"yoast_head":"<!-- This site is optimized with the Yoast SEO plugin v27.3 - https:\/\/yoast.com\/product\/yoast-seo-wordpress\/ -->\n<title>LA BANDA NEGRA A sangre y fuego en Barcelona &#8212; Zapateneo<\/title>\n<meta name=\"robots\" content=\"index, follow, max-snippet:-1, max-image-preview:large, max-video-preview:-1\" \/>\n<link rel=\"canonical\" href=\"https:\/\/zapateneo.net\/wordpress\/index.php\/producto\/la-banda-negra-a-sangre-y-fuego-en-barcelona\/\" \/>\n<meta property=\"og:locale\" content=\"es_ES\" \/>\n<meta property=\"og:type\" content=\"article\" \/>\n<meta property=\"og:title\" content=\"LA BANDA NEGRA A sangre y fuego en Barcelona &#8212; Zapateneo\" \/>\n<meta property=\"og:description\" content=\"vvaa 9788412693621 - La felguera - 2023 - 256 p\u00e1ginas \/orri.\" \/>\n<meta property=\"og:url\" content=\"https:\/\/zapateneo.net\/wordpress\/index.php\/producto\/la-banda-negra-a-sangre-y-fuego-en-barcelona\/\" \/>\n<meta property=\"og:site_name\" content=\"Zapateneo\" \/>\n<meta property=\"article:modified_time\" content=\"2023-09-28T15:16:23+00:00\" \/>\n<meta name=\"twitter:card\" content=\"summary_large_image\" \/>\n<meta name=\"twitter:site\" content=\"@zapateneo\" \/>\n<meta name=\"twitter:label1\" content=\"Tiempo de lectura\" \/>\n\t<meta name=\"twitter:data1\" content=\"2 minutos\" \/>\n<script type=\"application\/ld+json\" class=\"yoast-schema-graph\">{\"@context\":\"https:\\\/\\\/schema.org\",\"@graph\":[{\"@type\":\"WebPage\",\"@id\":\"https:\\\/\\\/zapateneo.net\\\/wordpress\\\/index.php\\\/producto\\\/la-banda-negra-a-sangre-y-fuego-en-barcelona\\\/\",\"url\":\"https:\\\/\\\/zapateneo.net\\\/wordpress\\\/index.php\\\/producto\\\/la-banda-negra-a-sangre-y-fuego-en-barcelona\\\/\",\"name\":\"LA BANDA NEGRA A sangre y fuego en Barcelona &#8212; Zapateneo\",\"isPartOf\":{\"@id\":\"https:\\\/\\\/zapateneo.net\\\/wordpress\\\/#website\"},\"primaryImageOfPage\":{\"@id\":\"https:\\\/\\\/zapateneo.net\\\/wordpress\\\/index.php\\\/producto\\\/la-banda-negra-a-sangre-y-fuego-en-barcelona\\\/#primaryimage\"},\"image\":{\"@id\":\"https:\\\/\\\/zapateneo.net\\\/wordpress\\\/index.php\\\/producto\\\/la-banda-negra-a-sangre-y-fuego-en-barcelona\\\/#primaryimage\"},\"thumbnailUrl\":\"https:\\\/\\\/zapateneo.net\\\/wordpress\\\/wp-content\\\/uploads\\\/2023\\\/09\\\/la-banda-negra-9788412693621.jpg\",\"datePublished\":\"2023-09-28T15:16:09+00:00\",\"dateModified\":\"2023-09-28T15:16:23+00:00\",\"breadcrumb\":{\"@id\":\"https:\\\/\\\/zapateneo.net\\\/wordpress\\\/index.php\\\/producto\\\/la-banda-negra-a-sangre-y-fuego-en-barcelona\\\/#breadcrumb\"},\"inLanguage\":\"es\",\"potentialAction\":[{\"@type\":\"ReadAction\",\"target\":[\"https:\\\/\\\/zapateneo.net\\\/wordpress\\\/index.php\\\/producto\\\/la-banda-negra-a-sangre-y-fuego-en-barcelona\\\/\"]}]},{\"@type\":\"ImageObject\",\"inLanguage\":\"es\",\"@id\":\"https:\\\/\\\/zapateneo.net\\\/wordpress\\\/index.php\\\/producto\\\/la-banda-negra-a-sangre-y-fuego-en-barcelona\\\/#primaryimage\",\"url\":\"https:\\\/\\\/zapateneo.net\\\/wordpress\\\/wp-content\\\/uploads\\\/2023\\\/09\\\/la-banda-negra-9788412693621.jpg\",\"contentUrl\":\"https:\\\/\\\/zapateneo.net\\\/wordpress\\\/wp-content\\\/uploads\\\/2023\\\/09\\\/la-banda-negra-9788412693621.jpg\",\"width\":297,\"height\":400},{\"@type\":\"BreadcrumbList\",\"@id\":\"https:\\\/\\\/zapateneo.net\\\/wordpress\\\/index.php\\\/producto\\\/la-banda-negra-a-sangre-y-fuego-en-barcelona\\\/#breadcrumb\",\"itemListElement\":[{\"@type\":\"ListItem\",\"position\":1,\"name\":\"Portada\",\"item\":\"https:\\\/\\\/zapateneo.net\\\/wordpress\\\/\"},{\"@type\":\"ListItem\",\"position\":2,\"name\":\"Tienda\",\"item\":\"https:\\\/\\\/zapateneo.net\\\/wordpress\\\/\"},{\"@type\":\"ListItem\",\"position\":3,\"name\":\"LA BANDA NEGRA A sangre y fuego en Barcelona\"}]},{\"@type\":\"WebSite\",\"@id\":\"https:\\\/\\\/zapateneo.net\\\/wordpress\\\/#website\",\"url\":\"https:\\\/\\\/zapateneo.net\\\/wordpress\\\/\",\"name\":\"Zapateneo\",\"description\":\"Zapateneoaren webgunea\",\"publisher\":{\"@id\":\"https:\\\/\\\/zapateneo.net\\\/wordpress\\\/#organization\"},\"potentialAction\":[{\"@type\":\"SearchAction\",\"target\":{\"@type\":\"EntryPoint\",\"urlTemplate\":\"https:\\\/\\\/zapateneo.net\\\/wordpress\\\/?s={search_term_string}\"},\"query-input\":{\"@type\":\"PropertyValueSpecification\",\"valueRequired\":true,\"valueName\":\"search_term_string\"}}],\"inLanguage\":\"es\"},{\"@type\":\"Organization\",\"@id\":\"https:\\\/\\\/zapateneo.net\\\/wordpress\\\/#organization\",\"name\":\"Zapateneo Kultur Elkartea\",\"url\":\"https:\\\/\\\/zapateneo.net\\\/wordpress\\\/\",\"logo\":{\"@type\":\"ImageObject\",\"inLanguage\":\"es\",\"@id\":\"https:\\\/\\\/zapateneo.net\\\/wordpress\\\/#\\\/schema\\\/logo\\\/image\\\/\",\"url\":\"https:\\\/\\\/zapateneo.net\\\/wordpress\\\/wp-content\\\/uploads\\\/2021\\\/04\\\/zap-libu-kolec.jpg\",\"contentUrl\":\"https:\\\/\\\/zapateneo.net\\\/wordpress\\\/wp-content\\\/uploads\\\/2021\\\/04\\\/zap-libu-kolec.jpg\",\"width\":2234,\"height\":398,\"caption\":\"Zapateneo Kultur Elkartea\"},\"image\":{\"@id\":\"https:\\\/\\\/zapateneo.net\\\/wordpress\\\/#\\\/schema\\\/logo\\\/image\\\/\"},\"sameAs\":[\"https:\\\/\\\/x.com\\\/zapateneo\"]}]}<\/script>\n<!-- \/ Yoast SEO plugin. -->","yoast_head_json":{"title":"LA BANDA NEGRA A sangre y fuego en Barcelona &#8212; Zapateneo","robots":{"index":"index","follow":"follow","max-snippet":"max-snippet:-1","max-image-preview":"max-image-preview:large","max-video-preview":"max-video-preview:-1"},"canonical":"https:\/\/zapateneo.net\/wordpress\/index.php\/producto\/la-banda-negra-a-sangre-y-fuego-en-barcelona\/","og_locale":"es_ES","og_type":"article","og_title":"LA BANDA NEGRA A sangre y fuego en Barcelona &#8212; Zapateneo","og_description":"vvaa 9788412693621 - La felguera - 2023 - 256 p\u00e1ginas \/orri.","og_url":"https:\/\/zapateneo.net\/wordpress\/index.php\/producto\/la-banda-negra-a-sangre-y-fuego-en-barcelona\/","og_site_name":"Zapateneo","article_modified_time":"2023-09-28T15:16:23+00:00","twitter_card":"summary_large_image","twitter_site":"@zapateneo","twitter_misc":{"Tiempo de lectura":"2 minutos"},"schema":{"@context":"https:\/\/schema.org","@graph":[{"@type":"WebPage","@id":"https:\/\/zapateneo.net\/wordpress\/index.php\/producto\/la-banda-negra-a-sangre-y-fuego-en-barcelona\/","url":"https:\/\/zapateneo.net\/wordpress\/index.php\/producto\/la-banda-negra-a-sangre-y-fuego-en-barcelona\/","name":"LA BANDA NEGRA A sangre y fuego en Barcelona &#8212; Zapateneo","isPartOf":{"@id":"https:\/\/zapateneo.net\/wordpress\/#website"},"primaryImageOfPage":{"@id":"https:\/\/zapateneo.net\/wordpress\/index.php\/producto\/la-banda-negra-a-sangre-y-fuego-en-barcelona\/#primaryimage"},"image":{"@id":"https:\/\/zapateneo.net\/wordpress\/index.php\/producto\/la-banda-negra-a-sangre-y-fuego-en-barcelona\/#primaryimage"},"thumbnailUrl":"https:\/\/zapateneo.net\/wordpress\/wp-content\/uploads\/2023\/09\/la-banda-negra-9788412693621.jpg","datePublished":"2023-09-28T15:16:09+00:00","dateModified":"2023-09-28T15:16:23+00:00","breadcrumb":{"@id":"https:\/\/zapateneo.net\/wordpress\/index.php\/producto\/la-banda-negra-a-sangre-y-fuego-en-barcelona\/#breadcrumb"},"inLanguage":"es","potentialAction":[{"@type":"ReadAction","target":["https:\/\/zapateneo.net\/wordpress\/index.php\/producto\/la-banda-negra-a-sangre-y-fuego-en-barcelona\/"]}]},{"@type":"ImageObject","inLanguage":"es","@id":"https:\/\/zapateneo.net\/wordpress\/index.php\/producto\/la-banda-negra-a-sangre-y-fuego-en-barcelona\/#primaryimage","url":"https:\/\/zapateneo.net\/wordpress\/wp-content\/uploads\/2023\/09\/la-banda-negra-9788412693621.jpg","contentUrl":"https:\/\/zapateneo.net\/wordpress\/wp-content\/uploads\/2023\/09\/la-banda-negra-9788412693621.jpg","width":297,"height":400},{"@type":"BreadcrumbList","@id":"https:\/\/zapateneo.net\/wordpress\/index.php\/producto\/la-banda-negra-a-sangre-y-fuego-en-barcelona\/#breadcrumb","itemListElement":[{"@type":"ListItem","position":1,"name":"Portada","item":"https:\/\/zapateneo.net\/wordpress\/"},{"@type":"ListItem","position":2,"name":"Tienda","item":"https:\/\/zapateneo.net\/wordpress\/"},{"@type":"ListItem","position":3,"name":"LA BANDA NEGRA A sangre y fuego en Barcelona"}]},{"@type":"WebSite","@id":"https:\/\/zapateneo.net\/wordpress\/#website","url":"https:\/\/zapateneo.net\/wordpress\/","name":"Zapateneo","description":"Zapateneoaren webgunea","publisher":{"@id":"https:\/\/zapateneo.net\/wordpress\/#organization"},"potentialAction":[{"@type":"SearchAction","target":{"@type":"EntryPoint","urlTemplate":"https:\/\/zapateneo.net\/wordpress\/?s={search_term_string}"},"query-input":{"@type":"PropertyValueSpecification","valueRequired":true,"valueName":"search_term_string"}}],"inLanguage":"es"},{"@type":"Organization","@id":"https:\/\/zapateneo.net\/wordpress\/#organization","name":"Zapateneo Kultur Elkartea","url":"https:\/\/zapateneo.net\/wordpress\/","logo":{"@type":"ImageObject","inLanguage":"es","@id":"https:\/\/zapateneo.net\/wordpress\/#\/schema\/logo\/image\/","url":"https:\/\/zapateneo.net\/wordpress\/wp-content\/uploads\/2021\/04\/zap-libu-kolec.jpg","contentUrl":"https:\/\/zapateneo.net\/wordpress\/wp-content\/uploads\/2021\/04\/zap-libu-kolec.jpg","width":2234,"height":398,"caption":"Zapateneo Kultur Elkartea"},"image":{"@id":"https:\/\/zapateneo.net\/wordpress\/#\/schema\/logo\/image\/"},"sameAs":["https:\/\/x.com\/zapateneo"]}]}},"_links":{"self":[{"href":"https:\/\/zapateneo.net\/wordpress\/index.php\/wp-json\/wp\/v2\/product\/14897","targetHints":{"allow":["GET"]}}],"collection":[{"href":"https:\/\/zapateneo.net\/wordpress\/index.php\/wp-json\/wp\/v2\/product"}],"about":[{"href":"https:\/\/zapateneo.net\/wordpress\/index.php\/wp-json\/wp\/v2\/types\/product"}],"wp:featuredmedia":[{"embeddable":true,"href":"https:\/\/zapateneo.net\/wordpress\/index.php\/wp-json\/wp\/v2\/media\/14925"}],"wp:attachment":[{"href":"https:\/\/zapateneo.net\/wordpress\/index.php\/wp-json\/wp\/v2\/media?parent=14897"}],"wp:term":[{"taxonomy":"product_brand","embeddable":true,"href":"https:\/\/zapateneo.net\/wordpress\/index.php\/wp-json\/wp\/v2\/product_brand?post=14897"},{"taxonomy":"product_cat","embeddable":true,"href":"https:\/\/zapateneo.net\/wordpress\/index.php\/wp-json\/wp\/v2\/product_cat?post=14897"},{"taxonomy":"product_tag","embeddable":true,"href":"https:\/\/zapateneo.net\/wordpress\/index.php\/wp-json\/wp\/v2\/product_tag?post=14897"}],"curies":[{"name":"wp","href":"https:\/\/api.w.org\/{rel}","templated":true}]}}