{"id":14896,"date":"2023-09-28T16:16:09","date_gmt":"2023-09-28T15:16:09","guid":{"rendered":"https:\/\/zapateneo.net\/wordpress\/?post_type=product&#038;p=14896"},"modified":"2023-09-28T16:16:23","modified_gmt":"2023-09-28T15:16:23","slug":"infierno-verde-percy-harrison-fawcett-y-la-ciudad-perdida","status":"publish","type":"product","link":"https:\/\/zapateneo.net\/wordpress\/index.php\/producto\/infierno-verde-percy-harrison-fawcett-y-la-ciudad-perdida\/","title":{"rendered":"INFIERNO VERDE Percy Harrison Fawcett y la ciudad perdida"},"content":{"rendered":"<p>En mayo de 1925, Percy Harrison Fawcett, legendario explorador ingl\u00e9s, acompa\u00f1ado de su hijo y un amigo de este, desapareci\u00f3 en el interior de la selva amaz\u00f3nica brasile\u00f1a, su particular \u00abinfierno verde\u00bb, tal y como lo describi\u00f3.<\/p>\n<p>Desde hac\u00eda a\u00f1os persegu\u00eda El Dorado, la m\u00edtica ciudad perdida que \u00e9l denomin\u00f3 \u00abZ\u00bb. Jam\u00e1s se supo nada de \u00e9l o su expedici\u00f3n, pero su b\u00fasqueda y leyenda arrastraron \u2013y, en ocasiones, condujeron a la muerte\u2013 a decenas de aventureros, creando una fant\u00e1stica fawcettman\u00eda que fund\u00f3 cultos sobre la \u00abtierra hueca\u00bb y siniestras fraternidades \u00abinvisibles\u00bb, as\u00ed como inspir\u00f3 al personaje de Indiana Jones.<\/p>\n<p>En realidad, escondiendo esto a la Royal Geographic Society y sus patrocinadores, Fawcett, el explorador \u00abnietzscheano\u00bb, cre\u00eda en la teosof\u00eda y el mundo oculto m\u00e1s delirante. Su plan consist\u00eda en lograr contactar con la ancestral Hermandad Blanca o los descendientes superdotados de atlantes o lemurianos, habitantes de continentes perdidos que, para Helena Blavatsky, fundadora de la teosof\u00eda, o para los creyentes protonazis de la \u00abariosof\u00eda\u00bb, eran absolutamente reales y formaban parte de extra\u00f1as teor\u00edas raciales supremacistas.<\/p>\n<p>Edici\u00f3n de Peter Sennet<\/p>\n","protected":false},"excerpt":{"rendered":"<p><strong>vvaa<\/strong><br \/>\n9788412693607 &#8211; La Felguera &#8211; 2023 &#8211; 268 p\u00e1ginas \/orri.<\/p>\n","protected":false},"featured_media":14924,"template":"","meta":[],"product_brand":[],"product_cat":[15],"product_tag":[582],"class_list":{"0":"post-14896","1":"product","2":"type-product","3":"status-publish","4":"has-post-thumbnail","6":"product_cat-otros-bestelakoak","7":"product_tag-la-felguera","9":"first","10":"instock","11":"sold-individually","12":"shipping-taxable","13":"purchasable","14":"product-type-simple"},"yoast_head":"<!-- This site is optimized with the Yoast SEO plugin v27.3 - https:\/\/yoast.com\/product\/yoast-seo-wordpress\/ -->\n<title>INFIERNO VERDE Percy Harrison Fawcett y la ciudad perdida &#8212; Zapateneo<\/title>\n<meta name=\"robots\" content=\"index, follow, max-snippet:-1, max-image-preview:large, max-video-preview:-1\" \/>\n<link rel=\"canonical\" href=\"https:\/\/zapateneo.net\/wordpress\/index.php\/producto\/infierno-verde-percy-harrison-fawcett-y-la-ciudad-perdida\/\" \/>\n<meta property=\"og:locale\" content=\"es_ES\" \/>\n<meta property=\"og:type\" content=\"article\" \/>\n<meta property=\"og:title\" content=\"INFIERNO VERDE Percy Harrison Fawcett y la ciudad perdida &#8212; Zapateneo\" \/>\n<meta property=\"og:description\" content=\"vvaa 9788412693607 - La Felguera - 2023 - 268 p\u00e1ginas \/orri.\" \/>\n<meta property=\"og:url\" content=\"https:\/\/zapateneo.net\/wordpress\/index.php\/producto\/infierno-verde-percy-harrison-fawcett-y-la-ciudad-perdida\/\" \/>\n<meta property=\"og:site_name\" content=\"Zapateneo\" \/>\n<meta property=\"article:modified_time\" content=\"2023-09-28T15:16:23+00:00\" \/>\n<meta name=\"twitter:card\" content=\"summary_large_image\" \/>\n<meta name=\"twitter:site\" content=\"@zapateneo\" \/>\n<meta name=\"twitter:label1\" content=\"Tiempo de lectura\" \/>\n\t<meta name=\"twitter:data1\" content=\"1 minuto\" \/>\n<script type=\"application\/ld+json\" class=\"yoast-schema-graph\">{\"@context\":\"https:\\\/\\\/schema.org\",\"@graph\":[{\"@type\":\"WebPage\",\"@id\":\"https:\\\/\\\/zapateneo.net\\\/wordpress\\\/index.php\\\/producto\\\/infierno-verde-percy-harrison-fawcett-y-la-ciudad-perdida\\\/\",\"url\":\"https:\\\/\\\/zapateneo.net\\\/wordpress\\\/index.php\\\/producto\\\/infierno-verde-percy-harrison-fawcett-y-la-ciudad-perdida\\\/\",\"name\":\"INFIERNO VERDE Percy Harrison Fawcett y la ciudad perdida &#8212; Zapateneo\",\"isPartOf\":{\"@id\":\"https:\\\/\\\/zapateneo.net\\\/wordpress\\\/#website\"},\"primaryImageOfPage\":{\"@id\":\"https:\\\/\\\/zapateneo.net\\\/wordpress\\\/index.php\\\/producto\\\/infierno-verde-percy-harrison-fawcett-y-la-ciudad-perdida\\\/#primaryimage\"},\"image\":{\"@id\":\"https:\\\/\\\/zapateneo.net\\\/wordpress\\\/index.php\\\/producto\\\/infierno-verde-percy-harrison-fawcett-y-la-ciudad-perdida\\\/#primaryimage\"},\"thumbnailUrl\":\"https:\\\/\\\/zapateneo.net\\\/wordpress\\\/wp-content\\\/uploads\\\/2023\\\/09\\\/infierno-verde-9788412693607.jpg\",\"datePublished\":\"2023-09-28T15:16:09+00:00\",\"dateModified\":\"2023-09-28T15:16:23+00:00\",\"breadcrumb\":{\"@id\":\"https:\\\/\\\/zapateneo.net\\\/wordpress\\\/index.php\\\/producto\\\/infierno-verde-percy-harrison-fawcett-y-la-ciudad-perdida\\\/#breadcrumb\"},\"inLanguage\":\"es\",\"potentialAction\":[{\"@type\":\"ReadAction\",\"target\":[\"https:\\\/\\\/zapateneo.net\\\/wordpress\\\/index.php\\\/producto\\\/infierno-verde-percy-harrison-fawcett-y-la-ciudad-perdida\\\/\"]}]},{\"@type\":\"ImageObject\",\"inLanguage\":\"es\",\"@id\":\"https:\\\/\\\/zapateneo.net\\\/wordpress\\\/index.php\\\/producto\\\/infierno-verde-percy-harrison-fawcett-y-la-ciudad-perdida\\\/#primaryimage\",\"url\":\"https:\\\/\\\/zapateneo.net\\\/wordpress\\\/wp-content\\\/uploads\\\/2023\\\/09\\\/infierno-verde-9788412693607.jpg\",\"contentUrl\":\"https:\\\/\\\/zapateneo.net\\\/wordpress\\\/wp-content\\\/uploads\\\/2023\\\/09\\\/infierno-verde-9788412693607.jpg\",\"width\":294,\"height\":400},{\"@type\":\"BreadcrumbList\",\"@id\":\"https:\\\/\\\/zapateneo.net\\\/wordpress\\\/index.php\\\/producto\\\/infierno-verde-percy-harrison-fawcett-y-la-ciudad-perdida\\\/#breadcrumb\",\"itemListElement\":[{\"@type\":\"ListItem\",\"position\":1,\"name\":\"Portada\",\"item\":\"https:\\\/\\\/zapateneo.net\\\/wordpress\\\/\"},{\"@type\":\"ListItem\",\"position\":2,\"name\":\"Tienda\",\"item\":\"https:\\\/\\\/zapateneo.net\\\/wordpress\\\/\"},{\"@type\":\"ListItem\",\"position\":3,\"name\":\"INFIERNO VERDE Percy Harrison Fawcett y la ciudad perdida\"}]},{\"@type\":\"WebSite\",\"@id\":\"https:\\\/\\\/zapateneo.net\\\/wordpress\\\/#website\",\"url\":\"https:\\\/\\\/zapateneo.net\\\/wordpress\\\/\",\"name\":\"Zapateneo\",\"description\":\"Zapateneoaren webgunea\",\"publisher\":{\"@id\":\"https:\\\/\\\/zapateneo.net\\\/wordpress\\\/#organization\"},\"potentialAction\":[{\"@type\":\"SearchAction\",\"target\":{\"@type\":\"EntryPoint\",\"urlTemplate\":\"https:\\\/\\\/zapateneo.net\\\/wordpress\\\/?s={search_term_string}\"},\"query-input\":{\"@type\":\"PropertyValueSpecification\",\"valueRequired\":true,\"valueName\":\"search_term_string\"}}],\"inLanguage\":\"es\"},{\"@type\":\"Organization\",\"@id\":\"https:\\\/\\\/zapateneo.net\\\/wordpress\\\/#organization\",\"name\":\"Zapateneo Kultur Elkartea\",\"url\":\"https:\\\/\\\/zapateneo.net\\\/wordpress\\\/\",\"logo\":{\"@type\":\"ImageObject\",\"inLanguage\":\"es\",\"@id\":\"https:\\\/\\\/zapateneo.net\\\/wordpress\\\/#\\\/schema\\\/logo\\\/image\\\/\",\"url\":\"https:\\\/\\\/zapateneo.net\\\/wordpress\\\/wp-content\\\/uploads\\\/2021\\\/04\\\/zap-libu-kolec.jpg\",\"contentUrl\":\"https:\\\/\\\/zapateneo.net\\\/wordpress\\\/wp-content\\\/uploads\\\/2021\\\/04\\\/zap-libu-kolec.jpg\",\"width\":2234,\"height\":398,\"caption\":\"Zapateneo Kultur Elkartea\"},\"image\":{\"@id\":\"https:\\\/\\\/zapateneo.net\\\/wordpress\\\/#\\\/schema\\\/logo\\\/image\\\/\"},\"sameAs\":[\"https:\\\/\\\/x.com\\\/zapateneo\"]}]}<\/script>\n<!-- \/ Yoast SEO plugin. -->","yoast_head_json":{"title":"INFIERNO VERDE Percy Harrison Fawcett y la ciudad perdida &#8212; Zapateneo","robots":{"index":"index","follow":"follow","max-snippet":"max-snippet:-1","max-image-preview":"max-image-preview:large","max-video-preview":"max-video-preview:-1"},"canonical":"https:\/\/zapateneo.net\/wordpress\/index.php\/producto\/infierno-verde-percy-harrison-fawcett-y-la-ciudad-perdida\/","og_locale":"es_ES","og_type":"article","og_title":"INFIERNO VERDE Percy Harrison Fawcett y la ciudad perdida &#8212; Zapateneo","og_description":"vvaa 9788412693607 - La Felguera - 2023 - 268 p\u00e1ginas \/orri.","og_url":"https:\/\/zapateneo.net\/wordpress\/index.php\/producto\/infierno-verde-percy-harrison-fawcett-y-la-ciudad-perdida\/","og_site_name":"Zapateneo","article_modified_time":"2023-09-28T15:16:23+00:00","twitter_card":"summary_large_image","twitter_site":"@zapateneo","twitter_misc":{"Tiempo de lectura":"1 minuto"},"schema":{"@context":"https:\/\/schema.org","@graph":[{"@type":"WebPage","@id":"https:\/\/zapateneo.net\/wordpress\/index.php\/producto\/infierno-verde-percy-harrison-fawcett-y-la-ciudad-perdida\/","url":"https:\/\/zapateneo.net\/wordpress\/index.php\/producto\/infierno-verde-percy-harrison-fawcett-y-la-ciudad-perdida\/","name":"INFIERNO VERDE Percy Harrison Fawcett y la ciudad perdida &#8212; Zapateneo","isPartOf":{"@id":"https:\/\/zapateneo.net\/wordpress\/#website"},"primaryImageOfPage":{"@id":"https:\/\/zapateneo.net\/wordpress\/index.php\/producto\/infierno-verde-percy-harrison-fawcett-y-la-ciudad-perdida\/#primaryimage"},"image":{"@id":"https:\/\/zapateneo.net\/wordpress\/index.php\/producto\/infierno-verde-percy-harrison-fawcett-y-la-ciudad-perdida\/#primaryimage"},"thumbnailUrl":"https:\/\/zapateneo.net\/wordpress\/wp-content\/uploads\/2023\/09\/infierno-verde-9788412693607.jpg","datePublished":"2023-09-28T15:16:09+00:00","dateModified":"2023-09-28T15:16:23+00:00","breadcrumb":{"@id":"https:\/\/zapateneo.net\/wordpress\/index.php\/producto\/infierno-verde-percy-harrison-fawcett-y-la-ciudad-perdida\/#breadcrumb"},"inLanguage":"es","potentialAction":[{"@type":"ReadAction","target":["https:\/\/zapateneo.net\/wordpress\/index.php\/producto\/infierno-verde-percy-harrison-fawcett-y-la-ciudad-perdida\/"]}]},{"@type":"ImageObject","inLanguage":"es","@id":"https:\/\/zapateneo.net\/wordpress\/index.php\/producto\/infierno-verde-percy-harrison-fawcett-y-la-ciudad-perdida\/#primaryimage","url":"https:\/\/zapateneo.net\/wordpress\/wp-content\/uploads\/2023\/09\/infierno-verde-9788412693607.jpg","contentUrl":"https:\/\/zapateneo.net\/wordpress\/wp-content\/uploads\/2023\/09\/infierno-verde-9788412693607.jpg","width":294,"height":400},{"@type":"BreadcrumbList","@id":"https:\/\/zapateneo.net\/wordpress\/index.php\/producto\/infierno-verde-percy-harrison-fawcett-y-la-ciudad-perdida\/#breadcrumb","itemListElement":[{"@type":"ListItem","position":1,"name":"Portada","item":"https:\/\/zapateneo.net\/wordpress\/"},{"@type":"ListItem","position":2,"name":"Tienda","item":"https:\/\/zapateneo.net\/wordpress\/"},{"@type":"ListItem","position":3,"name":"INFIERNO VERDE Percy Harrison Fawcett y la ciudad perdida"}]},{"@type":"WebSite","@id":"https:\/\/zapateneo.net\/wordpress\/#website","url":"https:\/\/zapateneo.net\/wordpress\/","name":"Zapateneo","description":"Zapateneoaren webgunea","publisher":{"@id":"https:\/\/zapateneo.net\/wordpress\/#organization"},"potentialAction":[{"@type":"SearchAction","target":{"@type":"EntryPoint","urlTemplate":"https:\/\/zapateneo.net\/wordpress\/?s={search_term_string}"},"query-input":{"@type":"PropertyValueSpecification","valueRequired":true,"valueName":"search_term_string"}}],"inLanguage":"es"},{"@type":"Organization","@id":"https:\/\/zapateneo.net\/wordpress\/#organization","name":"Zapateneo Kultur Elkartea","url":"https:\/\/zapateneo.net\/wordpress\/","logo":{"@type":"ImageObject","inLanguage":"es","@id":"https:\/\/zapateneo.net\/wordpress\/#\/schema\/logo\/image\/","url":"https:\/\/zapateneo.net\/wordpress\/wp-content\/uploads\/2021\/04\/zap-libu-kolec.jpg","contentUrl":"https:\/\/zapateneo.net\/wordpress\/wp-content\/uploads\/2021\/04\/zap-libu-kolec.jpg","width":2234,"height":398,"caption":"Zapateneo Kultur Elkartea"},"image":{"@id":"https:\/\/zapateneo.net\/wordpress\/#\/schema\/logo\/image\/"},"sameAs":["https:\/\/x.com\/zapateneo"]}]}},"_links":{"self":[{"href":"https:\/\/zapateneo.net\/wordpress\/index.php\/wp-json\/wp\/v2\/product\/14896","targetHints":{"allow":["GET"]}}],"collection":[{"href":"https:\/\/zapateneo.net\/wordpress\/index.php\/wp-json\/wp\/v2\/product"}],"about":[{"href":"https:\/\/zapateneo.net\/wordpress\/index.php\/wp-json\/wp\/v2\/types\/product"}],"wp:featuredmedia":[{"embeddable":true,"href":"https:\/\/zapateneo.net\/wordpress\/index.php\/wp-json\/wp\/v2\/media\/14924"}],"wp:attachment":[{"href":"https:\/\/zapateneo.net\/wordpress\/index.php\/wp-json\/wp\/v2\/media?parent=14896"}],"wp:term":[{"taxonomy":"product_brand","embeddable":true,"href":"https:\/\/zapateneo.net\/wordpress\/index.php\/wp-json\/wp\/v2\/product_brand?post=14896"},{"taxonomy":"product_cat","embeddable":true,"href":"https:\/\/zapateneo.net\/wordpress\/index.php\/wp-json\/wp\/v2\/product_cat?post=14896"},{"taxonomy":"product_tag","embeddable":true,"href":"https:\/\/zapateneo.net\/wordpress\/index.php\/wp-json\/wp\/v2\/product_tag?post=14896"}],"curies":[{"name":"wp","href":"https:\/\/api.w.org\/{rel}","templated":true}]}}