{"id":14895,"date":"2023-09-28T16:16:09","date_gmt":"2023-09-28T15:16:09","guid":{"rendered":"https:\/\/zapateneo.net\/wordpress\/?post_type=product&#038;p=14895"},"modified":"2023-09-28T16:16:19","modified_gmt":"2023-09-28T15:16:19","slug":"vivir-con-edificios-y-caminar-con-fantasmas","status":"publish","type":"product","link":"https:\/\/zapateneo.net\/wordpress\/index.php\/producto\/vivir-con-edificios-y-caminar-con-fantasmas\/","title":{"rendered":"VIVIR CON EDIFICIOS Y CAMINAR CON FANTASMAS"},"content":{"rendered":"<p>VIVIR CON EDIFICIOS Y CAMINAR CON FANTASMAS<br \/>\nIain Sinclair<br \/>\n256 pags.<br \/>\nISBN: 9788412466997<br \/>\nFelguera Ediciones<br \/>\nD\u00f3nde encontrarlo<\/p>\n<blockquote class=\"wp-embedded-content\" data-secret=\"A4OwzTzaM0\"><p><a href=\"https:\/\/lafelguera.net\/la-editorial\/\">La editorial<\/a><\/p><\/blockquote>\n<p><iframe loading=\"lazy\" class=\"wp-embedded-content\" sandbox=\"allow-scripts\" security=\"restricted\" style=\"position: absolute; clip: rect(1px, 1px, 1px, 1px);\" title=\"\u00abLa editorial\u00bb \u2014 Editorial La Felguera\" src=\"https:\/\/lafelguera.net\/la-editorial\/embed\/#?secret=5LdQxr0foi#?secret=A4OwzTzaM0\" data-secret=\"A4OwzTzaM0\" width=\"600\" height=\"338\" frameborder=\"0\" marginwidth=\"0\" marginheight=\"0\" scrolling=\"no\"><\/iframe><br \/>\nEcolog\u00eda y Urbanismo<\/p>\n<p> 23,00 \u20ac<br \/>\nUn gran libro del colosal Sinclair, uno de los escritores actuales m\u00e1s brillantes y originales, aut\u00e9ntico mentor en la sombra de Alan Moore y adorado por escritores como William Gibson o Peter Ackroyd, entre otros.<\/p>\n<p>Nos formamos a nosotros mismos y, a su vez, somos formados por las paredes que nos contienen. Los edificios afectan a nuestra manera de dormir, trabajar, socializar e incluso respirar. Pueden aislarnos y ponernos en peligro, pero tambi\u00e9n curarnos. Proyectamos nuestras esperanzas y temores en los edificios, mientras ellos absorben nuestras historias. En Vivir con edificios y caminar con fantasmas, Iain Sinclair, uno de los escritores actuales m\u00e1s brillantes y originales, aut\u00e9ntico mentor en la sombra de Alan Moore y \u00abpadre\u00bb de la psicogeograf\u00eda moderna, se embarca en una serie de expediciones por Londres, Marsella, M\u00e9xico o las islas H\u00e9bridas, explorando las relaciones entre la enfermedad y la estructura arquitect\u00f3nica, entre el arte, la arquitectura, la planificaci\u00f3n social y la salud, uniendo prodigiosamente historias de todo tipo.<\/p>\n<p>Para Sinclair, caminar es la magia defensiva contra la enfermedad y, mientras este se desplaza, observa su entorno: bloques de pisos apilados y urbanizaciones gigantescas, oficinas de cristal iluminadas con hal\u00f3genos y hospitales perturbadores, el casco ennegrecido de una iglesia de Spitalfields o la masa flotante de la radiante ciudad de Le Corbusier, todo eso y m\u00e1s en medio de un torbellino de prosa excelsa y po\u00e9tica a manos de un escritor \u00fanico. Sinclair tambi\u00e9n va desgranando las capas de la vida. Un padre y su hija (que padece un raro s\u00edndrome) visitan la finca en la que una vez vivieron. Los promotores brindan con copas de champ\u00e1n al tiempo que los residentes son expulsados de sus casas. Una caja esculpida en hueso de ballena, que se cree que contiene propiedades curativas, es devuelta a sus or\u00edgenes con consecuencias inesperadas. En parte investigaci\u00f3n y en parte cuaderno de viaje, Vivir con edificios y caminar con fantasmas es uno de los grandes libros del colosal Sinclair.<\/p>\n<p>\u00abSinclair recorre cada pulgada de sus maravillosas novelas y sus psicogeografi\u00b4as midiendo enormes tramos de palabras como un arquitecto que planifica una ciudad sobre un plano vac\u00edo\u00bb \u2014J. G. Ballard<\/p>\n<p>\u00abSinclair ha pasado de ser un autor de culto a ser un tesoro nacional\u00bb. \u2014The Guardian<\/p>\n<p>Iain Sinclair (Cardiff, 1943) es uno de los m\u00e1s grandes y originales escritores actuales. Su inmensa obra, que recoge tambi\u00e9n cine o poes\u00eda, gira fundamentalmente alrededor de Londres, pero su manera de narrar sus descubrimiento acerca de su historia oculta, la incre\u00edble riqueza de su escritura, sus ins\u00f3litas conexiones con escritores, libros, m\u00edsticos, pel\u00edculas o hechos pasados y el constante uso de la psicogeograf\u00eda, son universales y han inspirado a autores como Peter Ackroyd o Alan Moore, entre muchos otros. Sinclair, un oscuro W. G. Sebald o un urbano William Gibson (que confes\u00f3 que Sinclair es su autor favorito), es autor de decenas de obras, entre las que destacan Lud Heat, White Chappell, Scarlet Tracings o Blake\u00b4s London: The Topographical Sublime.<\/p>\n","protected":false},"excerpt":{"rendered":"<p><strong>Iain Sinclair<\/strong><br \/>\n9788412466997 &#8211; La Felguera &#8211; 2023 &#8211; 256 p\u00e1ginas \/orri.<\/p>\n","protected":false},"featured_media":14923,"template":"","meta":[],"product_brand":[],"product_cat":[15],"product_tag":[6797,582],"class_list":{"0":"post-14895","1":"product","2":"type-product","3":"status-publish","4":"has-post-thumbnail","6":"product_cat-otros-bestelakoak","7":"product_tag-iain-sinclair","8":"product_tag-la-felguera","10":"first","11":"instock","12":"sold-individually","13":"shipping-taxable","14":"purchasable","15":"product-type-simple"},"yoast_head":"<!-- This site is optimized with the Yoast SEO plugin v27.3 - https:\/\/yoast.com\/product\/yoast-seo-wordpress\/ -->\n<title>VIVIR CON EDIFICIOS Y CAMINAR CON FANTASMAS &#8212; Zapateneo<\/title>\n<meta name=\"robots\" content=\"index, follow, max-snippet:-1, max-image-preview:large, max-video-preview:-1\" \/>\n<link rel=\"canonical\" href=\"https:\/\/zapateneo.net\/wordpress\/index.php\/producto\/vivir-con-edificios-y-caminar-con-fantasmas\/\" \/>\n<meta property=\"og:locale\" content=\"es_ES\" \/>\n<meta property=\"og:type\" content=\"article\" \/>\n<meta property=\"og:title\" content=\"VIVIR CON EDIFICIOS Y CAMINAR CON FANTASMAS &#8212; Zapateneo\" \/>\n<meta property=\"og:description\" content=\"Iain Sinclair 9788412466997 - La Felguera - 2023 - 256 p\u00e1ginas \/orri.\" \/>\n<meta property=\"og:url\" content=\"https:\/\/zapateneo.net\/wordpress\/index.php\/producto\/vivir-con-edificios-y-caminar-con-fantasmas\/\" \/>\n<meta property=\"og:site_name\" content=\"Zapateneo\" \/>\n<meta property=\"article:modified_time\" content=\"2023-09-28T15:16:19+00:00\" \/>\n<meta name=\"twitter:card\" content=\"summary_large_image\" \/>\n<meta name=\"twitter:site\" content=\"@zapateneo\" \/>\n<meta name=\"twitter:label1\" content=\"Tiempo de lectura\" \/>\n\t<meta name=\"twitter:data1\" content=\"3 minutos\" \/>\n<script type=\"application\/ld+json\" class=\"yoast-schema-graph\">{\"@context\":\"https:\\\/\\\/schema.org\",\"@graph\":[{\"@type\":\"WebPage\",\"@id\":\"https:\\\/\\\/zapateneo.net\\\/wordpress\\\/index.php\\\/producto\\\/vivir-con-edificios-y-caminar-con-fantasmas\\\/\",\"url\":\"https:\\\/\\\/zapateneo.net\\\/wordpress\\\/index.php\\\/producto\\\/vivir-con-edificios-y-caminar-con-fantasmas\\\/\",\"name\":\"VIVIR CON EDIFICIOS Y CAMINAR CON FANTASMAS &#8212; Zapateneo\",\"isPartOf\":{\"@id\":\"https:\\\/\\\/zapateneo.net\\\/wordpress\\\/#website\"},\"primaryImageOfPage\":{\"@id\":\"https:\\\/\\\/zapateneo.net\\\/wordpress\\\/index.php\\\/producto\\\/vivir-con-edificios-y-caminar-con-fantasmas\\\/#primaryimage\"},\"image\":{\"@id\":\"https:\\\/\\\/zapateneo.net\\\/wordpress\\\/index.php\\\/producto\\\/vivir-con-edificios-y-caminar-con-fantasmas\\\/#primaryimage\"},\"thumbnailUrl\":\"https:\\\/\\\/zapateneo.net\\\/wordpress\\\/wp-content\\\/uploads\\\/2023\\\/09\\\/978841246699.jpeg\",\"datePublished\":\"2023-09-28T15:16:09+00:00\",\"dateModified\":\"2023-09-28T15:16:19+00:00\",\"breadcrumb\":{\"@id\":\"https:\\\/\\\/zapateneo.net\\\/wordpress\\\/index.php\\\/producto\\\/vivir-con-edificios-y-caminar-con-fantasmas\\\/#breadcrumb\"},\"inLanguage\":\"es\",\"potentialAction\":[{\"@type\":\"ReadAction\",\"target\":[\"https:\\\/\\\/zapateneo.net\\\/wordpress\\\/index.php\\\/producto\\\/vivir-con-edificios-y-caminar-con-fantasmas\\\/\"]}]},{\"@type\":\"ImageObject\",\"inLanguage\":\"es\",\"@id\":\"https:\\\/\\\/zapateneo.net\\\/wordpress\\\/index.php\\\/producto\\\/vivir-con-edificios-y-caminar-con-fantasmas\\\/#primaryimage\",\"url\":\"https:\\\/\\\/zapateneo.net\\\/wordpress\\\/wp-content\\\/uploads\\\/2023\\\/09\\\/978841246699.jpeg\",\"contentUrl\":\"https:\\\/\\\/zapateneo.net\\\/wordpress\\\/wp-content\\\/uploads\\\/2023\\\/09\\\/978841246699.jpeg\",\"width\":263,\"height\":400},{\"@type\":\"BreadcrumbList\",\"@id\":\"https:\\\/\\\/zapateneo.net\\\/wordpress\\\/index.php\\\/producto\\\/vivir-con-edificios-y-caminar-con-fantasmas\\\/#breadcrumb\",\"itemListElement\":[{\"@type\":\"ListItem\",\"position\":1,\"name\":\"Portada\",\"item\":\"https:\\\/\\\/zapateneo.net\\\/wordpress\\\/\"},{\"@type\":\"ListItem\",\"position\":2,\"name\":\"Tienda\",\"item\":\"https:\\\/\\\/zapateneo.net\\\/wordpress\\\/\"},{\"@type\":\"ListItem\",\"position\":3,\"name\":\"VIVIR CON EDIFICIOS Y CAMINAR CON FANTASMAS\"}]},{\"@type\":\"WebSite\",\"@id\":\"https:\\\/\\\/zapateneo.net\\\/wordpress\\\/#website\",\"url\":\"https:\\\/\\\/zapateneo.net\\\/wordpress\\\/\",\"name\":\"Zapateneo\",\"description\":\"Zapateneoaren webgunea\",\"publisher\":{\"@id\":\"https:\\\/\\\/zapateneo.net\\\/wordpress\\\/#organization\"},\"potentialAction\":[{\"@type\":\"SearchAction\",\"target\":{\"@type\":\"EntryPoint\",\"urlTemplate\":\"https:\\\/\\\/zapateneo.net\\\/wordpress\\\/?s={search_term_string}\"},\"query-input\":{\"@type\":\"PropertyValueSpecification\",\"valueRequired\":true,\"valueName\":\"search_term_string\"}}],\"inLanguage\":\"es\"},{\"@type\":\"Organization\",\"@id\":\"https:\\\/\\\/zapateneo.net\\\/wordpress\\\/#organization\",\"name\":\"Zapateneo Kultur Elkartea\",\"url\":\"https:\\\/\\\/zapateneo.net\\\/wordpress\\\/\",\"logo\":{\"@type\":\"ImageObject\",\"inLanguage\":\"es\",\"@id\":\"https:\\\/\\\/zapateneo.net\\\/wordpress\\\/#\\\/schema\\\/logo\\\/image\\\/\",\"url\":\"https:\\\/\\\/zapateneo.net\\\/wordpress\\\/wp-content\\\/uploads\\\/2021\\\/04\\\/zap-libu-kolec.jpg\",\"contentUrl\":\"https:\\\/\\\/zapateneo.net\\\/wordpress\\\/wp-content\\\/uploads\\\/2021\\\/04\\\/zap-libu-kolec.jpg\",\"width\":2234,\"height\":398,\"caption\":\"Zapateneo Kultur Elkartea\"},\"image\":{\"@id\":\"https:\\\/\\\/zapateneo.net\\\/wordpress\\\/#\\\/schema\\\/logo\\\/image\\\/\"},\"sameAs\":[\"https:\\\/\\\/x.com\\\/zapateneo\"]}]}<\/script>\n<!-- \/ Yoast SEO plugin. -->","yoast_head_json":{"title":"VIVIR CON EDIFICIOS Y CAMINAR CON FANTASMAS &#8212; Zapateneo","robots":{"index":"index","follow":"follow","max-snippet":"max-snippet:-1","max-image-preview":"max-image-preview:large","max-video-preview":"max-video-preview:-1"},"canonical":"https:\/\/zapateneo.net\/wordpress\/index.php\/producto\/vivir-con-edificios-y-caminar-con-fantasmas\/","og_locale":"es_ES","og_type":"article","og_title":"VIVIR CON EDIFICIOS Y CAMINAR CON FANTASMAS &#8212; Zapateneo","og_description":"Iain Sinclair 9788412466997 - La Felguera - 2023 - 256 p\u00e1ginas \/orri.","og_url":"https:\/\/zapateneo.net\/wordpress\/index.php\/producto\/vivir-con-edificios-y-caminar-con-fantasmas\/","og_site_name":"Zapateneo","article_modified_time":"2023-09-28T15:16:19+00:00","twitter_card":"summary_large_image","twitter_site":"@zapateneo","twitter_misc":{"Tiempo de lectura":"3 minutos"},"schema":{"@context":"https:\/\/schema.org","@graph":[{"@type":"WebPage","@id":"https:\/\/zapateneo.net\/wordpress\/index.php\/producto\/vivir-con-edificios-y-caminar-con-fantasmas\/","url":"https:\/\/zapateneo.net\/wordpress\/index.php\/producto\/vivir-con-edificios-y-caminar-con-fantasmas\/","name":"VIVIR CON EDIFICIOS Y CAMINAR CON FANTASMAS &#8212; Zapateneo","isPartOf":{"@id":"https:\/\/zapateneo.net\/wordpress\/#website"},"primaryImageOfPage":{"@id":"https:\/\/zapateneo.net\/wordpress\/index.php\/producto\/vivir-con-edificios-y-caminar-con-fantasmas\/#primaryimage"},"image":{"@id":"https:\/\/zapateneo.net\/wordpress\/index.php\/producto\/vivir-con-edificios-y-caminar-con-fantasmas\/#primaryimage"},"thumbnailUrl":"https:\/\/zapateneo.net\/wordpress\/wp-content\/uploads\/2023\/09\/978841246699.jpeg","datePublished":"2023-09-28T15:16:09+00:00","dateModified":"2023-09-28T15:16:19+00:00","breadcrumb":{"@id":"https:\/\/zapateneo.net\/wordpress\/index.php\/producto\/vivir-con-edificios-y-caminar-con-fantasmas\/#breadcrumb"},"inLanguage":"es","potentialAction":[{"@type":"ReadAction","target":["https:\/\/zapateneo.net\/wordpress\/index.php\/producto\/vivir-con-edificios-y-caminar-con-fantasmas\/"]}]},{"@type":"ImageObject","inLanguage":"es","@id":"https:\/\/zapateneo.net\/wordpress\/index.php\/producto\/vivir-con-edificios-y-caminar-con-fantasmas\/#primaryimage","url":"https:\/\/zapateneo.net\/wordpress\/wp-content\/uploads\/2023\/09\/978841246699.jpeg","contentUrl":"https:\/\/zapateneo.net\/wordpress\/wp-content\/uploads\/2023\/09\/978841246699.jpeg","width":263,"height":400},{"@type":"BreadcrumbList","@id":"https:\/\/zapateneo.net\/wordpress\/index.php\/producto\/vivir-con-edificios-y-caminar-con-fantasmas\/#breadcrumb","itemListElement":[{"@type":"ListItem","position":1,"name":"Portada","item":"https:\/\/zapateneo.net\/wordpress\/"},{"@type":"ListItem","position":2,"name":"Tienda","item":"https:\/\/zapateneo.net\/wordpress\/"},{"@type":"ListItem","position":3,"name":"VIVIR CON EDIFICIOS Y CAMINAR CON FANTASMAS"}]},{"@type":"WebSite","@id":"https:\/\/zapateneo.net\/wordpress\/#website","url":"https:\/\/zapateneo.net\/wordpress\/","name":"Zapateneo","description":"Zapateneoaren webgunea","publisher":{"@id":"https:\/\/zapateneo.net\/wordpress\/#organization"},"potentialAction":[{"@type":"SearchAction","target":{"@type":"EntryPoint","urlTemplate":"https:\/\/zapateneo.net\/wordpress\/?s={search_term_string}"},"query-input":{"@type":"PropertyValueSpecification","valueRequired":true,"valueName":"search_term_string"}}],"inLanguage":"es"},{"@type":"Organization","@id":"https:\/\/zapateneo.net\/wordpress\/#organization","name":"Zapateneo Kultur Elkartea","url":"https:\/\/zapateneo.net\/wordpress\/","logo":{"@type":"ImageObject","inLanguage":"es","@id":"https:\/\/zapateneo.net\/wordpress\/#\/schema\/logo\/image\/","url":"https:\/\/zapateneo.net\/wordpress\/wp-content\/uploads\/2021\/04\/zap-libu-kolec.jpg","contentUrl":"https:\/\/zapateneo.net\/wordpress\/wp-content\/uploads\/2021\/04\/zap-libu-kolec.jpg","width":2234,"height":398,"caption":"Zapateneo Kultur Elkartea"},"image":{"@id":"https:\/\/zapateneo.net\/wordpress\/#\/schema\/logo\/image\/"},"sameAs":["https:\/\/x.com\/zapateneo"]}]}},"_links":{"self":[{"href":"https:\/\/zapateneo.net\/wordpress\/index.php\/wp-json\/wp\/v2\/product\/14895","targetHints":{"allow":["GET"]}}],"collection":[{"href":"https:\/\/zapateneo.net\/wordpress\/index.php\/wp-json\/wp\/v2\/product"}],"about":[{"href":"https:\/\/zapateneo.net\/wordpress\/index.php\/wp-json\/wp\/v2\/types\/product"}],"wp:featuredmedia":[{"embeddable":true,"href":"https:\/\/zapateneo.net\/wordpress\/index.php\/wp-json\/wp\/v2\/media\/14923"}],"wp:attachment":[{"href":"https:\/\/zapateneo.net\/wordpress\/index.php\/wp-json\/wp\/v2\/media?parent=14895"}],"wp:term":[{"taxonomy":"product_brand","embeddable":true,"href":"https:\/\/zapateneo.net\/wordpress\/index.php\/wp-json\/wp\/v2\/product_brand?post=14895"},{"taxonomy":"product_cat","embeddable":true,"href":"https:\/\/zapateneo.net\/wordpress\/index.php\/wp-json\/wp\/v2\/product_cat?post=14895"},{"taxonomy":"product_tag","embeddable":true,"href":"https:\/\/zapateneo.net\/wordpress\/index.php\/wp-json\/wp\/v2\/product_tag?post=14895"}],"curies":[{"name":"wp","href":"https:\/\/api.w.org\/{rel}","templated":true}]}}