{"id":14887,"date":"2023-09-28T16:16:06","date_gmt":"2023-09-28T15:16:06","guid":{"rendered":"https:\/\/zapateneo.net\/wordpress\/?post_type=product&#038;p=14887"},"modified":"2023-09-28T16:16:14","modified_gmt":"2023-09-28T15:16:14","slug":"colonialismo-energetico-territorios-de-sacrificio-para-la-transicion-energetica-corporativa-en-espan","status":"publish","type":"product","link":"https:\/\/zapateneo.net\/wordpress\/index.php\/producto\/colonialismo-energetico-territorios-de-sacrificio-para-la-transicion-energetica-corporativa-en-espan\/","title":{"rendered":"Colonialismo energ\u00e9tico Territorios de sacrificio para la transici\u00f3n energ\u00e9tica corporativa en Espa\u00f1"},"content":{"rendered":"<p>Asistimos a un incremento de megaproyectos e\u00f3licos y fotovoltaicos, cuyo vertiginoso despliegue sobre grandes extensiones de territorios ha despertado movilizaciones y resistencias de zonas rurales y grupos ecologistas en Espa\u00f1a, y de pueblos ind\u00edgenas en M\u00e9xico, en el S\u00e1hara Occidental y en Noruega.<\/p>\n<p>Estos casos muestran que el colonialismo energ\u00e9tico se agudiza y se expande incluso a los territorios de las antiguas metr\u00f3polis. Es decir, los procesos de despojo que se han desarrollado en el Sur Global est\u00e1n alcanzando las periferias del Norte Global con las mismas din\u00e1micas de dominaci\u00f3n, pero con diferentes grados de violencia. Adem\u00e1s, se advierte que bajo esta l\u00f3gica ning\u00fan territorio sobre la Tierra queda a salvo de ser devastado y, sin embargo, a\u00fan colonizando todo el planeta, no se podr\u00e1 mantener la demanda energ\u00e9tica actual de la econom\u00eda capitalista.<\/p>\n<p>En este contexto, el libro que tiene en sus manos documenta que las defensas territoriales no se oponen a la transici\u00f3n energ\u00e9tica, por el contrario, su cr\u00edtica pone al descubierto los l\u00edmites de los megaproyectos renovables al tiempo que la poblaci\u00f3n exige transiciones decoloniales que respondan a las necesidades de las personas y no a los intereses corporativos, tal como se ha puesto de manifiesto en la consigna \u00a1Renovables S\u00ed, pero no as\u00ed!<\/p>\n","protected":false},"excerpt":{"rendered":"<p><strong>S\u00e1nchez Contreras, Josefa     Matar\u00e1n Ruiz, Alberto<\/strong><br \/>\n978841920077 &#8211; Editorial Icaria &#8211; 2023 &#8211; 189 p\u00e1ginas \/orri.<\/p>\n","protected":false},"featured_media":14915,"template":"","meta":[],"product_brand":[],"product_cat":[15],"product_tag":[6785,6779,6784,6783],"class_list":{"0":"post-14887","1":"product","2":"type-product","3":"status-publish","4":"has-post-thumbnail","6":"product_cat-otros-bestelakoak","7":"product_tag-alberto","8":"product_tag-editorial-icaria","9":"product_tag-josefa-mataran-ruiz","10":"product_tag-sanchez-contreras","12":"first","13":"instock","14":"sold-individually","15":"shipping-taxable","16":"purchasable","17":"product-type-simple"},"yoast_head":"<!-- This site is optimized with the Yoast SEO plugin v27.3 - https:\/\/yoast.com\/product\/yoast-seo-wordpress\/ -->\n<title>Colonialismo energ\u00e9tico Territorios de sacrificio para la transici\u00f3n energ\u00e9tica corporativa en Espa\u00f1 &#8212; Zapateneo<\/title>\n<meta name=\"robots\" content=\"index, follow, max-snippet:-1, max-image-preview:large, max-video-preview:-1\" \/>\n<link rel=\"canonical\" href=\"https:\/\/zapateneo.net\/wordpress\/index.php\/producto\/colonialismo-energetico-territorios-de-sacrificio-para-la-transicion-energetica-corporativa-en-espan\/\" \/>\n<meta property=\"og:locale\" content=\"es_ES\" \/>\n<meta property=\"og:type\" content=\"article\" \/>\n<meta property=\"og:title\" content=\"Colonialismo energ\u00e9tico Territorios de sacrificio para la transici\u00f3n energ\u00e9tica corporativa en Espa\u00f1 &#8212; Zapateneo\" \/>\n<meta property=\"og:description\" content=\"S\u00e1nchez Contreras, Josefa   Matar\u00e1n Ruiz, Alberto 978841920077 - Editorial Icaria - 2023 - 189 p\u00e1ginas \/orri.\" \/>\n<meta property=\"og:url\" content=\"https:\/\/zapateneo.net\/wordpress\/index.php\/producto\/colonialismo-energetico-territorios-de-sacrificio-para-la-transicion-energetica-corporativa-en-espan\/\" \/>\n<meta property=\"og:site_name\" content=\"Zapateneo\" \/>\n<meta property=\"article:modified_time\" content=\"2023-09-28T15:16:14+00:00\" \/>\n<meta name=\"twitter:card\" content=\"summary_large_image\" \/>\n<meta name=\"twitter:site\" content=\"@zapateneo\" \/>\n<meta name=\"twitter:label1\" content=\"Tiempo de lectura\" \/>\n\t<meta name=\"twitter:data1\" content=\"1 minuto\" \/>\n<script type=\"application\/ld+json\" class=\"yoast-schema-graph\">{\"@context\":\"https:\\\/\\\/schema.org\",\"@graph\":[{\"@type\":\"WebPage\",\"@id\":\"https:\\\/\\\/zapateneo.net\\\/wordpress\\\/index.php\\\/producto\\\/colonialismo-energetico-territorios-de-sacrificio-para-la-transicion-energetica-corporativa-en-espan\\\/\",\"url\":\"https:\\\/\\\/zapateneo.net\\\/wordpress\\\/index.php\\\/producto\\\/colonialismo-energetico-territorios-de-sacrificio-para-la-transicion-energetica-corporativa-en-espan\\\/\",\"name\":\"Colonialismo energ\u00e9tico Territorios de sacrificio para la transici\u00f3n energ\u00e9tica corporativa en Espa\u00f1 &#8212; Zapateneo\",\"isPartOf\":{\"@id\":\"https:\\\/\\\/zapateneo.net\\\/wordpress\\\/#website\"},\"primaryImageOfPage\":{\"@id\":\"https:\\\/\\\/zapateneo.net\\\/wordpress\\\/index.php\\\/producto\\\/colonialismo-energetico-territorios-de-sacrificio-para-la-transicion-energetica-corporativa-en-espan\\\/#primaryimage\"},\"image\":{\"@id\":\"https:\\\/\\\/zapateneo.net\\\/wordpress\\\/index.php\\\/producto\\\/colonialismo-energetico-territorios-de-sacrificio-para-la-transicion-energetica-corporativa-en-espan\\\/#primaryimage\"},\"thumbnailUrl\":\"https:\\\/\\\/zapateneo.net\\\/wordpress\\\/wp-content\\\/uploads\\\/2023\\\/09\\\/colonialismo-energetico-txalaparta-eus.jpg\",\"datePublished\":\"2023-09-28T15:16:06+00:00\",\"dateModified\":\"2023-09-28T15:16:14+00:00\",\"breadcrumb\":{\"@id\":\"https:\\\/\\\/zapateneo.net\\\/wordpress\\\/index.php\\\/producto\\\/colonialismo-energetico-territorios-de-sacrificio-para-la-transicion-energetica-corporativa-en-espan\\\/#breadcrumb\"},\"inLanguage\":\"es\",\"potentialAction\":[{\"@type\":\"ReadAction\",\"target\":[\"https:\\\/\\\/zapateneo.net\\\/wordpress\\\/index.php\\\/producto\\\/colonialismo-energetico-territorios-de-sacrificio-para-la-transicion-energetica-corporativa-en-espan\\\/\"]}]},{\"@type\":\"ImageObject\",\"inLanguage\":\"es\",\"@id\":\"https:\\\/\\\/zapateneo.net\\\/wordpress\\\/index.php\\\/producto\\\/colonialismo-energetico-territorios-de-sacrificio-para-la-transicion-energetica-corporativa-en-espan\\\/#primaryimage\",\"url\":\"https:\\\/\\\/zapateneo.net\\\/wordpress\\\/wp-content\\\/uploads\\\/2023\\\/09\\\/colonialismo-energetico-txalaparta-eus.jpg\",\"contentUrl\":\"https:\\\/\\\/zapateneo.net\\\/wordpress\\\/wp-content\\\/uploads\\\/2023\\\/09\\\/colonialismo-energetico-txalaparta-eus.jpg\",\"width\":251,\"height\":400},{\"@type\":\"BreadcrumbList\",\"@id\":\"https:\\\/\\\/zapateneo.net\\\/wordpress\\\/index.php\\\/producto\\\/colonialismo-energetico-territorios-de-sacrificio-para-la-transicion-energetica-corporativa-en-espan\\\/#breadcrumb\",\"itemListElement\":[{\"@type\":\"ListItem\",\"position\":1,\"name\":\"Portada\",\"item\":\"https:\\\/\\\/zapateneo.net\\\/wordpress\\\/\"},{\"@type\":\"ListItem\",\"position\":2,\"name\":\"Tienda\",\"item\":\"https:\\\/\\\/zapateneo.net\\\/wordpress\\\/\"},{\"@type\":\"ListItem\",\"position\":3,\"name\":\"Colonialismo energ\u00e9tico Territorios de sacrificio para la transici\u00f3n energ\u00e9tica corporativa en Espa\u00f1\"}]},{\"@type\":\"WebSite\",\"@id\":\"https:\\\/\\\/zapateneo.net\\\/wordpress\\\/#website\",\"url\":\"https:\\\/\\\/zapateneo.net\\\/wordpress\\\/\",\"name\":\"Zapateneo\",\"description\":\"Zapateneoaren webgunea\",\"publisher\":{\"@id\":\"https:\\\/\\\/zapateneo.net\\\/wordpress\\\/#organization\"},\"potentialAction\":[{\"@type\":\"SearchAction\",\"target\":{\"@type\":\"EntryPoint\",\"urlTemplate\":\"https:\\\/\\\/zapateneo.net\\\/wordpress\\\/?s={search_term_string}\"},\"query-input\":{\"@type\":\"PropertyValueSpecification\",\"valueRequired\":true,\"valueName\":\"search_term_string\"}}],\"inLanguage\":\"es\"},{\"@type\":\"Organization\",\"@id\":\"https:\\\/\\\/zapateneo.net\\\/wordpress\\\/#organization\",\"name\":\"Zapateneo Kultur Elkartea\",\"url\":\"https:\\\/\\\/zapateneo.net\\\/wordpress\\\/\",\"logo\":{\"@type\":\"ImageObject\",\"inLanguage\":\"es\",\"@id\":\"https:\\\/\\\/zapateneo.net\\\/wordpress\\\/#\\\/schema\\\/logo\\\/image\\\/\",\"url\":\"https:\\\/\\\/zapateneo.net\\\/wordpress\\\/wp-content\\\/uploads\\\/2021\\\/04\\\/zap-libu-kolec.jpg\",\"contentUrl\":\"https:\\\/\\\/zapateneo.net\\\/wordpress\\\/wp-content\\\/uploads\\\/2021\\\/04\\\/zap-libu-kolec.jpg\",\"width\":2234,\"height\":398,\"caption\":\"Zapateneo Kultur Elkartea\"},\"image\":{\"@id\":\"https:\\\/\\\/zapateneo.net\\\/wordpress\\\/#\\\/schema\\\/logo\\\/image\\\/\"},\"sameAs\":[\"https:\\\/\\\/x.com\\\/zapateneo\"]}]}<\/script>\n<!-- \/ Yoast SEO plugin. -->","yoast_head_json":{"title":"Colonialismo energ\u00e9tico Territorios de sacrificio para la transici\u00f3n energ\u00e9tica corporativa en Espa\u00f1 &#8212; Zapateneo","robots":{"index":"index","follow":"follow","max-snippet":"max-snippet:-1","max-image-preview":"max-image-preview:large","max-video-preview":"max-video-preview:-1"},"canonical":"https:\/\/zapateneo.net\/wordpress\/index.php\/producto\/colonialismo-energetico-territorios-de-sacrificio-para-la-transicion-energetica-corporativa-en-espan\/","og_locale":"es_ES","og_type":"article","og_title":"Colonialismo energ\u00e9tico Territorios de sacrificio para la transici\u00f3n energ\u00e9tica corporativa en Espa\u00f1 &#8212; Zapateneo","og_description":"S\u00e1nchez Contreras, Josefa   Matar\u00e1n Ruiz, Alberto 978841920077 - Editorial Icaria - 2023 - 189 p\u00e1ginas \/orri.","og_url":"https:\/\/zapateneo.net\/wordpress\/index.php\/producto\/colonialismo-energetico-territorios-de-sacrificio-para-la-transicion-energetica-corporativa-en-espan\/","og_site_name":"Zapateneo","article_modified_time":"2023-09-28T15:16:14+00:00","twitter_card":"summary_large_image","twitter_site":"@zapateneo","twitter_misc":{"Tiempo de lectura":"1 minuto"},"schema":{"@context":"https:\/\/schema.org","@graph":[{"@type":"WebPage","@id":"https:\/\/zapateneo.net\/wordpress\/index.php\/producto\/colonialismo-energetico-territorios-de-sacrificio-para-la-transicion-energetica-corporativa-en-espan\/","url":"https:\/\/zapateneo.net\/wordpress\/index.php\/producto\/colonialismo-energetico-territorios-de-sacrificio-para-la-transicion-energetica-corporativa-en-espan\/","name":"Colonialismo energ\u00e9tico Territorios de sacrificio para la transici\u00f3n energ\u00e9tica corporativa en Espa\u00f1 &#8212; Zapateneo","isPartOf":{"@id":"https:\/\/zapateneo.net\/wordpress\/#website"},"primaryImageOfPage":{"@id":"https:\/\/zapateneo.net\/wordpress\/index.php\/producto\/colonialismo-energetico-territorios-de-sacrificio-para-la-transicion-energetica-corporativa-en-espan\/#primaryimage"},"image":{"@id":"https:\/\/zapateneo.net\/wordpress\/index.php\/producto\/colonialismo-energetico-territorios-de-sacrificio-para-la-transicion-energetica-corporativa-en-espan\/#primaryimage"},"thumbnailUrl":"https:\/\/zapateneo.net\/wordpress\/wp-content\/uploads\/2023\/09\/colonialismo-energetico-txalaparta-eus.jpg","datePublished":"2023-09-28T15:16:06+00:00","dateModified":"2023-09-28T15:16:14+00:00","breadcrumb":{"@id":"https:\/\/zapateneo.net\/wordpress\/index.php\/producto\/colonialismo-energetico-territorios-de-sacrificio-para-la-transicion-energetica-corporativa-en-espan\/#breadcrumb"},"inLanguage":"es","potentialAction":[{"@type":"ReadAction","target":["https:\/\/zapateneo.net\/wordpress\/index.php\/producto\/colonialismo-energetico-territorios-de-sacrificio-para-la-transicion-energetica-corporativa-en-espan\/"]}]},{"@type":"ImageObject","inLanguage":"es","@id":"https:\/\/zapateneo.net\/wordpress\/index.php\/producto\/colonialismo-energetico-territorios-de-sacrificio-para-la-transicion-energetica-corporativa-en-espan\/#primaryimage","url":"https:\/\/zapateneo.net\/wordpress\/wp-content\/uploads\/2023\/09\/colonialismo-energetico-txalaparta-eus.jpg","contentUrl":"https:\/\/zapateneo.net\/wordpress\/wp-content\/uploads\/2023\/09\/colonialismo-energetico-txalaparta-eus.jpg","width":251,"height":400},{"@type":"BreadcrumbList","@id":"https:\/\/zapateneo.net\/wordpress\/index.php\/producto\/colonialismo-energetico-territorios-de-sacrificio-para-la-transicion-energetica-corporativa-en-espan\/#breadcrumb","itemListElement":[{"@type":"ListItem","position":1,"name":"Portada","item":"https:\/\/zapateneo.net\/wordpress\/"},{"@type":"ListItem","position":2,"name":"Tienda","item":"https:\/\/zapateneo.net\/wordpress\/"},{"@type":"ListItem","position":3,"name":"Colonialismo energ\u00e9tico Territorios de sacrificio para la transici\u00f3n energ\u00e9tica corporativa en Espa\u00f1"}]},{"@type":"WebSite","@id":"https:\/\/zapateneo.net\/wordpress\/#website","url":"https:\/\/zapateneo.net\/wordpress\/","name":"Zapateneo","description":"Zapateneoaren webgunea","publisher":{"@id":"https:\/\/zapateneo.net\/wordpress\/#organization"},"potentialAction":[{"@type":"SearchAction","target":{"@type":"EntryPoint","urlTemplate":"https:\/\/zapateneo.net\/wordpress\/?s={search_term_string}"},"query-input":{"@type":"PropertyValueSpecification","valueRequired":true,"valueName":"search_term_string"}}],"inLanguage":"es"},{"@type":"Organization","@id":"https:\/\/zapateneo.net\/wordpress\/#organization","name":"Zapateneo Kultur Elkartea","url":"https:\/\/zapateneo.net\/wordpress\/","logo":{"@type":"ImageObject","inLanguage":"es","@id":"https:\/\/zapateneo.net\/wordpress\/#\/schema\/logo\/image\/","url":"https:\/\/zapateneo.net\/wordpress\/wp-content\/uploads\/2021\/04\/zap-libu-kolec.jpg","contentUrl":"https:\/\/zapateneo.net\/wordpress\/wp-content\/uploads\/2021\/04\/zap-libu-kolec.jpg","width":2234,"height":398,"caption":"Zapateneo Kultur Elkartea"},"image":{"@id":"https:\/\/zapateneo.net\/wordpress\/#\/schema\/logo\/image\/"},"sameAs":["https:\/\/x.com\/zapateneo"]}]}},"_links":{"self":[{"href":"https:\/\/zapateneo.net\/wordpress\/index.php\/wp-json\/wp\/v2\/product\/14887","targetHints":{"allow":["GET"]}}],"collection":[{"href":"https:\/\/zapateneo.net\/wordpress\/index.php\/wp-json\/wp\/v2\/product"}],"about":[{"href":"https:\/\/zapateneo.net\/wordpress\/index.php\/wp-json\/wp\/v2\/types\/product"}],"wp:featuredmedia":[{"embeddable":true,"href":"https:\/\/zapateneo.net\/wordpress\/index.php\/wp-json\/wp\/v2\/media\/14915"}],"wp:attachment":[{"href":"https:\/\/zapateneo.net\/wordpress\/index.php\/wp-json\/wp\/v2\/media?parent=14887"}],"wp:term":[{"taxonomy":"product_brand","embeddable":true,"href":"https:\/\/zapateneo.net\/wordpress\/index.php\/wp-json\/wp\/v2\/product_brand?post=14887"},{"taxonomy":"product_cat","embeddable":true,"href":"https:\/\/zapateneo.net\/wordpress\/index.php\/wp-json\/wp\/v2\/product_cat?post=14887"},{"taxonomy":"product_tag","embeddable":true,"href":"https:\/\/zapateneo.net\/wordpress\/index.php\/wp-json\/wp\/v2\/product_tag?post=14887"}],"curies":[{"name":"wp","href":"https:\/\/api.w.org\/{rel}","templated":true}]}}