{"id":14832,"date":"2023-09-26T19:04:53","date_gmt":"2023-09-26T18:04:53","guid":{"rendered":"https:\/\/zapateneo.net\/wordpress\/?post_type=product&#038;p=14832"},"modified":"2023-09-26T19:05:09","modified_gmt":"2023-09-26T18:05:09","slug":"en-conflicto-experiencias-practicas-y-formas-de-gestion-de-lo-urbano","status":"publish","type":"product","link":"https:\/\/zapateneo.net\/wordpress\/index.php\/producto\/en-conflicto-experiencias-practicas-y-formas-de-gestion-de-lo-urbano\/","title":{"rendered":"En conflicto: experiencias, pr\u00e1cticas y formas de gesti\u00f3n de lo urbano"},"content":{"rendered":"<p>La transformaci\u00f3n de la ciudad en las \u00faltimas d\u00e9cadas ha producido un abanico de din\u00e1micas sociales que la muestran como un lugar de contradicciones, paradojas y conflictos. La larga aplicaci\u00f3n de pol\u00edticas neoliberales, junto a fen\u00f3menos como la polarizaci\u00f3n urbana, la exclusi\u00f3n social, las luchas por el espacio, la estigmatizaci\u00f3n territorial, as\u00ed como din\u00e1micas de turistificaci\u00f3n y elitizaci\u00f3n, han moldeado la ciudad en m\u00faltiples aspectos. Centrarse en los conflictos urbanos muestra el car\u00e1cter nocivo de las l\u00f3gicas de mercado en \u00e1mbitos como la planificaci\u00f3n urban\u00edstica, pero tambi\u00e9n en el modo en el que las administraciones p\u00fablicas y los medios de comunicaci\u00f3n de masas intervienen y desempe\u00f1an un papel clave en la modelaci\u00f3n y control de las poblaciones. Sin duda, todo ello ha transformado los modos de gobernanza urbana que han afectado directamente a la reproducci\u00f3n social y a la vida cotidiana de sus habitantes.<br \/>\nCon la intenci\u00f3n de evidenciar el modo en el que se est\u00e1n transformando las ciudades, En conflicto: experiencias, pr\u00e1cticas y formas de gesti\u00f3n de lo urbano se ocupa de los problemas urbanos acontecidos en los espacios de reproducci\u00f3n social por antonomasia, el espacio p\u00fablico y la vivienda. Este trabajo pretende, adem\u00e1s, dar una visi\u00f3n interseccional del conflicto urbano, abordando temas de g\u00e9nero, clase, edad, naturaleza, origen o ciudadan\u00eda, se\u00f1alando con ellos diferentes niveles de injusticias sociales.<\/p>\n","protected":false},"excerpt":{"rendered":"<p><strong>Juan Manuel Sol\u00eds, Miquel \u00dabeda y Eduard Ballest\u00e9 (eds.)<\/strong><br \/>\n9788418826481 &#8211; Editorial Icaria &#8211; 2023 &#8211; 302 p\u00e1ginas \/orri.<\/p>\n","protected":false},"featured_media":14862,"template":"","meta":[],"product_brand":[],"product_cat":[15],"product_tag":[6779,6777,6778],"class_list":{"0":"post-14832","1":"product","2":"type-product","3":"status-publish","4":"has-post-thumbnail","6":"product_cat-otros-bestelakoak","7":"product_tag-editorial-icaria","8":"product_tag-juan-manuel-solis","9":"product_tag-miquel-ubeda-y-eduard-balleste-eds","11":"first","12":"instock","13":"sold-individually","14":"shipping-taxable","15":"purchasable","16":"product-type-simple"},"yoast_head":"<!-- This site is optimized with the Yoast SEO plugin v27.3 - https:\/\/yoast.com\/product\/yoast-seo-wordpress\/ -->\n<title>En conflicto: experiencias, pr\u00e1cticas y formas de gesti\u00f3n de lo urbano &#8212; Zapateneo<\/title>\n<meta name=\"robots\" content=\"index, follow, max-snippet:-1, max-image-preview:large, max-video-preview:-1\" \/>\n<link rel=\"canonical\" href=\"https:\/\/zapateneo.net\/wordpress\/index.php\/producto\/en-conflicto-experiencias-practicas-y-formas-de-gestion-de-lo-urbano\/\" \/>\n<meta property=\"og:locale\" content=\"es_ES\" \/>\n<meta property=\"og:type\" content=\"article\" \/>\n<meta property=\"og:title\" content=\"En conflicto: experiencias, pr\u00e1cticas y formas de gesti\u00f3n de lo urbano &#8212; Zapateneo\" \/>\n<meta property=\"og:description\" content=\"Juan Manuel Sol\u00eds, Miquel \u00dabeda y Eduard Ballest\u00e9 (eds.) 9788418826481 - Editorial Icaria - 2023 - 302 p\u00e1ginas \/orri.\" \/>\n<meta property=\"og:url\" content=\"https:\/\/zapateneo.net\/wordpress\/index.php\/producto\/en-conflicto-experiencias-practicas-y-formas-de-gestion-de-lo-urbano\/\" \/>\n<meta property=\"og:site_name\" content=\"Zapateneo\" \/>\n<meta property=\"article:modified_time\" content=\"2023-09-26T18:05:09+00:00\" \/>\n<meta name=\"twitter:card\" content=\"summary_large_image\" \/>\n<meta name=\"twitter:site\" content=\"@zapateneo\" \/>\n<meta name=\"twitter:label1\" content=\"Tiempo de lectura\" \/>\n\t<meta name=\"twitter:data1\" content=\"1 minuto\" \/>\n<script type=\"application\/ld+json\" class=\"yoast-schema-graph\">{\"@context\":\"https:\\\/\\\/schema.org\",\"@graph\":[{\"@type\":\"WebPage\",\"@id\":\"https:\\\/\\\/zapateneo.net\\\/wordpress\\\/index.php\\\/producto\\\/en-conflicto-experiencias-practicas-y-formas-de-gestion-de-lo-urbano\\\/\",\"url\":\"https:\\\/\\\/zapateneo.net\\\/wordpress\\\/index.php\\\/producto\\\/en-conflicto-experiencias-practicas-y-formas-de-gestion-de-lo-urbano\\\/\",\"name\":\"En conflicto: experiencias, pr\u00e1cticas y formas de gesti\u00f3n de lo urbano &#8212; Zapateneo\",\"isPartOf\":{\"@id\":\"https:\\\/\\\/zapateneo.net\\\/wordpress\\\/#website\"},\"primaryImageOfPage\":{\"@id\":\"https:\\\/\\\/zapateneo.net\\\/wordpress\\\/index.php\\\/producto\\\/en-conflicto-experiencias-practicas-y-formas-de-gestion-de-lo-urbano\\\/#primaryimage\"},\"image\":{\"@id\":\"https:\\\/\\\/zapateneo.net\\\/wordpress\\\/index.php\\\/producto\\\/en-conflicto-experiencias-practicas-y-formas-de-gestion-de-lo-urbano\\\/#primaryimage\"},\"thumbnailUrl\":\"https:\\\/\\\/zapateneo.net\\\/wordpress\\\/wp-content\\\/uploads\\\/2023\\\/09\\\/en-conflicto-experiencias-practicas-y-formas-de-gestion-de-lo-urbano.jpg\",\"datePublished\":\"2023-09-26T18:04:53+00:00\",\"dateModified\":\"2023-09-26T18:05:09+00:00\",\"breadcrumb\":{\"@id\":\"https:\\\/\\\/zapateneo.net\\\/wordpress\\\/index.php\\\/producto\\\/en-conflicto-experiencias-practicas-y-formas-de-gestion-de-lo-urbano\\\/#breadcrumb\"},\"inLanguage\":\"es\",\"potentialAction\":[{\"@type\":\"ReadAction\",\"target\":[\"https:\\\/\\\/zapateneo.net\\\/wordpress\\\/index.php\\\/producto\\\/en-conflicto-experiencias-practicas-y-formas-de-gestion-de-lo-urbano\\\/\"]}]},{\"@type\":\"ImageObject\",\"inLanguage\":\"es\",\"@id\":\"https:\\\/\\\/zapateneo.net\\\/wordpress\\\/index.php\\\/producto\\\/en-conflicto-experiencias-practicas-y-formas-de-gestion-de-lo-urbano\\\/#primaryimage\",\"url\":\"https:\\\/\\\/zapateneo.net\\\/wordpress\\\/wp-content\\\/uploads\\\/2023\\\/09\\\/en-conflicto-experiencias-practicas-y-formas-de-gestion-de-lo-urbano.jpg\",\"contentUrl\":\"https:\\\/\\\/zapateneo.net\\\/wordpress\\\/wp-content\\\/uploads\\\/2023\\\/09\\\/en-conflicto-experiencias-practicas-y-formas-de-gestion-de-lo-urbano.jpg\",\"width\":358,\"height\":400},{\"@type\":\"BreadcrumbList\",\"@id\":\"https:\\\/\\\/zapateneo.net\\\/wordpress\\\/index.php\\\/producto\\\/en-conflicto-experiencias-practicas-y-formas-de-gestion-de-lo-urbano\\\/#breadcrumb\",\"itemListElement\":[{\"@type\":\"ListItem\",\"position\":1,\"name\":\"Portada\",\"item\":\"https:\\\/\\\/zapateneo.net\\\/wordpress\\\/\"},{\"@type\":\"ListItem\",\"position\":2,\"name\":\"Tienda\",\"item\":\"https:\\\/\\\/zapateneo.net\\\/wordpress\\\/\"},{\"@type\":\"ListItem\",\"position\":3,\"name\":\"En conflicto: experiencias, pr\u00e1cticas y formas de gesti\u00f3n de lo urbano\"}]},{\"@type\":\"WebSite\",\"@id\":\"https:\\\/\\\/zapateneo.net\\\/wordpress\\\/#website\",\"url\":\"https:\\\/\\\/zapateneo.net\\\/wordpress\\\/\",\"name\":\"Zapateneo\",\"description\":\"Zapateneoaren webgunea\",\"publisher\":{\"@id\":\"https:\\\/\\\/zapateneo.net\\\/wordpress\\\/#organization\"},\"potentialAction\":[{\"@type\":\"SearchAction\",\"target\":{\"@type\":\"EntryPoint\",\"urlTemplate\":\"https:\\\/\\\/zapateneo.net\\\/wordpress\\\/?s={search_term_string}\"},\"query-input\":{\"@type\":\"PropertyValueSpecification\",\"valueRequired\":true,\"valueName\":\"search_term_string\"}}],\"inLanguage\":\"es\"},{\"@type\":\"Organization\",\"@id\":\"https:\\\/\\\/zapateneo.net\\\/wordpress\\\/#organization\",\"name\":\"Zapateneo Kultur Elkartea\",\"url\":\"https:\\\/\\\/zapateneo.net\\\/wordpress\\\/\",\"logo\":{\"@type\":\"ImageObject\",\"inLanguage\":\"es\",\"@id\":\"https:\\\/\\\/zapateneo.net\\\/wordpress\\\/#\\\/schema\\\/logo\\\/image\\\/\",\"url\":\"https:\\\/\\\/zapateneo.net\\\/wordpress\\\/wp-content\\\/uploads\\\/2021\\\/04\\\/zap-libu-kolec.jpg\",\"contentUrl\":\"https:\\\/\\\/zapateneo.net\\\/wordpress\\\/wp-content\\\/uploads\\\/2021\\\/04\\\/zap-libu-kolec.jpg\",\"width\":2234,\"height\":398,\"caption\":\"Zapateneo Kultur Elkartea\"},\"image\":{\"@id\":\"https:\\\/\\\/zapateneo.net\\\/wordpress\\\/#\\\/schema\\\/logo\\\/image\\\/\"},\"sameAs\":[\"https:\\\/\\\/x.com\\\/zapateneo\"]}]}<\/script>\n<!-- \/ Yoast SEO plugin. -->","yoast_head_json":{"title":"En conflicto: experiencias, pr\u00e1cticas y formas de gesti\u00f3n de lo urbano &#8212; Zapateneo","robots":{"index":"index","follow":"follow","max-snippet":"max-snippet:-1","max-image-preview":"max-image-preview:large","max-video-preview":"max-video-preview:-1"},"canonical":"https:\/\/zapateneo.net\/wordpress\/index.php\/producto\/en-conflicto-experiencias-practicas-y-formas-de-gestion-de-lo-urbano\/","og_locale":"es_ES","og_type":"article","og_title":"En conflicto: experiencias, pr\u00e1cticas y formas de gesti\u00f3n de lo urbano &#8212; Zapateneo","og_description":"Juan Manuel Sol\u00eds, Miquel \u00dabeda y Eduard Ballest\u00e9 (eds.) 9788418826481 - Editorial Icaria - 2023 - 302 p\u00e1ginas \/orri.","og_url":"https:\/\/zapateneo.net\/wordpress\/index.php\/producto\/en-conflicto-experiencias-practicas-y-formas-de-gestion-de-lo-urbano\/","og_site_name":"Zapateneo","article_modified_time":"2023-09-26T18:05:09+00:00","twitter_card":"summary_large_image","twitter_site":"@zapateneo","twitter_misc":{"Tiempo de lectura":"1 minuto"},"schema":{"@context":"https:\/\/schema.org","@graph":[{"@type":"WebPage","@id":"https:\/\/zapateneo.net\/wordpress\/index.php\/producto\/en-conflicto-experiencias-practicas-y-formas-de-gestion-de-lo-urbano\/","url":"https:\/\/zapateneo.net\/wordpress\/index.php\/producto\/en-conflicto-experiencias-practicas-y-formas-de-gestion-de-lo-urbano\/","name":"En conflicto: experiencias, pr\u00e1cticas y formas de gesti\u00f3n de lo urbano &#8212; Zapateneo","isPartOf":{"@id":"https:\/\/zapateneo.net\/wordpress\/#website"},"primaryImageOfPage":{"@id":"https:\/\/zapateneo.net\/wordpress\/index.php\/producto\/en-conflicto-experiencias-practicas-y-formas-de-gestion-de-lo-urbano\/#primaryimage"},"image":{"@id":"https:\/\/zapateneo.net\/wordpress\/index.php\/producto\/en-conflicto-experiencias-practicas-y-formas-de-gestion-de-lo-urbano\/#primaryimage"},"thumbnailUrl":"https:\/\/zapateneo.net\/wordpress\/wp-content\/uploads\/2023\/09\/en-conflicto-experiencias-practicas-y-formas-de-gestion-de-lo-urbano.jpg","datePublished":"2023-09-26T18:04:53+00:00","dateModified":"2023-09-26T18:05:09+00:00","breadcrumb":{"@id":"https:\/\/zapateneo.net\/wordpress\/index.php\/producto\/en-conflicto-experiencias-practicas-y-formas-de-gestion-de-lo-urbano\/#breadcrumb"},"inLanguage":"es","potentialAction":[{"@type":"ReadAction","target":["https:\/\/zapateneo.net\/wordpress\/index.php\/producto\/en-conflicto-experiencias-practicas-y-formas-de-gestion-de-lo-urbano\/"]}]},{"@type":"ImageObject","inLanguage":"es","@id":"https:\/\/zapateneo.net\/wordpress\/index.php\/producto\/en-conflicto-experiencias-practicas-y-formas-de-gestion-de-lo-urbano\/#primaryimage","url":"https:\/\/zapateneo.net\/wordpress\/wp-content\/uploads\/2023\/09\/en-conflicto-experiencias-practicas-y-formas-de-gestion-de-lo-urbano.jpg","contentUrl":"https:\/\/zapateneo.net\/wordpress\/wp-content\/uploads\/2023\/09\/en-conflicto-experiencias-practicas-y-formas-de-gestion-de-lo-urbano.jpg","width":358,"height":400},{"@type":"BreadcrumbList","@id":"https:\/\/zapateneo.net\/wordpress\/index.php\/producto\/en-conflicto-experiencias-practicas-y-formas-de-gestion-de-lo-urbano\/#breadcrumb","itemListElement":[{"@type":"ListItem","position":1,"name":"Portada","item":"https:\/\/zapateneo.net\/wordpress\/"},{"@type":"ListItem","position":2,"name":"Tienda","item":"https:\/\/zapateneo.net\/wordpress\/"},{"@type":"ListItem","position":3,"name":"En conflicto: experiencias, pr\u00e1cticas y formas de gesti\u00f3n de lo urbano"}]},{"@type":"WebSite","@id":"https:\/\/zapateneo.net\/wordpress\/#website","url":"https:\/\/zapateneo.net\/wordpress\/","name":"Zapateneo","description":"Zapateneoaren webgunea","publisher":{"@id":"https:\/\/zapateneo.net\/wordpress\/#organization"},"potentialAction":[{"@type":"SearchAction","target":{"@type":"EntryPoint","urlTemplate":"https:\/\/zapateneo.net\/wordpress\/?s={search_term_string}"},"query-input":{"@type":"PropertyValueSpecification","valueRequired":true,"valueName":"search_term_string"}}],"inLanguage":"es"},{"@type":"Organization","@id":"https:\/\/zapateneo.net\/wordpress\/#organization","name":"Zapateneo Kultur Elkartea","url":"https:\/\/zapateneo.net\/wordpress\/","logo":{"@type":"ImageObject","inLanguage":"es","@id":"https:\/\/zapateneo.net\/wordpress\/#\/schema\/logo\/image\/","url":"https:\/\/zapateneo.net\/wordpress\/wp-content\/uploads\/2021\/04\/zap-libu-kolec.jpg","contentUrl":"https:\/\/zapateneo.net\/wordpress\/wp-content\/uploads\/2021\/04\/zap-libu-kolec.jpg","width":2234,"height":398,"caption":"Zapateneo Kultur Elkartea"},"image":{"@id":"https:\/\/zapateneo.net\/wordpress\/#\/schema\/logo\/image\/"},"sameAs":["https:\/\/x.com\/zapateneo"]}]}},"_links":{"self":[{"href":"https:\/\/zapateneo.net\/wordpress\/index.php\/wp-json\/wp\/v2\/product\/14832","targetHints":{"allow":["GET"]}}],"collection":[{"href":"https:\/\/zapateneo.net\/wordpress\/index.php\/wp-json\/wp\/v2\/product"}],"about":[{"href":"https:\/\/zapateneo.net\/wordpress\/index.php\/wp-json\/wp\/v2\/types\/product"}],"wp:featuredmedia":[{"embeddable":true,"href":"https:\/\/zapateneo.net\/wordpress\/index.php\/wp-json\/wp\/v2\/media\/14862"}],"wp:attachment":[{"href":"https:\/\/zapateneo.net\/wordpress\/index.php\/wp-json\/wp\/v2\/media?parent=14832"}],"wp:term":[{"taxonomy":"product_brand","embeddable":true,"href":"https:\/\/zapateneo.net\/wordpress\/index.php\/wp-json\/wp\/v2\/product_brand?post=14832"},{"taxonomy":"product_cat","embeddable":true,"href":"https:\/\/zapateneo.net\/wordpress\/index.php\/wp-json\/wp\/v2\/product_cat?post=14832"},{"taxonomy":"product_tag","embeddable":true,"href":"https:\/\/zapateneo.net\/wordpress\/index.php\/wp-json\/wp\/v2\/product_tag?post=14832"}],"curies":[{"name":"wp","href":"https:\/\/api.w.org\/{rel}","templated":true}]}}