{"id":14830,"date":"2023-09-26T19:04:53","date_gmt":"2023-09-26T18:04:53","guid":{"rendered":"https:\/\/zapateneo.net\/wordpress\/?post_type=product&#038;p=14830"},"modified":"2023-09-26T19:05:08","modified_gmt":"2023-09-26T18:05:08","slug":"simone-weil-filosofia-del-trabajo-y-teoria-critica-social","status":"publish","type":"product","link":"https:\/\/zapateneo.net\/wordpress\/index.php\/producto\/simone-weil-filosofia-del-trabajo-y-teoria-critica-social\/","title":{"rendered":"Simone Weil. Filosof\u00eda del trabajo y teor\u00eda cr\u00edtica social"},"content":{"rendered":"<p>Simone Weil capt\u00f3 los grandes dilemas y contradicciones de su tiempo; en otros t\u00e9rminos: supo captar el esp\u00edritu de la \u00e9poca. sin duda, ella y Hannah Arendt son las dos grandes pensadoras del pasado siglo XX. en su corta vida, con su inteligencia prodigiosa y su compromiso solidario, Simone Weil inici\u00f3 la gran obra de replanteamiento de los fundamentos de la cultura occidental. Se puede advertir que m\u00e1s all\u00e1 de los numerosos naufragios que hemos vivido, como las dos grandes guerras mundiales, ella aporta valores y reflexiones que no se deben dilapidar.<\/p>\n<p>Weil se interroga sobre: \u00bfQu\u00e9 significa hacer balance o cr\u00edtica de nuestra civilizaci\u00f3n? Y responde que es tratar de poner en claro de una manera precisa la trampa que ha llevado al ser humano a ser esclavo de sus propias creaciones. En realidad, Weil hab\u00eda percibido el lado oscuro de la modernidad, de la revoluci\u00f3n industrial y de la que se dar\u00eda en llamar organizaci\u00f3n \u00abcient\u00edfica\u00bb del trabajo, cuyos efectos hab\u00eda padecido por propia experiencia sufriendo la explotaci\u00f3n desp\u00f3tica en la f\u00e1brica taylorista (pan\u00f3ptica, inspirada en la construcci\u00f3n de Jeremy Bentham).<\/p>\n<p>Para ella una filosof\u00eda del trabajo est\u00e1 por hacerse. Esta reflexi\u00f3n es reveladora de su idea de progreso humano desde el enfoque al propio tiempo individual, colectivo y social; y lo hace precisamente por contraposici\u00f3n al mito del progreso imparable y destructivo.<\/p>\n<p>Por lo dem\u00e1s, Weil pretende sobrepasar el marco de las reformas reivindicativas en el orden existente y propone caminar hacia la construcci\u00f3n de una nueva organizaci\u00f3n social democr\u00e1tica. En ese camino importa ante todo destacar, como elemento central, las obligaciones hacia el ser humano. Y estas obligaciones deben corresponderse con las necesidades humanas fundamentales. no debe olvidarse que el t\u00edtulo de uno de sus libros m\u00e1s emblem\u00e1ticos lleva el t\u00edtulo \u00abechar ra\u00edces. Preludio para una declaraci\u00f3n de los deberes hacia el ser humano\u00bb.<\/p>\n<p>\u00bfQu\u00e9 dice la prensa?<\/p>\n<p>\u00abJos\u00e9 Luis Monereo P\u00e9rez presenta la trayectoria de Simone Weil convirti\u00e9ndola en nuestra contempor\u00e1nea\u00bb<\/p>\n<p>\u2013I\u00f1aki Urdanibia, Kaosenlared.net, 30\/8\/23<\/p>\n<p>\u00abEsta mujer est\u00e1 loca\u00bb dijo de ella De Gaulle. Pod\u00eda parecerlo, pero lo cierto es que Simone Weil estaba, probablemente, demasiado cuerda.\u00bb<\/p>\n<p>\u2013 Antonio Garc\u00eda Vila, Viento Sur 189, Agosto 2023<\/p>\n<p>\u00abEl libro es un an\u00e1lisis sosegado en el que navegaremos a trav\u00e9s de uno de los principales interrogantes que se plantea la fil\u00f3sofa francesa en su obra: \u00bfQu\u00e9 significa hacer balance o cr\u00edtica de nuestra civilizaci\u00f3n?  La respuesta no es f\u00e1cil, pero pasa por asumir que el ser humano debe liberarse de sus propias creaciones.\u00bb<\/p>\n<p>\u2013\u00bbLecturas para esta feria de Madrid\u00bb, Carmen Domingo, Cr\u00f3nica Libre (4\/6\/23)<\/p>\n<p>\u00abLlama poderosamente la atenci\u00f3n la preponderancia que Weil otorga al trabajo en vida humana en cuanto a motor de realizaci\u00f3n personal. En un mundo como el actual (y en el no tan actual tambi\u00e9n) en el que todo se resume a producir m\u00e1s, consumir m\u00e1s, crecer m\u00e1s, etc, leer a una autora como Weil que propugna la desmercantilizaci\u00f3n del trabajo y la puesta de la producci\u00f3n y el rendimiento al servicio de la persona nos hace ver que la lucha ser\u00e1 larga pero inevitable.\u00bb<\/p>\n","protected":false},"excerpt":{"rendered":"<p><strong>Monereo P\u00e9rez, Jos\u00e9 Luis<\/strong><br \/>\n9788419778109 &#8211; el viejo topo &#8211; 2023 &#8211; 226 p\u00e1ginas \/orri.<\/p>\n","protected":false},"featured_media":14860,"template":"","meta":[],"product_brand":[],"product_cat":[15],"product_tag":[111,6774,894],"class_list":{"0":"post-14830","1":"product","2":"type-product","3":"status-publish","4":"has-post-thumbnail","6":"product_cat-otros-bestelakoak","7":"product_tag-el-viejo-topo","8":"product_tag-jose-luis","9":"product_tag-monereo-perez","11":"first","12":"instock","13":"sold-individually","14":"shipping-taxable","15":"purchasable","16":"product-type-simple"},"yoast_head":"<!-- This site is optimized with the Yoast SEO plugin v27.3 - https:\/\/yoast.com\/product\/yoast-seo-wordpress\/ -->\n<title>Simone Weil. Filosof\u00eda del trabajo y teor\u00eda cr\u00edtica social &#8212; Zapateneo<\/title>\n<meta name=\"robots\" content=\"index, follow, max-snippet:-1, max-image-preview:large, max-video-preview:-1\" \/>\n<link rel=\"canonical\" href=\"https:\/\/zapateneo.net\/wordpress\/index.php\/producto\/simone-weil-filosofia-del-trabajo-y-teoria-critica-social\/\" \/>\n<meta property=\"og:locale\" content=\"es_ES\" \/>\n<meta property=\"og:type\" content=\"article\" \/>\n<meta property=\"og:title\" content=\"Simone Weil. Filosof\u00eda del trabajo y teor\u00eda cr\u00edtica social &#8212; Zapateneo\" \/>\n<meta property=\"og:description\" content=\"Monereo P\u00e9rez, Jos\u00e9 Luis 9788419778109 - el viejo topo - 2023 - 226 p\u00e1ginas \/orri.\" \/>\n<meta property=\"og:url\" content=\"https:\/\/zapateneo.net\/wordpress\/index.php\/producto\/simone-weil-filosofia-del-trabajo-y-teoria-critica-social\/\" \/>\n<meta property=\"og:site_name\" content=\"Zapateneo\" \/>\n<meta property=\"article:modified_time\" content=\"2023-09-26T18:05:08+00:00\" \/>\n<meta name=\"twitter:card\" content=\"summary_large_image\" \/>\n<meta name=\"twitter:site\" content=\"@zapateneo\" \/>\n<meta name=\"twitter:label1\" content=\"Tiempo de lectura\" \/>\n\t<meta name=\"twitter:data1\" content=\"3 minutos\" \/>\n<script type=\"application\/ld+json\" class=\"yoast-schema-graph\">{\"@context\":\"https:\\\/\\\/schema.org\",\"@graph\":[{\"@type\":\"WebPage\",\"@id\":\"https:\\\/\\\/zapateneo.net\\\/wordpress\\\/index.php\\\/producto\\\/simone-weil-filosofia-del-trabajo-y-teoria-critica-social\\\/\",\"url\":\"https:\\\/\\\/zapateneo.net\\\/wordpress\\\/index.php\\\/producto\\\/simone-weil-filosofia-del-trabajo-y-teoria-critica-social\\\/\",\"name\":\"Simone Weil. Filosof\u00eda del trabajo y teor\u00eda cr\u00edtica social &#8212; Zapateneo\",\"isPartOf\":{\"@id\":\"https:\\\/\\\/zapateneo.net\\\/wordpress\\\/#website\"},\"primaryImageOfPage\":{\"@id\":\"https:\\\/\\\/zapateneo.net\\\/wordpress\\\/index.php\\\/producto\\\/simone-weil-filosofia-del-trabajo-y-teoria-critica-social\\\/#primaryimage\"},\"image\":{\"@id\":\"https:\\\/\\\/zapateneo.net\\\/wordpress\\\/index.php\\\/producto\\\/simone-weil-filosofia-del-trabajo-y-teoria-critica-social\\\/#primaryimage\"},\"thumbnailUrl\":\"https:\\\/\\\/zapateneo.net\\\/wordpress\\\/wp-content\\\/uploads\\\/2023\\\/09\\\/simone-weil-filosofia-del-trabajo-y-teoria-critica-social.jpg\",\"datePublished\":\"2023-09-26T18:04:53+00:00\",\"dateModified\":\"2023-09-26T18:05:08+00:00\",\"breadcrumb\":{\"@id\":\"https:\\\/\\\/zapateneo.net\\\/wordpress\\\/index.php\\\/producto\\\/simone-weil-filosofia-del-trabajo-y-teoria-critica-social\\\/#breadcrumb\"},\"inLanguage\":\"es\",\"potentialAction\":[{\"@type\":\"ReadAction\",\"target\":[\"https:\\\/\\\/zapateneo.net\\\/wordpress\\\/index.php\\\/producto\\\/simone-weil-filosofia-del-trabajo-y-teoria-critica-social\\\/\"]}]},{\"@type\":\"ImageObject\",\"inLanguage\":\"es\",\"@id\":\"https:\\\/\\\/zapateneo.net\\\/wordpress\\\/index.php\\\/producto\\\/simone-weil-filosofia-del-trabajo-y-teoria-critica-social\\\/#primaryimage\",\"url\":\"https:\\\/\\\/zapateneo.net\\\/wordpress\\\/wp-content\\\/uploads\\\/2023\\\/09\\\/simone-weil-filosofia-del-trabajo-y-teoria-critica-social.jpg\",\"contentUrl\":\"https:\\\/\\\/zapateneo.net\\\/wordpress\\\/wp-content\\\/uploads\\\/2023\\\/09\\\/simone-weil-filosofia-del-trabajo-y-teoria-critica-social.jpg\",\"width\":400,\"height\":400},{\"@type\":\"BreadcrumbList\",\"@id\":\"https:\\\/\\\/zapateneo.net\\\/wordpress\\\/index.php\\\/producto\\\/simone-weil-filosofia-del-trabajo-y-teoria-critica-social\\\/#breadcrumb\",\"itemListElement\":[{\"@type\":\"ListItem\",\"position\":1,\"name\":\"Portada\",\"item\":\"https:\\\/\\\/zapateneo.net\\\/wordpress\\\/\"},{\"@type\":\"ListItem\",\"position\":2,\"name\":\"Tienda\",\"item\":\"https:\\\/\\\/zapateneo.net\\\/wordpress\\\/\"},{\"@type\":\"ListItem\",\"position\":3,\"name\":\"Simone Weil. Filosof\u00eda del trabajo y teor\u00eda cr\u00edtica social\"}]},{\"@type\":\"WebSite\",\"@id\":\"https:\\\/\\\/zapateneo.net\\\/wordpress\\\/#website\",\"url\":\"https:\\\/\\\/zapateneo.net\\\/wordpress\\\/\",\"name\":\"Zapateneo\",\"description\":\"Zapateneoaren webgunea\",\"publisher\":{\"@id\":\"https:\\\/\\\/zapateneo.net\\\/wordpress\\\/#organization\"},\"potentialAction\":[{\"@type\":\"SearchAction\",\"target\":{\"@type\":\"EntryPoint\",\"urlTemplate\":\"https:\\\/\\\/zapateneo.net\\\/wordpress\\\/?s={search_term_string}\"},\"query-input\":{\"@type\":\"PropertyValueSpecification\",\"valueRequired\":true,\"valueName\":\"search_term_string\"}}],\"inLanguage\":\"es\"},{\"@type\":\"Organization\",\"@id\":\"https:\\\/\\\/zapateneo.net\\\/wordpress\\\/#organization\",\"name\":\"Zapateneo Kultur Elkartea\",\"url\":\"https:\\\/\\\/zapateneo.net\\\/wordpress\\\/\",\"logo\":{\"@type\":\"ImageObject\",\"inLanguage\":\"es\",\"@id\":\"https:\\\/\\\/zapateneo.net\\\/wordpress\\\/#\\\/schema\\\/logo\\\/image\\\/\",\"url\":\"https:\\\/\\\/zapateneo.net\\\/wordpress\\\/wp-content\\\/uploads\\\/2021\\\/04\\\/zap-libu-kolec.jpg\",\"contentUrl\":\"https:\\\/\\\/zapateneo.net\\\/wordpress\\\/wp-content\\\/uploads\\\/2021\\\/04\\\/zap-libu-kolec.jpg\",\"width\":2234,\"height\":398,\"caption\":\"Zapateneo Kultur Elkartea\"},\"image\":{\"@id\":\"https:\\\/\\\/zapateneo.net\\\/wordpress\\\/#\\\/schema\\\/logo\\\/image\\\/\"},\"sameAs\":[\"https:\\\/\\\/x.com\\\/zapateneo\"]}]}<\/script>\n<!-- \/ Yoast SEO plugin. -->","yoast_head_json":{"title":"Simone Weil. Filosof\u00eda del trabajo y teor\u00eda cr\u00edtica social &#8212; Zapateneo","robots":{"index":"index","follow":"follow","max-snippet":"max-snippet:-1","max-image-preview":"max-image-preview:large","max-video-preview":"max-video-preview:-1"},"canonical":"https:\/\/zapateneo.net\/wordpress\/index.php\/producto\/simone-weil-filosofia-del-trabajo-y-teoria-critica-social\/","og_locale":"es_ES","og_type":"article","og_title":"Simone Weil. Filosof\u00eda del trabajo y teor\u00eda cr\u00edtica social &#8212; Zapateneo","og_description":"Monereo P\u00e9rez, Jos\u00e9 Luis 9788419778109 - el viejo topo - 2023 - 226 p\u00e1ginas \/orri.","og_url":"https:\/\/zapateneo.net\/wordpress\/index.php\/producto\/simone-weil-filosofia-del-trabajo-y-teoria-critica-social\/","og_site_name":"Zapateneo","article_modified_time":"2023-09-26T18:05:08+00:00","twitter_card":"summary_large_image","twitter_site":"@zapateneo","twitter_misc":{"Tiempo de lectura":"3 minutos"},"schema":{"@context":"https:\/\/schema.org","@graph":[{"@type":"WebPage","@id":"https:\/\/zapateneo.net\/wordpress\/index.php\/producto\/simone-weil-filosofia-del-trabajo-y-teoria-critica-social\/","url":"https:\/\/zapateneo.net\/wordpress\/index.php\/producto\/simone-weil-filosofia-del-trabajo-y-teoria-critica-social\/","name":"Simone Weil. Filosof\u00eda del trabajo y teor\u00eda cr\u00edtica social &#8212; Zapateneo","isPartOf":{"@id":"https:\/\/zapateneo.net\/wordpress\/#website"},"primaryImageOfPage":{"@id":"https:\/\/zapateneo.net\/wordpress\/index.php\/producto\/simone-weil-filosofia-del-trabajo-y-teoria-critica-social\/#primaryimage"},"image":{"@id":"https:\/\/zapateneo.net\/wordpress\/index.php\/producto\/simone-weil-filosofia-del-trabajo-y-teoria-critica-social\/#primaryimage"},"thumbnailUrl":"https:\/\/zapateneo.net\/wordpress\/wp-content\/uploads\/2023\/09\/simone-weil-filosofia-del-trabajo-y-teoria-critica-social.jpg","datePublished":"2023-09-26T18:04:53+00:00","dateModified":"2023-09-26T18:05:08+00:00","breadcrumb":{"@id":"https:\/\/zapateneo.net\/wordpress\/index.php\/producto\/simone-weil-filosofia-del-trabajo-y-teoria-critica-social\/#breadcrumb"},"inLanguage":"es","potentialAction":[{"@type":"ReadAction","target":["https:\/\/zapateneo.net\/wordpress\/index.php\/producto\/simone-weil-filosofia-del-trabajo-y-teoria-critica-social\/"]}]},{"@type":"ImageObject","inLanguage":"es","@id":"https:\/\/zapateneo.net\/wordpress\/index.php\/producto\/simone-weil-filosofia-del-trabajo-y-teoria-critica-social\/#primaryimage","url":"https:\/\/zapateneo.net\/wordpress\/wp-content\/uploads\/2023\/09\/simone-weil-filosofia-del-trabajo-y-teoria-critica-social.jpg","contentUrl":"https:\/\/zapateneo.net\/wordpress\/wp-content\/uploads\/2023\/09\/simone-weil-filosofia-del-trabajo-y-teoria-critica-social.jpg","width":400,"height":400},{"@type":"BreadcrumbList","@id":"https:\/\/zapateneo.net\/wordpress\/index.php\/producto\/simone-weil-filosofia-del-trabajo-y-teoria-critica-social\/#breadcrumb","itemListElement":[{"@type":"ListItem","position":1,"name":"Portada","item":"https:\/\/zapateneo.net\/wordpress\/"},{"@type":"ListItem","position":2,"name":"Tienda","item":"https:\/\/zapateneo.net\/wordpress\/"},{"@type":"ListItem","position":3,"name":"Simone Weil. Filosof\u00eda del trabajo y teor\u00eda cr\u00edtica social"}]},{"@type":"WebSite","@id":"https:\/\/zapateneo.net\/wordpress\/#website","url":"https:\/\/zapateneo.net\/wordpress\/","name":"Zapateneo","description":"Zapateneoaren webgunea","publisher":{"@id":"https:\/\/zapateneo.net\/wordpress\/#organization"},"potentialAction":[{"@type":"SearchAction","target":{"@type":"EntryPoint","urlTemplate":"https:\/\/zapateneo.net\/wordpress\/?s={search_term_string}"},"query-input":{"@type":"PropertyValueSpecification","valueRequired":true,"valueName":"search_term_string"}}],"inLanguage":"es"},{"@type":"Organization","@id":"https:\/\/zapateneo.net\/wordpress\/#organization","name":"Zapateneo Kultur Elkartea","url":"https:\/\/zapateneo.net\/wordpress\/","logo":{"@type":"ImageObject","inLanguage":"es","@id":"https:\/\/zapateneo.net\/wordpress\/#\/schema\/logo\/image\/","url":"https:\/\/zapateneo.net\/wordpress\/wp-content\/uploads\/2021\/04\/zap-libu-kolec.jpg","contentUrl":"https:\/\/zapateneo.net\/wordpress\/wp-content\/uploads\/2021\/04\/zap-libu-kolec.jpg","width":2234,"height":398,"caption":"Zapateneo Kultur Elkartea"},"image":{"@id":"https:\/\/zapateneo.net\/wordpress\/#\/schema\/logo\/image\/"},"sameAs":["https:\/\/x.com\/zapateneo"]}]}},"_links":{"self":[{"href":"https:\/\/zapateneo.net\/wordpress\/index.php\/wp-json\/wp\/v2\/product\/14830","targetHints":{"allow":["GET"]}}],"collection":[{"href":"https:\/\/zapateneo.net\/wordpress\/index.php\/wp-json\/wp\/v2\/product"}],"about":[{"href":"https:\/\/zapateneo.net\/wordpress\/index.php\/wp-json\/wp\/v2\/types\/product"}],"wp:featuredmedia":[{"embeddable":true,"href":"https:\/\/zapateneo.net\/wordpress\/index.php\/wp-json\/wp\/v2\/media\/14860"}],"wp:attachment":[{"href":"https:\/\/zapateneo.net\/wordpress\/index.php\/wp-json\/wp\/v2\/media?parent=14830"}],"wp:term":[{"taxonomy":"product_brand","embeddable":true,"href":"https:\/\/zapateneo.net\/wordpress\/index.php\/wp-json\/wp\/v2\/product_brand?post=14830"},{"taxonomy":"product_cat","embeddable":true,"href":"https:\/\/zapateneo.net\/wordpress\/index.php\/wp-json\/wp\/v2\/product_cat?post=14830"},{"taxonomy":"product_tag","embeddable":true,"href":"https:\/\/zapateneo.net\/wordpress\/index.php\/wp-json\/wp\/v2\/product_tag?post=14830"}],"curies":[{"name":"wp","href":"https:\/\/api.w.org\/{rel}","templated":true}]}}