{"id":14827,"date":"2023-09-26T19:04:52","date_gmt":"2023-09-26T18:04:52","guid":{"rendered":"https:\/\/zapateneo.net\/wordpress\/?post_type=product&#038;p=14827"},"modified":"2023-09-26T19:05:06","modified_gmt":"2023-09-26T18:05:06","slug":"educacion-afectivo-sexual-y-colectivo-lgtbiq","status":"publish","type":"product","link":"https:\/\/zapateneo.net\/wordpress\/index.php\/producto\/educacion-afectivo-sexual-y-colectivo-lgtbiq\/","title":{"rendered":"Educaci\u00f3n afectivo-sexual y colectivo LGTBIQ"},"content":{"rendered":"<p>Las corporalidades, identidades y orientaciones no-heterosexuales, trans e intersexuales han estado tradicionalmente alejadas del \u00e1mbito de la educaci\u00f3n formal, como si la vida y la escuela fuesen dos realidades disociadas entre s\u00ed.<\/p>\n<p>Con la llegada de la educaci\u00f3n afectivo-sexual, se abri\u00f3 una oportunidad para que estas formasen parte de la cotidianeidad escolar, pero los contenidos ligados a los riesgos en torno a las infecciones de transmisi\u00f3n sexual y los embarazos no deseados, junto con su prevenci\u00f3n, han acaparado el tratamiento que se hace de la sexualidad en nuestros centros. Son contenidos que, adem\u00e1s de desplazar al colectivo LGTBIQ hasta su borrado en este campo educativo, esconden mensajes discriminatorios que reproducen y legitiman las distintas violencias que sufren las personas que no se ajustan a los par\u00e1metros normativos de sexualidad (binarismo, ciscentrismo, heterocentrismo, monosexualidad, LGTBIQfobia, etc.).<\/p>\n<p>As\u00ed, mientras que las formas no hegem\u00f3nicas de transitar la sexualidad est\u00e1n siendo cada vez m\u00e1s visibles entre las generaciones m\u00e1s j\u00f3venes, en el \u00e1mbito de la educaci\u00f3n escolar existen m\u00faltiples dificultades para atender a esta diversidad de manera profunda e integral. En este sentido, el presente libro explora esta relaci\u00f3n entre educaci\u00f3n afectivo-sexual y colectivo LGTBIQ \u2013m\u00e1s caracterizada por sus desencuentros que por sus encuentros\u2013, trazando un recorrido por distintas dimensiones de la realidad sociocultural, desde el foco en lo que el autor denomina sistema normativo de sexualidad hasta el marco escolar y la educaci\u00f3n afectivo-sexual. Seguidamente, se plantean los resultados de un estudio y se finaliza con algunas propuestas que permiten orientar la pr\u00e1ctica docente hacia el logro de una educaci\u00f3n afectivo-sexual diversa e igualitaria.<\/p>\n","protected":false},"excerpt":{"rendered":"<p><strong>Alejandro Granero And\u00fajar<\/strong><br \/>\n9788419312914 &#8211; OCTAEDRO &#8211; 2023 &#8211; 246 p\u00e1ginas \/orri.<\/p>\n","protected":false},"featured_media":14857,"template":"","meta":[],"product_brand":[],"product_cat":[15],"product_tag":[6770,829],"class_list":{"0":"post-14827","1":"product","2":"type-product","3":"status-publish","4":"has-post-thumbnail","6":"product_cat-otros-bestelakoak","7":"product_tag-alejandro-granero-andujar","8":"product_tag-octaedro","10":"first","11":"instock","12":"sold-individually","13":"shipping-taxable","14":"purchasable","15":"product-type-simple"},"yoast_head":"<!-- This site is optimized with the Yoast SEO plugin v27.3 - https:\/\/yoast.com\/product\/yoast-seo-wordpress\/ -->\n<title>Educaci\u00f3n afectivo-sexual y colectivo LGTBIQ &#8212; Zapateneo<\/title>\n<meta name=\"robots\" content=\"index, follow, max-snippet:-1, max-image-preview:large, max-video-preview:-1\" \/>\n<link rel=\"canonical\" href=\"https:\/\/zapateneo.net\/wordpress\/index.php\/producto\/educacion-afectivo-sexual-y-colectivo-lgtbiq\/\" \/>\n<meta property=\"og:locale\" content=\"es_ES\" \/>\n<meta property=\"og:type\" content=\"article\" \/>\n<meta property=\"og:title\" content=\"Educaci\u00f3n afectivo-sexual y colectivo LGTBIQ &#8212; Zapateneo\" \/>\n<meta property=\"og:description\" content=\"Alejandro Granero And\u00fajar 9788419312914 - OCTAEDRO - 2023 - 246 p\u00e1ginas \/orri.\" \/>\n<meta property=\"og:url\" content=\"https:\/\/zapateneo.net\/wordpress\/index.php\/producto\/educacion-afectivo-sexual-y-colectivo-lgtbiq\/\" \/>\n<meta property=\"og:site_name\" content=\"Zapateneo\" \/>\n<meta property=\"article:modified_time\" content=\"2023-09-26T18:05:06+00:00\" \/>\n<meta name=\"twitter:card\" content=\"summary_large_image\" \/>\n<meta name=\"twitter:site\" content=\"@zapateneo\" \/>\n<meta name=\"twitter:label1\" content=\"Tiempo de lectura\" \/>\n\t<meta name=\"twitter:data1\" content=\"1 minuto\" \/>\n<script type=\"application\/ld+json\" class=\"yoast-schema-graph\">{\"@context\":\"https:\\\/\\\/schema.org\",\"@graph\":[{\"@type\":\"WebPage\",\"@id\":\"https:\\\/\\\/zapateneo.net\\\/wordpress\\\/index.php\\\/producto\\\/educacion-afectivo-sexual-y-colectivo-lgtbiq\\\/\",\"url\":\"https:\\\/\\\/zapateneo.net\\\/wordpress\\\/index.php\\\/producto\\\/educacion-afectivo-sexual-y-colectivo-lgtbiq\\\/\",\"name\":\"Educaci\u00f3n afectivo-sexual y colectivo LGTBIQ &#8212; Zapateneo\",\"isPartOf\":{\"@id\":\"https:\\\/\\\/zapateneo.net\\\/wordpress\\\/#website\"},\"primaryImageOfPage\":{\"@id\":\"https:\\\/\\\/zapateneo.net\\\/wordpress\\\/index.php\\\/producto\\\/educacion-afectivo-sexual-y-colectivo-lgtbiq\\\/#primaryimage\"},\"image\":{\"@id\":\"https:\\\/\\\/zapateneo.net\\\/wordpress\\\/index.php\\\/producto\\\/educacion-afectivo-sexual-y-colectivo-lgtbiq\\\/#primaryimage\"},\"thumbnailUrl\":\"https:\\\/\\\/zapateneo.net\\\/wordpress\\\/wp-content\\\/uploads\\\/2023\\\/09\\\/09142-1.jpg\",\"datePublished\":\"2023-09-26T18:04:52+00:00\",\"dateModified\":\"2023-09-26T18:05:06+00:00\",\"breadcrumb\":{\"@id\":\"https:\\\/\\\/zapateneo.net\\\/wordpress\\\/index.php\\\/producto\\\/educacion-afectivo-sexual-y-colectivo-lgtbiq\\\/#breadcrumb\"},\"inLanguage\":\"es\",\"potentialAction\":[{\"@type\":\"ReadAction\",\"target\":[\"https:\\\/\\\/zapateneo.net\\\/wordpress\\\/index.php\\\/producto\\\/educacion-afectivo-sexual-y-colectivo-lgtbiq\\\/\"]}]},{\"@type\":\"ImageObject\",\"inLanguage\":\"es\",\"@id\":\"https:\\\/\\\/zapateneo.net\\\/wordpress\\\/index.php\\\/producto\\\/educacion-afectivo-sexual-y-colectivo-lgtbiq\\\/#primaryimage\",\"url\":\"https:\\\/\\\/zapateneo.net\\\/wordpress\\\/wp-content\\\/uploads\\\/2023\\\/09\\\/09142-1.jpg\",\"contentUrl\":\"https:\\\/\\\/zapateneo.net\\\/wordpress\\\/wp-content\\\/uploads\\\/2023\\\/09\\\/09142-1.jpg\",\"width\":260,\"height\":400},{\"@type\":\"BreadcrumbList\",\"@id\":\"https:\\\/\\\/zapateneo.net\\\/wordpress\\\/index.php\\\/producto\\\/educacion-afectivo-sexual-y-colectivo-lgtbiq\\\/#breadcrumb\",\"itemListElement\":[{\"@type\":\"ListItem\",\"position\":1,\"name\":\"Portada\",\"item\":\"https:\\\/\\\/zapateneo.net\\\/wordpress\\\/\"},{\"@type\":\"ListItem\",\"position\":2,\"name\":\"Tienda\",\"item\":\"https:\\\/\\\/zapateneo.net\\\/wordpress\\\/\"},{\"@type\":\"ListItem\",\"position\":3,\"name\":\"Educaci\u00f3n afectivo-sexual y colectivo LGTBIQ\"}]},{\"@type\":\"WebSite\",\"@id\":\"https:\\\/\\\/zapateneo.net\\\/wordpress\\\/#website\",\"url\":\"https:\\\/\\\/zapateneo.net\\\/wordpress\\\/\",\"name\":\"Zapateneo\",\"description\":\"Zapateneoaren webgunea\",\"publisher\":{\"@id\":\"https:\\\/\\\/zapateneo.net\\\/wordpress\\\/#organization\"},\"potentialAction\":[{\"@type\":\"SearchAction\",\"target\":{\"@type\":\"EntryPoint\",\"urlTemplate\":\"https:\\\/\\\/zapateneo.net\\\/wordpress\\\/?s={search_term_string}\"},\"query-input\":{\"@type\":\"PropertyValueSpecification\",\"valueRequired\":true,\"valueName\":\"search_term_string\"}}],\"inLanguage\":\"es\"},{\"@type\":\"Organization\",\"@id\":\"https:\\\/\\\/zapateneo.net\\\/wordpress\\\/#organization\",\"name\":\"Zapateneo Kultur Elkartea\",\"url\":\"https:\\\/\\\/zapateneo.net\\\/wordpress\\\/\",\"logo\":{\"@type\":\"ImageObject\",\"inLanguage\":\"es\",\"@id\":\"https:\\\/\\\/zapateneo.net\\\/wordpress\\\/#\\\/schema\\\/logo\\\/image\\\/\",\"url\":\"https:\\\/\\\/zapateneo.net\\\/wordpress\\\/wp-content\\\/uploads\\\/2021\\\/04\\\/zap-libu-kolec.jpg\",\"contentUrl\":\"https:\\\/\\\/zapateneo.net\\\/wordpress\\\/wp-content\\\/uploads\\\/2021\\\/04\\\/zap-libu-kolec.jpg\",\"width\":2234,\"height\":398,\"caption\":\"Zapateneo Kultur Elkartea\"},\"image\":{\"@id\":\"https:\\\/\\\/zapateneo.net\\\/wordpress\\\/#\\\/schema\\\/logo\\\/image\\\/\"},\"sameAs\":[\"https:\\\/\\\/x.com\\\/zapateneo\"]}]}<\/script>\n<!-- \/ Yoast SEO plugin. -->","yoast_head_json":{"title":"Educaci\u00f3n afectivo-sexual y colectivo LGTBIQ &#8212; Zapateneo","robots":{"index":"index","follow":"follow","max-snippet":"max-snippet:-1","max-image-preview":"max-image-preview:large","max-video-preview":"max-video-preview:-1"},"canonical":"https:\/\/zapateneo.net\/wordpress\/index.php\/producto\/educacion-afectivo-sexual-y-colectivo-lgtbiq\/","og_locale":"es_ES","og_type":"article","og_title":"Educaci\u00f3n afectivo-sexual y colectivo LGTBIQ &#8212; Zapateneo","og_description":"Alejandro Granero And\u00fajar 9788419312914 - OCTAEDRO - 2023 - 246 p\u00e1ginas \/orri.","og_url":"https:\/\/zapateneo.net\/wordpress\/index.php\/producto\/educacion-afectivo-sexual-y-colectivo-lgtbiq\/","og_site_name":"Zapateneo","article_modified_time":"2023-09-26T18:05:06+00:00","twitter_card":"summary_large_image","twitter_site":"@zapateneo","twitter_misc":{"Tiempo de lectura":"1 minuto"},"schema":{"@context":"https:\/\/schema.org","@graph":[{"@type":"WebPage","@id":"https:\/\/zapateneo.net\/wordpress\/index.php\/producto\/educacion-afectivo-sexual-y-colectivo-lgtbiq\/","url":"https:\/\/zapateneo.net\/wordpress\/index.php\/producto\/educacion-afectivo-sexual-y-colectivo-lgtbiq\/","name":"Educaci\u00f3n afectivo-sexual y colectivo LGTBIQ &#8212; Zapateneo","isPartOf":{"@id":"https:\/\/zapateneo.net\/wordpress\/#website"},"primaryImageOfPage":{"@id":"https:\/\/zapateneo.net\/wordpress\/index.php\/producto\/educacion-afectivo-sexual-y-colectivo-lgtbiq\/#primaryimage"},"image":{"@id":"https:\/\/zapateneo.net\/wordpress\/index.php\/producto\/educacion-afectivo-sexual-y-colectivo-lgtbiq\/#primaryimage"},"thumbnailUrl":"https:\/\/zapateneo.net\/wordpress\/wp-content\/uploads\/2023\/09\/09142-1.jpg","datePublished":"2023-09-26T18:04:52+00:00","dateModified":"2023-09-26T18:05:06+00:00","breadcrumb":{"@id":"https:\/\/zapateneo.net\/wordpress\/index.php\/producto\/educacion-afectivo-sexual-y-colectivo-lgtbiq\/#breadcrumb"},"inLanguage":"es","potentialAction":[{"@type":"ReadAction","target":["https:\/\/zapateneo.net\/wordpress\/index.php\/producto\/educacion-afectivo-sexual-y-colectivo-lgtbiq\/"]}]},{"@type":"ImageObject","inLanguage":"es","@id":"https:\/\/zapateneo.net\/wordpress\/index.php\/producto\/educacion-afectivo-sexual-y-colectivo-lgtbiq\/#primaryimage","url":"https:\/\/zapateneo.net\/wordpress\/wp-content\/uploads\/2023\/09\/09142-1.jpg","contentUrl":"https:\/\/zapateneo.net\/wordpress\/wp-content\/uploads\/2023\/09\/09142-1.jpg","width":260,"height":400},{"@type":"BreadcrumbList","@id":"https:\/\/zapateneo.net\/wordpress\/index.php\/producto\/educacion-afectivo-sexual-y-colectivo-lgtbiq\/#breadcrumb","itemListElement":[{"@type":"ListItem","position":1,"name":"Portada","item":"https:\/\/zapateneo.net\/wordpress\/"},{"@type":"ListItem","position":2,"name":"Tienda","item":"https:\/\/zapateneo.net\/wordpress\/"},{"@type":"ListItem","position":3,"name":"Educaci\u00f3n afectivo-sexual y colectivo LGTBIQ"}]},{"@type":"WebSite","@id":"https:\/\/zapateneo.net\/wordpress\/#website","url":"https:\/\/zapateneo.net\/wordpress\/","name":"Zapateneo","description":"Zapateneoaren webgunea","publisher":{"@id":"https:\/\/zapateneo.net\/wordpress\/#organization"},"potentialAction":[{"@type":"SearchAction","target":{"@type":"EntryPoint","urlTemplate":"https:\/\/zapateneo.net\/wordpress\/?s={search_term_string}"},"query-input":{"@type":"PropertyValueSpecification","valueRequired":true,"valueName":"search_term_string"}}],"inLanguage":"es"},{"@type":"Organization","@id":"https:\/\/zapateneo.net\/wordpress\/#organization","name":"Zapateneo Kultur Elkartea","url":"https:\/\/zapateneo.net\/wordpress\/","logo":{"@type":"ImageObject","inLanguage":"es","@id":"https:\/\/zapateneo.net\/wordpress\/#\/schema\/logo\/image\/","url":"https:\/\/zapateneo.net\/wordpress\/wp-content\/uploads\/2021\/04\/zap-libu-kolec.jpg","contentUrl":"https:\/\/zapateneo.net\/wordpress\/wp-content\/uploads\/2021\/04\/zap-libu-kolec.jpg","width":2234,"height":398,"caption":"Zapateneo Kultur Elkartea"},"image":{"@id":"https:\/\/zapateneo.net\/wordpress\/#\/schema\/logo\/image\/"},"sameAs":["https:\/\/x.com\/zapateneo"]}]}},"_links":{"self":[{"href":"https:\/\/zapateneo.net\/wordpress\/index.php\/wp-json\/wp\/v2\/product\/14827","targetHints":{"allow":["GET"]}}],"collection":[{"href":"https:\/\/zapateneo.net\/wordpress\/index.php\/wp-json\/wp\/v2\/product"}],"about":[{"href":"https:\/\/zapateneo.net\/wordpress\/index.php\/wp-json\/wp\/v2\/types\/product"}],"wp:featuredmedia":[{"embeddable":true,"href":"https:\/\/zapateneo.net\/wordpress\/index.php\/wp-json\/wp\/v2\/media\/14857"}],"wp:attachment":[{"href":"https:\/\/zapateneo.net\/wordpress\/index.php\/wp-json\/wp\/v2\/media?parent=14827"}],"wp:term":[{"taxonomy":"product_brand","embeddable":true,"href":"https:\/\/zapateneo.net\/wordpress\/index.php\/wp-json\/wp\/v2\/product_brand?post=14827"},{"taxonomy":"product_cat","embeddable":true,"href":"https:\/\/zapateneo.net\/wordpress\/index.php\/wp-json\/wp\/v2\/product_cat?post=14827"},{"taxonomy":"product_tag","embeddable":true,"href":"https:\/\/zapateneo.net\/wordpress\/index.php\/wp-json\/wp\/v2\/product_tag?post=14827"}],"curies":[{"name":"wp","href":"https:\/\/api.w.org\/{rel}","templated":true}]}}