{"id":14826,"date":"2023-09-26T19:04:52","date_gmt":"2023-09-26T18:04:52","guid":{"rendered":"https:\/\/zapateneo.net\/wordpress\/?post_type=product&#038;p=14826"},"modified":"2023-09-26T19:05:06","modified_gmt":"2023-09-26T18:05:06","slug":"lancaster-24-15-historia-de-una-brecha-abierta-en-una-ciudad-de-hormigon","status":"publish","type":"product","link":"https:\/\/zapateneo.net\/wordpress\/index.php\/producto\/lancaster-24-15-historia-de-una-brecha-abierta-en-una-ciudad-de-hormigon\/","title":{"rendered":"LANCASTER 24 &#8211; 15 HISTORIA DE UNA BRECHA ABIERTA EN UNA CIUDAD DE HORMIG\u00d3N"},"content":{"rendered":"<p>Los nuevos okupantes hab\u00edan tratado de alterar lo menos posible ese lugar, que evocaba los a\u00f1os sesenta del siglo anterior. All\u00ed, en lo que hab\u00eda sido el bar americano Para\u00edso, hab\u00edan instalado una biblioteca surtida con novelas y ensayos, y unos sillones despanzurrados. A la barra le hab\u00edan devuelto su antiguo servicio, porque algunas noches abr\u00edan el local para la gente del barrio y despachaban unas cervezas o una infusi\u00f3n. Y le\u00edan poes\u00edas o hac\u00edan m\u00fasica. Pero tambi\u00e9n el espacio serv\u00eda de dispensario, una vez a la semana, con un m\u00e9dico de guardia para visitar a quien lo necesitara, casi siempre inmigrantes sin papeles. Algunos de los pisos de las plantas superiores se hab\u00edan adecentado para servir de vivienda en la que se instalaron unos jovenc\u00edsimos padres de familia, con dos ni\u00f1os preciosos que jugueteaban por all\u00ed, v\u00edctimas de los innumerables desahucios.<\/p>\n<p>Un proyecto ambicioso que requer\u00eda compromiso diario, mucha ilusi\u00f3n, solidaridad y resistencia ante los embates de la ?legalidad? a los que seguramente iban a ser sometidos, sin piedad. Porque las leyes son implacables para las personas sin recursos y tolerantes para con los poderosos. Todo esto y m\u00e1s fue por un tiempo esa ?brecha en la ciudad de hormig\u00f3n? que intentaron abrir un grupo de j\u00f3venes en la calle Lancaster 24, y a la que llamaron: CSO Guernika. De ello y de sus historias de vidas, las de ellos y las que all\u00ed encontraron abandonadas, se habla en este libro.<\/p>\n","protected":false},"excerpt":{"rendered":"<p><strong>COLECTIVO POR EL DERECHO A LA VIVIENDA<\/strong><br \/>\n9788412532036 &#8211; el lokal &#8211; 2023 &#8211; 108 p\u00e1ginas \/orri.<\/p>\n","protected":false},"featured_media":14856,"template":"","meta":[],"product_brand":[],"product_cat":[15],"product_tag":[6769,734],"class_list":{"0":"post-14826","1":"product","2":"type-product","3":"status-publish","4":"has-post-thumbnail","6":"product_cat-otros-bestelakoak","7":"product_tag-colectivo-por-el-derecho-a-la-vivienda","8":"product_tag-el-lokal","10":"first","11":"instock","12":"sold-individually","13":"shipping-taxable","14":"purchasable","15":"product-type-simple"},"yoast_head":"<!-- This site is optimized with the Yoast SEO plugin v27.3 - https:\/\/yoast.com\/product\/yoast-seo-wordpress\/ -->\n<title>LANCASTER 24 - 15 HISTORIA DE UNA BRECHA ABIERTA EN UNA CIUDAD DE HORMIG\u00d3N &#8212; Zapateneo<\/title>\n<meta name=\"robots\" content=\"index, follow, max-snippet:-1, max-image-preview:large, max-video-preview:-1\" \/>\n<link rel=\"canonical\" href=\"https:\/\/zapateneo.net\/wordpress\/index.php\/producto\/lancaster-24-15-historia-de-una-brecha-abierta-en-una-ciudad-de-hormigon\/\" \/>\n<meta property=\"og:locale\" content=\"es_ES\" \/>\n<meta property=\"og:type\" content=\"article\" \/>\n<meta property=\"og:title\" content=\"LANCASTER 24 - 15 HISTORIA DE UNA BRECHA ABIERTA EN UNA CIUDAD DE HORMIG\u00d3N &#8212; Zapateneo\" \/>\n<meta property=\"og:description\" content=\"COLECTIVO POR EL DERECHO A LA VIVIENDA 9788412532036 - el lokal - 2023 - 108 p\u00e1ginas \/orri.\" \/>\n<meta property=\"og:url\" content=\"https:\/\/zapateneo.net\/wordpress\/index.php\/producto\/lancaster-24-15-historia-de-una-brecha-abierta-en-una-ciudad-de-hormigon\/\" \/>\n<meta property=\"og:site_name\" content=\"Zapateneo\" \/>\n<meta property=\"article:modified_time\" content=\"2023-09-26T18:05:06+00:00\" \/>\n<meta name=\"twitter:card\" content=\"summary_large_image\" \/>\n<meta name=\"twitter:site\" content=\"@zapateneo\" \/>\n<meta name=\"twitter:label1\" content=\"Tiempo de lectura\" \/>\n\t<meta name=\"twitter:data1\" content=\"1 minuto\" \/>\n<script type=\"application\/ld+json\" class=\"yoast-schema-graph\">{\"@context\":\"https:\\\/\\\/schema.org\",\"@graph\":[{\"@type\":\"WebPage\",\"@id\":\"https:\\\/\\\/zapateneo.net\\\/wordpress\\\/index.php\\\/producto\\\/lancaster-24-15-historia-de-una-brecha-abierta-en-una-ciudad-de-hormigon\\\/\",\"url\":\"https:\\\/\\\/zapateneo.net\\\/wordpress\\\/index.php\\\/producto\\\/lancaster-24-15-historia-de-una-brecha-abierta-en-una-ciudad-de-hormigon\\\/\",\"name\":\"LANCASTER 24 - 15 HISTORIA DE UNA BRECHA ABIERTA EN UNA CIUDAD DE HORMIG\u00d3N &#8212; Zapateneo\",\"isPartOf\":{\"@id\":\"https:\\\/\\\/zapateneo.net\\\/wordpress\\\/#website\"},\"primaryImageOfPage\":{\"@id\":\"https:\\\/\\\/zapateneo.net\\\/wordpress\\\/index.php\\\/producto\\\/lancaster-24-15-historia-de-una-brecha-abierta-en-una-ciudad-de-hormigon\\\/#primaryimage\"},\"image\":{\"@id\":\"https:\\\/\\\/zapateneo.net\\\/wordpress\\\/index.php\\\/producto\\\/lancaster-24-15-historia-de-una-brecha-abierta-en-una-ciudad-de-hormigon\\\/#primaryimage\"},\"thumbnailUrl\":\"https:\\\/\\\/zapateneo.net\\\/wordpress\\\/wp-content\\\/uploads\\\/2023\\\/09\\\/9788412532036.gif\",\"datePublished\":\"2023-09-26T18:04:52+00:00\",\"dateModified\":\"2023-09-26T18:05:06+00:00\",\"breadcrumb\":{\"@id\":\"https:\\\/\\\/zapateneo.net\\\/wordpress\\\/index.php\\\/producto\\\/lancaster-24-15-historia-de-una-brecha-abierta-en-una-ciudad-de-hormigon\\\/#breadcrumb\"},\"inLanguage\":\"es\",\"potentialAction\":[{\"@type\":\"ReadAction\",\"target\":[\"https:\\\/\\\/zapateneo.net\\\/wordpress\\\/index.php\\\/producto\\\/lancaster-24-15-historia-de-una-brecha-abierta-en-una-ciudad-de-hormigon\\\/\"]}]},{\"@type\":\"ImageObject\",\"inLanguage\":\"es\",\"@id\":\"https:\\\/\\\/zapateneo.net\\\/wordpress\\\/index.php\\\/producto\\\/lancaster-24-15-historia-de-una-brecha-abierta-en-una-ciudad-de-hormigon\\\/#primaryimage\",\"url\":\"https:\\\/\\\/zapateneo.net\\\/wordpress\\\/wp-content\\\/uploads\\\/2023\\\/09\\\/9788412532036.gif\",\"contentUrl\":\"https:\\\/\\\/zapateneo.net\\\/wordpress\\\/wp-content\\\/uploads\\\/2023\\\/09\\\/9788412532036.gif\",\"width\":240,\"height\":346},{\"@type\":\"BreadcrumbList\",\"@id\":\"https:\\\/\\\/zapateneo.net\\\/wordpress\\\/index.php\\\/producto\\\/lancaster-24-15-historia-de-una-brecha-abierta-en-una-ciudad-de-hormigon\\\/#breadcrumb\",\"itemListElement\":[{\"@type\":\"ListItem\",\"position\":1,\"name\":\"Portada\",\"item\":\"https:\\\/\\\/zapateneo.net\\\/wordpress\\\/\"},{\"@type\":\"ListItem\",\"position\":2,\"name\":\"Tienda\",\"item\":\"https:\\\/\\\/zapateneo.net\\\/wordpress\\\/\"},{\"@type\":\"ListItem\",\"position\":3,\"name\":\"LANCASTER 24 &#8211; 15 HISTORIA DE UNA BRECHA ABIERTA EN UNA CIUDAD DE HORMIG\u00d3N\"}]},{\"@type\":\"WebSite\",\"@id\":\"https:\\\/\\\/zapateneo.net\\\/wordpress\\\/#website\",\"url\":\"https:\\\/\\\/zapateneo.net\\\/wordpress\\\/\",\"name\":\"Zapateneo\",\"description\":\"Zapateneoaren webgunea\",\"publisher\":{\"@id\":\"https:\\\/\\\/zapateneo.net\\\/wordpress\\\/#organization\"},\"potentialAction\":[{\"@type\":\"SearchAction\",\"target\":{\"@type\":\"EntryPoint\",\"urlTemplate\":\"https:\\\/\\\/zapateneo.net\\\/wordpress\\\/?s={search_term_string}\"},\"query-input\":{\"@type\":\"PropertyValueSpecification\",\"valueRequired\":true,\"valueName\":\"search_term_string\"}}],\"inLanguage\":\"es\"},{\"@type\":\"Organization\",\"@id\":\"https:\\\/\\\/zapateneo.net\\\/wordpress\\\/#organization\",\"name\":\"Zapateneo Kultur Elkartea\",\"url\":\"https:\\\/\\\/zapateneo.net\\\/wordpress\\\/\",\"logo\":{\"@type\":\"ImageObject\",\"inLanguage\":\"es\",\"@id\":\"https:\\\/\\\/zapateneo.net\\\/wordpress\\\/#\\\/schema\\\/logo\\\/image\\\/\",\"url\":\"https:\\\/\\\/zapateneo.net\\\/wordpress\\\/wp-content\\\/uploads\\\/2021\\\/04\\\/zap-libu-kolec.jpg\",\"contentUrl\":\"https:\\\/\\\/zapateneo.net\\\/wordpress\\\/wp-content\\\/uploads\\\/2021\\\/04\\\/zap-libu-kolec.jpg\",\"width\":2234,\"height\":398,\"caption\":\"Zapateneo Kultur Elkartea\"},\"image\":{\"@id\":\"https:\\\/\\\/zapateneo.net\\\/wordpress\\\/#\\\/schema\\\/logo\\\/image\\\/\"},\"sameAs\":[\"https:\\\/\\\/x.com\\\/zapateneo\"]}]}<\/script>\n<!-- \/ Yoast SEO plugin. -->","yoast_head_json":{"title":"LANCASTER 24 - 15 HISTORIA DE UNA BRECHA ABIERTA EN UNA CIUDAD DE HORMIG\u00d3N &#8212; Zapateneo","robots":{"index":"index","follow":"follow","max-snippet":"max-snippet:-1","max-image-preview":"max-image-preview:large","max-video-preview":"max-video-preview:-1"},"canonical":"https:\/\/zapateneo.net\/wordpress\/index.php\/producto\/lancaster-24-15-historia-de-una-brecha-abierta-en-una-ciudad-de-hormigon\/","og_locale":"es_ES","og_type":"article","og_title":"LANCASTER 24 - 15 HISTORIA DE UNA BRECHA ABIERTA EN UNA CIUDAD DE HORMIG\u00d3N &#8212; Zapateneo","og_description":"COLECTIVO POR EL DERECHO A LA VIVIENDA 9788412532036 - el lokal - 2023 - 108 p\u00e1ginas \/orri.","og_url":"https:\/\/zapateneo.net\/wordpress\/index.php\/producto\/lancaster-24-15-historia-de-una-brecha-abierta-en-una-ciudad-de-hormigon\/","og_site_name":"Zapateneo","article_modified_time":"2023-09-26T18:05:06+00:00","twitter_card":"summary_large_image","twitter_site":"@zapateneo","twitter_misc":{"Tiempo de lectura":"1 minuto"},"schema":{"@context":"https:\/\/schema.org","@graph":[{"@type":"WebPage","@id":"https:\/\/zapateneo.net\/wordpress\/index.php\/producto\/lancaster-24-15-historia-de-una-brecha-abierta-en-una-ciudad-de-hormigon\/","url":"https:\/\/zapateneo.net\/wordpress\/index.php\/producto\/lancaster-24-15-historia-de-una-brecha-abierta-en-una-ciudad-de-hormigon\/","name":"LANCASTER 24 - 15 HISTORIA DE UNA BRECHA ABIERTA EN UNA CIUDAD DE HORMIG\u00d3N &#8212; Zapateneo","isPartOf":{"@id":"https:\/\/zapateneo.net\/wordpress\/#website"},"primaryImageOfPage":{"@id":"https:\/\/zapateneo.net\/wordpress\/index.php\/producto\/lancaster-24-15-historia-de-una-brecha-abierta-en-una-ciudad-de-hormigon\/#primaryimage"},"image":{"@id":"https:\/\/zapateneo.net\/wordpress\/index.php\/producto\/lancaster-24-15-historia-de-una-brecha-abierta-en-una-ciudad-de-hormigon\/#primaryimage"},"thumbnailUrl":"https:\/\/zapateneo.net\/wordpress\/wp-content\/uploads\/2023\/09\/9788412532036.gif","datePublished":"2023-09-26T18:04:52+00:00","dateModified":"2023-09-26T18:05:06+00:00","breadcrumb":{"@id":"https:\/\/zapateneo.net\/wordpress\/index.php\/producto\/lancaster-24-15-historia-de-una-brecha-abierta-en-una-ciudad-de-hormigon\/#breadcrumb"},"inLanguage":"es","potentialAction":[{"@type":"ReadAction","target":["https:\/\/zapateneo.net\/wordpress\/index.php\/producto\/lancaster-24-15-historia-de-una-brecha-abierta-en-una-ciudad-de-hormigon\/"]}]},{"@type":"ImageObject","inLanguage":"es","@id":"https:\/\/zapateneo.net\/wordpress\/index.php\/producto\/lancaster-24-15-historia-de-una-brecha-abierta-en-una-ciudad-de-hormigon\/#primaryimage","url":"https:\/\/zapateneo.net\/wordpress\/wp-content\/uploads\/2023\/09\/9788412532036.gif","contentUrl":"https:\/\/zapateneo.net\/wordpress\/wp-content\/uploads\/2023\/09\/9788412532036.gif","width":240,"height":346},{"@type":"BreadcrumbList","@id":"https:\/\/zapateneo.net\/wordpress\/index.php\/producto\/lancaster-24-15-historia-de-una-brecha-abierta-en-una-ciudad-de-hormigon\/#breadcrumb","itemListElement":[{"@type":"ListItem","position":1,"name":"Portada","item":"https:\/\/zapateneo.net\/wordpress\/"},{"@type":"ListItem","position":2,"name":"Tienda","item":"https:\/\/zapateneo.net\/wordpress\/"},{"@type":"ListItem","position":3,"name":"LANCASTER 24 &#8211; 15 HISTORIA DE UNA BRECHA ABIERTA EN UNA CIUDAD DE HORMIG\u00d3N"}]},{"@type":"WebSite","@id":"https:\/\/zapateneo.net\/wordpress\/#website","url":"https:\/\/zapateneo.net\/wordpress\/","name":"Zapateneo","description":"Zapateneoaren webgunea","publisher":{"@id":"https:\/\/zapateneo.net\/wordpress\/#organization"},"potentialAction":[{"@type":"SearchAction","target":{"@type":"EntryPoint","urlTemplate":"https:\/\/zapateneo.net\/wordpress\/?s={search_term_string}"},"query-input":{"@type":"PropertyValueSpecification","valueRequired":true,"valueName":"search_term_string"}}],"inLanguage":"es"},{"@type":"Organization","@id":"https:\/\/zapateneo.net\/wordpress\/#organization","name":"Zapateneo Kultur Elkartea","url":"https:\/\/zapateneo.net\/wordpress\/","logo":{"@type":"ImageObject","inLanguage":"es","@id":"https:\/\/zapateneo.net\/wordpress\/#\/schema\/logo\/image\/","url":"https:\/\/zapateneo.net\/wordpress\/wp-content\/uploads\/2021\/04\/zap-libu-kolec.jpg","contentUrl":"https:\/\/zapateneo.net\/wordpress\/wp-content\/uploads\/2021\/04\/zap-libu-kolec.jpg","width":2234,"height":398,"caption":"Zapateneo Kultur Elkartea"},"image":{"@id":"https:\/\/zapateneo.net\/wordpress\/#\/schema\/logo\/image\/"},"sameAs":["https:\/\/x.com\/zapateneo"]}]}},"_links":{"self":[{"href":"https:\/\/zapateneo.net\/wordpress\/index.php\/wp-json\/wp\/v2\/product\/14826","targetHints":{"allow":["GET"]}}],"collection":[{"href":"https:\/\/zapateneo.net\/wordpress\/index.php\/wp-json\/wp\/v2\/product"}],"about":[{"href":"https:\/\/zapateneo.net\/wordpress\/index.php\/wp-json\/wp\/v2\/types\/product"}],"wp:featuredmedia":[{"embeddable":true,"href":"https:\/\/zapateneo.net\/wordpress\/index.php\/wp-json\/wp\/v2\/media\/14856"}],"wp:attachment":[{"href":"https:\/\/zapateneo.net\/wordpress\/index.php\/wp-json\/wp\/v2\/media?parent=14826"}],"wp:term":[{"taxonomy":"product_brand","embeddable":true,"href":"https:\/\/zapateneo.net\/wordpress\/index.php\/wp-json\/wp\/v2\/product_brand?post=14826"},{"taxonomy":"product_cat","embeddable":true,"href":"https:\/\/zapateneo.net\/wordpress\/index.php\/wp-json\/wp\/v2\/product_cat?post=14826"},{"taxonomy":"product_tag","embeddable":true,"href":"https:\/\/zapateneo.net\/wordpress\/index.php\/wp-json\/wp\/v2\/product_tag?post=14826"}],"curies":[{"name":"wp","href":"https:\/\/api.w.org\/{rel}","templated":true}]}}