{"id":14819,"date":"2023-09-26T19:04:50","date_gmt":"2023-09-26T18:04:50","guid":{"rendered":"https:\/\/zapateneo.net\/wordpress\/?post_type=product&#038;p=14819"},"modified":"2023-09-26T19:05:02","modified_gmt":"2023-09-26T18:05:02","slug":"imagen-lenguaje-e-ideologia-aproximaciones-desde-la-historia-y-la-teoria-del-arte","status":"publish","type":"product","link":"https:\/\/zapateneo.net\/wordpress\/index.php\/producto\/imagen-lenguaje-e-ideologia-aproximaciones-desde-la-historia-y-la-teoria-del-arte\/","title":{"rendered":"Imagen, lenguaje e ideolog\u00eda Aproximaciones desde la historia y la teor\u00eda del arte"},"content":{"rendered":"<p>Esta obra es una selecci\u00f3n de estudios sobre las complejas relaciones entre la imagen y el lenguaje, y sobre las dependencias ideol\u00f3gicas nacidas de su relaci\u00f3n. El planteamiento de cada uno de los trabajos que se recogen aqu\u00ed aborda transversalmente trasfondos metodol\u00f3gicos de m\u00e1xima actualidad derivados de las crisis de las disciplinas que se ven\u00edan encargando de analizar las pr\u00e1cticas art\u00edsticas, las instituciones culturales, los imaginarios globalizados y las formas de comunicaci\u00f3n masiva inscritas en nuestras narrativas actuales. En todos estos casos, se impone una aproximaci\u00f3n intermedial para analizar con nuevas herramientas y perspectiva suficiente fen\u00f3menos dispares pero unidos por esta dimensi\u00f3n migrante entre diversos soportes, medios y contextos institucionales. En este volumen podr\u00e1 encontrarse una propuesta de an\u00e1lisis liberada de determinismos hist\u00f3ricos, centrada en la capacidad de los casos de estudio, con independencia de su ubicaci\u00f3n o su distancia hist\u00f3rica, para revelar las pervivencias actuales de estos mecanismos de interacci\u00f3n imagoling\u00fc\u00edsticos<\/p>\n","protected":false},"excerpt":{"rendered":"<p><strong>V\u00edctor del R\u00edo<\/strong><br \/>\n9788446053125 &#8211; AKAL &#8211; 2023 &#8211; 272 p\u00e1ginas \/orri.<\/p>\n","protected":false},"featured_media":14849,"template":"","meta":[],"product_brand":[],"product_cat":[15],"product_tag":[437,6763],"class_list":{"0":"post-14819","1":"product","2":"type-product","3":"status-publish","4":"has-post-thumbnail","6":"product_cat-otros-bestelakoak","7":"product_tag-akal","8":"product_tag-victor-del-rio","10":"first","11":"instock","12":"sold-individually","13":"shipping-taxable","14":"purchasable","15":"product-type-simple"},"yoast_head":"<!-- This site is optimized with the Yoast SEO plugin v27.3 - https:\/\/yoast.com\/product\/yoast-seo-wordpress\/ -->\n<title>Imagen, lenguaje e ideolog\u00eda Aproximaciones desde la historia y la teor\u00eda del arte &#8212; Zapateneo<\/title>\n<meta name=\"robots\" content=\"index, follow, max-snippet:-1, max-image-preview:large, max-video-preview:-1\" \/>\n<link rel=\"canonical\" href=\"https:\/\/zapateneo.net\/wordpress\/index.php\/producto\/imagen-lenguaje-e-ideologia-aproximaciones-desde-la-historia-y-la-teoria-del-arte\/\" \/>\n<meta property=\"og:locale\" content=\"es_ES\" \/>\n<meta property=\"og:type\" content=\"article\" \/>\n<meta property=\"og:title\" content=\"Imagen, lenguaje e ideolog\u00eda Aproximaciones desde la historia y la teor\u00eda del arte &#8212; Zapateneo\" \/>\n<meta property=\"og:description\" content=\"V\u00edctor del R\u00edo 9788446053125 - AKAL - 2023 - 272 p\u00e1ginas \/orri.\" \/>\n<meta property=\"og:url\" content=\"https:\/\/zapateneo.net\/wordpress\/index.php\/producto\/imagen-lenguaje-e-ideologia-aproximaciones-desde-la-historia-y-la-teoria-del-arte\/\" \/>\n<meta property=\"og:site_name\" content=\"Zapateneo\" \/>\n<meta property=\"article:modified_time\" content=\"2023-09-26T18:05:02+00:00\" \/>\n<meta name=\"twitter:card\" content=\"summary_large_image\" \/>\n<meta name=\"twitter:site\" content=\"@zapateneo\" \/>\n<meta name=\"twitter:label1\" content=\"Tiempo de lectura\" \/>\n\t<meta name=\"twitter:data1\" content=\"1 minuto\" \/>\n<script type=\"application\/ld+json\" class=\"yoast-schema-graph\">{\"@context\":\"https:\\\/\\\/schema.org\",\"@graph\":[{\"@type\":\"WebPage\",\"@id\":\"https:\\\/\\\/zapateneo.net\\\/wordpress\\\/index.php\\\/producto\\\/imagen-lenguaje-e-ideologia-aproximaciones-desde-la-historia-y-la-teoria-del-arte\\\/\",\"url\":\"https:\\\/\\\/zapateneo.net\\\/wordpress\\\/index.php\\\/producto\\\/imagen-lenguaje-e-ideologia-aproximaciones-desde-la-historia-y-la-teoria-del-arte\\\/\",\"name\":\"Imagen, lenguaje e ideolog\u00eda Aproximaciones desde la historia y la teor\u00eda del arte &#8212; Zapateneo\",\"isPartOf\":{\"@id\":\"https:\\\/\\\/zapateneo.net\\\/wordpress\\\/#website\"},\"primaryImageOfPage\":{\"@id\":\"https:\\\/\\\/zapateneo.net\\\/wordpress\\\/index.php\\\/producto\\\/imagen-lenguaje-e-ideologia-aproximaciones-desde-la-historia-y-la-teoria-del-arte\\\/#primaryimage\"},\"image\":{\"@id\":\"https:\\\/\\\/zapateneo.net\\\/wordpress\\\/index.php\\\/producto\\\/imagen-lenguaje-e-ideologia-aproximaciones-desde-la-historia-y-la-teoria-del-arte\\\/#primaryimage\"},\"thumbnailUrl\":\"https:\\\/\\\/zapateneo.net\\\/wordpress\\\/wp-content\\\/uploads\\\/2023\\\/09\\\/cover-52496-236x367-1.jpg\",\"datePublished\":\"2023-09-26T18:04:50+00:00\",\"dateModified\":\"2023-09-26T18:05:02+00:00\",\"breadcrumb\":{\"@id\":\"https:\\\/\\\/zapateneo.net\\\/wordpress\\\/index.php\\\/producto\\\/imagen-lenguaje-e-ideologia-aproximaciones-desde-la-historia-y-la-teoria-del-arte\\\/#breadcrumb\"},\"inLanguage\":\"es\",\"potentialAction\":[{\"@type\":\"ReadAction\",\"target\":[\"https:\\\/\\\/zapateneo.net\\\/wordpress\\\/index.php\\\/producto\\\/imagen-lenguaje-e-ideologia-aproximaciones-desde-la-historia-y-la-teoria-del-arte\\\/\"]}]},{\"@type\":\"ImageObject\",\"inLanguage\":\"es\",\"@id\":\"https:\\\/\\\/zapateneo.net\\\/wordpress\\\/index.php\\\/producto\\\/imagen-lenguaje-e-ideologia-aproximaciones-desde-la-historia-y-la-teoria-del-arte\\\/#primaryimage\",\"url\":\"https:\\\/\\\/zapateneo.net\\\/wordpress\\\/wp-content\\\/uploads\\\/2023\\\/09\\\/cover-52496-236x367-1.jpg\",\"contentUrl\":\"https:\\\/\\\/zapateneo.net\\\/wordpress\\\/wp-content\\\/uploads\\\/2023\\\/09\\\/cover-52496-236x367-1.jpg\",\"width\":236,\"height\":366},{\"@type\":\"BreadcrumbList\",\"@id\":\"https:\\\/\\\/zapateneo.net\\\/wordpress\\\/index.php\\\/producto\\\/imagen-lenguaje-e-ideologia-aproximaciones-desde-la-historia-y-la-teoria-del-arte\\\/#breadcrumb\",\"itemListElement\":[{\"@type\":\"ListItem\",\"position\":1,\"name\":\"Portada\",\"item\":\"https:\\\/\\\/zapateneo.net\\\/wordpress\\\/\"},{\"@type\":\"ListItem\",\"position\":2,\"name\":\"Tienda\",\"item\":\"https:\\\/\\\/zapateneo.net\\\/wordpress\\\/\"},{\"@type\":\"ListItem\",\"position\":3,\"name\":\"Imagen, lenguaje e ideolog\u00eda Aproximaciones desde la historia y la teor\u00eda del arte\"}]},{\"@type\":\"WebSite\",\"@id\":\"https:\\\/\\\/zapateneo.net\\\/wordpress\\\/#website\",\"url\":\"https:\\\/\\\/zapateneo.net\\\/wordpress\\\/\",\"name\":\"Zapateneo\",\"description\":\"Zapateneoaren webgunea\",\"publisher\":{\"@id\":\"https:\\\/\\\/zapateneo.net\\\/wordpress\\\/#organization\"},\"potentialAction\":[{\"@type\":\"SearchAction\",\"target\":{\"@type\":\"EntryPoint\",\"urlTemplate\":\"https:\\\/\\\/zapateneo.net\\\/wordpress\\\/?s={search_term_string}\"},\"query-input\":{\"@type\":\"PropertyValueSpecification\",\"valueRequired\":true,\"valueName\":\"search_term_string\"}}],\"inLanguage\":\"es\"},{\"@type\":\"Organization\",\"@id\":\"https:\\\/\\\/zapateneo.net\\\/wordpress\\\/#organization\",\"name\":\"Zapateneo Kultur Elkartea\",\"url\":\"https:\\\/\\\/zapateneo.net\\\/wordpress\\\/\",\"logo\":{\"@type\":\"ImageObject\",\"inLanguage\":\"es\",\"@id\":\"https:\\\/\\\/zapateneo.net\\\/wordpress\\\/#\\\/schema\\\/logo\\\/image\\\/\",\"url\":\"https:\\\/\\\/zapateneo.net\\\/wordpress\\\/wp-content\\\/uploads\\\/2021\\\/04\\\/zap-libu-kolec.jpg\",\"contentUrl\":\"https:\\\/\\\/zapateneo.net\\\/wordpress\\\/wp-content\\\/uploads\\\/2021\\\/04\\\/zap-libu-kolec.jpg\",\"width\":2234,\"height\":398,\"caption\":\"Zapateneo Kultur Elkartea\"},\"image\":{\"@id\":\"https:\\\/\\\/zapateneo.net\\\/wordpress\\\/#\\\/schema\\\/logo\\\/image\\\/\"},\"sameAs\":[\"https:\\\/\\\/x.com\\\/zapateneo\"]}]}<\/script>\n<!-- \/ Yoast SEO plugin. -->","yoast_head_json":{"title":"Imagen, lenguaje e ideolog\u00eda Aproximaciones desde la historia y la teor\u00eda del arte &#8212; Zapateneo","robots":{"index":"index","follow":"follow","max-snippet":"max-snippet:-1","max-image-preview":"max-image-preview:large","max-video-preview":"max-video-preview:-1"},"canonical":"https:\/\/zapateneo.net\/wordpress\/index.php\/producto\/imagen-lenguaje-e-ideologia-aproximaciones-desde-la-historia-y-la-teoria-del-arte\/","og_locale":"es_ES","og_type":"article","og_title":"Imagen, lenguaje e ideolog\u00eda Aproximaciones desde la historia y la teor\u00eda del arte &#8212; Zapateneo","og_description":"V\u00edctor del R\u00edo 9788446053125 - AKAL - 2023 - 272 p\u00e1ginas \/orri.","og_url":"https:\/\/zapateneo.net\/wordpress\/index.php\/producto\/imagen-lenguaje-e-ideologia-aproximaciones-desde-la-historia-y-la-teoria-del-arte\/","og_site_name":"Zapateneo","article_modified_time":"2023-09-26T18:05:02+00:00","twitter_card":"summary_large_image","twitter_site":"@zapateneo","twitter_misc":{"Tiempo de lectura":"1 minuto"},"schema":{"@context":"https:\/\/schema.org","@graph":[{"@type":"WebPage","@id":"https:\/\/zapateneo.net\/wordpress\/index.php\/producto\/imagen-lenguaje-e-ideologia-aproximaciones-desde-la-historia-y-la-teoria-del-arte\/","url":"https:\/\/zapateneo.net\/wordpress\/index.php\/producto\/imagen-lenguaje-e-ideologia-aproximaciones-desde-la-historia-y-la-teoria-del-arte\/","name":"Imagen, lenguaje e ideolog\u00eda Aproximaciones desde la historia y la teor\u00eda del arte &#8212; Zapateneo","isPartOf":{"@id":"https:\/\/zapateneo.net\/wordpress\/#website"},"primaryImageOfPage":{"@id":"https:\/\/zapateneo.net\/wordpress\/index.php\/producto\/imagen-lenguaje-e-ideologia-aproximaciones-desde-la-historia-y-la-teoria-del-arte\/#primaryimage"},"image":{"@id":"https:\/\/zapateneo.net\/wordpress\/index.php\/producto\/imagen-lenguaje-e-ideologia-aproximaciones-desde-la-historia-y-la-teoria-del-arte\/#primaryimage"},"thumbnailUrl":"https:\/\/zapateneo.net\/wordpress\/wp-content\/uploads\/2023\/09\/cover-52496-236x367-1.jpg","datePublished":"2023-09-26T18:04:50+00:00","dateModified":"2023-09-26T18:05:02+00:00","breadcrumb":{"@id":"https:\/\/zapateneo.net\/wordpress\/index.php\/producto\/imagen-lenguaje-e-ideologia-aproximaciones-desde-la-historia-y-la-teoria-del-arte\/#breadcrumb"},"inLanguage":"es","potentialAction":[{"@type":"ReadAction","target":["https:\/\/zapateneo.net\/wordpress\/index.php\/producto\/imagen-lenguaje-e-ideologia-aproximaciones-desde-la-historia-y-la-teoria-del-arte\/"]}]},{"@type":"ImageObject","inLanguage":"es","@id":"https:\/\/zapateneo.net\/wordpress\/index.php\/producto\/imagen-lenguaje-e-ideologia-aproximaciones-desde-la-historia-y-la-teoria-del-arte\/#primaryimage","url":"https:\/\/zapateneo.net\/wordpress\/wp-content\/uploads\/2023\/09\/cover-52496-236x367-1.jpg","contentUrl":"https:\/\/zapateneo.net\/wordpress\/wp-content\/uploads\/2023\/09\/cover-52496-236x367-1.jpg","width":236,"height":366},{"@type":"BreadcrumbList","@id":"https:\/\/zapateneo.net\/wordpress\/index.php\/producto\/imagen-lenguaje-e-ideologia-aproximaciones-desde-la-historia-y-la-teoria-del-arte\/#breadcrumb","itemListElement":[{"@type":"ListItem","position":1,"name":"Portada","item":"https:\/\/zapateneo.net\/wordpress\/"},{"@type":"ListItem","position":2,"name":"Tienda","item":"https:\/\/zapateneo.net\/wordpress\/"},{"@type":"ListItem","position":3,"name":"Imagen, lenguaje e ideolog\u00eda Aproximaciones desde la historia y la teor\u00eda del arte"}]},{"@type":"WebSite","@id":"https:\/\/zapateneo.net\/wordpress\/#website","url":"https:\/\/zapateneo.net\/wordpress\/","name":"Zapateneo","description":"Zapateneoaren webgunea","publisher":{"@id":"https:\/\/zapateneo.net\/wordpress\/#organization"},"potentialAction":[{"@type":"SearchAction","target":{"@type":"EntryPoint","urlTemplate":"https:\/\/zapateneo.net\/wordpress\/?s={search_term_string}"},"query-input":{"@type":"PropertyValueSpecification","valueRequired":true,"valueName":"search_term_string"}}],"inLanguage":"es"},{"@type":"Organization","@id":"https:\/\/zapateneo.net\/wordpress\/#organization","name":"Zapateneo Kultur Elkartea","url":"https:\/\/zapateneo.net\/wordpress\/","logo":{"@type":"ImageObject","inLanguage":"es","@id":"https:\/\/zapateneo.net\/wordpress\/#\/schema\/logo\/image\/","url":"https:\/\/zapateneo.net\/wordpress\/wp-content\/uploads\/2021\/04\/zap-libu-kolec.jpg","contentUrl":"https:\/\/zapateneo.net\/wordpress\/wp-content\/uploads\/2021\/04\/zap-libu-kolec.jpg","width":2234,"height":398,"caption":"Zapateneo Kultur Elkartea"},"image":{"@id":"https:\/\/zapateneo.net\/wordpress\/#\/schema\/logo\/image\/"},"sameAs":["https:\/\/x.com\/zapateneo"]}]}},"_links":{"self":[{"href":"https:\/\/zapateneo.net\/wordpress\/index.php\/wp-json\/wp\/v2\/product\/14819","targetHints":{"allow":["GET"]}}],"collection":[{"href":"https:\/\/zapateneo.net\/wordpress\/index.php\/wp-json\/wp\/v2\/product"}],"about":[{"href":"https:\/\/zapateneo.net\/wordpress\/index.php\/wp-json\/wp\/v2\/types\/product"}],"wp:featuredmedia":[{"embeddable":true,"href":"https:\/\/zapateneo.net\/wordpress\/index.php\/wp-json\/wp\/v2\/media\/14849"}],"wp:attachment":[{"href":"https:\/\/zapateneo.net\/wordpress\/index.php\/wp-json\/wp\/v2\/media?parent=14819"}],"wp:term":[{"taxonomy":"product_brand","embeddable":true,"href":"https:\/\/zapateneo.net\/wordpress\/index.php\/wp-json\/wp\/v2\/product_brand?post=14819"},{"taxonomy":"product_cat","embeddable":true,"href":"https:\/\/zapateneo.net\/wordpress\/index.php\/wp-json\/wp\/v2\/product_cat?post=14819"},{"taxonomy":"product_tag","embeddable":true,"href":"https:\/\/zapateneo.net\/wordpress\/index.php\/wp-json\/wp\/v2\/product_tag?post=14819"}],"curies":[{"name":"wp","href":"https:\/\/api.w.org\/{rel}","templated":true}]}}