{"id":14815,"date":"2023-09-26T19:04:49","date_gmt":"2023-09-26T18:04:49","guid":{"rendered":"https:\/\/zapateneo.net\/wordpress\/?post_type=product&#038;p=14815"},"modified":"2023-09-26T19:04:59","modified_gmt":"2023-09-26T18:04:59","slug":"manifiesto-ecologico-politico-como-construir-una-clase-ecologica-consciente-y-orgullosa-de-si-misma","status":"publish","type":"product","link":"https:\/\/zapateneo.net\/wordpress\/index.php\/producto\/manifiesto-ecologico-politico-como-construir-una-clase-ecologica-consciente-y-orgullosa-de-si-misma\/","title":{"rendered":"Manifiesto ecol\u00f3gico pol\u00edtico C\u00f3mo construir una clase ecol\u00f3gica consciente y orgullosa de s\u00ed misma"},"content":{"rendered":"<p>En la tradici\u00f3n del fulgurante Manifiesto Comunista, los autores de este libro afirman que un espectro acecha al mundo: el ecologismo. Sin embargo, a diferencia de lo que suced\u00eda hace m\u00e1s de un siglo, ese fantasma no convoca multitudes orgullosas detr\u00e1s de esl\u00f3ganes inspiradores. Las preocupaciones ecol\u00f3gicas el clima, la energ\u00eda, el acceso al agua, la biodiversidad est\u00e1n en todas partes y voces de alarma nos taladran la cabeza desde hace d\u00e9cadas anunciando la cat\u00e1strofe inminente. Pero en vez de traducirse en entusiasmo y movilizaci\u00f3n, generan angustia, verg\u00fcenza, culpabilidad, o incluso irritaci\u00f3n frente a lo que se percibe como una ecolog\u00eda punitiva que objeta el crecimiento y, por eso, parece pura limitaci\u00f3n o retroceso. Ser\u00eda f\u00e1cil explicar esta par\u00e1lisis invocando las campa\u00f1as de desinformaci\u00f3n, el poder de los lobbies, la inercia de las mentalidades, aunque nada de eso impidi\u00f3 nunca que millones de activistas se lanzaran con energ\u00eda a sus causas. Con gran potencia conceptual, program\u00e1tica y literaria, Bruno Latour y Nikolaj Schultz sostienen que la falta de reacci\u00f3n obedece a razones m\u00e1s profundas. \u00bfC\u00f3mo podr\u00eda la ecolog\u00eda pol\u00edtica pretender movilizar a las multitudes hacia adelante, fiel a las tradiciones progresistas, cuando lo que cuestiona es justamente el progreso y el imaginario de la producci\u00f3n a cualquier costo? \u00bfC\u00f3mo persuadir de un proyecto que tiene en su centro las condiciones de habitabilidad del planeta si nuestro aparato mental, moral, organizacional, jur\u00eddico, est\u00e1 asociado al desarrollo? Para esa tarea, llaman a constituir una nueva clase ecol\u00f3gica, un sujeto colectivo capaz de articular luchas hoy dispersas y dar, desde cero, la batalla cultural por la hegemon\u00eda. El enorme desaf\u00edo es buscar e instalar una narrativa que, en vez de sembrar p\u00e1nico y hacer bostezar de aburrimiento, configure a un horizonte com\u00fan y a un futuro posible.<\/p>\n","protected":false},"excerpt":{"rendered":"<p><strong>Bruno Latour<\/strong><br \/>\n9788432320620 &#8211; SIGLO XXI &#8211; 2023 &#8211; 112 p\u00e1ginas \/orri.<\/p>\n","protected":false},"featured_media":14845,"template":"","meta":[],"product_brand":[],"product_cat":[15],"product_tag":[6760,423],"class_list":{"0":"post-14815","1":"product","2":"type-product","3":"status-publish","4":"has-post-thumbnail","6":"product_cat-otros-bestelakoak","7":"product_tag-bruno-latour","8":"product_tag-siglo-xxi","10":"first","11":"instock","12":"sold-individually","13":"shipping-taxable","14":"purchasable","15":"product-type-simple"},"yoast_head":"<!-- This site is optimized with the Yoast SEO plugin v27.3 - https:\/\/yoast.com\/product\/yoast-seo-wordpress\/ -->\n<title>Manifiesto ecol\u00f3gico pol\u00edtico C\u00f3mo construir una clase ecol\u00f3gica consciente y orgullosa de s\u00ed misma &#8212; Zapateneo<\/title>\n<meta name=\"robots\" content=\"index, follow, max-snippet:-1, max-image-preview:large, max-video-preview:-1\" \/>\n<link rel=\"canonical\" href=\"https:\/\/zapateneo.net\/wordpress\/index.php\/producto\/manifiesto-ecologico-politico-como-construir-una-clase-ecologica-consciente-y-orgullosa-de-si-misma\/\" \/>\n<meta property=\"og:locale\" content=\"es_ES\" \/>\n<meta property=\"og:type\" content=\"article\" \/>\n<meta property=\"og:title\" content=\"Manifiesto ecol\u00f3gico pol\u00edtico C\u00f3mo construir una clase ecol\u00f3gica consciente y orgullosa de s\u00ed misma &#8212; Zapateneo\" \/>\n<meta property=\"og:description\" content=\"Bruno Latour 9788432320620 - SIGLO XXI - 2023 - 112 p\u00e1ginas \/orri.\" \/>\n<meta property=\"og:url\" content=\"https:\/\/zapateneo.net\/wordpress\/index.php\/producto\/manifiesto-ecologico-politico-como-construir-una-clase-ecologica-consciente-y-orgullosa-de-si-misma\/\" \/>\n<meta property=\"og:site_name\" content=\"Zapateneo\" \/>\n<meta property=\"article:modified_time\" content=\"2023-09-26T18:04:59+00:00\" \/>\n<meta name=\"twitter:card\" content=\"summary_large_image\" \/>\n<meta name=\"twitter:site\" content=\"@zapateneo\" \/>\n<meta name=\"twitter:label1\" content=\"Tiempo de lectura\" \/>\n\t<meta name=\"twitter:data1\" content=\"2 minutos\" \/>\n<script type=\"application\/ld+json\" class=\"yoast-schema-graph\">{\"@context\":\"https:\\\/\\\/schema.org\",\"@graph\":[{\"@type\":\"WebPage\",\"@id\":\"https:\\\/\\\/zapateneo.net\\\/wordpress\\\/index.php\\\/producto\\\/manifiesto-ecologico-politico-como-construir-una-clase-ecologica-consciente-y-orgullosa-de-si-misma\\\/\",\"url\":\"https:\\\/\\\/zapateneo.net\\\/wordpress\\\/index.php\\\/producto\\\/manifiesto-ecologico-politico-como-construir-una-clase-ecologica-consciente-y-orgullosa-de-si-misma\\\/\",\"name\":\"Manifiesto ecol\u00f3gico pol\u00edtico C\u00f3mo construir una clase ecol\u00f3gica consciente y orgullosa de s\u00ed misma &#8212; Zapateneo\",\"isPartOf\":{\"@id\":\"https:\\\/\\\/zapateneo.net\\\/wordpress\\\/#website\"},\"primaryImageOfPage\":{\"@id\":\"https:\\\/\\\/zapateneo.net\\\/wordpress\\\/index.php\\\/producto\\\/manifiesto-ecologico-politico-como-construir-una-clase-ecologica-consciente-y-orgullosa-de-si-misma\\\/#primaryimage\"},\"image\":{\"@id\":\"https:\\\/\\\/zapateneo.net\\\/wordpress\\\/index.php\\\/producto\\\/manifiesto-ecologico-politico-como-construir-una-clase-ecologica-consciente-y-orgullosa-de-si-misma\\\/#primaryimage\"},\"thumbnailUrl\":\"https:\\\/\\\/zapateneo.net\\\/wordpress\\\/wp-content\\\/uploads\\\/2023\\\/09\\\/cover-52732-236x352-1.jpg\",\"datePublished\":\"2023-09-26T18:04:49+00:00\",\"dateModified\":\"2023-09-26T18:04:59+00:00\",\"breadcrumb\":{\"@id\":\"https:\\\/\\\/zapateneo.net\\\/wordpress\\\/index.php\\\/producto\\\/manifiesto-ecologico-politico-como-construir-una-clase-ecologica-consciente-y-orgullosa-de-si-misma\\\/#breadcrumb\"},\"inLanguage\":\"es\",\"potentialAction\":[{\"@type\":\"ReadAction\",\"target\":[\"https:\\\/\\\/zapateneo.net\\\/wordpress\\\/index.php\\\/producto\\\/manifiesto-ecologico-politico-como-construir-una-clase-ecologica-consciente-y-orgullosa-de-si-misma\\\/\"]}]},{\"@type\":\"ImageObject\",\"inLanguage\":\"es\",\"@id\":\"https:\\\/\\\/zapateneo.net\\\/wordpress\\\/index.php\\\/producto\\\/manifiesto-ecologico-politico-como-construir-una-clase-ecologica-consciente-y-orgullosa-de-si-misma\\\/#primaryimage\",\"url\":\"https:\\\/\\\/zapateneo.net\\\/wordpress\\\/wp-content\\\/uploads\\\/2023\\\/09\\\/cover-52732-236x352-1.jpg\",\"contentUrl\":\"https:\\\/\\\/zapateneo.net\\\/wordpress\\\/wp-content\\\/uploads\\\/2023\\\/09\\\/cover-52732-236x352-1.jpg\",\"width\":236,\"height\":351},{\"@type\":\"BreadcrumbList\",\"@id\":\"https:\\\/\\\/zapateneo.net\\\/wordpress\\\/index.php\\\/producto\\\/manifiesto-ecologico-politico-como-construir-una-clase-ecologica-consciente-y-orgullosa-de-si-misma\\\/#breadcrumb\",\"itemListElement\":[{\"@type\":\"ListItem\",\"position\":1,\"name\":\"Portada\",\"item\":\"https:\\\/\\\/zapateneo.net\\\/wordpress\\\/\"},{\"@type\":\"ListItem\",\"position\":2,\"name\":\"Tienda\",\"item\":\"https:\\\/\\\/zapateneo.net\\\/wordpress\\\/\"},{\"@type\":\"ListItem\",\"position\":3,\"name\":\"Manifiesto ecol\u00f3gico pol\u00edtico C\u00f3mo construir una clase ecol\u00f3gica consciente y orgullosa de s\u00ed misma\"}]},{\"@type\":\"WebSite\",\"@id\":\"https:\\\/\\\/zapateneo.net\\\/wordpress\\\/#website\",\"url\":\"https:\\\/\\\/zapateneo.net\\\/wordpress\\\/\",\"name\":\"Zapateneo\",\"description\":\"Zapateneoaren webgunea\",\"publisher\":{\"@id\":\"https:\\\/\\\/zapateneo.net\\\/wordpress\\\/#organization\"},\"potentialAction\":[{\"@type\":\"SearchAction\",\"target\":{\"@type\":\"EntryPoint\",\"urlTemplate\":\"https:\\\/\\\/zapateneo.net\\\/wordpress\\\/?s={search_term_string}\"},\"query-input\":{\"@type\":\"PropertyValueSpecification\",\"valueRequired\":true,\"valueName\":\"search_term_string\"}}],\"inLanguage\":\"es\"},{\"@type\":\"Organization\",\"@id\":\"https:\\\/\\\/zapateneo.net\\\/wordpress\\\/#organization\",\"name\":\"Zapateneo Kultur Elkartea\",\"url\":\"https:\\\/\\\/zapateneo.net\\\/wordpress\\\/\",\"logo\":{\"@type\":\"ImageObject\",\"inLanguage\":\"es\",\"@id\":\"https:\\\/\\\/zapateneo.net\\\/wordpress\\\/#\\\/schema\\\/logo\\\/image\\\/\",\"url\":\"https:\\\/\\\/zapateneo.net\\\/wordpress\\\/wp-content\\\/uploads\\\/2021\\\/04\\\/zap-libu-kolec.jpg\",\"contentUrl\":\"https:\\\/\\\/zapateneo.net\\\/wordpress\\\/wp-content\\\/uploads\\\/2021\\\/04\\\/zap-libu-kolec.jpg\",\"width\":2234,\"height\":398,\"caption\":\"Zapateneo Kultur Elkartea\"},\"image\":{\"@id\":\"https:\\\/\\\/zapateneo.net\\\/wordpress\\\/#\\\/schema\\\/logo\\\/image\\\/\"},\"sameAs\":[\"https:\\\/\\\/x.com\\\/zapateneo\"]}]}<\/script>\n<!-- \/ Yoast SEO plugin. -->","yoast_head_json":{"title":"Manifiesto ecol\u00f3gico pol\u00edtico C\u00f3mo construir una clase ecol\u00f3gica consciente y orgullosa de s\u00ed misma &#8212; Zapateneo","robots":{"index":"index","follow":"follow","max-snippet":"max-snippet:-1","max-image-preview":"max-image-preview:large","max-video-preview":"max-video-preview:-1"},"canonical":"https:\/\/zapateneo.net\/wordpress\/index.php\/producto\/manifiesto-ecologico-politico-como-construir-una-clase-ecologica-consciente-y-orgullosa-de-si-misma\/","og_locale":"es_ES","og_type":"article","og_title":"Manifiesto ecol\u00f3gico pol\u00edtico C\u00f3mo construir una clase ecol\u00f3gica consciente y orgullosa de s\u00ed misma &#8212; Zapateneo","og_description":"Bruno Latour 9788432320620 - SIGLO XXI - 2023 - 112 p\u00e1ginas \/orri.","og_url":"https:\/\/zapateneo.net\/wordpress\/index.php\/producto\/manifiesto-ecologico-politico-como-construir-una-clase-ecologica-consciente-y-orgullosa-de-si-misma\/","og_site_name":"Zapateneo","article_modified_time":"2023-09-26T18:04:59+00:00","twitter_card":"summary_large_image","twitter_site":"@zapateneo","twitter_misc":{"Tiempo de lectura":"2 minutos"},"schema":{"@context":"https:\/\/schema.org","@graph":[{"@type":"WebPage","@id":"https:\/\/zapateneo.net\/wordpress\/index.php\/producto\/manifiesto-ecologico-politico-como-construir-una-clase-ecologica-consciente-y-orgullosa-de-si-misma\/","url":"https:\/\/zapateneo.net\/wordpress\/index.php\/producto\/manifiesto-ecologico-politico-como-construir-una-clase-ecologica-consciente-y-orgullosa-de-si-misma\/","name":"Manifiesto ecol\u00f3gico pol\u00edtico C\u00f3mo construir una clase ecol\u00f3gica consciente y orgullosa de s\u00ed misma &#8212; Zapateneo","isPartOf":{"@id":"https:\/\/zapateneo.net\/wordpress\/#website"},"primaryImageOfPage":{"@id":"https:\/\/zapateneo.net\/wordpress\/index.php\/producto\/manifiesto-ecologico-politico-como-construir-una-clase-ecologica-consciente-y-orgullosa-de-si-misma\/#primaryimage"},"image":{"@id":"https:\/\/zapateneo.net\/wordpress\/index.php\/producto\/manifiesto-ecologico-politico-como-construir-una-clase-ecologica-consciente-y-orgullosa-de-si-misma\/#primaryimage"},"thumbnailUrl":"https:\/\/zapateneo.net\/wordpress\/wp-content\/uploads\/2023\/09\/cover-52732-236x352-1.jpg","datePublished":"2023-09-26T18:04:49+00:00","dateModified":"2023-09-26T18:04:59+00:00","breadcrumb":{"@id":"https:\/\/zapateneo.net\/wordpress\/index.php\/producto\/manifiesto-ecologico-politico-como-construir-una-clase-ecologica-consciente-y-orgullosa-de-si-misma\/#breadcrumb"},"inLanguage":"es","potentialAction":[{"@type":"ReadAction","target":["https:\/\/zapateneo.net\/wordpress\/index.php\/producto\/manifiesto-ecologico-politico-como-construir-una-clase-ecologica-consciente-y-orgullosa-de-si-misma\/"]}]},{"@type":"ImageObject","inLanguage":"es","@id":"https:\/\/zapateneo.net\/wordpress\/index.php\/producto\/manifiesto-ecologico-politico-como-construir-una-clase-ecologica-consciente-y-orgullosa-de-si-misma\/#primaryimage","url":"https:\/\/zapateneo.net\/wordpress\/wp-content\/uploads\/2023\/09\/cover-52732-236x352-1.jpg","contentUrl":"https:\/\/zapateneo.net\/wordpress\/wp-content\/uploads\/2023\/09\/cover-52732-236x352-1.jpg","width":236,"height":351},{"@type":"BreadcrumbList","@id":"https:\/\/zapateneo.net\/wordpress\/index.php\/producto\/manifiesto-ecologico-politico-como-construir-una-clase-ecologica-consciente-y-orgullosa-de-si-misma\/#breadcrumb","itemListElement":[{"@type":"ListItem","position":1,"name":"Portada","item":"https:\/\/zapateneo.net\/wordpress\/"},{"@type":"ListItem","position":2,"name":"Tienda","item":"https:\/\/zapateneo.net\/wordpress\/"},{"@type":"ListItem","position":3,"name":"Manifiesto ecol\u00f3gico pol\u00edtico C\u00f3mo construir una clase ecol\u00f3gica consciente y orgullosa de s\u00ed misma"}]},{"@type":"WebSite","@id":"https:\/\/zapateneo.net\/wordpress\/#website","url":"https:\/\/zapateneo.net\/wordpress\/","name":"Zapateneo","description":"Zapateneoaren webgunea","publisher":{"@id":"https:\/\/zapateneo.net\/wordpress\/#organization"},"potentialAction":[{"@type":"SearchAction","target":{"@type":"EntryPoint","urlTemplate":"https:\/\/zapateneo.net\/wordpress\/?s={search_term_string}"},"query-input":{"@type":"PropertyValueSpecification","valueRequired":true,"valueName":"search_term_string"}}],"inLanguage":"es"},{"@type":"Organization","@id":"https:\/\/zapateneo.net\/wordpress\/#organization","name":"Zapateneo Kultur Elkartea","url":"https:\/\/zapateneo.net\/wordpress\/","logo":{"@type":"ImageObject","inLanguage":"es","@id":"https:\/\/zapateneo.net\/wordpress\/#\/schema\/logo\/image\/","url":"https:\/\/zapateneo.net\/wordpress\/wp-content\/uploads\/2021\/04\/zap-libu-kolec.jpg","contentUrl":"https:\/\/zapateneo.net\/wordpress\/wp-content\/uploads\/2021\/04\/zap-libu-kolec.jpg","width":2234,"height":398,"caption":"Zapateneo Kultur Elkartea"},"image":{"@id":"https:\/\/zapateneo.net\/wordpress\/#\/schema\/logo\/image\/"},"sameAs":["https:\/\/x.com\/zapateneo"]}]}},"_links":{"self":[{"href":"https:\/\/zapateneo.net\/wordpress\/index.php\/wp-json\/wp\/v2\/product\/14815","targetHints":{"allow":["GET"]}}],"collection":[{"href":"https:\/\/zapateneo.net\/wordpress\/index.php\/wp-json\/wp\/v2\/product"}],"about":[{"href":"https:\/\/zapateneo.net\/wordpress\/index.php\/wp-json\/wp\/v2\/types\/product"}],"wp:featuredmedia":[{"embeddable":true,"href":"https:\/\/zapateneo.net\/wordpress\/index.php\/wp-json\/wp\/v2\/media\/14845"}],"wp:attachment":[{"href":"https:\/\/zapateneo.net\/wordpress\/index.php\/wp-json\/wp\/v2\/media?parent=14815"}],"wp:term":[{"taxonomy":"product_brand","embeddable":true,"href":"https:\/\/zapateneo.net\/wordpress\/index.php\/wp-json\/wp\/v2\/product_brand?post=14815"},{"taxonomy":"product_cat","embeddable":true,"href":"https:\/\/zapateneo.net\/wordpress\/index.php\/wp-json\/wp\/v2\/product_cat?post=14815"},{"taxonomy":"product_tag","embeddable":true,"href":"https:\/\/zapateneo.net\/wordpress\/index.php\/wp-json\/wp\/v2\/product_tag?post=14815"}],"curies":[{"name":"wp","href":"https:\/\/api.w.org\/{rel}","templated":true}]}}