{"id":14814,"date":"2023-09-26T19:04:49","date_gmt":"2023-09-26T18:04:49","guid":{"rendered":"https:\/\/zapateneo.net\/wordpress\/?post_type=product&#038;p=14814"},"modified":"2023-09-26T19:04:59","modified_gmt":"2023-09-26T18:04:59","slug":"el-poder-de-los-afectos-en-la-politica-hacia-una-revolucion-democratica-y-verde","status":"publish","type":"product","link":"https:\/\/zapateneo.net\/wordpress\/index.php\/producto\/el-poder-de-los-afectos-en-la-politica-hacia-una-revolucion-democratica-y-verde\/","title":{"rendered":"EL PODER DE LOS AFECTOS EN LA POLITICA HACIA UNA REVOLUCION DEMOCRATICA Y VERDE"},"content":{"rendered":"<p>Sinopsis de EL PODER DE LOS AFECTOS EN LA POLITICA<br \/>\nAnte la acumulaci\u00f3n de crisis de los \u00faltimos a\u00f1os (crash del 2008, pandemia, guerra, precariedad, cambio clim\u00e1tico), parecen ser m\u00e1s las derechas que las izquierdas las que han sabido captar las angustias de la gente y convertirlas en un escalofriante ascenso electoral y cultural. Frente a esta situaci\u00f3n Mouffe llama en este libro a la izquierda a dar un giro en su forma de interpelar al pueblo. Convoca a las izquierdas a dejar de centrarse en puras consignas racionales y normativas, con un trasfondo judicativo, y no pocas veces censurador desde la fr\u00eda argumentaci\u00f3n cr\u00edtica, y encontrar un discurso que apele tambi\u00e9n a las pasiones y a los afectos para ponerse en pie otra vez y cambiar el mundo.<\/p>\n","protected":false},"excerpt":{"rendered":"<p><strong>chantal mouffe<\/strong><br \/>\n9788432320637 &#8211; SIGLO XXI &#8211; 2023 &#8211; 96 p\u00e1ginas \/orri.<\/p>\n","protected":false},"featured_media":14844,"template":"","meta":[],"product_brand":[],"product_cat":[15],"product_tag":[6759,423],"class_list":{"0":"post-14814","1":"product","2":"type-product","3":"status-publish","4":"has-post-thumbnail","6":"product_cat-otros-bestelakoak","7":"product_tag-chantal-mouffe","8":"product_tag-siglo-xxi","10":"first","11":"instock","12":"sold-individually","13":"shipping-taxable","14":"purchasable","15":"product-type-simple"},"yoast_head":"<!-- This site is optimized with the Yoast SEO plugin v27.3 - https:\/\/yoast.com\/product\/yoast-seo-wordpress\/ -->\n<title>EL PODER DE LOS AFECTOS EN LA POLITICA HACIA UNA REVOLUCION DEMOCRATICA Y VERDE &#8212; Zapateneo<\/title>\n<meta name=\"robots\" content=\"index, follow, max-snippet:-1, max-image-preview:large, max-video-preview:-1\" \/>\n<link rel=\"canonical\" href=\"https:\/\/zapateneo.net\/wordpress\/index.php\/producto\/el-poder-de-los-afectos-en-la-politica-hacia-una-revolucion-democratica-y-verde\/\" \/>\n<meta property=\"og:locale\" content=\"es_ES\" \/>\n<meta property=\"og:type\" content=\"article\" \/>\n<meta property=\"og:title\" content=\"EL PODER DE LOS AFECTOS EN LA POLITICA HACIA UNA REVOLUCION DEMOCRATICA Y VERDE &#8212; Zapateneo\" \/>\n<meta property=\"og:description\" content=\"chantal mouffe 9788432320637 - SIGLO XXI - 2023 - 96 p\u00e1ginas \/orri.\" \/>\n<meta property=\"og:url\" content=\"https:\/\/zapateneo.net\/wordpress\/index.php\/producto\/el-poder-de-los-afectos-en-la-politica-hacia-una-revolucion-democratica-y-verde\/\" \/>\n<meta property=\"og:site_name\" content=\"Zapateneo\" \/>\n<meta property=\"article:modified_time\" content=\"2023-09-26T18:04:59+00:00\" \/>\n<meta name=\"twitter:card\" content=\"summary_large_image\" \/>\n<meta name=\"twitter:site\" content=\"@zapateneo\" \/>\n<meta name=\"twitter:label1\" content=\"Tiempo de lectura\" \/>\n\t<meta name=\"twitter:data1\" content=\"1 minuto\" \/>\n<script type=\"application\/ld+json\" class=\"yoast-schema-graph\">{\"@context\":\"https:\\\/\\\/schema.org\",\"@graph\":[{\"@type\":\"WebPage\",\"@id\":\"https:\\\/\\\/zapateneo.net\\\/wordpress\\\/index.php\\\/producto\\\/el-poder-de-los-afectos-en-la-politica-hacia-una-revolucion-democratica-y-verde\\\/\",\"url\":\"https:\\\/\\\/zapateneo.net\\\/wordpress\\\/index.php\\\/producto\\\/el-poder-de-los-afectos-en-la-politica-hacia-una-revolucion-democratica-y-verde\\\/\",\"name\":\"EL PODER DE LOS AFECTOS EN LA POLITICA HACIA UNA REVOLUCION DEMOCRATICA Y VERDE &#8212; Zapateneo\",\"isPartOf\":{\"@id\":\"https:\\\/\\\/zapateneo.net\\\/wordpress\\\/#website\"},\"primaryImageOfPage\":{\"@id\":\"https:\\\/\\\/zapateneo.net\\\/wordpress\\\/index.php\\\/producto\\\/el-poder-de-los-afectos-en-la-politica-hacia-una-revolucion-democratica-y-verde\\\/#primaryimage\"},\"image\":{\"@id\":\"https:\\\/\\\/zapateneo.net\\\/wordpress\\\/index.php\\\/producto\\\/el-poder-de-los-afectos-en-la-politica-hacia-una-revolucion-democratica-y-verde\\\/#primaryimage\"},\"thumbnailUrl\":\"https:\\\/\\\/zapateneo.net\\\/wordpress\\\/wp-content\\\/uploads\\\/2023\\\/09\\\/sci-17149789878012254-1.jpg\",\"datePublished\":\"2023-09-26T18:04:49+00:00\",\"dateModified\":\"2023-09-26T18:04:59+00:00\",\"breadcrumb\":{\"@id\":\"https:\\\/\\\/zapateneo.net\\\/wordpress\\\/index.php\\\/producto\\\/el-poder-de-los-afectos-en-la-politica-hacia-una-revolucion-democratica-y-verde\\\/#breadcrumb\"},\"inLanguage\":\"es\",\"potentialAction\":[{\"@type\":\"ReadAction\",\"target\":[\"https:\\\/\\\/zapateneo.net\\\/wordpress\\\/index.php\\\/producto\\\/el-poder-de-los-afectos-en-la-politica-hacia-una-revolucion-democratica-y-verde\\\/\"]}]},{\"@type\":\"ImageObject\",\"inLanguage\":\"es\",\"@id\":\"https:\\\/\\\/zapateneo.net\\\/wordpress\\\/index.php\\\/producto\\\/el-poder-de-los-afectos-en-la-politica-hacia-una-revolucion-democratica-y-verde\\\/#primaryimage\",\"url\":\"https:\\\/\\\/zapateneo.net\\\/wordpress\\\/wp-content\\\/uploads\\\/2023\\\/09\\\/sci-17149789878012254-1.jpg\",\"contentUrl\":\"https:\\\/\\\/zapateneo.net\\\/wordpress\\\/wp-content\\\/uploads\\\/2023\\\/09\\\/sci-17149789878012254-1.jpg\",\"width\":266,\"height\":400},{\"@type\":\"BreadcrumbList\",\"@id\":\"https:\\\/\\\/zapateneo.net\\\/wordpress\\\/index.php\\\/producto\\\/el-poder-de-los-afectos-en-la-politica-hacia-una-revolucion-democratica-y-verde\\\/#breadcrumb\",\"itemListElement\":[{\"@type\":\"ListItem\",\"position\":1,\"name\":\"Portada\",\"item\":\"https:\\\/\\\/zapateneo.net\\\/wordpress\\\/\"},{\"@type\":\"ListItem\",\"position\":2,\"name\":\"Tienda\",\"item\":\"https:\\\/\\\/zapateneo.net\\\/wordpress\\\/\"},{\"@type\":\"ListItem\",\"position\":3,\"name\":\"EL PODER DE LOS AFECTOS EN LA POLITICA HACIA UNA REVOLUCION DEMOCRATICA Y VERDE\"}]},{\"@type\":\"WebSite\",\"@id\":\"https:\\\/\\\/zapateneo.net\\\/wordpress\\\/#website\",\"url\":\"https:\\\/\\\/zapateneo.net\\\/wordpress\\\/\",\"name\":\"Zapateneo\",\"description\":\"Zapateneoaren webgunea\",\"publisher\":{\"@id\":\"https:\\\/\\\/zapateneo.net\\\/wordpress\\\/#organization\"},\"potentialAction\":[{\"@type\":\"SearchAction\",\"target\":{\"@type\":\"EntryPoint\",\"urlTemplate\":\"https:\\\/\\\/zapateneo.net\\\/wordpress\\\/?s={search_term_string}\"},\"query-input\":{\"@type\":\"PropertyValueSpecification\",\"valueRequired\":true,\"valueName\":\"search_term_string\"}}],\"inLanguage\":\"es\"},{\"@type\":\"Organization\",\"@id\":\"https:\\\/\\\/zapateneo.net\\\/wordpress\\\/#organization\",\"name\":\"Zapateneo Kultur Elkartea\",\"url\":\"https:\\\/\\\/zapateneo.net\\\/wordpress\\\/\",\"logo\":{\"@type\":\"ImageObject\",\"inLanguage\":\"es\",\"@id\":\"https:\\\/\\\/zapateneo.net\\\/wordpress\\\/#\\\/schema\\\/logo\\\/image\\\/\",\"url\":\"https:\\\/\\\/zapateneo.net\\\/wordpress\\\/wp-content\\\/uploads\\\/2021\\\/04\\\/zap-libu-kolec.jpg\",\"contentUrl\":\"https:\\\/\\\/zapateneo.net\\\/wordpress\\\/wp-content\\\/uploads\\\/2021\\\/04\\\/zap-libu-kolec.jpg\",\"width\":2234,\"height\":398,\"caption\":\"Zapateneo Kultur Elkartea\"},\"image\":{\"@id\":\"https:\\\/\\\/zapateneo.net\\\/wordpress\\\/#\\\/schema\\\/logo\\\/image\\\/\"},\"sameAs\":[\"https:\\\/\\\/x.com\\\/zapateneo\"]}]}<\/script>\n<!-- \/ Yoast SEO plugin. -->","yoast_head_json":{"title":"EL PODER DE LOS AFECTOS EN LA POLITICA HACIA UNA REVOLUCION DEMOCRATICA Y VERDE &#8212; Zapateneo","robots":{"index":"index","follow":"follow","max-snippet":"max-snippet:-1","max-image-preview":"max-image-preview:large","max-video-preview":"max-video-preview:-1"},"canonical":"https:\/\/zapateneo.net\/wordpress\/index.php\/producto\/el-poder-de-los-afectos-en-la-politica-hacia-una-revolucion-democratica-y-verde\/","og_locale":"es_ES","og_type":"article","og_title":"EL PODER DE LOS AFECTOS EN LA POLITICA HACIA UNA REVOLUCION DEMOCRATICA Y VERDE &#8212; Zapateneo","og_description":"chantal mouffe 9788432320637 - SIGLO XXI - 2023 - 96 p\u00e1ginas \/orri.","og_url":"https:\/\/zapateneo.net\/wordpress\/index.php\/producto\/el-poder-de-los-afectos-en-la-politica-hacia-una-revolucion-democratica-y-verde\/","og_site_name":"Zapateneo","article_modified_time":"2023-09-26T18:04:59+00:00","twitter_card":"summary_large_image","twitter_site":"@zapateneo","twitter_misc":{"Tiempo de lectura":"1 minuto"},"schema":{"@context":"https:\/\/schema.org","@graph":[{"@type":"WebPage","@id":"https:\/\/zapateneo.net\/wordpress\/index.php\/producto\/el-poder-de-los-afectos-en-la-politica-hacia-una-revolucion-democratica-y-verde\/","url":"https:\/\/zapateneo.net\/wordpress\/index.php\/producto\/el-poder-de-los-afectos-en-la-politica-hacia-una-revolucion-democratica-y-verde\/","name":"EL PODER DE LOS AFECTOS EN LA POLITICA HACIA UNA REVOLUCION DEMOCRATICA Y VERDE &#8212; Zapateneo","isPartOf":{"@id":"https:\/\/zapateneo.net\/wordpress\/#website"},"primaryImageOfPage":{"@id":"https:\/\/zapateneo.net\/wordpress\/index.php\/producto\/el-poder-de-los-afectos-en-la-politica-hacia-una-revolucion-democratica-y-verde\/#primaryimage"},"image":{"@id":"https:\/\/zapateneo.net\/wordpress\/index.php\/producto\/el-poder-de-los-afectos-en-la-politica-hacia-una-revolucion-democratica-y-verde\/#primaryimage"},"thumbnailUrl":"https:\/\/zapateneo.net\/wordpress\/wp-content\/uploads\/2023\/09\/sci-17149789878012254-1.jpg","datePublished":"2023-09-26T18:04:49+00:00","dateModified":"2023-09-26T18:04:59+00:00","breadcrumb":{"@id":"https:\/\/zapateneo.net\/wordpress\/index.php\/producto\/el-poder-de-los-afectos-en-la-politica-hacia-una-revolucion-democratica-y-verde\/#breadcrumb"},"inLanguage":"es","potentialAction":[{"@type":"ReadAction","target":["https:\/\/zapateneo.net\/wordpress\/index.php\/producto\/el-poder-de-los-afectos-en-la-politica-hacia-una-revolucion-democratica-y-verde\/"]}]},{"@type":"ImageObject","inLanguage":"es","@id":"https:\/\/zapateneo.net\/wordpress\/index.php\/producto\/el-poder-de-los-afectos-en-la-politica-hacia-una-revolucion-democratica-y-verde\/#primaryimage","url":"https:\/\/zapateneo.net\/wordpress\/wp-content\/uploads\/2023\/09\/sci-17149789878012254-1.jpg","contentUrl":"https:\/\/zapateneo.net\/wordpress\/wp-content\/uploads\/2023\/09\/sci-17149789878012254-1.jpg","width":266,"height":400},{"@type":"BreadcrumbList","@id":"https:\/\/zapateneo.net\/wordpress\/index.php\/producto\/el-poder-de-los-afectos-en-la-politica-hacia-una-revolucion-democratica-y-verde\/#breadcrumb","itemListElement":[{"@type":"ListItem","position":1,"name":"Portada","item":"https:\/\/zapateneo.net\/wordpress\/"},{"@type":"ListItem","position":2,"name":"Tienda","item":"https:\/\/zapateneo.net\/wordpress\/"},{"@type":"ListItem","position":3,"name":"EL PODER DE LOS AFECTOS EN LA POLITICA HACIA UNA REVOLUCION DEMOCRATICA Y VERDE"}]},{"@type":"WebSite","@id":"https:\/\/zapateneo.net\/wordpress\/#website","url":"https:\/\/zapateneo.net\/wordpress\/","name":"Zapateneo","description":"Zapateneoaren webgunea","publisher":{"@id":"https:\/\/zapateneo.net\/wordpress\/#organization"},"potentialAction":[{"@type":"SearchAction","target":{"@type":"EntryPoint","urlTemplate":"https:\/\/zapateneo.net\/wordpress\/?s={search_term_string}"},"query-input":{"@type":"PropertyValueSpecification","valueRequired":true,"valueName":"search_term_string"}}],"inLanguage":"es"},{"@type":"Organization","@id":"https:\/\/zapateneo.net\/wordpress\/#organization","name":"Zapateneo Kultur Elkartea","url":"https:\/\/zapateneo.net\/wordpress\/","logo":{"@type":"ImageObject","inLanguage":"es","@id":"https:\/\/zapateneo.net\/wordpress\/#\/schema\/logo\/image\/","url":"https:\/\/zapateneo.net\/wordpress\/wp-content\/uploads\/2021\/04\/zap-libu-kolec.jpg","contentUrl":"https:\/\/zapateneo.net\/wordpress\/wp-content\/uploads\/2021\/04\/zap-libu-kolec.jpg","width":2234,"height":398,"caption":"Zapateneo Kultur Elkartea"},"image":{"@id":"https:\/\/zapateneo.net\/wordpress\/#\/schema\/logo\/image\/"},"sameAs":["https:\/\/x.com\/zapateneo"]}]}},"_links":{"self":[{"href":"https:\/\/zapateneo.net\/wordpress\/index.php\/wp-json\/wp\/v2\/product\/14814","targetHints":{"allow":["GET"]}}],"collection":[{"href":"https:\/\/zapateneo.net\/wordpress\/index.php\/wp-json\/wp\/v2\/product"}],"about":[{"href":"https:\/\/zapateneo.net\/wordpress\/index.php\/wp-json\/wp\/v2\/types\/product"}],"wp:featuredmedia":[{"embeddable":true,"href":"https:\/\/zapateneo.net\/wordpress\/index.php\/wp-json\/wp\/v2\/media\/14844"}],"wp:attachment":[{"href":"https:\/\/zapateneo.net\/wordpress\/index.php\/wp-json\/wp\/v2\/media?parent=14814"}],"wp:term":[{"taxonomy":"product_brand","embeddable":true,"href":"https:\/\/zapateneo.net\/wordpress\/index.php\/wp-json\/wp\/v2\/product_brand?post=14814"},{"taxonomy":"product_cat","embeddable":true,"href":"https:\/\/zapateneo.net\/wordpress\/index.php\/wp-json\/wp\/v2\/product_cat?post=14814"},{"taxonomy":"product_tag","embeddable":true,"href":"https:\/\/zapateneo.net\/wordpress\/index.php\/wp-json\/wp\/v2\/product_tag?post=14814"}],"curies":[{"name":"wp","href":"https:\/\/api.w.org\/{rel}","templated":true}]}}