{"id":14813,"date":"2023-09-26T19:04:49","date_gmt":"2023-09-26T18:04:49","guid":{"rendered":"https:\/\/zapateneo.net\/wordpress\/?post_type=product&#038;p=14813"},"modified":"2023-09-26T19:04:58","modified_gmt":"2023-09-26T18:04:58","slug":"ecofeminismo-intersecciones-feministas-con-otros-animales-y-con-la-tierra","status":"publish","type":"product","link":"https:\/\/zapateneo.net\/wordpress\/index.php\/producto\/ecofeminismo-intersecciones-feministas-con-otros-animales-y-con-la-tierra\/","title":{"rendered":"Ecofeminismo Intersecciones feministas con otros animales y con la Tierra"},"content":{"rendered":"<p>El ecofeminismo tiene una larga historia, aunque a veces ha sido subterr\u00e1nea: desde las luchas de las sufragistas contra el matrato que sufr\u00edan los caballos de tiro a los movimientos de reforestaci\u00f3n liderados por mujeres en la Nigeria actual. Hoy, cuando el v\u00ednculo firme entre capitalismo, patriarcado y colonialismo nos ha sumergido en varias crisis ecol\u00f3gicas superpuestas que amenazan la supervivencia de la vida en el planeta, el ecofeminismo es m\u00e1s necesario que nunca. Los textos que componen este volumen ponen sobre la mesa una perspectiva que tiene en su m\u00e9dula el antirracismo y el antiespecismo, reflexionan sobre esas formas de dominaci\u00f3n y proponen caminos de movilizaci\u00f3n y lucha contra ellas.<\/p>\n<p>Las autoras que Carol J. Adams y Lori Gruen han reunido en este volumen abordan cuestiones como el racismo ambiental que sufren las personas no blancas, la relaci\u00f3n entre opresiones como el especismo y el capacitismo, las cuestiones \u00e9ticas que subyacen a nuestra forma de relacionarnos con los animales no humanos, o la posibilidad de que las sexualidades disidentes aporten nuevas formas de pensar la crisis ecol\u00f3gica. El resultado es un libro profundo y combativo que sienta las bases para un ecofeminismo renovado y para una alianza pol\u00edtica junto al resto de seres vivos del planeta.<\/p>\n","protected":false},"excerpt":{"rendered":"<p><strong>Carol J. Adams (ed.)   Lori Gruen (ed.)<\/strong><br \/>\n9788412520484 &#8211; LEVANTA FUEGO &#8211; 2023 &#8211; 546 p\u00e1ginas \/orri.<\/p>\n","protected":false},"featured_media":14843,"template":"","meta":[],"product_brand":[],"product_cat":[15],"product_tag":[6758,5510],"class_list":{"0":"post-14813","1":"product","2":"type-product","3":"status-publish","4":"has-post-thumbnail","6":"product_cat-otros-bestelakoak","7":"product_tag-carol-j-adams-ed-lori-gruen-ed","8":"product_tag-levanta-fuego","10":"first","11":"instock","12":"sold-individually","13":"shipping-taxable","14":"purchasable","15":"product-type-simple"},"yoast_head":"<!-- This site is optimized with the Yoast SEO plugin v27.3 - https:\/\/yoast.com\/product\/yoast-seo-wordpress\/ -->\n<title>Ecofeminismo Intersecciones feministas con otros animales y con la Tierra &#8212; Zapateneo<\/title>\n<meta name=\"robots\" content=\"index, follow, max-snippet:-1, max-image-preview:large, max-video-preview:-1\" \/>\n<link rel=\"canonical\" href=\"https:\/\/zapateneo.net\/wordpress\/index.php\/producto\/ecofeminismo-intersecciones-feministas-con-otros-animales-y-con-la-tierra\/\" \/>\n<meta property=\"og:locale\" content=\"es_ES\" \/>\n<meta property=\"og:type\" content=\"article\" \/>\n<meta property=\"og:title\" content=\"Ecofeminismo Intersecciones feministas con otros animales y con la Tierra &#8212; Zapateneo\" \/>\n<meta property=\"og:description\" content=\"Carol J. Adams (ed.)  Lori Gruen (ed.) 9788412520484 - LEVANTA FUEGO - 2023 - 546 p\u00e1ginas \/orri.\" \/>\n<meta property=\"og:url\" content=\"https:\/\/zapateneo.net\/wordpress\/index.php\/producto\/ecofeminismo-intersecciones-feministas-con-otros-animales-y-con-la-tierra\/\" \/>\n<meta property=\"og:site_name\" content=\"Zapateneo\" \/>\n<meta property=\"article:modified_time\" content=\"2023-09-26T18:04:58+00:00\" \/>\n<meta name=\"twitter:card\" content=\"summary_large_image\" \/>\n<meta name=\"twitter:site\" content=\"@zapateneo\" \/>\n<meta name=\"twitter:label1\" content=\"Tiempo de lectura\" \/>\n\t<meta name=\"twitter:data1\" content=\"1 minuto\" \/>\n<script type=\"application\/ld+json\" class=\"yoast-schema-graph\">{\"@context\":\"https:\\\/\\\/schema.org\",\"@graph\":[{\"@type\":\"WebPage\",\"@id\":\"https:\\\/\\\/zapateneo.net\\\/wordpress\\\/index.php\\\/producto\\\/ecofeminismo-intersecciones-feministas-con-otros-animales-y-con-la-tierra\\\/\",\"url\":\"https:\\\/\\\/zapateneo.net\\\/wordpress\\\/index.php\\\/producto\\\/ecofeminismo-intersecciones-feministas-con-otros-animales-y-con-la-tierra\\\/\",\"name\":\"Ecofeminismo Intersecciones feministas con otros animales y con la Tierra &#8212; Zapateneo\",\"isPartOf\":{\"@id\":\"https:\\\/\\\/zapateneo.net\\\/wordpress\\\/#website\"},\"primaryImageOfPage\":{\"@id\":\"https:\\\/\\\/zapateneo.net\\\/wordpress\\\/index.php\\\/producto\\\/ecofeminismo-intersecciones-feministas-con-otros-animales-y-con-la-tierra\\\/#primaryimage\"},\"image\":{\"@id\":\"https:\\\/\\\/zapateneo.net\\\/wordpress\\\/index.php\\\/producto\\\/ecofeminismo-intersecciones-feministas-con-otros-animales-y-con-la-tierra\\\/#primaryimage\"},\"thumbnailUrl\":\"https:\\\/\\\/zapateneo.net\\\/wordpress\\\/wp-content\\\/uploads\\\/2023\\\/09\\\/ecofeminismo-levanta-fuego-9788412520484.jpg\",\"datePublished\":\"2023-09-26T18:04:49+00:00\",\"dateModified\":\"2023-09-26T18:04:58+00:00\",\"breadcrumb\":{\"@id\":\"https:\\\/\\\/zapateneo.net\\\/wordpress\\\/index.php\\\/producto\\\/ecofeminismo-intersecciones-feministas-con-otros-animales-y-con-la-tierra\\\/#breadcrumb\"},\"inLanguage\":\"es\",\"potentialAction\":[{\"@type\":\"ReadAction\",\"target\":[\"https:\\\/\\\/zapateneo.net\\\/wordpress\\\/index.php\\\/producto\\\/ecofeminismo-intersecciones-feministas-con-otros-animales-y-con-la-tierra\\\/\"]}]},{\"@type\":\"ImageObject\",\"inLanguage\":\"es\",\"@id\":\"https:\\\/\\\/zapateneo.net\\\/wordpress\\\/index.php\\\/producto\\\/ecofeminismo-intersecciones-feministas-con-otros-animales-y-con-la-tierra\\\/#primaryimage\",\"url\":\"https:\\\/\\\/zapateneo.net\\\/wordpress\\\/wp-content\\\/uploads\\\/2023\\\/09\\\/ecofeminismo-levanta-fuego-9788412520484.jpg\",\"contentUrl\":\"https:\\\/\\\/zapateneo.net\\\/wordpress\\\/wp-content\\\/uploads\\\/2023\\\/09\\\/ecofeminismo-levanta-fuego-9788412520484.jpg\",\"width\":257,\"height\":400},{\"@type\":\"BreadcrumbList\",\"@id\":\"https:\\\/\\\/zapateneo.net\\\/wordpress\\\/index.php\\\/producto\\\/ecofeminismo-intersecciones-feministas-con-otros-animales-y-con-la-tierra\\\/#breadcrumb\",\"itemListElement\":[{\"@type\":\"ListItem\",\"position\":1,\"name\":\"Portada\",\"item\":\"https:\\\/\\\/zapateneo.net\\\/wordpress\\\/\"},{\"@type\":\"ListItem\",\"position\":2,\"name\":\"Tienda\",\"item\":\"https:\\\/\\\/zapateneo.net\\\/wordpress\\\/\"},{\"@type\":\"ListItem\",\"position\":3,\"name\":\"Ecofeminismo Intersecciones feministas con otros animales y con la Tierra\"}]},{\"@type\":\"WebSite\",\"@id\":\"https:\\\/\\\/zapateneo.net\\\/wordpress\\\/#website\",\"url\":\"https:\\\/\\\/zapateneo.net\\\/wordpress\\\/\",\"name\":\"Zapateneo\",\"description\":\"Zapateneoaren webgunea\",\"publisher\":{\"@id\":\"https:\\\/\\\/zapateneo.net\\\/wordpress\\\/#organization\"},\"potentialAction\":[{\"@type\":\"SearchAction\",\"target\":{\"@type\":\"EntryPoint\",\"urlTemplate\":\"https:\\\/\\\/zapateneo.net\\\/wordpress\\\/?s={search_term_string}\"},\"query-input\":{\"@type\":\"PropertyValueSpecification\",\"valueRequired\":true,\"valueName\":\"search_term_string\"}}],\"inLanguage\":\"es\"},{\"@type\":\"Organization\",\"@id\":\"https:\\\/\\\/zapateneo.net\\\/wordpress\\\/#organization\",\"name\":\"Zapateneo Kultur Elkartea\",\"url\":\"https:\\\/\\\/zapateneo.net\\\/wordpress\\\/\",\"logo\":{\"@type\":\"ImageObject\",\"inLanguage\":\"es\",\"@id\":\"https:\\\/\\\/zapateneo.net\\\/wordpress\\\/#\\\/schema\\\/logo\\\/image\\\/\",\"url\":\"https:\\\/\\\/zapateneo.net\\\/wordpress\\\/wp-content\\\/uploads\\\/2021\\\/04\\\/zap-libu-kolec.jpg\",\"contentUrl\":\"https:\\\/\\\/zapateneo.net\\\/wordpress\\\/wp-content\\\/uploads\\\/2021\\\/04\\\/zap-libu-kolec.jpg\",\"width\":2234,\"height\":398,\"caption\":\"Zapateneo Kultur Elkartea\"},\"image\":{\"@id\":\"https:\\\/\\\/zapateneo.net\\\/wordpress\\\/#\\\/schema\\\/logo\\\/image\\\/\"},\"sameAs\":[\"https:\\\/\\\/x.com\\\/zapateneo\"]}]}<\/script>\n<!-- \/ Yoast SEO plugin. -->","yoast_head_json":{"title":"Ecofeminismo Intersecciones feministas con otros animales y con la Tierra &#8212; Zapateneo","robots":{"index":"index","follow":"follow","max-snippet":"max-snippet:-1","max-image-preview":"max-image-preview:large","max-video-preview":"max-video-preview:-1"},"canonical":"https:\/\/zapateneo.net\/wordpress\/index.php\/producto\/ecofeminismo-intersecciones-feministas-con-otros-animales-y-con-la-tierra\/","og_locale":"es_ES","og_type":"article","og_title":"Ecofeminismo Intersecciones feministas con otros animales y con la Tierra &#8212; Zapateneo","og_description":"Carol J. Adams (ed.)  Lori Gruen (ed.) 9788412520484 - LEVANTA FUEGO - 2023 - 546 p\u00e1ginas \/orri.","og_url":"https:\/\/zapateneo.net\/wordpress\/index.php\/producto\/ecofeminismo-intersecciones-feministas-con-otros-animales-y-con-la-tierra\/","og_site_name":"Zapateneo","article_modified_time":"2023-09-26T18:04:58+00:00","twitter_card":"summary_large_image","twitter_site":"@zapateneo","twitter_misc":{"Tiempo de lectura":"1 minuto"},"schema":{"@context":"https:\/\/schema.org","@graph":[{"@type":"WebPage","@id":"https:\/\/zapateneo.net\/wordpress\/index.php\/producto\/ecofeminismo-intersecciones-feministas-con-otros-animales-y-con-la-tierra\/","url":"https:\/\/zapateneo.net\/wordpress\/index.php\/producto\/ecofeminismo-intersecciones-feministas-con-otros-animales-y-con-la-tierra\/","name":"Ecofeminismo Intersecciones feministas con otros animales y con la Tierra &#8212; Zapateneo","isPartOf":{"@id":"https:\/\/zapateneo.net\/wordpress\/#website"},"primaryImageOfPage":{"@id":"https:\/\/zapateneo.net\/wordpress\/index.php\/producto\/ecofeminismo-intersecciones-feministas-con-otros-animales-y-con-la-tierra\/#primaryimage"},"image":{"@id":"https:\/\/zapateneo.net\/wordpress\/index.php\/producto\/ecofeminismo-intersecciones-feministas-con-otros-animales-y-con-la-tierra\/#primaryimage"},"thumbnailUrl":"https:\/\/zapateneo.net\/wordpress\/wp-content\/uploads\/2023\/09\/ecofeminismo-levanta-fuego-9788412520484.jpg","datePublished":"2023-09-26T18:04:49+00:00","dateModified":"2023-09-26T18:04:58+00:00","breadcrumb":{"@id":"https:\/\/zapateneo.net\/wordpress\/index.php\/producto\/ecofeminismo-intersecciones-feministas-con-otros-animales-y-con-la-tierra\/#breadcrumb"},"inLanguage":"es","potentialAction":[{"@type":"ReadAction","target":["https:\/\/zapateneo.net\/wordpress\/index.php\/producto\/ecofeminismo-intersecciones-feministas-con-otros-animales-y-con-la-tierra\/"]}]},{"@type":"ImageObject","inLanguage":"es","@id":"https:\/\/zapateneo.net\/wordpress\/index.php\/producto\/ecofeminismo-intersecciones-feministas-con-otros-animales-y-con-la-tierra\/#primaryimage","url":"https:\/\/zapateneo.net\/wordpress\/wp-content\/uploads\/2023\/09\/ecofeminismo-levanta-fuego-9788412520484.jpg","contentUrl":"https:\/\/zapateneo.net\/wordpress\/wp-content\/uploads\/2023\/09\/ecofeminismo-levanta-fuego-9788412520484.jpg","width":257,"height":400},{"@type":"BreadcrumbList","@id":"https:\/\/zapateneo.net\/wordpress\/index.php\/producto\/ecofeminismo-intersecciones-feministas-con-otros-animales-y-con-la-tierra\/#breadcrumb","itemListElement":[{"@type":"ListItem","position":1,"name":"Portada","item":"https:\/\/zapateneo.net\/wordpress\/"},{"@type":"ListItem","position":2,"name":"Tienda","item":"https:\/\/zapateneo.net\/wordpress\/"},{"@type":"ListItem","position":3,"name":"Ecofeminismo Intersecciones feministas con otros animales y con la Tierra"}]},{"@type":"WebSite","@id":"https:\/\/zapateneo.net\/wordpress\/#website","url":"https:\/\/zapateneo.net\/wordpress\/","name":"Zapateneo","description":"Zapateneoaren webgunea","publisher":{"@id":"https:\/\/zapateneo.net\/wordpress\/#organization"},"potentialAction":[{"@type":"SearchAction","target":{"@type":"EntryPoint","urlTemplate":"https:\/\/zapateneo.net\/wordpress\/?s={search_term_string}"},"query-input":{"@type":"PropertyValueSpecification","valueRequired":true,"valueName":"search_term_string"}}],"inLanguage":"es"},{"@type":"Organization","@id":"https:\/\/zapateneo.net\/wordpress\/#organization","name":"Zapateneo Kultur Elkartea","url":"https:\/\/zapateneo.net\/wordpress\/","logo":{"@type":"ImageObject","inLanguage":"es","@id":"https:\/\/zapateneo.net\/wordpress\/#\/schema\/logo\/image\/","url":"https:\/\/zapateneo.net\/wordpress\/wp-content\/uploads\/2021\/04\/zap-libu-kolec.jpg","contentUrl":"https:\/\/zapateneo.net\/wordpress\/wp-content\/uploads\/2021\/04\/zap-libu-kolec.jpg","width":2234,"height":398,"caption":"Zapateneo Kultur Elkartea"},"image":{"@id":"https:\/\/zapateneo.net\/wordpress\/#\/schema\/logo\/image\/"},"sameAs":["https:\/\/x.com\/zapateneo"]}]}},"_links":{"self":[{"href":"https:\/\/zapateneo.net\/wordpress\/index.php\/wp-json\/wp\/v2\/product\/14813","targetHints":{"allow":["GET"]}}],"collection":[{"href":"https:\/\/zapateneo.net\/wordpress\/index.php\/wp-json\/wp\/v2\/product"}],"about":[{"href":"https:\/\/zapateneo.net\/wordpress\/index.php\/wp-json\/wp\/v2\/types\/product"}],"wp:featuredmedia":[{"embeddable":true,"href":"https:\/\/zapateneo.net\/wordpress\/index.php\/wp-json\/wp\/v2\/media\/14843"}],"wp:attachment":[{"href":"https:\/\/zapateneo.net\/wordpress\/index.php\/wp-json\/wp\/v2\/media?parent=14813"}],"wp:term":[{"taxonomy":"product_brand","embeddable":true,"href":"https:\/\/zapateneo.net\/wordpress\/index.php\/wp-json\/wp\/v2\/product_brand?post=14813"},{"taxonomy":"product_cat","embeddable":true,"href":"https:\/\/zapateneo.net\/wordpress\/index.php\/wp-json\/wp\/v2\/product_cat?post=14813"},{"taxonomy":"product_tag","embeddable":true,"href":"https:\/\/zapateneo.net\/wordpress\/index.php\/wp-json\/wp\/v2\/product_tag?post=14813"}],"curies":[{"name":"wp","href":"https:\/\/api.w.org\/{rel}","templated":true}]}}