{"id":14783,"date":"2023-09-20T16:57:22","date_gmt":"2023-09-20T15:57:22","guid":{"rendered":"https:\/\/zapateneo.net\/wordpress\/?post_type=product&#038;p=14783"},"modified":"2023-09-20T16:57:34","modified_gmt":"2023-09-20T15:57:34","slug":"manicomios-ensayo-sobre-la-situacion-social-de-los-enfermos-mentales","status":"publish","type":"product","link":"https:\/\/zapateneo.net\/wordpress\/index.php\/producto\/manicomios-ensayo-sobre-la-situacion-social-de-los-enfermos-mentales\/","title":{"rendered":"MANICOMIOS Ensayo sobre la situaci\u00f3n social de los enfermos mentales"},"content":{"rendered":"<p>Con el objetivo de conocer el mundo social de las personas hospitalizadas, Erving Goffman realiz\u00f3 un trabajo de campo como observador participante durante un a\u00f1o en un Hospital Psiqui\u00e1trico en Washington, cuyo resultado es el presente libro. Compuesto por cuatro ensayos que parten de fuentes sociol\u00f3gicas distintas, el autor intenta esclarecer la situaci\u00f3n de la persona internada en una Instituci\u00f3n total: organizaciones particulares por su impermeabilidad al exterior, su intento de regimentar al mil\u00edmetro las conductas de sus miembros, su car\u00e1cter des-responsabilizador y violento, y su estructura terriblemente jer\u00e1rquica. Goffman expone una versi\u00f3n sociol\u00f3gica de la estructura del yo. Lentamente se va separando al interno del mundo de afuera, proceso que comienza en cuanto ingresa: se le desnuda y despoja de sus objetos personales y se le niega toda intimidad y privacidad, siguiendo un proceso de despersonalizaci\u00f3n.<\/p>\n<p>El hospital psiqui\u00e1trico es analizado aqu\u00ed por din\u00e1micas sociales que lo hacen similar a otras instituciones como la c\u00e1rcel, el campo de concentraci\u00f3n, el cuartel o el convento de clausura. M\u00e1s all\u00e1 de las disputas sustantivas y metodol\u00f3gicas de un libro tan pol\u00e9mico en su momento, lo que permanece es la hip\u00f3tesis fundamental de Goffman: que los psiqui\u00e1tricos no sirven para lo que dicen que fueron concebidos. El internamiento, con sus caracter\u00edsticas y consecuencias, es m\u00e1s un m\u00e9todo de desajuste que de ajuste del yo del paciente, y lo que p\u00e1gina tras p\u00e1gina parece recalcar el autor, es una devastadora cr\u00edtica de la realidad y los efectos de este tipo de instituciones totales.<\/p>\n<p>En esta nueva edici\u00f3n revisada del libro original, rescatamos su primer t\u00edtulo (Manicomios) e incluimos una interesante y extensa presentaci\u00f3n realizada por Robert Castel a la edici\u00f3n francesa, in\u00e9dita en castellano, as\u00ed como un amplio an\u00e1lisis de la obra y su influencia en la actualidad.<\/p>\n<p>Erving Hoffman es considerado uno de los soci\u00f3logos m\u00e1s importantes del siglo XX. Sus principales \u00e1reas de estudio inclu\u00edan la sociolog\u00eda de la vida cotidiana, la interacci\u00f3n social, la construcci\u00f3n social del yo, los marcos de la experiencia, y elementos particulares de la vida social como las instituciones totales y el estigma.<\/p>\n<p>Presentado por Robert Castel<\/p>\n","protected":false},"excerpt":{"rendered":"<p><strong>Erving Goffman<\/strong><br \/>\n9788485209552 &#8211; Irrecuperables &#8211; 2023 &#8211; 526 p\u00e1ginas \/orri.<\/p>\n","protected":false},"featured_media":14806,"template":"","meta":[],"product_brand":[],"product_cat":[15],"product_tag":[6756,2960],"class_list":{"0":"post-14783","1":"product","2":"type-product","3":"status-publish","4":"has-post-thumbnail","6":"product_cat-otros-bestelakoak","7":"product_tag-erving-goffman","8":"product_tag-irrecuperables","10":"first","11":"instock","12":"sold-individually","13":"shipping-taxable","14":"purchasable","15":"product-type-simple"},"yoast_head":"<!-- This site is optimized with the Yoast SEO plugin v27.3 - https:\/\/yoast.com\/product\/yoast-seo-wordpress\/ -->\n<title>MANICOMIOS Ensayo sobre la situaci\u00f3n social de los enfermos mentales &#8212; Zapateneo<\/title>\n<meta name=\"robots\" content=\"index, follow, max-snippet:-1, max-image-preview:large, max-video-preview:-1\" \/>\n<link rel=\"canonical\" href=\"https:\/\/zapateneo.net\/wordpress\/index.php\/producto\/manicomios-ensayo-sobre-la-situacion-social-de-los-enfermos-mentales\/\" \/>\n<meta property=\"og:locale\" content=\"es_ES\" \/>\n<meta property=\"og:type\" content=\"article\" \/>\n<meta property=\"og:title\" content=\"MANICOMIOS Ensayo sobre la situaci\u00f3n social de los enfermos mentales &#8212; Zapateneo\" \/>\n<meta property=\"og:description\" content=\"Erving Goffman 9788485209552 - Irrecuperables - 2023 - 526 p\u00e1ginas \/orri.\" \/>\n<meta property=\"og:url\" content=\"https:\/\/zapateneo.net\/wordpress\/index.php\/producto\/manicomios-ensayo-sobre-la-situacion-social-de-los-enfermos-mentales\/\" \/>\n<meta property=\"og:site_name\" content=\"Zapateneo\" \/>\n<meta property=\"article:modified_time\" content=\"2023-09-20T15:57:34+00:00\" \/>\n<meta name=\"twitter:card\" content=\"summary_large_image\" \/>\n<meta name=\"twitter:site\" content=\"@zapateneo\" \/>\n<meta name=\"twitter:label1\" content=\"Tiempo de lectura\" \/>\n\t<meta name=\"twitter:data1\" content=\"2 minutos\" \/>\n<script type=\"application\/ld+json\" class=\"yoast-schema-graph\">{\"@context\":\"https:\\\/\\\/schema.org\",\"@graph\":[{\"@type\":\"WebPage\",\"@id\":\"https:\\\/\\\/zapateneo.net\\\/wordpress\\\/index.php\\\/producto\\\/manicomios-ensayo-sobre-la-situacion-social-de-los-enfermos-mentales\\\/\",\"url\":\"https:\\\/\\\/zapateneo.net\\\/wordpress\\\/index.php\\\/producto\\\/manicomios-ensayo-sobre-la-situacion-social-de-los-enfermos-mentales\\\/\",\"name\":\"MANICOMIOS Ensayo sobre la situaci\u00f3n social de los enfermos mentales &#8212; Zapateneo\",\"isPartOf\":{\"@id\":\"https:\\\/\\\/zapateneo.net\\\/wordpress\\\/#website\"},\"primaryImageOfPage\":{\"@id\":\"https:\\\/\\\/zapateneo.net\\\/wordpress\\\/index.php\\\/producto\\\/manicomios-ensayo-sobre-la-situacion-social-de-los-enfermos-mentales\\\/#primaryimage\"},\"image\":{\"@id\":\"https:\\\/\\\/zapateneo.net\\\/wordpress\\\/index.php\\\/producto\\\/manicomios-ensayo-sobre-la-situacion-social-de-los-enfermos-mentales\\\/#primaryimage\"},\"thumbnailUrl\":\"https:\\\/\\\/zapateneo.net\\\/wordpress\\\/wp-content\\\/uploads\\\/2023\\\/09\\\/manicomios-9788485209552.jpg\",\"datePublished\":\"2023-09-20T15:57:22+00:00\",\"dateModified\":\"2023-09-20T15:57:34+00:00\",\"breadcrumb\":{\"@id\":\"https:\\\/\\\/zapateneo.net\\\/wordpress\\\/index.php\\\/producto\\\/manicomios-ensayo-sobre-la-situacion-social-de-los-enfermos-mentales\\\/#breadcrumb\"},\"inLanguage\":\"es\",\"potentialAction\":[{\"@type\":\"ReadAction\",\"target\":[\"https:\\\/\\\/zapateneo.net\\\/wordpress\\\/index.php\\\/producto\\\/manicomios-ensayo-sobre-la-situacion-social-de-los-enfermos-mentales\\\/\"]}]},{\"@type\":\"ImageObject\",\"inLanguage\":\"es\",\"@id\":\"https:\\\/\\\/zapateneo.net\\\/wordpress\\\/index.php\\\/producto\\\/manicomios-ensayo-sobre-la-situacion-social-de-los-enfermos-mentales\\\/#primaryimage\",\"url\":\"https:\\\/\\\/zapateneo.net\\\/wordpress\\\/wp-content\\\/uploads\\\/2023\\\/09\\\/manicomios-9788485209552.jpg\",\"contentUrl\":\"https:\\\/\\\/zapateneo.net\\\/wordpress\\\/wp-content\\\/uploads\\\/2023\\\/09\\\/manicomios-9788485209552.jpg\",\"width\":279,\"height\":400},{\"@type\":\"BreadcrumbList\",\"@id\":\"https:\\\/\\\/zapateneo.net\\\/wordpress\\\/index.php\\\/producto\\\/manicomios-ensayo-sobre-la-situacion-social-de-los-enfermos-mentales\\\/#breadcrumb\",\"itemListElement\":[{\"@type\":\"ListItem\",\"position\":1,\"name\":\"Portada\",\"item\":\"https:\\\/\\\/zapateneo.net\\\/wordpress\\\/\"},{\"@type\":\"ListItem\",\"position\":2,\"name\":\"Tienda\",\"item\":\"https:\\\/\\\/zapateneo.net\\\/wordpress\\\/\"},{\"@type\":\"ListItem\",\"position\":3,\"name\":\"MANICOMIOS Ensayo sobre la situaci\u00f3n social de los enfermos mentales\"}]},{\"@type\":\"WebSite\",\"@id\":\"https:\\\/\\\/zapateneo.net\\\/wordpress\\\/#website\",\"url\":\"https:\\\/\\\/zapateneo.net\\\/wordpress\\\/\",\"name\":\"Zapateneo\",\"description\":\"Zapateneoaren webgunea\",\"publisher\":{\"@id\":\"https:\\\/\\\/zapateneo.net\\\/wordpress\\\/#organization\"},\"potentialAction\":[{\"@type\":\"SearchAction\",\"target\":{\"@type\":\"EntryPoint\",\"urlTemplate\":\"https:\\\/\\\/zapateneo.net\\\/wordpress\\\/?s={search_term_string}\"},\"query-input\":{\"@type\":\"PropertyValueSpecification\",\"valueRequired\":true,\"valueName\":\"search_term_string\"}}],\"inLanguage\":\"es\"},{\"@type\":\"Organization\",\"@id\":\"https:\\\/\\\/zapateneo.net\\\/wordpress\\\/#organization\",\"name\":\"Zapateneo Kultur Elkartea\",\"url\":\"https:\\\/\\\/zapateneo.net\\\/wordpress\\\/\",\"logo\":{\"@type\":\"ImageObject\",\"inLanguage\":\"es\",\"@id\":\"https:\\\/\\\/zapateneo.net\\\/wordpress\\\/#\\\/schema\\\/logo\\\/image\\\/\",\"url\":\"https:\\\/\\\/zapateneo.net\\\/wordpress\\\/wp-content\\\/uploads\\\/2021\\\/04\\\/zap-libu-kolec.jpg\",\"contentUrl\":\"https:\\\/\\\/zapateneo.net\\\/wordpress\\\/wp-content\\\/uploads\\\/2021\\\/04\\\/zap-libu-kolec.jpg\",\"width\":2234,\"height\":398,\"caption\":\"Zapateneo Kultur Elkartea\"},\"image\":{\"@id\":\"https:\\\/\\\/zapateneo.net\\\/wordpress\\\/#\\\/schema\\\/logo\\\/image\\\/\"},\"sameAs\":[\"https:\\\/\\\/x.com\\\/zapateneo\"]}]}<\/script>\n<!-- \/ Yoast SEO plugin. -->","yoast_head_json":{"title":"MANICOMIOS Ensayo sobre la situaci\u00f3n social de los enfermos mentales &#8212; Zapateneo","robots":{"index":"index","follow":"follow","max-snippet":"max-snippet:-1","max-image-preview":"max-image-preview:large","max-video-preview":"max-video-preview:-1"},"canonical":"https:\/\/zapateneo.net\/wordpress\/index.php\/producto\/manicomios-ensayo-sobre-la-situacion-social-de-los-enfermos-mentales\/","og_locale":"es_ES","og_type":"article","og_title":"MANICOMIOS Ensayo sobre la situaci\u00f3n social de los enfermos mentales &#8212; Zapateneo","og_description":"Erving Goffman 9788485209552 - Irrecuperables - 2023 - 526 p\u00e1ginas \/orri.","og_url":"https:\/\/zapateneo.net\/wordpress\/index.php\/producto\/manicomios-ensayo-sobre-la-situacion-social-de-los-enfermos-mentales\/","og_site_name":"Zapateneo","article_modified_time":"2023-09-20T15:57:34+00:00","twitter_card":"summary_large_image","twitter_site":"@zapateneo","twitter_misc":{"Tiempo de lectura":"2 minutos"},"schema":{"@context":"https:\/\/schema.org","@graph":[{"@type":"WebPage","@id":"https:\/\/zapateneo.net\/wordpress\/index.php\/producto\/manicomios-ensayo-sobre-la-situacion-social-de-los-enfermos-mentales\/","url":"https:\/\/zapateneo.net\/wordpress\/index.php\/producto\/manicomios-ensayo-sobre-la-situacion-social-de-los-enfermos-mentales\/","name":"MANICOMIOS Ensayo sobre la situaci\u00f3n social de los enfermos mentales &#8212; Zapateneo","isPartOf":{"@id":"https:\/\/zapateneo.net\/wordpress\/#website"},"primaryImageOfPage":{"@id":"https:\/\/zapateneo.net\/wordpress\/index.php\/producto\/manicomios-ensayo-sobre-la-situacion-social-de-los-enfermos-mentales\/#primaryimage"},"image":{"@id":"https:\/\/zapateneo.net\/wordpress\/index.php\/producto\/manicomios-ensayo-sobre-la-situacion-social-de-los-enfermos-mentales\/#primaryimage"},"thumbnailUrl":"https:\/\/zapateneo.net\/wordpress\/wp-content\/uploads\/2023\/09\/manicomios-9788485209552.jpg","datePublished":"2023-09-20T15:57:22+00:00","dateModified":"2023-09-20T15:57:34+00:00","breadcrumb":{"@id":"https:\/\/zapateneo.net\/wordpress\/index.php\/producto\/manicomios-ensayo-sobre-la-situacion-social-de-los-enfermos-mentales\/#breadcrumb"},"inLanguage":"es","potentialAction":[{"@type":"ReadAction","target":["https:\/\/zapateneo.net\/wordpress\/index.php\/producto\/manicomios-ensayo-sobre-la-situacion-social-de-los-enfermos-mentales\/"]}]},{"@type":"ImageObject","inLanguage":"es","@id":"https:\/\/zapateneo.net\/wordpress\/index.php\/producto\/manicomios-ensayo-sobre-la-situacion-social-de-los-enfermos-mentales\/#primaryimage","url":"https:\/\/zapateneo.net\/wordpress\/wp-content\/uploads\/2023\/09\/manicomios-9788485209552.jpg","contentUrl":"https:\/\/zapateneo.net\/wordpress\/wp-content\/uploads\/2023\/09\/manicomios-9788485209552.jpg","width":279,"height":400},{"@type":"BreadcrumbList","@id":"https:\/\/zapateneo.net\/wordpress\/index.php\/producto\/manicomios-ensayo-sobre-la-situacion-social-de-los-enfermos-mentales\/#breadcrumb","itemListElement":[{"@type":"ListItem","position":1,"name":"Portada","item":"https:\/\/zapateneo.net\/wordpress\/"},{"@type":"ListItem","position":2,"name":"Tienda","item":"https:\/\/zapateneo.net\/wordpress\/"},{"@type":"ListItem","position":3,"name":"MANICOMIOS Ensayo sobre la situaci\u00f3n social de los enfermos mentales"}]},{"@type":"WebSite","@id":"https:\/\/zapateneo.net\/wordpress\/#website","url":"https:\/\/zapateneo.net\/wordpress\/","name":"Zapateneo","description":"Zapateneoaren webgunea","publisher":{"@id":"https:\/\/zapateneo.net\/wordpress\/#organization"},"potentialAction":[{"@type":"SearchAction","target":{"@type":"EntryPoint","urlTemplate":"https:\/\/zapateneo.net\/wordpress\/?s={search_term_string}"},"query-input":{"@type":"PropertyValueSpecification","valueRequired":true,"valueName":"search_term_string"}}],"inLanguage":"es"},{"@type":"Organization","@id":"https:\/\/zapateneo.net\/wordpress\/#organization","name":"Zapateneo Kultur Elkartea","url":"https:\/\/zapateneo.net\/wordpress\/","logo":{"@type":"ImageObject","inLanguage":"es","@id":"https:\/\/zapateneo.net\/wordpress\/#\/schema\/logo\/image\/","url":"https:\/\/zapateneo.net\/wordpress\/wp-content\/uploads\/2021\/04\/zap-libu-kolec.jpg","contentUrl":"https:\/\/zapateneo.net\/wordpress\/wp-content\/uploads\/2021\/04\/zap-libu-kolec.jpg","width":2234,"height":398,"caption":"Zapateneo Kultur Elkartea"},"image":{"@id":"https:\/\/zapateneo.net\/wordpress\/#\/schema\/logo\/image\/"},"sameAs":["https:\/\/x.com\/zapateneo"]}]}},"_links":{"self":[{"href":"https:\/\/zapateneo.net\/wordpress\/index.php\/wp-json\/wp\/v2\/product\/14783","targetHints":{"allow":["GET"]}}],"collection":[{"href":"https:\/\/zapateneo.net\/wordpress\/index.php\/wp-json\/wp\/v2\/product"}],"about":[{"href":"https:\/\/zapateneo.net\/wordpress\/index.php\/wp-json\/wp\/v2\/types\/product"}],"wp:featuredmedia":[{"embeddable":true,"href":"https:\/\/zapateneo.net\/wordpress\/index.php\/wp-json\/wp\/v2\/media\/14806"}],"wp:attachment":[{"href":"https:\/\/zapateneo.net\/wordpress\/index.php\/wp-json\/wp\/v2\/media?parent=14783"}],"wp:term":[{"taxonomy":"product_brand","embeddable":true,"href":"https:\/\/zapateneo.net\/wordpress\/index.php\/wp-json\/wp\/v2\/product_brand?post=14783"},{"taxonomy":"product_cat","embeddable":true,"href":"https:\/\/zapateneo.net\/wordpress\/index.php\/wp-json\/wp\/v2\/product_cat?post=14783"},{"taxonomy":"product_tag","embeddable":true,"href":"https:\/\/zapateneo.net\/wordpress\/index.php\/wp-json\/wp\/v2\/product_tag?post=14783"}],"curies":[{"name":"wp","href":"https:\/\/api.w.org\/{rel}","templated":true}]}}