{"id":14782,"date":"2023-09-20T16:57:22","date_gmt":"2023-09-20T15:57:22","guid":{"rendered":"https:\/\/zapateneo.net\/wordpress\/?post_type=product&#038;p=14782"},"modified":"2023-09-20T16:57:34","modified_gmt":"2023-09-20T15:57:34","slug":"por-rojos-y-maricones-homofobia-y-transfobia-en-el-partido-popular-y-el-resto-de-la-derecha-espanola","status":"publish","type":"product","link":"https:\/\/zapateneo.net\/wordpress\/index.php\/producto\/por-rojos-y-maricones-homofobia-y-transfobia-en-el-partido-popular-y-el-resto-de-la-derecha-espanola\/","title":{"rendered":"POR ROJOS Y MARICONES Homofobia y transfobia en el Partido Popular y el resto de la derecha espa\u00f1ola"},"content":{"rendered":"<p>\u00bfEs hom\u00f3fobo el Partido Popular? En esta pregunta, aparentemente sencilla, se encuentra el origen del presente volumen, un recorrido por la Espa\u00f1a reciente en busca de una respuesta. Nacho Esteban revisa la evoluci\u00f3n de las principales instituciones espa\u00f1olas, especialmente desde la Transici\u00f3n, y compara las pol\u00edticas y declaraciones de los distintos partidos nacionales hacia la poblaci\u00f3n LGTBI para comprobar si son ciertas las habituales acusaciones de homofobia y transfobia contra el Partido Popular.<\/p>\n<p>Desde la ambivalencia hacia la dictadura franquista hasta la alianza con grupos ultracat\u00f3licos, del bloqueo de leyes contra la discriminaci\u00f3n al blanqueo por parte de personalidades LGTBI, Por rojos y maricones repasa de izquierda a derecha la historia pol\u00edtica de la LGTBIfobia en Espa\u00f1a exponiendo el historial de cada partido, sin olvidar la amenaza de la extrema derecha.<\/p>\n<p>Una obra para comprender pasado y presente e identificar a quienes han obstaculizado el avance de los derechos LGTBI en el Estado espa\u00f1ol.<\/p>\n","protected":false},"excerpt":{"rendered":"<p><strong>Nacho Esteban Fern\u00e1ndez<\/strong><br \/>\n9788419728036 &#8211; Egales &#8211; 2023 &#8211; 378 p\u00e1ginas \/orri.<\/p>\n","protected":false},"featured_media":14805,"template":"","meta":[],"product_brand":[],"product_cat":[15],"product_tag":[1199,6755],"class_list":{"0":"post-14782","1":"product","2":"type-product","3":"status-publish","4":"has-post-thumbnail","6":"product_cat-otros-bestelakoak","7":"product_tag-egales","8":"product_tag-nacho-esteban-fernandez","10":"first","11":"instock","12":"sold-individually","13":"shipping-taxable","14":"purchasable","15":"product-type-simple"},"yoast_head":"<!-- This site is optimized with the Yoast SEO plugin v27.3 - https:\/\/yoast.com\/product\/yoast-seo-wordpress\/ -->\n<title>POR ROJOS Y MARICONES Homofobia y transfobia en el Partido Popular y el resto de la derecha espa\u00f1ola &#8212; Zapateneo<\/title>\n<meta name=\"robots\" content=\"index, follow, max-snippet:-1, max-image-preview:large, max-video-preview:-1\" \/>\n<link rel=\"canonical\" href=\"https:\/\/zapateneo.net\/wordpress\/index.php\/producto\/por-rojos-y-maricones-homofobia-y-transfobia-en-el-partido-popular-y-el-resto-de-la-derecha-espanola\/\" \/>\n<meta property=\"og:locale\" content=\"es_ES\" \/>\n<meta property=\"og:type\" content=\"article\" \/>\n<meta property=\"og:title\" content=\"POR ROJOS Y MARICONES Homofobia y transfobia en el Partido Popular y el resto de la derecha espa\u00f1ola &#8212; Zapateneo\" \/>\n<meta property=\"og:description\" content=\"Nacho Esteban Fern\u00e1ndez 9788419728036 - Egales - 2023 - 378 p\u00e1ginas \/orri.\" \/>\n<meta property=\"og:url\" content=\"https:\/\/zapateneo.net\/wordpress\/index.php\/producto\/por-rojos-y-maricones-homofobia-y-transfobia-en-el-partido-popular-y-el-resto-de-la-derecha-espanola\/\" \/>\n<meta property=\"og:site_name\" content=\"Zapateneo\" \/>\n<meta property=\"article:modified_time\" content=\"2023-09-20T15:57:34+00:00\" \/>\n<meta name=\"twitter:card\" content=\"summary_large_image\" \/>\n<meta name=\"twitter:site\" content=\"@zapateneo\" \/>\n<meta name=\"twitter:label1\" content=\"Tiempo de lectura\" \/>\n\t<meta name=\"twitter:data1\" content=\"1 minuto\" \/>\n<script type=\"application\/ld+json\" class=\"yoast-schema-graph\">{\"@context\":\"https:\\\/\\\/schema.org\",\"@graph\":[{\"@type\":\"WebPage\",\"@id\":\"https:\\\/\\\/zapateneo.net\\\/wordpress\\\/index.php\\\/producto\\\/por-rojos-y-maricones-homofobia-y-transfobia-en-el-partido-popular-y-el-resto-de-la-derecha-espanola\\\/\",\"url\":\"https:\\\/\\\/zapateneo.net\\\/wordpress\\\/index.php\\\/producto\\\/por-rojos-y-maricones-homofobia-y-transfobia-en-el-partido-popular-y-el-resto-de-la-derecha-espanola\\\/\",\"name\":\"POR ROJOS Y MARICONES Homofobia y transfobia en el Partido Popular y el resto de la derecha espa\u00f1ola &#8212; Zapateneo\",\"isPartOf\":{\"@id\":\"https:\\\/\\\/zapateneo.net\\\/wordpress\\\/#website\"},\"primaryImageOfPage\":{\"@id\":\"https:\\\/\\\/zapateneo.net\\\/wordpress\\\/index.php\\\/producto\\\/por-rojos-y-maricones-homofobia-y-transfobia-en-el-partido-popular-y-el-resto-de-la-derecha-espanola\\\/#primaryimage\"},\"image\":{\"@id\":\"https:\\\/\\\/zapateneo.net\\\/wordpress\\\/index.php\\\/producto\\\/por-rojos-y-maricones-homofobia-y-transfobia-en-el-partido-popular-y-el-resto-de-la-derecha-espanola\\\/#primaryimage\"},\"thumbnailUrl\":\"https:\\\/\\\/zapateneo.net\\\/wordpress\\\/wp-content\\\/uploads\\\/2023\\\/09\\\/9788419728036.jpeg\",\"datePublished\":\"2023-09-20T15:57:22+00:00\",\"dateModified\":\"2023-09-20T15:57:34+00:00\",\"breadcrumb\":{\"@id\":\"https:\\\/\\\/zapateneo.net\\\/wordpress\\\/index.php\\\/producto\\\/por-rojos-y-maricones-homofobia-y-transfobia-en-el-partido-popular-y-el-resto-de-la-derecha-espanola\\\/#breadcrumb\"},\"inLanguage\":\"es\",\"potentialAction\":[{\"@type\":\"ReadAction\",\"target\":[\"https:\\\/\\\/zapateneo.net\\\/wordpress\\\/index.php\\\/producto\\\/por-rojos-y-maricones-homofobia-y-transfobia-en-el-partido-popular-y-el-resto-de-la-derecha-espanola\\\/\"]}]},{\"@type\":\"ImageObject\",\"inLanguage\":\"es\",\"@id\":\"https:\\\/\\\/zapateneo.net\\\/wordpress\\\/index.php\\\/producto\\\/por-rojos-y-maricones-homofobia-y-transfobia-en-el-partido-popular-y-el-resto-de-la-derecha-espanola\\\/#primaryimage\",\"url\":\"https:\\\/\\\/zapateneo.net\\\/wordpress\\\/wp-content\\\/uploads\\\/2023\\\/09\\\/9788419728036.jpeg\",\"contentUrl\":\"https:\\\/\\\/zapateneo.net\\\/wordpress\\\/wp-content\\\/uploads\\\/2023\\\/09\\\/9788419728036.jpeg\",\"width\":285,\"height\":400},{\"@type\":\"BreadcrumbList\",\"@id\":\"https:\\\/\\\/zapateneo.net\\\/wordpress\\\/index.php\\\/producto\\\/por-rojos-y-maricones-homofobia-y-transfobia-en-el-partido-popular-y-el-resto-de-la-derecha-espanola\\\/#breadcrumb\",\"itemListElement\":[{\"@type\":\"ListItem\",\"position\":1,\"name\":\"Portada\",\"item\":\"https:\\\/\\\/zapateneo.net\\\/wordpress\\\/\"},{\"@type\":\"ListItem\",\"position\":2,\"name\":\"Tienda\",\"item\":\"https:\\\/\\\/zapateneo.net\\\/wordpress\\\/\"},{\"@type\":\"ListItem\",\"position\":3,\"name\":\"POR ROJOS Y MARICONES Homofobia y transfobia en el Partido Popular y el resto de la derecha espa\u00f1ola\"}]},{\"@type\":\"WebSite\",\"@id\":\"https:\\\/\\\/zapateneo.net\\\/wordpress\\\/#website\",\"url\":\"https:\\\/\\\/zapateneo.net\\\/wordpress\\\/\",\"name\":\"Zapateneo\",\"description\":\"Zapateneoaren webgunea\",\"publisher\":{\"@id\":\"https:\\\/\\\/zapateneo.net\\\/wordpress\\\/#organization\"},\"potentialAction\":[{\"@type\":\"SearchAction\",\"target\":{\"@type\":\"EntryPoint\",\"urlTemplate\":\"https:\\\/\\\/zapateneo.net\\\/wordpress\\\/?s={search_term_string}\"},\"query-input\":{\"@type\":\"PropertyValueSpecification\",\"valueRequired\":true,\"valueName\":\"search_term_string\"}}],\"inLanguage\":\"es\"},{\"@type\":\"Organization\",\"@id\":\"https:\\\/\\\/zapateneo.net\\\/wordpress\\\/#organization\",\"name\":\"Zapateneo Kultur Elkartea\",\"url\":\"https:\\\/\\\/zapateneo.net\\\/wordpress\\\/\",\"logo\":{\"@type\":\"ImageObject\",\"inLanguage\":\"es\",\"@id\":\"https:\\\/\\\/zapateneo.net\\\/wordpress\\\/#\\\/schema\\\/logo\\\/image\\\/\",\"url\":\"https:\\\/\\\/zapateneo.net\\\/wordpress\\\/wp-content\\\/uploads\\\/2021\\\/04\\\/zap-libu-kolec.jpg\",\"contentUrl\":\"https:\\\/\\\/zapateneo.net\\\/wordpress\\\/wp-content\\\/uploads\\\/2021\\\/04\\\/zap-libu-kolec.jpg\",\"width\":2234,\"height\":398,\"caption\":\"Zapateneo Kultur Elkartea\"},\"image\":{\"@id\":\"https:\\\/\\\/zapateneo.net\\\/wordpress\\\/#\\\/schema\\\/logo\\\/image\\\/\"},\"sameAs\":[\"https:\\\/\\\/x.com\\\/zapateneo\"]}]}<\/script>\n<!-- \/ Yoast SEO plugin. -->","yoast_head_json":{"title":"POR ROJOS Y MARICONES Homofobia y transfobia en el Partido Popular y el resto de la derecha espa\u00f1ola &#8212; Zapateneo","robots":{"index":"index","follow":"follow","max-snippet":"max-snippet:-1","max-image-preview":"max-image-preview:large","max-video-preview":"max-video-preview:-1"},"canonical":"https:\/\/zapateneo.net\/wordpress\/index.php\/producto\/por-rojos-y-maricones-homofobia-y-transfobia-en-el-partido-popular-y-el-resto-de-la-derecha-espanola\/","og_locale":"es_ES","og_type":"article","og_title":"POR ROJOS Y MARICONES Homofobia y transfobia en el Partido Popular y el resto de la derecha espa\u00f1ola &#8212; Zapateneo","og_description":"Nacho Esteban Fern\u00e1ndez 9788419728036 - Egales - 2023 - 378 p\u00e1ginas \/orri.","og_url":"https:\/\/zapateneo.net\/wordpress\/index.php\/producto\/por-rojos-y-maricones-homofobia-y-transfobia-en-el-partido-popular-y-el-resto-de-la-derecha-espanola\/","og_site_name":"Zapateneo","article_modified_time":"2023-09-20T15:57:34+00:00","twitter_card":"summary_large_image","twitter_site":"@zapateneo","twitter_misc":{"Tiempo de lectura":"1 minuto"},"schema":{"@context":"https:\/\/schema.org","@graph":[{"@type":"WebPage","@id":"https:\/\/zapateneo.net\/wordpress\/index.php\/producto\/por-rojos-y-maricones-homofobia-y-transfobia-en-el-partido-popular-y-el-resto-de-la-derecha-espanola\/","url":"https:\/\/zapateneo.net\/wordpress\/index.php\/producto\/por-rojos-y-maricones-homofobia-y-transfobia-en-el-partido-popular-y-el-resto-de-la-derecha-espanola\/","name":"POR ROJOS Y MARICONES Homofobia y transfobia en el Partido Popular y el resto de la derecha espa\u00f1ola &#8212; Zapateneo","isPartOf":{"@id":"https:\/\/zapateneo.net\/wordpress\/#website"},"primaryImageOfPage":{"@id":"https:\/\/zapateneo.net\/wordpress\/index.php\/producto\/por-rojos-y-maricones-homofobia-y-transfobia-en-el-partido-popular-y-el-resto-de-la-derecha-espanola\/#primaryimage"},"image":{"@id":"https:\/\/zapateneo.net\/wordpress\/index.php\/producto\/por-rojos-y-maricones-homofobia-y-transfobia-en-el-partido-popular-y-el-resto-de-la-derecha-espanola\/#primaryimage"},"thumbnailUrl":"https:\/\/zapateneo.net\/wordpress\/wp-content\/uploads\/2023\/09\/9788419728036.jpeg","datePublished":"2023-09-20T15:57:22+00:00","dateModified":"2023-09-20T15:57:34+00:00","breadcrumb":{"@id":"https:\/\/zapateneo.net\/wordpress\/index.php\/producto\/por-rojos-y-maricones-homofobia-y-transfobia-en-el-partido-popular-y-el-resto-de-la-derecha-espanola\/#breadcrumb"},"inLanguage":"es","potentialAction":[{"@type":"ReadAction","target":["https:\/\/zapateneo.net\/wordpress\/index.php\/producto\/por-rojos-y-maricones-homofobia-y-transfobia-en-el-partido-popular-y-el-resto-de-la-derecha-espanola\/"]}]},{"@type":"ImageObject","inLanguage":"es","@id":"https:\/\/zapateneo.net\/wordpress\/index.php\/producto\/por-rojos-y-maricones-homofobia-y-transfobia-en-el-partido-popular-y-el-resto-de-la-derecha-espanola\/#primaryimage","url":"https:\/\/zapateneo.net\/wordpress\/wp-content\/uploads\/2023\/09\/9788419728036.jpeg","contentUrl":"https:\/\/zapateneo.net\/wordpress\/wp-content\/uploads\/2023\/09\/9788419728036.jpeg","width":285,"height":400},{"@type":"BreadcrumbList","@id":"https:\/\/zapateneo.net\/wordpress\/index.php\/producto\/por-rojos-y-maricones-homofobia-y-transfobia-en-el-partido-popular-y-el-resto-de-la-derecha-espanola\/#breadcrumb","itemListElement":[{"@type":"ListItem","position":1,"name":"Portada","item":"https:\/\/zapateneo.net\/wordpress\/"},{"@type":"ListItem","position":2,"name":"Tienda","item":"https:\/\/zapateneo.net\/wordpress\/"},{"@type":"ListItem","position":3,"name":"POR ROJOS Y MARICONES Homofobia y transfobia en el Partido Popular y el resto de la derecha espa\u00f1ola"}]},{"@type":"WebSite","@id":"https:\/\/zapateneo.net\/wordpress\/#website","url":"https:\/\/zapateneo.net\/wordpress\/","name":"Zapateneo","description":"Zapateneoaren webgunea","publisher":{"@id":"https:\/\/zapateneo.net\/wordpress\/#organization"},"potentialAction":[{"@type":"SearchAction","target":{"@type":"EntryPoint","urlTemplate":"https:\/\/zapateneo.net\/wordpress\/?s={search_term_string}"},"query-input":{"@type":"PropertyValueSpecification","valueRequired":true,"valueName":"search_term_string"}}],"inLanguage":"es"},{"@type":"Organization","@id":"https:\/\/zapateneo.net\/wordpress\/#organization","name":"Zapateneo Kultur Elkartea","url":"https:\/\/zapateneo.net\/wordpress\/","logo":{"@type":"ImageObject","inLanguage":"es","@id":"https:\/\/zapateneo.net\/wordpress\/#\/schema\/logo\/image\/","url":"https:\/\/zapateneo.net\/wordpress\/wp-content\/uploads\/2021\/04\/zap-libu-kolec.jpg","contentUrl":"https:\/\/zapateneo.net\/wordpress\/wp-content\/uploads\/2021\/04\/zap-libu-kolec.jpg","width":2234,"height":398,"caption":"Zapateneo Kultur Elkartea"},"image":{"@id":"https:\/\/zapateneo.net\/wordpress\/#\/schema\/logo\/image\/"},"sameAs":["https:\/\/x.com\/zapateneo"]}]}},"_links":{"self":[{"href":"https:\/\/zapateneo.net\/wordpress\/index.php\/wp-json\/wp\/v2\/product\/14782","targetHints":{"allow":["GET"]}}],"collection":[{"href":"https:\/\/zapateneo.net\/wordpress\/index.php\/wp-json\/wp\/v2\/product"}],"about":[{"href":"https:\/\/zapateneo.net\/wordpress\/index.php\/wp-json\/wp\/v2\/types\/product"}],"wp:featuredmedia":[{"embeddable":true,"href":"https:\/\/zapateneo.net\/wordpress\/index.php\/wp-json\/wp\/v2\/media\/14805"}],"wp:attachment":[{"href":"https:\/\/zapateneo.net\/wordpress\/index.php\/wp-json\/wp\/v2\/media?parent=14782"}],"wp:term":[{"taxonomy":"product_brand","embeddable":true,"href":"https:\/\/zapateneo.net\/wordpress\/index.php\/wp-json\/wp\/v2\/product_brand?post=14782"},{"taxonomy":"product_cat","embeddable":true,"href":"https:\/\/zapateneo.net\/wordpress\/index.php\/wp-json\/wp\/v2\/product_cat?post=14782"},{"taxonomy":"product_tag","embeddable":true,"href":"https:\/\/zapateneo.net\/wordpress\/index.php\/wp-json\/wp\/v2\/product_tag?post=14782"}],"curies":[{"name":"wp","href":"https:\/\/api.w.org\/{rel}","templated":true}]}}