{"id":14778,"date":"2023-09-20T16:57:21","date_gmt":"2023-09-20T15:57:21","guid":{"rendered":"https:\/\/zapateneo.net\/wordpress\/?post_type=product&#038;p=14778"},"modified":"2023-09-20T16:57:32","modified_gmt":"2023-09-20T15:57:32","slug":"textos-contra-el-trabajo-vol-i-el-derecho-a-la-pereza-elogio-de-la-ociosidad-apologia-de-los","status":"publish","type":"product","link":"https:\/\/zapateneo.net\/wordpress\/index.php\/producto\/textos-contra-el-trabajo-vol-i-el-derecho-a-la-pereza-elogio-de-la-ociosidad-apologia-de-los\/","title":{"rendered":"TEXTOS CONTRA EL TRABAJO (Vol. I) El derecho a la pereza | Elogio de la ociosidad | Apolog\u00eda de los"},"content":{"rendered":"<p>Primera entrega de esta colecci\u00f3n de textos cr\u00edticos contra el regimen de explotaci\u00f3n laboral, repartidos en tres vol\u00famenes, que re\u00fane algunos ya cl\u00e1sicos junto con otros menos conocidos, y pretende ser un compendio que nos ayude a reflexionar sobre lo mucho que nos cuesta trabajar, lo mucho que nos embrutece el trabajo, teniendo en cuenta que \u00abcada aumento de nuestra actividad en el presente sistema social no tiene otro resultado que un aumento de la explotaci\u00f3n en nuestro da\u00f1o\u00bb, en palabras de Severino di Giovanni.<\/p>\n<p>El derecho a la pereza, por Paul Lafargue<br \/>\nElogio de la ociosidad, por Bertrand Russell<br \/>\nApolog\u00eda de los ociosos, por Robert L. Stevenson<\/p>\n","protected":false},"excerpt":{"rendered":"<p><strong>Paul Lafargue, Bertrand Russell, Robert L. Stevenson<\/strong><br \/>\n202309170001 &#8211; Corazones blindados &#8211; 2023 &#8211; 120 p\u00e1ginas \/orri.<\/p>\n","protected":false},"featured_media":14801,"template":"","meta":[],"product_brand":[],"product_cat":[15],"product_tag":[6749,824,6748,6750],"class_list":{"0":"post-14778","1":"product","2":"type-product","3":"status-publish","4":"has-post-thumbnail","6":"product_cat-otros-bestelakoak","7":"product_tag-bertrand-russell","8":"product_tag-corazones-blindados","9":"product_tag-paul-lafargue","10":"product_tag-robert-l-stevenson","12":"first","13":"instock","14":"sold-individually","15":"shipping-taxable","16":"purchasable","17":"product-type-simple"},"yoast_head":"<!-- This site is optimized with the Yoast SEO plugin v27.3 - https:\/\/yoast.com\/product\/yoast-seo-wordpress\/ -->\n<title>TEXTOS CONTRA EL TRABAJO (Vol. I) El derecho a la pereza | Elogio de la ociosidad | Apolog\u00eda de los &#8212; Zapateneo<\/title>\n<meta name=\"robots\" content=\"index, follow, max-snippet:-1, max-image-preview:large, max-video-preview:-1\" \/>\n<link rel=\"canonical\" href=\"https:\/\/zapateneo.net\/wordpress\/index.php\/producto\/textos-contra-el-trabajo-vol-i-el-derecho-a-la-pereza-elogio-de-la-ociosidad-apologia-de-los\/\" \/>\n<meta property=\"og:locale\" content=\"es_ES\" \/>\n<meta property=\"og:type\" content=\"article\" \/>\n<meta property=\"og:title\" content=\"TEXTOS CONTRA EL TRABAJO (Vol. I) El derecho a la pereza | Elogio de la ociosidad | Apolog\u00eda de los &#8212; Zapateneo\" \/>\n<meta property=\"og:description\" content=\"Paul Lafargue, Bertrand Russell, Robert L. Stevenson 202309170001 - Corazones blindados - 2023 - 120 p\u00e1ginas \/orri.\" \/>\n<meta property=\"og:url\" content=\"https:\/\/zapateneo.net\/wordpress\/index.php\/producto\/textos-contra-el-trabajo-vol-i-el-derecho-a-la-pereza-elogio-de-la-ociosidad-apologia-de-los\/\" \/>\n<meta property=\"og:site_name\" content=\"Zapateneo\" \/>\n<meta property=\"article:modified_time\" content=\"2023-09-20T15:57:32+00:00\" \/>\n<meta name=\"twitter:card\" content=\"summary_large_image\" \/>\n<meta name=\"twitter:site\" content=\"@zapateneo\" \/>\n<meta name=\"twitter:label1\" content=\"Tiempo de lectura\" \/>\n\t<meta name=\"twitter:data1\" content=\"1 minuto\" \/>\n<script type=\"application\/ld+json\" class=\"yoast-schema-graph\">{\"@context\":\"https:\\\/\\\/schema.org\",\"@graph\":[{\"@type\":\"WebPage\",\"@id\":\"https:\\\/\\\/zapateneo.net\\\/wordpress\\\/index.php\\\/producto\\\/textos-contra-el-trabajo-vol-i-el-derecho-a-la-pereza-elogio-de-la-ociosidad-apologia-de-los\\\/\",\"url\":\"https:\\\/\\\/zapateneo.net\\\/wordpress\\\/index.php\\\/producto\\\/textos-contra-el-trabajo-vol-i-el-derecho-a-la-pereza-elogio-de-la-ociosidad-apologia-de-los\\\/\",\"name\":\"TEXTOS CONTRA EL TRABAJO (Vol. I) El derecho a la pereza | Elogio de la ociosidad | Apolog\u00eda de los &#8212; Zapateneo\",\"isPartOf\":{\"@id\":\"https:\\\/\\\/zapateneo.net\\\/wordpress\\\/#website\"},\"primaryImageOfPage\":{\"@id\":\"https:\\\/\\\/zapateneo.net\\\/wordpress\\\/index.php\\\/producto\\\/textos-contra-el-trabajo-vol-i-el-derecho-a-la-pereza-elogio-de-la-ociosidad-apologia-de-los\\\/#primaryimage\"},\"image\":{\"@id\":\"https:\\\/\\\/zapateneo.net\\\/wordpress\\\/index.php\\\/producto\\\/textos-contra-el-trabajo-vol-i-el-derecho-a-la-pereza-elogio-de-la-ociosidad-apologia-de-los\\\/#primaryimage\"},\"thumbnailUrl\":\"https:\\\/\\\/zapateneo.net\\\/wordpress\\\/wp-content\\\/uploads\\\/2023\\\/09\\\/textos-contra-el-trabajo-vol-1.jpg\",\"datePublished\":\"2023-09-20T15:57:21+00:00\",\"dateModified\":\"2023-09-20T15:57:32+00:00\",\"breadcrumb\":{\"@id\":\"https:\\\/\\\/zapateneo.net\\\/wordpress\\\/index.php\\\/producto\\\/textos-contra-el-trabajo-vol-i-el-derecho-a-la-pereza-elogio-de-la-ociosidad-apologia-de-los\\\/#breadcrumb\"},\"inLanguage\":\"es\",\"potentialAction\":[{\"@type\":\"ReadAction\",\"target\":[\"https:\\\/\\\/zapateneo.net\\\/wordpress\\\/index.php\\\/producto\\\/textos-contra-el-trabajo-vol-i-el-derecho-a-la-pereza-elogio-de-la-ociosidad-apologia-de-los\\\/\"]}]},{\"@type\":\"ImageObject\",\"inLanguage\":\"es\",\"@id\":\"https:\\\/\\\/zapateneo.net\\\/wordpress\\\/index.php\\\/producto\\\/textos-contra-el-trabajo-vol-i-el-derecho-a-la-pereza-elogio-de-la-ociosidad-apologia-de-los\\\/#primaryimage\",\"url\":\"https:\\\/\\\/zapateneo.net\\\/wordpress\\\/wp-content\\\/uploads\\\/2023\\\/09\\\/textos-contra-el-trabajo-vol-1.jpg\",\"contentUrl\":\"https:\\\/\\\/zapateneo.net\\\/wordpress\\\/wp-content\\\/uploads\\\/2023\\\/09\\\/textos-contra-el-trabajo-vol-1.jpg\",\"width\":280,\"height\":400},{\"@type\":\"BreadcrumbList\",\"@id\":\"https:\\\/\\\/zapateneo.net\\\/wordpress\\\/index.php\\\/producto\\\/textos-contra-el-trabajo-vol-i-el-derecho-a-la-pereza-elogio-de-la-ociosidad-apologia-de-los\\\/#breadcrumb\",\"itemListElement\":[{\"@type\":\"ListItem\",\"position\":1,\"name\":\"Portada\",\"item\":\"https:\\\/\\\/zapateneo.net\\\/wordpress\\\/\"},{\"@type\":\"ListItem\",\"position\":2,\"name\":\"Tienda\",\"item\":\"https:\\\/\\\/zapateneo.net\\\/wordpress\\\/\"},{\"@type\":\"ListItem\",\"position\":3,\"name\":\"TEXTOS CONTRA EL TRABAJO (Vol. I) El derecho a la pereza | Elogio de la ociosidad | Apolog\u00eda de los\"}]},{\"@type\":\"WebSite\",\"@id\":\"https:\\\/\\\/zapateneo.net\\\/wordpress\\\/#website\",\"url\":\"https:\\\/\\\/zapateneo.net\\\/wordpress\\\/\",\"name\":\"Zapateneo\",\"description\":\"Zapateneoaren webgunea\",\"publisher\":{\"@id\":\"https:\\\/\\\/zapateneo.net\\\/wordpress\\\/#organization\"},\"potentialAction\":[{\"@type\":\"SearchAction\",\"target\":{\"@type\":\"EntryPoint\",\"urlTemplate\":\"https:\\\/\\\/zapateneo.net\\\/wordpress\\\/?s={search_term_string}\"},\"query-input\":{\"@type\":\"PropertyValueSpecification\",\"valueRequired\":true,\"valueName\":\"search_term_string\"}}],\"inLanguage\":\"es\"},{\"@type\":\"Organization\",\"@id\":\"https:\\\/\\\/zapateneo.net\\\/wordpress\\\/#organization\",\"name\":\"Zapateneo Kultur Elkartea\",\"url\":\"https:\\\/\\\/zapateneo.net\\\/wordpress\\\/\",\"logo\":{\"@type\":\"ImageObject\",\"inLanguage\":\"es\",\"@id\":\"https:\\\/\\\/zapateneo.net\\\/wordpress\\\/#\\\/schema\\\/logo\\\/image\\\/\",\"url\":\"https:\\\/\\\/zapateneo.net\\\/wordpress\\\/wp-content\\\/uploads\\\/2021\\\/04\\\/zap-libu-kolec.jpg\",\"contentUrl\":\"https:\\\/\\\/zapateneo.net\\\/wordpress\\\/wp-content\\\/uploads\\\/2021\\\/04\\\/zap-libu-kolec.jpg\",\"width\":2234,\"height\":398,\"caption\":\"Zapateneo Kultur Elkartea\"},\"image\":{\"@id\":\"https:\\\/\\\/zapateneo.net\\\/wordpress\\\/#\\\/schema\\\/logo\\\/image\\\/\"},\"sameAs\":[\"https:\\\/\\\/x.com\\\/zapateneo\"]}]}<\/script>\n<!-- \/ Yoast SEO plugin. -->","yoast_head_json":{"title":"TEXTOS CONTRA EL TRABAJO (Vol. I) El derecho a la pereza | Elogio de la ociosidad | Apolog\u00eda de los &#8212; Zapateneo","robots":{"index":"index","follow":"follow","max-snippet":"max-snippet:-1","max-image-preview":"max-image-preview:large","max-video-preview":"max-video-preview:-1"},"canonical":"https:\/\/zapateneo.net\/wordpress\/index.php\/producto\/textos-contra-el-trabajo-vol-i-el-derecho-a-la-pereza-elogio-de-la-ociosidad-apologia-de-los\/","og_locale":"es_ES","og_type":"article","og_title":"TEXTOS CONTRA EL TRABAJO (Vol. I) El derecho a la pereza | Elogio de la ociosidad | Apolog\u00eda de los &#8212; Zapateneo","og_description":"Paul Lafargue, Bertrand Russell, Robert L. Stevenson 202309170001 - Corazones blindados - 2023 - 120 p\u00e1ginas \/orri.","og_url":"https:\/\/zapateneo.net\/wordpress\/index.php\/producto\/textos-contra-el-trabajo-vol-i-el-derecho-a-la-pereza-elogio-de-la-ociosidad-apologia-de-los\/","og_site_name":"Zapateneo","article_modified_time":"2023-09-20T15:57:32+00:00","twitter_card":"summary_large_image","twitter_site":"@zapateneo","twitter_misc":{"Tiempo de lectura":"1 minuto"},"schema":{"@context":"https:\/\/schema.org","@graph":[{"@type":"WebPage","@id":"https:\/\/zapateneo.net\/wordpress\/index.php\/producto\/textos-contra-el-trabajo-vol-i-el-derecho-a-la-pereza-elogio-de-la-ociosidad-apologia-de-los\/","url":"https:\/\/zapateneo.net\/wordpress\/index.php\/producto\/textos-contra-el-trabajo-vol-i-el-derecho-a-la-pereza-elogio-de-la-ociosidad-apologia-de-los\/","name":"TEXTOS CONTRA EL TRABAJO (Vol. I) El derecho a la pereza | Elogio de la ociosidad | Apolog\u00eda de los &#8212; Zapateneo","isPartOf":{"@id":"https:\/\/zapateneo.net\/wordpress\/#website"},"primaryImageOfPage":{"@id":"https:\/\/zapateneo.net\/wordpress\/index.php\/producto\/textos-contra-el-trabajo-vol-i-el-derecho-a-la-pereza-elogio-de-la-ociosidad-apologia-de-los\/#primaryimage"},"image":{"@id":"https:\/\/zapateneo.net\/wordpress\/index.php\/producto\/textos-contra-el-trabajo-vol-i-el-derecho-a-la-pereza-elogio-de-la-ociosidad-apologia-de-los\/#primaryimage"},"thumbnailUrl":"https:\/\/zapateneo.net\/wordpress\/wp-content\/uploads\/2023\/09\/textos-contra-el-trabajo-vol-1.jpg","datePublished":"2023-09-20T15:57:21+00:00","dateModified":"2023-09-20T15:57:32+00:00","breadcrumb":{"@id":"https:\/\/zapateneo.net\/wordpress\/index.php\/producto\/textos-contra-el-trabajo-vol-i-el-derecho-a-la-pereza-elogio-de-la-ociosidad-apologia-de-los\/#breadcrumb"},"inLanguage":"es","potentialAction":[{"@type":"ReadAction","target":["https:\/\/zapateneo.net\/wordpress\/index.php\/producto\/textos-contra-el-trabajo-vol-i-el-derecho-a-la-pereza-elogio-de-la-ociosidad-apologia-de-los\/"]}]},{"@type":"ImageObject","inLanguage":"es","@id":"https:\/\/zapateneo.net\/wordpress\/index.php\/producto\/textos-contra-el-trabajo-vol-i-el-derecho-a-la-pereza-elogio-de-la-ociosidad-apologia-de-los\/#primaryimage","url":"https:\/\/zapateneo.net\/wordpress\/wp-content\/uploads\/2023\/09\/textos-contra-el-trabajo-vol-1.jpg","contentUrl":"https:\/\/zapateneo.net\/wordpress\/wp-content\/uploads\/2023\/09\/textos-contra-el-trabajo-vol-1.jpg","width":280,"height":400},{"@type":"BreadcrumbList","@id":"https:\/\/zapateneo.net\/wordpress\/index.php\/producto\/textos-contra-el-trabajo-vol-i-el-derecho-a-la-pereza-elogio-de-la-ociosidad-apologia-de-los\/#breadcrumb","itemListElement":[{"@type":"ListItem","position":1,"name":"Portada","item":"https:\/\/zapateneo.net\/wordpress\/"},{"@type":"ListItem","position":2,"name":"Tienda","item":"https:\/\/zapateneo.net\/wordpress\/"},{"@type":"ListItem","position":3,"name":"TEXTOS CONTRA EL TRABAJO (Vol. I) El derecho a la pereza | Elogio de la ociosidad | Apolog\u00eda de los"}]},{"@type":"WebSite","@id":"https:\/\/zapateneo.net\/wordpress\/#website","url":"https:\/\/zapateneo.net\/wordpress\/","name":"Zapateneo","description":"Zapateneoaren webgunea","publisher":{"@id":"https:\/\/zapateneo.net\/wordpress\/#organization"},"potentialAction":[{"@type":"SearchAction","target":{"@type":"EntryPoint","urlTemplate":"https:\/\/zapateneo.net\/wordpress\/?s={search_term_string}"},"query-input":{"@type":"PropertyValueSpecification","valueRequired":true,"valueName":"search_term_string"}}],"inLanguage":"es"},{"@type":"Organization","@id":"https:\/\/zapateneo.net\/wordpress\/#organization","name":"Zapateneo Kultur Elkartea","url":"https:\/\/zapateneo.net\/wordpress\/","logo":{"@type":"ImageObject","inLanguage":"es","@id":"https:\/\/zapateneo.net\/wordpress\/#\/schema\/logo\/image\/","url":"https:\/\/zapateneo.net\/wordpress\/wp-content\/uploads\/2021\/04\/zap-libu-kolec.jpg","contentUrl":"https:\/\/zapateneo.net\/wordpress\/wp-content\/uploads\/2021\/04\/zap-libu-kolec.jpg","width":2234,"height":398,"caption":"Zapateneo Kultur Elkartea"},"image":{"@id":"https:\/\/zapateneo.net\/wordpress\/#\/schema\/logo\/image\/"},"sameAs":["https:\/\/x.com\/zapateneo"]}]}},"_links":{"self":[{"href":"https:\/\/zapateneo.net\/wordpress\/index.php\/wp-json\/wp\/v2\/product\/14778","targetHints":{"allow":["GET"]}}],"collection":[{"href":"https:\/\/zapateneo.net\/wordpress\/index.php\/wp-json\/wp\/v2\/product"}],"about":[{"href":"https:\/\/zapateneo.net\/wordpress\/index.php\/wp-json\/wp\/v2\/types\/product"}],"wp:featuredmedia":[{"embeddable":true,"href":"https:\/\/zapateneo.net\/wordpress\/index.php\/wp-json\/wp\/v2\/media\/14801"}],"wp:attachment":[{"href":"https:\/\/zapateneo.net\/wordpress\/index.php\/wp-json\/wp\/v2\/media?parent=14778"}],"wp:term":[{"taxonomy":"product_brand","embeddable":true,"href":"https:\/\/zapateneo.net\/wordpress\/index.php\/wp-json\/wp\/v2\/product_brand?post=14778"},{"taxonomy":"product_cat","embeddable":true,"href":"https:\/\/zapateneo.net\/wordpress\/index.php\/wp-json\/wp\/v2\/product_cat?post=14778"},{"taxonomy":"product_tag","embeddable":true,"href":"https:\/\/zapateneo.net\/wordpress\/index.php\/wp-json\/wp\/v2\/product_tag?post=14778"}],"curies":[{"name":"wp","href":"https:\/\/api.w.org\/{rel}","templated":true}]}}